{"id":339,"date":"2019-05-28T12:20:06","date_gmt":"2019-05-28T10:20:06","guid":{"rendered":"http:\/\/grupo.us.es\/derematerialia\/estructuras-cristalinas\/?page_id=339"},"modified":"2019-11-20T13:25:18","modified_gmt":"2019-11-20T12:25:18","slug":"estructura-cristalina-2","status":"publish","type":"page","link":"https:\/\/grupo.us.es\/derematerialia\/estructuras-cristalinas\/estructura-cristalina-2\/","title":{"rendered":"Estructura cristalina"},"content":{"rendered":"<p style=\"text-align: justify;\">Los\u00a0<strong>nudos<\/strong>\u00a0de las distintas celdillas, se\u00f1alados por bolitas negras en las figuras de las\u00a0<a href=\"http:\/\/grupo.us.es\/derematerialia\/estructuras-cristalinas\/redes-de-bravais\/\">redes de Bravais<\/a>, son todos equivalentes y\u00a0<strong>no est\u00e1n ocupados necesariamente por un \u00fanico \u00e1tomo<\/strong>. En determinados materiales cada nudo puede tener asociado una mol\u00e9cula, un grupo de \u00e1tomos, o incluso, un grupo de mol\u00e9culas. Esto es particularmente frecuente en el caso de materiales cer\u00e1micos y polim\u00e9ricos.<\/p>\n\n<p style=\"text-align: justify;\">Al \u00e1tomo, mol\u00e9cula o grupo de \u00e1tomos o de mol\u00e9culas que se debe asociar a cada nudo de la red para reproducir todo el cristal se lo denomina\u00a0<strong><em>base<\/em>\u00a0o\u00a0<em>motivo<\/em><\/strong>. As\u00ed pues, una\u00a0<strong>estructura cristalina real<\/strong>\u00a0\u2014un cristal\u2014 se construye colocando una\u00a0<em>base\u00a0<\/em>en cada una de las posiciones marcadas por la red de Bravais correspondiente (o sea en sus nudos). Es decir, los t\u00e9rminos \u00abred\u00bb y \u00abestructura\u00bb no son sin\u00f3nimos y no deber\u00edan confundirse, aunque es relativamente frecuente verlos empleados de modo incorrecto. Esquem\u00e1ticamente, podemos resumir esta idea diciendo que\u00a0<strong><em>estructura<\/em>\u00a0<em>cristalina\u00a0=\u00a0red\u00a0espacial\u00a0+\u00a0base<\/em><\/strong>.<\/p>\n\n\n<table>\n<tbody>\n<tr>\n<td><a href=\"\/estructurascristalinas\/2-4_1_estructura_cristalina.html\"><img decoding=\"async\" src=\"http:\/\/grupo.us.es\/derematerialia\/estructuras-cristalinas\/wp-content\/uploads\/sites\/4\/2019\/11\/estructura_cristalina_1.png\" alt=\"\" \/><\/a><\/td>\n<td><a href=\"\/estructurascristalinas\/2-4_2_estructura_cristalina.html\"><img decoding=\"async\" src=\"http:\/\/grupo.us.es\/derematerialia\/estructuras-cristalinas\/wp-content\/uploads\/sites\/4\/2019\/11\/estructura_cristalina_2.png\" alt=\"\" \/><\/a><\/td>\n<td><a href=\"\/estructurascristalinas\/2-4_3_estructura_cristalina.html\"><img decoding=\"async\" src=\"http:\/\/grupo.us.es\/derematerialia\/estructuras-cristalinas\/wp-content\/uploads\/sites\/4\/2019\/11\/estructura_cristalina_3.png\" alt=\"\" \/><\/a><\/td>\n<\/tr>\n<tr>\n<td class=\"pie_img\" colspan=\"3\">Nota:<\/strong> (Pulse en las im\u00e1genes para ver los modelos a pantalla completa)<td>\n<\/tr>\n<\/tbody>\n<\/table>\n\n\n<p style=\"text-align: justify;\">Los conceptos de red espacial, base y estructura cristalina, particularizados para una estructura c\u00fabica simple tomada como ejemplo.<\/p>","protected":false},"excerpt":{"rendered":"<p>Los\u00a0nudos\u00a0de las distintas celdillas, se\u00f1alados por bolitas negras en las figuras de las\u00a0redes de Bravais, son todos equivalentes y\u00a0no est\u00e1n ocupados necesariamente por un \u00fanico \u00e1tomo. En determinados materiales cada nudo puede tener asociado una mol\u00e9cula, un grupo de \u00e1tomos, o incluso, un grupo de mol\u00e9culas. Esto es particularmente frecuente en el caso de materiales [&hellip;]<\/p>\n","protected":false},"author":1,"featured_media":0,"parent":0,"menu_order":0,"comment_status":"closed","ping_status":"closed","template":"","meta":{"ngg_post_thumbnail":0,"footnotes":"","_mc_calendar":[]},"_links":{"self":[{"href":"https:\/\/grupo.us.es\/derematerialia\/estructuras-cristalinas\/wp-json\/wp\/v2\/pages\/339"}],"collection":[{"href":"https:\/\/grupo.us.es\/derematerialia\/estructuras-cristalinas\/wp-json\/wp\/v2\/pages"}],"about":[{"href":"https:\/\/grupo.us.es\/derematerialia\/estructuras-cristalinas\/wp-json\/wp\/v2\/types\/page"}],"author":[{"embeddable":true,"href":"https:\/\/grupo.us.es\/derematerialia\/estructuras-cristalinas\/wp-json\/wp\/v2\/users\/1"}],"replies":[{"embeddable":true,"href":"https:\/\/grupo.us.es\/derematerialia\/estructuras-cristalinas\/wp-json\/wp\/v2\/comments?post=339"}],"version-history":[{"count":46,"href":"https:\/\/grupo.us.es\/derematerialia\/estructuras-cristalinas\/wp-json\/wp\/v2\/pages\/339\/revisions"}],"predecessor-version":[{"id":1623,"href":"https:\/\/grupo.us.es\/derematerialia\/estructuras-cristalinas\/wp-json\/wp\/v2\/pages\/339\/revisions\/1623"}],"wp:attachment":[{"href":"https:\/\/grupo.us.es\/derematerialia\/estructuras-cristalinas\/wp-json\/wp\/v2\/media?parent=339"}],"curies":[{"name":"wp","href":"https:\/\/api.w.org\/{rel}","templated":true}]}}