{"id":330,"date":"2019-05-28T11:55:02","date_gmt":"2019-05-28T09:55:02","guid":{"rendered":"http:\/\/grupo.us.es\/derematerialia\/estructuras-cristalinas\/?page_id=330"},"modified":"2019-12-04T12:01:54","modified_gmt":"2019-12-04T11:01:54","slug":"celdilla","status":"publish","type":"page","link":"https:\/\/grupo.us.es\/derematerialia\/estructuras-cristalinas\/celdilla\/","title":{"rendered":"Celdilla"},"content":{"rendered":"\n<p style=\"text-align: justify;\">Demos un paso hacia la abstracci\u00f3n. Si los cristales pueden considerarse como el resultado de la repetici\u00f3n de bloques de \u00e1tomos estructuralmente id\u00e9nticos, cabe pensar que muchos de ellos seguir\u00e1n un patr\u00f3n que s\u00f3lo difiere en la naturaleza de los propios \u00e1tomos, pero no en el orden concreto con que \u00e9stos se disponen. Podr\u00eda decirse de estos cristales constituidos por \u00e1tomos diferentes que tienen, no obstante, un orden subyacente com\u00fan, del que pueden derivarse propiedades tambi\u00e9n comunes. Descubrir estas semejanzas es, obviamente, sumamente interesante, y a ello han dedicado grandes esfuerzos los cristal\u00f3grafos.<\/p>\n\n\n\n<p style=\"text-align: justify;\">Si mentalmente quit\u00e1ramos, uno a uno, los \u00e1tomos de un cristal, y marc\u00e1semos con un punto el lugar que \u00e9stos ocupaban, el resultado ser\u00eda una distribuci\u00f3n peri\u00f3dica de puntos en el espacio que se denomina&nbsp;<strong><em>red espacial<\/em><\/strong>. Cualquier fragmento de esta red que, por traslaci\u00f3n en las tres direcciones del espacio, permita reproducir la red completa se denomina&nbsp;<strong><em>celdilla unidad<\/em><\/strong>(o&nbsp;<em>celdilla elemental<\/em>). La figura ilustra una red espacial y una celdilla unidad.<\/p>\n\n\n\n<center>\n<p><iframe loading=\"lazy\" src=\"http:\/\/grupo.us.es\/derematerialia\/estructurascristalinas\/2-1_1_Celdilla.html\" width=\"600\" height=\"400\"><\/iframe><center>Red espacial y una de sus posibles celdillas unidad.<br><a href=\"http:\/\/grupo.us.es\/derematerialia\/estructurascristalinas\/2-1_1_Celdilla.html\">Enlace para ver a pantalla completa<\/a><\/p>\n<\/center>\n\n\n\n<p style=\"text-align: justify;\">Las longitudes de las aristas de la celdilla se designan, habitualmente, por las letras\u00a0<em>a<\/em>,\u00a0<em>b<\/em>\u00a0y\u00a0<em>c<\/em>, y se denominan\u00a0<strong><em>longitudes axiales<\/em><\/strong>. Los \u00e1ngulos que forman las caras entre s\u00ed se designan por\u00a0<em>a<\/em>,\u00a0<em>b<\/em>\u00a0y\u00a0<em>g<\/em>, y se denominan\u00a0<strong><em>\u00e1ngulos interaxiales<\/em><\/strong>. Estos 6 valores (3 longitudes y 3 \u00e1ngulos) son conocidos globalmente como\u00a0<strong><em>par\u00e1metros reticulares<\/em>\u00a0o\u00a0<em>cristalinos<\/em><\/strong>. Se representan, a continuaci\u00f3n, dos celdillas elementales con sus respectivos par\u00e1metros.<\/p>\n<p>Celdillas unidad y par\u00e1metros reticulares.<\/p>\n\n\n\n<center>\n<p><iframe loading=\"lazy\" src=\"http:\/\/grupo.us.es\/derematerialia\/estructurascristalinas\/2-1_2_Celdilla.html\" width=\"600\" height=\"400\"><\/iframe><center>Celdilla gen\u00e9rica<br> <a href=\"http:\/\/grupo.us.es\/derematerialia\/estructurascristalinas\/2-1_2_Celdilla.html\">enlace para ver a pantalla completa<\/a><\/p>\n<\/center><p><\/P>\n\n\n<center>\n<p><iframe loading=\"lazy\" src=\"http:\/\/grupo.us.es\/derematerialia\/estructurascristalinas\/2-1_3_Celdilla.html\" width=\"600\" height=\"400\"><\/iframe><center>Celdilla c\u00fabica<br><a href=\"http:\/\/grupo.us.es\/derematerialia\/estructurascristalinas\/2-1_3_Celdilla.html\">enlace para ver a pantalla completa<\/a><\/p>\n<\/center><p><\/P>\n","protected":false},"excerpt":{"rendered":"<p>Demos un paso hacia la abstracci\u00f3n. Si los cristales pueden considerarse como el resultado de la repetici\u00f3n de bloques de \u00e1tomos estructuralmente id\u00e9nticos, cabe pensar que muchos de ellos seguir\u00e1n un patr\u00f3n que s\u00f3lo difiere en la naturaleza de los propios \u00e1tomos, pero no en el orden concreto con que \u00e9stos se disponen. Podr\u00eda decirse [&hellip;]<\/p>\n","protected":false},"author":1,"featured_media":0,"parent":0,"menu_order":0,"comment_status":"closed","ping_status":"closed","template":"","meta":{"ngg_post_thumbnail":0,"footnotes":"","_mc_calendar":[]},"_links":{"self":[{"href":"https:\/\/grupo.us.es\/derematerialia\/estructuras-cristalinas\/wp-json\/wp\/v2\/pages\/330"}],"collection":[{"href":"https:\/\/grupo.us.es\/derematerialia\/estructuras-cristalinas\/wp-json\/wp\/v2\/pages"}],"about":[{"href":"https:\/\/grupo.us.es\/derematerialia\/estructuras-cristalinas\/wp-json\/wp\/v2\/types\/page"}],"author":[{"embeddable":true,"href":"https:\/\/grupo.us.es\/derematerialia\/estructuras-cristalinas\/wp-json\/wp\/v2\/users\/1"}],"replies":[{"embeddable":true,"href":"https:\/\/grupo.us.es\/derematerialia\/estructuras-cristalinas\/wp-json\/wp\/v2\/comments?post=330"}],"version-history":[{"count":21,"href":"https:\/\/grupo.us.es\/derematerialia\/estructuras-cristalinas\/wp-json\/wp\/v2\/pages\/330\/revisions"}],"predecessor-version":[{"id":1619,"href":"https:\/\/grupo.us.es\/derematerialia\/estructuras-cristalinas\/wp-json\/wp\/v2\/pages\/330\/revisions\/1619"}],"wp:attachment":[{"href":"https:\/\/grupo.us.es\/derematerialia\/estructuras-cristalinas\/wp-json\/wp\/v2\/media?parent=330"}],"curies":[{"name":"wp","href":"https:\/\/api.w.org\/{rel}","templated":true}]}}