{"id":323,"date":"2019-05-28T11:22:48","date_gmt":"2019-05-28T09:22:48","guid":{"rendered":"http:\/\/grupo.us.es\/derematerialia\/estructuras-cristalinas\/?page_id=323"},"modified":"2019-08-23T12:21:57","modified_gmt":"2019-08-23T10:21:57","slug":"enlaces-y-tipos-de-materiales","status":"publish","type":"page","link":"https:\/\/grupo.us.es\/derematerialia\/estructuras-cristalinas\/enlaces-y-tipos-de-materiales\/","title":{"rendered":"Enlaces y tipos de materiales"},"content":{"rendered":"\n<p style=\"text-align: justify;\">No existe una correspondencia exacta entre los diversos tipos de enlaces (i\u00f3nicos, covalentes, met\u00e1licos y secundarios) y las familias de materiales (met\u00e1licos, cer\u00e1micos, polim\u00e9ricos y moleculares). La siguiente figura ilustra esta cuesti\u00f3n.<\/p>\n\n\n\n<div class=\"wp-block-image\"><figure class=\"aligncenter\"><img loading=\"lazy\" decoding=\"async\" width=\"375\" height=\"284\" src=\"http:\/\/grupo.us.es\/derematerialia\/estructuras-cristalinas\/wp-content\/uploads\/sites\/4\/2019\/05\/enlaces_y_tipos_de_materiales_clip_image002.jpg\" alt=\"Enlaces y tipos de materiales\" class=\"wp-image-27\" srcset=\"https:\/\/grupo.us.es\/derematerialia\/estructuras-cristalinas\/wp-content\/uploads\/sites\/4\/2019\/05\/enlaces_y_tipos_de_materiales_clip_image002.jpg 375w, https:\/\/grupo.us.es\/derematerialia\/estructuras-cristalinas\/wp-content\/uploads\/sites\/4\/2019\/05\/enlaces_y_tipos_de_materiales_clip_image002-300x227.jpg 300w\" sizes=\"(max-width: 375px) 100vw, 375px\" \/><figcaption>Enlaces y tipos de materiales<\/figcaption><\/figure><\/div>\n\n\n\n<ul style=\"list-style-type: disc;\">\n<li style=\"text-align: justify;\">Los\u00a0<strong>materiales met\u00e1licos<\/strong>\u00a0poseen, obviamente, enlace met\u00e1lico.<\/li>\n<li style=\"text-align: justify;\">La situaci\u00f3n es algo m\u00e1s complicada para los\u00a0<strong>materiales cer\u00e1micos<\/strong>. Bajo el nombre de cer\u00e1micos pueden incluirse:\n<ul style=\"list-style-type: circle;\">\n<li style=\"text-align: justify;\">S\u00f3lidos que tienen un enlace completamente covalente (como es el caso del diamante y del silicio).<\/li>\n<li style=\"text-align: justify;\">S\u00f3lidos que poseen un enlace completamente i\u00f3nico (como el NaCl).<\/li>\n<li style=\"text-align: justify;\">S\u00f3lidos con todas las gradaciones posibles entre enlace i\u00f3nico y covalente.<\/li>\n<li style=\"text-align: justify;\">Adem\u00e1s, existen tambi\u00e9n materiales cer\u00e1micos, como el grupo de los silicatos, en los que conviven enlaces claramente i\u00f3nicos con otros manifiestamente covalentes. Se habla, en este caso, de materiales con\u00a0<em>enlace mixto<\/em>.<\/li>\n<\/ul>\n<\/li>\n<li style=\"text-align: justify;\">En los\u00a0<strong>materiales moleculares<\/strong>\u00a0intervienen tanto enlaces covalentes, como fuerzas secundarias.<\/li>\n<li style=\"text-align: justify;\">En algunos\u00a0<strong>materiales polim\u00e9ricos<\/strong>\u00a0la situaci\u00f3n es similar a la que sucede en los materiales moleculares. Sin embargo, otros materiales polim\u00e9ricos forman ret\u00edculos en donde el enlace es totalmente covalente.<\/li>\n<\/ul>\n","protected":false},"excerpt":{"rendered":"<p>No existe una correspondencia exacta entre los diversos tipos de enlaces (i\u00f3nicos, covalentes, met\u00e1licos y secundarios) y las familias de materiales (met\u00e1licos, cer\u00e1micos, polim\u00e9ricos y moleculares). La siguiente figura ilustra esta cuesti\u00f3n. Los\u00a0materiales met\u00e1licos\u00a0poseen, obviamente, enlace met\u00e1lico. La situaci\u00f3n es algo m\u00e1s complicada para los\u00a0materiales cer\u00e1micos. Bajo el nombre de cer\u00e1micos pueden incluirse: S\u00f3lidos que [&hellip;]<\/p>\n","protected":false},"author":1,"featured_media":0,"parent":0,"menu_order":0,"comment_status":"closed","ping_status":"closed","template":"","meta":{"ngg_post_thumbnail":0,"footnotes":"","_mc_calendar":[]},"_links":{"self":[{"href":"https:\/\/grupo.us.es\/derematerialia\/estructuras-cristalinas\/wp-json\/wp\/v2\/pages\/323"}],"collection":[{"href":"https:\/\/grupo.us.es\/derematerialia\/estructuras-cristalinas\/wp-json\/wp\/v2\/pages"}],"about":[{"href":"https:\/\/grupo.us.es\/derematerialia\/estructuras-cristalinas\/wp-json\/wp\/v2\/types\/page"}],"author":[{"embeddable":true,"href":"https:\/\/grupo.us.es\/derematerialia\/estructuras-cristalinas\/wp-json\/wp\/v2\/users\/1"}],"replies":[{"embeddable":true,"href":"https:\/\/grupo.us.es\/derematerialia\/estructuras-cristalinas\/wp-json\/wp\/v2\/comments?post=323"}],"version-history":[{"count":4,"href":"https:\/\/grupo.us.es\/derematerialia\/estructuras-cristalinas\/wp-json\/wp\/v2\/pages\/323\/revisions"}],"predecessor-version":[{"id":1047,"href":"https:\/\/grupo.us.es\/derematerialia\/estructuras-cristalinas\/wp-json\/wp\/v2\/pages\/323\/revisions\/1047"}],"wp:attachment":[{"href":"https:\/\/grupo.us.es\/derematerialia\/estructuras-cristalinas\/wp-json\/wp\/v2\/media?parent=323"}],"curies":[{"name":"wp","href":"https:\/\/api.w.org\/{rel}","templated":true}]}}