{"id":22,"date":"2019-05-28T07:56:40","date_gmt":"2019-05-28T05:56:40","guid":{"rendered":"http:\/\/grupo.us.es\/derematerialia\/estructuras-cristalinas\/?page_id=22"},"modified":"2019-11-20T12:55:01","modified_gmt":"2019-11-20T11:55:01","slug":"conceptos-previos","status":"publish","type":"page","link":"https:\/\/grupo.us.es\/derematerialia\/estructuras-cristalinas\/","title":{"rendered":"Estructuras Cristalinas"},"content":{"rendered":"<p style=\"text-align: justify;\">L\u00f3gicamente, la naturaleza de los \u00e1tomos que constituyen un material condiciona buena parte de sus propiedades. Al hablar de la naturaleza de los \u00e1tomos no s\u00f3lo nos referimos a cualidades como su masa o su volumen, sino tambi\u00e9n, y muy especialmente, al modo con que dichos \u00e1tomos se agregan y se enlazan unos con otros.<\/p>\n\n<p style=\"text-align: justify;\">Sin embargo, \u00e9sta no puede ser la \u00fanica raz\u00f3n, ya que materiales qu\u00edmicamente id\u00e9nticos en composici\u00f3n, como el grafito y el diamante, exhiben propiedades radicalmente diferentes. El grafito es blando y negro, con cierto brillo met\u00e1lico, el diamante, en cambio, es extraordinariamente duro y transparente. No obstante, tanto el grafito como el diamante est\u00e1n compuestos tan s\u00f3lo por \u00e1tomos de carbono. Las extraordinarias diferencias entre ellos se deben \u00fanicamente a la forma en que sus \u00e1tomos est\u00e1n dispuestos.<\/p>\n\n\n<table>\n<tbody>\n<tr>\n<td style=\"width: 50%;\"><img decoding=\"async\" src=\"http:\/\/grupo.us.es\/derematerialia\/estructuras-cristalinas\/wp-content\/uploads\/sites\/4\/2019\/05\/Grafito.jpg\" alt=\"Grafito\"><\/td>\n<td style=\"width: 50%; background: rgba(255, 255, 2555, 0.0);\"><img decoding=\"async\" src=\"http:\/\/grupo.us.es\/derematerialia\/estructuras-cristalinas\/wp-content\/uploads\/sites\/4\/2019\/05\/Diamantes.jpg\" alt=\"Diamantes\"><\/td>\n<\/tr>\n<tr>\n<td class=\"pie_img\">Grafito<\/td>\n<td class=\"pie_img\"><em>Diamantes<\/em><\/td>\n<\/tr>\n<\/tbody>\n<\/table>\n\n\n<p style=\"text-align: justify;\">En relaci\u00f3n con los materiales, la primera pregunta que debi\u00e9ramos plantearnos es doble:\u00a0<em>\u00bfpor qu\u00e9 los \u00e1tomos tienden a agruparse, y de qu\u00e9 modo lo hacen?<\/em>\u00a0Afortunadamente, conocemos la respuesta:\u00a0<strong><em>los \u00e1tomos se unen y se disponen de modo que la situaci\u00f3n final sea la m\u00e1s estable posible<\/em><\/strong><em>.\u00a0<\/em>La tendencia hacia la m\u00e1xima estabilidad es un principio absolutamente general de la Naturaleza, y es el resultado del compromiso entre dos directrices termodin\u00e1micas netamente diferentes: la de tener la menor energ\u00eda, medida a trav\u00e9s de la\u00a0<em>entalp\u00eda<\/em>\u00a0(<em>H<\/em>), y la de alcanzar el m\u00e1ximo desorden, esto es, la m\u00e1xima\u00a0<em>entrop\u00eda<\/em>\u00a0(<em>S<\/em>). La variable termodin\u00e1mica que mejor re\u00fane estos dos aspectos es la denominada\u00a0<em>energ\u00eda libre<\/em>\u00a0o\u00a0<em>de Gibbs<\/em>\u00a0(<em>G<\/em>), que se define como\u00a0<em>G=H-TS<\/em><\/p>\n\n<p style=\"text-align: justify;\">As\u00ed pues, cuando los \u00e1tomos de la materia no se est\u00e1n moviendo mucho de un lado para otro, se re\u00fanen siguiendo la configuraci\u00f3n con la energ\u00eda libre m\u00e1s baja posible. \u00c9sta es la raz\u00f3n por la que muchos materiales poseen en su interior un ordenamiento repetitivo y casi matem\u00e1tico de sus \u00e1tomos. Los materiales que gozan de esta organizaci\u00f3n interna se denominan\u00a0<strong><em>cristales<\/em>\u00a0o\u00a0<em>materiales cristalinos<\/em><\/strong>. Los que no la poseen son conocidos como\u00a0<strong><em>materiales no cristalinos<\/em>\u00a0o\u00a0<em>amorfos<\/em><\/strong>.<\/p>","protected":false},"excerpt":{"rendered":"<p>L\u00f3gicamente, la naturaleza de los \u00e1tomos que constituyen un material condiciona buena parte de sus propiedades. Al hablar de la naturaleza de los \u00e1tomos no s\u00f3lo nos referimos a cualidades como su masa o su volumen, sino tambi\u00e9n, y muy especialmente, al modo con que dichos \u00e1tomos se agregan y se enlazan unos con otros. [&hellip;]<\/p>\n","protected":false},"author":1,"featured_media":0,"parent":0,"menu_order":0,"comment_status":"closed","ping_status":"closed","template":"","meta":{"ngg_post_thumbnail":0,"footnotes":"","_mc_calendar":[]},"_links":{"self":[{"href":"https:\/\/grupo.us.es\/derematerialia\/estructuras-cristalinas\/wp-json\/wp\/v2\/pages\/22"}],"collection":[{"href":"https:\/\/grupo.us.es\/derematerialia\/estructuras-cristalinas\/wp-json\/wp\/v2\/pages"}],"about":[{"href":"https:\/\/grupo.us.es\/derematerialia\/estructuras-cristalinas\/wp-json\/wp\/v2\/types\/page"}],"author":[{"embeddable":true,"href":"https:\/\/grupo.us.es\/derematerialia\/estructuras-cristalinas\/wp-json\/wp\/v2\/users\/1"}],"replies":[{"embeddable":true,"href":"https:\/\/grupo.us.es\/derematerialia\/estructuras-cristalinas\/wp-json\/wp\/v2\/comments?post=22"}],"version-history":[{"count":19,"href":"https:\/\/grupo.us.es\/derematerialia\/estructuras-cristalinas\/wp-json\/wp\/v2\/pages\/22\/revisions"}],"predecessor-version":[{"id":1856,"href":"https:\/\/grupo.us.es\/derematerialia\/estructuras-cristalinas\/wp-json\/wp\/v2\/pages\/22\/revisions\/1856"}],"wp:attachment":[{"href":"https:\/\/grupo.us.es\/derematerialia\/estructuras-cristalinas\/wp-json\/wp\/v2\/media?parent=22"}],"curies":[{"name":"wp","href":"https:\/\/api.w.org\/{rel}","templated":true}]}}