{"id":1040,"date":"2019-08-23T11:50:54","date_gmt":"2019-08-23T09:50:54","guid":{"rendered":"http:\/\/grupo.us.es\/derematerialia\/estructuras-cristalinas\/?page_id=1040"},"modified":"2019-08-23T11:50:54","modified_gmt":"2019-08-23T09:50:54","slug":"semicristalinidad","status":"publish","type":"page","link":"https:\/\/grupo.us.es\/derematerialia\/estructuras-cristalinas\/semicristalinidad\/","title":{"rendered":"Semicristalinidad"},"content":{"rendered":"\n<p style=\"text-align: justify;\">Otra consecuencia importante del enredo molecular presente en los termopl\u00e1sticos es su naturaleza amorfa, es decir, no cristalina: la disposici\u00f3n espacial de las cadenas, desordenada al azar, hace dif\u00edcil la consecuci\u00f3n del orden que exige la\u00a0cristalinidad. Debido principalmente a las fuerzas intermoleculares, en algunos materiales termopl\u00e1sticos este ordenamiento puede producirse, lo que confiere cierto grado de cristalinidad a la regi\u00f3n donde se da. No obstante, debe tenerse en cuenta que debido a la debilidad de estas fuerzas y la dificultad de mover las largas cadenas, enredadas adem\u00e1s, el mecanismo de ordenamiento es siempre poco eficiente. Los materiales que poseen esta cristalinidad parcial se denominan\u00a0<em>semicristalinos\u00a0<\/em>(o<em>\u00a0parcialmente cristalinos<\/em>). La figura muestra (a la izquierda) la cristalinidad parcial de un material polim\u00e9rico se caracteriza por un ordenamiento de las cadenas como consecuencia de las interacciones intermoleculares. A la derecha, se muestra la disposici\u00f3n de las cadenas moleculares en una celdilla unidad del polietileno.<\/p>\n<table style=\"border-collapse: collapse; width: 100%;\">\n<tbody>\n<tr>\n<td style=\"width: 50%; background: rgba(255, 255, 2555, 0.0);\"><img loading=\"lazy\" decoding=\"async\" class=\"wp-image-290 aligncenter\" src=\"http:\/\/grupo.us.es\/derematerialia\/estructuras-cristalinas\/wp-content\/uploads\/sites\/4\/2019\/05\/cristalinidad.jpg\" alt=\"\" width=\"173\" height=\"232\" srcset=\"https:\/\/grupo.us.es\/derematerialia\/estructuras-cristalinas\/wp-content\/uploads\/sites\/4\/2019\/05\/cristalinidad.jpg 300w, https:\/\/grupo.us.es\/derematerialia\/estructuras-cristalinas\/wp-content\/uploads\/sites\/4\/2019\/05\/cristalinidad-223x300.jpg 223w\" sizes=\"(max-width: 173px) 100vw, 173px\" \/><\/td>\n<td style=\"width: 50%; background: rgba(255, 255, 2555, 0.0);\"><a href=\"http:\/\/grupo.us.es\/derematerialia\/estructurascristalinas\/6-2_1.html\"><img loading=\"lazy\" decoding=\"async\" class=\"size-full wp-image-294 aligncenter\" src=\"http:\/\/grupo.us.es\/derematerialia\/estructuras-cristalinas\/wp-content\/uploads\/sites\/4\/2019\/05\/6-2_1.jpg\" alt=\"\" width=\"800\" height=\"600\" srcset=\"https:\/\/grupo.us.es\/derematerialia\/estructuras-cristalinas\/wp-content\/uploads\/sites\/4\/2019\/05\/6-2_1.jpg 800w, https:\/\/grupo.us.es\/derematerialia\/estructuras-cristalinas\/wp-content\/uploads\/sites\/4\/2019\/05\/6-2_1-300x225.jpg 300w, https:\/\/grupo.us.es\/derematerialia\/estructuras-cristalinas\/wp-content\/uploads\/sites\/4\/2019\/05\/6-2_1-768x576.jpg 768w\" sizes=\"(max-width: 800px) 100vw, 800px\" \/><\/a><\/td>\n<\/tr>\n<\/tbody>\n<\/table>\n","protected":false},"excerpt":{"rendered":"<p>Otra consecuencia importante del enredo molecular presente en los termopl\u00e1sticos es su naturaleza amorfa, es decir, no cristalina: la disposici\u00f3n espacial de las cadenas, desordenada al azar, hace dif\u00edcil la consecuci\u00f3n del orden que exige la\u00a0cristalinidad. Debido principalmente a las fuerzas intermoleculares, en algunos materiales termopl\u00e1sticos este ordenamiento puede producirse, lo que confiere cierto grado [&hellip;]<\/p>\n","protected":false},"author":1,"featured_media":0,"parent":0,"menu_order":0,"comment_status":"closed","ping_status":"closed","template":"","meta":{"ngg_post_thumbnail":0,"footnotes":"","_mc_calendar":[]},"_links":{"self":[{"href":"https:\/\/grupo.us.es\/derematerialia\/estructuras-cristalinas\/wp-json\/wp\/v2\/pages\/1040"}],"collection":[{"href":"https:\/\/grupo.us.es\/derematerialia\/estructuras-cristalinas\/wp-json\/wp\/v2\/pages"}],"about":[{"href":"https:\/\/grupo.us.es\/derematerialia\/estructuras-cristalinas\/wp-json\/wp\/v2\/types\/page"}],"author":[{"embeddable":true,"href":"https:\/\/grupo.us.es\/derematerialia\/estructuras-cristalinas\/wp-json\/wp\/v2\/users\/1"}],"replies":[{"embeddable":true,"href":"https:\/\/grupo.us.es\/derematerialia\/estructuras-cristalinas\/wp-json\/wp\/v2\/comments?post=1040"}],"version-history":[{"count":1,"href":"https:\/\/grupo.us.es\/derematerialia\/estructuras-cristalinas\/wp-json\/wp\/v2\/pages\/1040\/revisions"}],"predecessor-version":[{"id":1041,"href":"https:\/\/grupo.us.es\/derematerialia\/estructuras-cristalinas\/wp-json\/wp\/v2\/pages\/1040\/revisions\/1041"}],"wp:attachment":[{"href":"https:\/\/grupo.us.es\/derematerialia\/estructuras-cristalinas\/wp-json\/wp\/v2\/media?parent=1040"}],"curies":[{"name":"wp","href":"https:\/\/api.w.org\/{rel}","templated":true}]}}