{"id":1038,"date":"2019-08-23T11:47:17","date_gmt":"2019-08-23T09:47:17","guid":{"rendered":"http:\/\/grupo.us.es\/derematerialia\/estructuras-cristalinas\/?page_id=1038"},"modified":"2019-08-23T11:47:17","modified_gmt":"2019-08-23T09:47:17","slug":"polietileno-2","status":"publish","type":"page","link":"https:\/\/grupo.us.es\/derematerialia\/estructuras-cristalinas\/polietileno-2\/","title":{"rendered":"Polietileno"},"content":{"rendered":"\n<p style=\"text-align: justify;\">En el polietileno, los \u00e1tomos de carbono encadenados se hallan dispuestos en zigzag, formando \u00e1ngulos de 109.5\u00ba.<\/p>\n<table style=\"border-collapse: collapse; width: 100%;\">\n<tbody>\n<tr>\n<td style=\"width: 50%; background: rgba(255, 255, 2555, 0.0);\"><a href=\"http:\/\/grupo.us.es\/derematerialia\/estructurascristalinas\/6-1_1.html\"><img loading=\"lazy\" decoding=\"async\" class=\"size-full wp-image-292 aligncenter\" src=\"http:\/\/grupo.us.es\/derematerialia\/estructuras-cristalinas\/wp-content\/uploads\/sites\/4\/2019\/05\/6-1_1.jpg\" alt=\"\" width=\"800\" height=\"600\" srcset=\"https:\/\/grupo.us.es\/derematerialia\/estructuras-cristalinas\/wp-content\/uploads\/sites\/4\/2019\/05\/6-1_1.jpg 800w, https:\/\/grupo.us.es\/derematerialia\/estructuras-cristalinas\/wp-content\/uploads\/sites\/4\/2019\/05\/6-1_1-300x225.jpg 300w, https:\/\/grupo.us.es\/derematerialia\/estructuras-cristalinas\/wp-content\/uploads\/sites\/4\/2019\/05\/6-1_1-768x576.jpg 768w\" sizes=\"(max-width: 800px) 100vw, 800px\" \/><\/a><\/td>\n<td style=\"width: 50%; background: rgba(255, 255, 2555, 0.0);\"><a href=\"http:\/\/grupo.us.es\/derematerialia\/estructurascristalinas\/6-1_2.html\"><img loading=\"lazy\" decoding=\"async\" class=\"size-full wp-image-293 aligncenter\" src=\"http:\/\/grupo.us.es\/derematerialia\/estructuras-cristalinas\/wp-content\/uploads\/sites\/4\/2019\/05\/6-1_2.jpg\" alt=\"\" width=\"800\" height=\"600\" srcset=\"https:\/\/grupo.us.es\/derematerialia\/estructuras-cristalinas\/wp-content\/uploads\/sites\/4\/2019\/05\/6-1_2.jpg 800w, https:\/\/grupo.us.es\/derematerialia\/estructuras-cristalinas\/wp-content\/uploads\/sites\/4\/2019\/05\/6-1_2-300x225.jpg 300w, https:\/\/grupo.us.es\/derematerialia\/estructuras-cristalinas\/wp-content\/uploads\/sites\/4\/2019\/05\/6-1_2-768x576.jpg 768w\" sizes=\"(max-width: 800px) 100vw, 800px\" \/><\/a><\/td>\n<\/tr>\n<\/tbody>\n<\/table>\n<p style=\"text-align: justify;\">Debido a su enlace doble, la mol\u00e9cula de etileno (mon\u00f3mero) forma un plano, sin posibilidad de rotaci\u00f3n, mientras que el polietileno, constituido por enlaces simples, puede girar y retorcerse sobre s\u00ed. Dado que cada enlace C-C puede rotar, una larga mol\u00e9cula est\u00e1 normalmente retorcida y plegada, por lo que tendr\u00e1 una longitud media relativamente menor.<\/p>\n<center><img loading=\"lazy\" decoding=\"async\" class=\"size-full wp-image-291 aligncenter\" src=\"http:\/\/grupo.us.es\/derematerialia\/estructuras-cristalinas\/wp-content\/uploads\/sites\/4\/2019\/05\/polietileno_clip_image002.jpg\" alt=\"\" width=\"264\" height=\"243\" \/><\/center>\n","protected":false},"excerpt":{"rendered":"<p>En el polietileno, los \u00e1tomos de carbono encadenados se hallan dispuestos en zigzag, formando \u00e1ngulos de 109.5\u00ba. Debido a su enlace doble, la mol\u00e9cula de etileno (mon\u00f3mero) forma un plano, sin posibilidad de rotaci\u00f3n, mientras que el polietileno, constituido por enlaces simples, puede girar y retorcerse sobre s\u00ed. Dado que cada enlace C-C puede rotar, [&hellip;]<\/p>\n","protected":false},"author":1,"featured_media":0,"parent":0,"menu_order":0,"comment_status":"closed","ping_status":"closed","template":"","meta":{"ngg_post_thumbnail":0,"footnotes":"","_mc_calendar":[]},"_links":{"self":[{"href":"https:\/\/grupo.us.es\/derematerialia\/estructuras-cristalinas\/wp-json\/wp\/v2\/pages\/1038"}],"collection":[{"href":"https:\/\/grupo.us.es\/derematerialia\/estructuras-cristalinas\/wp-json\/wp\/v2\/pages"}],"about":[{"href":"https:\/\/grupo.us.es\/derematerialia\/estructuras-cristalinas\/wp-json\/wp\/v2\/types\/page"}],"author":[{"embeddable":true,"href":"https:\/\/grupo.us.es\/derematerialia\/estructuras-cristalinas\/wp-json\/wp\/v2\/users\/1"}],"replies":[{"embeddable":true,"href":"https:\/\/grupo.us.es\/derematerialia\/estructuras-cristalinas\/wp-json\/wp\/v2\/comments?post=1038"}],"version-history":[{"count":1,"href":"https:\/\/grupo.us.es\/derematerialia\/estructuras-cristalinas\/wp-json\/wp\/v2\/pages\/1038\/revisions"}],"predecessor-version":[{"id":1039,"href":"https:\/\/grupo.us.es\/derematerialia\/estructuras-cristalinas\/wp-json\/wp\/v2\/pages\/1038\/revisions\/1039"}],"wp:attachment":[{"href":"https:\/\/grupo.us.es\/derematerialia\/estructuras-cristalinas\/wp-json\/wp\/v2\/media?parent=1038"}],"curies":[{"name":"wp","href":"https:\/\/api.w.org\/{rel}","templated":true}]}}