{"id":81,"date":"2019-07-20T03:07:39","date_gmt":"2019-07-20T03:07:39","guid":{"rendered":"https:\/\/goya.everthemes.com\/demo-decor\/?page_id=81"},"modified":"2024-10-27T16:20:28","modified_gmt":"2024-10-27T16:20:28","slug":"home-classic-2","status":"publish","type":"page","link":"https:\/\/grupo.us.es\/demokratia\/","title":{"rendered":"Home &#8211; Classic"},"content":{"rendered":"<div class=\"wpb-content-wrapper\">[vc_row et_full_width=\u00bbtrue\u00bb et_column_align=\u00bbalign-center\u00bb css=\u00bb.vc_custom_1603833782389{margin-bottom: 60px !important;}\u00bb el_id=\u00bbmain-slider-row\u00bb][vc_column offset=\u00bbvc_col-lg-11&#8243;]<div id=\"et-banner-slider-69fa6ced67bc7\" class=\"et-banner-slider slick slick-slider slick-controls-gray slick-dots-inside\" data-navigation=\"true\" data-pagination=\"true\" data-autoplay=\"true\" data-autoplay-speed=\"4000\" data-infinite=\"true\" data-pause=\"true\" data-columns=\"1\" >\r\n\t\t<div class=\"et-banner-69fa6ced67c05 et-banner content-full  image-type-css vh-height text-color-dark hover-effect  \"  style=\"height: 70vh;\"><div class=\"et-banner-image\" role=\"img\" aria-label=\"[[Cartel Color fuerte-2\" data-image=\"https:\/\/grupo.us.es\/demokratia\/wp-content\/uploads\/2024\/05\/Cartel-Color-fuerte-2-1-scaled-1.jpg\" style=\"background-image: url(https:\/\/grupo.us.es\/demokratia\/wp-content\/uploads\/2024\/05\/Cartel-Color-fuerte-2-1-scaled-1.jpg);\"><\/div>\r\n\t\t\t<div class=\"et-banner-content\">\r\n\t\t\t\t<div class=\"et-banner-content-inner container\">\r\n\t\t\t\t\t<div class=\"et-banner-text h_right v_center align_right\">\r\n\t\t\t\t\t\t<div class=\"et-banner-text-inner animated\" data-animate=\"et-fadeInUp\"><h2 class=\"et-banner-title color- xlarge\">Coloquio internacional: Democracias, ley e instituciones (antiguas y modernas)<\/h2><h4 class=\"et-banner-subtitle  color- text_style\">16-17 de mayo de 2024. Facultad de Filosof\u00eda y Letras: Sala de Grados (Universidad de Zaragoza)<\/h4><a href=\"http:\/\/www.demokratia.es\/2022\/05\/29\/la-invasion-jerjes\/\" class=\"et-banner-link button et_btn solid color-accent \">Coloquio internacional<\/a><\/div>\r\n\t\t\t\t\t<\/div>\r\n\t\t\t\t<\/div>\r\n\t\t\t<\/div>\r\n\t\t<\/div>\r\n\t\t<div class=\"et-banner-69fa6ced67fb0 et-banner content-full  image-type-css vh-height text-color-dark hover-effect  \"  style=\"height: 70vh;\"><div class=\"et-banner-image\" role=\"img\" aria-label=\"delphi_pano\" data-image=\"https:\/\/grupo.us.es\/demokratia\/wp-content\/uploads\/2022\/10\/delphi_pano.jpg\" style=\"background-image: url(https:\/\/grupo.us.es\/demokratia\/wp-content\/uploads\/2022\/10\/delphi_pano.jpg);\"><\/div>\r\n\t\t\t<div class=\"et-banner-content\">\r\n\t\t\t\t<div class=\"et-banner-content-inner container\">\r\n\t\t\t\t\t<div class=\"et-banner-text h_right v_center align_right\">\r\n\t\t\t\t\t\t<div class=\"et-banner-text-inner animated\" data-animate=\"et-fadeInUp\"><h2 class=\"et-banner-title color- xlarge\">Coloquio internacional: la invasi\u00f3n de Jerjes, 2500 a\u00f1os despu\u00e9s<\/h2><h4 class=\"et-banner-subtitle  color- text_style\">Grupo de investigaci\u00f3n<\/h4><a href=\"http:\/\/www.demokratia.es\/2022\/05\/29\/la-invasion-jerjes\/\" class=\"et-banner-link button et_btn solid color-accent \">Coloquio internacional<\/a><\/div>\r\n\t\t\t\t\t<\/div>\r\n\t\t\t\t<\/div>\r\n\t\t\t<\/div>\r\n\t\t<\/div>\r\n\t\t<div class=\"et-banner-69fa6ced68275 et-banner content-full  image-type-css vh-height text-color-dark hover-effect  \"  style=\"height: 70vh;\"><div class=\"et-banner-image\" role=\"img\" aria-label=\"jack-gisel-N4wBmQrZGZ4-unsplash\" data-image=\"https:\/\/grupo.us.es\/demokratia\/wp-content\/uploads\/2022\/05\/jack-gisel-N4wBmQrZGZ4-unsplash-scaled-1.jpg\" style=\"background-image: url(https:\/\/grupo.us.es\/demokratia\/wp-content\/uploads\/2022\/05\/jack-gisel-N4wBmQrZGZ4-unsplash-scaled-1.jpg);\"><\/div>\r\n\t\t\t<div class=\"et-banner-content\">\r\n\t\t\t\t<div class=\"et-banner-content-inner container\">\r\n\t\t\t\t\t<div class=\"et-banner-text h_right v_center align_right\">\r\n\t\t\t\t\t\t<div class=\"et-banner-text-inner animated\" data-animate=\"et-fadeInUp\"><h2 class=\"et-banner-title color- xlarge\">Coloquio: La democracia griega y sus int\u00e9rpretes en la tradici\u00f3n occidental<\/h2><h4 class=\"et-banner-subtitle  color- text_style\">26 - 28 octubre - Facultad de Geograf\u00eda e Historia (Universidad de Sevilla)<\/h4><a href=\"http:\/\/www.demokratia.es\/2019\/10\/16\/la-democracia-griega\/\" class=\"et-banner-link button et_btn solid color-accent \">Coloquio<\/a><\/div>\r\n\t\t\t\t\t<\/div>\r\n\t\t\t\t<\/div>\r\n\t\t\t<\/div>\r\n\t\t<\/div><\/div>[\/vc_column][\/vc_row][vc_row css=\u00bb.vc_custom_1579117433533{padding-top: 60px !important;padding-bottom: 60px !important;}\u00bb][vc_column animation=\u00bbanimation bottom-to-top\u00bb offset=\u00bbvc_col-lg-9&#8243;][vc_row_inner][vc_column_inner width=\u00bb1\/2&#8243;][vc_column_text]Esta es una breve descripci\u00f3n del proyecto de investigaci\u00f3n Demokratia.[\/vc_column_text][\/vc_column_inner][vc_column_inner width=\u00bb1\/2&#8243;][vc_column_text]Esta es una breve descripci\u00f3n del proyecto de investigaci\u00f3n Demokratia.[\/vc_column_text][\/vc_column_inner][\/vc_row_inner][\/vc_column][\/vc_row][vc_row css=\u00bb.vc_custom_1579117433533{padding-top: 60px !important;padding-bottom: 60px !important;}\u00bb][vc_column animation=\u00bbanimation bottom-to-top\u00bb][vc_row_inner el_class=\u00bbalign-center\u00bb][vc_column_inner el_class=\u00bbtext-center\u00bb offset=\u00bbvc_col-lg-6 vc_col-md-9&#8243;][vc_column_text]\n<h2>Noticias<\/h2>\n<p>Una selecci\u00f3n de los proyectos, noticias, seminarios, colaboraciones, etc.[\/vc_column_text][\/vc_column_inner][\/vc_row_inner][vc_row_inner][vc_column_inner]\t\t\t<div class=\"et-post-slider slick slick-slider slick-arrows-outside slick-controls-gray slick-dots-centered slick-dots-active-small\" data-columns=\"3\" data-slides-to-scroll=\"3\" data-pagination=\"true\" data-navigation=\"true\">\r\n\t\t\t\t\t\t\t<article itemscope itemtype=\"http:\/\/schema.org\/Article\" class=\"post post-grid post-slider blog-post post-400 type-post status-publish format-gallery has-post-thumbnail hentry category-coloquios post_format-post-format-gallery\">\r\n\t\t\t\t\t<div class=\"et-post-slider-inner\">\r\n\t\t\t\t\t\t<figure class=\"post-gallery\">\r\n\t\t\t\t\t\t\t\t\t\t\t\t\t\t\t<a href=\"https:\/\/grupo.us.es\/demokratia\/?p=400\" rel=\"bookmark\" title=\"Coloquio: La democracia griega y sus int\u00e9rpretes en la tradici\u00f3n occidental\">\r\n\t\t\t\t\t\t\t\t\t<span class=\"post-format-icon\"><svg xmlns=\"http:\/\/www.w3.org\/2000\/svg\" width=\"24\" height=\"24\" viewBox=\"0 0 24 24\" fill=\"none\" stroke=\"currentColor\" stroke-width=\"2\" stroke-linecap=\"round\" stroke-linejoin=\"round\" class=\"feather feather-camera\"><path d=\"M23 19a2 2 0 0 1-2 2H3a2 2 0 0 1-2-2V8a2 2 0 0 1 2-2h4l2-3h6l2 3h4a2 2 0 0 1 2 2z\"><\/path><circle cx=\"12\" cy=\"13\" r=\"4\"><\/circle><\/svg><\/span>\t\t\t\t\t\t\t\t\t<img loading=\"lazy\" decoding=\"async\" width=\"768\" height=\"233\" src=\"https:\/\/grupo.us.es\/demokratia\/wp-content\/uploads\/2019\/07\/SU1848-1-scaled-1.jpg\" class=\"attachment-medium_large size-medium_large wp-post-image\" alt=\"Sufragio Universal 1848\" \/>\t\t\t\t\t\t\t\t<\/a>\r\n\t\t\t\t\t\t\t\t\t\t\t\t\t<\/figure>\r\n\t\t\t\t\t\t\t\t\t\t\r\n\t\t\t\t\t\t<div class=\"et-post-slider-content\">\r\n\t\t\t\t\t\t\t<ul class=\"post-categories\">\n\t<li><a href=\"https:\/\/grupo.us.es\/demokratia\/?cat=23\" rel=\"category\">Coloquios<\/a><\/li><\/ul>\t\t\t\t\t\t\t<header class=\"post-title entry-header\">\r\n\t\t\t\t\t\t\t\t<h3 class=\"entry-title\" itemprop=\"name headline\"><a class=\"entry-link\" href=\"https:\/\/grupo.us.es\/demokratia\/?p=400\" title=\"Coloquio: La democracia griega y sus int\u00e9rpretes en la tradici\u00f3n occidental\">Coloquio: La democracia griega y sus int\u00e9rpretes en la tradici\u00f3n occidental<\/a><\/h3>\t\t\t\t\t\t\t<\/header>\r\n\t\t\t\t\t\t\t\t<aside class=\"post-meta\">\n\t\t\t\t \n\t\t\t<a href=\"https:\/\/grupo.us.es\/demokratia\/?p=400\" class=\"date-link\"><time class=\"time\" datetime=\"2019-10-16T18:40:00+01:00\">16 de octubre de 2019<\/time><\/a>\n\t\t\t<\/aside>\n\t\t\t\t\t\t\t\t\t\t\t\t\t<\/div>\r\n\t\t\t\t\t<\/div>\r\n\t\t\t\t<\/article>\r\n\t\t\t\t\t\t\t<article itemscope itemtype=\"http:\/\/schema.org\/Article\" class=\"post post-grid post-slider blog-post post-3562 type-post status-publish format-gallery has-post-thumbnail hentry category-coloquios post_format-post-format-gallery\">\r\n\t\t\t\t\t<div class=\"et-post-slider-inner\">\r\n\t\t\t\t\t\t<figure class=\"post-gallery\">\r\n\t\t\t\t\t\t\t\t\t\t\t\t\t\t\t<a href=\"https:\/\/grupo.us.es\/demokratia\/?p=3562\" rel=\"bookmark\" title=\"Coloquio internacional: La invasi\u00f3n de Jerjes, 2500 a\u00f1os despu\u00e9s\">\r\n\t\t\t\t\t\t\t\t\t<span class=\"post-format-icon\"><svg xmlns=\"http:\/\/www.w3.org\/2000\/svg\" width=\"24\" height=\"24\" viewBox=\"0 0 24 24\" fill=\"none\" stroke=\"currentColor\" stroke-width=\"2\" stroke-linecap=\"round\" stroke-linejoin=\"round\" class=\"feather feather-camera\"><path d=\"M23 19a2 2 0 0 1-2 2H3a2 2 0 0 1-2-2V8a2 2 0 0 1 2-2h4l2-3h6l2 3h4a2 2 0 0 1 2 2z\"><\/path><circle cx=\"12\" cy=\"13\" r=\"4\"><\/circle><\/svg><\/span>\t\t\t\t\t\t\t\t\t<img loading=\"lazy\" decoding=\"async\" width=\"768\" height=\"233\" src=\"https:\/\/grupo.us.es\/demokratia\/wp-content\/uploads\/2022\/05\/delphi.jpg\" class=\"attachment-medium_large size-medium_large wp-post-image\" alt=\"Columna serpentina - Delfos\" \/>\t\t\t\t\t\t\t\t<\/a>\r\n\t\t\t\t\t\t\t\t\t\t\t\t\t<\/figure>\r\n\t\t\t\t\t\t\t\t\t\t\r\n\t\t\t\t\t\t<div class=\"et-post-slider-content\">\r\n\t\t\t\t\t\t\t<ul class=\"post-categories\">\n\t<li><a href=\"https:\/\/grupo.us.es\/demokratia\/?cat=23\" rel=\"category\">Coloquios<\/a><\/li><\/ul>\t\t\t\t\t\t\t<header class=\"post-title entry-header\">\r\n\t\t\t\t\t\t\t\t<h3 class=\"entry-title\" itemprop=\"name headline\"><a class=\"entry-link\" href=\"https:\/\/grupo.us.es\/demokratia\/?p=3562\" title=\"Coloquio internacional: La invasi\u00f3n de Jerjes, 2500 a\u00f1os despu\u00e9s\">Coloquio internacional: La invasi\u00f3n de Jerjes, 2500 a\u00f1os despu\u00e9s<\/a><\/h3>\t\t\t\t\t\t\t<\/header>\r\n\t\t\t\t\t\t\t\t<aside class=\"post-meta\">\n\t\t\t\t \n\t\t\t<a href=\"https:\/\/grupo.us.es\/demokratia\/?p=3562\" class=\"date-link\"><time class=\"time\" datetime=\"2022-05-29T11:34:09+01:00\">29 de mayo de 2022<\/time><\/a>\n\t\t\t<\/aside>\n\t\t\t\t\t\t\t\t\t\t\t\t\t<\/div>\r\n\t\t\t\t\t<\/div>\r\n\t\t\t\t<\/article>\r\n\t\t\t\t\t\t\t<article itemscope itemtype=\"http:\/\/schema.org\/Article\" class=\"post post-grid post-slider blog-post post-3724 type-post status-publish format-gallery has-post-thumbnail hentry category-coloquios post_format-post-format-gallery\">\r\n\t\t\t\t\t<div class=\"et-post-slider-inner\">\r\n\t\t\t\t\t\t<figure class=\"post-gallery\">\r\n\t\t\t\t\t\t\t\t\t\t\t\t\t\t\t<a href=\"https:\/\/grupo.us.es\/demokratia\/?p=3724\" rel=\"bookmark\" title=\"Coloquio Internacional: Democracias, ley e instituciones (antiguas y modernas): Zaragoza, 16-17 de mayo de 2024.\">\r\n\t\t\t\t\t\t\t\t\t<span class=\"post-format-icon\"><svg xmlns=\"http:\/\/www.w3.org\/2000\/svg\" width=\"24\" height=\"24\" viewBox=\"0 0 24 24\" fill=\"none\" stroke=\"currentColor\" stroke-width=\"2\" stroke-linecap=\"round\" stroke-linejoin=\"round\" class=\"feather feather-camera\"><path d=\"M23 19a2 2 0 0 1-2 2H3a2 2 0 0 1-2-2V8a2 2 0 0 1 2-2h4l2-3h6l2 3h4a2 2 0 0 1 2 2z\"><\/path><circle cx=\"12\" cy=\"13\" r=\"4\"><\/circle><\/svg><\/span>\t\t\t\t\t\t\t\t\t<img loading=\"lazy\" decoding=\"async\" width=\"768\" height=\"398\" src=\"https:\/\/grupo.us.es\/demokratia\/wp-content\/uploads\/2024\/05\/Cartel-Color-fuerte-2-scaled-1.jpg\" class=\"attachment-medium_large size-medium_large wp-post-image\" alt=\"\" \/>\t\t\t\t\t\t\t\t<\/a>\r\n\t\t\t\t\t\t\t\t\t\t\t\t\t<\/figure>\r\n\t\t\t\t\t\t\t\t\t\t\r\n\t\t\t\t\t\t<div class=\"et-post-slider-content\">\r\n\t\t\t\t\t\t\t<ul class=\"post-categories\">\n\t<li><a href=\"https:\/\/grupo.us.es\/demokratia\/?cat=23\" rel=\"category\">Coloquios<\/a><\/li><\/ul>\t\t\t\t\t\t\t<header class=\"post-title entry-header\">\r\n\t\t\t\t\t\t\t\t<h3 class=\"entry-title\" itemprop=\"name headline\"><a class=\"entry-link\" href=\"https:\/\/grupo.us.es\/demokratia\/?p=3724\" title=\"Coloquio Internacional: Democracias, ley e instituciones (antiguas y modernas): Zaragoza, 16-17 de mayo de 2024.\">Coloquio Internacional: Democracias, ley e instituciones (antiguas y modernas): Zaragoza, 16-17 de mayo de 2024.<\/a><\/h3>\t\t\t\t\t\t\t<\/header>\r\n\t\t\t\t\t\t\t\t<aside class=\"post-meta\">\n\t\t\t\t \n\t\t\t<a href=\"https:\/\/grupo.us.es\/demokratia\/?p=3724\" class=\"date-link\"><time class=\"time\" datetime=\"2024-05-06T13:19:22+01:00\">6 de mayo de 2024<\/time><\/a>\n\t\t\t<\/aside>\n\t\t\t\t\t\t\t\t\t\t\t\t\t<\/div>\r\n\t\t\t\t\t<\/div>\r\n\t\t\t\t<\/article>\r\n\t\t\t\t\t\t<\/div>\r\n\t\t[\/vc_column_inner][\/vc_row_inner][\/vc_column][\/vc_row]\n<\/div>","protected":false},"excerpt":{"rendered":"<p>[vc_row et_full_width=\u00bbtrue\u00bb et_column_align=\u00bbalign-center\u00bb css=\u00bb.vc_custom_1603833782389{margin-bottom: 60px !important;}\u00bb el_id=\u00bbmain-slider-row\u00bb][vc_column offset=\u00bbvc_col-lg-11&#8243;][\/vc_column][\/vc_row][vc_row css=\u00bb.vc_custom_1579117433533{padding-top: 60px !important;padding-bottom: 60px !important;}\u00bb][vc_column animation=\u00bbanimation bottom-to-top\u00bb offset=\u00bbvc_col-lg-9&#8243;][vc_row_inner][vc_column_inner width=\u00bb1\/2&#8243;][vc_column_text]Esta es una breve descripci\u00f3n del proyecto de investigaci\u00f3n Demokratia.[\/vc_column_text][\/vc_column_inner][vc_column_inner width=\u00bb1\/2&#8243;][vc_column_text]Esta es una breve descripci\u00f3n del proyecto de investigaci\u00f3n Demokratia.[\/vc_column_text][\/vc_column_inner][\/vc_row_inner][\/vc_column][\/vc_row][vc_row css=\u00bb.vc_custom_1579117433533{padding-top: 60px !important;padding-bottom: 60px !important;}\u00bb][vc_column animation=\u00bbanimation bottom-to-top\u00bb][vc_row_inner el_class=\u00bbalign-center\u00bb][vc_column_inner el_class=\u00bbtext-center\u00bb offset=\u00bbvc_col-lg-6 vc_col-md-9&#8243;][vc_column_text] Noticias Una selecci\u00f3n [&hellip;]<\/p>\n","protected":false},"author":1,"featured_media":0,"parent":0,"menu_order":0,"comment_status":"closed","ping_status":"closed","template":"","meta":{"footnotes":""},"class_list":["post-81","page","type-page","status-publish","hentry"],"_links":{"self":[{"href":"https:\/\/grupo.us.es\/demokratia\/index.php?rest_route=\/wp\/v2\/pages\/81"}],"collection":[{"href":"https:\/\/grupo.us.es\/demokratia\/index.php?rest_route=\/wp\/v2\/pages"}],"about":[{"href":"https:\/\/grupo.us.es\/demokratia\/index.php?rest_route=\/wp\/v2\/types\/page"}],"author":[{"embeddable":true,"href":"https:\/\/grupo.us.es\/demokratia\/index.php?rest_route=\/wp\/v2\/users\/1"}],"replies":[{"embeddable":true,"href":"https:\/\/grupo.us.es\/demokratia\/index.php?rest_route=%2Fwp%2Fv2%2Fcomments&post=81"}],"version-history":[{"count":3,"href":"https:\/\/grupo.us.es\/demokratia\/index.php?rest_route=\/wp\/v2\/pages\/81\/revisions"}],"predecessor-version":[{"id":3939,"href":"https:\/\/grupo.us.es\/demokratia\/index.php?rest_route=\/wp\/v2\/pages\/81\/revisions\/3939"}],"wp:attachment":[{"href":"https:\/\/grupo.us.es\/demokratia\/index.php?rest_route=%2Fwp%2Fv2%2Fmedia&parent=81"}],"curies":[{"name":"wp","href":"https:\/\/api.w.org\/{rel}","templated":true}]}}