{"id":23,"date":"2025-11-12T09:22:34","date_gmt":"2025-11-12T08:22:34","guid":{"rendered":"http:\/\/grupo.us.es\/democmedia\/?page_id=23"},"modified":"2026-01-30T14:17:30","modified_gmt":"2026-01-30T13:17:30","slug":"ya-desarrollados","status":"publish","type":"page","link":"https:\/\/grupo.us.es\/democmedia\/ya-desarrollados\/","title":{"rendered":"Ya desarrollados"},"content":{"rendered":"\t\t<div data-elementor-type=\"wp-page\" data-elementor-id=\"23\" class=\"elementor elementor-23\" data-elementor-post-type=\"page\">\n\t\t\t\t<div class=\"elementor-element elementor-element-d6d4cd8 e-flex e-con-boxed e-con e-parent\" data-id=\"d6d4cd8\" data-element_type=\"container\" data-e-type=\"container\">\n\t\t\t\t\t<div class=\"e-con-inner\">\n\t\t\t\t<div class=\"elementor-element elementor-element-a63aa2e elementor-list-item-link-inline elementor-icon-list--layout-traditional elementor-widget elementor-widget-icon-list\" data-id=\"a63aa2e\" data-element_type=\"widget\" data-e-type=\"widget\" data-widget_type=\"icon-list.default\">\n\t\t\t\t\t\t\t<ul class=\"elementor-icon-list-items\">\n\t\t\t\t\t\t\t<li class=\"elementor-icon-list-item\">\n\t\t\t\t\t\t\t\t\t\t\t<a href=\"https:\/\/www.cogitatiopress.com\/mediaandcommunication\/issue\/view\/430\" target=\"_blank\">\n\n\t\t\t\t\t\t\t\t\t\t\t\t<span class=\"elementor-icon-list-icon\">\n\t\t\t\t\t\t\t<svg aria-hidden=\"true\" class=\"e-font-icon-svg e-far-file-alt\" viewBox=\"0 0 384 512\" xmlns=\"http:\/\/www.w3.org\/2000\/svg\"><path d=\"M288 248v28c0 6.6-5.4 12-12 12H108c-6.6 0-12-5.4-12-12v-28c0-6.6 5.4-12 12-12h168c6.6 0 12 5.4 12 12zm-12 72H108c-6.6 0-12 5.4-12 12v28c0 6.6 5.4 12 12 12h168c6.6 0 12-5.4 12-12v-28c0-6.6-5.4-12-12-12zm108-188.1V464c0 26.5-21.5 48-48 48H48c-26.5 0-48-21.5-48-48V48C0 21.5 21.5 0 48 0h204.1C264.8 0 277 5.1 286 14.1L369.9 98c9 8.9 14.1 21.2 14.1 33.9zm-128-80V128h76.1L256 51.9zM336 464V176H232c-13.3 0-24-10.7-24-24V48H48v416h288z\"><\/path><\/svg>\t\t\t\t\t\t<\/span>\n\t\t\t\t\t\t\t\t\t\t<span class=\"elementor-icon-list-text\">Publicaci\u00f3n del monogr\u00e1fico Communication Policies and Media Systems: Revisiting Hallin and Mancini\u2019s Model, en Media and Communication, en colaboraci\u00f3n con la C\u00e1tedra UNESCO de Investigaci\u00f3n en Comunicaci\u00f3n de la Universidad Rey Juan Carlos de Madrid, 2024. <\/span>\n\t\t\t\t\t\t\t\t\t\t\t<\/a>\n\t\t\t\t\t\t\t\t\t<\/li>\n\t\t\t\t\t\t\t\t<li class=\"elementor-icon-list-item\">\n\t\t\t\t\t\t\t\t\t\t\t<a href=\"https:\/\/2022.comunicacionypensamiento.org\/\" target=\"_blank\">\n\n\t\t\t\t\t\t\t\t\t\t\t\t<span class=\"elementor-icon-list-icon\">\n\t\t\t\t\t\t\t<svg aria-hidden=\"true\" class=\"e-font-icon-svg e-far-file-alt\" viewBox=\"0 0 384 512\" xmlns=\"http:\/\/www.w3.org\/2000\/svg\"><path d=\"M288 248v28c0 6.6-5.4 12-12 12H108c-6.6 0-12-5.4-12-12v-28c0-6.6 5.4-12 12-12h168c6.6 0 12 5.4 12 12zm-12 72H108c-6.6 0-12 5.4-12 12v28c0 6.6 5.4 12 12 12h168c6.6 0 12-5.4 12-12v-28c0-6.6-5.4-12-12-12zm108-188.1V464c0 26.5-21.5 48-48 48H48c-26.5 0-48-21.5-48-48V48C0 21.5 21.5 0 48 0h204.1C264.8 0 277 5.1 286 14.1L369.9 98c9 8.9 14.1 21.2 14.1 33.9zm-128-80V128h76.1L256 51.9zM336 464V176H232c-13.3 0-24-10.7-24-24V48H48v416h288z\"><\/path><\/svg>\t\t\t\t\t\t<\/span>\n\t\t\t\t\t\t\t\t\t\t<span class=\"elementor-icon-list-text\">Organizaci\u00f3n del VII Congreso Internacional Comunicaci\u00f3n y Pensamiento. El poder de la comunicaci\u00f3n, la comunicaci\u00f3n del poder, 2022. <\/span>\n\t\t\t\t\t\t\t\t\t\t\t<\/a>\n\t\t\t\t\t\t\t\t\t<\/li>\n\t\t\t\t\t\t\t\t<li class=\"elementor-icon-list-item\">\n\t\t\t\t\t\t\t\t\t\t\t<a href=\"https:\/\/investigacion.us.es\/sisius\/sis_proyecto.php?idproy=31563\" target=\"_blank\">\n\n\t\t\t\t\t\t\t\t\t\t\t\t<span class=\"elementor-icon-list-icon\">\n\t\t\t\t\t\t\t<svg aria-hidden=\"true\" class=\"e-font-icon-svg e-far-file-alt\" viewBox=\"0 0 384 512\" xmlns=\"http:\/\/www.w3.org\/2000\/svg\"><path d=\"M288 248v28c0 6.6-5.4 12-12 12H108c-6.6 0-12-5.4-12-12v-28c0-6.6 5.4-12 12-12h168c6.6 0 12 5.4 12 12zm-12 72H108c-6.6 0-12 5.4-12 12v28c0 6.6 5.4 12 12 12h168c6.6 0 12-5.4 12-12v-28c0-6.6-5.4-12-12-12zm108-188.1V464c0 26.5-21.5 48-48 48H48c-26.5 0-48-21.5-48-48V48C0 21.5 21.5 0 48 0h204.1C264.8 0 277 5.1 286 14.1L369.9 98c9 8.9 14.1 21.2 14.1 33.9zm-128-80V128h76.1L256 51.9zM336 464V176H232c-13.3 0-24-10.7-24-24V48H48v416h288z\"><\/path><\/svg>\t\t\t\t\t\t<\/span>\n\t\t\t\t\t\t\t\t\t\t<span class=\"elementor-icon-list-text\">Pol\u00edticas de Comunicaci\u00f3n y Mercado Audiovisual. An\u00e1lisis del consumo de productos culturales de calidad en la ficci\u00f3n seriada de las plataformas online entre menores y j\u00f3venes en Espa\u00f1a. Vicerrectorado de Investigaci\u00f3n, Universidad de Sevilla, 2018. <\/span>\n\t\t\t\t\t\t\t\t\t\t\t<\/a>\n\t\t\t\t\t\t\t\t\t<\/li>\n\t\t\t\t\t\t\t\t<li class=\"elementor-icon-list-item\">\n\t\t\t\t\t\t\t\t\t\t\t<span class=\"elementor-icon-list-icon\">\n\t\t\t\t\t\t\t<svg aria-hidden=\"true\" class=\"e-font-icon-svg e-far-file-alt\" viewBox=\"0 0 384 512\" xmlns=\"http:\/\/www.w3.org\/2000\/svg\"><path d=\"M288 248v28c0 6.6-5.4 12-12 12H108c-6.6 0-12-5.4-12-12v-28c0-6.6 5.4-12 12-12h168c6.6 0 12 5.4 12 12zm-12 72H108c-6.6 0-12 5.4-12 12v28c0 6.6 5.4 12 12 12h168c6.6 0 12-5.4 12-12v-28c0-6.6-5.4-12-12-12zm108-188.1V464c0 26.5-21.5 48-48 48H48c-26.5 0-48-21.5-48-48V48C0 21.5 21.5 0 48 0h204.1C264.8 0 277 5.1 286 14.1L369.9 98c9 8.9 14.1 21.2 14.1 33.9zm-128-80V128h76.1L256 51.9zM336 464V176H232c-13.3 0-24-10.7-24-24V48H48v416h288z\"><\/path><\/svg>\t\t\t\t\t\t<\/span>\n\t\t\t\t\t\t\t\t\t\t<span class=\"elementor-icon-list-text\">Publicaci\u00f3n del libro El laberinto mundial de la Informaci\u00f3n (Editorial Anthropos, 2018) en colaboraci\u00f3n con el Grupo de Estructura, Historia y Contenidos de la Comunicaci\u00f3n. <\/span>\n\t\t\t\t\t\t\t\t\t<\/li>\n\t\t\t\t\t\t<\/ul>\n\t\t\t\t\t\t<\/div>\n\t\t\t\t\t<\/div>\n\t\t\t\t<\/div>\n\t\t\t\t<\/div>\n\t\t","protected":false},"excerpt":{"rendered":"<p>Publicaci\u00f3n del monogr\u00e1fico Communication Policies and Media Systems: Revisiting Hallin and Mancini\u2019s Model, en Media and Communication, en colaboraci\u00f3n con la C\u00e1tedra UNESCO de Investigaci\u00f3n en Comunicaci\u00f3n de la Universidad Rey Juan Carlos de Madrid, 2024. Organizaci\u00f3n del VII Congreso Internacional Comunicaci\u00f3n y Pensamiento. El poder de la comunicaci\u00f3n, la comunicaci\u00f3n del poder, 2022. Pol\u00edticas [&hellip;]<\/p>\n","protected":false},"author":1,"featured_media":0,"parent":0,"menu_order":0,"comment_status":"closed","ping_status":"closed","template":"","meta":{"_acf_changed":false,"footnotes":""},"class_list":["post-23","page","type-page","status-publish","hentry"],"acf":[],"yoast_head":"<!-- This site is optimized with the Yoast SEO plugin v27.0 - https:\/\/yoast.com\/product\/yoast-seo-wordpress\/ -->\n<title>Ya desarrollados - DEMOC-MEDIA<\/title>\n<meta name=\"robots\" content=\"index, follow, max-snippet:-1, max-image-preview:large, max-video-preview:-1\" \/>\n<link rel=\"canonical\" href=\"https:\/\/grupo.us.es\/democmedia\/ya-desarrollados\/\" \/>\n<meta property=\"og:locale\" content=\"es_ES\" \/>\n<meta property=\"og:type\" content=\"article\" \/>\n<meta property=\"og:title\" content=\"Ya desarrollados - DEMOC-MEDIA\" \/>\n<meta property=\"og:description\" content=\"Publicaci\u00f3n del monogr\u00e1fico Communication Policies and Media Systems: Revisiting Hallin and Mancini\u2019s Model, en Media and Communication, en colaboraci\u00f3n con la C\u00e1tedra UNESCO de Investigaci\u00f3n en Comunicaci\u00f3n de la Universidad Rey Juan Carlos de Madrid, 2024. Organizaci\u00f3n del VII Congreso Internacional Comunicaci\u00f3n y Pensamiento. El poder de la comunicaci\u00f3n, la comunicaci\u00f3n del poder, 2022. Pol\u00edticas [&hellip;]\" \/>\n<meta property=\"og:url\" content=\"https:\/\/grupo.us.es\/democmedia\/ya-desarrollados\/\" \/>\n<meta property=\"og:site_name\" content=\"DEMOC-MEDIA\" \/>\n<meta property=\"article:modified_time\" content=\"2026-01-30T13:17:30+00:00\" \/>\n<meta name=\"twitter:card\" content=\"summary_large_image\" \/>\n<meta name=\"twitter:label1\" content=\"Tiempo de lectura\" \/>\n\t<meta name=\"twitter:data1\" content=\"1 minuto\" \/>\n<script type=\"application\/ld+json\" class=\"yoast-schema-graph\">{\"@context\":\"https:\/\/schema.org\",\"@graph\":[{\"@type\":\"WebPage\",\"@id\":\"https:\/\/grupo.us.es\/democmedia\/ya-desarrollados\/\",\"url\":\"https:\/\/grupo.us.es\/democmedia\/ya-desarrollados\/\",\"name\":\"Ya desarrollados - DEMOC-MEDIA\",\"isPartOf\":{\"@id\":\"https:\/\/grupo.us.es\/democmedia\/#website\"},\"datePublished\":\"2025-11-12T08:22:34+00:00\",\"dateModified\":\"2026-01-30T13:17:30+00:00\",\"breadcrumb\":{\"@id\":\"https:\/\/grupo.us.es\/democmedia\/ya-desarrollados\/#breadcrumb\"},\"inLanguage\":\"es\",\"potentialAction\":[{\"@type\":\"ReadAction\",\"target\":[\"https:\/\/grupo.us.es\/democmedia\/ya-desarrollados\/\"]}]},{\"@type\":\"BreadcrumbList\",\"@id\":\"https:\/\/grupo.us.es\/democmedia\/ya-desarrollados\/#breadcrumb\",\"itemListElement\":[{\"@type\":\"ListItem\",\"position\":1,\"name\":\"Portada\",\"item\":\"https:\/\/grupo.us.es\/democmedia\/\"},{\"@type\":\"ListItem\",\"position\":2,\"name\":\"Ya desarrollados\"}]},{\"@type\":\"WebSite\",\"@id\":\"https:\/\/grupo.us.es\/democmedia\/#website\",\"url\":\"https:\/\/grupo.us.es\/democmedia\/\",\"name\":\"DEMOC-MEDIA\",\"description\":\"Medios, Politicas de comunicaci\u00f3n y Democracia en la Uni\u00f3n Europea\",\"publisher\":{\"@id\":\"https:\/\/grupo.us.es\/democmedia\/#organization\"},\"potentialAction\":[{\"@type\":\"SearchAction\",\"target\":{\"@type\":\"EntryPoint\",\"urlTemplate\":\"https:\/\/grupo.us.es\/democmedia\/?s={search_term_string}\"},\"query-input\":{\"@type\":\"PropertyValueSpecification\",\"valueRequired\":true,\"valueName\":\"search_term_string\"}}],\"inLanguage\":\"es\"},{\"@type\":\"Organization\",\"@id\":\"https:\/\/grupo.us.es\/democmedia\/#organization\",\"name\":\"DEMOC-MEDIA\",\"url\":\"https:\/\/grupo.us.es\/democmedia\/\",\"logo\":{\"@type\":\"ImageObject\",\"inLanguage\":\"es\",\"@id\":\"https:\/\/grupo.us.es\/democmedia\/#\/schema\/logo\/image\/\",\"url\":\"https:\/\/grupo.us.es\/democmedia\/wp-content\/uploads\/2025\/11\/democmedia_logo-1-e1764757674281.png\",\"contentUrl\":\"https:\/\/grupo.us.es\/democmedia\/wp-content\/uploads\/2025\/11\/democmedia_logo-1-e1764757674281.png\",\"width\":239,\"height\":106,\"caption\":\"DEMOC-MEDIA\"},\"image\":{\"@id\":\"https:\/\/grupo.us.es\/democmedia\/#\/schema\/logo\/image\/\"}}]}<\/script>\n<!-- \/ Yoast SEO plugin. -->","yoast_head_json":{"title":"Ya desarrollados - DEMOC-MEDIA","robots":{"index":"index","follow":"follow","max-snippet":"max-snippet:-1","max-image-preview":"max-image-preview:large","max-video-preview":"max-video-preview:-1"},"canonical":"https:\/\/grupo.us.es\/democmedia\/ya-desarrollados\/","og_locale":"es_ES","og_type":"article","og_title":"Ya desarrollados - DEMOC-MEDIA","og_description":"Publicaci\u00f3n del monogr\u00e1fico Communication Policies and Media Systems: Revisiting Hallin and Mancini\u2019s Model, en Media and Communication, en colaboraci\u00f3n con la C\u00e1tedra UNESCO de Investigaci\u00f3n en Comunicaci\u00f3n de la Universidad Rey Juan Carlos de Madrid, 2024. Organizaci\u00f3n del VII Congreso Internacional Comunicaci\u00f3n y Pensamiento. El poder de la comunicaci\u00f3n, la comunicaci\u00f3n del poder, 2022. Pol\u00edticas [&hellip;]","og_url":"https:\/\/grupo.us.es\/democmedia\/ya-desarrollados\/","og_site_name":"DEMOC-MEDIA","article_modified_time":"2026-01-30T13:17:30+00:00","twitter_card":"summary_large_image","twitter_misc":{"Tiempo de lectura":"1 minuto"},"schema":{"@context":"https:\/\/schema.org","@graph":[{"@type":"WebPage","@id":"https:\/\/grupo.us.es\/democmedia\/ya-desarrollados\/","url":"https:\/\/grupo.us.es\/democmedia\/ya-desarrollados\/","name":"Ya desarrollados - DEMOC-MEDIA","isPartOf":{"@id":"https:\/\/grupo.us.es\/democmedia\/#website"},"datePublished":"2025-11-12T08:22:34+00:00","dateModified":"2026-01-30T13:17:30+00:00","breadcrumb":{"@id":"https:\/\/grupo.us.es\/democmedia\/ya-desarrollados\/#breadcrumb"},"inLanguage":"es","potentialAction":[{"@type":"ReadAction","target":["https:\/\/grupo.us.es\/democmedia\/ya-desarrollados\/"]}]},{"@type":"BreadcrumbList","@id":"https:\/\/grupo.us.es\/democmedia\/ya-desarrollados\/#breadcrumb","itemListElement":[{"@type":"ListItem","position":1,"name":"Portada","item":"https:\/\/grupo.us.es\/democmedia\/"},{"@type":"ListItem","position":2,"name":"Ya desarrollados"}]},{"@type":"WebSite","@id":"https:\/\/grupo.us.es\/democmedia\/#website","url":"https:\/\/grupo.us.es\/democmedia\/","name":"DEMOC-MEDIA","description":"Medios, Politicas de comunicaci\u00f3n y Democracia en la Uni\u00f3n Europea","publisher":{"@id":"https:\/\/grupo.us.es\/democmedia\/#organization"},"potentialAction":[{"@type":"SearchAction","target":{"@type":"EntryPoint","urlTemplate":"https:\/\/grupo.us.es\/democmedia\/?s={search_term_string}"},"query-input":{"@type":"PropertyValueSpecification","valueRequired":true,"valueName":"search_term_string"}}],"inLanguage":"es"},{"@type":"Organization","@id":"https:\/\/grupo.us.es\/democmedia\/#organization","name":"DEMOC-MEDIA","url":"https:\/\/grupo.us.es\/democmedia\/","logo":{"@type":"ImageObject","inLanguage":"es","@id":"https:\/\/grupo.us.es\/democmedia\/#\/schema\/logo\/image\/","url":"https:\/\/grupo.us.es\/democmedia\/wp-content\/uploads\/2025\/11\/democmedia_logo-1-e1764757674281.png","contentUrl":"https:\/\/grupo.us.es\/democmedia\/wp-content\/uploads\/2025\/11\/democmedia_logo-1-e1764757674281.png","width":239,"height":106,"caption":"DEMOC-MEDIA"},"image":{"@id":"https:\/\/grupo.us.es\/democmedia\/#\/schema\/logo\/image\/"}}]}},"_links":{"self":[{"href":"https:\/\/grupo.us.es\/democmedia\/wp-json\/wp\/v2\/pages\/23","targetHints":{"allow":["GET"]}}],"collection":[{"href":"https:\/\/grupo.us.es\/democmedia\/wp-json\/wp\/v2\/pages"}],"about":[{"href":"https:\/\/grupo.us.es\/democmedia\/wp-json\/wp\/v2\/types\/page"}],"author":[{"embeddable":true,"href":"https:\/\/grupo.us.es\/democmedia\/wp-json\/wp\/v2\/users\/1"}],"replies":[{"embeddable":true,"href":"https:\/\/grupo.us.es\/democmedia\/wp-json\/wp\/v2\/comments?post=23"}],"version-history":[{"count":0,"href":"https:\/\/grupo.us.es\/democmedia\/wp-json\/wp\/v2\/pages\/23\/revisions"}],"wp:attachment":[{"href":"https:\/\/grupo.us.es\/democmedia\/wp-json\/wp\/v2\/media?parent=23"}],"curies":[{"name":"wp","href":"https:\/\/api.w.org\/{rel}","templated":true}]}}