{"id":17,"date":"2025-11-12T09:21:46","date_gmt":"2025-11-12T08:21:46","guid":{"rendered":"http:\/\/grupo.us.es\/democmedia\/?page_id=17"},"modified":"2026-02-13T10:42:11","modified_gmt":"2026-02-13T09:42:11","slug":"lineas-de-investigacion","status":"publish","type":"page","link":"https:\/\/grupo.us.es\/democmedia\/lineas-de-investigacion\/","title":{"rendered":"L\u00edneas de investigaci\u00f3n"},"content":{"rendered":"\t\t<div data-elementor-type=\"wp-page\" data-elementor-id=\"17\" class=\"elementor elementor-17\" data-elementor-post-type=\"page\">\n\t\t\t\t<div class=\"elementor-element elementor-element-e3559a4 e-flex e-con-boxed e-con e-parent\" data-id=\"e3559a4\" data-element_type=\"container\" data-e-type=\"container\">\n\t\t\t\t\t<div class=\"e-con-inner\">\n\t\t<div class=\"elementor-element elementor-element-84f9787 e-con-full e-flex e-con e-child\" data-id=\"84f9787\" data-element_type=\"container\" data-e-type=\"container\">\n\t\t\t\t<div class=\"elementor-element elementor-element-f2cffd1 elementor-widget elementor-widget-heading\" data-id=\"f2cffd1\" data-element_type=\"widget\" data-e-type=\"widget\" data-widget_type=\"heading.default\">\n\t\t\t\t\t<h6 class=\"elementor-heading-title elementor-size-default\">Econom\u00eda Pol\u00edtica de la Comunicaci\u00f3n<\/h6>\t\t\t\t<\/div>\n\t\t\t\t<div class=\"elementor-element elementor-element-58ab4a5 elementor-widget elementor-widget-heading\" data-id=\"58ab4a5\" data-element_type=\"widget\" data-e-type=\"widget\" data-widget_type=\"heading.default\">\n\t\t\t\t\t<h6 class=\"elementor-heading-title elementor-size-default\">Estructura de la Informaci\u00f3n<\/h6>\t\t\t\t<\/div>\n\t\t\t\t<div class=\"elementor-element elementor-element-045b9f5 elementor-widget elementor-widget-heading\" data-id=\"045b9f5\" data-element_type=\"widget\" data-e-type=\"widget\" data-widget_type=\"heading.default\">\n\t\t\t\t\t<h6 class=\"elementor-heading-title elementor-size-default\">Poder y Democracia<\/h6>\t\t\t\t<\/div>\n\t\t\t\t<div class=\"elementor-element elementor-element-81c65fb elementor-widget elementor-widget-heading\" data-id=\"81c65fb\" data-element_type=\"widget\" data-e-type=\"widget\" data-widget_type=\"heading.default\">\n\t\t\t\t\t<h6 class=\"elementor-heading-title elementor-size-default\">Periodismo de Investigaci\u00f3n Transfronterizo<\/h6>\t\t\t\t<\/div>\n\t\t\t\t<div class=\"elementor-element elementor-element-91f8122 elementor-widget elementor-widget-heading\" data-id=\"91f8122\" data-element_type=\"widget\" data-e-type=\"widget\" data-widget_type=\"heading.default\">\n\t\t\t\t\t<h6 class=\"elementor-heading-title elementor-size-default\">Filantroperiodismo<\/h6>\t\t\t\t<\/div>\n\t\t\t\t<\/div>\n\t\t<div class=\"elementor-element elementor-element-1dfb0f5 e-con-full e-flex e-con e-child\" data-id=\"1dfb0f5\" data-element_type=\"container\" data-e-type=\"container\">\n\t\t\t\t<div class=\"elementor-element elementor-element-7b377ab elementor-widget elementor-widget-heading\" data-id=\"7b377ab\" data-element_type=\"widget\" data-e-type=\"widget\" data-widget_type=\"heading.default\">\n\t\t\t\t\t<h6 class=\"elementor-heading-title elementor-size-default\">Open Data y periodismo<\/h6>\t\t\t\t<\/div>\n\t\t\t\t<div class=\"elementor-element elementor-element-8dcbec4 elementor-widget elementor-widget-heading\" data-id=\"8dcbec4\" data-element_type=\"widget\" data-e-type=\"widget\" data-widget_type=\"heading.default\">\n\t\t\t\t\t<h6 class=\"elementor-heading-title elementor-size-default\">Tecnofeudalismo<\/h6>\t\t\t\t<\/div>\n\t\t\t\t<div class=\"elementor-element elementor-element-6b9f4f3 elementor-widget elementor-widget-heading\" data-id=\"6b9f4f3\" data-element_type=\"widget\" data-e-type=\"widget\" data-widget_type=\"heading.default\">\n\t\t\t\t\t<h6 class=\"elementor-heading-title elementor-size-default\">Grupos vulnerables<\/h6>\t\t\t\t<\/div>\n\t\t\t\t<div class=\"elementor-element elementor-element-98cf56f elementor-widget elementor-widget-heading\" data-id=\"98cf56f\" data-element_type=\"widget\" data-e-type=\"widget\" data-widget_type=\"heading.default\">\n\t\t\t\t\t<h6 class=\"elementor-heading-title elementor-size-default\">Apropiaci\u00f3n ideol\u00f3gica<\/h6>\t\t\t\t<\/div>\n\t\t\t\t<div class=\"elementor-element elementor-element-929c3cc elementor-widget elementor-widget-heading\" data-id=\"929c3cc\" data-element_type=\"widget\" data-e-type=\"widget\" data-widget_type=\"heading.default\">\n\t\t\t\t\t<h6 class=\"elementor-heading-title elementor-size-default\">Teor\u00eda cr\u00edtica<\/h6>\t\t\t\t<\/div>\n\t\t\t\t<\/div>\n\t\t\t\t\t<\/div>\n\t\t\t\t<\/div>\n\t\t\t\t<\/div>\n\t\t","protected":false},"excerpt":{"rendered":"<p>Econom\u00eda Pol\u00edtica de la Comunicaci\u00f3n Estructura de la Informaci\u00f3n Poder y Democracia Periodismo de Investigaci\u00f3n Transfronterizo Filantroperiodismo Open Data y periodismo Tecnofeudalismo Grupos vulnerables Apropiaci\u00f3n ideol\u00f3gica Teor\u00eda cr\u00edtica<\/p>\n","protected":false},"author":1,"featured_media":0,"parent":0,"menu_order":0,"comment_status":"closed","ping_status":"closed","template":"","meta":{"_acf_changed":false,"footnotes":""},"class_list":["post-17","page","type-page","status-publish","hentry"],"acf":[],"yoast_head":"<!-- This site is optimized with the Yoast SEO plugin v27.0 - https:\/\/yoast.com\/product\/yoast-seo-wordpress\/ -->\n<title>L\u00edneas de investigaci\u00f3n - DEMOC-MEDIA<\/title>\n<meta name=\"robots\" content=\"index, follow, max-snippet:-1, max-image-preview:large, max-video-preview:-1\" \/>\n<link rel=\"canonical\" href=\"https:\/\/grupo.us.es\/democmedia\/lineas-de-investigacion\/\" \/>\n<meta property=\"og:locale\" content=\"es_ES\" \/>\n<meta property=\"og:type\" content=\"article\" \/>\n<meta property=\"og:title\" content=\"L\u00edneas de investigaci\u00f3n - DEMOC-MEDIA\" \/>\n<meta property=\"og:description\" content=\"Econom\u00eda Pol\u00edtica de la Comunicaci\u00f3n Estructura de la Informaci\u00f3n Poder y Democracia Periodismo de Investigaci\u00f3n Transfronterizo Filantroperiodismo Open Data y periodismo Tecnofeudalismo Grupos vulnerables Apropiaci\u00f3n ideol\u00f3gica Teor\u00eda cr\u00edtica\" \/>\n<meta property=\"og:url\" content=\"https:\/\/grupo.us.es\/democmedia\/lineas-de-investigacion\/\" \/>\n<meta property=\"og:site_name\" content=\"DEMOC-MEDIA\" \/>\n<meta property=\"article:modified_time\" content=\"2026-02-13T09:42:11+00:00\" \/>\n<meta name=\"twitter:card\" content=\"summary_large_image\" \/>\n<script type=\"application\/ld+json\" class=\"yoast-schema-graph\">{\"@context\":\"https:\/\/schema.org\",\"@graph\":[{\"@type\":\"WebPage\",\"@id\":\"https:\/\/grupo.us.es\/democmedia\/lineas-de-investigacion\/\",\"url\":\"https:\/\/grupo.us.es\/democmedia\/lineas-de-investigacion\/\",\"name\":\"L\u00edneas de investigaci\u00f3n - DEMOC-MEDIA\",\"isPartOf\":{\"@id\":\"https:\/\/grupo.us.es\/democmedia\/#website\"},\"datePublished\":\"2025-11-12T08:21:46+00:00\",\"dateModified\":\"2026-02-13T09:42:11+00:00\",\"breadcrumb\":{\"@id\":\"https:\/\/grupo.us.es\/democmedia\/lineas-de-investigacion\/#breadcrumb\"},\"inLanguage\":\"es\",\"potentialAction\":[{\"@type\":\"ReadAction\",\"target\":[\"https:\/\/grupo.us.es\/democmedia\/lineas-de-investigacion\/\"]}]},{\"@type\":\"BreadcrumbList\",\"@id\":\"https:\/\/grupo.us.es\/democmedia\/lineas-de-investigacion\/#breadcrumb\",\"itemListElement\":[{\"@type\":\"ListItem\",\"position\":1,\"name\":\"Portada\",\"item\":\"https:\/\/grupo.us.es\/democmedia\/\"},{\"@type\":\"ListItem\",\"position\":2,\"name\":\"L\u00edneas de investigaci\u00f3n\"}]},{\"@type\":\"WebSite\",\"@id\":\"https:\/\/grupo.us.es\/democmedia\/#website\",\"url\":\"https:\/\/grupo.us.es\/democmedia\/\",\"name\":\"DEMOC-MEDIA\",\"description\":\"Medios, Politicas de comunicaci\u00f3n y Democracia en la Uni\u00f3n Europea\",\"publisher\":{\"@id\":\"https:\/\/grupo.us.es\/democmedia\/#organization\"},\"potentialAction\":[{\"@type\":\"SearchAction\",\"target\":{\"@type\":\"EntryPoint\",\"urlTemplate\":\"https:\/\/grupo.us.es\/democmedia\/?s={search_term_string}\"},\"query-input\":{\"@type\":\"PropertyValueSpecification\",\"valueRequired\":true,\"valueName\":\"search_term_string\"}}],\"inLanguage\":\"es\"},{\"@type\":\"Organization\",\"@id\":\"https:\/\/grupo.us.es\/democmedia\/#organization\",\"name\":\"DEMOC-MEDIA\",\"url\":\"https:\/\/grupo.us.es\/democmedia\/\",\"logo\":{\"@type\":\"ImageObject\",\"inLanguage\":\"es\",\"@id\":\"https:\/\/grupo.us.es\/democmedia\/#\/schema\/logo\/image\/\",\"url\":\"https:\/\/grupo.us.es\/democmedia\/wp-content\/uploads\/2025\/11\/democmedia_logo-1-e1764757674281.png\",\"contentUrl\":\"https:\/\/grupo.us.es\/democmedia\/wp-content\/uploads\/2025\/11\/democmedia_logo-1-e1764757674281.png\",\"width\":239,\"height\":106,\"caption\":\"DEMOC-MEDIA\"},\"image\":{\"@id\":\"https:\/\/grupo.us.es\/democmedia\/#\/schema\/logo\/image\/\"}}]}<\/script>\n<!-- \/ Yoast SEO plugin. -->","yoast_head_json":{"title":"L\u00edneas de investigaci\u00f3n - DEMOC-MEDIA","robots":{"index":"index","follow":"follow","max-snippet":"max-snippet:-1","max-image-preview":"max-image-preview:large","max-video-preview":"max-video-preview:-1"},"canonical":"https:\/\/grupo.us.es\/democmedia\/lineas-de-investigacion\/","og_locale":"es_ES","og_type":"article","og_title":"L\u00edneas de investigaci\u00f3n - DEMOC-MEDIA","og_description":"Econom\u00eda Pol\u00edtica de la Comunicaci\u00f3n Estructura de la Informaci\u00f3n Poder y Democracia Periodismo de Investigaci\u00f3n Transfronterizo Filantroperiodismo Open Data y periodismo Tecnofeudalismo Grupos vulnerables Apropiaci\u00f3n ideol\u00f3gica Teor\u00eda cr\u00edtica","og_url":"https:\/\/grupo.us.es\/democmedia\/lineas-de-investigacion\/","og_site_name":"DEMOC-MEDIA","article_modified_time":"2026-02-13T09:42:11+00:00","twitter_card":"summary_large_image","schema":{"@context":"https:\/\/schema.org","@graph":[{"@type":"WebPage","@id":"https:\/\/grupo.us.es\/democmedia\/lineas-de-investigacion\/","url":"https:\/\/grupo.us.es\/democmedia\/lineas-de-investigacion\/","name":"L\u00edneas de investigaci\u00f3n - DEMOC-MEDIA","isPartOf":{"@id":"https:\/\/grupo.us.es\/democmedia\/#website"},"datePublished":"2025-11-12T08:21:46+00:00","dateModified":"2026-02-13T09:42:11+00:00","breadcrumb":{"@id":"https:\/\/grupo.us.es\/democmedia\/lineas-de-investigacion\/#breadcrumb"},"inLanguage":"es","potentialAction":[{"@type":"ReadAction","target":["https:\/\/grupo.us.es\/democmedia\/lineas-de-investigacion\/"]}]},{"@type":"BreadcrumbList","@id":"https:\/\/grupo.us.es\/democmedia\/lineas-de-investigacion\/#breadcrumb","itemListElement":[{"@type":"ListItem","position":1,"name":"Portada","item":"https:\/\/grupo.us.es\/democmedia\/"},{"@type":"ListItem","position":2,"name":"L\u00edneas de investigaci\u00f3n"}]},{"@type":"WebSite","@id":"https:\/\/grupo.us.es\/democmedia\/#website","url":"https:\/\/grupo.us.es\/democmedia\/","name":"DEMOC-MEDIA","description":"Medios, Politicas de comunicaci\u00f3n y Democracia en la Uni\u00f3n Europea","publisher":{"@id":"https:\/\/grupo.us.es\/democmedia\/#organization"},"potentialAction":[{"@type":"SearchAction","target":{"@type":"EntryPoint","urlTemplate":"https:\/\/grupo.us.es\/democmedia\/?s={search_term_string}"},"query-input":{"@type":"PropertyValueSpecification","valueRequired":true,"valueName":"search_term_string"}}],"inLanguage":"es"},{"@type":"Organization","@id":"https:\/\/grupo.us.es\/democmedia\/#organization","name":"DEMOC-MEDIA","url":"https:\/\/grupo.us.es\/democmedia\/","logo":{"@type":"ImageObject","inLanguage":"es","@id":"https:\/\/grupo.us.es\/democmedia\/#\/schema\/logo\/image\/","url":"https:\/\/grupo.us.es\/democmedia\/wp-content\/uploads\/2025\/11\/democmedia_logo-1-e1764757674281.png","contentUrl":"https:\/\/grupo.us.es\/democmedia\/wp-content\/uploads\/2025\/11\/democmedia_logo-1-e1764757674281.png","width":239,"height":106,"caption":"DEMOC-MEDIA"},"image":{"@id":"https:\/\/grupo.us.es\/democmedia\/#\/schema\/logo\/image\/"}}]}},"_links":{"self":[{"href":"https:\/\/grupo.us.es\/democmedia\/wp-json\/wp\/v2\/pages\/17","targetHints":{"allow":["GET"]}}],"collection":[{"href":"https:\/\/grupo.us.es\/democmedia\/wp-json\/wp\/v2\/pages"}],"about":[{"href":"https:\/\/grupo.us.es\/democmedia\/wp-json\/wp\/v2\/types\/page"}],"author":[{"embeddable":true,"href":"https:\/\/grupo.us.es\/democmedia\/wp-json\/wp\/v2\/users\/1"}],"replies":[{"embeddable":true,"href":"https:\/\/grupo.us.es\/democmedia\/wp-json\/wp\/v2\/comments?post=17"}],"version-history":[{"count":0,"href":"https:\/\/grupo.us.es\/democmedia\/wp-json\/wp\/v2\/pages\/17\/revisions"}],"wp:attachment":[{"href":"https:\/\/grupo.us.es\/democmedia\/wp-json\/wp\/v2\/media?parent=17"}],"curies":[{"name":"wp","href":"https:\/\/api.w.org\/{rel}","templated":true}]}}