{"id":103,"date":"2026-01-22T08:41:20","date_gmt":"2026-01-22T07:41:20","guid":{"rendered":"https:\/\/grupo.us.es\/democmedia\/?page_id=103"},"modified":"2026-01-22T09:06:24","modified_gmt":"2026-01-22T08:06:24","slug":"publicaciones-cientificas-destacadas","status":"publish","type":"page","link":"https:\/\/grupo.us.es\/democmedia\/publicaciones-cientificas-destacadas\/","title":{"rendered":"Publicaciones cient\u00edficas destacadas"},"content":{"rendered":"\t\t<div data-elementor-type=\"wp-page\" data-elementor-id=\"103\" class=\"elementor elementor-103\" data-elementor-post-type=\"page\">\n\t\t\t\t<div class=\"elementor-element elementor-element-37ee375 e-flex e-con-boxed e-con e-parent\" data-id=\"37ee375\" data-element_type=\"container\" data-e-type=\"container\">\n\t\t\t\t\t<div class=\"e-con-inner\">\n\t\t\t\t<div class=\"elementor-element elementor-element-fd54de6 elementor-widget elementor-widget-text-editor\" data-id=\"fd54de6\" data-element_type=\"widget\" data-e-type=\"widget\" data-widget_type=\"text-editor.default\">\n\t\t\t\t\t\t\t\t\t<p>Se recogen los libros, art\u00edculos y cap\u00edtulos de libros de los miembros de DEMOC-MEDIA de los \u00faltimos diez a\u00f1os y cuando han sido primeros firmantes. Para producci\u00f3n anterior a esta fecha y con otros autores, recomendamos consultar el enlace a orcid de cada uno de los investigadores.<\/p>\t\t\t\t\t\t\t\t<\/div>\n\t\t\t\t\t<\/div>\n\t\t\t\t<\/div>\n\t\t<div class=\"elementor-element elementor-element-b74792d e-flex e-con-boxed e-con e-parent\" data-id=\"b74792d\" data-element_type=\"container\" data-e-type=\"container\">\n\t\t\t\t\t<div class=\"e-con-inner\">\n\t\t<div class=\"elementor-element elementor-element-3082dcc e-con-full e-flex e-con e-child\" data-id=\"3082dcc\" data-element_type=\"container\" data-e-type=\"container\">\n\t\t\t\t<div class=\"elementor-element elementor-element-a5f8ee4 elementor-widget elementor-widget-image\" data-id=\"a5f8ee4\" data-element_type=\"widget\" data-e-type=\"widget\" data-widget_type=\"image.default\">\n\t\t\t\t\t\t\t\t\t\t\t\t\t\t\t\t<a href=\"http:\/\/grupo.us.es\/democmedia\/wp-content\/uploads\/2026\/01\/PortadaMediosServicioPublico.jpg\" data-elementor-open-lightbox=\"yes\" data-e-action-hash=\"#elementor-action%3Aaction%3Dlightbox%26settings%3DeyJpZCI6MTA1LCJ1cmwiOiJodHRwczpcL1wvZ3J1cG8udXMuZXNcL2RlbW9jbWVkaWFcL3dwLWNvbnRlbnRcL3VwbG9hZHNcLzIwMjZcLzAxXC9Qb3J0YWRhTWVkaW9zU2VydmljaW9QdWJsaWNvLmpwZyJ9\">\n\t\t\t\t\t\t\t<img fetchpriority=\"high\" decoding=\"async\" width=\"699\" height=\"1024\" src=\"https:\/\/grupo.us.es\/democmedia\/wp-content\/uploads\/2026\/01\/PortadaMediosServicioPublico-699x1024.jpg\" class=\"attachment-large size-large wp-image-105\" alt=\"\" srcset=\"https:\/\/grupo.us.es\/democmedia\/wp-content\/uploads\/2026\/01\/PortadaMediosServicioPublico-699x1024.jpg 699w, https:\/\/grupo.us.es\/democmedia\/wp-content\/uploads\/2026\/01\/PortadaMediosServicioPublico-205x300.jpg 205w, https:\/\/grupo.us.es\/democmedia\/wp-content\/uploads\/2026\/01\/PortadaMediosServicioPublico-768x1124.jpg 768w, https:\/\/grupo.us.es\/democmedia\/wp-content\/uploads\/2026\/01\/PortadaMediosServicioPublico-1049x1536.jpg 1049w, https:\/\/grupo.us.es\/democmedia\/wp-content\/uploads\/2026\/01\/PortadaMediosServicioPublico.jpg 1185w\" sizes=\"(max-width: 699px) 100vw, 699px\" \/>\t\t\t\t\t\t\t\t<\/a>\n\t\t\t\t\t\t\t\t\t\t\t\t\t\t\t<\/div>\n\t\t\t\t<div class=\"elementor-element elementor-element-5b39039 elementor-widget elementor-widget-text-editor\" data-id=\"5b39039\" data-element_type=\"widget\" data-e-type=\"widget\" data-widget_type=\"text-editor.default\">\n\t\t\t\t\t\t\t\t\t<p>Labio-Bernal, A. &amp; Del Valle Rojas, C. (Eds.) (2025). <em>Medios, Servicio p\u00fablico y Pol\u00edticas de Comunicaci\u00f3n en Am\u00e9rica Latina Espa\u00f1a y Portugal. <\/em>Comunicaci\u00f3n Social Ediciones.<\/p>\t\t\t\t\t\t\t\t<\/div>\n\t\t\t\t<\/div>\n\t\t<div class=\"elementor-element elementor-element-130f791 e-con-full e-flex e-con e-child\" data-id=\"130f791\" data-element_type=\"container\" data-e-type=\"container\">\n\t\t\t\t<div class=\"elementor-element elementor-element-30026cb elementor-widget elementor-widget-image\" data-id=\"30026cb\" data-element_type=\"widget\" data-e-type=\"widget\" data-widget_type=\"image.default\">\n\t\t\t\t\t\t\t\t\t\t\t\t\t\t\t\t<a href=\"http:\/\/grupo.us.es\/democmedia\/wp-content\/uploads\/2026\/01\/PortadaJournalismMcChesney.jpg\" data-elementor-open-lightbox=\"yes\" data-e-action-hash=\"#elementor-action%3Aaction%3Dlightbox%26settings%3DeyJpZCI6MTA2LCJ1cmwiOiJodHRwczpcL1wvZ3J1cG8udXMuZXNcL2RlbW9jbWVkaWFcL3dwLWNvbnRlbnRcL3VwbG9hZHNcLzIwMjZcLzAxXC9Qb3J0YWRhSm91cm5hbGlzbU1jQ2hlc25leS5qcGcifQ%3D%3D\">\n\t\t\t\t\t\t\t<img decoding=\"async\" width=\"360\" height=\"518\" src=\"https:\/\/grupo.us.es\/democmedia\/wp-content\/uploads\/2026\/01\/PortadaJournalismMcChesney.jpg\" class=\"attachment-large size-large wp-image-106\" alt=\"\" srcset=\"https:\/\/grupo.us.es\/democmedia\/wp-content\/uploads\/2026\/01\/PortadaJournalismMcChesney.jpg 360w, https:\/\/grupo.us.es\/democmedia\/wp-content\/uploads\/2026\/01\/PortadaJournalismMcChesney-208x300.jpg 208w\" sizes=\"(max-width: 360px) 100vw, 360px\" \/>\t\t\t\t\t\t\t\t<\/a>\n\t\t\t\t\t\t\t\t\t\t\t\t\t\t\t<\/div>\n\t\t\t\t<div class=\"elementor-element elementor-element-ef9afb9 elementor-widget elementor-widget-text-editor\" data-id=\"ef9afb9\" data-element_type=\"widget\" data-e-type=\"widget\" data-widget_type=\"text-editor.default\">\n\t\t\t\t\t\t\t\t\t<p>Labio-Bernal, A. (Ed.). (2023). <em>Journalism, Democracy and Power. A dialogue with Robert McChesnesy<\/em>. McGraw-Hill Aula Magna Ed.<\/p>\t\t\t\t\t\t\t\t<\/div>\n\t\t\t\t<\/div>\n\t\t<div class=\"elementor-element elementor-element-d854986 e-con-full e-flex e-con e-child\" data-id=\"d854986\" data-element_type=\"container\" data-e-type=\"container\">\n\t\t\t\t<div class=\"elementor-element elementor-element-b6c088d elementor-widget elementor-widget-image\" data-id=\"b6c088d\" data-element_type=\"widget\" data-e-type=\"widget\" data-widget_type=\"image.default\">\n\t\t\t\t\t\t\t\t\t\t\t\t\t\t\t\t<a href=\"http:\/\/grupo.us.es\/democmedia\/wp-content\/uploads\/2026\/01\/PortadaPluralismoCultural.jpg\" data-elementor-open-lightbox=\"yes\" data-e-action-hash=\"#elementor-action%3Aaction%3Dlightbox%26settings%3DeyJpZCI6MTA3LCJ1cmwiOiJodHRwczpcL1wvZ3J1cG8udXMuZXNcL2RlbW9jbWVkaWFcL3dwLWNvbnRlbnRcL3VwbG9hZHNcLzIwMjZcLzAxXC9Qb3J0YWRhUGx1cmFsaXNtb0N1bHR1cmFsLmpwZyJ9\">\n\t\t\t\t\t\t\t<img decoding=\"async\" width=\"393\" height=\"600\" src=\"https:\/\/grupo.us.es\/democmedia\/wp-content\/uploads\/2026\/01\/PortadaPluralismoCultural.jpg\" class=\"attachment-large size-large wp-image-107\" alt=\"\" srcset=\"https:\/\/grupo.us.es\/democmedia\/wp-content\/uploads\/2026\/01\/PortadaPluralismoCultural.jpg 393w, https:\/\/grupo.us.es\/democmedia\/wp-content\/uploads\/2026\/01\/PortadaPluralismoCultural-197x300.jpg 197w\" sizes=\"(max-width: 393px) 100vw, 393px\" \/>\t\t\t\t\t\t\t\t<\/a>\n\t\t\t\t\t\t\t\t\t\t\t\t\t\t\t<\/div>\n\t\t\t\t<div class=\"elementor-element elementor-element-e2a76b1 elementor-widget elementor-widget-text-editor\" data-id=\"e2a76b1\" data-element_type=\"widget\" data-e-type=\"widget\" data-widget_type=\"text-editor.default\">\n\t\t\t\t\t\t\t\t\t<p>Labio-Bernal, A. &amp; Rubira-Garc\u00eda, R. (Eds.) (2023). <em>Comunicaci\u00f3n, poder y pluralismo cultural<\/em>. Ed. Fragua.<\/p>\t\t\t\t\t\t\t\t<\/div>\n\t\t\t\t<\/div>\n\t\t<div class=\"elementor-element elementor-element-cdce167 e-con-full e-flex e-con e-child\" data-id=\"cdce167\" data-element_type=\"container\" data-e-type=\"container\">\n\t\t\t\t<div class=\"elementor-element elementor-element-a708125 elementor-widget elementor-widget-image\" data-id=\"a708125\" data-element_type=\"widget\" data-e-type=\"widget\" data-widget_type=\"image.default\">\n\t\t\t\t\t\t\t\t\t\t\t\t\t\t\t\t<a href=\"http:\/\/grupo.us.es\/democmedia\/wp-content\/uploads\/2026\/01\/PortadaPeriodismoSOS.jpg\" data-elementor-open-lightbox=\"yes\" data-e-action-hash=\"#elementor-action%3Aaction%3Dlightbox%26settings%3DeyJpZCI6MTA4LCJ1cmwiOiJodHRwczpcL1wvZ3J1cG8udXMuZXNcL2RlbW9jbWVkaWFcL3dwLWNvbnRlbnRcL3VwbG9hZHNcLzIwMjZcLzAxXC9Qb3J0YWRhUGVyaW9kaXNtb1NPUy5qcGcifQ%3D%3D\">\n\t\t\t\t\t\t\t<img loading=\"lazy\" decoding=\"async\" width=\"230\" height=\"230\" src=\"https:\/\/grupo.us.es\/democmedia\/wp-content\/uploads\/2026\/01\/PortadaPeriodismoSOS.jpg\" class=\"attachment-large size-large wp-image-108\" alt=\"\" srcset=\"https:\/\/grupo.us.es\/democmedia\/wp-content\/uploads\/2026\/01\/PortadaPeriodismoSOS.jpg 230w, https:\/\/grupo.us.es\/democmedia\/wp-content\/uploads\/2026\/01\/PortadaPeriodismoSOS-150x150.jpg 150w\" sizes=\"(max-width: 230px) 100vw, 230px\" \/>\t\t\t\t\t\t\t\t<\/a>\n\t\t\t\t\t\t\t\t\t\t\t\t\t\t\t<\/div>\n\t\t\t\t<div class=\"elementor-element elementor-element-7e95882 elementor-widget elementor-widget-text-editor\" data-id=\"7e95882\" data-element_type=\"widget\" data-e-type=\"widget\" data-widget_type=\"text-editor.default\">\n\t\t\t\t\t\t\t\t\t<p>Labio-Bernal, A. &amp; Romero-Dom\u00ednguez, L. R. (2022). <em>Periodismo SOS: del filantrocapitalismo al poder que mata<\/em>. Ediciones Pir\u00e1mide.<\/p>\t\t\t\t\t\t\t\t<\/div>\n\t\t\t\t<\/div>\n\t\t<div class=\"elementor-element elementor-element-3b84e37 e-con-full e-flex e-con e-child\" data-id=\"3b84e37\" data-element_type=\"container\" data-e-type=\"container\">\n\t\t\t\t<div class=\"elementor-element elementor-element-1fcc2f8 elementor-widget elementor-widget-image\" data-id=\"1fcc2f8\" data-element_type=\"widget\" data-e-type=\"widget\" data-widget_type=\"image.default\">\n\t\t\t\t\t\t\t\t\t\t\t\t\t\t\t\t<a href=\"http:\/\/grupo.us.es\/democmedia\/wp-content\/uploads\/2026\/01\/PortadaGarciaOrtaRomaen-scaled.jpg\" data-elementor-open-lightbox=\"yes\" data-e-action-hash=\"#elementor-action%3Aaction%3Dlightbox%26settings%3DeyJpZCI6MTA5LCJ1cmwiOiJodHRwczpcL1wvZ3J1cG8udXMuZXNcL2RlbW9jbWVkaWFcL3dwLWNvbnRlbnRcL3VwbG9hZHNcLzIwMjZcLzAxXC9Qb3J0YWRhR2FyY2lhT3J0YVJvbWFlbi1zY2FsZWQuanBnIn0%3D\">\n\t\t\t\t\t\t\t<img loading=\"lazy\" decoding=\"async\" width=\"677\" height=\"1024\" src=\"https:\/\/grupo.us.es\/democmedia\/wp-content\/uploads\/2026\/01\/PortadaGarciaOrtaRomaen-677x1024.jpg\" class=\"attachment-large size-large wp-image-109\" alt=\"\" srcset=\"https:\/\/grupo.us.es\/democmedia\/wp-content\/uploads\/2026\/01\/PortadaGarciaOrtaRomaen-677x1024.jpg 677w, https:\/\/grupo.us.es\/democmedia\/wp-content\/uploads\/2026\/01\/PortadaGarciaOrtaRomaen-198x300.jpg 198w, https:\/\/grupo.us.es\/democmedia\/wp-content\/uploads\/2026\/01\/PortadaGarciaOrtaRomaen-768x1163.jpg 768w, https:\/\/grupo.us.es\/democmedia\/wp-content\/uploads\/2026\/01\/PortadaGarciaOrtaRomaen-1015x1536.jpg 1015w, https:\/\/grupo.us.es\/democmedia\/wp-content\/uploads\/2026\/01\/PortadaGarciaOrtaRomaen-1353x2048.jpg 1353w, https:\/\/grupo.us.es\/democmedia\/wp-content\/uploads\/2026\/01\/PortadaGarciaOrtaRomaen-scaled.jpg 1691w\" sizes=\"(max-width: 677px) 100vw, 677px\" \/>\t\t\t\t\t\t\t\t<\/a>\n\t\t\t\t\t\t\t\t\t\t\t\t\t\t\t<\/div>\n\t\t\t\t<div class=\"elementor-element elementor-element-cfa1f7d elementor-widget elementor-widget-text-editor\" data-id=\"cfa1f7d\" data-element_type=\"widget\" data-e-type=\"widget\" data-widget_type=\"text-editor.default\">\n\t\t\t\t\t\t\t\t\t<p>Garc\u00eda-Orta, M\u00aa J. &amp; Mart\u00edn Santos, F.R. (Eds.) (2022). <em>El poder de la comunicaci\u00f3n: periodismo, educaci\u00f3n y feminismo<\/em>. Dykinson.<\/p>\t\t\t\t\t\t\t\t<\/div>\n\t\t\t\t<\/div>\n\t\t<div class=\"elementor-element elementor-element-39c1520 e-con-full e-flex e-con e-child\" data-id=\"39c1520\" data-element_type=\"container\" data-e-type=\"container\">\n\t\t\t\t<div class=\"elementor-element elementor-element-2a05b6f elementor-widget elementor-widget-image\" data-id=\"2a05b6f\" data-element_type=\"widget\" data-e-type=\"widget\" data-widget_type=\"image.default\">\n\t\t\t\t\t\t\t\t\t\t\t\t\t\t\t\t<a href=\"http:\/\/grupo.us.es\/democmedia\/wp-content\/uploads\/2026\/01\/PortadaGarciaPrietoZambruno-scaled.jpg\" data-elementor-open-lightbox=\"yes\" data-e-action-hash=\"#elementor-action%3Aaction%3Dlightbox%26settings%3DeyJpZCI6MTEwLCJ1cmwiOiJodHRwczpcL1wvZ3J1cG8udXMuZXNcL2RlbW9jbWVkaWFcL3dwLWNvbnRlbnRcL3VwbG9hZHNcLzIwMjZcLzAxXC9Qb3J0YWRhR2FyY2lhUHJpZXRvWmFtYnJ1bm8tc2NhbGVkLmpwZyJ9\">\n\t\t\t\t\t\t\t<img loading=\"lazy\" decoding=\"async\" width=\"671\" height=\"1024\" src=\"https:\/\/grupo.us.es\/democmedia\/wp-content\/uploads\/2026\/01\/PortadaGarciaPrietoZambruno-671x1024.jpg\" class=\"attachment-large size-large wp-image-110\" alt=\"\" srcset=\"https:\/\/grupo.us.es\/democmedia\/wp-content\/uploads\/2026\/01\/PortadaGarciaPrietoZambruno-671x1024.jpg 671w, https:\/\/grupo.us.es\/democmedia\/wp-content\/uploads\/2026\/01\/PortadaGarciaPrietoZambruno-196x300.jpg 196w, https:\/\/grupo.us.es\/democmedia\/wp-content\/uploads\/2026\/01\/PortadaGarciaPrietoZambruno-768x1173.jpg 768w, https:\/\/grupo.us.es\/democmedia\/wp-content\/uploads\/2026\/01\/PortadaGarciaPrietoZambruno-1006x1536.jpg 1006w, https:\/\/grupo.us.es\/democmedia\/wp-content\/uploads\/2026\/01\/PortadaGarciaPrietoZambruno-1341x2048.jpg 1341w, https:\/\/grupo.us.es\/democmedia\/wp-content\/uploads\/2026\/01\/PortadaGarciaPrietoZambruno-scaled.jpg 1676w\" sizes=\"(max-width: 671px) 100vw, 671px\" \/>\t\t\t\t\t\t\t\t<\/a>\n\t\t\t\t\t\t\t\t\t\t\t\t\t\t\t<\/div>\n\t\t\t\t<div class=\"elementor-element elementor-element-1c928c1 elementor-widget elementor-widget-text-editor\" data-id=\"1c928c1\" data-element_type=\"widget\" data-e-type=\"widget\" data-widget_type=\"text-editor.default\">\n\t\t\t\t\t\t\t\t\t<p>Garc\u00eda-Prieto, V. &amp; Manzano Zambruno, L. (Eds.) (2022). <em>Pensar el poder: derechos humanos y herramientas comunicativas<\/em>. Dykinson.<\/p>\t\t\t\t\t\t\t\t<\/div>\n\t\t\t\t<\/div>\n\t\t<div class=\"elementor-element elementor-element-8321894 e-con-full e-flex e-con e-child\" data-id=\"8321894\" data-element_type=\"container\" data-e-type=\"container\">\n\t\t\t\t<div class=\"elementor-element elementor-element-faf5df8 elementor-widget elementor-widget-image\" data-id=\"faf5df8\" data-element_type=\"widget\" data-e-type=\"widget\" data-widget_type=\"image.default\">\n\t\t\t\t\t\t\t\t\t\t\t\t\t\t\t\t<a href=\"http:\/\/grupo.us.es\/democmedia\/wp-content\/uploads\/2026\/01\/PortadaPanamaPapers.jpg\" data-elementor-open-lightbox=\"yes\" data-e-action-hash=\"#elementor-action%3Aaction%3Dlightbox%26settings%3DeyJpZCI6MTExLCJ1cmwiOiJodHRwczpcL1wvZ3J1cG8udXMuZXNcL2RlbW9jbWVkaWFcL3dwLWNvbnRlbnRcL3VwbG9hZHNcLzIwMjZcLzAxXC9Qb3J0YWRhUGFuYW1hUGFwZXJzLmpwZyJ9\">\n\t\t\t\t\t\t\t<img loading=\"lazy\" decoding=\"async\" width=\"220\" height=\"339\" src=\"https:\/\/grupo.us.es\/democmedia\/wp-content\/uploads\/2026\/01\/PortadaPanamaPapers.jpg\" class=\"attachment-large size-large wp-image-111\" alt=\"\" srcset=\"https:\/\/grupo.us.es\/democmedia\/wp-content\/uploads\/2026\/01\/PortadaPanamaPapers.jpg 220w, https:\/\/grupo.us.es\/democmedia\/wp-content\/uploads\/2026\/01\/PortadaPanamaPapers-195x300.jpg 195w\" sizes=\"(max-width: 220px) 100vw, 220px\" \/>\t\t\t\t\t\t\t\t<\/a>\n\t\t\t\t\t\t\t\t\t\t\t\t\t\t\t<\/div>\n\t\t\t\t<div class=\"elementor-element elementor-element-92d1b5d elementor-widget elementor-widget-text-editor\" data-id=\"92d1b5d\" data-element_type=\"widget\" data-e-type=\"widget\" data-widget_type=\"text-editor.default\">\n\t\t\t\t\t\t\t\t\t<p>Romero-Dom\u00ednguez, L.R. &amp; Garc\u00eda-Orta, M\u00aa J. (2019). <em>C\u00f3mo destapar otro Panama Papers: nuevos retos para el periodismo de investigaci\u00f3n<\/em>. Universitat Oberta de Catalunya.<\/p>\t\t\t\t\t\t\t\t<\/div>\n\t\t\t\t<\/div>\n\t\t\t\t\t<\/div>\n\t\t\t\t<\/div>\n\t\t<div class=\"elementor-element elementor-element-92b6746 e-flex e-con-boxed e-con e-parent\" data-id=\"92b6746\" data-element_type=\"container\" data-e-type=\"container\">\n\t\t\t\t\t<div class=\"e-con-inner\">\n\t\t\t\t\t<\/div>\n\t\t\t\t<\/div>\n\t\t\t\t<\/div>\n\t\t","protected":false},"excerpt":{"rendered":"<p>Se recogen los libros, art\u00edculos y cap\u00edtulos de libros de los miembros de DEMOC-MEDIA de los \u00faltimos diez a\u00f1os y cuando han sido primeros firmantes. Para producci\u00f3n anterior a esta fecha y con otros autores, recomendamos consultar el enlace a orcid de cada uno de los investigadores. Labio-Bernal, A. &amp; Del Valle Rojas, C. (Eds.) [&hellip;]<\/p>\n","protected":false},"author":1,"featured_media":0,"parent":0,"menu_order":0,"comment_status":"closed","ping_status":"closed","template":"","meta":{"_acf_changed":false,"footnotes":""},"class_list":["post-103","page","type-page","status-publish","hentry"],"acf":[],"yoast_head":"<!-- This site is optimized with the Yoast SEO plugin v27.0 - https:\/\/yoast.com\/product\/yoast-seo-wordpress\/ -->\n<title>Publicaciones cient\u00edficas destacadas - DEMOC-MEDIA<\/title>\n<meta name=\"robots\" content=\"index, follow, max-snippet:-1, max-image-preview:large, max-video-preview:-1\" \/>\n<link rel=\"canonical\" href=\"https:\/\/grupo.us.es\/democmedia\/publicaciones-cientificas-destacadas\/\" \/>\n<meta property=\"og:locale\" content=\"es_ES\" \/>\n<meta property=\"og:type\" content=\"article\" \/>\n<meta property=\"og:title\" content=\"Publicaciones cient\u00edficas destacadas - DEMOC-MEDIA\" \/>\n<meta property=\"og:description\" content=\"Se recogen los libros, art\u00edculos y cap\u00edtulos de libros de los miembros de DEMOC-MEDIA de los \u00faltimos diez a\u00f1os y cuando han sido primeros firmantes. Para producci\u00f3n anterior a esta fecha y con otros autores, recomendamos consultar el enlace a orcid de cada uno de los investigadores. Labio-Bernal, A. &amp; Del Valle Rojas, C. (Eds.) [&hellip;]\" \/>\n<meta property=\"og:url\" content=\"https:\/\/grupo.us.es\/democmedia\/publicaciones-cientificas-destacadas\/\" \/>\n<meta property=\"og:site_name\" content=\"DEMOC-MEDIA\" \/>\n<meta property=\"article:modified_time\" content=\"2026-01-22T08:06:24+00:00\" \/>\n<meta property=\"og:image\" content=\"http:\/\/grupo.us.es\/democmedia\/wp-content\/uploads\/2026\/01\/PortadaMediosServicioPublico-699x1024.jpg\" \/>\n<meta name=\"twitter:card\" content=\"summary_large_image\" \/>\n<meta name=\"twitter:label1\" content=\"Tiempo de lectura\" \/>\n\t<meta name=\"twitter:data1\" content=\"1 minuto\" \/>\n<script type=\"application\/ld+json\" class=\"yoast-schema-graph\">{\"@context\":\"https:\/\/schema.org\",\"@graph\":[{\"@type\":\"WebPage\",\"@id\":\"https:\/\/grupo.us.es\/democmedia\/publicaciones-cientificas-destacadas\/\",\"url\":\"https:\/\/grupo.us.es\/democmedia\/publicaciones-cientificas-destacadas\/\",\"name\":\"Publicaciones cient\u00edficas destacadas - DEMOC-MEDIA\",\"isPartOf\":{\"@id\":\"https:\/\/grupo.us.es\/democmedia\/#website\"},\"primaryImageOfPage\":{\"@id\":\"https:\/\/grupo.us.es\/democmedia\/publicaciones-cientificas-destacadas\/#primaryimage\"},\"image\":{\"@id\":\"https:\/\/grupo.us.es\/democmedia\/publicaciones-cientificas-destacadas\/#primaryimage\"},\"thumbnailUrl\":\"http:\/\/grupo.us.es\/democmedia\/wp-content\/uploads\/2026\/01\/PortadaMediosServicioPublico-699x1024.jpg\",\"datePublished\":\"2026-01-22T07:41:20+00:00\",\"dateModified\":\"2026-01-22T08:06:24+00:00\",\"breadcrumb\":{\"@id\":\"https:\/\/grupo.us.es\/democmedia\/publicaciones-cientificas-destacadas\/#breadcrumb\"},\"inLanguage\":\"es\",\"potentialAction\":[{\"@type\":\"ReadAction\",\"target\":[\"https:\/\/grupo.us.es\/democmedia\/publicaciones-cientificas-destacadas\/\"]}]},{\"@type\":\"ImageObject\",\"inLanguage\":\"es\",\"@id\":\"https:\/\/grupo.us.es\/democmedia\/publicaciones-cientificas-destacadas\/#primaryimage\",\"url\":\"https:\/\/grupo.us.es\/democmedia\/wp-content\/uploads\/2026\/01\/PortadaMediosServicioPublico.jpg\",\"contentUrl\":\"https:\/\/grupo.us.es\/democmedia\/wp-content\/uploads\/2026\/01\/PortadaMediosServicioPublico.jpg\",\"width\":1185,\"height\":1735},{\"@type\":\"BreadcrumbList\",\"@id\":\"https:\/\/grupo.us.es\/democmedia\/publicaciones-cientificas-destacadas\/#breadcrumb\",\"itemListElement\":[{\"@type\":\"ListItem\",\"position\":1,\"name\":\"Portada\",\"item\":\"https:\/\/grupo.us.es\/democmedia\/\"},{\"@type\":\"ListItem\",\"position\":2,\"name\":\"Publicaciones cient\u00edficas destacadas\"}]},{\"@type\":\"WebSite\",\"@id\":\"https:\/\/grupo.us.es\/democmedia\/#website\",\"url\":\"https:\/\/grupo.us.es\/democmedia\/\",\"name\":\"DEMOC-MEDIA\",\"description\":\"Medios, Politicas de comunicaci\u00f3n y Democracia en la Uni\u00f3n Europea\",\"publisher\":{\"@id\":\"https:\/\/grupo.us.es\/democmedia\/#organization\"},\"potentialAction\":[{\"@type\":\"SearchAction\",\"target\":{\"@type\":\"EntryPoint\",\"urlTemplate\":\"https:\/\/grupo.us.es\/democmedia\/?s={search_term_string}\"},\"query-input\":{\"@type\":\"PropertyValueSpecification\",\"valueRequired\":true,\"valueName\":\"search_term_string\"}}],\"inLanguage\":\"es\"},{\"@type\":\"Organization\",\"@id\":\"https:\/\/grupo.us.es\/democmedia\/#organization\",\"name\":\"DEMOC-MEDIA\",\"url\":\"https:\/\/grupo.us.es\/democmedia\/\",\"logo\":{\"@type\":\"ImageObject\",\"inLanguage\":\"es\",\"@id\":\"https:\/\/grupo.us.es\/democmedia\/#\/schema\/logo\/image\/\",\"url\":\"https:\/\/grupo.us.es\/democmedia\/wp-content\/uploads\/2025\/11\/democmedia_logo-1-e1764757674281.png\",\"contentUrl\":\"https:\/\/grupo.us.es\/democmedia\/wp-content\/uploads\/2025\/11\/democmedia_logo-1-e1764757674281.png\",\"width\":239,\"height\":106,\"caption\":\"DEMOC-MEDIA\"},\"image\":{\"@id\":\"https:\/\/grupo.us.es\/democmedia\/#\/schema\/logo\/image\/\"}}]}<\/script>\n<!-- \/ Yoast SEO plugin. -->","yoast_head_json":{"title":"Publicaciones cient\u00edficas destacadas - DEMOC-MEDIA","robots":{"index":"index","follow":"follow","max-snippet":"max-snippet:-1","max-image-preview":"max-image-preview:large","max-video-preview":"max-video-preview:-1"},"canonical":"https:\/\/grupo.us.es\/democmedia\/publicaciones-cientificas-destacadas\/","og_locale":"es_ES","og_type":"article","og_title":"Publicaciones cient\u00edficas destacadas - DEMOC-MEDIA","og_description":"Se recogen los libros, art\u00edculos y cap\u00edtulos de libros de los miembros de DEMOC-MEDIA de los \u00faltimos diez a\u00f1os y cuando han sido primeros firmantes. Para producci\u00f3n anterior a esta fecha y con otros autores, recomendamos consultar el enlace a orcid de cada uno de los investigadores. Labio-Bernal, A. &amp; Del Valle Rojas, C. (Eds.) [&hellip;]","og_url":"https:\/\/grupo.us.es\/democmedia\/publicaciones-cientificas-destacadas\/","og_site_name":"DEMOC-MEDIA","article_modified_time":"2026-01-22T08:06:24+00:00","og_image":[{"url":"http:\/\/grupo.us.es\/democmedia\/wp-content\/uploads\/2026\/01\/PortadaMediosServicioPublico-699x1024.jpg","type":"","width":"","height":""}],"twitter_card":"summary_large_image","twitter_misc":{"Tiempo de lectura":"1 minuto"},"schema":{"@context":"https:\/\/schema.org","@graph":[{"@type":"WebPage","@id":"https:\/\/grupo.us.es\/democmedia\/publicaciones-cientificas-destacadas\/","url":"https:\/\/grupo.us.es\/democmedia\/publicaciones-cientificas-destacadas\/","name":"Publicaciones cient\u00edficas destacadas - DEMOC-MEDIA","isPartOf":{"@id":"https:\/\/grupo.us.es\/democmedia\/#website"},"primaryImageOfPage":{"@id":"https:\/\/grupo.us.es\/democmedia\/publicaciones-cientificas-destacadas\/#primaryimage"},"image":{"@id":"https:\/\/grupo.us.es\/democmedia\/publicaciones-cientificas-destacadas\/#primaryimage"},"thumbnailUrl":"http:\/\/grupo.us.es\/democmedia\/wp-content\/uploads\/2026\/01\/PortadaMediosServicioPublico-699x1024.jpg","datePublished":"2026-01-22T07:41:20+00:00","dateModified":"2026-01-22T08:06:24+00:00","breadcrumb":{"@id":"https:\/\/grupo.us.es\/democmedia\/publicaciones-cientificas-destacadas\/#breadcrumb"},"inLanguage":"es","potentialAction":[{"@type":"ReadAction","target":["https:\/\/grupo.us.es\/democmedia\/publicaciones-cientificas-destacadas\/"]}]},{"@type":"ImageObject","inLanguage":"es","@id":"https:\/\/grupo.us.es\/democmedia\/publicaciones-cientificas-destacadas\/#primaryimage","url":"https:\/\/grupo.us.es\/democmedia\/wp-content\/uploads\/2026\/01\/PortadaMediosServicioPublico.jpg","contentUrl":"https:\/\/grupo.us.es\/democmedia\/wp-content\/uploads\/2026\/01\/PortadaMediosServicioPublico.jpg","width":1185,"height":1735},{"@type":"BreadcrumbList","@id":"https:\/\/grupo.us.es\/democmedia\/publicaciones-cientificas-destacadas\/#breadcrumb","itemListElement":[{"@type":"ListItem","position":1,"name":"Portada","item":"https:\/\/grupo.us.es\/democmedia\/"},{"@type":"ListItem","position":2,"name":"Publicaciones cient\u00edficas destacadas"}]},{"@type":"WebSite","@id":"https:\/\/grupo.us.es\/democmedia\/#website","url":"https:\/\/grupo.us.es\/democmedia\/","name":"DEMOC-MEDIA","description":"Medios, Politicas de comunicaci\u00f3n y Democracia en la Uni\u00f3n Europea","publisher":{"@id":"https:\/\/grupo.us.es\/democmedia\/#organization"},"potentialAction":[{"@type":"SearchAction","target":{"@type":"EntryPoint","urlTemplate":"https:\/\/grupo.us.es\/democmedia\/?s={search_term_string}"},"query-input":{"@type":"PropertyValueSpecification","valueRequired":true,"valueName":"search_term_string"}}],"inLanguage":"es"},{"@type":"Organization","@id":"https:\/\/grupo.us.es\/democmedia\/#organization","name":"DEMOC-MEDIA","url":"https:\/\/grupo.us.es\/democmedia\/","logo":{"@type":"ImageObject","inLanguage":"es","@id":"https:\/\/grupo.us.es\/democmedia\/#\/schema\/logo\/image\/","url":"https:\/\/grupo.us.es\/democmedia\/wp-content\/uploads\/2025\/11\/democmedia_logo-1-e1764757674281.png","contentUrl":"https:\/\/grupo.us.es\/democmedia\/wp-content\/uploads\/2025\/11\/democmedia_logo-1-e1764757674281.png","width":239,"height":106,"caption":"DEMOC-MEDIA"},"image":{"@id":"https:\/\/grupo.us.es\/democmedia\/#\/schema\/logo\/image\/"}}]}},"_links":{"self":[{"href":"https:\/\/grupo.us.es\/democmedia\/wp-json\/wp\/v2\/pages\/103","targetHints":{"allow":["GET"]}}],"collection":[{"href":"https:\/\/grupo.us.es\/democmedia\/wp-json\/wp\/v2\/pages"}],"about":[{"href":"https:\/\/grupo.us.es\/democmedia\/wp-json\/wp\/v2\/types\/page"}],"author":[{"embeddable":true,"href":"https:\/\/grupo.us.es\/democmedia\/wp-json\/wp\/v2\/users\/1"}],"replies":[{"embeddable":true,"href":"https:\/\/grupo.us.es\/democmedia\/wp-json\/wp\/v2\/comments?post=103"}],"version-history":[{"count":0,"href":"https:\/\/grupo.us.es\/democmedia\/wp-json\/wp\/v2\/pages\/103\/revisions"}],"wp:attachment":[{"href":"https:\/\/grupo.us.es\/democmedia\/wp-json\/wp\/v2\/media?parent=103"}],"curies":[{"name":"wp","href":"https:\/\/api.w.org\/{rel}","templated":true}]}}