{"id":8031,"date":"2022-03-17T12:44:36","date_gmt":"2022-03-17T12:44:36","guid":{"rendered":"https:\/\/staging-arc.liquid-themes.com\/modern-blocks\/?page_id=7"},"modified":"2024-04-03T14:58:25","modified_gmt":"2024-04-03T12:58:25","slug":"homepage","status":"publish","type":"page","link":"https:\/\/grupo.us.es\/creativecity\/","title":{"rendered":"Homepage"},"content":{"rendered":"\t\t<div data-elementor-type=\"wp-page\" data-elementor-id=\"8031\" class=\"elementor elementor-8031\">\n\t\t\t\t\t\t\t\t\t<section class=\"elementor-section elementor-top-section elementor-element elementor-element-e303a91 elementor-section-full_width elementor-section-height-min-height elementor-section-height-default elementor-section-items-middle\" data-id=\"e303a91\" data-element_type=\"section\">\n\t\t\t\t\t\t<div class=\"elementor-container elementor-column-gap-no\">\n\t\t\t\t\t<div class=\"elementor-column elementor-col-100 elementor-top-column elementor-element elementor-element-c97a71b\" data-id=\"c97a71b\" data-element_type=\"column\">\n\t\t\t<div class=\"elementor-widget-wrap elementor-element-populated\">\n\t\t\t\t\t\t\t\t<div class=\"elementor-element elementor-element-631a689 elementor-widget elementor-widget-ld_animated_frame\" data-id=\"631a689\" data-element_type=\"widget\" data-widget_type=\"ld_animated_frame.default\">\n\t\t\t\t<div class=\"elementor-widget-container\">\n\t\t\t\t\t<div class=\"lqd-af w-100 h-vh-100 pos-rel overflow-hidden\" data-liquid-animatedframes=\"true\"  data-af-options='{\"scrollable\":true,\"forceDisablingWindowScroll\":true}'>\n\t\t\t<div class=\"lqd-af-slides lqd-overlay\">\n\n\t\t\t\n\t\t\t\t<div class=\"lqd-af-slide d-flex flex-column align-items-center justify-content-center lqd-overlay overflow-hidden elementor-repeater-item-3424096\">\n\n\t\t\t\t\t<div class=\"lqd-af-slide__img lqd-overlay overflow-hidden will-change-transform\">\n\t\t\t\t\t\t<div class=\"lqd-af-slide__img__inner w-100 h-100 overflow-hidden will-change-transform\">\n\t\t\t\t\t\t\t<figure class=\"w-100 h-100 overflow-hidden will-change-transform\">\n\t\t\t\t\t\t<div class=\"lqd-vbg-wrap\">\n\t\t\t\t\t\t\t<div class=\"lqd-vbg-inner\">\n\t\t\t\t\t\t\t\t<span class=\"lqd-vbg-loader\"><\/span>\n\t\t\t\t\t\t\t\t<div\n\t\t\t\t\t\t\t\t\tclass=\"lqd-vbg-video\"\n\t\t\t\t\t\t\t\t\tdata-video-bg=\"true\"\n\t\t\t\t\t\t\t\t\tdata-youtube-options='{\n\t\t\t\t\t\t\t\t\t\t\"videoURL\": \"https:\/\/www.youtube.com\/watch?v=M1Uw69Y6rzU\",\n\t\t\t\t\t\t\t\t\t\t\"startAt\": 0,\n\t\t\t\t\t\t\t\t\t\t\"stopAt\": \"12\"\n\t\t\t\t\t\t\t\t\t}'\n\t\t\t\t\t\t\t\t><\/div>\n\t\t\t\t\t\t\t<\/div>\n\t\t\t\t\t\t<\/div>\n\t\t\t\t\t<\/figure>\t\t\t\t\t\t\t<span class=\"lqd-overlay\"><\/span>\n\t\t\t\t\t\t<\/div>\n\t\t\t\t\t<\/div>\n\n\t\t\t\t\t<div class=\"lqd-af-slide__content w-100 pos-rel z-index-5\">\n\t\t\t\t\t\t\t\t\t\t\t\t\t<div class=\"lqd-af-slide__title-container d-inline-block pos-rel\">\n\t\t\t\t\t\t\t\t<svg class=\"lqd-af-slide__title-svg lqd-overlay\" height=\"100\" width=\"100\">\n\t\t\t\t\t\t\t\t\t<mask id=\"slide-3424096\">\n\t\t\t\t\t\t\t\t\t\t<rect x=\"0\" y=\"0\" width=\"100%\" height=\"100%\" fill=\"#fff\" class=\"lqd-af-slide__mask-rect\" \/>\n\t\t\t\t\t\t\t\t\t\t<text dominant-baseline=\"middle\" x=\"0.35em\" y=\"55%\" class=\"lqd-af-slide__title lqd-af-slide__title-text h2\" fill=\"#000\">PROYECTO<\/text>\n\t\t\t\t\t\t\t\t\t<\/mask>\n\t\t\t\t\t\t\t\t\t<rect width=\"100%\" height=\"100%\" class=\"lqd-af-slide__title-bg\" mask=\"url(#slide-3424096)\" fill=\"currentColor\"\/>\n\t\t\t\t\t\t\t\t<\/svg>\n\t\t\t\t\t\t\t\t<h2 class=\"lqd-af-slide__title invisible ws-nowrap\">PROYECTO<\/h2>\n\t\t\t\t\t\t\t<\/div>\n\t\t\t\t\t\t\t<p class=\"lqd-af-slide__desc pos-rel\"><b>CREAfab: Metodolog\u00edas para una Reindustrializaci\u00f3n Creativa de los Centros Hist\u00f3ricos<\/b>. Industrias Creativas, Patrimonio Industrial y Nuevas Formas Sostenibles de Habitar, es un proyecto I+D+i de la Universidad de Sevilla financiado por la Consejer\u00eda de Fomento, Articulaci\u00f3n del Territorio y Vivienda de la Junta de Andaluc\u00eda (Expediente US.22-03).\n<br> <br\/>\n<img decoding=\"async\" src=\"http:\/\/grupo.us.es\/creativecity\/wp-content\/uploads\/2023\/10\/marca_horizontal_blanco.png\" alt=\"Consejer\u00eda de Fomento, Articulaci\u00f3n del Territorio y Vivienda Junta de Andaluc\u00eda\" width=\"250\" height=\"alto\">\n&nbsp\n<img decoding=\"async\" src=\"http:\/\/grupo.us.es\/creativecity\/wp-content\/uploads\/2023\/12\/us-blanco.png\" alt=Universidad de Sevilla\" width=\"60\" height=\"alto\">\n<\/p>\t\t\t\t\t\t<div class=\"lqd-af-slide__link\">\n\t\t\t\t\t\t\t\t\t\t\t\t\t<\/div>\n\t\t\t\t\t\t<!-- for custom cursor arrow -->\n\t\t\t\t\t\t\t\t\t\t\t\t\t\t\t\t\t\t\t\t<a  class=\"lqd-overlay z-index-5\"><\/a>\n\t\t\t\t\t\t\t\t\t\t\t<\/div>\n\n\t\t\t\t\t\t\t\t\t\t\t<a  class=\"lqd-overlay z-index-4\"><\/a>\n\t\t\t\t\t\n\t\t\t\t<\/div>\n\n\t\t\t\t\n\t\t\t\t<div class=\"lqd-af-slide d-flex flex-column align-items-center justify-content-center lqd-overlay overflow-hidden elementor-repeater-item-b18054d\">\n\n\t\t\t\t\t<div class=\"lqd-af-slide__img lqd-overlay overflow-hidden will-change-transform\">\n\t\t\t\t\t\t<div class=\"lqd-af-slide__img__inner w-100 h-100 overflow-hidden will-change-transform\">\n\t\t\t\t\t\t\t<figure class=\"w-100 h-100 overflow-hidden will-change-transform\">\n\t\t\t\t\t\t<div class=\"lqd-vbg-wrap\">\n\t\t\t\t\t\t\t<div class=\"lqd-vbg-inner\">\n\t\t\t\t\t\t\t\t<span class=\"lqd-vbg-loader\"><\/span>\n\t\t\t\t\t\t\t\t<div\n\t\t\t\t\t\t\t\t\tclass=\"lqd-vbg-video\"\n\t\t\t\t\t\t\t\t\tdata-video-bg=\"true\"\n\t\t\t\t\t\t\t\t\tdata-youtube-options='{\n\t\t\t\t\t\t\t\t\t\t\"videoURL\": \"https:\/\/www.youtube.com\/watch?v=3y5o6NWs8_4\",\n\t\t\t\t\t\t\t\t\t\t\"startAt\": 0,\n\t\t\t\t\t\t\t\t\t\t\"stopAt\": \"17\"\n\t\t\t\t\t\t\t\t\t}'\n\t\t\t\t\t\t\t\t><\/div>\n\t\t\t\t\t\t\t<\/div>\n\t\t\t\t\t\t<\/div>\n\t\t\t\t\t<\/figure>\t\t\t\t\t\t\t<span class=\"lqd-overlay\"><\/span>\n\t\t\t\t\t\t<\/div>\n\t\t\t\t\t<\/div>\n\n\t\t\t\t\t<div class=\"lqd-af-slide__content w-100 pos-rel z-index-5\">\n\t\t\t\t\t\t\t\t\t\t\t\t\t<div class=\"lqd-af-slide__title-container d-inline-block pos-rel\">\n\t\t\t\t\t\t\t\t<svg class=\"lqd-af-slide__title-svg lqd-overlay\" height=\"100\" width=\"100\">\n\t\t\t\t\t\t\t\t\t<mask id=\"slide-b18054d\">\n\t\t\t\t\t\t\t\t\t\t<rect x=\"0\" y=\"0\" width=\"100%\" height=\"100%\" fill=\"#fff\" class=\"lqd-af-slide__mask-rect\" \/>\n\t\t\t\t\t\t\t\t\t\t<text dominant-baseline=\"middle\" x=\"0.35em\" y=\"55%\" class=\"lqd-af-slide__title lqd-af-slide__title-text h2\" fill=\"#000\">OBJETIVO<\/text>\n\t\t\t\t\t\t\t\t\t<\/mask>\n\t\t\t\t\t\t\t\t\t<rect width=\"100%\" height=\"100%\" class=\"lqd-af-slide__title-bg\" mask=\"url(#slide-b18054d)\" fill=\"currentColor\"\/>\n\t\t\t\t\t\t\t\t<\/svg>\n\t\t\t\t\t\t\t\t<h2 class=\"lqd-af-slide__title invisible ws-nowrap\">OBJETIVO<\/h2>\n\t\t\t\t\t\t\t<\/div>\n\t\t\t\t\t\t\t<p class=\"lqd-af-slide__desc pos-rel\">Fomentar una <b>reindustrializaci\u00f3n creativa<\/b> de los centros hist\u00f3ricos como estrategia de desarrollo local, facilitando la implementaci\u00f3n de <b>Industrias Creativas<\/b> en el contexto del <b>patrimonio industrial<\/b> de Andaluc\u00eda.<\/p>\t\t\t\t\t\t<div class=\"lqd-af-slide__link\">\n\t\t\t\t\t\t\t\t\t\t\t\t\t<\/div>\n\t\t\t\t\t\t<!-- for custom cursor arrow -->\n\t\t\t\t\t\t\t\t\t\t\t\t\t\t\t\t\t\t\t\t<a  class=\"lqd-overlay z-index-5\"><\/a>\n\t\t\t\t\t\t\t\t\t\t\t<\/div>\n\n\t\t\t\t\t\t\t\t\t\t\t<a  class=\"lqd-overlay z-index-4\"><\/a>\n\t\t\t\t\t\n\t\t\t\t<\/div>\n\n\t\t\t\t\n\t\t\t\t<div class=\"lqd-af-slide d-flex flex-column align-items-center justify-content-center lqd-overlay overflow-hidden elementor-repeater-item-6ba2fab\">\n\n\t\t\t\t\t<div class=\"lqd-af-slide__img lqd-overlay overflow-hidden will-change-transform\">\n\t\t\t\t\t\t<div class=\"lqd-af-slide__img__inner w-100 h-100 overflow-hidden will-change-transform\">\n\t\t\t\t\t\t\t<figure class=\"w-100 h-100 overflow-hidden will-change-transform\">\n\t\t\t\t\t\t<div class=\"lqd-vbg-wrap\">\n\t\t\t\t\t\t\t<div class=\"lqd-vbg-inner\">\n\t\t\t\t\t\t\t\t<span class=\"lqd-vbg-loader\"><\/span>\n\t\t\t\t\t\t\t\t<div\n\t\t\t\t\t\t\t\t\tclass=\"lqd-vbg-video\"\n\t\t\t\t\t\t\t\t\tdata-video-bg=\"true\"\n\t\t\t\t\t\t\t\t\tdata-youtube-options='{\n\t\t\t\t\t\t\t\t\t\t\"videoURL\": \"https:\/\/www.youtube.com\/watch?v=mDtawnE0meI\",\n\t\t\t\t\t\t\t\t\t\t\"startAt\": 0,\n\t\t\t\t\t\t\t\t\t\t\"stopAt\": \"16\"\n\t\t\t\t\t\t\t\t\t}'\n\t\t\t\t\t\t\t\t><\/div>\n\t\t\t\t\t\t\t<\/div>\n\t\t\t\t\t\t<\/div>\n\t\t\t\t\t<\/figure>\t\t\t\t\t\t\t<span class=\"lqd-overlay\"><\/span>\n\t\t\t\t\t\t<\/div>\n\t\t\t\t\t<\/div>\n\n\t\t\t\t\t<div class=\"lqd-af-slide__content w-100 pos-rel z-index-5\">\n\t\t\t\t\t\t\t\t\t\t\t\t\t<div class=\"lqd-af-slide__title-container d-inline-block pos-rel\">\n\t\t\t\t\t\t\t\t<svg class=\"lqd-af-slide__title-svg lqd-overlay\" height=\"100\" width=\"100\">\n\t\t\t\t\t\t\t\t\t<mask id=\"slide-6ba2fab\">\n\t\t\t\t\t\t\t\t\t\t<rect x=\"0\" y=\"0\" width=\"100%\" height=\"100%\" fill=\"#fff\" class=\"lqd-af-slide__mask-rect\" \/>\n\t\t\t\t\t\t\t\t\t\t<text dominant-baseline=\"middle\" x=\"0.35em\" y=\"55%\" class=\"lqd-af-slide__title lqd-af-slide__title-text h2\" fill=\"#000\">EQUIPO<\/text>\n\t\t\t\t\t\t\t\t\t<\/mask>\n\t\t\t\t\t\t\t\t\t<rect width=\"100%\" height=\"100%\" class=\"lqd-af-slide__title-bg\" mask=\"url(#slide-6ba2fab)\" fill=\"currentColor\"\/>\n\t\t\t\t\t\t\t\t<\/svg>\n\t\t\t\t\t\t\t\t<h2 class=\"lqd-af-slide__title invisible ws-nowrap\">EQUIPO<\/h2>\n\t\t\t\t\t\t\t<\/div>\n\t\t\t\t\t\t\t<p class=\"lqd-af-slide__desc pos-rel\">CREAfab lo compone un equipo multidisciplinar de personas expertas en: <b>arquitectura, planificaci\u00f3n urbana, historia del arte, comunicaci\u00f3n social, comunicaci\u00f3n audiovisual, econom\u00eda y geograf\u00eda.<\/b>\n<br> <br\/>\nEl equipo lo integramos investigadores de la Universidad de Sevilla, la Universidad de M\u00e1laga, la Universit\u00e0 degli Studi di Pavia, University of Huddersfield, Northumbria University, Joint Research Centre y TechFriendly. <\/b>\n<br> <br\/>\nColaboran:  Gerencia de Urbanismo de Sevilla, C\u00e1tedra UNESCO CREhAR y C\u00e1tedra de Vivienda EMVISESA-US.\n<br> <br\/>\n<img decoding=\"async\" src=\"http:\/\/grupo.us.es\/creativecity\/wp-content\/uploads\/2023\/10\/marca_horizontal_blanco.png\" alt=\"Junta de Andaluc\u00eda, Consejer\u00eda de Fomento, Articulaci\u00f3n del Territorio y Vivienda\" width=\"120\" height=\"alto\">\n&nbsp\n<img decoding=\"async\" src=\"http:\/\/grupo.us.es\/creativecity\/wp-content\/uploads\/2023\/12\/us-blanco.png\" alt=\"Universidad de Sevilla\" width=\"40\" height=\"alto\"> \n<br> <br\/>\n\n\n&nbsp\n<img decoding=\"async\" src=\"http:\/\/grupo.us.es\/creativecity\/wp-content\/uploads\/2023\/11\/tech.png\" alt=\"Tech friendly\" width=\"40\" height=\"alto\">\n&nbsp\n<img decoding=\"async\" src=\"http:\/\/grupo.us.es\/creativecity\/wp-content\/uploads\/2023\/11\/jrc.png\" alt=\"JRC\" width=\"40\" height=\"alto\">\n&nbsp\n<img decoding=\"async\" src=\"http:\/\/grupo.us.es\/creativecity\/wp-content\/uploads\/2023\/11\/Universidad-Pavia.png\" alt=\"Universidad de Pavia\" width=\"20\" height=\"alto\">\n&nbsp\n<img decoding=\"async\" src=\"http:\/\/grupo.us.es\/creativecity\/wp-content\/uploads\/2023\/11\/logo-crehar-blanco-1.png\" alt=\"Crehar\" width=\"60\" height=\"alto\"> \n&nbsp\n<img decoding=\"async\" src=\"http:\/\/grupo.us.es\/creativecity\/wp-content\/uploads\/2023\/11\/vivienda.png\" alt=\"C\u00e1tedra vivienda Emvisesa\" width=\"80\" height=\"alto\">\n&nbsp<img decoding=\"async\" src=\"http:\/\/grupo.us.es\/creativecity\/wp-content\/uploads\/2023\/11\/gerencia-de-urbanismo-2.png\" alt=\"Gerencia de Urbanismo de Sevilla\" width=\"100\" height=\"alto\">\n\n<\/p>\t\t\t\t\t\t<div class=\"lqd-af-slide__link\">\n\t\t\t\t\t\t\t\t\t\t\t\t\t<\/div>\n\t\t\t\t\t\t<!-- for custom cursor arrow -->\n\t\t\t\t\t\t\t\t\t\t\t\t\t\t\t\t\t\t\t\t<a  class=\"lqd-overlay z-index-5\"><\/a>\n\t\t\t\t\t\t\t\t\t\t\t<\/div>\n\n\t\t\t\t\t\t\t\t\t\t\t<a  class=\"lqd-overlay z-index-4\"><\/a>\n\t\t\t\t\t\n\t\t\t\t<\/div>\n\n\t\t\t\t\t\t\t<\/div>\n\n\t\t\t<nav class=\"lqd-af-slidenav d-inline-flex pos-abs z-index-5 text-center\">\n\t\t\t\t<button class=\"lqd-af-slidenav__item lqd-af-slidenav__item--prev d-inline-flex align-items-center justify-content-center pos-rel\">\n\t\t\t\t\t<svg xmlns=\"http:\/\/www.w3.org\/2000\/svg\" width=\"21\" height=\"32\" viewBox=\"0 0 21 32\" style=\"width: 1em; height: 1em;\"><path d=\"M10.5 18.375l7.938-7.938c.562-.562 1.562-.562 2.125 0s.562 1.563 0 2.126l-9 9c-.563.562-1.5.625-2.063.062L.437 12.562C.126 12.25 0 11.876 0 11.5s.125-.75.438-1.063c.562-.562 1.562-.562 2.124 0z\" fill=\"currentColor\"><\/path><\/svg>\n\t\t\t\t<\/button>\n\t\t\t\t<button class=\"lqd-af-slidenav__item lqd-af-slidenav__item--next d-inline-flex align-items-center justify-content-center pos-rel\">\n\t\t\t\t\t<svg xmlns=\"http:\/\/www.w3.org\/2000\/svg\" width=\"21\" height=\"32\" viewBox=\"0 0 21 32\" style=\"width: 1em; height: 1em;\"><path d=\"M10.5 13.625l-7.938 7.938c-.562.562-1.562.562-2.124 0C.124 21.25 0 20.875 0 20.5s.125-.75.438-1.063L9.5 10.376c.563-.563 1.5-.5 2.063.063l9 9c.562.562.562 1.562 0 2.125s-1.563.562-2.125 0z\" fill=\"currentColor\"><\/path><\/svg>\n\t\t\t\t<\/button>\n\t\t\t<\/nav>\n\n\t\t\t<div class=\"lqd-af-slidenum pos-abs\">\n\t\t\t\t<span class=\"lqd-af-slidenum__line lqd-af-slidenum__line--before d-inline-flex align-items-center\"><\/span>\n\t\t\t\t<div class=\"lqd-af-slidenum__nums d-flex align-items-center\">\n\t\t\t\t\t<span class=\"lqd-af-slidenum__current d-inline-flex align-items-center pos-rel overflow-hidden\">\n\t\t\t\t\t\t<span class=\"pos-abs pos-tl\">\n\t\t\t\t\t\t\t\t\t\t\t\t\t\t\t<span class=\"d-flex align-items-center justify-content-center\">1<\/span>\n\t\t\t\t\t\t\t\t\t\t\t\t\t\t\t<span class=\"d-flex align-items-center justify-content-center\">2<\/span>\n\t\t\t\t\t\t\t\t\t\t\t\t\t\t\t<span class=\"d-flex align-items-center justify-content-center\">3<\/span>\n\t\t\t\t\t\t\t\t\t\t\t\t\t<\/span>\n\t\t\t\t\t<\/span>\n\t\t\t\t\t<span class=\"lqd-af-slidenum__total\">3<\/span>\n\t\t\t\t<\/div>\n\t\t\t\t<span class=\"lqd-af-slidenum__line lqd-af-slidenum__line--after d-inline-flex align-items-center\"><\/span>\n\t\t\t<\/div>\n\n\t\t<\/div>\n\n\t\t\t\t<\/div>\n\t\t\t\t<\/div>\n\t\t\t\t\t<\/div>\n\t\t<\/div>\n\t\t\t\t\t\t\t<\/div>\n\t\t<\/section>\n\t\t\t\t\t\t\t<\/div>\n\t\t","protected":false},"excerpt":{"rendered":"<p>PROYECTO PROYECTO CREAfab: Metodolog\u00edas para una Reindustrializaci\u00f3n Creativa de los Centros Hist\u00f3ricos. Industrias Creativas, Patrimonio Industrial y Nuevas Formas Sostenibles de Habitar, es un proyecto I+D+i de la Universidad de Sevilla financiado por la Consejer\u00eda de Fomento, Articulaci\u00f3n del Territorio y Vivienda de la Junta de Andaluc\u00eda (Expediente US.22-03). &#038;nbsp<\/p>\n","protected":false},"author":1,"featured_media":0,"parent":0,"menu_order":0,"comment_status":"closed","ping_status":"closed","template":"","meta":{"footnotes":""},"_links":{"self":[{"href":"https:\/\/grupo.us.es\/creativecity\/wp-json\/wp\/v2\/pages\/8031"}],"collection":[{"href":"https:\/\/grupo.us.es\/creativecity\/wp-json\/wp\/v2\/pages"}],"about":[{"href":"https:\/\/grupo.us.es\/creativecity\/wp-json\/wp\/v2\/types\/page"}],"author":[{"embeddable":true,"href":"https:\/\/grupo.us.es\/creativecity\/wp-json\/wp\/v2\/users\/1"}],"replies":[{"embeddable":true,"href":"https:\/\/grupo.us.es\/creativecity\/wp-json\/wp\/v2\/comments?post=8031"}],"version-history":[{"count":312,"href":"https:\/\/grupo.us.es\/creativecity\/wp-json\/wp\/v2\/pages\/8031\/revisions"}],"predecessor-version":[{"id":10257,"href":"https:\/\/grupo.us.es\/creativecity\/wp-json\/wp\/v2\/pages\/8031\/revisions\/10257"}],"wp:attachment":[{"href":"https:\/\/grupo.us.es\/creativecity\/wp-json\/wp\/v2\/media?parent=8031"}],"curies":[{"name":"wp","href":"https:\/\/api.w.org\/{rel}","templated":true}]}}