{"id":2,"date":"2023-10-18T11:04:46","date_gmt":"2023-10-18T09:04:46","guid":{"rendered":"http:\/\/grupo.us.es\/creativecity\/?page_id=2"},"modified":"2024-11-21T16:47:49","modified_gmt":"2024-11-21T15:47:49","slug":"exposicion","status":"publish","type":"page","link":"https:\/\/grupo.us.es\/creativecity\/exposicion\/","title":{"rendered":"Exposici\u00f3n"},"content":{"rendered":"\t\t<div data-elementor-type=\"wp-page\" data-elementor-id=\"2\" class=\"elementor elementor-2\">\n\t\t\t\t\t\t\t<div class=\"elementor-element elementor-element-6590cb5 e-con-full e-flex e-con e-parent\" data-id=\"6590cb5\" data-element_type=\"container\" data-settings=\"{&quot;content_width&quot;:&quot;full&quot;,&quot;background_background&quot;:&quot;video&quot;}\" data-core-v316-plus=\"true\">\n\t\t\t\t<div class=\"elementor-element elementor-element-9512f0a elementor-widget elementor-widget-video\" data-id=\"9512f0a\" data-element_type=\"widget\" data-settings=\"{&quot;youtube_url&quot;:&quot;https:\\\/\\\/youtu.be\\\/4RBo-r7SY1E&quot;,&quot;autoplay&quot;:&quot;yes&quot;,&quot;play_on_mobile&quot;:&quot;yes&quot;,&quot;mute&quot;:&quot;yes&quot;,&quot;video_type&quot;:&quot;youtube&quot;}\" data-widget_type=\"video.default\">\n\t\t\t\t<div class=\"elementor-widget-container\">\n\t\t\t<style>\/*! elementor - v3.17.0 - 08-11-2023 *\/\n.elementor-widget-video .elementor-widget-container{overflow:hidden;transform:translateZ(0)}.elementor-widget-video .elementor-wrapper{aspect-ratio:var(--video-aspect-ratio)}.elementor-widget-video .elementor-wrapper iframe,.elementor-widget-video .elementor-wrapper video{height:100%;width:100%;display:flex;border:none;background-color:#000}@supports not (aspect-ratio:1\/1){.elementor-widget-video .elementor-wrapper{position:relative;overflow:hidden;height:0;padding-bottom:calc(100% \/ var(--video-aspect-ratio))}.elementor-widget-video .elementor-wrapper iframe,.elementor-widget-video .elementor-wrapper video{position:absolute;top:0;right:0;bottom:0;left:0}}.elementor-widget-video .elementor-open-inline .elementor-custom-embed-image-overlay{position:absolute;top:0;right:0;bottom:0;left:0;background-size:cover;background-position:50%}.elementor-widget-video .elementor-custom-embed-image-overlay{cursor:pointer;text-align:center}.elementor-widget-video .elementor-custom-embed-image-overlay:hover .elementor-custom-embed-play i{opacity:1}.elementor-widget-video .elementor-custom-embed-image-overlay img{display:block;width:100%;aspect-ratio:var(--video-aspect-ratio);-o-object-fit:cover;object-fit:cover;-o-object-position:center center;object-position:center center}@supports not (aspect-ratio:1\/1){.elementor-widget-video .elementor-custom-embed-image-overlay{position:relative;overflow:hidden;height:0;padding-bottom:calc(100% \/ var(--video-aspect-ratio))}.elementor-widget-video .elementor-custom-embed-image-overlay img{position:absolute;top:0;right:0;bottom:0;left:0}}.elementor-widget-video .e-hosted-video .elementor-video{-o-object-fit:cover;object-fit:cover}.e-con-inner>.elementor-widget-video,.e-con>.elementor-widget-video{width:var(--container-widget-width);--flex-grow:var(--container-widget-flex-grow)}<\/style>\t\t<div class=\"elementor-wrapper elementor-open-inline\">\n\t\t\t<div class=\"elementor-video\"><\/div>\t\t<\/div>\n\t\t\t\t<\/div>\n\t\t\t\t<\/div>\n\t\t\t\t<\/div>\n\t\t<div class=\"elementor-element elementor-element-e210f27 e-con-full e-flex e-con e-parent\" data-id=\"e210f27\" data-element_type=\"container\" data-settings=\"{&quot;content_width&quot;:&quot;full&quot;}\" data-core-v316-plus=\"true\">\n\t\t\t\t<div class=\"elementor-element elementor-element-f61739f elementor-widget elementor-widget-ld_banner\" data-id=\"f61739f\" data-element_type=\"widget\" data-widget_type=\"ld_banner.default\">\n\t\t\t\t<div class=\"elementor-widget-container\">\n\t\t\t\n\t\t<div class=\"lqd-bnnr-1 d-flex flex-column overflow-hidden border-radius-10\">\n\t\t\t<div class=\"lqd-bnnr-left d-flex align-items-center pos-rel z-index-2\">\n\t\t\t\t<div class=\"lqd-bnnr-in\">\n\t\t\t\t\t\t\t\t\t\t\t<h3 class=\"mt-0 mb-5\">EXPOSICI\u00d3N F\u00c1BRICAS VIVAS. PAISAJES DE CREACI\u00d3N Y PRODUCCI\u00d3N EN SEVILLA<\/h3>\n\t\t\t\t\t\t\t\t\t\t\t\t<a  href=\"https:\/\/visit.virtualartgallery.com\/e5f08bd6-bfed-4c62-b2ac-4b587dfd35fa\/?draft=\" class=\"elementor-button btn align-items-center justify-content-center pos-rel overflow-hidden ws-nowrap btn-solid btn-icon-shaped btn-has-label\" >\n\t\t\t\t\t\t\t<span class=\"btn-txt d-block pos-rel z-index-3\" data-text=\"Visitar Exposici\u00f3n\" >\n\t\t\t\t\t\t\t\t\t\t\tVisitar Exposici\u00f3n\t\t\t\t\t\t\t\t\t<\/span>\n\t\t\t\t\t\t\t\t<\/a>\n\t\t\t\t\t\t<\/div>\n\t\t\t<\/div>\n\t\t\t<div class=\"lqd-bnnr-right\">\n\t\t\t\t<div class=\"lqd-bnnr-in\">\n\t\t\t\t\t<figure>\n\t\t\t\t\t\t<img decoding=\"async\" width=\"2000\" height=\"1339\" src=\"https:\/\/grupo.us.es\/creativecity\/wp-content\/uploads\/2024\/11\/1-0.jpg\" class=\"attachment-full size-full\" alt=\"\" \/>\t\t\t\t\t<\/figure>\n\t\t\t\t<\/div>\n\t\t\t<\/div>\n\t\t<\/div>\n\t\t\t\t<\/div>\n\t\t\t\t<\/div>\n\t\t\t\t<\/div>\n\t\t<div class=\"elementor-element elementor-element-4faf71c e-flex e-con-boxed e-con e-parent\" data-id=\"4faf71c\" data-element_type=\"container\" data-settings=\"{&quot;content_width&quot;:&quot;boxed&quot;}\" data-core-v316-plus=\"true\">\n\t\t\t\t\t<div class=\"e-con-inner\">\n\t\t\t\t\t<\/div>\n\t\t\t\t<\/div>\n\t\t\t\t\t\t\t<\/div>\n\t\t","protected":false},"excerpt":{"rendered":"<p>EXPOSICI\u00d3N F\u00c1BRICAS VIVAS. PAISAJES DE CREACI\u00d3N Y PRODUCCI\u00d3N EN SEVILLA Visitar Exposici\u00f3n<\/p>\n","protected":false},"author":1,"featured_media":0,"parent":0,"menu_order":0,"comment_status":"closed","ping_status":"closed","template":"","meta":{"footnotes":""},"_links":{"self":[{"href":"https:\/\/grupo.us.es\/creativecity\/wp-json\/wp\/v2\/pages\/2"}],"collection":[{"href":"https:\/\/grupo.us.es\/creativecity\/wp-json\/wp\/v2\/pages"}],"about":[{"href":"https:\/\/grupo.us.es\/creativecity\/wp-json\/wp\/v2\/types\/page"}],"author":[{"embeddable":true,"href":"https:\/\/grupo.us.es\/creativecity\/wp-json\/wp\/v2\/users\/1"}],"replies":[{"embeddable":true,"href":"https:\/\/grupo.us.es\/creativecity\/wp-json\/wp\/v2\/comments?post=2"}],"version-history":[{"count":77,"href":"https:\/\/grupo.us.es\/creativecity\/wp-json\/wp\/v2\/pages\/2\/revisions"}],"predecessor-version":[{"id":10324,"href":"https:\/\/grupo.us.es\/creativecity\/wp-json\/wp\/v2\/pages\/2\/revisions\/10324"}],"wp:attachment":[{"href":"https:\/\/grupo.us.es\/creativecity\/wp-json\/wp\/v2\/media?parent=2"}],"curies":[{"name":"wp","href":"https:\/\/api.w.org\/{rel}","templated":true}]}}