{"id":2050,"date":"2022-06-10T08:57:43","date_gmt":"2022-06-10T08:57:43","guid":{"rendered":"https:\/\/grupo.us.es\/creacionliteraria\/?page_id=2050"},"modified":"2022-06-14T06:06:34","modified_gmt":"2022-06-14T06:06:34","slug":"contacto","status":"publish","type":"page","link":"https:\/\/grupo.us.es\/creacionliteraria\/contacto\/","title":{"rendered":"Contacto"},"content":{"rendered":"\t\t<div data-elementor-type=\"wp-page\" data-elementor-id=\"2050\" class=\"elementor elementor-2050\" data-elementor-post-type=\"page\">\n\t\t\t\t\t\t\t\t\t<section class=\"elementor-section elementor-top-section elementor-element elementor-element-3a18a5a elementor-section-boxed elementor-section-height-default elementor-section-height-default elementor-invisible\" data-id=\"3a18a5a\" data-element_type=\"section\" data-settings=\"{&quot;animation&quot;:&quot;fadeInRight&quot;}\">\n\t\t\t\t\t\t<div class=\"elementor-container elementor-column-gap-default\">\n\t\t\t\t\t<div class=\"elementor-column elementor-col-100 elementor-top-column elementor-element elementor-element-d61c218\" data-id=\"d61c218\" data-element_type=\"column\">\n\t\t\t<div class=\"elementor-widget-wrap elementor-element-populated\">\n\t\t\t\t\t\t\t\t<div class=\"elementor-element elementor-element-e02b1fb animated-slow elementor-widget elementor-widget-heading\" data-id=\"e02b1fb\" data-element_type=\"widget\" data-settings=\"{&quot;_animation&quot;:&quot;none&quot;,&quot;_animation_delay&quot;:500}\" data-widget_type=\"heading.default\">\n\t\t\t\t<div class=\"elementor-widget-container\">\n\t\t\t<style>\/*! elementor - v3.18.0 - 20-12-2023 *\/\n.elementor-heading-title{padding:0;margin:0;line-height:1}.elementor-widget-heading .elementor-heading-title[class*=elementor-size-]>a{color:inherit;font-size:inherit;line-height:inherit}.elementor-widget-heading .elementor-heading-title.elementor-size-small{font-size:15px}.elementor-widget-heading .elementor-heading-title.elementor-size-medium{font-size:19px}.elementor-widget-heading .elementor-heading-title.elementor-size-large{font-size:29px}.elementor-widget-heading .elementor-heading-title.elementor-size-xl{font-size:39px}.elementor-widget-heading .elementor-heading-title.elementor-size-xxl{font-size:59px}<\/style><h2 class=\"elementor-heading-title elementor-size-large\">Contacto y Localizaci\u00f3n<\/h2>\t\t<\/div>\n\t\t\t\t<\/div>\n\t\t\t\t<div class=\"elementor-element elementor-element-52e14b7 elementor-icon-list--layout-inline elementor-list-item-link-full_width elementor-widget elementor-widget-icon-list\" data-id=\"52e14b7\" data-element_type=\"widget\" data-widget_type=\"icon-list.default\">\n\t\t\t\t<div class=\"elementor-widget-container\">\n\t\t\t<link rel=\"stylesheet\" href=\"https:\/\/grupo.us.es\/creacionliteraria\/wp-content\/plugins\/elementor\/assets\/css\/widget-icon-list.min.css\">\t\t<ul class=\"elementor-icon-list-items elementor-inline-items\">\n\t\t\t\t\t\t\t<li class=\"elementor-icon-list-item elementor-inline-item\">\n\t\t\t\t\t\t\t\t\t\t\t<span class=\"elementor-icon-list-icon\">\n\t\t\t\t\t\t\t<i aria-hidden=\"true\" class=\"fas fa-university\"><\/i>\t\t\t\t\t\t<\/span>\n\t\t\t\t\t\t\t\t\t\t<span class=\"elementor-icon-list-text\">Facultad de Filolog\u00eda  <\/span>\n\t\t\t\t\t\t\t\t\t<\/li>\n\t\t\t\t\t\t\t\t<li class=\"elementor-icon-list-item elementor-inline-item\">\n\t\t\t\t\t\t\t\t\t\t\t<span class=\"elementor-icon-list-icon\">\n\t\t\t\t\t\t\t<i aria-hidden=\"true\" class=\"fas fa-map-marked-alt\"><\/i>\t\t\t\t\t\t<\/span>\n\t\t\t\t\t\t\t\t\t\t<span class=\"elementor-icon-list-text\">C\/Palos de la Frontera S\/N; 41004 - Sevilla<\/span>\n\t\t\t\t\t\t\t\t\t<\/li>\n\t\t\t\t\t\t\t\t<li class=\"elementor-icon-list-item elementor-inline-item\">\n\t\t\t\t\t\t\t\t\t\t\t<a href=\"mailto:vmora@us.es\">\n\n\t\t\t\t\t\t\t\t\t\t\t\t<span class=\"elementor-icon-list-icon\">\n\t\t\t\t\t\t\t<i aria-hidden=\"true\" class=\"fas fa-mail-bulk\"><\/i>\t\t\t\t\t\t<\/span>\n\t\t\t\t\t\t\t\t\t\t<span class=\"elementor-icon-list-text\">Email: vmora@us.es<\/span>\n\t\t\t\t\t\t\t\t\t\t\t<\/a>\n\t\t\t\t\t\t\t\t\t<\/li>\n\t\t\t\t\t\t\t\t<li class=\"elementor-icon-list-item elementor-inline-item\">\n\t\t\t\t\t\t\t\t\t\t\t<a href=\"tel:954551495\">\n\n\t\t\t\t\t\t\t\t\t\t\t\t<span class=\"elementor-icon-list-icon\">\n\t\t\t\t\t\t\t<i aria-hidden=\"true\" class=\"fas fa-phone-alt\"><\/i>\t\t\t\t\t\t<\/span>\n\t\t\t\t\t\t\t\t\t\t<span class=\"elementor-icon-list-text\">Tel\u00e9fono: 954 551 495\t<\/span>\n\t\t\t\t\t\t\t\t\t\t\t<\/a>\n\t\t\t\t\t\t\t\t\t<\/li>\n\t\t\t\t\t\t<\/ul>\n\t\t\t\t<\/div>\n\t\t\t\t<\/div>\n\t\t\t\t<div class=\"elementor-element elementor-element-74ee0c4 elementor-widget elementor-widget-google_maps\" data-id=\"74ee0c4\" data-element_type=\"widget\" data-widget_type=\"google_maps.default\">\n\t\t\t\t<div class=\"elementor-widget-container\">\n\t\t\t<style>\/*! elementor - v3.18.0 - 20-12-2023 *\/\n.elementor-widget-google_maps .elementor-widget-container{overflow:hidden}.elementor-widget-google_maps .elementor-custom-embed{line-height:0}.elementor-widget-google_maps iframe{height:300px}<\/style>\t\t<div class=\"elementor-custom-embed\">\n\t\t\t<iframe loading=\"lazy\"\n\t\t\t\t\tsrc=\"https:\/\/maps.google.com\/maps?q=Facultad%20de%20Filolog%C3%ADa&#038;t=m&#038;z=16&#038;output=embed&#038;iwloc=near\"\n\t\t\t\t\ttitle=\"Facultad de Filolog\u00eda\"\n\t\t\t\t\taria-label=\"Facultad de Filolog\u00eda\"\n\t\t\t><\/iframe>\n\t\t<\/div>\n\t\t\t\t<\/div>\n\t\t\t\t<\/div>\n\t\t\t\t\t<\/div>\n\t\t<\/div>\n\t\t\t\t\t\t\t<\/div>\n\t\t<\/section>\n\t\t\t\t\t\t\t<\/div>\n\t\t","protected":false},"excerpt":{"rendered":"<p>Contacto y Localizaci\u00f3n Facultad de Filolog\u00eda C\/Palos de la Frontera S\/N; 41004 &#8211; Sevilla Email: vmora@us.es Tel\u00e9fono: 954 551 495<\/p>\n","protected":false},"author":3,"featured_media":0,"parent":0,"menu_order":0,"comment_status":"closed","ping_status":"closed","template":"","meta":{"footnotes":""},"class_list":["post-2050","page","type-page","status-publish","hentry"],"yoast_head":"<!-- This site is optimized with the Yoast SEO plugin v21.9.1 - https:\/\/yoast.com\/wordpress\/plugins\/seo\/ -->\n<title>Contacto - Hacia una teor\u00eda cognitiva de la imaginaci\u00f3n creadora desde fundamentos te\u00f3ricos, est\u00e9ticos y neurocient\u00edficos<\/title>\n<meta name=\"robots\" content=\"index, follow, max-snippet:-1, max-image-preview:large, max-video-preview:-1\" \/>\n<link rel=\"canonical\" href=\"https:\/\/grupo.us.es\/creacionliteraria\/contacto\/\" \/>\n<meta property=\"og:locale\" content=\"es_ES\" \/>\n<meta property=\"og:type\" content=\"article\" \/>\n<meta property=\"og:title\" content=\"Contacto - Hacia una teor\u00eda cognitiva de la imaginaci\u00f3n creadora desde fundamentos te\u00f3ricos, est\u00e9ticos y neurocient\u00edficos\" \/>\n<meta property=\"og:description\" content=\"Contacto y Localizaci\u00f3n Facultad de Filolog\u00eda C\/Palos de la Frontera S\/N; 41004 &#8211; Sevilla Email: vmora@us.es Tel\u00e9fono: 954 551 495\" \/>\n<meta property=\"og:url\" content=\"https:\/\/grupo.us.es\/creacionliteraria\/contacto\/\" \/>\n<meta property=\"og:site_name\" content=\"Hacia una teor\u00eda cognitiva de la imaginaci\u00f3n creadora desde fundamentos te\u00f3ricos, est\u00e9ticos y neurocient\u00edficos\" \/>\n<meta property=\"article:modified_time\" content=\"2022-06-14T06:06:34+00:00\" \/>\n<meta name=\"twitter:card\" content=\"summary_large_image\" \/>\n<meta name=\"twitter:label1\" content=\"Tiempo de lectura\" \/>\n\t<meta name=\"twitter:data1\" content=\"1 minuto\" \/>\n<script type=\"application\/ld+json\" class=\"yoast-schema-graph\">{\"@context\":\"https:\/\/schema.org\",\"@graph\":[{\"@type\":\"WebPage\",\"@id\":\"https:\/\/grupo.us.es\/creacionliteraria\/contacto\/\",\"url\":\"https:\/\/grupo.us.es\/creacionliteraria\/contacto\/\",\"name\":\"Contacto - Hacia una teor\u00eda cognitiva de la imaginaci\u00f3n creadora desde fundamentos te\u00f3ricos, est\u00e9ticos y neurocient\u00edficos\",\"isPartOf\":{\"@id\":\"https:\/\/grupo.us.es\/creacionliteraria\/#website\"},\"datePublished\":\"2022-06-10T08:57:43+00:00\",\"dateModified\":\"2022-06-14T06:06:34+00:00\",\"inLanguage\":\"es\",\"potentialAction\":[{\"@type\":\"ReadAction\",\"target\":[\"https:\/\/grupo.us.es\/creacionliteraria\/contacto\/\"]}]},{\"@type\":\"WebSite\",\"@id\":\"https:\/\/grupo.us.es\/creacionliteraria\/#website\",\"url\":\"https:\/\/grupo.us.es\/creacionliteraria\/\",\"name\":\"Hacia una teor\u00eda cognitiva de la imaginaci\u00f3n creadora desde fundamentos te\u00f3ricos, est\u00e9ticos y neurocient\u00edficos\",\"description\":\"\",\"publisher\":{\"@id\":\"https:\/\/grupo.us.es\/creacionliteraria\/#organization\"},\"potentialAction\":[{\"@type\":\"SearchAction\",\"target\":{\"@type\":\"EntryPoint\",\"urlTemplate\":\"https:\/\/grupo.us.es\/creacionliteraria\/?s={search_term_string}\"},\"query-input\":\"required name=search_term_string\"}],\"inLanguage\":\"es\"},{\"@type\":\"Organization\",\"@id\":\"https:\/\/grupo.us.es\/creacionliteraria\/#organization\",\"name\":\"Hacia una teor\u00eda cognitiva de la imaginaci\u00f3n creadora desde fundamentos te\u00f3ricos, est\u00e9ticos y neurocient\u00edficos\",\"url\":\"https:\/\/grupo.us.es\/creacionliteraria\/\",\"logo\":{\"@type\":\"ImageObject\",\"inLanguage\":\"es\",\"@id\":\"https:\/\/grupo.us.es\/creacionliteraria\/#\/schema\/logo\/image\/\",\"url\":\"https:\/\/grupo.us.es\/creacionliteraria\/wp-content\/uploads\/2022\/03\/US-marca-digital-cuadrada-200.png\",\"contentUrl\":\"https:\/\/grupo.us.es\/creacionliteraria\/wp-content\/uploads\/2022\/03\/US-marca-digital-cuadrada-200.png\",\"width\":200,\"height\":205,\"caption\":\"Hacia una teor\u00eda cognitiva de la imaginaci\u00f3n creadora desde fundamentos te\u00f3ricos, est\u00e9ticos y neurocient\u00edficos\"},\"image\":{\"@id\":\"https:\/\/grupo.us.es\/creacionliteraria\/#\/schema\/logo\/image\/\"}}]}<\/script>\n<!-- \/ Yoast SEO plugin. -->","yoast_head_json":{"title":"Contacto - Hacia una teor\u00eda cognitiva de la imaginaci\u00f3n creadora desde fundamentos te\u00f3ricos, est\u00e9ticos y neurocient\u00edficos","robots":{"index":"index","follow":"follow","max-snippet":"max-snippet:-1","max-image-preview":"max-image-preview:large","max-video-preview":"max-video-preview:-1"},"canonical":"https:\/\/grupo.us.es\/creacionliteraria\/contacto\/","og_locale":"es_ES","og_type":"article","og_title":"Contacto - Hacia una teor\u00eda cognitiva de la imaginaci\u00f3n creadora desde fundamentos te\u00f3ricos, est\u00e9ticos y neurocient\u00edficos","og_description":"Contacto y Localizaci\u00f3n Facultad de Filolog\u00eda C\/Palos de la Frontera S\/N; 41004 &#8211; Sevilla Email: vmora@us.es Tel\u00e9fono: 954 551 495","og_url":"https:\/\/grupo.us.es\/creacionliteraria\/contacto\/","og_site_name":"Hacia una teor\u00eda cognitiva de la imaginaci\u00f3n creadora desde fundamentos te\u00f3ricos, est\u00e9ticos y neurocient\u00edficos","article_modified_time":"2022-06-14T06:06:34+00:00","twitter_card":"summary_large_image","twitter_misc":{"Tiempo de lectura":"1 minuto"},"schema":{"@context":"https:\/\/schema.org","@graph":[{"@type":"WebPage","@id":"https:\/\/grupo.us.es\/creacionliteraria\/contacto\/","url":"https:\/\/grupo.us.es\/creacionliteraria\/contacto\/","name":"Contacto - Hacia una teor\u00eda cognitiva de la imaginaci\u00f3n creadora desde fundamentos te\u00f3ricos, est\u00e9ticos y neurocient\u00edficos","isPartOf":{"@id":"https:\/\/grupo.us.es\/creacionliteraria\/#website"},"datePublished":"2022-06-10T08:57:43+00:00","dateModified":"2022-06-14T06:06:34+00:00","inLanguage":"es","potentialAction":[{"@type":"ReadAction","target":["https:\/\/grupo.us.es\/creacionliteraria\/contacto\/"]}]},{"@type":"WebSite","@id":"https:\/\/grupo.us.es\/creacionliteraria\/#website","url":"https:\/\/grupo.us.es\/creacionliteraria\/","name":"Hacia una teor\u00eda cognitiva de la imaginaci\u00f3n creadora desde fundamentos te\u00f3ricos, est\u00e9ticos y neurocient\u00edficos","description":"","publisher":{"@id":"https:\/\/grupo.us.es\/creacionliteraria\/#organization"},"potentialAction":[{"@type":"SearchAction","target":{"@type":"EntryPoint","urlTemplate":"https:\/\/grupo.us.es\/creacionliteraria\/?s={search_term_string}"},"query-input":"required name=search_term_string"}],"inLanguage":"es"},{"@type":"Organization","@id":"https:\/\/grupo.us.es\/creacionliteraria\/#organization","name":"Hacia una teor\u00eda cognitiva de la imaginaci\u00f3n creadora desde fundamentos te\u00f3ricos, est\u00e9ticos y neurocient\u00edficos","url":"https:\/\/grupo.us.es\/creacionliteraria\/","logo":{"@type":"ImageObject","inLanguage":"es","@id":"https:\/\/grupo.us.es\/creacionliteraria\/#\/schema\/logo\/image\/","url":"https:\/\/grupo.us.es\/creacionliteraria\/wp-content\/uploads\/2022\/03\/US-marca-digital-cuadrada-200.png","contentUrl":"https:\/\/grupo.us.es\/creacionliteraria\/wp-content\/uploads\/2022\/03\/US-marca-digital-cuadrada-200.png","width":200,"height":205,"caption":"Hacia una teor\u00eda cognitiva de la imaginaci\u00f3n creadora desde fundamentos te\u00f3ricos, est\u00e9ticos y neurocient\u00edficos"},"image":{"@id":"https:\/\/grupo.us.es\/creacionliteraria\/#\/schema\/logo\/image\/"}}]}},"_links":{"self":[{"href":"https:\/\/grupo.us.es\/creacionliteraria\/wp-json\/wp\/v2\/pages\/2050","targetHints":{"allow":["GET"]}}],"collection":[{"href":"https:\/\/grupo.us.es\/creacionliteraria\/wp-json\/wp\/v2\/pages"}],"about":[{"href":"https:\/\/grupo.us.es\/creacionliteraria\/wp-json\/wp\/v2\/types\/page"}],"author":[{"embeddable":true,"href":"https:\/\/grupo.us.es\/creacionliteraria\/wp-json\/wp\/v2\/users\/3"}],"replies":[{"embeddable":true,"href":"https:\/\/grupo.us.es\/creacionliteraria\/wp-json\/wp\/v2\/comments?post=2050"}],"version-history":[{"count":43,"href":"https:\/\/grupo.us.es\/creacionliteraria\/wp-json\/wp\/v2\/pages\/2050\/revisions"}],"predecessor-version":[{"id":2435,"href":"https:\/\/grupo.us.es\/creacionliteraria\/wp-json\/wp\/v2\/pages\/2050\/revisions\/2435"}],"wp:attachment":[{"href":"https:\/\/grupo.us.es\/creacionliteraria\/wp-json\/wp\/v2\/media?parent=2050"}],"curies":[{"name":"wp","href":"https:\/\/api.w.org\/{rel}","templated":true}]}}