{"id":2046,"date":"2022-06-10T08:57:11","date_gmt":"2022-06-10T08:57:11","guid":{"rendered":"https:\/\/grupo.us.es\/creacionliteraria\/?page_id=2046"},"modified":"2022-07-05T09:43:29","modified_gmt":"2022-07-05T09:43:29","slug":"blog","status":"publish","type":"page","link":"https:\/\/grupo.us.es\/creacionliteraria\/blog\/","title":{"rendered":"Blog sobre escritura creativa"},"content":{"rendered":"\t\t<div data-elementor-type=\"wp-page\" data-elementor-id=\"2046\" class=\"elementor elementor-2046\" data-elementor-post-type=\"page\">\n\t\t\t\t\t\t\t\t\t<section class=\"elementor-section elementor-top-section elementor-element elementor-element-eb135c8 elementor-section-full_width elementor-section-height-default elementor-section-height-default elementor-invisible\" data-id=\"eb135c8\" data-element_type=\"section\" data-settings=\"{&quot;animation&quot;:&quot;fadeInLeft&quot;}\">\n\t\t\t\t\t\t<div class=\"elementor-container elementor-column-gap-default\">\n\t\t\t\t\t<div class=\"elementor-column elementor-col-100 elementor-top-column elementor-element elementor-element-9cdcae2\" data-id=\"9cdcae2\" data-element_type=\"column\">\n\t\t\t<div class=\"elementor-widget-wrap elementor-element-populated\">\n\t\t\t\t\t\t\t\t<div class=\"elementor-element elementor-element-36aada8 elementor-widget__width-initial elementor-grid-3 elementor-grid-tablet-2 elementor-grid-mobile-1 elementor-posts--thumbnail-top elementor-posts--show-avatar elementor-card-shadow-yes elementor-posts__hover-gradient elementor-widget elementor-widget-posts\" data-id=\"36aada8\" data-element_type=\"widget\" data-settings=\"{&quot;pagination_type&quot;:&quot;load_more_infinite_scroll&quot;,&quot;cards_columns&quot;:&quot;3&quot;,&quot;cards_columns_tablet&quot;:&quot;2&quot;,&quot;cards_columns_mobile&quot;:&quot;1&quot;,&quot;cards_row_gap&quot;:{&quot;unit&quot;:&quot;px&quot;,&quot;size&quot;:35,&quot;sizes&quot;:[]},&quot;cards_row_gap_tablet&quot;:{&quot;unit&quot;:&quot;px&quot;,&quot;size&quot;:&quot;&quot;,&quot;sizes&quot;:[]},&quot;cards_row_gap_mobile&quot;:{&quot;unit&quot;:&quot;px&quot;,&quot;size&quot;:&quot;&quot;,&quot;sizes&quot;:[]},&quot;load_more_spinner&quot;:{&quot;value&quot;:&quot;fas fa-spinner&quot;,&quot;library&quot;:&quot;fa-solid&quot;}}\" data-widget_type=\"posts.cards\">\n\t\t\t\t<div class=\"elementor-widget-container\">\n\t\t\t<link rel=\"stylesheet\" href=\"https:\/\/grupo.us.es\/creacionliteraria\/wp-content\/plugins\/elementor-pro\/assets\/css\/widget-posts.min.css\">\t\t<div class=\"elementor-posts-container elementor-posts elementor-posts--skin-cards elementor-grid\">\n\t\t\t\t<article class=\"elementor-post elementor-grid-item post-228 post type-post status-publish format-standard hentry category-noticias\">\n\t\t\t<div class=\"elementor-post__card\">\n\t\t\t\t<div class=\"elementor-post__text\">\n\t\t\t\t<h3 class=\"elementor-post__title\">\n\t\t\t<a href=\"https:\/\/grupo.us.es\/creacionliteraria\/noticias\/proyecto-hacia-una-teoria-de-la-imaginacion-creadora\/\" >\n\t\t\t\tProyecto \u201cHacia una teor\u00eda de la imaginaci\u00f3n creadora\u201d\t\t\t<\/a>\n\t\t<\/h3>\n\t\t\t\t<div class=\"elementor-post__excerpt\">\n\t\t\t<p>El objetivo de este blog es la difusi\u00f3n de bibliograf\u00eda acerca de creaci\u00f3n literaria, escritura creativa (como pr\u00e1ctica o como disciplina acad\u00e9mica), sobre la fantas\u00eda\t\t<\/div>\n\t\t\t\t\t<div class=\"elementor-post__read-more-wrapper\">\n\t\t\n\t\t<a class=\"elementor-post__read-more\" href=\"https:\/\/grupo.us.es\/creacionliteraria\/noticias\/proyecto-hacia-una-teoria-de-la-imaginacion-creadora\/\" aria-label=\"M\u00e1s informaci\u00f3n sobre Proyecto \u201cHacia una teor\u00eda de la imaginaci\u00f3n creadora\u201d\" tabindex=\"-1\" >\n\t\t\tLeer M\u00e1s \u00bb\t\t<\/a>\n\n\t\t\t\t\t<\/div>\n\t\t\t\t<\/div>\n\t\t\t\t<div class=\"elementor-post__meta-data\">\n\t\t\t\t\t<span class=\"elementor-post-date\">\n\t\t\t17 de marzo de 2022\t\t<\/span>\n\t\t\t\t<\/div>\n\t\t\t\t\t<\/div>\n\t\t<\/article>\n\t\t\t\t<article class=\"elementor-post elementor-grid-item post-2807 post type-post status-publish format-standard hentry category-noticias\">\n\t\t\t<div class=\"elementor-post__card\">\n\t\t\t\t<div class=\"elementor-post__text\">\n\t\t\t\t<h3 class=\"elementor-post__title\">\n\t\t\t<a href=\"https:\/\/grupo.us.es\/creacionliteraria\/noticias\/enrique-vila-matas-2022-el-arte-de-la-ficcion-una-entrevista-de-adam-thirlwell-para-the-paris-review-barcelona-seix-barral\/\" >\n\t\t\t\tEnrique Vila-Matas (2022). El arte de la ficci\u00f3n. Una entrevista de Adam Thirlwell para The Paris Review. Barcelona: Seix Barral.\t\t\t<\/a>\n\t\t<\/h3>\n\t\t\t\t<div class=\"elementor-post__excerpt\">\n\t\t\t<p>Uno de los mejores escritores j\u00f3venes ingleses, Adam Tirlwell fue el encargado de realizar a Vila-Matas esta magn\u00edfica entrevista publicada en The Paris Review en\t\t<\/div>\n\t\t\t\t\t<div class=\"elementor-post__read-more-wrapper\">\n\t\t\n\t\t<a class=\"elementor-post__read-more\" href=\"https:\/\/grupo.us.es\/creacionliteraria\/noticias\/enrique-vila-matas-2022-el-arte-de-la-ficcion-una-entrevista-de-adam-thirlwell-para-the-paris-review-barcelona-seix-barral\/\" aria-label=\"M\u00e1s informaci\u00f3n sobre Enrique Vila-Matas (2022). El arte de la ficci\u00f3n. Una entrevista de Adam Thirlwell para The Paris Review. Barcelona: Seix Barral.\" tabindex=\"-1\" >\n\t\t\tLeer M\u00e1s \u00bb\t\t<\/a>\n\n\t\t\t\t\t<\/div>\n\t\t\t\t<\/div>\n\t\t\t\t<div class=\"elementor-post__meta-data\">\n\t\t\t\t\t<span class=\"elementor-post-date\">\n\t\t\t1 de septiembre de 2022\t\t<\/span>\n\t\t\t\t<\/div>\n\t\t\t\t\t<\/div>\n\t\t<\/article>\n\t\t\t\t<article class=\"elementor-post elementor-grid-item post-2794 post type-post status-publish format-standard hentry category-noticias\">\n\t\t\t<div class=\"elementor-post__card\">\n\t\t\t\t<div class=\"elementor-post__text\">\n\t\t\t\t<h3 class=\"elementor-post__title\">\n\t\t\t<a href=\"https:\/\/grupo.us.es\/creacionliteraria\/noticias\/jorge-volpi-2011-leer-la-mente-el-cerebro-y-el-arte-de-la-ficcion-madrid-alfaguara\/\" >\n\t\t\t\tJorge Volpi (2011). Leer la mente. El cerebro y el arte de la ficci\u00f3n. Madrid: Alfaguara.\t\t\t<\/a>\n\t\t<\/h3>\n\t\t\t\t<div class=\"elementor-post__excerpt\">\n\t\t\t<p>Jorge Volpi (M\u00e9xico, 1968), conocido autor de La paz de los sepulcros, En busca de Klingsor, El fin de la locura\u00a0y No ser\u00e1 la Tierra\t\t<\/div>\n\t\t\t\t\t<div class=\"elementor-post__read-more-wrapper\">\n\t\t\n\t\t<a class=\"elementor-post__read-more\" href=\"https:\/\/grupo.us.es\/creacionliteraria\/noticias\/jorge-volpi-2011-leer-la-mente-el-cerebro-y-el-arte-de-la-ficcion-madrid-alfaguara\/\" aria-label=\"M\u00e1s informaci\u00f3n sobre Jorge Volpi (2011). Leer la mente. El cerebro y el arte de la ficci\u00f3n. Madrid: Alfaguara.\" tabindex=\"-1\" >\n\t\t\tLeer M\u00e1s \u00bb\t\t<\/a>\n\n\t\t\t\t\t<\/div>\n\t\t\t\t<\/div>\n\t\t\t\t<div class=\"elementor-post__meta-data\">\n\t\t\t\t\t<span class=\"elementor-post-date\">\n\t\t\t27 de julio de 2022\t\t<\/span>\n\t\t\t\t<\/div>\n\t\t\t\t\t<\/div>\n\t\t<\/article>\n\t\t\t\t<article class=\"elementor-post elementor-grid-item post-2782 post type-post status-publish format-standard hentry category-noticias\">\n\t\t\t<div class=\"elementor-post__card\">\n\t\t\t\t<div class=\"elementor-post__text\">\n\t\t\t\t<h3 class=\"elementor-post__title\">\n\t\t\t<a href=\"https:\/\/grupo.us.es\/creacionliteraria\/noticias\/gianni-rodari-2002-gramatica-de-la-fantasia-introduccion-al-arte-de-contar-historias-barcelona-planeta\/\" >\n\t\t\t\tGianni Rodari (2002). Gram\u00e1tica de la fantas\u00eda. Introducci\u00f3n al arte de contar historias. Barcelona: Planeta.\t\t\t<\/a>\n\t\t<\/h3>\n\t\t\t\t<div class=\"elementor-post__excerpt\">\n\t\t\t<p>Siempre hay un ni\u00f1o \u2013 dice Rodari &#8211; que te pregunta: \u00ab\u00bfC\u00f3mo se inventan las historias?\u00bb, y se merece una respuesta honesta. En la Gram\u00e1tica\t\t<\/div>\n\t\t\t\t\t<div class=\"elementor-post__read-more-wrapper\">\n\t\t\n\t\t<a class=\"elementor-post__read-more\" href=\"https:\/\/grupo.us.es\/creacionliteraria\/noticias\/gianni-rodari-2002-gramatica-de-la-fantasia-introduccion-al-arte-de-contar-historias-barcelona-planeta\/\" aria-label=\"M\u00e1s informaci\u00f3n sobre Gianni Rodari (2002). Gram\u00e1tica de la fantas\u00eda. Introducci\u00f3n al arte de contar historias. Barcelona: Planeta.\" tabindex=\"-1\" >\n\t\t\tLeer M\u00e1s \u00bb\t\t<\/a>\n\n\t\t\t\t\t<\/div>\n\t\t\t\t<\/div>\n\t\t\t\t<div class=\"elementor-post__meta-data\">\n\t\t\t\t\t<span class=\"elementor-post-date\">\n\t\t\t19 de julio de 2022\t\t<\/span>\n\t\t\t\t<\/div>\n\t\t\t\t\t<\/div>\n\t\t<\/article>\n\t\t\t\t<article class=\"elementor-post elementor-grid-item post-2764 post type-post status-publish format-standard hentry category-noticias\">\n\t\t\t<div class=\"elementor-post__card\">\n\t\t\t\t<div class=\"elementor-post__text\">\n\t\t\t\t<h3 class=\"elementor-post__title\">\n\t\t\t<a href=\"https:\/\/grupo.us.es\/creacionliteraria\/noticias\/adolfo-bioy-casares-2007-sobre-la-escritura-conversaciones-en-el-taller-literario-rd-de-felix-della-paolera-y-esther-cross-madrid-fuentetaja\/\" >\n\t\t\t\tAdolfo Bioy Casares (2007). Sobre la escritura. Conversaciones en el taller literario. Ed. de F\u00e9lix della Paolera y Esther Cross. Madrid: Fuentetaja.\t\t\t<\/a>\n\t\t<\/h3>\n\t\t\t\t<div class=\"elementor-post__excerpt\">\n\t\t\t<p>F\u00e9lix della Paolera invit\u00f3 a Adolfo Bioy Casares a conversar con los alumnos de sus talleres de escritura en tres sesiones repartidas en los a\u00f1os\t\t<\/div>\n\t\t\t\t\t<div class=\"elementor-post__read-more-wrapper\">\n\t\t\n\t\t<a class=\"elementor-post__read-more\" href=\"https:\/\/grupo.us.es\/creacionliteraria\/noticias\/adolfo-bioy-casares-2007-sobre-la-escritura-conversaciones-en-el-taller-literario-rd-de-felix-della-paolera-y-esther-cross-madrid-fuentetaja\/\" aria-label=\"M\u00e1s informaci\u00f3n sobre Adolfo Bioy Casares (2007). Sobre la escritura. Conversaciones en el taller literario. Ed. de F\u00e9lix della Paolera y Esther Cross. Madrid: Fuentetaja.\" tabindex=\"-1\" >\n\t\t\tLeer M\u00e1s \u00bb\t\t<\/a>\n\n\t\t\t\t\t<\/div>\n\t\t\t\t<\/div>\n\t\t\t\t<div class=\"elementor-post__meta-data\">\n\t\t\t\t\t<span class=\"elementor-post-date\">\n\t\t\t19 de julio de 2022\t\t<\/span>\n\t\t\t\t<\/div>\n\t\t\t\t\t<\/div>\n\t\t<\/article>\n\t\t\t\t<article class=\"elementor-post elementor-grid-item post-2748 post type-post status-publish format-standard hentry category-noticias\">\n\t\t\t<div class=\"elementor-post__card\">\n\t\t\t\t<div class=\"elementor-post__text\">\n\t\t\t\t<h3 class=\"elementor-post__title\">\n\t\t\t<a href=\"https:\/\/grupo.us.es\/creacionliteraria\/noticias\/alejandro-duque-amusco-ed-2002-como-se-hace-un-poema-el-testimonio-de-52-poemas-valencia-pre-textos\/\" >\n\t\t\t\tAlejandro Duque Amusco (ed.)(2002). C\u00f3mo se hace un poema. El testimonio de 52 poetas. Valencia: Pre-Textos.\t\t\t<\/a>\n\t\t<\/h3>\n\t\t\t\t<div class=\"elementor-post__excerpt\">\n\t\t\t<p>Alejandro Duque Amusco, poeta, cr\u00edtico y ensayista, ha tenido el acierto de recoger el testimonio de m\u00e1s de medio centenar de poetas del siglo XX,\t\t<\/div>\n\t\t\t\t\t<div class=\"elementor-post__read-more-wrapper\">\n\t\t\n\t\t<a class=\"elementor-post__read-more\" href=\"https:\/\/grupo.us.es\/creacionliteraria\/noticias\/alejandro-duque-amusco-ed-2002-como-se-hace-un-poema-el-testimonio-de-52-poemas-valencia-pre-textos\/\" aria-label=\"M\u00e1s informaci\u00f3n sobre Alejandro Duque Amusco (ed.)(2002). C\u00f3mo se hace un poema. El testimonio de 52 poetas. Valencia: Pre-Textos.\" tabindex=\"-1\" >\n\t\t\tLeer M\u00e1s \u00bb\t\t<\/a>\n\n\t\t\t\t\t<\/div>\n\t\t\t\t<\/div>\n\t\t\t\t<div class=\"elementor-post__meta-data\">\n\t\t\t\t\t<span class=\"elementor-post-date\">\n\t\t\t19 de julio de 2022\t\t<\/span>\n\t\t\t\t<\/div>\n\t\t\t\t\t<\/div>\n\t\t<\/article>\n\t\t\t\t<article class=\"elementor-post elementor-grid-item post-2728 post type-post status-publish format-standard hentry category-noticias\">\n\t\t\t<div class=\"elementor-post__card\">\n\t\t\t\t<div class=\"elementor-post__text\">\n\t\t\t\t<h3 class=\"elementor-post__title\">\n\t\t\t<a href=\"https:\/\/grupo.us.es\/creacionliteraria\/noticias\/mario-vargas-llosa-2016-cartas-a-un-joven-novelista-madrid-alfaguara-copy-copy\/\" >\n\t\t\t\tGustavo Ariel Schwartz (2019) Creativium. Una mirada creativa de la ciencia. Una mirada cient\u00edfica de la creatividad. Madrid: Libros de la Catarata\t\t\t<\/a>\n\t\t<\/h3>\n\t\t\t\t<div class=\"elementor-post__excerpt\">\n\t\t\t<p>\u201cUna idea es eso que se te ocurre mientras t\u00fa te empe\u00f1as en pensar otra cosa\u201d, dice una de las muchas frases inteligentes que pueden\t\t<\/div>\n\t\t\t\t\t<div class=\"elementor-post__read-more-wrapper\">\n\t\t\n\t\t<a class=\"elementor-post__read-more\" href=\"https:\/\/grupo.us.es\/creacionliteraria\/noticias\/mario-vargas-llosa-2016-cartas-a-un-joven-novelista-madrid-alfaguara-copy-copy\/\" aria-label=\"M\u00e1s informaci\u00f3n sobre Gustavo Ariel Schwartz (2019) Creativium. Una mirada creativa de la ciencia. Una mirada cient\u00edfica de la creatividad. Madrid: Libros de la Catarata\" tabindex=\"-1\" >\n\t\t\tLeer M\u00e1s \u00bb\t\t<\/a>\n\n\t\t\t\t\t<\/div>\n\t\t\t\t<\/div>\n\t\t\t\t<div class=\"elementor-post__meta-data\">\n\t\t\t\t\t<span class=\"elementor-post-date\">\n\t\t\t19 de julio de 2022\t\t<\/span>\n\t\t\t\t<\/div>\n\t\t\t\t\t<\/div>\n\t\t<\/article>\n\t\t\t\t<\/div>\n\t\t\t\t\t<span class=\"e-load-more-spinner\">\n\t\t\t\t<i aria-hidden=\"true\" class=\"fas fa-spinner\"><\/i>\t\t\t<\/span>\n\t\t\n\t\t\t\t<div class=\"e-load-more-anchor\" data-page=\"1\" data-max-page=\"3\" data-next-page=\"https:\/\/grupo.us.es\/creacionliteraria\/wp-json\/wp\/v2\/pages\/2046\/page\/2\/\"><\/div>\n\t\t\t\t<div class=\"e-load-more-message\"><\/div>\n\t\t\t\t<\/div>\n\t\t\t\t<\/div>\n\t\t\t\t\t<\/div>\n\t\t<\/div>\n\t\t\t\t\t\t\t<\/div>\n\t\t<\/section>\n\t\t\t\t\t\t\t<\/div>\n\t\t","protected":false},"excerpt":{"rendered":"","protected":false},"author":3,"featured_media":0,"parent":0,"menu_order":0,"comment_status":"closed","ping_status":"closed","template":"","meta":{"footnotes":""},"class_list":["post-2046","page","type-page","status-publish","hentry"],"yoast_head":"<!-- This site is optimized with the Yoast SEO plugin v21.9.1 - https:\/\/yoast.com\/wordpress\/plugins\/seo\/ -->\n<title>Blog sobre escritura creativa - Hacia una teor\u00eda cognitiva de la imaginaci\u00f3n creadora desde fundamentos te\u00f3ricos, est\u00e9ticos y neurocient\u00edficos<\/title>\n<meta name=\"robots\" content=\"index, follow, max-snippet:-1, max-image-preview:large, max-video-preview:-1\" \/>\n<link rel=\"canonical\" href=\"https:\/\/grupo.us.es\/creacionliteraria\/blog\/\" \/>\n<meta property=\"og:locale\" content=\"es_ES\" \/>\n<meta property=\"og:type\" content=\"article\" \/>\n<meta property=\"og:title\" content=\"Blog sobre escritura creativa - Hacia una teor\u00eda cognitiva de la imaginaci\u00f3n creadora desde fundamentos te\u00f3ricos, est\u00e9ticos y neurocient\u00edficos\" \/>\n<meta property=\"og:url\" content=\"https:\/\/grupo.us.es\/creacionliteraria\/blog\/\" \/>\n<meta property=\"og:site_name\" content=\"Hacia una teor\u00eda cognitiva de la imaginaci\u00f3n creadora desde fundamentos te\u00f3ricos, est\u00e9ticos y neurocient\u00edficos\" \/>\n<meta property=\"article:modified_time\" content=\"2022-07-05T09:43:29+00:00\" \/>\n<meta name=\"twitter:card\" content=\"summary_large_image\" \/>\n<meta name=\"twitter:label1\" content=\"Tiempo de lectura\" \/>\n\t<meta name=\"twitter:data1\" content=\"1 minuto\" \/>\n<script type=\"application\/ld+json\" class=\"yoast-schema-graph\">{\"@context\":\"https:\/\/schema.org\",\"@graph\":[{\"@type\":\"WebPage\",\"@id\":\"https:\/\/grupo.us.es\/creacionliteraria\/blog\/\",\"url\":\"https:\/\/grupo.us.es\/creacionliteraria\/blog\/\",\"name\":\"Blog sobre escritura creativa - Hacia una teor\u00eda cognitiva de la imaginaci\u00f3n creadora desde fundamentos te\u00f3ricos, est\u00e9ticos y neurocient\u00edficos\",\"isPartOf\":{\"@id\":\"https:\/\/grupo.us.es\/creacionliteraria\/#website\"},\"datePublished\":\"2022-06-10T08:57:11+00:00\",\"dateModified\":\"2022-07-05T09:43:29+00:00\",\"inLanguage\":\"es\",\"potentialAction\":[{\"@type\":\"ReadAction\",\"target\":[\"https:\/\/grupo.us.es\/creacionliteraria\/blog\/\"]}]},{\"@type\":\"WebSite\",\"@id\":\"https:\/\/grupo.us.es\/creacionliteraria\/#website\",\"url\":\"https:\/\/grupo.us.es\/creacionliteraria\/\",\"name\":\"Hacia una teor\u00eda cognitiva de la imaginaci\u00f3n creadora desde fundamentos te\u00f3ricos, est\u00e9ticos y neurocient\u00edficos\",\"description\":\"\",\"publisher\":{\"@id\":\"https:\/\/grupo.us.es\/creacionliteraria\/#organization\"},\"potentialAction\":[{\"@type\":\"SearchAction\",\"target\":{\"@type\":\"EntryPoint\",\"urlTemplate\":\"https:\/\/grupo.us.es\/creacionliteraria\/?s={search_term_string}\"},\"query-input\":\"required name=search_term_string\"}],\"inLanguage\":\"es\"},{\"@type\":\"Organization\",\"@id\":\"https:\/\/grupo.us.es\/creacionliteraria\/#organization\",\"name\":\"Hacia una teor\u00eda cognitiva de la imaginaci\u00f3n creadora desde fundamentos te\u00f3ricos, est\u00e9ticos y neurocient\u00edficos\",\"url\":\"https:\/\/grupo.us.es\/creacionliteraria\/\",\"logo\":{\"@type\":\"ImageObject\",\"inLanguage\":\"es\",\"@id\":\"https:\/\/grupo.us.es\/creacionliteraria\/#\/schema\/logo\/image\/\",\"url\":\"https:\/\/grupo.us.es\/creacionliteraria\/wp-content\/uploads\/2022\/03\/US-marca-digital-cuadrada-200.png\",\"contentUrl\":\"https:\/\/grupo.us.es\/creacionliteraria\/wp-content\/uploads\/2022\/03\/US-marca-digital-cuadrada-200.png\",\"width\":200,\"height\":205,\"caption\":\"Hacia una teor\u00eda cognitiva de la imaginaci\u00f3n creadora desde fundamentos te\u00f3ricos, est\u00e9ticos y neurocient\u00edficos\"},\"image\":{\"@id\":\"https:\/\/grupo.us.es\/creacionliteraria\/#\/schema\/logo\/image\/\"}}]}<\/script>\n<!-- \/ Yoast SEO plugin. -->","yoast_head_json":{"title":"Blog sobre escritura creativa - Hacia una teor\u00eda cognitiva de la imaginaci\u00f3n creadora desde fundamentos te\u00f3ricos, est\u00e9ticos y neurocient\u00edficos","robots":{"index":"index","follow":"follow","max-snippet":"max-snippet:-1","max-image-preview":"max-image-preview:large","max-video-preview":"max-video-preview:-1"},"canonical":"https:\/\/grupo.us.es\/creacionliteraria\/blog\/","og_locale":"es_ES","og_type":"article","og_title":"Blog sobre escritura creativa - Hacia una teor\u00eda cognitiva de la imaginaci\u00f3n creadora desde fundamentos te\u00f3ricos, est\u00e9ticos y neurocient\u00edficos","og_url":"https:\/\/grupo.us.es\/creacionliteraria\/blog\/","og_site_name":"Hacia una teor\u00eda cognitiva de la imaginaci\u00f3n creadora desde fundamentos te\u00f3ricos, est\u00e9ticos y neurocient\u00edficos","article_modified_time":"2022-07-05T09:43:29+00:00","twitter_card":"summary_large_image","twitter_misc":{"Tiempo de lectura":"1 minuto"},"schema":{"@context":"https:\/\/schema.org","@graph":[{"@type":"WebPage","@id":"https:\/\/grupo.us.es\/creacionliteraria\/blog\/","url":"https:\/\/grupo.us.es\/creacionliteraria\/blog\/","name":"Blog sobre escritura creativa - Hacia una teor\u00eda cognitiva de la imaginaci\u00f3n creadora desde fundamentos te\u00f3ricos, est\u00e9ticos y neurocient\u00edficos","isPartOf":{"@id":"https:\/\/grupo.us.es\/creacionliteraria\/#website"},"datePublished":"2022-06-10T08:57:11+00:00","dateModified":"2022-07-05T09:43:29+00:00","inLanguage":"es","potentialAction":[{"@type":"ReadAction","target":["https:\/\/grupo.us.es\/creacionliteraria\/blog\/"]}]},{"@type":"WebSite","@id":"https:\/\/grupo.us.es\/creacionliteraria\/#website","url":"https:\/\/grupo.us.es\/creacionliteraria\/","name":"Hacia una teor\u00eda cognitiva de la imaginaci\u00f3n creadora desde fundamentos te\u00f3ricos, est\u00e9ticos y neurocient\u00edficos","description":"","publisher":{"@id":"https:\/\/grupo.us.es\/creacionliteraria\/#organization"},"potentialAction":[{"@type":"SearchAction","target":{"@type":"EntryPoint","urlTemplate":"https:\/\/grupo.us.es\/creacionliteraria\/?s={search_term_string}"},"query-input":"required name=search_term_string"}],"inLanguage":"es"},{"@type":"Organization","@id":"https:\/\/grupo.us.es\/creacionliteraria\/#organization","name":"Hacia una teor\u00eda cognitiva de la imaginaci\u00f3n creadora desde fundamentos te\u00f3ricos, est\u00e9ticos y neurocient\u00edficos","url":"https:\/\/grupo.us.es\/creacionliteraria\/","logo":{"@type":"ImageObject","inLanguage":"es","@id":"https:\/\/grupo.us.es\/creacionliteraria\/#\/schema\/logo\/image\/","url":"https:\/\/grupo.us.es\/creacionliteraria\/wp-content\/uploads\/2022\/03\/US-marca-digital-cuadrada-200.png","contentUrl":"https:\/\/grupo.us.es\/creacionliteraria\/wp-content\/uploads\/2022\/03\/US-marca-digital-cuadrada-200.png","width":200,"height":205,"caption":"Hacia una teor\u00eda cognitiva de la imaginaci\u00f3n creadora desde fundamentos te\u00f3ricos, est\u00e9ticos y neurocient\u00edficos"},"image":{"@id":"https:\/\/grupo.us.es\/creacionliteraria\/#\/schema\/logo\/image\/"}}]}},"_links":{"self":[{"href":"https:\/\/grupo.us.es\/creacionliteraria\/wp-json\/wp\/v2\/pages\/2046","targetHints":{"allow":["GET"]}}],"collection":[{"href":"https:\/\/grupo.us.es\/creacionliteraria\/wp-json\/wp\/v2\/pages"}],"about":[{"href":"https:\/\/grupo.us.es\/creacionliteraria\/wp-json\/wp\/v2\/types\/page"}],"author":[{"embeddable":true,"href":"https:\/\/grupo.us.es\/creacionliteraria\/wp-json\/wp\/v2\/users\/3"}],"replies":[{"embeddable":true,"href":"https:\/\/grupo.us.es\/creacionliteraria\/wp-json\/wp\/v2\/comments?post=2046"}],"version-history":[{"count":24,"href":"https:\/\/grupo.us.es\/creacionliteraria\/wp-json\/wp\/v2\/pages\/2046\/revisions"}],"predecessor-version":[{"id":2633,"href":"https:\/\/grupo.us.es\/creacionliteraria\/wp-json\/wp\/v2\/pages\/2046\/revisions\/2633"}],"wp:attachment":[{"href":"https:\/\/grupo.us.es\/creacionliteraria\/wp-json\/wp\/v2\/media?parent=2046"}],"curies":[{"name":"wp","href":"https:\/\/api.w.org\/{rel}","templated":true}]}}