{"id":32,"date":"2017-05-21T16:39:29","date_gmt":"2017-05-21T16:39:29","guid":{"rendered":"http:\/\/grupo.us.es\/copi\/?page_id=32"},"modified":"2025-07-21T12:14:25","modified_gmt":"2025-07-21T10:14:25","slug":"participants","status":"publish","type":"page","link":"https:\/\/grupo.us.es\/copi\/?page_id=32","title":{"rendered":"Participants"},"content":{"rendered":"<ul>\n<li><a href=\"https:\/\/investigacion.us.es\/sisius\/sis_showpub.php?idpers=965\">Enrique Fern\u00e1ndez-Cara <\/a>(<a href=\"mailto:cara@us.es\">cara@us.es<\/a>), Professor, University of Sevilla<br \/>\nTeam members and collaborators:<\/p>\n<ul>\n<li>Diego Araujo de Souza (<a href=\"mailto:desouza@us.es\">desouza@us.es<\/a>), University of Sevilla<\/li>\n<li>Anna Doubova (<a href=\"mailto:doubova@us.es\">doubova@us.es<\/a>), University of Sevilla<\/li>\n<li>Rosa Echevarr\u00eda (<a href=\"mailto:rel@us.es\">rel@us.es<\/a>), University of Sevilla<\/li>\n<li>Manuel Gonz\u00e1lez-Burgos (<a href=\"mailto:manoloburgos@us.es\">manoloburgos@us.es<\/a>), University of Sevilla<\/li>\n<li>Irene Mar\u00edn Gayte (<a href=\"mailto:imarin3@us.es\"> imarin3@us.es<\/a>), University of Sevilla<\/li>\n<\/ul>\n<\/li>\n<li><a href=\"https:\/\/gscpage.wordpress.com\">Lino Jos\u00e9 \u00c1lvarez V\u00e1zquez<\/a> (<a href=\"mailto:lino@dma.uvigo.es\">lino@dma.uvigo.es<\/a>), Professor,\u00a0University of Vigo<br \/>\nTeam members and collaborators:<\/p>\n<ul>\n<li>N\u00e9stor Garc\u00eda Chan (<a href=\"mailto: nestor.gchan@academicos.udg.mx\"> nestor.gchan@academicos.udg.mx <\/a>), University of Guadalajara, Mexico<\/li>\n<li>\u00c1urea Mar\u00eda Mart\u00ednez Varela (<a href=\"mailto:aurea@dma.uvigo.es\">aurea@dma.uvigo.es<\/a>), University of Vigo<\/li>\n<li>Miguel Ernesto V\u00e1zquez M\u00e9ndez (<a href=\"mailto:miguelernesto.vazquez@usc.es\">miguelernesto.vazquez@usc.es<\/a>), University of Santiago de Compostela<\/li>\n<\/ul>\n<\/li>\n<li><a href=\"https:\/\/scholar.google.es\/citations?user=HR_GBTkAAAAJ&amp;hl=es&amp;oi=sra\">Jone Apraiz Iza\u00a0<\/a>(<a href=\"mailto:jone.apraiz@ehu.eus\">Jone.apraiz@ehu.eus<\/a>), Associate Professor,\u00a0University of Basque Country\n<ul>\n<li>Jon Asier B\u00e1rcena Petisco (<a href=\"mailto:jonasier.barcena@ehu.eus\">jonasier.barcena@ehu.eus<\/a>), University of Basque Country<\/li>\n<\/ul>\n<\/li>\n<li><a href=\"https:\/\/orcid.org\/0000-0001-5750-1349\">Jos\u00e9 Carlos Bellido Guerrero<\/a> (<a href=\"mailto:JoseCarlos.Bellido@uclm.es\">JoseCarlos.Bellido@uclm.es<\/a>), University of Castilla La Mancha \u00a0 \u00a0 <span style=\"font-size: revert;\">Team members and collaborators:\u00a0<\/span><\/li>\n<\/ul>\n<ul>\n<li style=\"list-style-type: none;\">\n<ul>\n<li>Pablo Pedregal Tercero (<a href=\"pablo.pedregal@uclm.es\"><em style=\"font-size: revert;\">pablo<\/em><span style=\"font-size: revert;\">.<\/span><em style=\"font-size: revert;\">pedregal<\/em><\/a><span style=\"font-size: revert;\">@uclm.es), \u00a0University of Castilla La Mancha<\/span><\/li>\n<li>Ernesto Aranda Ortega (<span style=\"font-size: revert;\"><a href=\"mailto:Ernesto.Aranda@uclm.es\">Ernesto.Aranda@uclm.es<\/a>), <\/span><span style=\"font-size: revert;\">University of Castilla La Mancha<\/span><\/li>\n<li>Alberto Donoso Bell\u00f3n (<span style=\"font-size: revert;\"><a href=\"mailto:Alberto.Donoso@uclm.es\">Alberto.Donoso@uclm.es<\/a>), University of Castilla La Mancha<\/span><\/li>\n<\/ul>\n<\/li>\n<li>Eduardo Casas Renter\u00eda\u00a0(<a href=\"mailto:eduardo.casas@unican.es\">eduardo.casas@unican.es<\/a>), Professor,\u00a0University of Cantabria<br \/>\nTeam members and collaborators:<\/p>\n<ul>\n<li>Luis Alberto Fern\u00e1ndez Fern\u00e1ndez (<a href=\"mailto:luisal.fdez@unican.es\">luisal.fdez@unican.es<\/a>), University of Cantabria<\/li>\n<li>Cecilia Pola M\u00e9ndez (<a href=\"mailto:cecilia.pola@unican.es\">cecilia.pola@unican.es<\/a>), University of Cantabria<\/li>\n<li>Mariano Mateos Alberdi (<a href=\"mailto: mmateos@uniovi.es\"> mmateos@uniovi.es<\/a>), University of Oviedo<\/li>\n<\/ul>\n<\/li>\n<li>Carlos Castro Barbero\u00a0(<a href=\"mailto:carlos.castro@upm.es\">carlos.castro@upm.es<\/a>), Professor, Polytechnic University of Madrid<\/li>\n<li><a href=\"https:\/\/scholar.google.com\/citations?user=tTwiPcUAAAAJ&amp;hl=es\">Rafael Orive Illera<\/a>\u00a0(<a href=\"mailto:rafael.orive@uam.es\">rafael.orive@uam.es<\/a>), Professor, University Aut\u00f3noma of Madrid<br \/>\nTeam members and collaborators:<\/li>\n<li><a href=\"http:\/\/www.upct.es\/mc3\/es\/dr-francisco-periago-esparza-2\/\">Francisco Periago Esparza<\/a>\u00a0(<a href=\"mailto:f.periago@upct.es\">f.periago@upct.es<\/a>),\u00a0Professor, Polytechnic University of Cartagena<\/li>\n<li><a href=\"http:\/\/paginaspersonales.deusto.es\/enrique.zuazua\/\">Enrique Zuazua Iriondo<\/a>, <a href=\"http:\/\/cmc.deusto.es\/\">\u00a0Chair of Mathematical Computation<\/a>, <a href=\"http:\/\/enzuazua.net\/\">enzuazua.net<\/a>,\u00a0(<a href=\"mailto:enrique.zuazua@deusto.es\">enrique.zuazua@deusto.es<\/a>), Professor,\u00a0DeustoTech-Bilbao and Autonomous University of Madrid<br \/>\nTeam members and collaborators:<\/p>\n<ul>\n<li>Umberto Biccari (<a href=\"mailto: umberto.biccari@deusto.es\"> umberto.biccari@deusto.es <\/a>), University of Deusto<\/li>\n<li>Roberto Morales ( <a href=\"mailto:roberto.morales@deusto.es\">roberto.morales@deusto.es<\/a> ), University of Deusto<\/li>\n<li>Miren Arretxe (<a href=\"mailto: miren.arretxe@deusto.es\"> miren.arretxe@deusto.es <\/a>), University of Deusto<\/li>\n<\/ul>\n<\/li>\n<\/ul>\n","protected":false},"excerpt":{"rendered":"<p>Enrique Fern\u00e1ndez-Cara (cara@us.es), Professor, University of Sevilla Team members and collaborators: Diego Araujo de Souza (desouza@us.es), University of Sevilla Anna Doubova (doubova@us.es), University of Sevilla Rosa Echevarr\u00eda (rel@us.es), University of Sevilla Manuel Gonz\u00e1lez-Burgos (manoloburgos@us.es), University of Sevilla Irene Mar\u00edn Gayte ( imarin3@us.es), University of Sevilla Lino Jos\u00e9 \u00c1lvarez V\u00e1zquez (lino@dma.uvigo.es), Professor,\u00a0University of Vigo Team members [&hellip;]<\/p>\n<div class=\"clearfix text-center more-button\"><a href=\"https:\/\/grupo.us.es\/copi\/?page_id=32\" class=\"btn btn-success\">Seguir leyendo<\/a><\/div>","protected":false},"author":1,"featured_media":0,"parent":0,"menu_order":0,"comment_status":"closed","ping_status":"closed","template":"","meta":{"footnotes":""},"class_list":["post-32","page","type-page","status-publish","hentry"],"jetpack_sharing_enabled":true,"_links":{"self":[{"href":"https:\/\/grupo.us.es\/copi\/index.php?rest_route=\/wp\/v2\/pages\/32","targetHints":{"allow":["GET"]}}],"collection":[{"href":"https:\/\/grupo.us.es\/copi\/index.php?rest_route=\/wp\/v2\/pages"}],"about":[{"href":"https:\/\/grupo.us.es\/copi\/index.php?rest_route=\/wp\/v2\/types\/page"}],"author":[{"embeddable":true,"href":"https:\/\/grupo.us.es\/copi\/index.php?rest_route=\/wp\/v2\/users\/1"}],"replies":[{"embeddable":true,"href":"https:\/\/grupo.us.es\/copi\/index.php?rest_route=%2Fwp%2Fv2%2Fcomments&post=32"}],"version-history":[{"count":5,"href":"https:\/\/grupo.us.es\/copi\/index.php?rest_route=\/wp\/v2\/pages\/32\/revisions"}],"predecessor-version":[{"id":539,"href":"https:\/\/grupo.us.es\/copi\/index.php?rest_route=\/wp\/v2\/pages\/32\/revisions\/539"}],"wp:attachment":[{"href":"https:\/\/grupo.us.es\/copi\/index.php?rest_route=%2Fwp%2Fv2%2Fmedia&parent=32"}],"curies":[{"name":"wp","href":"https:\/\/api.w.org\/{rel}","templated":true}]}}