{"id":597,"date":"2017-02-02T12:27:50","date_gmt":"2017-02-02T12:27:50","guid":{"rendered":"http:\/\/test.kriesi.at\/enfold-2017\/?page_id=597"},"modified":"2022-09-14T11:57:00","modified_gmt":"2022-09-14T09:57:00","slug":"proyectos-de-investigacion","status":"publish","type":"page","link":"https:\/\/grupo.us.es\/conservacionyp\/proyectos-de-investigacion\/","title":{"rendered":"PROYECTOS DE INVESTIGACI\u00d3N"},"content":{"rendered":"\n<style type=\"text\/css\" data-created_by=\"avia_inline_auto\" id=\"style-css-av-xvvl1-bb066764cdc353a88d80c9d6bb7ed19d\">\n.avia-section.av-xvvl1-bb066764cdc353a88d80c9d6bb7ed19d{\nbackground-repeat:no-repeat;\nbackground-image:url(https:\/\/grupo.us.es\/conservacionyp\/wp-content\/uploads\/cabecera-proyectos-de-investigacion.jpg);\nbackground-position:50% 50%;\nbackground-attachment:scroll;\n}\n.avia-section.av-xvvl1-bb066764cdc353a88d80c9d6bb7ed19d .av-section-color-overlay{\nopacity:0.4;\nbackground-color:#000000;\n}\n<\/style>\n<div id='av_section_1'  class='avia-section av-xvvl1-bb066764cdc353a88d80c9d6bb7ed19d main_color avia-section-huge avia-no-shadow  avia-builder-el-0  el_before_av_masonry_entries  avia-builder-el-first  avia-full-stretch avia-bg-style-scroll av-section-color-overlay-active container_wrap sidebar_right'  data-section-bg-repeat='stretch'><div class=\"av-section-color-overlay-wrap\"><div class=\"av-section-color-overlay\"><\/div><div class='container av-section-cont-open' ><main  role=\"main\" itemprop=\"mainContentOfPage\"  class='template-page content  av-content-small alpha units'><div class='post-entry post-entry-type-page post-entry-597'><div class='entry-content-wrapper clearfix'>\n\n<style type=\"text\/css\" data-created_by=\"avia_inline_auto\" id=\"style-css-av-r69a5-fc8f43b7db16e23943f91c8306a5bf9c\">\n#top .av-special-heading.av-r69a5-fc8f43b7db16e23943f91c8306a5bf9c{\npadding-bottom:0px;\ncolor:#ffffff;\nfont-size:45px;\n}\nbody .av-special-heading.av-r69a5-fc8f43b7db16e23943f91c8306a5bf9c .av-special-heading-tag .heading-char{\nfont-size:25px;\n}\n#top #wrap_all .av-special-heading.av-r69a5-fc8f43b7db16e23943f91c8306a5bf9c .av-special-heading-tag{\nfont-size:45px;\n}\n.av-special-heading.av-r69a5-fc8f43b7db16e23943f91c8306a5bf9c .special-heading-inner-border{\nborder-color:#ffffff;\n}\n.av-special-heading.av-r69a5-fc8f43b7db16e23943f91c8306a5bf9c .av-subheading{\nfont-size:15px;\n}\n<\/style>\n<div  class='av-special-heading av-r69a5-fc8f43b7db16e23943f91c8306a5bf9c av-special-heading-h1 custom-color-heading blockquote modern-quote modern-centered  avia-builder-el-1  el_before_av_hr  avia-builder-el-first  av-inherit-size'><h1 class='av-special-heading-tag'  itemprop=\"headline\"  >Proyectos de Investigaci\u00f3n<\/h1><div class=\"special-heading-border\"><div class=\"special-heading-inner-border\"><\/div><\/div><\/div>\n\n<style type=\"text\/css\" data-created_by=\"avia_inline_auto\" id=\"style-css-av-nac8t-4a32c4f6de37c5639c9ef2120c553ec6\">\n#top .hr.av-nac8t-4a32c4f6de37c5639c9ef2120c553ec6{\nmargin-top:30px;\nmargin-bottom:30px;\n}\n.hr.av-nac8t-4a32c4f6de37c5639c9ef2120c553ec6 .hr-inner{\nwidth:50px;\nborder-color:#ffffff;\n}\n<\/style>\n<div  class='hr av-nac8t-4a32c4f6de37c5639c9ef2120c553ec6 hr-custom  avia-builder-el-2  el_after_av_heading  avia-builder-el-last  hr-center hr-icon-no'><span class='hr-inner inner-border-av-border-fat'><span class=\"hr-inner-style\"><\/span><\/span><\/div>\n\n<div id='av-masonry-1' class='av-masonry av-av_masonry_entries-d8a51ef3a0cb732ff8dbd604263a8f2e noHover av-fixed-size av-1px-gap av-hover-overlay-bluronhover av-masonry-animation- av-masonry-col-4 av-caption-on-hover av-caption-style- av-masonry-entries '><div class='av-masonry-sort main_color av-sort-yes-tax' data-masonry-id='1' ><div class='av-current-sort-title'><span class=\"inner_sort_button\"><span>Todo<\/span><small class=\"avia-term-count\"> 9 <\/small><\/span><\/div><div class='av-sort-by-term  ' data-av-allowed-sort='[\"consultoria-tecnica_sort\",\"recursos-docentes_sort\",\"tesis-en-curso_sort\"]' ><a href=\"#\" data-filter=\"all_sort\" class=\"all_sort_button active_sort\"><span class=\"inner_sort_button\"><span>Todo<\/span><small class=\"avia-term-count\"> 9 <\/small><\/span><\/a><span class='text-sep consultoria-tecnica_sort_sep avia_show_sort'>\/<\/span><a href=\"#\" data-filter=\"consultoria-tecnica_sort\" class=\"consultoria-tecnica_sort_button avia_show_sort\" ><span class=\"inner_sort_button\"><span>Consultor\u00eda t\u00e9cnica<\/span><small class='avia-term-count'> 1 <\/small><\/span><\/a><span class='text-sep recursos-docentes_sort_sep avia_show_sort'>\/<\/span><a href=\"#\" data-filter=\"recursos-docentes_sort\" class=\"recursos-docentes_sort_button avia_show_sort\" ><span class=\"inner_sort_button\"><span>Recursos docentes<\/span><small class='avia-term-count'> 7 <\/small><\/span><\/a><span class='text-sep tesis-en-curso_sort_sep avia_show_sort'>\/<\/span><a href=\"#\" data-filter=\"tesis-en-curso_sort\" class=\"tesis-en-curso_sort_button avia_show_sort\" ><span class=\"inner_sort_button\"><span>Tesis en curso<\/span><small class='avia-term-count'> 1 <\/small><\/span><\/a><\/div><\/div><div class=\"av-masonry-container isotope av-js-disabled\"><div class='av-masonry-entry isotope-item av-masonry-item-no-image all_sort tesis-en-curso_sort  recursos-docentes_sort  consultoria-tecnica_sort '><\/div><a href=\"https:\/\/grupo.us.es\/conservacionyp\/portfolio-item\/constitucion-morfologia-y-composicion-de-los-hilos-metalicos-a-base-animal-en-tejidos-medievales-de-los-siglos-xi-al-xv\/\"  id='av-masonry-1-item-3993' data-av-masonry-item='3993' class='av-masonry-entry isotope-item post-3993 portfolio type-portfolio status-publish has-post-thumbnail hentry portfolio_entries-tesis-en-curso  conservacionyp wp-json wp v2 pages 597 all_sort tesis-en-curso_sort  av-masonry-item-with-image av-grid-img' title=\"Captura de pantalla 2024-03-07 a las 19.02.51\"  itemscope=\"itemscope\" itemtype=\"https:\/\/schema.org\/CreativeWork\" ><div class='av-inner-masonry-sizer'><\/div><figure class='av-inner-masonry main_color'><div class=\"av-masonry-outerimage-container\"><div class='av-masonry-image-container' style=\"background-image: url(https:\/\/grupo.us.es\/conservacionyp\/wp-content\/uploads\/Captura-de-pantalla-2024-03-07-a-las-19.02.51-1.jpg);\"  title=\"Captura de pantalla 2024-03-07 a las 19.02.51\"  ><\/div><\/div><figcaption class='av-inner-masonry-content site-background'><div class='av-inner-masonry-content-pos'><div class='av-inner-masonry-content-pos-content'><div class='avia-arrow'><\/div><h3 class='av-masonry-entry-title entry-title '  itemprop=\"headline\" >Constituci\u00f3n, morfolog\u00eda y composici\u00f3n de los hilos met\u00e1licos a base animal en tejidos medievales de los siglos XI al XV<\/h3><\/div><\/div><\/figcaption><\/figure><\/a><!--end av-masonry entry--><a href=\"https:\/\/grupo.us.es\/conservacionyp\/portfolio-item\/proyecto-camap-catalogo-fisico-e-ilustrado-de-materiales-constitutivos-y-productos-de-intervencion-en-bienes-culturales\/\"  id='av-masonry-1-item-3922' data-av-masonry-item='3922' class='av-masonry-entry isotope-item post-3922 portfolio type-portfolio status-publish has-post-thumbnail hentry portfolio_entries-recursos-docentes  conservacionyp wp-json wp v2 pages 597 all_sort recursos-docentes_sort  av-masonry-item-with-image av-grid-img' title=\"camap copia\"  itemscope=\"itemscope\" itemtype=\"https:\/\/schema.org\/CreativeWork\" ><div class='av-inner-masonry-sizer'><\/div><figure class='av-inner-masonry main_color'><div class=\"av-masonry-outerimage-container\"><div class='av-masonry-image-container' style=\"background-image: url(https:\/\/grupo.us.es\/conservacionyp\/wp-content\/uploads\/camap-copia-1.jpg);\"  title=\"camap copia\"  ><\/div><\/div><figcaption class='av-inner-masonry-content site-background'><div class='av-inner-masonry-content-pos'><div class='av-inner-masonry-content-pos-content'><div class='avia-arrow'><\/div><h3 class='av-masonry-entry-title entry-title '  itemprop=\"headline\" >PROYECTO CAMAP Cat\u00e1logo f\u00edsico e ilustrado de materiales constitutivos y productos de intervenci\u00f3n en bienes culturales<\/h3><\/div><\/div><\/figcaption><\/figure><\/a><!--end av-masonry entry--><a href=\"https:\/\/grupo.us.es\/conservacionyp\/portfolio-item\/el-retablo-del-descendimiento-de-la-parroquia-de-san-vicente\/\"  id='av-masonry-1-item-3883' data-av-masonry-item='3883' class='av-masonry-entry isotope-item post-3883 portfolio type-portfolio status-publish has-post-thumbnail hentry portfolio_entries-recursos-docentes  conservacionyp wp-json wp v2 pages 597 all_sort recursos-docentes_sort  av-masonry-item-with-image av-grid-img' title=\"proyecto-san-vicente\"  itemscope=\"itemscope\" itemtype=\"https:\/\/schema.org\/CreativeWork\" ><div class='av-inner-masonry-sizer'><\/div><figure class='av-inner-masonry main_color'><div class=\"av-masonry-outerimage-container\"><div class='av-masonry-image-container' style=\"background-image: url(https:\/\/grupo.us.es\/conservacionyp\/wp-content\/uploads\/proyecto-san-vicente.jpg);\"  title=\"proyecto-san-vicente\"  ><\/div><\/div><figcaption class='av-inner-masonry-content site-background'><div class='av-inner-masonry-content-pos'><div class='av-inner-masonry-content-pos-content'><div class='avia-arrow'><\/div><h3 class='av-masonry-entry-title entry-title '  itemprop=\"headline\" >EL RETABLO DEL DESCENDIMIENTO DE LA PARROQUIA DE SAN VICENTE<\/h3><\/div><\/div><\/figcaption><\/figure><\/a><!--end av-masonry entry--><a href=\"https:\/\/grupo.us.es\/conservacionyp\/portfolio-item\/proyecto-ivapta\/\"  id='av-masonry-1-item-3878' data-av-masonry-item='3878' class='av-masonry-entry isotope-item post-3878 portfolio type-portfolio status-publish has-post-thumbnail hentry portfolio_entries-recursos-docentes  conservacionyp wp-json wp v2 pages 597 all_sort recursos-docentes_sort  av-masonry-item-with-image av-grid-img' title=\"proyecto-ivapta\"  itemscope=\"itemscope\" itemtype=\"https:\/\/schema.org\/CreativeWork\" ><div class='av-inner-masonry-sizer'><\/div><figure class='av-inner-masonry main_color'><div class=\"av-masonry-outerimage-container\"><div class='av-masonry-image-container' style=\"background-image: url(https:\/\/grupo.us.es\/conservacionyp\/wp-content\/uploads\/proyecto-ivapta.jpg);\"  title=\"proyecto-ivapta\"  ><\/div><\/div><figcaption class='av-inner-masonry-content site-background'><div class='av-inner-masonry-content-pos'><div class='av-inner-masonry-content-pos-content'><div class='avia-arrow'><\/div><h3 class='av-masonry-entry-title entry-title '  itemprop=\"headline\" >PROYECTO IVAPTA<\/h3><\/div><\/div><\/figcaption><\/figure><\/a><!--end av-masonry entry--><a href=\"https:\/\/grupo.us.es\/conservacionyp\/portfolio-item\/consolidacion-y-fijacion-de-estratos-pictoricos\/\"  id='av-masonry-1-item-3874' data-av-masonry-item='3874' class='av-masonry-entry isotope-item post-3874 portfolio type-portfolio status-publish has-post-thumbnail hentry portfolio_entries-recursos-docentes  conservacionyp wp-json wp v2 pages 597 all_sort recursos-docentes_sort  av-masonry-item-with-image av-grid-img' title=\"fijacion\"  itemscope=\"itemscope\" itemtype=\"https:\/\/schema.org\/CreativeWork\" ><div class='av-inner-masonry-sizer'><\/div><figure class='av-inner-masonry main_color'><div class=\"av-masonry-outerimage-container\"><div class='av-masonry-image-container' style=\"background-image: url(https:\/\/grupo.us.es\/conservacionyp\/wp-content\/uploads\/fijacion.jpg);\"  title=\"fijacion\"  ><\/div><\/div><figcaption class='av-inner-masonry-content site-background'><div class='av-inner-masonry-content-pos'><div class='av-inner-masonry-content-pos-content'><div class='avia-arrow'><\/div><h3 class='av-masonry-entry-title entry-title '  itemprop=\"headline\" >CONSOLIDACI\u00d3N Y FIJACI\u00d3N DE ESTRATOS PICT\u00d3RICOS<\/h3><\/div><\/div><\/figcaption><\/figure><\/a><!--end av-masonry entry--><a href=\"https:\/\/grupo.us.es\/conservacionyp\/portfolio-item\/sala-de-los-reyes-de-la-alhambra\/\"  id='av-masonry-1-item-3870' data-av-masonry-item='3870' class='av-masonry-entry isotope-item post-3870 portfolio type-portfolio status-publish has-post-thumbnail hentry portfolio_entries-consultoria-tecnica  conservacionyp wp-json wp v2 pages 597 all_sort consultoria-tecnica_sort  av-masonry-item-with-image av-grid-img' title=\"proyecto-alhambra\"  itemscope=\"itemscope\" itemtype=\"https:\/\/schema.org\/CreativeWork\" ><div class='av-inner-masonry-sizer'><\/div><figure class='av-inner-masonry main_color'><div class=\"av-masonry-outerimage-container\"><div class='av-masonry-image-container' style=\"background-image: url(https:\/\/grupo.us.es\/conservacionyp\/wp-content\/uploads\/proyecto-alhambra.jpg);\"  title=\"proyecto-alhambra\"  ><\/div><\/div><figcaption class='av-inner-masonry-content site-background'><div class='av-inner-masonry-content-pos'><div class='av-inner-masonry-content-pos-content'><div class='avia-arrow'><\/div><h3 class='av-masonry-entry-title entry-title '  itemprop=\"headline\" >SALA DE LOS REYES DE LA ALHAMBRA<\/h3><\/div><\/div><\/figcaption><\/figure><\/a><!--end av-masonry entry--><a href=\"https:\/\/grupo.us.es\/conservacionyp\/portfolio-item\/claves-tecnicas-del-pintor-antonio-zambrana\/\"  id='av-masonry-1-item-3866' data-av-masonry-item='3866' class='av-masonry-entry isotope-item post-3866 portfolio type-portfolio status-publish has-post-thumbnail hentry portfolio_entries-recursos-docentes  conservacionyp wp-json wp v2 pages 597 all_sort recursos-docentes_sort  av-masonry-item-with-image av-grid-img' title=\"zambrana\"  itemscope=\"itemscope\" itemtype=\"https:\/\/schema.org\/CreativeWork\" ><div class='av-inner-masonry-sizer'><\/div><figure class='av-inner-masonry main_color'><div class=\"av-masonry-outerimage-container\"><div class='av-masonry-image-container' style=\"background-image: url(https:\/\/grupo.us.es\/conservacionyp\/wp-content\/uploads\/zambrana.jpg);\"  title=\"zambrana\"  ><\/div><\/div><figcaption class='av-inner-masonry-content site-background'><div class='av-inner-masonry-content-pos'><div class='av-inner-masonry-content-pos-content'><div class='avia-arrow'><\/div><h3 class='av-masonry-entry-title entry-title '  itemprop=\"headline\" >CLAVES T\u00c9CNICAS DEL PINTOR ANTONIO ZAMBRANA<\/h3><\/div><\/div><\/figcaption><\/figure><\/a><!--end av-masonry entry--><a href=\"https:\/\/grupo.us.es\/conservacionyp\/portfolio-item\/nuevo-modelo-en-3d-la-imagen-de-candelero\/\"  id='av-masonry-1-item-3861' data-av-masonry-item='3861' class='av-masonry-entry isotope-item post-3861 portfolio type-portfolio status-publish has-post-thumbnail hentry portfolio_entries-recursos-docentes  conservacionyp wp-json wp v2 pages 597 all_sort recursos-docentes_sort  av-masonry-item-with-image av-grid-img' title=\"proyecto-guillena\"  itemscope=\"itemscope\" itemtype=\"https:\/\/schema.org\/CreativeWork\" ><div class='av-inner-masonry-sizer'><\/div><figure class='av-inner-masonry main_color'><div class=\"av-masonry-outerimage-container\"><div class='av-masonry-image-container' style=\"background-image: url(https:\/\/grupo.us.es\/conservacionyp\/wp-content\/uploads\/proyecto-guillena.jpg);\"  title=\"proyecto-guillena\"  ><\/div><\/div><figcaption class='av-inner-masonry-content site-background'><div class='av-inner-masonry-content-pos'><div class='av-inner-masonry-content-pos-content'><div class='avia-arrow'><\/div><h3 class='av-masonry-entry-title entry-title '  itemprop=\"headline\" >NUEVO MODELO EN 3D: LA IMAGEN DE CANDELERO<\/h3><\/div><\/div><\/figcaption><\/figure><\/a><!--end av-masonry entry--><a href=\"https:\/\/grupo.us.es\/conservacionyp\/portfolio-item\/la-capilla-del-reservado-de-san-isidoro-del-campo-una-inmersion-virtual\/\"  id='av-masonry-1-item-3855' data-av-masonry-item='3855' class='av-masonry-entry isotope-item post-3855 portfolio type-portfolio status-publish has-post-thumbnail hentry portfolio_entries-recursos-docentes  conservacionyp wp-json wp v2 pages 597 all_sort recursos-docentes_sort  av-masonry-item-with-image av-grid-img' title=\"proyecto-capilla-del-reservado\"  itemscope=\"itemscope\" itemtype=\"https:\/\/schema.org\/CreativeWork\" ><div class='av-inner-masonry-sizer'><\/div><figure class='av-inner-masonry main_color'><div class=\"av-masonry-outerimage-container\"><div class='av-masonry-image-container' style=\"background-image: url(https:\/\/grupo.us.es\/conservacionyp\/wp-content\/uploads\/proyecto-capilla-del-reservado.jpg);\"  title=\"proyecto-capilla-del-reservado\"  ><\/div><\/div><figcaption class='av-inner-masonry-content site-background'><div class='av-inner-masonry-content-pos'><div class='av-inner-masonry-content-pos-content'><div class='avia-arrow'><\/div><h3 class='av-masonry-entry-title entry-title '  itemprop=\"headline\" >LA CAPILLA DEL RESERVADO DE SAN ISIDORO DEL CAMPO. UNA INMERSI\u00d3N VIRTUAL<\/h3><\/div><\/div><\/figcaption><\/figure><\/a><!--end av-masonry entry--><\/div><\/div>\n","protected":false},"excerpt":{"rendered":"","protected":false},"author":3,"featured_media":0,"parent":0,"menu_order":0,"comment_status":"closed","ping_status":"closed","template":"","meta":{"footnotes":""},"class_list":["post-597","page","type-page","status-publish","hentry","","conservacionyp","wp-json","wp","v2","pages","597"],"_links":{"self":[{"href":"https:\/\/grupo.us.es\/conservacionyp\/wp-json\/wp\/v2\/pages\/597","targetHints":{"allow":["GET"]}}],"collection":[{"href":"https:\/\/grupo.us.es\/conservacionyp\/wp-json\/wp\/v2\/pages"}],"about":[{"href":"https:\/\/grupo.us.es\/conservacionyp\/wp-json\/wp\/v2\/types\/page"}],"author":[{"embeddable":true,"href":"https:\/\/grupo.us.es\/conservacionyp\/wp-json\/wp\/v2\/users\/3"}],"replies":[{"embeddable":true,"href":"https:\/\/grupo.us.es\/conservacionyp\/wp-json\/wp\/v2\/comments?post=597"}],"version-history":[{"count":10,"href":"https:\/\/grupo.us.es\/conservacionyp\/wp-json\/wp\/v2\/pages\/597\/revisions"}],"predecessor-version":[{"id":3935,"href":"https:\/\/grupo.us.es\/conservacionyp\/wp-json\/wp\/v2\/pages\/597\/revisions\/3935"}],"wp:attachment":[{"href":"https:\/\/grupo.us.es\/conservacionyp\/wp-json\/wp\/v2\/media?parent=597"}],"curies":[{"name":"wp","href":"https:\/\/api.w.org\/{rel}","templated":true}]}}