{"id":3766,"date":"2023-01-30T16:26:34","date_gmt":"2023-01-30T15:26:34","guid":{"rendered":"https:\/\/grupo.us.es\/conservacionyp\/?page_id=3766"},"modified":"2026-02-01T10:01:49","modified_gmt":"2026-02-01T09:01:49","slug":"raquel-manrique-alcaide","status":"publish","type":"page","link":"https:\/\/grupo.us.es\/conservacionyp\/componentes-del-grupo\/raquel-manrique-alcaide\/","title":{"rendered":"RAQUEL MANRIQUE ALCAIDE"},"content":{"rendered":"\n<style type=\"text\/css\" data-created_by=\"avia_inline_auto\" id=\"style-css-av-l8041cti-a6980d6be12150b1843d92b63b0cb3db\">\n.avia-section.av-l8041cti-a6980d6be12150b1843d92b63b0cb3db{\nbackground-color:#f4f4f4;\nbackground-image:url(unset);\n}\n<\/style>\n<div id='av_section_1'  class='avia-section av-l8041cti-a6980d6be12150b1843d92b63b0cb3db main_color avia-section-small avia-no-border-styling  avia-builder-el-0  el_before_av_section  avia-builder-el-first  avia-bg-style-scroll container_wrap sidebar_right'  ><div class='container av-section-cont-open' ><main  role=\"main\" itemprop=\"mainContentOfPage\"  class='template-page content  av-content-small alpha units'><div class='post-entry post-entry-type-page post-entry-3766'><div class='entry-content-wrapper clearfix'>\n\n<style type=\"text\/css\" data-created_by=\"avia_inline_auto\" id=\"style-css-av-l8043fsf-f728ed794a1698627863bb7fbfc6f6f8\">\n#top .avia-icon-list-container.av-l8043fsf-f728ed794a1698627863bb7fbfc6f6f8 .iconlist_icon{\nfont-size:14px;\n}\n#top #wrap_all .avia-icon-list-container.av-l8043fsf-f728ed794a1698627863bb7fbfc6f6f8 .av_iconlist_title{\nfont-size:14px;\n}\n<\/style>\n<div  class='avia-icon-list-container av-l8043fsf-f728ed794a1698627863bb7fbfc6f6f8  avia-builder-el-1  avia-builder-el-no-sibling '><ul class='avia-icon-list avia_animate_when_almost_visible avia-icon-list-left av-iconlist-small av-l8043fsf-f728ed794a1698627863bb7fbfc6f6f8 avia-iconlist-animate'>\n<li><a href='https:\/\/grupo.us.es\/conservacionyp\/componentes-del-grupo\/' title='VOLVER AL GRUPO'  class='iconlist_icon av-l8043d4g-f675e0717ca2df4b5da18ff0153ae12f avia-font-entypo-fontello'><span class='iconlist-char' aria-hidden='true' data-av_icon='\ue88f' data-av_iconfont='entypo-fontello'><\/span><\/a><article class=\"article-icon-entry av-iconlist-empty\"  itemscope=\"itemscope\" itemtype=\"https:\/\/schema.org\/CreativeWork\" ><div class=\"iconlist_content_wrap\"><header class=\"entry-content-header\"><div class='av_iconlist_title iconlist_title_small  '  itemprop=\"headline\" ><a href='https:\/\/grupo.us.es\/conservacionyp\/componentes-del-grupo\/' title='VOLVER AL GRUPO'>VOLVER AL GRUPO<\/a><\/div><\/header><div class='iconlist_content '  itemprop=\"text\" ><\/div><\/div><footer class=\"entry-footer\"><\/footer><\/article><div class=\"iconlist-timeline\"><\/div><\/li>\n<\/ul><\/div>\n\n<\/div><\/div><\/main><!-- close content main element --><\/div><\/div><div id='av_section_2'  class='avia-section av-fkznpm-4b928d32bdef3abf82e2884842e5bd1f main_color avia-section-large avia-no-shadow  avia-builder-el-2  el_after_av_section  avia-builder-el-last  avia-bg-style-scroll container_wrap sidebar_right'  ><div class='container av-section-cont-open' ><div class='template-page content  av-content-small alpha units'><div class='post-entry post-entry-type-page post-entry-3766'><div class='entry-content-wrapper clearfix'>\n\n<style type=\"text\/css\" data-created_by=\"avia_inline_auto\" id=\"style-css-av-f66kcq-446aa411c5a505f30e3fe51aca827c8d\">\n.flex_column.av-f66kcq-446aa411c5a505f30e3fe51aca827c8d{\nborder-radius:0px 0px 0px 0px;\n-webkit-border-radius:0px 0px 0px 0px;\n-moz-border-radius:0px 0px 0px 0px;\n}\n<\/style>\n<div class='flex_column av-f66kcq-446aa411c5a505f30e3fe51aca827c8d av_two_fifth  avia-builder-el-3  el_before_av_three_fifth  avia-builder-el-first  first flex_column_div av-zero-column-padding '   ><style type=\"text\/css\" data-created_by=\"avia_inline_auto\" id=\"style-css-av-l803vnxp-de52833eca1db5ca0f62a44a516bee62\">\n.avia-image-container.av-l803vnxp-de52833eca1db5ca0f62a44a516bee62 .av-image-caption-overlay-center{\ncolor:#ffffff;\n}\n<\/style>\n<div  class='avia-image-container av-l803vnxp-de52833eca1db5ca0f62a44a516bee62 av-styling- avia-align-center  avia-builder-el-4  avia-builder-el-no-sibling '  itemprop=\"image\" itemscope=\"itemscope\" itemtype=\"https:\/\/schema.org\/ImageObject\" ><div class=\"avia-image-container-inner\"><div class=\"avia-image-overlay-wrap\"><img decoding=\"async\" class='wp-image-3795 avia-img-lazy-loading-not-3795 avia_image' src=\"https:\/\/grupo.us.es\/conservacionyp\/wp-content\/uploads\/Raquel-Manrique.png\" alt='' title='Raquel-Manrique'  height=\"600\" width=\"600\"  itemprop=\"thumbnailUrl\" srcset=\"https:\/\/grupo.us.es\/conservacionyp\/wp-content\/uploads\/Raquel-Manrique.png 600w, https:\/\/grupo.us.es\/conservacionyp\/wp-content\/uploads\/Raquel-Manrique-300x300.png 300w, https:\/\/grupo.us.es\/conservacionyp\/wp-content\/uploads\/Raquel-Manrique-80x80.png 80w, https:\/\/grupo.us.es\/conservacionyp\/wp-content\/uploads\/Raquel-Manrique-180x180.png 180w\" sizes=\"(max-width: 600px) 100vw, 600px\" \/><\/div><\/div><\/div><\/div>\n<style type=\"text\/css\" data-created_by=\"avia_inline_auto\" id=\"style-css-av-ermu6q-917becbbaa546a157c0b05ba6bff790a\">\n.flex_column.av-ermu6q-917becbbaa546a157c0b05ba6bff790a{\nborder-radius:0px 0px 0px 0px;\n-webkit-border-radius:0px 0px 0px 0px;\n-moz-border-radius:0px 0px 0px 0px;\n}\n<\/style>\n<div class='flex_column av-ermu6q-917becbbaa546a157c0b05ba6bff790a av_three_fifth  avia-builder-el-5  el_after_av_two_fifth  avia-builder-el-last  flex_column_div av-zero-column-padding '   ><p>\n<style type=\"text\/css\" data-created_by=\"avia_inline_auto\" id=\"style-css-av-fez6i2-b5f9e1ae041055bd1603ce712ca9e5c6\">\n#top .av-special-heading.av-fez6i2-b5f9e1ae041055bd1603ce712ca9e5c6{\npadding-bottom:15px;\nfont-size:40px;\n}\nbody .av-special-heading.av-fez6i2-b5f9e1ae041055bd1603ce712ca9e5c6 .av-special-heading-tag .heading-char{\nfont-size:25px;\n}\n#top #wrap_all .av-special-heading.av-fez6i2-b5f9e1ae041055bd1603ce712ca9e5c6 .av-special-heading-tag{\nfont-size:40px;\n}\n.av-special-heading.av-fez6i2-b5f9e1ae041055bd1603ce712ca9e5c6 .av-subheading{\nfont-size:18px;\n}\n<\/style>\n<div  class='av-special-heading av-fez6i2-b5f9e1ae041055bd1603ce712ca9e5c6 av-special-heading-h2 blockquote modern-quote  avia-builder-el-6  el_before_av_hr  avia-builder-el-first  av-inherit-size'><h2 class='av-special-heading-tag'  itemprop=\"headline\"  >Raquel Manrique Alcaide<\/h2><div class='av-subheading av-subheading_below'><p><strong>Departamento de Pintura. Universidad de Sevilla<\/strong><\/p>\n<\/div><div class=\"special-heading-border\"><div class=\"special-heading-inner-border\"><\/div><\/div><\/div><br \/>\n\n<style type=\"text\/css\" data-created_by=\"avia_inline_auto\" id=\"style-css-av-fc3kka-d88c58afe06d94d8b339854c8c1d7734\">\n#top .hr.av-fc3kka-d88c58afe06d94d8b339854c8c1d7734{\nmargin-top:10px;\nmargin-bottom:10px;\n}\n.hr.av-fc3kka-d88c58afe06d94d8b339854c8c1d7734 .hr-inner{\nwidth:50px;\nborder-color:#000000;\n}\n<\/style>\n<div  class='hr av-fc3kka-d88c58afe06d94d8b339854c8c1d7734 hr-custom  avia-builder-el-7  el_after_av_heading  el_before_av_textblock  hr-left hr-icon-no'><span class='hr-inner inner-border-av-border-fat'><span class=\"hr-inner-style\"><\/span><\/span><\/div><br \/>\n<section  class='av_textblock_section av-ekry2i-7ddfaf7d5d510a26d8afb80356d238ec'  itemscope=\"itemscope\" itemtype=\"https:\/\/schema.org\/CreativeWork\" ><div class='avia_textblock'  itemprop=\"text\" ><p><a href=\"mailto:rmanrique@us.es\"><strong>rmanrique@us.es<\/strong><\/a><\/p>\n<div>\n<p>Alumna de Tercer Ciclo, adscrita al programa \u201cArte y Patrimonio\u201d de la Universidad de Sevilla, imparte docencia en el Grado de Conservaci\u00f3n y Restauraci\u00f3n de Bienes Culturales.<\/p>\n<p>Especializada en el tratamiento de enmarcaciones hist\u00f3ricas y superficies doradas, ha disfrutado de una estancia de investigaci\u00f3n en la Unidad de Conservaci\u00f3n Preventiva del Instituto Andaluz del Patrimonio Hist\u00f3rico (IAPH), as\u00ed como en el Institut National du Patrimoine de Par\u00eds (INP); siendo galardonada con el premio \u201cJeunes restaurateurs en r\u00e9sidence\u201d, en la especialidad de Pintura. Tambi\u00e9n es egresada del M\u00e1ster en Arquitectura y Patrimonio Hist\u00f3rico de la Escuela T\u00e9cnica Superior de Arquitectura de Sevilla y del M\u00e1ster en Diagn\u00f3stico del Estado de Conservaci\u00f3n del Patrimonio Hist\u00f3rico de la Universidad Pablo de Olavide. Beneficiaria de dos becas FormARTE en el Taller de Restauraci\u00f3n del Museo Nacional del Prado y ganadora de la 3.\u00aa edici\u00f3n de la convocatoria \u00abInvestiga Colecci\u00f3n Banco Santander\u201d, el marco y su conservaci\u00f3n es su principal l\u00ednea de investigaci\u00f3n. En la Universidad de Sevilla, destaca su labor docente y colaboraci\u00f3n con la Direcci\u00f3n General de Cultura y Patrimonio.<\/p>\n<\/div>\n<\/div><\/section><br \/>\n\n<style type=\"text\/css\" data-created_by=\"avia_inline_auto\" id=\"style-css-av-l805gq8f-806911819b7f2619cf02e18124b2a153\">\n#top .hr.hr-invisible.av-l805gq8f-806911819b7f2619cf02e18124b2a153{\nheight:20px;\n}\n<\/style>\n<div  class='hr av-l805gq8f-806911819b7f2619cf02e18124b2a153 hr-invisible  avia-builder-el-9  el_after_av_textblock  el_before_av_partner '><span class='hr-inner '><span class=\"hr-inner-style\"><\/span><\/span><\/div><br \/>\n<div   data-autoplay='true'  data-interval='5'  data-animation='slide'  class='avia-logo-element-container av-gg2l39-ba946b6652d0ba4f21303ef79fecc0e0 av-border-deactivate avia-logo-grid avia-content-slider avia-smallarrow-slider avia-content-grid-active noHover avia-content-slider-even  avia-builder-el-10  el_after_av_hr  avia-builder-el-last  avia-content-slider1'><div class='avia-smallarrow-slider-heading '><div class='new-special-heading'><h3 class='av-logo-special-heading-text '>Repositorios institucionales<\/h3><\/div><\/div><div class=\"avia-content-slider-inner\"><div class=\"slide-entry-wrap\"><div data-avia-tooltip=\"IDUS\" class='slide-entry av-4ft8r9-15e3c092f3e1ff4079b00d2bb2488f8e flex_column no_margin av_one_eighth real-thumbnail post-entry slide-entry-overview slide-loop-1 slide-parity-odd  first'><a href=\"https:\/\/idus.us.es\/handle\/11441\/134754\" data-rel='slide-1' class='slide-image' title='' target=\"_blank\" rel=\"noopener noreferrer\"><span class='av-partner-fake-img' style='padding-bottom:100%; background-image:url(https:\/\/grupo.us.es\/conservacionyp\/wp-content\/uploads\/logoIDUS-180x180.png);'><\/span><\/a><\/div><div data-avia-tooltip=\"GOOGLE SCHOLAR\" class='slide-entry av-99dj11-90a1de3ec4d8dcb71d88aac815103dbb flex_column no_margin av_one_eighth real-thumbnail post-entry slide-entry-overview slide-loop-2 slide-parity-even  '><a href=\"https:\/\/scholar.google.es\/citations?user=pygfhGAAAAAJ&amp;hl=es&amp;oi=sra\" data-rel='slide-1' class='slide-image' title='' target=\"_blank\" rel=\"noopener noreferrer\"><span class='av-partner-fake-img' style='padding-bottom:100%; background-image:url(https:\/\/grupo.us.es\/conservacionyp\/wp-content\/uploads\/logoGOOGLESCHOLAR-180x180.png);'><\/span><\/a><\/div><div data-avia-tooltip=\"ACADEMIA.EDU\" class='slide-entry av-31ljlh-1-1-50a36ecde5675ce82576e79cc54c7ac5 flex_column no_margin av_one_eighth real-thumbnail post-entry slide-entry-overview slide-loop-3 slide-parity-odd  '><a href=\"https:\/\/us.academia.edu\/RaquelManriqueAlcaide\" data-rel='slide-1' class='slide-image' title='' target=\"_blank\" rel=\"noopener noreferrer\"><span class='av-partner-fake-img' style='padding-bottom:100%; background-image:url(https:\/\/grupo.us.es\/conservacionyp\/wp-content\/uploads\/logoACADEMIAEDU-180x180.png);'><\/span><\/a><\/div><div data-avia-tooltip=\"SISIUS\" class='slide-entry av-by4gtx-2431e45307614bda26428fe249952ea9 flex_column no_margin av_one_eighth real-thumbnail post-entry slide-entry-overview slide-loop-4 slide-parity-even  '><a href=\"https:\/\/investigacion.us.es\/sisius\/sis_showpub.php?idpers=21890\" data-rel='slide-1' class='slide-image' title='' target=\"_blank\" rel=\"noopener noreferrer\"><span class='av-partner-fake-img' style='padding-bottom:100%; background-image:url(https:\/\/grupo.us.es\/conservacionyp\/wp-content\/uploads\/logoSISIUS-180x180.png);'><\/span><\/a><\/div><div data-avia-tooltip=\"ORCID\" class='slide-entry av-td645-30135389e79cf3082ee879c3d13b8e08 flex_column no_margin av_one_eighth real-thumbnail post-entry slide-entry-overview slide-loop-5 slide-parity-odd  '><a href=\"https:\/\/orcid.org\/0000-0003-0326-9219\" data-rel='slide-1' class='slide-image' title='' target=\"_blank\" rel=\"noopener noreferrer\"><span class='av-partner-fake-img' style='padding-bottom:100%; background-image:url(https:\/\/grupo.us.es\/conservacionyp\/wp-content\/uploads\/logoORCID-180x180.png);'><\/span><\/a><\/div><div data-avia-tooltip=\"RESEARCHER ID\" class='slide-entry av-31ljlh-1-2d952910792e5aa021eac0bf6053491a flex_column no_margin av_one_eighth real-thumbnail post-entry slide-entry-overview slide-loop-6 slide-parity-even post-entry-last '><a href=\"https:\/\/www.webofscience.com\/wos\/author\/record\/P-3306-2015\" data-rel='slide-1' class='slide-image' title='' target=\"_blank\" rel=\"noopener noreferrer\"><span class='av-partner-fake-img' style='padding-bottom:100%; background-image:url(https:\/\/grupo.us.es\/conservacionyp\/wp-content\/uploads\/logoRESEARCHD-180x180.png);'><\/span><\/a><\/div><\/div><\/div><\/div><\/p><\/div><\/div><\/div><\/div><!-- close content main div --><\/div><\/div><div id='after_section_2'  class='main_color av_default_container_wrap container_wrap sidebar_right'  ><div class='container av-section-cont-open' ><div class='template-page content  av-content-small alpha units'><div class='post-entry post-entry-type-page post-entry-3766'><div class='entry-content-wrapper clearfix'>\n","protected":false},"excerpt":{"rendered":"","protected":false},"author":3,"featured_media":0,"parent":626,"menu_order":0,"comment_status":"closed","ping_status":"closed","template":"","meta":{"footnotes":""},"class_list":["post-3766","page","type-page","status-publish","hentry","","conservacionyp","wp-json","wp","v2","pages","3766"],"_links":{"self":[{"href":"https:\/\/grupo.us.es\/conservacionyp\/wp-json\/wp\/v2\/pages\/3766","targetHints":{"allow":["GET"]}}],"collection":[{"href":"https:\/\/grupo.us.es\/conservacionyp\/wp-json\/wp\/v2\/pages"}],"about":[{"href":"https:\/\/grupo.us.es\/conservacionyp\/wp-json\/wp\/v2\/types\/page"}],"author":[{"embeddable":true,"href":"https:\/\/grupo.us.es\/conservacionyp\/wp-json\/wp\/v2\/users\/3"}],"replies":[{"embeddable":true,"href":"https:\/\/grupo.us.es\/conservacionyp\/wp-json\/wp\/v2\/comments?post=3766"}],"version-history":[{"count":11,"href":"https:\/\/grupo.us.es\/conservacionyp\/wp-json\/wp\/v2\/pages\/3766\/revisions"}],"predecessor-version":[{"id":4003,"href":"https:\/\/grupo.us.es\/conservacionyp\/wp-json\/wp\/v2\/pages\/3766\/revisions\/4003"}],"up":[{"embeddable":true,"href":"https:\/\/grupo.us.es\/conservacionyp\/wp-json\/wp\/v2\/pages\/626"}],"wp:attachment":[{"href":"https:\/\/grupo.us.es\/conservacionyp\/wp-json\/wp\/v2\/media?parent=3766"}],"curies":[{"name":"wp","href":"https:\/\/api.w.org\/{rel}","templated":true}]}}