{"id":3695,"date":"2023-01-24T19:12:57","date_gmt":"2023-01-24T18:12:57","guid":{"rendered":"https:\/\/grupo.us.es\/conservacionyp\/?page_id=3695"},"modified":"2023-12-28T09:19:10","modified_gmt":"2023-12-28T08:19:10","slug":"araceli-montero-moreno","status":"publish","type":"page","link":"https:\/\/grupo.us.es\/conservacionyp\/componentes-del-grupo\/araceli-montero-moreno\/","title":{"rendered":"ARACELI MONTERO MORENO"},"content":{"rendered":"\n<style type=\"text\/css\" data-created_by=\"avia_inline_auto\" id=\"style-css-av-l8041cti-a6980d6be12150b1843d92b63b0cb3db\">\n.avia-section.av-l8041cti-a6980d6be12150b1843d92b63b0cb3db{\nbackground-color:#f4f4f4;\nbackground-image:url(unset);\n}\n<\/style>\n<div id='av_section_1'  class='avia-section av-l8041cti-a6980d6be12150b1843d92b63b0cb3db main_color avia-section-small avia-no-border-styling  avia-builder-el-0  el_before_av_section  avia-builder-el-first  avia-bg-style-scroll container_wrap sidebar_right'  ><div class='container av-section-cont-open' ><main  role=\"main\" itemprop=\"mainContentOfPage\"  class='template-page content  av-content-small alpha units'><div class='post-entry post-entry-type-page post-entry-3695'><div class='entry-content-wrapper clearfix'>\n\n<style type=\"text\/css\" data-created_by=\"avia_inline_auto\" id=\"style-css-av-l8043fsf-f728ed794a1698627863bb7fbfc6f6f8\">\n#top .avia-icon-list-container.av-l8043fsf-f728ed794a1698627863bb7fbfc6f6f8 .iconlist_icon{\nfont-size:14px;\n}\n#top #wrap_all .avia-icon-list-container.av-l8043fsf-f728ed794a1698627863bb7fbfc6f6f8 .av_iconlist_title{\nfont-size:14px;\n}\n<\/style>\n<div  class='avia-icon-list-container av-l8043fsf-f728ed794a1698627863bb7fbfc6f6f8  avia-builder-el-1  avia-builder-el-no-sibling '><ul class='avia-icon-list avia_animate_when_almost_visible avia-icon-list-left av-iconlist-small av-l8043fsf-f728ed794a1698627863bb7fbfc6f6f8 avia-iconlist-animate'>\n<li><a href='https:\/\/grupo.us.es\/conservacionyp\/componentes-del-grupo\/' title='VOLVER AL GRUPO'  class='iconlist_icon av-l8043d4g-f675e0717ca2df4b5da18ff0153ae12f avia-font-entypo-fontello'><span class='iconlist-char' aria-hidden='true' data-av_icon='\ue88f' data-av_iconfont='entypo-fontello'><\/span><\/a><article class=\"article-icon-entry av-iconlist-empty\"  itemscope=\"itemscope\" itemtype=\"https:\/\/schema.org\/CreativeWork\" ><div class=\"iconlist_content_wrap\"><header class=\"entry-content-header\"><div class='av_iconlist_title iconlist_title_small  '  itemprop=\"headline\" ><a href='https:\/\/grupo.us.es\/conservacionyp\/componentes-del-grupo\/' title='VOLVER AL GRUPO'>VOLVER AL GRUPO<\/a><\/div><\/header><div class='iconlist_content '  itemprop=\"text\" ><\/div><\/div><footer class=\"entry-footer\"><\/footer><\/article><div class=\"iconlist-timeline\"><\/div><\/li>\n<\/ul><\/div>\n\n<\/div><\/div><\/main><!-- close content main element --><\/div><\/div><div id='av_section_2'  class='avia-section av-fkznpm-4b928d32bdef3abf82e2884842e5bd1f main_color avia-section-large avia-no-shadow  avia-builder-el-2  el_after_av_section  avia-builder-el-last  avia-bg-style-scroll container_wrap sidebar_right'  ><div class='container av-section-cont-open' ><div class='template-page content  av-content-small alpha units'><div class='post-entry post-entry-type-page post-entry-3695'><div class='entry-content-wrapper clearfix'>\n\n<style type=\"text\/css\" data-created_by=\"avia_inline_auto\" id=\"style-css-av-f66kcq-446aa411c5a505f30e3fe51aca827c8d\">\n.flex_column.av-f66kcq-446aa411c5a505f30e3fe51aca827c8d{\nborder-radius:0px 0px 0px 0px;\n-webkit-border-radius:0px 0px 0px 0px;\n-moz-border-radius:0px 0px 0px 0px;\n}\n<\/style>\n<div class='flex_column av-f66kcq-446aa411c5a505f30e3fe51aca827c8d av_two_fifth  avia-builder-el-3  el_before_av_three_fifth  avia-builder-el-first  first flex_column_div av-zero-column-padding '   ><style type=\"text\/css\" data-created_by=\"avia_inline_auto\" id=\"style-css-av-l803vnxp-25ad82e9f15688b95e68145680954d9e\">\n.avia-image-container.av-l803vnxp-25ad82e9f15688b95e68145680954d9e .av-image-caption-overlay-center{\ncolor:#ffffff;\n}\n<\/style>\n<div  class='avia-image-container av-l803vnxp-25ad82e9f15688b95e68145680954d9e av-styling- avia-align-center  avia-builder-el-4  avia-builder-el-no-sibling '  itemprop=\"image\" itemscope=\"itemscope\" itemtype=\"https:\/\/schema.org\/ImageObject\" ><div class=\"avia-image-container-inner\"><div class=\"avia-image-overlay-wrap\"><img decoding=\"async\" class='wp-image-3507 avia-img-lazy-loading-not-3507 avia_image' src=\"https:\/\/grupo.us.es\/conservacionyp\/wp-content\/uploads\/araceli-montero2-2.png\" alt='araceli montero' title='araceli montero'  height=\"600\" width=\"600\"  itemprop=\"thumbnailUrl\" srcset=\"https:\/\/grupo.us.es\/conservacionyp\/wp-content\/uploads\/araceli-montero2-2.png 600w, https:\/\/grupo.us.es\/conservacionyp\/wp-content\/uploads\/araceli-montero2-2-300x300.png 300w, https:\/\/grupo.us.es\/conservacionyp\/wp-content\/uploads\/araceli-montero2-2-80x80.png 80w, https:\/\/grupo.us.es\/conservacionyp\/wp-content\/uploads\/araceli-montero2-2-180x180.png 180w\" sizes=\"(max-width: 600px) 100vw, 600px\" \/><\/div><\/div><\/div><\/div>\n<style type=\"text\/css\" data-created_by=\"avia_inline_auto\" id=\"style-css-av-ermu6q-917becbbaa546a157c0b05ba6bff790a\">\n.flex_column.av-ermu6q-917becbbaa546a157c0b05ba6bff790a{\nborder-radius:0px 0px 0px 0px;\n-webkit-border-radius:0px 0px 0px 0px;\n-moz-border-radius:0px 0px 0px 0px;\n}\n<\/style>\n<div class='flex_column av-ermu6q-917becbbaa546a157c0b05ba6bff790a av_three_fifth  avia-builder-el-5  el_after_av_two_fifth  avia-builder-el-last  flex_column_div av-zero-column-padding '   ><p>\n<style type=\"text\/css\" data-created_by=\"avia_inline_auto\" id=\"style-css-av-fez6i2-0a6c0bd21592dbf874f41d29b81de356\">\n#top .av-special-heading.av-fez6i2-0a6c0bd21592dbf874f41d29b81de356{\npadding-bottom:15px;\nfont-size:40px;\n}\nbody .av-special-heading.av-fez6i2-0a6c0bd21592dbf874f41d29b81de356 .av-special-heading-tag .heading-char{\nfont-size:25px;\n}\n#top #wrap_all .av-special-heading.av-fez6i2-0a6c0bd21592dbf874f41d29b81de356 .av-special-heading-tag{\nfont-size:40px;\n}\n.av-special-heading.av-fez6i2-0a6c0bd21592dbf874f41d29b81de356 .av-subheading{\nfont-size:18px;\n}\n<\/style>\n<div  class='av-special-heading av-fez6i2-0a6c0bd21592dbf874f41d29b81de356 av-special-heading-h2 blockquote modern-quote  avia-builder-el-6  el_before_av_hr  avia-builder-el-first  av-inherit-size'><h2 class='av-special-heading-tag'  itemprop=\"headline\"  >Araceli Montero Moreno<\/h2><div class='av-subheading av-subheading_below'><p><strong>Instituto Andaluz del Patrimonio Hist\u00f3rico (I.A.P.H.)<\/strong><\/p>\n<\/div><div class=\"special-heading-border\"><div class=\"special-heading-inner-border\"><\/div><\/div><\/div><br \/>\n\n<style type=\"text\/css\" data-created_by=\"avia_inline_auto\" id=\"style-css-av-fc3kka-d88c58afe06d94d8b339854c8c1d7734\">\n#top .hr.av-fc3kka-d88c58afe06d94d8b339854c8c1d7734{\nmargin-top:10px;\nmargin-bottom:10px;\n}\n.hr.av-fc3kka-d88c58afe06d94d8b339854c8c1d7734 .hr-inner{\nwidth:50px;\nborder-color:#000000;\n}\n<\/style>\n<div  class='hr av-fc3kka-d88c58afe06d94d8b339854c8c1d7734 hr-custom  avia-builder-el-7  el_after_av_heading  el_before_av_textblock  hr-left hr-icon-no'><span class='hr-inner inner-border-av-border-fat'><span class=\"hr-inner-style\"><\/span><\/span><\/div><br \/>\n<section  class='av_textblock_section av-ekry2i-7ddfaf7d5d510a26d8afb80356d238ec'  itemscope=\"itemscope\" itemtype=\"https:\/\/schema.org\/CreativeWork\" ><div class='avia_textblock'  itemprop=\"text\" ><p><a href=\"mailto:araceli.montero.moreno@juntadeandalucia.es\"><strong>araceli.montero.moreno@juntadeandalucia.es<\/strong><\/a><\/p>\n<p>Doctora en Bellas Artes por la Universidad de Sevilla es jefa del \u00c1rea de Tratamiento de Bienes Muebles del Centro de Intervenci\u00f3n del Instituto Andaluz del Patrimonio Hist\u00f3rico.<span class=\"Apple-converted-space\">\u00a0<\/span><\/p>\n<p>Formada en el Mus\u00e9e Historique des tissus de Lyon y en el \u00abCentre International D`Etude des Textiles Anciens\u00bb, su tesis doctoral titulada \u201cAn\u00e1lisis de la intervenci\u00f3n en el patrimonio textil: una propuesta metodol\u00f3gica de criterios y estudio para su conocimiento, actuaci\u00f3n y mantenimiento\u201d recoge muchos de los resultados obtenidos a lo largo de su carrera profesional como especialista en el \u00e1rea de tipolog\u00eda textil. Por tal motivo, es frecuente su participaci\u00f3n como docente en cursos y\/o m\u00e1sters relacionados con esta materia.<\/p>\n<\/div><\/section><br \/>\n\n<style type=\"text\/css\" data-created_by=\"avia_inline_auto\" id=\"style-css-av-l805gq8f-806911819b7f2619cf02e18124b2a153\">\n#top .hr.hr-invisible.av-l805gq8f-806911819b7f2619cf02e18124b2a153{\nheight:20px;\n}\n<\/style>\n<div  class='hr av-l805gq8f-806911819b7f2619cf02e18124b2a153 hr-invisible  avia-builder-el-9  el_after_av_textblock  el_before_av_partner '><span class='hr-inner '><span class=\"hr-inner-style\"><\/span><\/span><\/div><br \/>\n<div   data-autoplay='true'  data-interval='5'  data-animation='slide'  class='avia-logo-element-container av-gg2l39-ba946b6652d0ba4f21303ef79fecc0e0 av-border-deactivate avia-logo-grid avia-content-slider avia-smallarrow-slider avia-content-grid-active noHover avia-content-slider-even  avia-builder-el-10  el_after_av_hr  avia-builder-el-last  avia-content-slider1'><div class='avia-smallarrow-slider-heading '><div class='new-special-heading'><h3 class='av-logo-special-heading-text '>Repositorios institucionales<\/h3><\/div><\/div><div class=\"avia-content-slider-inner\"><div class=\"slide-entry-wrap\"><div data-avia-tooltip=\"IDUS\" class='slide-entry av-4ft8r9-a68ad3f722323b619c2b8fd3aa307d67 flex_column no_margin av_one_eighth real-thumbnail post-entry slide-entry-overview slide-loop-1 slide-parity-odd  first'><a href=\"https:\/\/idus.us.es\/discover?scope=%2F&amp;query=araceli+montero+moreno&amp;submit=\" data-rel='slide-1' class='slide-image' title='' target=\"_blank\" rel=\"noopener noreferrer\"><span class='av-partner-fake-img' style='padding-bottom:100%; background-image:url(https:\/\/grupo.us.es\/conservacionyp\/wp-content\/uploads\/logoIDUS-180x180.png);'><\/span><\/a><\/div><div data-avia-tooltip=\"DIALNET\" class='slide-entry av-afpvkl-1ed7b9b56eb6b4778d15cf91456f1653 flex_column no_margin av_one_eighth real-thumbnail post-entry slide-entry-overview slide-loop-2 slide-parity-even  '><a href=\"https:\/\/dialnet.unirioja.es\/servlet\/autor?codigo=2277518\" data-rel='slide-1' class='slide-image' title='' target=\"_blank\" rel=\"noopener noreferrer\"><span class='av-partner-fake-img' style='padding-bottom:100%; background-image:url(https:\/\/grupo.us.es\/conservacionyp\/wp-content\/uploads\/logoDIALNET-180x180.png);'><\/span><\/a><\/div><div data-avia-tooltip=\"RESEARCHGATE\" class='slide-entry av-ed2eat-cb74e6a0ae370172976fc64b61ae9ecd flex_column no_margin av_one_eighth real-thumbnail post-entry slide-entry-overview slide-loop-3 slide-parity-odd  '><a href=\"https:\/\/www.researchgate.net\/scientific-contributions\/Araceli-Montero-Moreno-2195612221\" data-rel='slide-1' class='slide-image' title='' target=\"_blank\" rel=\"noopener noreferrer\"><span class='av-partner-fake-img' style='padding-bottom:100%; background-image:url(https:\/\/grupo.us.es\/conservacionyp\/wp-content\/uploads\/logoPrisma-2-180x180.png);'><\/span><\/a><\/div><div data-avia-tooltip=\"ACADEMIA.EDU\" class='slide-entry av-31ljlh-1-1-e41b729b30d6c72ae8f753c25cb3ab97 flex_column no_margin av_one_eighth real-thumbnail post-entry slide-entry-overview slide-loop-4 slide-parity-even post-entry-last '><a href=\"https:\/\/independent.academia.edu\/AraceliMonteroMoreno\" data-rel='slide-1' class='slide-image' title='' target=\"_blank\" rel=\"noopener noreferrer\"><span class='av-partner-fake-img' style='padding-bottom:100%; background-image:url(https:\/\/grupo.us.es\/conservacionyp\/wp-content\/uploads\/logoACADEMIAEDU-180x180.png);'><\/span><\/a><\/div><\/div><\/div><\/div><\/p><\/div><\/div><\/div><\/div><!-- close content main div --><\/div><\/div><div id='after_section_2'  class='main_color av_default_container_wrap container_wrap sidebar_right'  ><div class='container av-section-cont-open' ><div class='template-page content  av-content-small alpha units'><div class='post-entry post-entry-type-page post-entry-3695'><div class='entry-content-wrapper clearfix'>\n","protected":false},"excerpt":{"rendered":"","protected":false},"author":3,"featured_media":0,"parent":626,"menu_order":0,"comment_status":"closed","ping_status":"closed","template":"","meta":{"footnotes":""},"class_list":["post-3695","page","type-page","status-publish","hentry","","conservacionyp","wp-json","wp","v2","pages","3695"],"_links":{"self":[{"href":"https:\/\/grupo.us.es\/conservacionyp\/wp-json\/wp\/v2\/pages\/3695","targetHints":{"allow":["GET"]}}],"collection":[{"href":"https:\/\/grupo.us.es\/conservacionyp\/wp-json\/wp\/v2\/pages"}],"about":[{"href":"https:\/\/grupo.us.es\/conservacionyp\/wp-json\/wp\/v2\/types\/page"}],"author":[{"embeddable":true,"href":"https:\/\/grupo.us.es\/conservacionyp\/wp-json\/wp\/v2\/users\/3"}],"replies":[{"embeddable":true,"href":"https:\/\/grupo.us.es\/conservacionyp\/wp-json\/wp\/v2\/comments?post=3695"}],"version-history":[{"count":3,"href":"https:\/\/grupo.us.es\/conservacionyp\/wp-json\/wp\/v2\/pages\/3695\/revisions"}],"predecessor-version":[{"id":3973,"href":"https:\/\/grupo.us.es\/conservacionyp\/wp-json\/wp\/v2\/pages\/3695\/revisions\/3973"}],"up":[{"embeddable":true,"href":"https:\/\/grupo.us.es\/conservacionyp\/wp-json\/wp\/v2\/pages\/626"}],"wp:attachment":[{"href":"https:\/\/grupo.us.es\/conservacionyp\/wp-json\/wp\/v2\/media?parent=3695"}],"curies":[{"name":"wp","href":"https:\/\/api.w.org\/{rel}","templated":true}]}}