{"id":3564,"date":"2023-01-22T20:28:08","date_gmt":"2023-01-22T19:28:08","guid":{"rendered":"https:\/\/grupo.us.es\/conservacionyp\/?page_id=3564"},"modified":"2026-02-01T10:09:26","modified_gmt":"2026-02-01T09:09:26","slug":"beatriz-prado-campos","status":"publish","type":"page","link":"https:\/\/grupo.us.es\/conservacionyp\/componentes-del-grupo\/beatriz-prado-campos\/","title":{"rendered":"BEATRIZ PRADO CAMPOS"},"content":{"rendered":"\n<style type=\"text\/css\" data-created_by=\"avia_inline_auto\" id=\"style-css-av-l8041cti-a6980d6be12150b1843d92b63b0cb3db\">\n.avia-section.av-l8041cti-a6980d6be12150b1843d92b63b0cb3db{\nbackground-color:#f4f4f4;\nbackground-image:url(unset);\n}\n<\/style>\n<div id='av_section_1'  class='avia-section av-l8041cti-a6980d6be12150b1843d92b63b0cb3db main_color avia-section-small avia-no-border-styling  avia-builder-el-0  el_before_av_section  avia-builder-el-first  avia-bg-style-scroll container_wrap sidebar_right'  ><div class='container av-section-cont-open' ><main  role=\"main\" itemprop=\"mainContentOfPage\"  class='template-page content  av-content-small alpha units'><div class='post-entry post-entry-type-page post-entry-3564'><div class='entry-content-wrapper clearfix'>\n\n<style type=\"text\/css\" data-created_by=\"avia_inline_auto\" id=\"style-css-av-l8043fsf-f728ed794a1698627863bb7fbfc6f6f8\">\n#top .avia-icon-list-container.av-l8043fsf-f728ed794a1698627863bb7fbfc6f6f8 .iconlist_icon{\nfont-size:14px;\n}\n#top #wrap_all .avia-icon-list-container.av-l8043fsf-f728ed794a1698627863bb7fbfc6f6f8 .av_iconlist_title{\nfont-size:14px;\n}\n<\/style>\n<div  class='avia-icon-list-container av-l8043fsf-f728ed794a1698627863bb7fbfc6f6f8  avia-builder-el-1  avia-builder-el-no-sibling '><ul class='avia-icon-list avia_animate_when_almost_visible avia-icon-list-left av-iconlist-small av-l8043fsf-f728ed794a1698627863bb7fbfc6f6f8 avia-iconlist-animate'>\n<li><a href='https:\/\/grupo.us.es\/conservacionyp\/componentes-del-grupo\/' title='VOLVER AL GRUPO'  class='iconlist_icon av-l8043d4g-f675e0717ca2df4b5da18ff0153ae12f avia-font-entypo-fontello'><span class='iconlist-char' aria-hidden='true' data-av_icon='\ue88f' data-av_iconfont='entypo-fontello'><\/span><\/a><article class=\"article-icon-entry av-iconlist-empty\"  itemscope=\"itemscope\" itemtype=\"https:\/\/schema.org\/CreativeWork\" ><div class=\"iconlist_content_wrap\"><header class=\"entry-content-header\"><div class='av_iconlist_title iconlist_title_small  '  itemprop=\"headline\" ><a href='https:\/\/grupo.us.es\/conservacionyp\/componentes-del-grupo\/' title='VOLVER AL GRUPO'>VOLVER AL GRUPO<\/a><\/div><\/header><div class='iconlist_content '  itemprop=\"text\" ><\/div><\/div><footer class=\"entry-footer\"><\/footer><\/article><div class=\"iconlist-timeline\"><\/div><\/li>\n<\/ul><\/div>\n\n<\/div><\/div><\/main><!-- close content main element --><\/div><\/div><div id='av_section_2'  class='avia-section av-fkznpm-4b928d32bdef3abf82e2884842e5bd1f main_color avia-section-large avia-no-shadow  avia-builder-el-2  el_after_av_section  avia-builder-el-last  avia-bg-style-scroll container_wrap sidebar_right'  ><div class='container av-section-cont-open' ><div class='template-page content  av-content-small alpha units'><div class='post-entry post-entry-type-page post-entry-3564'><div class='entry-content-wrapper clearfix'>\n\n<style type=\"text\/css\" data-created_by=\"avia_inline_auto\" id=\"style-css-av-f66kcq-446aa411c5a505f30e3fe51aca827c8d\">\n.flex_column.av-f66kcq-446aa411c5a505f30e3fe51aca827c8d{\nborder-radius:0px 0px 0px 0px;\n-webkit-border-radius:0px 0px 0px 0px;\n-moz-border-radius:0px 0px 0px 0px;\n}\n<\/style>\n<div class='flex_column av-f66kcq-446aa411c5a505f30e3fe51aca827c8d av_two_fifth  avia-builder-el-3  el_before_av_three_fifth  avia-builder-el-first  first flex_column_div av-zero-column-padding '   ><style type=\"text\/css\" data-created_by=\"avia_inline_auto\" id=\"style-css-av-l803vnxp-1961eef94210b52e0cf4537970ce6238\">\n.avia-image-container.av-l803vnxp-1961eef94210b52e0cf4537970ce6238 .av-image-caption-overlay-center{\ncolor:#ffffff;\n}\n<\/style>\n<div  class='avia-image-container av-l803vnxp-1961eef94210b52e0cf4537970ce6238 av-styling- avia-align-center  avia-builder-el-4  avia-builder-el-no-sibling '  itemprop=\"image\" itemscope=\"itemscope\" itemtype=\"https:\/\/schema.org\/ImageObject\" ><div class=\"avia-image-container-inner\"><div class=\"avia-image-overlay-wrap\"><img decoding=\"async\" class='wp-image-3704 avia-img-lazy-loading-not-3704 avia_image' src=\"https:\/\/grupo.us.es\/conservacionyp\/wp-content\/uploads\/beatriz-prado-2.png\" alt='Beatriz Prado' title='Beatriz Prado'  height=\"600\" width=\"600\"  itemprop=\"thumbnailUrl\" srcset=\"https:\/\/grupo.us.es\/conservacionyp\/wp-content\/uploads\/beatriz-prado-2.png 600w, https:\/\/grupo.us.es\/conservacionyp\/wp-content\/uploads\/beatriz-prado-2-300x300.png 300w, https:\/\/grupo.us.es\/conservacionyp\/wp-content\/uploads\/beatriz-prado-2-80x80.png 80w, https:\/\/grupo.us.es\/conservacionyp\/wp-content\/uploads\/beatriz-prado-2-180x180.png 180w\" sizes=\"(max-width: 600px) 100vw, 600px\" \/><\/div><\/div><\/div><\/div>\n<style type=\"text\/css\" data-created_by=\"avia_inline_auto\" id=\"style-css-av-ermu6q-917becbbaa546a157c0b05ba6bff790a\">\n.flex_column.av-ermu6q-917becbbaa546a157c0b05ba6bff790a{\nborder-radius:0px 0px 0px 0px;\n-webkit-border-radius:0px 0px 0px 0px;\n-moz-border-radius:0px 0px 0px 0px;\n}\n<\/style>\n<div class='flex_column av-ermu6q-917becbbaa546a157c0b05ba6bff790a av_three_fifth  avia-builder-el-5  el_after_av_two_fifth  avia-builder-el-last  flex_column_div av-zero-column-padding '   ><p>\n<style type=\"text\/css\" data-created_by=\"avia_inline_auto\" id=\"style-css-av-fez6i2-e80c28fa568fdd9534a914526e2bfd40\">\n#top .av-special-heading.av-fez6i2-e80c28fa568fdd9534a914526e2bfd40{\npadding-bottom:15px;\nfont-size:40px;\n}\nbody .av-special-heading.av-fez6i2-e80c28fa568fdd9534a914526e2bfd40 .av-special-heading-tag .heading-char{\nfont-size:25px;\n}\n#top #wrap_all .av-special-heading.av-fez6i2-e80c28fa568fdd9534a914526e2bfd40 .av-special-heading-tag{\nfont-size:40px;\n}\n.av-special-heading.av-fez6i2-e80c28fa568fdd9534a914526e2bfd40 .av-subheading{\nfont-size:18px;\n}\n<\/style>\n<div  class='av-special-heading av-fez6i2-e80c28fa568fdd9534a914526e2bfd40 av-special-heading-h2 blockquote modern-quote  avia-builder-el-6  el_before_av_hr  avia-builder-el-first  av-inherit-size'><h2 class='av-special-heading-tag'  itemprop=\"headline\"  >Beatriz Prado-Campos<\/h2><div class='av-subheading av-subheading_below'><p><strong>Departamento de Pintura. Universidad de Sevilla<\/strong><\/p>\n<\/div><div class=\"special-heading-border\"><div class=\"special-heading-inner-border\"><\/div><\/div><\/div><br \/>\n\n<style type=\"text\/css\" data-created_by=\"avia_inline_auto\" id=\"style-css-av-fc3kka-d88c58afe06d94d8b339854c8c1d7734\">\n#top .hr.av-fc3kka-d88c58afe06d94d8b339854c8c1d7734{\nmargin-top:10px;\nmargin-bottom:10px;\n}\n.hr.av-fc3kka-d88c58afe06d94d8b339854c8c1d7734 .hr-inner{\nwidth:50px;\nborder-color:#000000;\n}\n<\/style>\n<div  class='hr av-fc3kka-d88c58afe06d94d8b339854c8c1d7734 hr-custom  avia-builder-el-7  el_after_av_heading  el_before_av_textblock  hr-left hr-icon-no'><span class='hr-inner inner-border-av-border-fat'><span class=\"hr-inner-style\"><\/span><\/span><\/div><br \/>\n<section  class='av_textblock_section av-ekry2i-7ddfaf7d5d510a26d8afb80356d238ec'  itemscope=\"itemscope\" itemtype=\"https:\/\/schema.org\/CreativeWork\" ><div class='avia_textblock'  itemprop=\"text\" ><p><a href=\"mailto:bprado@us.es\"><strong>bprado@us.es<\/strong><\/a><\/p>\n<p>Profesora Titular de Universidad. Doctora en Bellas Artes, imparte docencia en el Grado y M\u00e1ster en Conservaci\u00f3n y Restauraci\u00f3n de Bienes Culturales (MUCBIC), siendo coordinadora acad\u00e9mica de este \u00faltimo desde enero de 2026. <span class=\"Apple-converted-space\">\u00a0<\/span><\/p>\n<p>Sus l\u00edneas de investigaci\u00f3n se centran en las nuevas tecnolog\u00edas aplicadas al diagn\u00f3stico e intervenci\u00f3n en escultura policromada, retablos, pintura de caballete, as\u00ed como material p\u00e9treo y org\u00e1nico presentes tanto en la arquitectura como en el patrimonio arqueol\u00f3gico.\u00a0En este sentido, destacar que ha publicado la <a href=\"https:\/\/www.sintesis.com\/gu%25C3%25ADas%2520pr%25C3%25A1cticas-361\/conservaci%25C3%25B3n%2520y%2520restauraci%25C3%25B3n%2520de%2520materiales%2520p%25C3%25A9treos-ebook-2756.html\"><i>Gu\u00eda de Conservaci\u00f3n y Restauraci\u00f3n de Materiales P\u00e9treos <\/i>(Ed. S\u00edntesis, 2019<\/a>) y que particip\u00f3 en la Campa\u00f1a Arqueol\u00f3gica de Excavaci\u00f3n <i>Qubbet El-Hawa-Asu\u00e1n<\/i>, Egipto, 2010 (Proyecto I+D+I -HAR2009-08600).<\/p>\n<p>Adem\u00e1s de una intensa labor profesional como profesional aut\u00f3nomo, estuvo vinculada profesionalmente al Instituto Andaluz de Patrimonio Hist\u00f3rico (2003-2013), donde disfrut\u00f3 de una estancia de investigaci\u00f3n en el marco del Proyecto \u201cSala de los Reyes\u201d de la Alhambra de Granada as\u00ed como disfrut\u00f3 de una estancia de investigaci\u00f3n en el <i>Centro Conservazione e Restauro La Venaria Reale <\/i>de<i> <\/i>Tur\u00edn en 2018.<\/p>\n<\/div><\/section><br \/>\n\n<style type=\"text\/css\" data-created_by=\"avia_inline_auto\" id=\"style-css-av-l805gq8f-806911819b7f2619cf02e18124b2a153\">\n#top .hr.hr-invisible.av-l805gq8f-806911819b7f2619cf02e18124b2a153{\nheight:20px;\n}\n<\/style>\n<div  class='hr av-l805gq8f-806911819b7f2619cf02e18124b2a153 hr-invisible  avia-builder-el-9  el_after_av_textblock  el_before_av_partner '><span class='hr-inner '><span class=\"hr-inner-style\"><\/span><\/span><\/div><br \/>\n<div   data-autoplay='true'  data-interval='5'  data-animation='slide'  class='avia-logo-element-container av-gg2l39-ba946b6652d0ba4f21303ef79fecc0e0 av-border-deactivate avia-logo-grid avia-content-slider avia-smallarrow-slider avia-content-grid-active noHover avia-content-slider-even  avia-builder-el-10  el_after_av_hr  avia-builder-el-last  avia-content-slider1'><div class='avia-smallarrow-slider-heading '><div class='new-special-heading'><h3 class='av-logo-special-heading-text '>Repositorios institucionales<\/h3><\/div><\/div><div class=\"avia-content-slider-inner\"><div class=\"slide-entry-wrap\"><div data-avia-tooltip=\"PRISMA\" class='slide-entry av-ed2eat-09ad88e4e9022cbbf5144933878edfda flex_column no_margin av_one_eighth real-thumbnail post-entry slide-entry-overview slide-loop-1 slide-parity-odd  first'><a href=\"https:\/\/bibliometria.us.es\/prisma\/investigador\/3391\" data-rel='slide-1' class='slide-image' title='' target=\"_blank\" rel=\"noopener noreferrer\"><span class='av-partner-fake-img' style='padding-bottom:100%; background-image:url(https:\/\/grupo.us.es\/conservacionyp\/wp-content\/uploads\/logoPrisma-2-180x180.png);'><\/span><\/a><\/div><div data-avia-tooltip=\"SISIUS\" class='slide-entry av-by4gtx-16af1601bd874a74be5d04019a95a89f flex_column no_margin av_one_eighth real-thumbnail post-entry slide-entry-overview slide-loop-2 slide-parity-even  '><a href=\"https:\/\/investigacion.us.es\/sisius\/sis_showpub.php?idpers=21893\" data-rel='slide-1' class='slide-image' title='' target=\"_blank\" rel=\"noopener noreferrer\"><span class='av-partner-fake-img' style='padding-bottom:100%; background-image:url(https:\/\/grupo.us.es\/conservacionyp\/wp-content\/uploads\/logoSISIUS-180x180.png);'><\/span><\/a><\/div><div data-avia-tooltip=\"IDUS\" class='slide-entry av-4ft8r9-d12f0b9c30e8974062e76306556ecf06 flex_column no_margin av_one_eighth real-thumbnail post-entry slide-entry-overview slide-loop-3 slide-parity-odd  '><a href=\"https:\/\/idus.us.es\/author-profiles\/author?id=3391\" data-rel='slide-1' class='slide-image' title='' target=\"_blank\" rel=\"noopener noreferrer\"><span class='av-partner-fake-img' style='padding-bottom:100%; background-image:url(https:\/\/grupo.us.es\/conservacionyp\/wp-content\/uploads\/logoIDUS-180x180.png);'><\/span><\/a><\/div><div data-avia-tooltip=\"GOOGLE SCHOLAR\" class='slide-entry av-99dj11-a2af6c910f576434a4681ebc8e1e601a flex_column no_margin av_one_eighth real-thumbnail post-entry slide-entry-overview slide-loop-4 slide-parity-even  '><a href=\"https:\/\/scholar.google.es\/citations?user=FDhTFsgAAAAJ\" data-rel='slide-1' class='slide-image' title='' target=\"_blank\" rel=\"noopener noreferrer\"><span class='av-partner-fake-img' style='padding-bottom:100%; background-image:url(https:\/\/grupo.us.es\/conservacionyp\/wp-content\/uploads\/logoGOOGLESCHOLAR-180x180.png);'><\/span><\/a><\/div><div data-avia-tooltip=\"SCOPUS\" class='slide-entry av-56ibit-8fb158c8660131c3e4de17a9efcc8cbe flex_column no_margin av_one_eighth real-thumbnail post-entry slide-entry-overview slide-loop-5 slide-parity-odd  '><a href=\"https:\/\/www.scopus.com\/authid\/detail.uri?authorId=56043959200\" data-rel='slide-1' class='slide-image' title='' target=\"_blank\" rel=\"noopener noreferrer\"><span class='av-partner-fake-img' style='padding-bottom:100%; background-image:url(https:\/\/grupo.us.es\/conservacionyp\/wp-content\/uploads\/logoSCOPUS-180x180.png);'><\/span><\/a><\/div><div data-avia-tooltip=\"ORCID\" class='slide-entry av-td645-0e194fce72d9c800fc2f257288fb5d11 flex_column no_margin av_one_eighth real-thumbnail post-entry slide-entry-overview slide-loop-6 slide-parity-even  '><a href=\"https:\/\/orcid.org\/0000-0002-2722-3648\" data-rel='slide-1' class='slide-image' title='' target=\"_blank\" rel=\"noopener noreferrer\"><span class='av-partner-fake-img' style='padding-bottom:100%; background-image:url(https:\/\/grupo.us.es\/conservacionyp\/wp-content\/uploads\/logoORCID-180x180.png);'><\/span><\/a><\/div><div data-avia-tooltip=\"DIALNET\" class='slide-entry av-afpvkl-835e89c54a4369c644b4d1060ce2c22f flex_column no_margin av_one_eighth real-thumbnail post-entry slide-entry-overview slide-loop-7 slide-parity-odd  '><a href=\"https:\/\/dialnet.unirioja.es\/servlet\/autor?codigo=3002595\" data-rel='slide-1' class='slide-image' title='' target=\"_blank\" rel=\"noopener noreferrer\"><span class='av-partner-fake-img' style='padding-bottom:100%; background-image:url(https:\/\/grupo.us.es\/conservacionyp\/wp-content\/uploads\/logoDIALNET-180x180.png);'><\/span><\/a><\/div><div data-avia-tooltip=\"RESEARCHD ID\" class='slide-entry av-31ljlh-22527ee90ea2b1ed51ec21b90a70fe0f flex_column no_margin av_one_eighth real-thumbnail post-entry slide-entry-overview slide-loop-8 slide-parity-even  '><a href=\"https:\/\/www.webofscience.com\/wos\/author\/record\/D-7579-2014\" data-rel='slide-1' class='slide-image' title='' target=\"_blank\" rel=\"noopener noreferrer\"><span class='av-partner-fake-img' style='padding-bottom:100%; background-image:url(https:\/\/grupo.us.es\/conservacionyp\/wp-content\/uploads\/logoRESEARCHD-180x180.png);'><\/span><\/a><\/div><\/div><div class=\"slide-entry-wrap\"><div data-avia-tooltip=\"ACADEMIA.EDU\" class='slide-entry av-31ljlh-1-1-04b922ce99be324ff621f3f59d8d855f flex_column no_margin av_one_eighth real-thumbnail post-entry slide-entry-overview slide-loop-9 slide-parity-odd post-entry-last first'><a href=\"https:\/\/independent.academia.edu\/CamposBeatrizPrado\" data-rel='slide-1' class='slide-image' title='' target=\"_blank\" rel=\"noopener noreferrer\"><span class='av-partner-fake-img' style='padding-bottom:100%; background-image:url(https:\/\/grupo.us.es\/conservacionyp\/wp-content\/uploads\/logoACADEMIAEDU-180x180.png);'><\/span><\/a><\/div><\/div><\/div><\/div><\/p><\/div><\/div><\/div><\/div><!-- close content main div --><\/div><\/div><div id='after_section_2'  class='main_color av_default_container_wrap container_wrap sidebar_right'  ><div class='container av-section-cont-open' ><div class='template-page content  av-content-small alpha units'><div class='post-entry post-entry-type-page post-entry-3564'><div class='entry-content-wrapper clearfix'>\n","protected":false},"excerpt":{"rendered":"","protected":false},"author":3,"featured_media":0,"parent":626,"menu_order":0,"comment_status":"closed","ping_status":"closed","template":"","meta":{"footnotes":""},"class_list":["post-3564","page","type-page","status-publish","hentry","","conservacionyp","wp-json","wp","v2","pages","3564"],"_links":{"self":[{"href":"https:\/\/grupo.us.es\/conservacionyp\/wp-json\/wp\/v2\/pages\/3564","targetHints":{"allow":["GET"]}}],"collection":[{"href":"https:\/\/grupo.us.es\/conservacionyp\/wp-json\/wp\/v2\/pages"}],"about":[{"href":"https:\/\/grupo.us.es\/conservacionyp\/wp-json\/wp\/v2\/types\/page"}],"author":[{"embeddable":true,"href":"https:\/\/grupo.us.es\/conservacionyp\/wp-json\/wp\/v2\/users\/3"}],"replies":[{"embeddable":true,"href":"https:\/\/grupo.us.es\/conservacionyp\/wp-json\/wp\/v2\/comments?post=3564"}],"version-history":[{"count":7,"href":"https:\/\/grupo.us.es\/conservacionyp\/wp-json\/wp\/v2\/pages\/3564\/revisions"}],"predecessor-version":[{"id":4011,"href":"https:\/\/grupo.us.es\/conservacionyp\/wp-json\/wp\/v2\/pages\/3564\/revisions\/4011"}],"up":[{"embeddable":true,"href":"https:\/\/grupo.us.es\/conservacionyp\/wp-json\/wp\/v2\/pages\/626"}],"wp:attachment":[{"href":"https:\/\/grupo.us.es\/conservacionyp\/wp-json\/wp\/v2\/media?parent=3564"}],"curies":[{"name":"wp","href":"https:\/\/api.w.org\/{rel}","templated":true}]}}