{"id":3521,"date":"2023-01-22T14:10:04","date_gmt":"2023-01-22T13:10:04","guid":{"rendered":"https:\/\/grupo.us.es\/conservacionyp\/?page_id=3521"},"modified":"2023-03-13T12:25:32","modified_gmt":"2023-03-13T11:25:32","slug":"pau-aleixandre-hernandis","status":"publish","type":"page","link":"https:\/\/grupo.us.es\/conservacionyp\/componentes-del-grupo\/pau-aleixandre-hernandis\/","title":{"rendered":"PAU ALEIXANDRE HERNANDIS"},"content":{"rendered":"\n<style type=\"text\/css\" data-created_by=\"avia_inline_auto\" id=\"style-css-av-l8041cti-a6980d6be12150b1843d92b63b0cb3db\">\n.avia-section.av-l8041cti-a6980d6be12150b1843d92b63b0cb3db{\nbackground-color:#f4f4f4;\nbackground-image:url(unset);\n}\n<\/style>\n<div id='av_section_1'  class='avia-section av-l8041cti-a6980d6be12150b1843d92b63b0cb3db main_color avia-section-small avia-no-border-styling  avia-builder-el-0  el_before_av_section  avia-builder-el-first  avia-bg-style-scroll container_wrap sidebar_right'  ><div class='container av-section-cont-open' ><main  role=\"main\" itemprop=\"mainContentOfPage\"  class='template-page content  av-content-small alpha units'><div class='post-entry post-entry-type-page post-entry-3521'><div class='entry-content-wrapper clearfix'>\n\n<style type=\"text\/css\" data-created_by=\"avia_inline_auto\" id=\"style-css-av-l8043fsf-f728ed794a1698627863bb7fbfc6f6f8\">\n#top .avia-icon-list-container.av-l8043fsf-f728ed794a1698627863bb7fbfc6f6f8 .iconlist_icon{\nfont-size:14px;\n}\n#top #wrap_all .avia-icon-list-container.av-l8043fsf-f728ed794a1698627863bb7fbfc6f6f8 .av_iconlist_title{\nfont-size:14px;\n}\n<\/style>\n<div  class='avia-icon-list-container av-l8043fsf-f728ed794a1698627863bb7fbfc6f6f8  avia-builder-el-1  avia-builder-el-no-sibling '><ul class='avia-icon-list avia_animate_when_almost_visible avia-icon-list-left av-iconlist-small av-l8043fsf-f728ed794a1698627863bb7fbfc6f6f8 avia-iconlist-animate'>\n<li><a href='https:\/\/grupo.us.es\/conservacionyp\/componentes-del-grupo\/' title='VOLVER AL GRUPO'  class='iconlist_icon av-l8043d4g-f675e0717ca2df4b5da18ff0153ae12f avia-font-entypo-fontello'><span class='iconlist-char' aria-hidden='true' data-av_icon='\ue88f' data-av_iconfont='entypo-fontello'><\/span><\/a><article class=\"article-icon-entry av-iconlist-empty\"  itemscope=\"itemscope\" itemtype=\"https:\/\/schema.org\/CreativeWork\" ><div class=\"iconlist_content_wrap\"><header class=\"entry-content-header\"><div class='av_iconlist_title iconlist_title_small  '  itemprop=\"headline\" ><a href='https:\/\/grupo.us.es\/conservacionyp\/componentes-del-grupo\/' title='VOLVER AL GRUPO'>VOLVER AL GRUPO<\/a><\/div><\/header><div class='iconlist_content '  itemprop=\"text\" ><\/div><\/div><footer class=\"entry-footer\"><\/footer><\/article><div class=\"iconlist-timeline\"><\/div><\/li>\n<\/ul><\/div>\n\n<\/div><\/div><\/main><!-- close content main element --><\/div><\/div><div id='av_section_2'  class='avia-section av-fkznpm-4b928d32bdef3abf82e2884842e5bd1f main_color avia-section-large avia-no-shadow  avia-builder-el-2  el_after_av_section  avia-builder-el-last  avia-bg-style-scroll container_wrap sidebar_right'  ><div class='container av-section-cont-open' ><div class='template-page content  av-content-small alpha units'><div class='post-entry post-entry-type-page post-entry-3521'><div class='entry-content-wrapper clearfix'>\n\n<style type=\"text\/css\" data-created_by=\"avia_inline_auto\" id=\"style-css-av-f66kcq-446aa411c5a505f30e3fe51aca827c8d\">\n.flex_column.av-f66kcq-446aa411c5a505f30e3fe51aca827c8d{\nborder-radius:0px 0px 0px 0px;\n-webkit-border-radius:0px 0px 0px 0px;\n-moz-border-radius:0px 0px 0px 0px;\n}\n<\/style>\n<div class='flex_column av-f66kcq-446aa411c5a505f30e3fe51aca827c8d av_two_fifth  avia-builder-el-3  el_before_av_three_fifth  avia-builder-el-first  first flex_column_div av-zero-column-padding '   ><style type=\"text\/css\" data-created_by=\"avia_inline_auto\" id=\"style-css-av-l803vnxp-d7bbd4dda93391528d4fbba9335e5488\">\n.avia-image-container.av-l803vnxp-d7bbd4dda93391528d4fbba9335e5488 .av-image-caption-overlay-center{\ncolor:#ffffff;\n}\n<\/style>\n<div  class='avia-image-container av-l803vnxp-d7bbd4dda93391528d4fbba9335e5488 av-styling- avia-align-center  avia-builder-el-4  avia-builder-el-no-sibling '  itemprop=\"image\" itemscope=\"itemscope\" itemtype=\"https:\/\/schema.org\/ImageObject\" ><div class=\"avia-image-container-inner\"><div class=\"avia-image-overlay-wrap\"><img decoding=\"async\" class='wp-image-3522 avia-img-lazy-loading-not-3522 avia_image' src=\"https:\/\/grupo.us.es\/conservacionyp\/wp-content\/uploads\/Pau-aleixandre-2.png\" alt='PAU ALEIXANDRE HERNANDIS' title='PAU ALEIXANDRE HERNANDIS'  height=\"600\" width=\"600\"  itemprop=\"thumbnailUrl\" srcset=\"https:\/\/grupo.us.es\/conservacionyp\/wp-content\/uploads\/Pau-aleixandre-2.png 600w, https:\/\/grupo.us.es\/conservacionyp\/wp-content\/uploads\/Pau-aleixandre-2-300x300.png 300w, https:\/\/grupo.us.es\/conservacionyp\/wp-content\/uploads\/Pau-aleixandre-2-80x80.png 80w, https:\/\/grupo.us.es\/conservacionyp\/wp-content\/uploads\/Pau-aleixandre-2-180x180.png 180w\" sizes=\"(max-width: 600px) 100vw, 600px\" \/><\/div><\/div><\/div><\/div>\n<style type=\"text\/css\" data-created_by=\"avia_inline_auto\" id=\"style-css-av-ermu6q-917becbbaa546a157c0b05ba6bff790a\">\n.flex_column.av-ermu6q-917becbbaa546a157c0b05ba6bff790a{\nborder-radius:0px 0px 0px 0px;\n-webkit-border-radius:0px 0px 0px 0px;\n-moz-border-radius:0px 0px 0px 0px;\n}\n<\/style>\n<div class='flex_column av-ermu6q-917becbbaa546a157c0b05ba6bff790a av_three_fifth  avia-builder-el-5  el_after_av_two_fifth  avia-builder-el-last  flex_column_div av-zero-column-padding '   ><p>\n<style type=\"text\/css\" data-created_by=\"avia_inline_auto\" id=\"style-css-av-fez6i2-5dcd7b2f7e3c2bc4fb0ac1cca3d86406\">\n#top .av-special-heading.av-fez6i2-5dcd7b2f7e3c2bc4fb0ac1cca3d86406{\npadding-bottom:15px;\nfont-size:40px;\n}\nbody .av-special-heading.av-fez6i2-5dcd7b2f7e3c2bc4fb0ac1cca3d86406 .av-special-heading-tag .heading-char{\nfont-size:25px;\n}\n#top #wrap_all .av-special-heading.av-fez6i2-5dcd7b2f7e3c2bc4fb0ac1cca3d86406 .av-special-heading-tag{\nfont-size:40px;\n}\n.av-special-heading.av-fez6i2-5dcd7b2f7e3c2bc4fb0ac1cca3d86406 .av-subheading{\nfont-size:18px;\n}\n<\/style>\n<div  class='av-special-heading av-fez6i2-5dcd7b2f7e3c2bc4fb0ac1cca3d86406 av-special-heading-h2 blockquote modern-quote  avia-builder-el-6  el_before_av_hr  avia-builder-el-first  av-inherit-size'><h2 class='av-special-heading-tag'  itemprop=\"headline\"  >Pau Aleixandre Hernandis <\/h2><div class='av-subheading av-subheading_below'><p><strong>Universidad de Sevilla<\/strong><\/p>\n<\/div><div class=\"special-heading-border\"><div class=\"special-heading-inner-border\"><\/div><\/div><\/div><br \/>\n\n<style type=\"text\/css\" data-created_by=\"avia_inline_auto\" id=\"style-css-av-fc3kka-d88c58afe06d94d8b339854c8c1d7734\">\n#top .hr.av-fc3kka-d88c58afe06d94d8b339854c8c1d7734{\nmargin-top:10px;\nmargin-bottom:10px;\n}\n.hr.av-fc3kka-d88c58afe06d94d8b339854c8c1d7734 .hr-inner{\nwidth:50px;\nborder-color:#000000;\n}\n<\/style>\n<div  class='hr av-fc3kka-d88c58afe06d94d8b339854c8c1d7734 hr-custom  avia-builder-el-7  el_after_av_heading  el_before_av_textblock  hr-left hr-icon-no'><span class='hr-inner inner-border-av-border-fat'><span class=\"hr-inner-style\"><\/span><\/span><\/div><br \/>\n<section  class='av_textblock_section av-ekry2i-7ddfaf7d5d510a26d8afb80356d238ec'  itemscope=\"itemscope\" itemtype=\"https:\/\/schema.org\/CreativeWork\" ><div class='avia_textblock'  itemprop=\"text\" ><p><a href=\"mailto:paualeher@alum.us.es\"><strong>paualeher@alum.us.es<\/strong><\/a><\/p>\n<p><span class=\"s7\">Alumn<\/span><span class=\"s7\">a<\/span><span class=\"s7\"> de Tercer Ciclo, adscrit<\/span><span class=\"s7\">a<\/span><span class=\"s7\"> al programa \u201cArte y Patrimonio\u201d de la Facultad de Bellas Artes <\/span><span class=\"s7\">de la Universidad de Sevilla.<\/span><\/p>\n<p>Es egresada del M\u00e1ster en Arquitectura y Patrimonio Hist\u00f3rico de la Universidad de Sevilla (2021), y del M\u00e1ster en Conservaci\u00f3n y Restauraci\u00f3n de Bienes Culturales de la Universitat Polit\u00e8cnica de Val\u00e8ncia (2016), donde fue beneficiaria de una beca de pr\u00e1cticas en las que particip\u00f3 en la intervenci\u00f3n de retablos policromados. Obtuvo el Grado en Conservaci\u00f3n y Restauraci\u00f3n de Bienes Culturales en la Universitat Polit\u00e8cnica de Val\u00e8ncia (UPV) (2014). Especializada en pintura mural y conservaci\u00f3n preventiva, ha sido beneficiaria de la beca de formaci\u00f3n \u201cFrancesc Esteve\u201d de la Diputaci\u00f3 de Castell\u00f3 (2017-2020), en la que obtuvo amplia experiencia trabajando en intervenciones de obra mural contempor\u00e1nea, pintura mural al fresco, dorados y escultura pol\u00edcroma, as\u00ed como ha disfrutado de la ayuda \u201cLa Dipu te Beca\u201d en el a\u00f1o 2011, trabajando en la documentaci\u00f3n e intervenci\u00f3n de pinturas murales y objetos arqueol\u00f3gicos.<span class=\"Apple-converted-space\">\u00a0<\/span><\/p>\n<\/div><\/section><br \/>\n\n<style type=\"text\/css\" data-created_by=\"avia_inline_auto\" id=\"style-css-av-l805gq8f-806911819b7f2619cf02e18124b2a153\">\n#top .hr.hr-invisible.av-l805gq8f-806911819b7f2619cf02e18124b2a153{\nheight:20px;\n}\n<\/style>\n<div  class='hr av-l805gq8f-806911819b7f2619cf02e18124b2a153 hr-invisible  avia-builder-el-9  el_after_av_textblock  el_before_av_partner '><span class='hr-inner '><span class=\"hr-inner-style\"><\/span><\/span><\/div><br \/>\n<div   data-autoplay='true'  data-interval='5'  data-animation='slide'  class='avia-logo-element-container av-gg2l39-ba946b6652d0ba4f21303ef79fecc0e0 av-border-deactivate avia-logo-grid avia-content-slider avia-smallarrow-slider avia-content-grid-active noHover avia-content-slider-even  avia-builder-el-10  el_after_av_hr  avia-builder-el-last  avia-content-slider1'><div class='avia-smallarrow-slider-heading '><div class='new-special-heading'><h3 class='av-logo-special-heading-text '>Repositorios institucionales<\/h3><\/div><\/div><div class=\"avia-content-slider-inner\"><div class=\"slide-entry-wrap\"><div data-avia-tooltip=\"GOOGLE SCHOLAR\" class='slide-entry av-99dj11-1481d047015aecf527ab106c61f37db5 flex_column no_margin av_one_eighth real-thumbnail post-entry slide-entry-overview slide-loop-1 slide-parity-odd  first'><a href=\"https:\/\/scholar.google.es\/citations?hl=es&amp;authuser=1&amp;user=-guPA38AAAAJ\" data-rel='slide-1' class='slide-image' title='' target=\"_blank\" rel=\"noopener noreferrer\"><span class='av-partner-fake-img' style='padding-bottom:100%; background-image:url(https:\/\/grupo.us.es\/conservacionyp\/wp-content\/uploads\/logoGOOGLESCHOLAR-180x180.png);'><\/span><\/a><\/div><div data-avia-tooltip=\"ORCID\" class='slide-entry av-td645-8a4b15b8210b6a5beacc6bb00612e5ae flex_column no_margin av_one_eighth real-thumbnail post-entry slide-entry-overview slide-loop-2 slide-parity-even  '><a href=\"https:\/\/orcid.org\/0000-0003-3249-9363\" data-rel='slide-1' class='slide-image' title='' target=\"_blank\" rel=\"noopener noreferrer\"><span class='av-partner-fake-img' style='padding-bottom:100%; background-image:url(https:\/\/grupo.us.es\/conservacionyp\/wp-content\/uploads\/logoORCID-180x180.png);'><\/span><\/a><\/div><div data-avia-tooltip=\"DIALNET\" class='slide-entry av-afpvkl-34f813537a4d80ef76ae70b2592b486d flex_column no_margin av_one_eighth real-thumbnail post-entry slide-entry-overview slide-loop-3 slide-parity-odd  '><a href=\"https:\/\/dialnet.unirioja.es\/servlet\/autor?codigo=5381035\" data-rel='slide-1' class='slide-image' title='' target=\"_blank\" rel=\"noopener noreferrer\"><span class='av-partner-fake-img' style='padding-bottom:100%; background-image:url(https:\/\/grupo.us.es\/conservacionyp\/wp-content\/uploads\/logoDIALNET-180x180.png);'><\/span><\/a><\/div><div data-avia-tooltip=\"ACADEMIA.EDU\" class='slide-entry av-31ljlh-1-1-6adbf5224864e0cb636020ce97730874 flex_column no_margin av_one_eighth real-thumbnail post-entry slide-entry-overview slide-loop-4 slide-parity-even  '><a href=\"https:\/\/us.academia.edu\/PauAleixandreHernandis\" data-rel='slide-1' class='slide-image' title='' target=\"_blank\" rel=\"noopener noreferrer\"><span class='av-partner-fake-img' style='padding-bottom:100%; background-image:url(https:\/\/grupo.us.es\/conservacionyp\/wp-content\/uploads\/logoACADEMIAEDU-180x180.png);'><\/span><\/a><\/div><div data-avia-tooltip=\"RESEARCHD ID\" class='slide-entry av-31ljlh-7b132c6945712f5e0aaf76f083b7c29c flex_column no_margin av_one_eighth real-thumbnail post-entry slide-entry-overview slide-loop-5 slide-parity-odd  '><a href=\"https:\/\/www.webofscience.com\/wos\/author\/record\/AEW-9848-2022\" data-rel='slide-1' class='slide-image' title='' target=\"_blank\" rel=\"noopener noreferrer\"><span class='av-partner-fake-img' style='padding-bottom:100%; background-image:url(https:\/\/grupo.us.es\/conservacionyp\/wp-content\/uploads\/logoRESEARCHD-180x180.png);'><\/span><\/a><\/div><div data-avia-tooltip=\"RESEARCH GATE\" class='slide-entry av-ed2eat-660fde0ddcc423407d8628f019c34366 flex_column no_margin av_one_eighth real-thumbnail post-entry slide-entry-overview slide-loop-6 slide-parity-even  '><a href=\"https:\/\/www.researchgate.net\/profile\/Pau-Aleixandre-Hernandis\" data-rel='slide-1' class='slide-image' title='' target=\"_blank\" rel=\"noopener noreferrer\"><span class='av-partner-fake-img' style='padding-bottom:100%; background-image:url(https:\/\/grupo.us.es\/conservacionyp\/wp-content\/uploads\/logoRESEARCH-180x180.png);'><\/span><\/a><\/div><div data-avia-tooltip=\"SISIUS\" class='slide-entry av-lf6qlg6m-959fb37cdf91f6de97f2396b422c4982 flex_column no_margin av_one_eighth real-thumbnail post-entry slide-entry-overview slide-loop-7 slide-parity-odd  '><a href=\"https:\/\/investigacion.us.es\/sisius\/sis_showpub.php?idpers=35129\" data-rel='slide-1' class='slide-image' title='' target=\"_blank\" rel=\"noopener noreferrer\"><span class='av-partner-fake-img' style='padding-bottom:100%; background-image:url(https:\/\/grupo.us.es\/conservacionyp\/wp-content\/uploads\/logoSISIUS-180x180.png);'><\/span><\/a><\/div><div data-avia-tooltip=\"IDUS\" class='slide-entry av-lf6qltce-c5a30b98aa5788bec02bb7831bc9064b flex_column no_margin av_one_eighth real-thumbnail post-entry slide-entry-overview slide-loop-8 slide-parity-even post-entry-last '><a href=\"https:\/\/idus.us.es\/browse?type=author&amp;value=Aleixandre+Hernandis%2C+Pau\" data-rel='slide-1' class='slide-image' title='' target=\"_blank\" rel=\"noopener noreferrer\"><span class='av-partner-fake-img' style='padding-bottom:100%; background-image:url(https:\/\/grupo.us.es\/conservacionyp\/wp-content\/uploads\/logoIDUS-180x180.png);'><\/span><\/a><\/div><\/div><\/div><\/div><\/p><\/div><\/div><\/div><\/div><!-- close content main div --><\/div><\/div><div id='after_section_2'  class='main_color av_default_container_wrap container_wrap sidebar_right'  ><div class='container av-section-cont-open' ><div class='template-page content  av-content-small alpha units'><div class='post-entry post-entry-type-page post-entry-3521'><div class='entry-content-wrapper clearfix'>\n","protected":false},"excerpt":{"rendered":"","protected":false},"author":3,"featured_media":0,"parent":626,"menu_order":0,"comment_status":"closed","ping_status":"closed","template":"","meta":{"footnotes":""},"class_list":["post-3521","page","type-page","status-publish","hentry","","conservacionyp","wp-json","wp","v2","pages","3521"],"_links":{"self":[{"href":"https:\/\/grupo.us.es\/conservacionyp\/wp-json\/wp\/v2\/pages\/3521","targetHints":{"allow":["GET"]}}],"collection":[{"href":"https:\/\/grupo.us.es\/conservacionyp\/wp-json\/wp\/v2\/pages"}],"about":[{"href":"https:\/\/grupo.us.es\/conservacionyp\/wp-json\/wp\/v2\/types\/page"}],"author":[{"embeddable":true,"href":"https:\/\/grupo.us.es\/conservacionyp\/wp-json\/wp\/v2\/users\/3"}],"replies":[{"embeddable":true,"href":"https:\/\/grupo.us.es\/conservacionyp\/wp-json\/wp\/v2\/comments?post=3521"}],"version-history":[{"count":6,"href":"https:\/\/grupo.us.es\/conservacionyp\/wp-json\/wp\/v2\/pages\/3521\/revisions"}],"predecessor-version":[{"id":3905,"href":"https:\/\/grupo.us.es\/conservacionyp\/wp-json\/wp\/v2\/pages\/3521\/revisions\/3905"}],"up":[{"embeddable":true,"href":"https:\/\/grupo.us.es\/conservacionyp\/wp-json\/wp\/v2\/pages\/626"}],"wp:attachment":[{"href":"https:\/\/grupo.us.es\/conservacionyp\/wp-json\/wp\/v2\/media?parent=3521"}],"curies":[{"name":"wp","href":"https:\/\/api.w.org\/{rel}","templated":true}]}}