{"id":543,"date":"2020-05-20T12:39:13","date_gmt":"2020-05-20T11:39:13","guid":{"rendered":"http:\/\/grupo.us.es\/conditiofeminae\/?page_id=543"},"modified":"2020-05-20T12:39:25","modified_gmt":"2020-05-20T11:39:25","slug":"politica-de-privacidad","status":"publish","type":"page","link":"https:\/\/grupo.us.es\/conditiofeminae\/index.php\/politica-de-privacidad\/","title":{"rendered":"Pol\u00edtica de Privacidad"},"content":{"rendered":"<h2>Aviso legal<\/h2>\n<p>La Universidad de Sevilla es una instituci\u00f3n educativa de derecho p\u00fablico para la prestaci\u00f3n del servicio p\u00fablico de la educaci\u00f3n superior, albergando la ciudad de Sevilla la sede del claustro universitario, el rectorado, la gerencia y los servicios centrales de la Universidad.<\/p>\n<p>La Universidad de Sevilla con CIF: Q-4118001-I tiene su sede central en C\/ S. Fernando, 4 (C.P. 41004), Sevilla.<\/p>\n<h2>Condiciones Generales de Uso<\/h2>\n<p>El acceso y uso de esta p\u00e1gina Web y de todas las asociadas a la Universidad de Sevilla correspondientes a sus \u00d3rganos, Servicios, Facultades, Escuelas, Departamentos e Institutos (en adelante el Portal) atribuye a quien lo realiza la condici\u00f3n de usuario e implica la aceptaci\u00f3n de todos y cada uno de los t\u00e9rminos que se recogen en las presentes Condiciones Generales, sin perjuicio de que el acceso a alguno de los servicios o contenidos que a trav\u00e9s de dichas p\u00e1ginas se puedan obtener pudiera estar sujeto a la aceptaci\u00f3n de unas Condiciones Particulares adicionales.<\/p>\n<p>La Universidad de Sevilla podr\u00e1 modificar estas condiciones, lo que ser\u00e1 objeto de publicaci\u00f3n, debiendo el usuario acceder peri\u00f3dicamente a las mismas para estar al tanto de los cambios producidos.<\/p>\n<h2>Contenidos<\/h2>\n<p>La informaci\u00f3n contenida en este Portal tiene por objeto el cumplimiento de la funci\u00f3n de atenci\u00f3n al ciudadano y de informaci\u00f3n general, y no supondr\u00e1 una interpretaci\u00f3n normativa, ni consideraci\u00f3n jur\u00eddica o econ\u00f3mica en los t\u00e9rminos establecidos por el Real Decreto 208\/1996, de 9 de febrero, por el que se regulan los Servicios de Informaci\u00f3n Administrativa y Atenci\u00f3n al Ciudadano.<\/p>\n<p>La informaci\u00f3n y contenidos de este Portal no podr\u00e1 ser alegada en procesos contradictorios con la Administraci\u00f3n P\u00fablica, no siendo la Universidad en ning\u00fan caso responsable de la aplicaci\u00f3n o uso concreto que pueda hacerse de la misma, ni de las discrepancias que puedan existir entre los documentos impresos de la Administraci\u00f3n competente y la publicaci\u00f3n electr\u00f3nica en estas p\u00e1ginas.<\/p>\n<p>La Universidad de Sevilla podr\u00e1 modificar o suprimir libremente la informaci\u00f3n contenida en el Portal o su dise\u00f1o, presentaci\u00f3n y configuraci\u00f3n al objeto de que la misma est\u00e9 permanentemente actualizada y libre de errores.<\/p>\n<p>Debido a que la actualizaci\u00f3n de la informaci\u00f3n no es inmediata, le sugerimos que compruebe siempre la vigencia, actualidad y exactitud de la informaci\u00f3n y contenidos recogidos en el Portal.<\/p>\n<p>Sin embargo, si bien la Universidad de Sevilla ha tomado medidas razonables y pone el mayor empe\u00f1o para asegurarse de que la informaci\u00f3n contenida en el Portal sea correcta, no garantiza que sea exacta, completa, o actualizada, sin perjuicio de las informaciones, servicios y transacciones que preste la Universidad a trav\u00e9s de su sede electr\u00f3nica de acuerdo con lo establecido en la Ley 11\/2007, de 22 de junio, de acceso electr\u00f3nico de los ciudadanos a los Servicios P\u00fablicos. La Universidad de Sevilla publica su informaci\u00f3n oficial \u00fanicamente en su Sede electr\u00f3nica, Boletines Oficiales y Tablones de Anuncios de los Centros y Servicios Centrales.<\/p>\n<p>El usuario se compromete a hacer un buen uso de los contenidos de este Portal, que nunca podr\u00e1n ser utilizados para actividades il\u00edcitas o lesivas de derechos y libertades de terceros, o que puedan ser contrarias a la moral, los buenos usos y costumbres y el orden p\u00fablico.<\/p>\n<p>En cualquier caso, la utilizaci\u00f3n de la informaci\u00f3n proporcionada a trav\u00e9s del Portal es responsabilidad exclusiva del usuario, no pudiendo repercutir a la Universidad de Sevilla cualquier consecuencia derivada directa o indirectamente del acceso al Portal, en particular en relaci\u00f3n con la adopci\u00f3n de decisiones sobre el inicio, desarrollo o resultado de procedimientos administrativos, las cuales deber\u00e1n ser contrastadas en los centros, organismos o dependencias competentes.<\/p>\n<h2>Cookies<\/h2>\n<p>En algunas ocasiones, este Portal utiliza cookies. Las cookies son peque\u00f1os ficheros de datos que se generan en el ordenador del usuario y que, con el fin de facilitar y personalizar la navegaci\u00f3n del usuario por el Portal, pueden permitir obtener la siguiente informaci\u00f3n:<\/p>\n<ul>\n<li>El navegador y sistema operativo de su ordenador.<\/li>\n<li>Dise\u00f1o de contenidos que el usuario escogi\u00f3 en su primera visita al Portal.<\/li>\n<li>Elementos de seguridad que intervienen en el control de acceso a las \u00e1reas restringidas, en su caso.<\/li>\n<li>El usuario tiene la opci\u00f3n de impedir la instalaci\u00f3n de cookies, ya que los navegadores son configurables para que las notifiquen y rechacen, si bien la desactivaci\u00f3n de las mismas puede impedir el buen funcionamiento del acceso a la p\u00e1gina.<\/li>\n<\/ul>\n<p>Le recomendamos consultar la secci\u00f3n de ayuda de su navegador.<\/p>\n<h2>Seguridad<\/h2>\n<p>La Universidad de Sevilla adopta las necesarias medidas de seguridad en el uso de las tecnolog\u00edas de la informaci\u00f3n, sin embargo \u00e9stas no son infalibles y el usuario debe de ser consciente de esto.<\/p>\n<p>Por este motivo la Universidad no se hace responsable de los da\u00f1os, perjuicios, p\u00e9rdidas, anomal\u00edas, mal funcionamiento o deterioro que se puedan producir en los equipos o sistemas de los usuarios como consecuencia directa o indirecta del acceso a este Portal, o que puedan causar virus, troyanos o dem\u00e1s programas inform\u00e1ticos.<\/p>\n<p>En este sentido, recuerde que toda persona usuaria de tecnolog\u00edas proporcionadas por US debe conocer, aceptar y aplicar la \u2018<a href=\"http:\/\/sic.us.es\/sites\/default\/files\/seguridad\/normativa_uso_recursos_si_us.pdf\" target=\"_blank\" rel=\"noopener noreferrer\">Normativa de uso de los recursos inform\u00e1ticos y de comunicaciones\u2018<\/a>.<\/p>\n<p>As\u00ed mismo no ser\u00e1 responsable en los casos en que no sea posible garantizar la disponibilidad y continuidad del funcionamiento del Portal y la inexistencia de fallos operativos, interrupciones en el servicio o transmisi\u00f3n, o errores en el acceso a la misma o a su contenido por causas de fuerza mayor o accidentes o en cualquier otro caso no imputable a la Universidad o sea necesario para la correcta prestaci\u00f3n del servicio en los supuestos de paradas de mantenimiento.<\/p>\n<h2>Derechos de Propiedad Intelectual y Propiedad Industrial<\/h2>\n<p>Este Portal es propiedad de la Universidad de Sevilla. Los derechos de Propiedad Intelectual e Industrial de este Portal, el c\u00f3digo CSS y HTML, p\u00e1ginas, pantallas, la informaci\u00f3n que contienen, su apariencia, dise\u00f1o, logos, marcas y dem\u00e1s signos distintivos que aparecen en el mismo, son propiedad exclusiva de la Universidad, salvo aquellos elementos cuya autor\u00eda o propiedad se indique de forma expl\u00edcita, as\u00ed como los siguientes elementos, los cuales pertenecen a sus respectivos autores seg\u00fan las condiciones indicadas por cada uno de ellos.<\/p>\n<p>Cualquier uso indebido de las mismas por persona diferente de su leg\u00edtimo titular dar\u00e1 lugar al ejercicio de las acciones que legalmente le correspondan a la Universidad y, en su caso, a las responsabilidades que de dicho ejercicio se deriven.<\/p>\n<p>Se autoriza la reproducci\u00f3n total o parcial de los contenidos del Portal, siempre que se cite expresamente su origen p\u00fablico. En caso de ser citado alg\u00fan dato contenido en la misma, ser\u00e1 respetada su integridad y significado.<\/p>\n<h2>Enlaces<\/h2>\n<p>La Universidad de Sevilla no asume ninguna responsabilidad sobre los enlaces a otras p\u00e1ginas Web que sean incluidos en cada momento en el Portal con el objeto de facilitar mayor informaci\u00f3n al usuario y ampliar los recursos a su disposici\u00f3n, al carecer de control sobre las mismas. En caso de acceder a sus contenidos, el usuario lo har\u00e1 bajo su exclusiva responsabilidad y en las condiciones de uso a las que las mismas est\u00e9n sujetas.<\/p>\n<p>Los sitios Web que incorporen enlaces a este Portal no podr\u00e1n incluir indicaciones falsas, inexactas o confusas que puedan inducir a error a quienes accedan.<\/p>\n<h2>Protecci\u00f3n de datos de car\u00e1cter personal<\/h2>\n<p>Los datos proporcionados a la Universidad de Sevilla a trav\u00e9s de este Portal u otro medio o soporte ser\u00e1n tratados por la Universidad de Sevilla, cuya sede central se encuentra en C\/ S. Fernando, 4 (C.P. 41004), Sevilla, como responsable de los ficheros necesarios para la atenci\u00f3n y seguimiento de las solicitudes y consultas dirigidas a trav\u00e9s del Portal, as\u00ed como la gesti\u00f3n y prestaci\u00f3n de los servicios relacionados con la investigaci\u00f3n, la docencia, el estudio y la extensi\u00f3n universitaria, lo que le ser\u00e1 convenientemente informado en el momento de recogida de sus datos de car\u00e1cter personal, solicitando su consentimiento en el caso en que \u00e9ste fuese necesario de acuerdo con lo establecido por la Ley Org\u00e1nica 15\/1999, de 13 de diciembre, de Protecci\u00f3n de Datos de Car\u00e1cter Personal (en adelante LOPD) y su Reglamento de desarrollo.<\/p>\n<p>La Universidad de Sevilla \u00fanicamente ceder\u00e1 sus datos cuando sea necesario para el adecuado ejercicio de sus competencias, as\u00ed como en las circunstancias dispuestas legalmente conforme a la LOPD, seg\u00fan la informaci\u00f3n que se le facilitar\u00e1 al recoger sus datos de car\u00e1cter personal. Cualquier otra cesi\u00f3n de datos se realizar\u00e1 previa obtenci\u00f3n del consentimiento inequ\u00edvoco otorgado por el interesado.<\/p>\n<p>La Universidad de Sevilla asegura la m\u00e1s estricta confidencialidad en la recogida y tratamiento de los datos facilitados por sus usuarios. A estos efectos, adoptar\u00e1 las medidas necesarias para evitar su alteraci\u00f3n, p\u00e9rdida, tratamiento o acceso no autorizado, en atenci\u00f3n a las categor\u00edas de datos tratados que determinan el nivel de seguridad aplicable seg\u00fan lo exigido por el Real Decreto 1720\/2007, de 21 de diciembre, por el que se aprueba el Reglamento de desarrollo de la LOPD.<\/p>\n<p>El usuario podr\u00e1 ejercitar en todo momento sus derechos de acceso, rectificaci\u00f3n, cancelaci\u00f3n u oposici\u00f3n, dirigi\u00e9ndose por escrito a la Secretar\u00eda General de la Universidad de Sevilla en C\/ S. Fernando, 4 (C.P. 41004), Sevilla acompa\u00f1ando fotocopia del D.N.I. o documento identificativo correspondiente.<\/p>\n<p>Cualquier uso de los datos de car\u00e1cter personal diferente de las finalidades para las que se contienen en el portal de la US ser\u00e1 de la exclusiva responsabilidad de la persona que lo realice y podr\u00eda ser puesto en conocimiento de la Agencia Espa\u00f1ola de Protecci\u00f3n de Datos, sin perjuicio de las acciones legales que la Universidad pueda emprender.<\/p>\n<h2>Actuaciones prohibidas y errores<\/h2>\n<p>Cualquier usuario que conozca alguna actuaci\u00f3n que, de forma irregular, pueda modificar o alterar los contenidos, violar los derechos de propiedad intelectual e industrial, deteriorar el buen funcionamiento o impedir el acceso a este Portal, actuaciones que quedan expresamente prohibidas, deber\u00e1 comunicar esta situaci\u00f3n a la Secretar\u00eda General de la Universidad de Sevilla por alguno de los medios de contacto proporcionados en el Portal.<\/p>\n<p>As\u00ed mismo si detecta alg\u00fan error se ruega sea comunicado a la Universidad por esos mismos canales.<\/p>\n ","protected":false},"excerpt":{"rendered":"<p> <a class=\"continue-reading-link\" href=\"https:\/\/grupo.us.es\/conditiofeminae\/index.php\/politica-de-privacidad\/\"><span>Continuar leyendo<\/span><i class=\"crycon-right-dir\"><\/i><\/a> <\/p>\n","protected":false},"author":3,"featured_media":0,"parent":0,"menu_order":0,"comment_status":"closed","ping_status":"closed","template":"","meta":[],"yoast_head":"<!-- This site is optimized with the Yoast SEO plugin v17.6 - https:\/\/yoast.com\/wordpress\/plugins\/seo\/ -->\n<title>Pol\u00edtica de Privacidad - CONDITIO FEMINAE I: Marginaci\u00f3n y visibilidad de la mujer en el Imperio Romano<\/title>\n<meta name=\"robots\" content=\"index, follow, max-snippet:-1, max-image-preview:large, max-video-preview:-1\" \/>\n<link rel=\"canonical\" href=\"https:\/\/grupo.us.es\/conditiofeminae\/index.php\/politica-de-privacidad\/\" \/>\n<meta property=\"og:locale\" content=\"es_ES\" \/>\n<meta property=\"og:type\" content=\"article\" \/>\n<meta property=\"og:title\" content=\"Pol\u00edtica de Privacidad - CONDITIO FEMINAE I: Marginaci\u00f3n y visibilidad de la mujer en el Imperio Romano\" \/>\n<meta property=\"og:description\" content=\"Continuar leyendo\" \/>\n<meta property=\"og:url\" content=\"https:\/\/grupo.us.es\/conditiofeminae\/index.php\/politica-de-privacidad\/\" \/>\n<meta property=\"og:site_name\" content=\"CONDITIO FEMINAE I: Marginaci\u00f3n y visibilidad de la mujer en el Imperio Romano\" \/>\n<meta property=\"article:modified_time\" content=\"2020-05-20T11:39:25+00:00\" \/>\n<meta name=\"twitter:card\" content=\"summary_large_image\" \/>\n<meta name=\"twitter:label1\" content=\"Tiempo de lectura\" \/>\n\t<meta name=\"twitter:data1\" content=\"9 minutos\" \/>\n<script type=\"application\/ld+json\" class=\"yoast-schema-graph\">{\"@context\":\"https:\/\/schema.org\",\"@graph\":[{\"@type\":\"Organization\",\"@id\":\"https:\/\/grupo.us.es\/conditiofeminae\/#organization\",\"name\":\"Departamento de Historia Antigua de la Universidad de Sevilla\",\"url\":\"https:\/\/grupo.us.es\/conditiofeminae\/\",\"sameAs\":[],\"logo\":{\"@type\":\"ImageObject\",\"@id\":\"https:\/\/grupo.us.es\/conditiofeminae\/#logo\",\"inLanguage\":\"es\",\"url\":\"https:\/\/grupo.us.es\/conditiofeminae\/wp-content\/uploads\/2020\/03\/dpto-historia-antigua-us.jpg\",\"contentUrl\":\"https:\/\/grupo.us.es\/conditiofeminae\/wp-content\/uploads\/2020\/03\/dpto-historia-antigua-us.jpg\",\"width\":104,\"height\":133,\"caption\":\"Departamento de Historia Antigua de la Universidad de Sevilla\"},\"image\":{\"@id\":\"https:\/\/grupo.us.es\/conditiofeminae\/#logo\"}},{\"@type\":\"WebSite\",\"@id\":\"https:\/\/grupo.us.es\/conditiofeminae\/#website\",\"url\":\"https:\/\/grupo.us.es\/conditiofeminae\/\",\"name\":\"CONDITIO FEMINAE I: Marginaci\\u00f3n y visibilidad de la mujer en el Imperio Romano\",\"description\":\"\",\"publisher\":{\"@id\":\"https:\/\/grupo.us.es\/conditiofeminae\/#organization\"},\"potentialAction\":[{\"@type\":\"SearchAction\",\"target\":{\"@type\":\"EntryPoint\",\"urlTemplate\":\"https:\/\/grupo.us.es\/conditiofeminae\/?s={search_term_string}\"},\"query-input\":\"required name=search_term_string\"}],\"inLanguage\":\"es\"},{\"@type\":\"WebPage\",\"@id\":\"https:\/\/grupo.us.es\/conditiofeminae\/index.php\/politica-de-privacidad\/#webpage\",\"url\":\"https:\/\/grupo.us.es\/conditiofeminae\/index.php\/politica-de-privacidad\/\",\"name\":\"Pol\\u00edtica de Privacidad - CONDITIO FEMINAE I: Marginaci\\u00f3n y visibilidad de la mujer en el Imperio Romano\",\"isPartOf\":{\"@id\":\"https:\/\/grupo.us.es\/conditiofeminae\/#website\"},\"datePublished\":\"2020-05-20T11:39:13+00:00\",\"dateModified\":\"2020-05-20T11:39:25+00:00\",\"breadcrumb\":{\"@id\":\"https:\/\/grupo.us.es\/conditiofeminae\/index.php\/politica-de-privacidad\/#breadcrumb\"},\"inLanguage\":\"es\",\"potentialAction\":[{\"@type\":\"ReadAction\",\"target\":[\"https:\/\/grupo.us.es\/conditiofeminae\/index.php\/politica-de-privacidad\/\"]}]},{\"@type\":\"BreadcrumbList\",\"@id\":\"https:\/\/grupo.us.es\/conditiofeminae\/index.php\/politica-de-privacidad\/#breadcrumb\",\"itemListElement\":[{\"@type\":\"ListItem\",\"position\":1,\"name\":\"Portada\",\"item\":\"https:\/\/grupo.us.es\/conditiofeminae\/\"},{\"@type\":\"ListItem\",\"position\":2,\"name\":\"Pol\\u00edtica de Privacidad\"}]}]}<\/script>\n<!-- \/ Yoast SEO plugin. -->","yoast_head_json":{"title":"Pol\u00edtica de Privacidad - CONDITIO FEMINAE I: Marginaci\u00f3n y visibilidad de la mujer en el Imperio Romano","robots":{"index":"index","follow":"follow","max-snippet":"max-snippet:-1","max-image-preview":"max-image-preview:large","max-video-preview":"max-video-preview:-1"},"canonical":"https:\/\/grupo.us.es\/conditiofeminae\/index.php\/politica-de-privacidad\/","og_locale":"es_ES","og_type":"article","og_title":"Pol\u00edtica de Privacidad - CONDITIO FEMINAE I: Marginaci\u00f3n y visibilidad de la mujer en el Imperio Romano","og_description":"Continuar leyendo","og_url":"https:\/\/grupo.us.es\/conditiofeminae\/index.php\/politica-de-privacidad\/","og_site_name":"CONDITIO FEMINAE I: Marginaci\u00f3n y visibilidad de la mujer en el Imperio Romano","article_modified_time":"2020-05-20T11:39:25+00:00","twitter_card":"summary_large_image","twitter_misc":{"Tiempo de lectura":"9 minutos"},"schema":{"@context":"https:\/\/schema.org","@graph":[{"@type":"Organization","@id":"https:\/\/grupo.us.es\/conditiofeminae\/#organization","name":"Departamento de Historia Antigua de la Universidad de Sevilla","url":"https:\/\/grupo.us.es\/conditiofeminae\/","sameAs":[],"logo":{"@type":"ImageObject","@id":"https:\/\/grupo.us.es\/conditiofeminae\/#logo","inLanguage":"es","url":"https:\/\/grupo.us.es\/conditiofeminae\/wp-content\/uploads\/2020\/03\/dpto-historia-antigua-us.jpg","contentUrl":"https:\/\/grupo.us.es\/conditiofeminae\/wp-content\/uploads\/2020\/03\/dpto-historia-antigua-us.jpg","width":104,"height":133,"caption":"Departamento de Historia Antigua de la Universidad de Sevilla"},"image":{"@id":"https:\/\/grupo.us.es\/conditiofeminae\/#logo"}},{"@type":"WebSite","@id":"https:\/\/grupo.us.es\/conditiofeminae\/#website","url":"https:\/\/grupo.us.es\/conditiofeminae\/","name":"CONDITIO FEMINAE I: Marginaci\u00f3n y visibilidad de la mujer en el Imperio Romano","description":"","publisher":{"@id":"https:\/\/grupo.us.es\/conditiofeminae\/#organization"},"potentialAction":[{"@type":"SearchAction","target":{"@type":"EntryPoint","urlTemplate":"https:\/\/grupo.us.es\/conditiofeminae\/?s={search_term_string}"},"query-input":"required name=search_term_string"}],"inLanguage":"es"},{"@type":"WebPage","@id":"https:\/\/grupo.us.es\/conditiofeminae\/index.php\/politica-de-privacidad\/#webpage","url":"https:\/\/grupo.us.es\/conditiofeminae\/index.php\/politica-de-privacidad\/","name":"Pol\u00edtica de Privacidad - CONDITIO FEMINAE I: Marginaci\u00f3n y visibilidad de la mujer en el Imperio Romano","isPartOf":{"@id":"https:\/\/grupo.us.es\/conditiofeminae\/#website"},"datePublished":"2020-05-20T11:39:13+00:00","dateModified":"2020-05-20T11:39:25+00:00","breadcrumb":{"@id":"https:\/\/grupo.us.es\/conditiofeminae\/index.php\/politica-de-privacidad\/#breadcrumb"},"inLanguage":"es","potentialAction":[{"@type":"ReadAction","target":["https:\/\/grupo.us.es\/conditiofeminae\/index.php\/politica-de-privacidad\/"]}]},{"@type":"BreadcrumbList","@id":"https:\/\/grupo.us.es\/conditiofeminae\/index.php\/politica-de-privacidad\/#breadcrumb","itemListElement":[{"@type":"ListItem","position":1,"name":"Portada","item":"https:\/\/grupo.us.es\/conditiofeminae\/"},{"@type":"ListItem","position":2,"name":"Pol\u00edtica de Privacidad"}]}]}},"_links":{"self":[{"href":"https:\/\/grupo.us.es\/conditiofeminae\/index.php\/wp-json\/wp\/v2\/pages\/543"}],"collection":[{"href":"https:\/\/grupo.us.es\/conditiofeminae\/index.php\/wp-json\/wp\/v2\/pages"}],"about":[{"href":"https:\/\/grupo.us.es\/conditiofeminae\/index.php\/wp-json\/wp\/v2\/types\/page"}],"author":[{"embeddable":true,"href":"https:\/\/grupo.us.es\/conditiofeminae\/index.php\/wp-json\/wp\/v2\/users\/3"}],"replies":[{"embeddable":true,"href":"https:\/\/grupo.us.es\/conditiofeminae\/index.php\/wp-json\/wp\/v2\/comments?post=543"}],"version-history":[{"count":0,"href":"https:\/\/grupo.us.es\/conditiofeminae\/index.php\/wp-json\/wp\/v2\/pages\/543\/revisions"}],"wp:attachment":[{"href":"https:\/\/grupo.us.es\/conditiofeminae\/index.php\/wp-json\/wp\/v2\/media?parent=543"}],"curies":[{"name":"wp","href":"https:\/\/api.w.org\/{rel}","templated":true}]}}