{"id":30,"date":"2016-12-09T11:42:20","date_gmt":"2016-12-09T10:42:20","guid":{"rendered":"http:\/\/grupo.us.es\/conditiofeminae\/?page_id=30"},"modified":"2021-11-04T09:21:16","modified_gmt":"2021-11-04T08:21:16","slug":"equipo","status":"publish","type":"page","link":"https:\/\/grupo.us.es\/conditiofeminae\/index.php\/equipo\/","title":{"rendered":"Equipo"},"content":{"rendered":"<h5><img loading=\"lazy\" class=\"alignright wp-image-481 size-full\" src=\"http:\/\/grupo.us.es\/conditiofeminae\/wp-content\/uploads\/2020\/05\/equipo.jpg\" alt=\"\" width=\"356\" height=\"703\" srcset=\"https:\/\/grupo.us.es\/conditiofeminae\/wp-content\/uploads\/2020\/05\/equipo.jpg 356w, https:\/\/grupo.us.es\/conditiofeminae\/wp-content\/uploads\/2020\/05\/equipo-152x300.jpg 152w, https:\/\/grupo.us.es\/conditiofeminae\/wp-content\/uploads\/2020\/05\/equipo-76x150.jpg 76w\" sizes=\"(max-width: 356px) 100vw, 356px\" \/><span style=\"text-decoration: underline;\"><strong>Investigadora<\/strong><strong> Prin<\/strong><strong>cipal<\/strong><strong> &#8211;<\/strong><strong> I<\/strong><strong>P<\/strong><\/span><\/h5>\n<p><strong>Dra. Pilar Pav\u00f3n Torrej\u00f3n.<\/strong><br \/>\nProfesora Catedr\u00e1tica de Universidad &#8211; Universidad de Sevilla.<br \/>\nDepartamento de Historia Antigua.<br \/>\n<a href=\"https:\/\/investigacion.us.es\/sisius\/sis_showpub.php?idpers=10606\" target=\"_blank\" rel=\"noopener noreferrer\">Ficha en &#8220;investigacion.us.es&#8221;<\/a><br \/>\n<a href=\"https:\/\/us.academia.edu\/PilarPav%C3%B3n\" target=\"_blank\" rel=\"noopener noreferrer\">Ficha en &#8220;academia.edu&#8221;<\/a><\/p>\n<h5><span style=\"text-decoration: underline;\"><strong>Miembros del Equipo de investigaci\u00f3n<\/strong><\/span><\/h5>\n<p><strong>Dr. Jos\u00e9 Carlos Saquete Chamizo.<\/strong><br \/>\nProfesor Catedr\u00e1tico de Universidad &#8211; Universidad de Sevilla.<br \/>\nDepartamento de Historia Antigua.<br \/>\n<a href=\"https:\/\/investigacion.us.es\/sisius\/sis_showpub.php?idpers=5043\" target=\"_blank\" rel=\"noopener noreferrer\">Ficha en &#8220;investigacion.us.es&#8221;<\/a><br \/>\n<a href=\"https:\/\/us.academia.edu\/Jos%C3%A9CarlosSaqueteChamizo\" target=\"_blank\" rel=\"noopener noreferrer\">Ficha en &#8220;academia.edu&#8221;<\/a><\/p>\n<p><strong>Dra. Marta Gonz\u00e1lez Herrero.<\/strong><br \/>\nProfesora Titular de Universidad &#8211; Universidad de Oviedo<br \/>\nDepartamento de Historia. \u00c1rea de Historia Antigua.<br \/>\n<a href=\"http:\/\/uniovi.academia.edu\/MARTAGONZ%C3%81LEZHERRERO\" target=\"_blank\" rel=\"noopener noreferrer\">Ficha en &#8220;academia.edu&#8221;<\/a><\/p>\n<p><strong>Dr. Anthony \u00c1lvarez Melero.<\/strong><br \/>\nProfesor Titular &#8211; Universidad de Sevilla.<br \/>\nDepartamento de Historia Antigua.<br \/>\n<a href=\"https:\/\/investigacion.us.es\/sisius\/sis_showpub.php?idpers=19007\" target=\"_blank\" rel=\"noopener noreferrer\">Ficha en &#8220;investigacion.us.es&#8221;<\/a><br \/>\n<a href=\"http:\/\/us.academia.edu\/Anthony%C3%81lvarezMelero\" target=\"_blank\" rel=\"noopener noreferrer\">Ficha en &#8220;academia.edu&#8221;<\/a><\/p>\n<h5><span style=\"text-decoration: underline;\"><strong>Miembros del Equipo de Trabajo<\/strong><\/span><\/h5>\n<p><strong>Dr. Juli\u00e1n Gonz\u00e1lez Fern\u00e1ndez<\/strong><br \/>\nProfesor Em\u00e9rito &#8211; Universidad de Sevilla.<br \/>\nCatedr\u00e1tico Universidad &#8211; Universidad de Sevilla.<br \/>\n<a href=\"http:\/\/us.academia.edu\/Juli%C3%A1nGonz%C3%A1lez\" target=\"_blank\" rel=\"noopener noreferrer\">Ficha en &#8220;academia.edu&#8221;<\/a><\/p>\n<p><strong>Dra. Marie Therese Raepsaet Charlier<\/strong><br \/>\nProfesora Em\u00e9rita- Universit\u00e9 libre de Bruxelles.<br \/>\n<a href=\"https:\/\/ulb.academia.edu\/MarieThereseCharlier\" target=\"_blank\" rel=\"noopener noreferrer\">Ficha en &#8220;academia.edu&#8221;<\/a><\/p>\n<p><strong>Dra. Mireille Corbier<\/strong><br \/>\nDirecteur de Recherche \u00c9m\u00e9rite &#8211; Centre National de la Recherche Scientifique.<br \/>\n<a href=\"https:\/\/cnrs.academia.edu\/MireilleCorbier\" target=\"_blank\" rel=\"noopener noreferrer\">Ficha en &#8220;academia.edu&#8221;<\/a><\/p>\n<p><strong>Dra. Marcella Chelotti<\/strong><br \/>\nProfessore Ordinario &#8211; Universit\u00e0 di Bari.<br \/>\nDipartimento di Scienze dell&#8217;Antichit\u00e1 e del Tardoantico.<br \/>\n<a href=\"https:\/\/uniba-it.academia.edu\/MarcellaChelotti\" target=\"_blank\" rel=\"noopener noreferrer\">Ficha en &#8220;academia.edu&#8221;<\/a><\/p>\n<p><strong>Dra. Rosa Mentxaka Elexpe<\/strong><br \/>\nProfesora Em\u00e9rita.<br \/>\nCatedr\u00e1tica de Universidad &#8211; Universidad del Pa\u00eds Vasco.<br \/>\n<a href=\"https:\/\/ehu.academia.edu\/rosamentxaka\" target=\"_blank\" rel=\"noopener noreferrer\">Ficha en &#8220;academia.edu&#8221;<\/a>.<\/p>\n<p><strong>Dra. Francesca Cenerini<\/strong><br \/>\nProfessore Ordinario &#8211; Universit\u00e0 di Bologna.<br \/>\nDipartimento di Storia, Culture, Civilt\u00e1.<br \/>\n<a href=\"https:\/\/unibo.academia.edu\/FrancescaCenerini\" target=\"_blank\" rel=\"noopener noreferrer\">Ficha en &#8220;academia.edu&#8221;<\/a><\/p>\n<p><strong>Dra. Carla Masi Doria<\/strong><br \/>\nProfessore Ordinario &#8211; Universit\u00e0 degli Studi di Napoli Federico II.<br \/>\nDipartimento di Giurisprudenza.<br \/>\n<a href=\"https:\/\/unina.academia.edu\/CarlaMasiDoria\" target=\"_blank\" rel=\"noopener noreferrer\">Ficha en &#8220;academia.edu&#8221;<\/a><\/p>\n<p><strong>Dr. \u00c1lvaro Corrales \u00c1lvarez<\/strong><br \/>\nContratado Juan de la Cierva &#8211; Universidad Pablo de Olavide.<br \/>\n<a href=\"https:\/\/upo.academia.edu\/AlvaroCorralesAlvarez\" target=\"_blank\" rel=\"noopener noreferrer\">Ficha en &#8220;academia.edu&#8221;<\/a><\/p>\n<p><strong>Dr. Beatrice Girotti<\/strong><br \/>\nRicercatrice a tempo determinato tipo b. &#8211; Universit\u00e0 di Bologna.<br \/>\nDipartimento di Storia, Culture, Civilt\u00e1.<br \/>\n<a href=\"https:\/\/unibo.academia.edu\/BeatriceGirotti\" target=\"_blank\" rel=\"noopener noreferrer\">Ficha en &#8220;academia.edu&#8221;<\/a><\/p>\n<p><strong>Dra. Margherita Carucci<\/strong><br \/>\nArque\u00f3loga. Cardiff.<br \/>\nUnited Kingdom.<br \/>\n<a href=\"https:\/\/independent.academia.edu\/MargheritaCarucci\" target=\"_blank\" rel=\"noopener noreferrer\">Ficha en &#8220;academia.edu&#8221;<\/a><\/p>\n<p><strong>Dr. Francisco Cidoncha Redondo<\/strong><br \/>\nBecario Postdoctoral Real Maestranza de Sevilla.<br \/>\nEscuela Espa\u00f1ola de Historia y Arqueolog\u00eda CSIC-Roma (Italia).<br \/>\n<a href=\"https:\/\/us.academia.edu\/FranciscoCidonchaRedondo\" target=\"_blank\" rel=\"noopener noreferrer\">Ficha en &#8220;academia.edu&#8221;<\/a><\/p>\n<p><strong>Dra. Marta \u00c1lvaro Bernal<br \/>\n<\/strong>Anterior Contratada Predoctoral proyecto HAR2014-52725-P-Universidad de Sevilla.<br \/>\n<a href=\"https:\/\/aguapedia.academia.edu\/Marta%C3%81lvaroBernal\" target=\"_blank\" rel=\"noopener noreferrer\">Ficha en &#8220;academia.edu&#8221;<\/a><\/p>\n<p><strong>Gd. Daniel Le\u00f3n Ardoy<\/strong><br \/>\nBecario Predoctoral FPU\/PIF Ministerio de Educaci\u00f3n.<br \/>\nUniversidad de Sevilla<\/p>\n<p><strong><span style=\"font-family: georgia, palatino, serif;\">Gd. Antonio Fajardo Alonso<\/span><\/strong><br \/>\n<span style=\"font-family: georgia, palatino, serif;\">Becario Predoctoral FPU\/PIF del Ministerio de Ciencia e Innovaci\u00f3n.<\/span><br \/>\n<span style=\"font-family: georgia, palatino, serif;\">Universidad de Sevilla<\/span><\/p>\n<p>&nbsp;<\/p>\n ","protected":false},"excerpt":{"rendered":"<p> <a class=\"continue-reading-link\" href=\"https:\/\/grupo.us.es\/conditiofeminae\/index.php\/equipo\/\"><span>Continuar leyendo<\/span><i class=\"crycon-right-dir\"><\/i><\/a> <\/p>\n","protected":false},"author":3,"featured_media":0,"parent":0,"menu_order":0,"comment_status":"closed","ping_status":"closed","template":"","meta":[],"yoast_head":"<!-- This site is optimized with the Yoast SEO plugin v17.6 - https:\/\/yoast.com\/wordpress\/plugins\/seo\/ -->\n<title>Equipo - CONDITIO FEMINAE I: Marginaci\u00f3n y visibilidad de la mujer en el Imperio Romano<\/title>\n<meta name=\"robots\" content=\"index, follow, max-snippet:-1, max-image-preview:large, max-video-preview:-1\" \/>\n<link rel=\"canonical\" href=\"https:\/\/grupo.us.es\/conditiofeminae\/index.php\/equipo\/\" \/>\n<meta property=\"og:locale\" content=\"es_ES\" \/>\n<meta property=\"og:type\" content=\"article\" \/>\n<meta property=\"og:title\" content=\"Equipo - CONDITIO FEMINAE I: Marginaci\u00f3n y visibilidad de la mujer en el Imperio Romano\" \/>\n<meta property=\"og:description\" content=\"Continuar leyendo\" \/>\n<meta property=\"og:url\" content=\"https:\/\/grupo.us.es\/conditiofeminae\/index.php\/equipo\/\" \/>\n<meta property=\"og:site_name\" content=\"CONDITIO FEMINAE I: Marginaci\u00f3n y visibilidad de la mujer en el Imperio Romano\" \/>\n<meta property=\"article:modified_time\" content=\"2021-11-04T08:21:16+00:00\" \/>\n<meta property=\"og:image\" content=\"http:\/\/grupo.us.es\/conditiofeminae\/wp-content\/uploads\/2020\/05\/equipo.jpg\" \/>\n<meta name=\"twitter:card\" content=\"summary_large_image\" \/>\n<meta name=\"twitter:label1\" content=\"Tiempo de lectura\" \/>\n\t<meta name=\"twitter:data1\" content=\"2 minutos\" \/>\n<script type=\"application\/ld+json\" class=\"yoast-schema-graph\">{\"@context\":\"https:\/\/schema.org\",\"@graph\":[{\"@type\":\"Organization\",\"@id\":\"https:\/\/grupo.us.es\/conditiofeminae\/#organization\",\"name\":\"Departamento de Historia Antigua de la Universidad de Sevilla\",\"url\":\"https:\/\/grupo.us.es\/conditiofeminae\/\",\"sameAs\":[],\"logo\":{\"@type\":\"ImageObject\",\"@id\":\"https:\/\/grupo.us.es\/conditiofeminae\/#logo\",\"inLanguage\":\"es\",\"url\":\"https:\/\/grupo.us.es\/conditiofeminae\/wp-content\/uploads\/2020\/03\/dpto-historia-antigua-us.jpg\",\"contentUrl\":\"https:\/\/grupo.us.es\/conditiofeminae\/wp-content\/uploads\/2020\/03\/dpto-historia-antigua-us.jpg\",\"width\":104,\"height\":133,\"caption\":\"Departamento de Historia Antigua de la Universidad de Sevilla\"},\"image\":{\"@id\":\"https:\/\/grupo.us.es\/conditiofeminae\/#logo\"}},{\"@type\":\"WebSite\",\"@id\":\"https:\/\/grupo.us.es\/conditiofeminae\/#website\",\"url\":\"https:\/\/grupo.us.es\/conditiofeminae\/\",\"name\":\"CONDITIO FEMINAE I: Marginaci\\u00f3n y visibilidad de la mujer en el Imperio Romano\",\"description\":\"\",\"publisher\":{\"@id\":\"https:\/\/grupo.us.es\/conditiofeminae\/#organization\"},\"potentialAction\":[{\"@type\":\"SearchAction\",\"target\":{\"@type\":\"EntryPoint\",\"urlTemplate\":\"https:\/\/grupo.us.es\/conditiofeminae\/?s={search_term_string}\"},\"query-input\":\"required name=search_term_string\"}],\"inLanguage\":\"es\"},{\"@type\":\"ImageObject\",\"@id\":\"https:\/\/grupo.us.es\/conditiofeminae\/index.php\/equipo\/#primaryimage\",\"inLanguage\":\"es\",\"url\":\"http:\/\/grupo.us.es\/conditiofeminae\/wp-content\/uploads\/2020\/05\/equipo.jpg\",\"contentUrl\":\"http:\/\/grupo.us.es\/conditiofeminae\/wp-content\/uploads\/2020\/05\/equipo.jpg\"},{\"@type\":\"WebPage\",\"@id\":\"https:\/\/grupo.us.es\/conditiofeminae\/index.php\/equipo\/#webpage\",\"url\":\"https:\/\/grupo.us.es\/conditiofeminae\/index.php\/equipo\/\",\"name\":\"Equipo - CONDITIO FEMINAE I: Marginaci\\u00f3n y visibilidad de la mujer en el Imperio Romano\",\"isPartOf\":{\"@id\":\"https:\/\/grupo.us.es\/conditiofeminae\/#website\"},\"primaryImageOfPage\":{\"@id\":\"https:\/\/grupo.us.es\/conditiofeminae\/index.php\/equipo\/#primaryimage\"},\"datePublished\":\"2016-12-09T10:42:20+00:00\",\"dateModified\":\"2021-11-04T08:21:16+00:00\",\"breadcrumb\":{\"@id\":\"https:\/\/grupo.us.es\/conditiofeminae\/index.php\/equipo\/#breadcrumb\"},\"inLanguage\":\"es\",\"potentialAction\":[{\"@type\":\"ReadAction\",\"target\":[\"https:\/\/grupo.us.es\/conditiofeminae\/index.php\/equipo\/\"]}]},{\"@type\":\"BreadcrumbList\",\"@id\":\"https:\/\/grupo.us.es\/conditiofeminae\/index.php\/equipo\/#breadcrumb\",\"itemListElement\":[{\"@type\":\"ListItem\",\"position\":1,\"name\":\"Portada\",\"item\":\"https:\/\/grupo.us.es\/conditiofeminae\/\"},{\"@type\":\"ListItem\",\"position\":2,\"name\":\"Equipo\"}]}]}<\/script>\n<!-- \/ Yoast SEO plugin. -->","yoast_head_json":{"title":"Equipo - CONDITIO FEMINAE I: Marginaci\u00f3n y visibilidad de la mujer en el Imperio Romano","robots":{"index":"index","follow":"follow","max-snippet":"max-snippet:-1","max-image-preview":"max-image-preview:large","max-video-preview":"max-video-preview:-1"},"canonical":"https:\/\/grupo.us.es\/conditiofeminae\/index.php\/equipo\/","og_locale":"es_ES","og_type":"article","og_title":"Equipo - CONDITIO FEMINAE I: Marginaci\u00f3n y visibilidad de la mujer en el Imperio Romano","og_description":"Continuar leyendo","og_url":"https:\/\/grupo.us.es\/conditiofeminae\/index.php\/equipo\/","og_site_name":"CONDITIO FEMINAE I: Marginaci\u00f3n y visibilidad de la mujer en el Imperio Romano","article_modified_time":"2021-11-04T08:21:16+00:00","og_image":[{"url":"http:\/\/grupo.us.es\/conditiofeminae\/wp-content\/uploads\/2020\/05\/equipo.jpg"}],"twitter_card":"summary_large_image","twitter_misc":{"Tiempo de lectura":"2 minutos"},"schema":{"@context":"https:\/\/schema.org","@graph":[{"@type":"Organization","@id":"https:\/\/grupo.us.es\/conditiofeminae\/#organization","name":"Departamento de Historia Antigua de la Universidad de Sevilla","url":"https:\/\/grupo.us.es\/conditiofeminae\/","sameAs":[],"logo":{"@type":"ImageObject","@id":"https:\/\/grupo.us.es\/conditiofeminae\/#logo","inLanguage":"es","url":"https:\/\/grupo.us.es\/conditiofeminae\/wp-content\/uploads\/2020\/03\/dpto-historia-antigua-us.jpg","contentUrl":"https:\/\/grupo.us.es\/conditiofeminae\/wp-content\/uploads\/2020\/03\/dpto-historia-antigua-us.jpg","width":104,"height":133,"caption":"Departamento de Historia Antigua de la Universidad de Sevilla"},"image":{"@id":"https:\/\/grupo.us.es\/conditiofeminae\/#logo"}},{"@type":"WebSite","@id":"https:\/\/grupo.us.es\/conditiofeminae\/#website","url":"https:\/\/grupo.us.es\/conditiofeminae\/","name":"CONDITIO FEMINAE I: Marginaci\u00f3n y visibilidad de la mujer en el Imperio Romano","description":"","publisher":{"@id":"https:\/\/grupo.us.es\/conditiofeminae\/#organization"},"potentialAction":[{"@type":"SearchAction","target":{"@type":"EntryPoint","urlTemplate":"https:\/\/grupo.us.es\/conditiofeminae\/?s={search_term_string}"},"query-input":"required name=search_term_string"}],"inLanguage":"es"},{"@type":"ImageObject","@id":"https:\/\/grupo.us.es\/conditiofeminae\/index.php\/equipo\/#primaryimage","inLanguage":"es","url":"http:\/\/grupo.us.es\/conditiofeminae\/wp-content\/uploads\/2020\/05\/equipo.jpg","contentUrl":"http:\/\/grupo.us.es\/conditiofeminae\/wp-content\/uploads\/2020\/05\/equipo.jpg"},{"@type":"WebPage","@id":"https:\/\/grupo.us.es\/conditiofeminae\/index.php\/equipo\/#webpage","url":"https:\/\/grupo.us.es\/conditiofeminae\/index.php\/equipo\/","name":"Equipo - CONDITIO FEMINAE I: Marginaci\u00f3n y visibilidad de la mujer en el Imperio Romano","isPartOf":{"@id":"https:\/\/grupo.us.es\/conditiofeminae\/#website"},"primaryImageOfPage":{"@id":"https:\/\/grupo.us.es\/conditiofeminae\/index.php\/equipo\/#primaryimage"},"datePublished":"2016-12-09T10:42:20+00:00","dateModified":"2021-11-04T08:21:16+00:00","breadcrumb":{"@id":"https:\/\/grupo.us.es\/conditiofeminae\/index.php\/equipo\/#breadcrumb"},"inLanguage":"es","potentialAction":[{"@type":"ReadAction","target":["https:\/\/grupo.us.es\/conditiofeminae\/index.php\/equipo\/"]}]},{"@type":"BreadcrumbList","@id":"https:\/\/grupo.us.es\/conditiofeminae\/index.php\/equipo\/#breadcrumb","itemListElement":[{"@type":"ListItem","position":1,"name":"Portada","item":"https:\/\/grupo.us.es\/conditiofeminae\/"},{"@type":"ListItem","position":2,"name":"Equipo"}]}]}},"_links":{"self":[{"href":"https:\/\/grupo.us.es\/conditiofeminae\/index.php\/wp-json\/wp\/v2\/pages\/30"}],"collection":[{"href":"https:\/\/grupo.us.es\/conditiofeminae\/index.php\/wp-json\/wp\/v2\/pages"}],"about":[{"href":"https:\/\/grupo.us.es\/conditiofeminae\/index.php\/wp-json\/wp\/v2\/types\/page"}],"author":[{"embeddable":true,"href":"https:\/\/grupo.us.es\/conditiofeminae\/index.php\/wp-json\/wp\/v2\/users\/3"}],"replies":[{"embeddable":true,"href":"https:\/\/grupo.us.es\/conditiofeminae\/index.php\/wp-json\/wp\/v2\/comments?post=30"}],"version-history":[{"count":0,"href":"https:\/\/grupo.us.es\/conditiofeminae\/index.php\/wp-json\/wp\/v2\/pages\/30\/revisions"}],"wp:attachment":[{"href":"https:\/\/grupo.us.es\/conditiofeminae\/index.php\/wp-json\/wp\/v2\/media?parent=30"}],"curies":[{"name":"wp","href":"https:\/\/api.w.org\/{rel}","templated":true}]}}