{"id":291,"date":"2017-03-14T09:27:13","date_gmt":"2017-03-14T08:27:13","guid":{"rendered":"http:\/\/grupo.us.es\/conditiofeminae\/?page_id=291"},"modified":"2021-11-03T18:56:29","modified_gmt":"2021-11-03T17:56:29","slug":"contacto","status":"publish","type":"page","link":"https:\/\/grupo.us.es\/conditiofeminae\/index.php\/contacto\/","title":{"rendered":"Contacto"},"content":{"rendered":"<p>Pilar Pav\u00f3n Torrej\u00f3n.<br \/>\nProfesora Catedr\u00e1tica de Historia Antigua.<br \/>\nDepartamento de Historia Antigua.<br \/>\nFacultad de Geograf\u00eda e Historia.<br \/>\nUniversidad de Sevilla.<br \/>\nTel\u00e9fono 954551393<br \/>\nE-mail: pilarpavon@us.es<\/p>\n<p>&nbsp;<\/p>\n<p>Patricia T\u00e9llez Francisco<br \/>\nT\u00e9cnico cient\u00edfico-profesional de investigaci\u00f3n.<br \/>\nDepartamento de Historia Antigua.<br \/>\nFacultad de Geograf\u00eda e Historia.<br \/>\nUniversidad de Sevilla.<br \/>\nE-mail: ptellez@us.es<\/p>\n<p>&nbsp;<\/p>\n<p>&nbsp;<\/p>\n<p>&nbsp;<\/p>\n ","protected":false},"excerpt":{"rendered":"<p> <a class=\"continue-reading-link\" href=\"https:\/\/grupo.us.es\/conditiofeminae\/index.php\/contacto\/\"><span>Continuar leyendo<\/span><i class=\"crycon-right-dir\"><\/i><\/a> <\/p>\n","protected":false},"author":3,"featured_media":0,"parent":0,"menu_order":0,"comment_status":"closed","ping_status":"closed","template":"","meta":[],"yoast_head":"<!-- This site is optimized with the Yoast SEO plugin v17.6 - https:\/\/yoast.com\/wordpress\/plugins\/seo\/ -->\n<title>Contacto - CONDITIO FEMINAE I: Marginaci\u00f3n y visibilidad de la mujer en el Imperio Romano<\/title>\n<meta name=\"robots\" content=\"index, follow, max-snippet:-1, max-image-preview:large, max-video-preview:-1\" \/>\n<link rel=\"canonical\" href=\"https:\/\/grupo.us.es\/conditiofeminae\/index.php\/contacto\/\" \/>\n<meta property=\"og:locale\" content=\"es_ES\" \/>\n<meta property=\"og:type\" content=\"article\" \/>\n<meta property=\"og:title\" content=\"Contacto - CONDITIO FEMINAE I: Marginaci\u00f3n y visibilidad de la mujer en el Imperio Romano\" \/>\n<meta property=\"og:description\" content=\"Continuar leyendo\" \/>\n<meta property=\"og:url\" content=\"https:\/\/grupo.us.es\/conditiofeminae\/index.php\/contacto\/\" \/>\n<meta property=\"og:site_name\" content=\"CONDITIO FEMINAE I: Marginaci\u00f3n y visibilidad de la mujer en el Imperio Romano\" \/>\n<meta property=\"article:modified_time\" content=\"2021-11-03T17:56:29+00:00\" \/>\n<meta name=\"twitter:card\" content=\"summary_large_image\" \/>\n<meta name=\"twitter:label1\" content=\"Tiempo de lectura\" \/>\n\t<meta name=\"twitter:data1\" content=\"1 minuto\" \/>\n<script type=\"application\/ld+json\" class=\"yoast-schema-graph\">{\"@context\":\"https:\/\/schema.org\",\"@graph\":[{\"@type\":\"Organization\",\"@id\":\"https:\/\/grupo.us.es\/conditiofeminae\/#organization\",\"name\":\"Departamento de Historia Antigua de la Universidad de Sevilla\",\"url\":\"https:\/\/grupo.us.es\/conditiofeminae\/\",\"sameAs\":[],\"logo\":{\"@type\":\"ImageObject\",\"@id\":\"https:\/\/grupo.us.es\/conditiofeminae\/#logo\",\"inLanguage\":\"es\",\"url\":\"https:\/\/grupo.us.es\/conditiofeminae\/wp-content\/uploads\/2020\/03\/dpto-historia-antigua-us.jpg\",\"contentUrl\":\"https:\/\/grupo.us.es\/conditiofeminae\/wp-content\/uploads\/2020\/03\/dpto-historia-antigua-us.jpg\",\"width\":104,\"height\":133,\"caption\":\"Departamento de Historia Antigua de la Universidad de Sevilla\"},\"image\":{\"@id\":\"https:\/\/grupo.us.es\/conditiofeminae\/#logo\"}},{\"@type\":\"WebSite\",\"@id\":\"https:\/\/grupo.us.es\/conditiofeminae\/#website\",\"url\":\"https:\/\/grupo.us.es\/conditiofeminae\/\",\"name\":\"CONDITIO FEMINAE I: Marginaci\\u00f3n y visibilidad de la mujer en el Imperio Romano\",\"description\":\"\",\"publisher\":{\"@id\":\"https:\/\/grupo.us.es\/conditiofeminae\/#organization\"},\"potentialAction\":[{\"@type\":\"SearchAction\",\"target\":{\"@type\":\"EntryPoint\",\"urlTemplate\":\"https:\/\/grupo.us.es\/conditiofeminae\/?s={search_term_string}\"},\"query-input\":\"required name=search_term_string\"}],\"inLanguage\":\"es\"},{\"@type\":\"WebPage\",\"@id\":\"https:\/\/grupo.us.es\/conditiofeminae\/index.php\/contacto\/#webpage\",\"url\":\"https:\/\/grupo.us.es\/conditiofeminae\/index.php\/contacto\/\",\"name\":\"Contacto - CONDITIO FEMINAE I: Marginaci\\u00f3n y visibilidad de la mujer en el Imperio Romano\",\"isPartOf\":{\"@id\":\"https:\/\/grupo.us.es\/conditiofeminae\/#website\"},\"datePublished\":\"2017-03-14T08:27:13+00:00\",\"dateModified\":\"2021-11-03T17:56:29+00:00\",\"breadcrumb\":{\"@id\":\"https:\/\/grupo.us.es\/conditiofeminae\/index.php\/contacto\/#breadcrumb\"},\"inLanguage\":\"es\",\"potentialAction\":[{\"@type\":\"ReadAction\",\"target\":[\"https:\/\/grupo.us.es\/conditiofeminae\/index.php\/contacto\/\"]}]},{\"@type\":\"BreadcrumbList\",\"@id\":\"https:\/\/grupo.us.es\/conditiofeminae\/index.php\/contacto\/#breadcrumb\",\"itemListElement\":[{\"@type\":\"ListItem\",\"position\":1,\"name\":\"Portada\",\"item\":\"https:\/\/grupo.us.es\/conditiofeminae\/\"},{\"@type\":\"ListItem\",\"position\":2,\"name\":\"Contacto\"}]}]}<\/script>\n<!-- \/ Yoast SEO plugin. -->","yoast_head_json":{"title":"Contacto - CONDITIO FEMINAE I: Marginaci\u00f3n y visibilidad de la mujer en el Imperio Romano","robots":{"index":"index","follow":"follow","max-snippet":"max-snippet:-1","max-image-preview":"max-image-preview:large","max-video-preview":"max-video-preview:-1"},"canonical":"https:\/\/grupo.us.es\/conditiofeminae\/index.php\/contacto\/","og_locale":"es_ES","og_type":"article","og_title":"Contacto - CONDITIO FEMINAE I: Marginaci\u00f3n y visibilidad de la mujer en el Imperio Romano","og_description":"Continuar leyendo","og_url":"https:\/\/grupo.us.es\/conditiofeminae\/index.php\/contacto\/","og_site_name":"CONDITIO FEMINAE I: Marginaci\u00f3n y visibilidad de la mujer en el Imperio Romano","article_modified_time":"2021-11-03T17:56:29+00:00","twitter_card":"summary_large_image","twitter_misc":{"Tiempo de lectura":"1 minuto"},"schema":{"@context":"https:\/\/schema.org","@graph":[{"@type":"Organization","@id":"https:\/\/grupo.us.es\/conditiofeminae\/#organization","name":"Departamento de Historia Antigua de la Universidad de Sevilla","url":"https:\/\/grupo.us.es\/conditiofeminae\/","sameAs":[],"logo":{"@type":"ImageObject","@id":"https:\/\/grupo.us.es\/conditiofeminae\/#logo","inLanguage":"es","url":"https:\/\/grupo.us.es\/conditiofeminae\/wp-content\/uploads\/2020\/03\/dpto-historia-antigua-us.jpg","contentUrl":"https:\/\/grupo.us.es\/conditiofeminae\/wp-content\/uploads\/2020\/03\/dpto-historia-antigua-us.jpg","width":104,"height":133,"caption":"Departamento de Historia Antigua de la Universidad de Sevilla"},"image":{"@id":"https:\/\/grupo.us.es\/conditiofeminae\/#logo"}},{"@type":"WebSite","@id":"https:\/\/grupo.us.es\/conditiofeminae\/#website","url":"https:\/\/grupo.us.es\/conditiofeminae\/","name":"CONDITIO FEMINAE I: Marginaci\u00f3n y visibilidad de la mujer en el Imperio Romano","description":"","publisher":{"@id":"https:\/\/grupo.us.es\/conditiofeminae\/#organization"},"potentialAction":[{"@type":"SearchAction","target":{"@type":"EntryPoint","urlTemplate":"https:\/\/grupo.us.es\/conditiofeminae\/?s={search_term_string}"},"query-input":"required name=search_term_string"}],"inLanguage":"es"},{"@type":"WebPage","@id":"https:\/\/grupo.us.es\/conditiofeminae\/index.php\/contacto\/#webpage","url":"https:\/\/grupo.us.es\/conditiofeminae\/index.php\/contacto\/","name":"Contacto - CONDITIO FEMINAE I: Marginaci\u00f3n y visibilidad de la mujer en el Imperio Romano","isPartOf":{"@id":"https:\/\/grupo.us.es\/conditiofeminae\/#website"},"datePublished":"2017-03-14T08:27:13+00:00","dateModified":"2021-11-03T17:56:29+00:00","breadcrumb":{"@id":"https:\/\/grupo.us.es\/conditiofeminae\/index.php\/contacto\/#breadcrumb"},"inLanguage":"es","potentialAction":[{"@type":"ReadAction","target":["https:\/\/grupo.us.es\/conditiofeminae\/index.php\/contacto\/"]}]},{"@type":"BreadcrumbList","@id":"https:\/\/grupo.us.es\/conditiofeminae\/index.php\/contacto\/#breadcrumb","itemListElement":[{"@type":"ListItem","position":1,"name":"Portada","item":"https:\/\/grupo.us.es\/conditiofeminae\/"},{"@type":"ListItem","position":2,"name":"Contacto"}]}]}},"_links":{"self":[{"href":"https:\/\/grupo.us.es\/conditiofeminae\/index.php\/wp-json\/wp\/v2\/pages\/291"}],"collection":[{"href":"https:\/\/grupo.us.es\/conditiofeminae\/index.php\/wp-json\/wp\/v2\/pages"}],"about":[{"href":"https:\/\/grupo.us.es\/conditiofeminae\/index.php\/wp-json\/wp\/v2\/types\/page"}],"author":[{"embeddable":true,"href":"https:\/\/grupo.us.es\/conditiofeminae\/index.php\/wp-json\/wp\/v2\/users\/3"}],"replies":[{"embeddable":true,"href":"https:\/\/grupo.us.es\/conditiofeminae\/index.php\/wp-json\/wp\/v2\/comments?post=291"}],"version-history":[{"count":0,"href":"https:\/\/grupo.us.es\/conditiofeminae\/index.php\/wp-json\/wp\/v2\/pages\/291\/revisions"}],"wp:attachment":[{"href":"https:\/\/grupo.us.es\/conditiofeminae\/index.php\/wp-json\/wp\/v2\/media?parent=291"}],"curies":[{"name":"wp","href":"https:\/\/api.w.org\/{rel}","templated":true}]}}