{"id":2,"date":"2016-11-29T13:16:12","date_gmt":"2016-11-29T13:16:12","guid":{"rendered":"http:\/\/grupo.us.es\/conditiofeminae\/?page_id=2"},"modified":"2021-11-03T18:04:43","modified_gmt":"2021-11-03T17:04:43","slug":"pagina-ejemplo","status":"publish","type":"page","link":"https:\/\/grupo.us.es\/conditiofeminae\/","title":{"rendered":"PRESENTACI\u00d3N"},"content":{"rendered":"<p>&nbsp;<\/p>\n<p style=\"text-align: center;\"><a href=\"https:\/\/www.ciencia.gob.es\/\"><img loading=\"lazy\" class=\"aligncenter\" src=\"https:\/\/grupo.us.es\/conditiofeminae\/wp-content\/uploads\/2021\/11\/logos.jpg\" alt=\"Ministerio de Ciencia e Innovaci\u00f3n, Fondos &quot;FEDER&quot;, Agencia Estatal de Investigaci\u00f3n\" width=\"669\" height=\"202\" \/><\/a><em><span style=\"font-size: 10pt;\">Esta p\u00e1gina web es parte del proyecto de I+D+i, ayuda Ref. PGC2018-094169-B-I00, financiada por el Ministerio de Ciencia e Innovaci\u00f3n,<\/span><\/em><br \/>\n<em><span style=\"font-size: 10pt;\">la Agencia Estatal de Investigaci\u00f3n\/10.13039\/501100011033\/ y &#8220;FEDER Una manera de hacer Europa&#8221;\u00a0<\/span><\/em><\/p>\n<p>&nbsp;<\/p>\n<p><strong><em><span style=\"font-family: georgia, palatino, serif;\">CONDITIO FEMINAE I. MARGINACI\u00d3N Y VISIBILIDAD DE LA MUJER EN EL IMPERIO ROMANO: ESTUDIO DE CONTRASTES EN LOS \u00c1MBITOS POL\u00cdTICOS, JUR\u00cdDICOS Y RELIGIOSOS<\/span> <\/em><\/strong><br \/>\n<em><strong><span style=\"font-family: georgia, palatino, serif;\">REF. PGC2018-094169-B-I00<\/span><\/strong><\/em><br \/>\n<em><strong><span style=\"font-family: georgia, palatino, serif;\">PROYECTO DE I+D+I<\/span><\/strong><\/em><br \/>\n<em><strong><span style=\"font-family: georgia, palatino, serif;\">DEPARTAMENTO DE HISTORIA ANTIGUA<\/span><\/strong><\/em><\/p>\n<p><strong>PROPUESTA Y L\u00cdNEAS DE INVESTIGACI\u00d3N<\/strong><\/p>\n<p>Abordar el estudio de la mujer romana bajo dos perspectivas diferentes: la marginaci\u00f3n y la visibilidad, dos caras de una misma moneda que reflejan la imagen ofrecida por las fuentes sobre el mundo femenino en la \u00e9poca imperial romana.<\/p>\n<p><strong>G\u00c9NESIS DEL PROYECTO<\/strong><\/p>\n<p>Continuaci\u00f3n del proyecto anterior:<br \/>\n<em>CONDITIO FEMINAE. MARGINACION POLITICA, JURIDICA Y RELIGIOSA DE LA MUJER DURANTE EL ALTO IMPERIO ROMANO (SIGLOS I-III). HAR2014-52725-P<\/em><\/p>\n<p><strong>OBJETIVOS GENERALES DEL PROYECTO PGC2018-094169-B-I00<\/strong><\/p>\n<p style=\"padding-left: 40px;\">A) Continuar con el an\u00e1lisis de la marginaci\u00f3n femenina existente en la sociedad romana patriarcal.<\/p>\n<p style=\"padding-left: 40px;\">B) Observar el contraste de esta situaci\u00f3n real con las noticias y datos que las fuentes reflejan sobre las actuaciones e iniciativas desempe\u00f1adas por las mujeres de los distintos \u00f3rdenes sociales.<\/p>\n<p><strong>NOVEDADES <\/strong><\/p>\n<ul>\n<li>Nueva l\u00ednea de investigaci\u00f3n sobre la visibilidad femenina<\/li>\n<li>Introducci\u00f3n de nuevos tipos de fuentes (arqueol\u00f3gicas y papirol\u00f3gicas)<\/li>\n<li>Ampliaci\u00f3n del marco cronol\u00f3gico al siglo IV<\/li>\n<\/ul>\n<p><img loading=\"lazy\" class=\"aligncenter\" src=\"http:\/\/grupo.us.es\/conditiofeminae\/wp-content\/uploads\/2020\/05\/escenaPortada.jpg\" alt=\"escena\" width=\"840\" height=\"587\" \/><\/p>\n<p><b><div class=\"page_counter_label\"><span class=\"page_counter_text\" style=\"color:#000000;background:#FFFFFF;\">Total Page Visits: 10561<\/span><\/div><\/b><\/p>\n<p>&nbsp;<\/p>\n ","protected":false},"excerpt":{"rendered":"<p> <a class=\"continue-reading-link\" href=\"https:\/\/grupo.us.es\/conditiofeminae\/\"><span>Continuar leyendo<\/span><i class=\"crycon-right-dir\"><\/i><\/a> <\/p>\n","protected":false},"author":3,"featured_media":0,"parent":0,"menu_order":0,"comment_status":"closed","ping_status":"open","template":"","meta":[],"yoast_head":"<!-- This site is optimized with the Yoast SEO plugin v17.6 - https:\/\/yoast.com\/wordpress\/plugins\/seo\/ -->\n<title>PRESENTACI\u00d3N - CONDITIO FEMINAE I: Marginaci\u00f3n y visibilidad de la mujer en el Imperio Romano<\/title>\n<meta name=\"robots\" content=\"index, follow, max-snippet:-1, max-image-preview:large, max-video-preview:-1\" \/>\n<link rel=\"canonical\" href=\"https:\/\/grupo.us.es\/conditiofeminae\/\" \/>\n<meta property=\"og:locale\" content=\"es_ES\" \/>\n<meta property=\"og:type\" content=\"article\" \/>\n<meta property=\"og:title\" content=\"PRESENTACI\u00d3N - CONDITIO FEMINAE I: Marginaci\u00f3n y visibilidad de la mujer en el Imperio Romano\" \/>\n<meta property=\"og:description\" content=\"Continuar leyendo\" \/>\n<meta property=\"og:url\" content=\"https:\/\/grupo.us.es\/conditiofeminae\/\" \/>\n<meta property=\"og:site_name\" content=\"CONDITIO FEMINAE I: Marginaci\u00f3n y visibilidad de la mujer en el Imperio Romano\" \/>\n<meta property=\"article:modified_time\" content=\"2021-11-03T17:04:43+00:00\" \/>\n<meta property=\"og:image\" content=\"https:\/\/grupo.us.es\/conditiofeminae\/wp-content\/uploads\/2021\/11\/logos.jpg\" \/>\n<meta name=\"twitter:card\" content=\"summary_large_image\" \/>\n<meta name=\"twitter:label1\" content=\"Tiempo de lectura\" \/>\n\t<meta name=\"twitter:data1\" content=\"2 minutos\" \/>\n<script type=\"application\/ld+json\" class=\"yoast-schema-graph\">{\"@context\":\"https:\/\/schema.org\",\"@graph\":[{\"@type\":\"Organization\",\"@id\":\"https:\/\/grupo.us.es\/conditiofeminae\/#organization\",\"name\":\"Departamento de Historia Antigua de la Universidad de Sevilla\",\"url\":\"https:\/\/grupo.us.es\/conditiofeminae\/\",\"sameAs\":[],\"logo\":{\"@type\":\"ImageObject\",\"@id\":\"https:\/\/grupo.us.es\/conditiofeminae\/#logo\",\"inLanguage\":\"es\",\"url\":\"https:\/\/grupo.us.es\/conditiofeminae\/wp-content\/uploads\/2020\/03\/dpto-historia-antigua-us.jpg\",\"contentUrl\":\"https:\/\/grupo.us.es\/conditiofeminae\/wp-content\/uploads\/2020\/03\/dpto-historia-antigua-us.jpg\",\"width\":104,\"height\":133,\"caption\":\"Departamento de Historia Antigua de la Universidad de Sevilla\"},\"image\":{\"@id\":\"https:\/\/grupo.us.es\/conditiofeminae\/#logo\"}},{\"@type\":\"WebSite\",\"@id\":\"https:\/\/grupo.us.es\/conditiofeminae\/#website\",\"url\":\"https:\/\/grupo.us.es\/conditiofeminae\/\",\"name\":\"CONDITIO FEMINAE I: Marginaci\\u00f3n y visibilidad de la mujer en el Imperio Romano\",\"description\":\"\",\"publisher\":{\"@id\":\"https:\/\/grupo.us.es\/conditiofeminae\/#organization\"},\"potentialAction\":[{\"@type\":\"SearchAction\",\"target\":{\"@type\":\"EntryPoint\",\"urlTemplate\":\"https:\/\/grupo.us.es\/conditiofeminae\/?s={search_term_string}\"},\"query-input\":\"required name=search_term_string\"}],\"inLanguage\":\"es\"},{\"@type\":\"ImageObject\",\"@id\":\"https:\/\/grupo.us.es\/conditiofeminae\/#primaryimage\",\"inLanguage\":\"es\",\"url\":\"https:\/\/grupo.us.es\/conditiofeminae\/wp-content\/uploads\/2021\/11\/logos.jpg\",\"contentUrl\":\"https:\/\/grupo.us.es\/conditiofeminae\/wp-content\/uploads\/2021\/11\/logos.jpg\",\"width\":1194,\"height\":361,\"caption\":\"Logos del Ministerio de Ciencia e Innovaci\\u00f3n, Fondos FEDER y Agencia Estatal de Investigaci\\u00f3n\"},{\"@type\":\"WebPage\",\"@id\":\"https:\/\/grupo.us.es\/conditiofeminae\/#webpage\",\"url\":\"https:\/\/grupo.us.es\/conditiofeminae\/\",\"name\":\"PRESENTACI\\u00d3N - CONDITIO FEMINAE I: Marginaci\\u00f3n y visibilidad de la mujer en el Imperio Romano\",\"isPartOf\":{\"@id\":\"https:\/\/grupo.us.es\/conditiofeminae\/#website\"},\"primaryImageOfPage\":{\"@id\":\"https:\/\/grupo.us.es\/conditiofeminae\/#primaryimage\"},\"datePublished\":\"2016-11-29T13:16:12+00:00\",\"dateModified\":\"2021-11-03T17:04:43+00:00\",\"breadcrumb\":{\"@id\":\"https:\/\/grupo.us.es\/conditiofeminae\/#breadcrumb\"},\"inLanguage\":\"es\",\"potentialAction\":[{\"@type\":\"ReadAction\",\"target\":[\"https:\/\/grupo.us.es\/conditiofeminae\/\"]}]},{\"@type\":\"BreadcrumbList\",\"@id\":\"https:\/\/grupo.us.es\/conditiofeminae\/#breadcrumb\",\"itemListElement\":[{\"@type\":\"ListItem\",\"position\":1,\"name\":\"Portada\",\"item\":\"https:\/\/grupo.us.es\/conditiofeminae\/\"},{\"@type\":\"ListItem\",\"position\":2,\"name\":\"PRESENTACI\\u00d3N\"}]}]}<\/script>\n<!-- \/ Yoast SEO plugin. -->","yoast_head_json":{"title":"PRESENTACI\u00d3N - CONDITIO FEMINAE I: Marginaci\u00f3n y visibilidad de la mujer en el Imperio Romano","robots":{"index":"index","follow":"follow","max-snippet":"max-snippet:-1","max-image-preview":"max-image-preview:large","max-video-preview":"max-video-preview:-1"},"canonical":"https:\/\/grupo.us.es\/conditiofeminae\/","og_locale":"es_ES","og_type":"article","og_title":"PRESENTACI\u00d3N - CONDITIO FEMINAE I: Marginaci\u00f3n y visibilidad de la mujer en el Imperio Romano","og_description":"Continuar leyendo","og_url":"https:\/\/grupo.us.es\/conditiofeminae\/","og_site_name":"CONDITIO FEMINAE I: Marginaci\u00f3n y visibilidad de la mujer en el Imperio Romano","article_modified_time":"2021-11-03T17:04:43+00:00","og_image":[{"url":"https:\/\/grupo.us.es\/conditiofeminae\/wp-content\/uploads\/2021\/11\/logos.jpg"}],"twitter_card":"summary_large_image","twitter_misc":{"Tiempo de lectura":"2 minutos"},"schema":{"@context":"https:\/\/schema.org","@graph":[{"@type":"Organization","@id":"https:\/\/grupo.us.es\/conditiofeminae\/#organization","name":"Departamento de Historia Antigua de la Universidad de Sevilla","url":"https:\/\/grupo.us.es\/conditiofeminae\/","sameAs":[],"logo":{"@type":"ImageObject","@id":"https:\/\/grupo.us.es\/conditiofeminae\/#logo","inLanguage":"es","url":"https:\/\/grupo.us.es\/conditiofeminae\/wp-content\/uploads\/2020\/03\/dpto-historia-antigua-us.jpg","contentUrl":"https:\/\/grupo.us.es\/conditiofeminae\/wp-content\/uploads\/2020\/03\/dpto-historia-antigua-us.jpg","width":104,"height":133,"caption":"Departamento de Historia Antigua de la Universidad de Sevilla"},"image":{"@id":"https:\/\/grupo.us.es\/conditiofeminae\/#logo"}},{"@type":"WebSite","@id":"https:\/\/grupo.us.es\/conditiofeminae\/#website","url":"https:\/\/grupo.us.es\/conditiofeminae\/","name":"CONDITIO FEMINAE I: Marginaci\u00f3n y visibilidad de la mujer en el Imperio Romano","description":"","publisher":{"@id":"https:\/\/grupo.us.es\/conditiofeminae\/#organization"},"potentialAction":[{"@type":"SearchAction","target":{"@type":"EntryPoint","urlTemplate":"https:\/\/grupo.us.es\/conditiofeminae\/?s={search_term_string}"},"query-input":"required name=search_term_string"}],"inLanguage":"es"},{"@type":"ImageObject","@id":"https:\/\/grupo.us.es\/conditiofeminae\/#primaryimage","inLanguage":"es","url":"https:\/\/grupo.us.es\/conditiofeminae\/wp-content\/uploads\/2021\/11\/logos.jpg","contentUrl":"https:\/\/grupo.us.es\/conditiofeminae\/wp-content\/uploads\/2021\/11\/logos.jpg","width":1194,"height":361,"caption":"Logos del Ministerio de Ciencia e Innovaci\u00f3n, Fondos FEDER y Agencia Estatal de Investigaci\u00f3n"},{"@type":"WebPage","@id":"https:\/\/grupo.us.es\/conditiofeminae\/#webpage","url":"https:\/\/grupo.us.es\/conditiofeminae\/","name":"PRESENTACI\u00d3N - CONDITIO FEMINAE I: Marginaci\u00f3n y visibilidad de la mujer en el Imperio Romano","isPartOf":{"@id":"https:\/\/grupo.us.es\/conditiofeminae\/#website"},"primaryImageOfPage":{"@id":"https:\/\/grupo.us.es\/conditiofeminae\/#primaryimage"},"datePublished":"2016-11-29T13:16:12+00:00","dateModified":"2021-11-03T17:04:43+00:00","breadcrumb":{"@id":"https:\/\/grupo.us.es\/conditiofeminae\/#breadcrumb"},"inLanguage":"es","potentialAction":[{"@type":"ReadAction","target":["https:\/\/grupo.us.es\/conditiofeminae\/"]}]},{"@type":"BreadcrumbList","@id":"https:\/\/grupo.us.es\/conditiofeminae\/#breadcrumb","itemListElement":[{"@type":"ListItem","position":1,"name":"Portada","item":"https:\/\/grupo.us.es\/conditiofeminae\/"},{"@type":"ListItem","position":2,"name":"PRESENTACI\u00d3N"}]}]}},"_links":{"self":[{"href":"https:\/\/grupo.us.es\/conditiofeminae\/index.php\/wp-json\/wp\/v2\/pages\/2"}],"collection":[{"href":"https:\/\/grupo.us.es\/conditiofeminae\/index.php\/wp-json\/wp\/v2\/pages"}],"about":[{"href":"https:\/\/grupo.us.es\/conditiofeminae\/index.php\/wp-json\/wp\/v2\/types\/page"}],"author":[{"embeddable":true,"href":"https:\/\/grupo.us.es\/conditiofeminae\/index.php\/wp-json\/wp\/v2\/users\/3"}],"replies":[{"embeddable":true,"href":"https:\/\/grupo.us.es\/conditiofeminae\/index.php\/wp-json\/wp\/v2\/comments?post=2"}],"version-history":[{"count":0,"href":"https:\/\/grupo.us.es\/conditiofeminae\/index.php\/wp-json\/wp\/v2\/pages\/2\/revisions"}],"wp:attachment":[{"href":"https:\/\/grupo.us.es\/conditiofeminae\/index.php\/wp-json\/wp\/v2\/media?parent=2"}],"curies":[{"name":"wp","href":"https:\/\/api.w.org\/{rel}","templated":true}]}}