{"id":38,"date":"2022-04-01T09:09:42","date_gmt":"2022-04-01T09:09:42","guid":{"rendered":"http:\/\/grupo.us.es\/cihaa\/?page_id=38"},"modified":"2025-01-24T18:11:13","modified_gmt":"2025-01-24T18:11:13","slug":"contacto","status":"publish","type":"page","link":"https:\/\/grupo.us.es\/cihaa\/contacto\/","title":{"rendered":"CONTACTO"},"content":{"rendered":"\n<p><strong>Direcci\u00f3n<\/strong>:<\/p>\n\n\n\n<p>Departamento de Historia del Arte de la Facultad de Geograf\u00eda e Historia<\/p>\n\n\n\n<p>Universidad de Sevilla, calle Do\u00f1a Mar\u00eda de Padilla s\/n. D.P 41004<\/p>\n\n\n\n<p><strong>Correo electr\u00f3nico del Investigador Responsable del Grupo<\/strong><\/p>\n\n\n\n<p><a href=\"mailto:cruzisidoro@us.es\">cruzisidoro@us.es<\/a><\/p>\n\n\n\n<p><\/p>\n\n\n\n<p><strong>Instagram: <\/strong><\/p>\n\n\n\n<p>grupohum171<\/p>\n\n\n\n<p><\/p>\n","protected":false},"excerpt":{"rendered":"<p>Direcci\u00f3n: Departamento de Historia del Arte de la Facultad de Geograf\u00eda e Historia Universidad de Sevilla, calle Do\u00f1a Mar\u00eda de Padilla s\/n. D.P 41004 Correo electr\u00f3nico del Investigador Responsable del Grupo cruzisidoro@us.es Instagram: grupohum171<\/p>\n","protected":false},"author":1,"featured_media":0,"parent":0,"menu_order":0,"comment_status":"closed","ping_status":"closed","template":"","meta":{"footnotes":""},"class_list":["post-38","page","type-page","status-publish","hentry"],"_links":{"self":[{"href":"https:\/\/grupo.us.es\/cihaa\/wp-json\/wp\/v2\/pages\/38","targetHints":{"allow":["GET"]}}],"collection":[{"href":"https:\/\/grupo.us.es\/cihaa\/wp-json\/wp\/v2\/pages"}],"about":[{"href":"https:\/\/grupo.us.es\/cihaa\/wp-json\/wp\/v2\/types\/page"}],"author":[{"embeddable":true,"href":"https:\/\/grupo.us.es\/cihaa\/wp-json\/wp\/v2\/users\/1"}],"replies":[{"embeddable":true,"href":"https:\/\/grupo.us.es\/cihaa\/wp-json\/wp\/v2\/comments?post=38"}],"version-history":[{"count":2,"href":"https:\/\/grupo.us.es\/cihaa\/wp-json\/wp\/v2\/pages\/38\/revisions"}],"predecessor-version":[{"id":285,"href":"https:\/\/grupo.us.es\/cihaa\/wp-json\/wp\/v2\/pages\/38\/revisions\/285"}],"wp:attachment":[{"href":"https:\/\/grupo.us.es\/cihaa\/wp-json\/wp\/v2\/media?parent=38"}],"curies":[{"name":"wp","href":"https:\/\/api.w.org\/{rel}","templated":true}]}}