{"id":34,"date":"2022-04-01T09:08:44","date_gmt":"2022-04-01T09:08:44","guid":{"rendered":"http:\/\/grupo.us.es\/cihaa\/?page_id=34"},"modified":"2026-03-10T16:55:04","modified_gmt":"2026-03-10T16:55:04","slug":"publicaciones","status":"publish","type":"page","link":"https:\/\/grupo.us.es\/cihaa\/publicaciones\/","title":{"rendered":"PUBLICACIONES"},"content":{"rendered":"\n<p>1. El grupo HUM171, ha editado su primer libro: Fernando Cruz Isidoro (ed.)(2021):<em> HUM-171 CIHAPA. NUEVAS INVESTIGACIONES 2021. <\/em>Lo componen 14 cap\u00edtulos.<\/p>\n\n\n\n<p><a href=\"https:\/\/grupo.us.es\/cihaa\/wp-content\/uploads\/2022\/04\/libro-port.prot_compressed.pdf\">Libro completo para descargar<\/a><\/p>\n\n\n\n<p>2. El grupo HUM171, ha editado su segundo libro: Fernando Cruz Isidoro (ed.) (2022), <em>HUM-171. SEMINARIO HUM-171 CIHAPA. NUEVAS INVESTIGACIONES 2022.<\/em><\/p>\n\n\n\n<p><a href=\"https:\/\/idus.us.es\/handle\/11441\/133892\">Libro completo para descargar<\/a><\/p>\n\n\n\n<p>3. Tercer libro del Grupo HUM-171: Fernando Cruz Isidoro (coord.) (2025): <em>Nuevas investigaciones sobre patrimonio art\u00edstico en Andaluc\u00eda. Identidad, conocimiento y difusi\u00f3n <\/em>(Colecci\u00f3n Abierta, n.\u00ba 60). Sevilla: Editorial Universidad de Sevilla. eISBN: 978-84-472-2772-3; DOI: 10.12795\/9788447227723, 320 pp.<\/p>\n\n\n\n<p>Libro completo para descargar: <\/p>\n\n\n\n<p><a href=\"https:\/\/dx.doi.org\/10.12795\/9788447227723\">https:\/\/dx.doi.org\/10.12795\/9788447227723<\/a><\/p>\n\n\n\n<p>4. La revista Accadere, de la ULL, dedica por completo el n\u00famero 10 (2025) al Grupo HUM.171, tras pasar sus componentes la preceptiva revisi\u00f3n por pares.<\/p>\n\n\n\n<p>N\u00famero completo de la revista para descargar:<\/p>\n\n\n\n<p><a href=\"https:\/\/www.ull.es\/revistas\/index.php\/accadere\/issue\/view\/334\/302\">https:\/\/www.ull.es\/revistas\/index.php\/accadere\/issue\/view\/334\/302<\/a><\/p>\n\n\n\n<div style=\"height:100px\" aria-hidden=\"true\" class=\"wp-block-spacer\"><\/div>\n\n\n\n<hr class=\"wp-block-separator has-alpha-channel-opacity\"\/>\n\n\n\n<p>5. V\u00eddeo sobre la Flota de Indias y las relaciones art\u00edsticas Hispano-americanas y Orientales realizado por Benito Rodr\u00edguez Arbeteta.<\/p>\n\n\n\n<figure class=\"wp-block-embed is-type-video is-provider-youtube wp-block-embed-youtube wp-embed-aspect-16-9 wp-has-aspect-ratio\"><div class=\"wp-block-embed__wrapper\">\n<iframe loading=\"lazy\" title=\"La Flota de Indias\" width=\"500\" height=\"281\" src=\"https:\/\/www.youtube.com\/embed\/BRUB6CAV6LM?feature=oembed\" frameborder=\"0\" allow=\"accelerometer; autoplay; clipboard-write; encrypted-media; gyroscope; picture-in-picture; web-share\" referrerpolicy=\"strict-origin-when-cross-origin\" allowfullscreen><\/iframe>\n<\/div><\/figure>\n\n\n\n<hr class=\"wp-block-separator has-alpha-channel-opacity\"\/>\n\n\n\n<p><\/p>\n","protected":false},"excerpt":{"rendered":"<p>1. El grupo HUM171, ha editado su primer libro: Fernando Cruz Isidoro (ed.)(2021): HUM-171 CIHAPA. NUEVAS INVESTIGACIONES 2021. Lo componen 14 cap\u00edtulos. Libro completo para descargar 2. El grupo HUM171, ha editado su segundo libro: Fernando Cruz Isidoro (ed.) (2022), HUM-171. SEMINARIO HUM-171 CIHAPA. NUEVAS INVESTIGACIONES 2022. Libro completo para descargar 3. Tercer libro del [&hellip;]<\/p>\n","protected":false},"author":1,"featured_media":0,"parent":0,"menu_order":0,"comment_status":"closed","ping_status":"closed","template":"","meta":{"footnotes":""},"class_list":["post-34","page","type-page","status-publish","hentry"],"_links":{"self":[{"href":"https:\/\/grupo.us.es\/cihaa\/wp-json\/wp\/v2\/pages\/34","targetHints":{"allow":["GET"]}}],"collection":[{"href":"https:\/\/grupo.us.es\/cihaa\/wp-json\/wp\/v2\/pages"}],"about":[{"href":"https:\/\/grupo.us.es\/cihaa\/wp-json\/wp\/v2\/types\/page"}],"author":[{"embeddable":true,"href":"https:\/\/grupo.us.es\/cihaa\/wp-json\/wp\/v2\/users\/1"}],"replies":[{"embeddable":true,"href":"https:\/\/grupo.us.es\/cihaa\/wp-json\/wp\/v2\/comments?post=34"}],"version-history":[{"count":11,"href":"https:\/\/grupo.us.es\/cihaa\/wp-json\/wp\/v2\/pages\/34\/revisions"}],"predecessor-version":[{"id":357,"href":"https:\/\/grupo.us.es\/cihaa\/wp-json\/wp\/v2\/pages\/34\/revisions\/357"}],"wp:attachment":[{"href":"https:\/\/grupo.us.es\/cihaa\/wp-json\/wp\/v2\/media?parent=34"}],"curies":[{"name":"wp","href":"https:\/\/api.w.org\/{rel}","templated":true}]}}