{"id":32,"date":"2022-04-01T09:07:51","date_gmt":"2022-04-01T09:07:51","guid":{"rendered":"http:\/\/grupo.us.es\/cihaa\/?page_id=32"},"modified":"2025-12-10T12:09:37","modified_gmt":"2025-12-10T12:09:37","slug":"doctorandos","status":"publish","type":"page","link":"https:\/\/grupo.us.es\/cihaa\/doctorandos\/","title":{"rendered":"DOCTORANDOS"},"content":{"rendered":"\n<p><\/p>\n\n\n\n<p>Miguel Cerquera Hurtado<\/p>\n\n\n\n<p>Juan Miguel Dom\u00ednguez Seda<\/p>\n\n\n\n<p>Esperanza Se\u00f1as Dom\u00ednguez<\/p>\n\n\n\n<p>Manuel Andr\u00e9s Alpresa Le\u00f3n<\/p>\n\n\n\n<p><\/p>\n\n\n\n<p><\/p>\n\n\n\n<p><\/p>\n","protected":false},"excerpt":{"rendered":"<p>Miguel Cerquera Hurtado Juan Miguel Dom\u00ednguez Seda Esperanza Se\u00f1as Dom\u00ednguez Manuel Andr\u00e9s Alpresa Le\u00f3n<\/p>\n","protected":false},"author":1,"featured_media":0,"parent":0,"menu_order":0,"comment_status":"closed","ping_status":"closed","template":"","meta":{"footnotes":""},"class_list":["post-32","page","type-page","status-publish","hentry"],"_links":{"self":[{"href":"https:\/\/grupo.us.es\/cihaa\/wp-json\/wp\/v2\/pages\/32","targetHints":{"allow":["GET"]}}],"collection":[{"href":"https:\/\/grupo.us.es\/cihaa\/wp-json\/wp\/v2\/pages"}],"about":[{"href":"https:\/\/grupo.us.es\/cihaa\/wp-json\/wp\/v2\/types\/page"}],"author":[{"embeddable":true,"href":"https:\/\/grupo.us.es\/cihaa\/wp-json\/wp\/v2\/users\/1"}],"replies":[{"embeddable":true,"href":"https:\/\/grupo.us.es\/cihaa\/wp-json\/wp\/v2\/comments?post=32"}],"version-history":[{"count":6,"href":"https:\/\/grupo.us.es\/cihaa\/wp-json\/wp\/v2\/pages\/32\/revisions"}],"predecessor-version":[{"id":307,"href":"https:\/\/grupo.us.es\/cihaa\/wp-json\/wp\/v2\/pages\/32\/revisions\/307"}],"wp:attachment":[{"href":"https:\/\/grupo.us.es\/cihaa\/wp-json\/wp\/v2\/media?parent=32"}],"curies":[{"name":"wp","href":"https:\/\/api.w.org\/{rel}","templated":true}]}}