{"id":27,"date":"2022-04-01T08:59:18","date_gmt":"2022-04-01T08:59:18","guid":{"rendered":"http:\/\/grupo.us.es\/cihaa\/?page_id=27"},"modified":"2024-07-13T06:54:28","modified_gmt":"2024-07-13T06:54:28","slug":"lineas-de-investigacion","status":"publish","type":"page","link":"https:\/\/grupo.us.es\/cihaa\/lineas-de-investigacion\/","title":{"rendered":"LINEAS DE INVESTIGACI\u00d3N"},"content":{"rendered":"\n<p>L\u00cdNEA PRINCIPAL: <em>Historia de la arquitectura de Andaluc\u00eda (tipolog\u00edas, motivos de ornato, biograf\u00edas y cat\u00e1logos profesionales)<\/em><\/p>\n\n\n\n<p><em>L\u00cdNEAS SECUNDARIAS: Patrimonio art\u00edstico andaluz e hispanoamericano (patronazgo art\u00edstico nobiliario; historia y patrimonio art\u00edstico de Hermandades y cofrad\u00edas; miniaturas renacentista y barroca, pintura moderna y contempor\u00e1nea; iconograf\u00eda e iconolog\u00eda; dise\u00f1o arquitect\u00f3nico en la plater\u00eda religiosa; joyer\u00eda y plater\u00eda; museograf\u00eda; arqueolog\u00eda; perspectiva de g\u00e9nero).<\/em><\/p>\n","protected":false},"excerpt":{"rendered":"<p>L\u00cdNEA PRINCIPAL: Historia de la arquitectura de Andaluc\u00eda (tipolog\u00edas, motivos de ornato, biograf\u00edas y cat\u00e1logos profesionales) L\u00cdNEAS SECUNDARIAS: Patrimonio art\u00edstico andaluz e hispanoamericano (patronazgo art\u00edstico nobiliario; historia y patrimonio art\u00edstico de Hermandades y cofrad\u00edas; miniaturas renacentista y barroca, pintura moderna y contempor\u00e1nea; iconograf\u00eda e iconolog\u00eda; dise\u00f1o arquitect\u00f3nico en la plater\u00eda religiosa; joyer\u00eda y plater\u00eda; museograf\u00eda; [&hellip;]<\/p>\n","protected":false},"author":1,"featured_media":0,"parent":0,"menu_order":0,"comment_status":"closed","ping_status":"closed","template":"","meta":{"footnotes":""},"class_list":["post-27","page","type-page","status-publish","hentry"],"_links":{"self":[{"href":"https:\/\/grupo.us.es\/cihaa\/wp-json\/wp\/v2\/pages\/27","targetHints":{"allow":["GET"]}}],"collection":[{"href":"https:\/\/grupo.us.es\/cihaa\/wp-json\/wp\/v2\/pages"}],"about":[{"href":"https:\/\/grupo.us.es\/cihaa\/wp-json\/wp\/v2\/types\/page"}],"author":[{"embeddable":true,"href":"https:\/\/grupo.us.es\/cihaa\/wp-json\/wp\/v2\/users\/1"}],"replies":[{"embeddable":true,"href":"https:\/\/grupo.us.es\/cihaa\/wp-json\/wp\/v2\/comments?post=27"}],"version-history":[{"count":5,"href":"https:\/\/grupo.us.es\/cihaa\/wp-json\/wp\/v2\/pages\/27\/revisions"}],"predecessor-version":[{"id":263,"href":"https:\/\/grupo.us.es\/cihaa\/wp-json\/wp\/v2\/pages\/27\/revisions\/263"}],"wp:attachment":[{"href":"https:\/\/grupo.us.es\/cihaa\/wp-json\/wp\/v2\/media?parent=27"}],"curies":[{"name":"wp","href":"https:\/\/api.w.org\/{rel}","templated":true}]}}