{"id":2268,"date":"2023-08-15T16:30:33","date_gmt":"2023-08-15T16:30:33","guid":{"rendered":"https:\/\/grupo.us.es\/catana\/\/?page_id=2268"},"modified":"2024-10-17T14:17:31","modified_gmt":"2024-10-17T14:17:31","slug":"luis-antonio-martinez-carrascosa","status":"publish","type":"page","link":"https:\/\/grupo.us.es\/catana\/index.php\/luis-antonio-martinez-carrascosa\/","title":{"rendered":"Luis Antonio Mart\u00ednez Carrascosa"},"content":{"rendered":"<p>[et_pb_section fb_built=\u00bb1&#8243; _builder_version=\u00bb4.21.0&#8243; _module_preset=\u00bbdefault\u00bb background_color=\u00bb#3C3C3C\u00bb background_image=\u00bbhttps:\/\/grupo.us.es\/catana\/\/wp-content\/uploads\/2023\/08\/CatalSciTech-Cover-1.png\u00bb background_size=\u00bbcustom\u00bb background_image_width=\u00bb50%\u00bb background_position=\u00bbcenter_right\u00bb background_horizontal_offset=\u00bb0%\u00bb background_blend=\u00bbluminosity\u00bb background_enable_mask_style=\u00bbon\u00bb background_mask_style=\u00bbdiagonal-bars\u00bb background_mask_color=\u00bb#3C3C3C\u00bb background_mask_size=\u00bbcover\u00bb background_enable_image_tablet=\u00bboff\u00bb background_enable_mask_style_tablet=\u00bboff\u00bb box_shadow_style=\u00bbpreset3&#8243; locked=\u00bboff\u00bb global_colors_info=\u00bb{}\u00bb][et_pb_row use_custom_gutter=\u00bbon\u00bb gutter_width=\u00bb1&#8243; _builder_version=\u00bb4.21.0&#8243; _module_preset=\u00bbdefault\u00bb width_tablet=\u00bb\u00bb width_phone=\u00bb90%\u00bb width_last_edited=\u00bbon|phone\u00bb max_width_tablet=\u00bb\u00bb max_width_phone=\u00bb90%\u00bb max_width_last_edited=\u00bbon|phone\u00bb global_colors_info=\u00bb{}\u00bb][et_pb_column type=\u00bb4_4&#8243; _builder_version=\u00bb4.16&#8243; _module_preset=\u00bbdefault\u00bb global_colors_info=\u00bb{}\u00bb][et_pb_text content_tablet=\u00bb<\/p>\n<p align=%22justify%22 style=%22text-align: left;%22><span lang=%22en-GB%22>Luis Antonio MartInez Carrascosa<\/span><\/p>\n<p>\u00bb content_phone=\u00bb<\/p>\n<p align=%22justify%22 style=%22text-align: left;%22><span lang=%22en-GB%22>Luis Antonio<\/span><\/p>\n<p align=%22justify%22 style=%22text-align: left;%22><span lang=%22en-GB%22>Martinez Carrascosa<\/span><\/p>\n<p>\u00bb content_last_edited=\u00bbon|phone\u00bb _builder_version=\u00bb4.21.0&#8243; _module_preset=\u00bbdefault\u00bb text_font=\u00bb|||on|||||\u00bb text_text_color=\u00bb#FFFFFF\u00bb text_font_size=\u00bb30px\u00bb text_letter_spacing=\u00bb3px\u00bb text_line_height=\u00bb0.8em\u00bb custom_margin=\u00bb0px|0px|0px|0px|true|true\u00bb text_font_size_tablet=\u00bb20px\u00bb text_font_size_phone=\u00bb15px\u00bb text_font_size_last_edited=\u00bbon|phone\u00bb custom_css_main_element=\u00bbfont-family: %22Good bye lullaby%22;\u00bb text_text_shadow_style=\u00bbpreset2&#8243; locked=\u00bboff\u00bb global_colors_info=\u00bb{}\u00bb]<\/p>\n<p align=\"justify\" style=\"text-align: left;\"><span lang=\"en-GB\">Luis Antonio MartInez Carrascosa<\/span><\/p>\n<p>[\/et_pb_text][et_pb_text content_tablet=\u00bb<\/p>\n<p><a href=%22https:\/\/grupo.us.es\/catana\/\/%22>Inicio<\/a> <svg xmlns=%22http:\/\/www.w3.org\/2000\/svg%22 viewbox=%22-11 -2 30 17%22 width=%2215%22 fill=%22currentColor%22><path d=%22M5.314 7.071l-4.95-4.95A1 1 0 0 1 1.778.707l5.657 5.657a1 1 0 0 1 0 1.414l-5.657 5.657a1 1 0 0 1-1.414-1.414l4.95-4.95z%22><\/path><\/svg> The Group<span lang=%22en-US%22> <svg xmlns=%22http:\/\/www.w3.org\/2000\/svg%22 viewbox=%22-11 -2 30 17%22 width=%2215%22 fill=%22currentColor%22><path d=%22M5.314 7.071l-4.95-4.95A1 1 0 0 1 1.778.707l5.657 5.657a1 1 0 0 1 0 1.414l-5.657 5.657a1 1 0 0 1-1.414-1.414l4.95-4.95z%22><\/path><\/svg> Postdoctoral Researchers <svg xmlns=%22http:\/\/www.w3.org\/2000\/svg%22 viewbox=%22-11 -2 30 17%22 width=%2215%22 fill=%22currentColor%22><path d=%22M5.314 7.071l-4.95-4.95A1 1 0 0 1 1.778.707l5.657 5.657a1 1 0 0 1 0 1.414l-5.657 5.657a1 1 0 0 1-1.414-1.414l4.95-4.95z%22><\/path><\/svg> Luis Antonio Mart\u00ednez Carrascosa<\/span><\/p>\n<p>\u00bb content_phone=\u00bb<\/p>\n<p><a href=%22https:\/\/grupo.us.es\/catana\/\/%22>Inicio<\/a> <svg xmlns=%22http:\/\/www.w3.org\/2000\/svg%22 viewbox=%22-11 -2 30 17%22 width=%2215%22 fill=%22currentColor%22><path d=%22M5.314 7.071l-4.95-4.95A1 1 0 0 1 1.778.707l5.657 5.657a1 1 0 0 1 0 1.414l-5.657 5.657a1 1 0 0 1-1.414-1.414l4.95-4.95z%22><\/path><\/svg> The Group<span lang=%22en-US%22> <svg xmlns=%22http:\/\/www.w3.org\/2000\/svg%22 viewbox=%22-11 -2 30 17%22 width=%2215%22 fill=%22currentColor%22><path d=%22M5.314 7.071l-4.95-4.95A1 1 0 0 1 1.778.707l5.657 5.657a1 1 0 0 1 0 1.414l-5.657 5.657a1 1 0 0 1-1.414-1.414l4.95-4.95z%22><\/path><\/svg> <\/span><\/p>\n<p><span lang=%22en-US%22>Postdoctoral Researchers <svg xmlns=%22http:\/\/www.w3.org\/2000\/svg%22 viewbox=%22-11 -2 30 17%22 width=%2215%22 fill=%22currentColor%22><path d=%22M5.314 7.071l-4.95-4.95A1 1 0 0 1 1.778.707l5.657 5.657a1 1 0 0 1 0 1.414l-5.657 5.657a1 1 0 0 1-1.414-1.414l4.95-4.95z%22><\/path><\/svg> <\/span><\/p>\n<p><span lang=%22en-US%22>Luis Antonio Mart\u00ednez Carrascosa<\/span><\/p>\n<p>\u00bb content_last_edited=\u00bbon|phone\u00bb disabled_on=\u00bbon|off|off\u00bb _builder_version=\u00bb4.21.0&#8243; _module_preset=\u00bbdefault\u00bb text_font=\u00bb|600|||||||\u00bb text_text_color=\u00bb#FFFFFF\u00bb text_font_size=\u00bb13px\u00bb text_line_height=\u00bb0.8em\u00bb link_text_color=\u00bb#FFFFFF\u00bb custom_padding=\u00bb15px||||false|false\u00bb text_font_size_tablet=\u00bb11.5px\u00bb text_font_size_phone=\u00bb8px\u00bb text_font_size_last_edited=\u00bbon|tablet\u00bb locked=\u00bboff\u00bb global_colors_info=\u00bb{}\u00bb]<\/p>\n<p><a href=\"https:\/\/grupo.us.es\/catana\/\/\">Inicio<\/a>\u00a0<svg xmlns=\"http:\/\/www.w3.org\/2000\/svg\" viewbox=\"-11 -2 30 17\" width=\"15\" fill=\"currentColor\"><path d=\"M5.314 7.071l-4.95-4.95A1 1 0 0 1 1.778.707l5.657 5.657a1 1 0 0 1 0 1.414l-5.657 5.657a1 1 0 0 1-1.414-1.414l4.95-4.95z\"><\/path><\/svg> The Group<span lang=\"en-US\">\u00a0<svg xmlns=\"http:\/\/www.w3.org\/2000\/svg\" viewbox=\"-11 -2 30 17\" width=\"15\" fill=\"currentColor\"><path d=\"M5.314 7.071l-4.95-4.95A1 1 0 0 1 1.778.707l5.657 5.657a1 1 0 0 1 0 1.414l-5.657 5.657a1 1 0 0 1-1.414-1.414l4.95-4.95z\"><\/path><\/svg> Postdoctoral Researchers\u00a0<svg xmlns=\"http:\/\/www.w3.org\/2000\/svg\" viewbox=\"-11 -2 30 17\" width=\"15\" fill=\"currentColor\"><path d=\"M5.314 7.071l-4.95-4.95A1 1 0 0 1 1.778.707l5.657 5.657a1 1 0 0 1 0 1.414l-5.657 5.657a1 1 0 0 1-1.414-1.414l4.95-4.95z\"><\/path><\/svg> Luis Antonio Mart\u00ednez Carrascosa<\/span><\/p>\n<p>[\/et_pb_text][\/et_pb_column][\/et_pb_row][\/et_pb_section][et_pb_section fb_built=\u00bb1&#8243; use_custom_gutter=\u00bbon\u00bb gutter_width=\u00bb1&#8243; specialty=\u00bbon\u00bb _builder_version=\u00bb4.21.0&#8243; _module_preset=\u00bbdefault\u00bb inner_width=\u00bb90%\u00bb inner_width_tablet=\u00bb70%\u00bb inner_width_phone=\u00bb\u00bb inner_width_last_edited=\u00bbon|phone\u00bb inner_max_width=\u00bb100%\u00bb locked=\u00bboff\u00bb global_colors_info=\u00bb{}\u00bb][et_pb_column type=\u00bb1_3&#8243; _builder_version=\u00bb4.16&#8243; custom_padding=\u00bb|||\u00bb global_colors_info=\u00bb{}\u00bb custom_padding__hover=\u00bb|||\u00bb][et_pb_image src=\u00bbhttps:\/\/grupo.us.es\/catana\/\/wp-content\/uploads\/2023\/08\/Luis-Antonio-Martinez-Carrascosa.png\u00bb title_text=\u00bbLuis-Antonio-Mart\u00ednez-Carrascosa\u00bb align=\u00bbcenter\u00bb _builder_version=\u00bb4.21.0&#8243; _module_preset=\u00bbdefault\u00bb width=\u00bb210px\u00bb module_alignment=\u00bbcenter\u00bb height=\u00bb200px\u00bb animation_style=\u00bbfade\u00bb border_radii=\u00bbon|1000px|1000px|1000px|1000px\u00bb border_width_all=\u00bb8px\u00bb border_color_all=\u00bb#3C3C3C\u00bb global_colors_info=\u00bb{}\u00bb][\/et_pb_image][et_pb_text _builder_version=\u00bb4.21.0&#8243; _module_preset=\u00bbdefault\u00bb text_font=\u00bb|700|||||||\u00bb text_text_color=\u00bb#3C3C3C\u00bb text_font_size=\u00bb24px\u00bb text_line_height=\u00bb1.5em\u00bb text_orientation=\u00bbcenter\u00bb custom_margin=\u00bb20px||||false|false\u00bb animation_style=\u00bbfade\u00bb custom_css_main_element=\u00bbfont-family: %22Good bye lullaby%22;\u00bb global_colors_info=\u00bb{}\u00bb]<\/p>\n<p align=\"justify\" style=\"text-align: center;\"><span lang=\"en-GB\">Luis Antonio Martinez Carrascosa<\/span><\/p>\n<p>[\/et_pb_text][et_pb_text _builder_version=\u00bb4.21.0&#8243; _module_preset=\u00bbdefault\u00bb text_font=\u00bb|700|||||||\u00bb text_text_color=\u00bb#FFFFFF\u00bb text_font_size=\u00bb16px\u00bb text_line_height=\u00bb1.5em\u00bb background_color=\u00bb#3C3C3C\u00bb text_orientation=\u00bbcenter\u00bb width=\u00bb70%\u00bb max_width=\u00bb70%\u00bb module_alignment=\u00bbcenter\u00bb custom_margin=\u00bb5px||||false|false\u00bb animation_style=\u00bbfade\u00bb border_radii=\u00bbon|15px|15px|15px|15px\u00bb border_width_all=\u00bb10px\u00bb border_color_all=\u00bb#3C3C3C\u00bb global_colors_info=\u00bb{}\u00bb]<\/p>\n<p align=\"justify\" style=\"text-align: center;\"><span lang=\"en-GB\"><b>Scopus identifier: <\/b><\/span><span lang=\"en-GB\">57150937800<\/span><\/p>\n<p>[\/et_pb_text][\/et_pb_column][et_pb_column type=\u00bb2_3&#8243; specialty_columns=\u00bb2&#8243; _builder_version=\u00bb4.16&#8243; custom_padding=\u00bb|||\u00bb global_colors_info=\u00bb{}\u00bb custom_padding__hover=\u00bb|||\u00bb][et_pb_row_inner _builder_version=\u00bb4.16&#8243; _module_preset=\u00bbdefault\u00bb custom_margin=\u00bb||||false|false\u00bb custom_margin_tablet=\u00bb30px||||false|false\u00bb custom_margin_phone=\u00bb\u00bb custom_margin_last_edited=\u00bbon|phone\u00bb global_colors_info=\u00bb{}\u00bb][et_pb_column_inner saved_specialty_column_type=\u00bb2_3&#8243; _builder_version=\u00bb4.16&#8243; _module_preset=\u00bbdefault\u00bb global_colors_info=\u00bb{}\u00bb][et_pb_text _builder_version=\u00bb4.21.0&#8243; _module_preset=\u00bbdefault\u00bb text_orientation=\u00bbjustified\u00bb custom_margin=\u00bb10px|50px||50px|false|true\u00bb custom_margin_tablet=\u00bb|-70px||-70px|false|true\u00bb custom_margin_phone=\u00bb|-35px||-35px|false|true\u00bb custom_margin_last_edited=\u00bbon|tablet\u00bb custom_padding=\u00bb2px|30px||30px|false|false\u00bb animation_style=\u00bbfade\u00bb border_radii=\u00bbon|20px|20px|20px|20px\u00bb border_width_right=\u00bb5px\u00bb border_color_right=\u00bb#DADADA\u00bb border_width_left=\u00bb5px\u00bb border_color_left=\u00bb#DADADA\u00bb global_colors_info=\u00bb{}\u00bb]<\/p>\n<p>Dr. Luis Antonio Mart\u00ednez Carrascosa received his doctorate (2020) in Nanoscience and Nanotechnology from the University of C\u00e1diz, under the supervision of Prof. Mar\u00eda Jes\u00fas Mosquera, with the thesis entitled \u00abNew eco-sustainable building materials due to their superhydrophobic performance\u00bb, achieving the qualification of Cum laude. In addition, he poses a bachelor (2012) and a master\u2019s degree (2014) in Chemistry.<\/p>\n<p>From 2014 to 2020, he was a member of the Nanomaterials Researcher Group (TEP-243), belonging to the Physical-Chemistry Department of the University of C\u00e1diz, and headed by Professor Mar\u00eda J. Mosquera. During this period, he participated in 3 National Research Projects and 2 Research Agreements with private companies, all of them focused on the development of nanomaterials for the restoration and protection of building materials, being hired in three of them. This work gave rise to 11 papers published on high-impact indexed journals, an intention patent, 4 participations in International Conferences. After acquiring his doctorate, he was hired at the Science Materials Department of the University of C\u00e1diz, under the supervision of Professor Francisco Morales, in a Regional Project founded by European Union (FEDER).<\/p>\n<p>Currently, he is working at the IIQ \u2013 \u201cInstituto de Investigaciones Qu\u00edmicas\u201d (Seville, Spain) as a postdoctoral researcher in the \u201cCataNa\u201d group, headed by Dr. Luis M. Mart\u00ednez Prieto, focused on metal nanoparticles catalysis.<\/p>\n<p>[\/et_pb_text][\/et_pb_column_inner][\/et_pb_row_inner][\/et_pb_column][\/et_pb_section]<\/p>\n","protected":false},"excerpt":{"rendered":"<p>Luis Antonio MartInez CarrascosaInicio\u00a0 The Group\u00a0 Postdoctoral Researchers\u00a0 Luis Antonio Mart\u00ednez CarrascosaLuis Antonio Martinez CarrascosaScopus identifier: 57150937800Dr. Luis Antonio Mart\u00ednez Carrascosa received his doctorate (2020) in Nanoscience and Nanotechnology from the University of C\u00e1diz, under the supervision of Prof. Mar\u00eda Jes\u00fas Mosquera, with the thesis entitled \u00abNew eco-sustainable building materials due to their superhydrophobic performance\u00bb, [&hellip;]<\/p>\n","protected":false},"author":1,"featured_media":0,"parent":0,"menu_order":0,"comment_status":"closed","ping_status":"closed","template":"","meta":{"_et_pb_use_builder":"on","_et_pb_old_content":"","_et_gb_content_width":"","footnotes":""},"class_list":["post-2268","page","type-page","status-publish","hentry"],"_links":{"self":[{"href":"https:\/\/grupo.us.es\/catana\/index.php\/wp-json\/wp\/v2\/pages\/2268","targetHints":{"allow":["GET"]}}],"collection":[{"href":"https:\/\/grupo.us.es\/catana\/index.php\/wp-json\/wp\/v2\/pages"}],"about":[{"href":"https:\/\/grupo.us.es\/catana\/index.php\/wp-json\/wp\/v2\/types\/page"}],"author":[{"embeddable":true,"href":"https:\/\/grupo.us.es\/catana\/index.php\/wp-json\/wp\/v2\/users\/1"}],"replies":[{"embeddable":true,"href":"https:\/\/grupo.us.es\/catana\/index.php\/wp-json\/wp\/v2\/comments?post=2268"}],"version-history":[{"count":13,"href":"https:\/\/grupo.us.es\/catana\/index.php\/wp-json\/wp\/v2\/pages\/2268\/revisions"}],"predecessor-version":[{"id":2472,"href":"https:\/\/grupo.us.es\/catana\/index.php\/wp-json\/wp\/v2\/pages\/2268\/revisions\/2472"}],"wp:attachment":[{"href":"https:\/\/grupo.us.es\/catana\/index.php\/wp-json\/wp\/v2\/media?parent=2268"}],"curies":[{"name":"wp","href":"https:\/\/api.w.org\/{rel}","templated":true}]}}