{"id":17,"date":"2023-06-09T11:22:53","date_gmt":"2023-06-09T11:22:53","guid":{"rendered":"https:\/\/grupo.us.es\/catana\/\/?page_id=17"},"modified":"2024-03-06T10:04:10","modified_gmt":"2024-03-06T10:04:10","slug":"publications","status":"publish","type":"page","link":"https:\/\/grupo.us.es\/catana\/index.php\/publications\/","title":{"rendered":"PUBLICATIONS"},"content":{"rendered":"<p>[et_pb_section fb_built=\u00bb1&#8243; _builder_version=\u00bb4.21.0&#8243; _module_preset=\u00bbdefault\u00bb background_color=\u00bb#3C3C3C\u00bb background_image=\u00bbhttps:\/\/grupo.us.es\/catana\/\/wp-content\/uploads\/2023\/08\/CatalSciTech-Cover-1.png\u00bb background_size=\u00bbcustom\u00bb background_image_width=\u00bb50%\u00bb background_position=\u00bbcenter_right\u00bb background_horizontal_offset=\u00bb0%\u00bb background_blend=\u00bbluminosity\u00bb background_enable_mask_style=\u00bbon\u00bb background_mask_style=\u00bbdiagonal-bars\u00bb background_mask_color=\u00bb#3C3C3C\u00bb background_mask_size=\u00bbcover\u00bb background_enable_image_tablet=\u00bboff\u00bb background_enable_mask_style_tablet=\u00bboff\u00bb box_shadow_style=\u00bbpreset3&#8243; locked=\u00bboff\u00bb global_colors_info=\u00bb{}\u00bb][et_pb_row use_custom_gutter=\u00bbon\u00bb gutter_width=\u00bb1&#8243; _builder_version=\u00bb4.16&#8243; _module_preset=\u00bbdefault\u00bb width_tablet=\u00bb\u00bb width_phone=\u00bb90%\u00bb width_last_edited=\u00bbon|phone\u00bb max_width_tablet=\u00bb\u00bb max_width_phone=\u00bb90%\u00bb max_width_last_edited=\u00bbon|phone\u00bb global_colors_info=\u00bb{}\u00bb][et_pb_column type=\u00bb4_4&#8243; _builder_version=\u00bb4.16&#8243; _module_preset=\u00bbdefault\u00bb global_colors_info=\u00bb{}\u00bb][et_pb_text content_tablet=\u00bb<\/p>\n<p style=%22text-align: left;%22>Publications<\/p>\n<p>\u00bb content_phone=\u00bb<\/p>\n<p style=%22text-align: left;%22>Publications<\/p>\n<p>\u00bb content_last_edited=\u00bbon|tablet\u00bb _builder_version=\u00bb4.21.0&#8243; _module_preset=\u00bbdefault\u00bb text_font=\u00bb|||on|||||\u00bb text_text_color=\u00bb#FFFFFF\u00bb text_font_size=\u00bb30px\u00bb text_letter_spacing=\u00bb3px\u00bb text_line_height=\u00bb1.5em\u00bb custom_margin=\u00bb0px|0px|0px|0px|true|true\u00bb text_font_size_tablet=\u00bb30px\u00bb text_font_size_phone=\u00bb17px\u00bb text_font_size_last_edited=\u00bbon|phone\u00bb custom_css_main_element=\u00bbfont-family: %22Good bye lullaby%22;\u00bb text_text_shadow_style=\u00bbpreset2&#8243; locked=\u00bboff\u00bb global_colors_info=\u00bb{}\u00bb]<\/p>\n<p style=\"text-align: left;\">Publications<\/p>\n<p>[\/et_pb_text][et_pb_text disabled_on=\u00bbon|off|off\u00bb _builder_version=\u00bb4.21.0&#8243; _module_preset=\u00bbdefault\u00bb text_font=\u00bb|600|||||||\u00bb text_text_color=\u00bb#FFFFFF\u00bb text_font_size=\u00bb13px\u00bb link_text_color=\u00bb#FFFFFF\u00bb locked=\u00bboff\u00bb global_colors_info=\u00bb{}\u00bb]<\/p>\n<p><a href=\"https:\/\/grupo.us.es\/catana\/\/\">Inicio<\/a>\u00a0<svg xmlns=\"http:\/\/www.w3.org\/2000\/svg\" viewbox=\"-11 -2 30 17\" width=\"15\" fill=\"currentColor\"><path d=\"M5.314 7.071l-4.95-4.95A1 1 0 0 1 1.778.707l5.657 5.657a1 1 0 0 1 0 1.414l-5.657 5.657a1 1 0 0 1-1.414-1.414l4.95-4.95z\"><\/path><\/svg> Publications<\/p>\n<p>[\/et_pb_text][\/et_pb_column][\/et_pb_row][\/et_pb_section][et_pb_section fb_built=\u00bb1&#8243; _builder_version=\u00bb4.16&#8243; _module_preset=\u00bbdefault\u00bb global_colors_info=\u00bb{}\u00bb][et_pb_row _builder_version=\u00bb4.16&#8243; _module_preset=\u00bbdefault\u00bb global_colors_info=\u00bb{}\u00bb][et_pb_column type=\u00bb4_4&#8243; _builder_version=\u00bb4.16&#8243; _module_preset=\u00bbdefault\u00bb global_colors_info=\u00bb{}\u00bb][et_pb_text _builder_version=\u00bb4.21.0&#8243; _module_preset=\u00bbdefault\u00bb text_text_color=\u00bb#173042&#8243; text_font_size=\u00bb15px\u00bb text_orientation=\u00bbjustified\u00bb global_colors_info=\u00bb{}\u00bb]<\/p>\n<p>&#8211; Structural transformation of carbon-encapsulated core-shell CoNi nanoparticles during magnetically induced CO2 reduction into CO.\u00a0 C. Cerezo-Navarrete, I. Mustieles Marin, C. Marini, B. Chaudret,*<sup> <\/sup>\u00a0<u>Luis M. Mart\u00ednez-Prieto<\/u>*<sup>\u00a0<\/sup><em>Appl. Catal. B Envirom. Energ.<\/em> <strong>2024<\/strong>, 347, 123780.<\/p>\n<p>&#8211; A High Pressure Operando Spectroscopy Examination of Bimetal Interactions in \u2018Metal Efficient\u2019 Palladium\/In<sub>2<\/sub>O<sub>3<\/sub>\/Al2O<sub>3<\/sub> Catalysts for CO<sub>2<\/sub> Hydrogenation. M. E. Potter, S. Mediavilla Madrigal, E. Campbell, L. J. Allen, U. Vyas, S. Parry, A. Garc\u00eda-Zaragoza, <u>Luis M. Mart\u00ednez-Prieto<\/u>, P. O\u00f1a-Burgos, M. L\u00fctzen, C. D. Damsgaard, E. Rodr\u00edguez-Castell\u00f3n, N. Schiaroli, G. Fornasari, P. Benito, A. M. Beale*<sup> <\/sup><em>Angew. Chem. Int. Ed.<\/em> <strong>2023<\/strong>, <span class=\"vol\">62<\/span>, e202312645.<\/p>\n<p>&#8211; Boosting the catalytic performance of graphene-supported Pt nanoparticles via decorating with \u2013SnBun: an efficient approach for aqueous hydrogenation of biomass-derived compounds. A. Garc\u00eda-Zaragoza, C. Cerezo-Navarrete, P. O\u00f1a-Burgos, <u>Luis M. Mart\u00ednez-Prieto<\/u>*<sup> <\/sup><em>Nanoscale.<\/em> <strong>2023<\/strong>, <em>15, <\/em>12319-12332.<\/p>\n<p>&#8211; Ruthenium nanoparticles canopied by heptagon-containing saddle-shaped nanographenes as efficient aromatic hydrogenation catalysts. C. Cerezo-Navarrete, A. David, A. Garc\u00eda-Zaragoza, P. O\u00f1a-Burgos, I. del Rosal, R. Poteau, A. Campa\u00f1a, <u>Luis M. Mart\u00ednez-Prieto<\/u>*<sup> <\/sup><em>Chem. Sci.<\/em> <strong>2022<\/strong>, <em>13<\/em>, 13046-13059<\/p>\n<p>&#8211; Magnetically Induced Catalytic Reduction of Biomass-derived Oxygenated Compounds in Water. C. Cerezo-Navarrete, I. Mustieles, H. Garc\u00eda Miquel, A. Corma, B. Chaudret, <u>Luis M. Mart\u00ednez-Prieto<\/u>*<sup> <\/sup><em>ACS. <\/em><em>Catal.<\/em> <strong>2022<\/strong>, <em>12<\/em>, 8462. <em>Front<\/em> <em>cover<\/em><em>. <\/em><\/p>\n<p>&#8211; Tailoring graphene-supported Ru nanoparticles by functionalization with pyrene-tagged N-heterocyclic carbenes. A. Garc\u00eda-Zaragoza, C. Cerezo-Navarrete,<sup> <\/sup>A. Mollar-Cuni, P. O\u00f1a-Burgos, J. A. Mata, A. Corma, <u>L. M. Mart\u00ednez-Prieto<\/u>* <em>Catal Sci. <\/em><em>Tech.<\/em> <strong>2022<\/strong>, <em>12<\/em>, 1257-1270. <em>Featured in Emerging Investigator Series 2022. <\/em><\/p>\n<p>&#8211; Ru nanoparticles supported on alginate-derived graphene for the hydrogen evolution reaction. L. Mall\u00f3n, C. Cerezo-Navarrete, N. Romero, M. Puche,<sup> <\/sup>J. Garc\u00eda-Ant\u00f3n, R. Bofill,*<sup> <\/sup>K. Philippot,* <u>L. M. Mart\u00ednez-Prieto<\/u>,* X. Sala*<sup> <\/sup><em>New J. Chem. <\/em><strong>2022<\/strong>, <em>46<\/em>, 49. <em>Front<\/em> <em>cover<\/em><em>. Open Access<\/em>.<\/p>\n<p>&#8211; Metal Nanoparticle Catalysis. P.Lara,* <u>L. M. Mart\u00ednez-Prieto<\/u>,* <em>Catalysts <\/em><strong>2021<\/strong>, <em>11<\/em>, 1210. <em>Editorial.<\/em><\/p>\n<p>&#8211; Nucleophilic Nickel and Palladium pincer hydroxides: A study of their reactions with dimethyl carbonate and other non-alkylating organic electrophiles. <u>L. M. Mart\u00ednez-Prieto<\/u>, D. del Rio, E. \u00c1lvarez, P. Palma, J. C\u00e1mpora*<sup> <\/sup><em>Eur. J. Inorg. <\/em><em>Chem. <\/em><strong>2021<\/strong><em>, 29<\/em>, 2958. <em>Open Access<\/em>.<\/p>\n<p>&#8211; A combined theoretical\/experimental study highlighting the formation of carbides on Ru nanoparticles during CO hydrogenation. I.-T. Moraru,* <u>L. M. Mart\u00ednez-Prieto<\/u>,* Y. Coppel, B. Chaudret, L. Cusinato, I. del Rosal, R. Poteau*<sup> <\/sup><em>Nanoscale.<\/em> <strong>2021<\/strong>, <em>13<\/em>, 6902.<\/p>\n<p>&#8211; Heterolytic Cleavage of Dihydrogen (HCD) in Metal Nanoparticle Catalysis. I. Cano,* <u>L. M. Mart\u00ednez-Prieto<\/u>,* P. W. N. M. van Leeuwen, <em>Perspectives Catal Sci. <\/em><em>Tech.<\/em> <strong>2021<\/strong>, <em>11<\/em>, 1157.<\/p>\n<p>&#8211; Controlling the Selectivity of Bimetallic Platinum-Ruthenium Nanoparticles Supported on N-Doped Graphene by Adjusting their Metal Composition. C. Cerezo, Y. Mathieu, M. Puche, C. Morales, P. Concepci\u00f3n, <u>L. M. Mart\u00ednez-Prieto,<\/u>* A. Corma, <em>Catal Sci. <\/em><em>Tech.<\/em> <strong>2021<\/strong>, <em>11<\/em>, 494. <em>Inside front<\/em> <em>cover<\/em><em>. Open Access<\/em>.<\/p>\n<p>&#8211; Organometallic Nanoparticles Ligated by NHCs: Synthesis, Surface Chemistry and Ligand Effects. C. Cerezo-Navarrete, P.Lara,* <u>L. M. Mart\u00ednez-Prieto<\/u>,* <em>Catalysts <\/em><strong>2020<\/strong>, <em>10<\/em>, 1144.<\/p>\n<p>&#8211; Ultrastable Magnetic Nanoparticles Encapsulated in Carbon for Magnetically Induced Catalysis. <u>L. M. Mart\u00ednez-Prieto<\/u>, J. Marbaix,<sup> <\/sup>J. M. Asensio, C. Cerezo-Navarrete, P.-F. Fazzini,<sup> <\/sup>Katerina Soulantica,<sup> <\/sup>B. Chaudret,* A. Corma*<sup> <\/sup><em>ACS Appl. <\/em><em>NanoMat.<\/em> <strong>2020<\/strong>, <em>3<\/em>, 7076.<\/p>\n<p>&#8211; Nickel and Palladium Complexes with Reactive \u03c3-Metal-Oxygen Covalent Bonds. <u>L. M. Mart\u00ednez-Prieto<\/u>, J. C\u00e1mpora*<sup> <\/sup><em>Isr. J. Chem. <\/em><strong>2020<\/strong>, <em>60<\/em>, 373.<\/p>\n<p>&#8211; Novel Nickel Nanoparticles Stabilized by Imidazolium-Amidinate Ligands for Selective Hydrogenation of Alkynes. A. M. L\u00f3pez-Vinasco, <u>L. M. Mart\u00ednez-Prieto<\/u>,* J. M. Asensio, P. Lecante, B. Chaudret, J. C\u00e1mpora, P. W. N. M. van Leeuwen* <em>Catal Sci. <\/em><em>Tech.<\/em> <strong>2020<\/strong>, <em>10<\/em>, 342-350. <em>Featured as hot article (inside front cover)<\/em><em>. Open Access<\/em>.<\/p>\n<p>&#8211; Tuning the Catalytic Activity and Selectivity of Water-Soluble Bimetallic RuPt Nanoparticles by Modifying their Surface Metal Distribution. D. Bouzouita, G. Lippens, E. A. Baquero,<sup> <\/sup>P. F. Fazzini, G. Pieters,<sup> <\/sup>Y. Coppel, P. Lecante, S. Tricard,<sup>*<\/sup> <u>L. M. Mart\u00ednez-Prieto<\/u>,<sup>*<\/sup> B. Chaudret* <em>Nanoscale.<\/em> <strong>2019<\/strong>, <em>11<\/em>, 16544-16552.<\/p>\n<p>&#8211; Uniform Ru Nanoparticles on N-Doped Graphene for Selective Hydrogenation of Fatty Acids to Alcohols. <u>L. M. Mart\u00ednez-Prieto<\/u>,* M. Puche, C. Cerezo-Navarrete, B. Chaudret, <em>J. Catal.<\/em> <strong>2019<\/strong>, <em>377, 429. <\/em><\/p>\n<p>&#8211; Reactions of D<sub>2<\/sub> with 1,4-Bis(diphenylphosphino)butane stabilized Metal Nanoparticles \u2013 A combined gas-phase NMR, GC-MS and solid-state NMR Study. N. Rothermel, T. R\u00f6ther, T. Ayvali, <u>L.M. Mart\u00ednez-Prieto<\/u>, K. Philippot, H.-H. Limbach, B. Chaudret, T. Gutmann, G. Buntkowsky*<em> ChemCatChem<\/em> <strong>2019<\/strong>, <em>11<\/em>, 1465.<\/p>\n<p>&#8211; Monomeric Alkoxide and Alkylcarbonate Complexes of Nickel and Palladium Stabilized with the <sup>iPr<\/sup>PCP Pincer Ligand: A Model for the Catalytic Carboxylation of Alcohols to Alkyl Carbonates. <u>L. M. Mart\u00ednez-Prieto<\/u>, P. Palma, J. C\u00e1mpora* <em>Dalton Trans.<\/em> <strong>2019<\/strong>, <em>48<\/em>, 1351.<\/p>\n<p>&#8211; Ruthenium nanoparticles ligated by cholesterol-derived NHCs and their application in the hydrogenation of arenes. <u>L. M. Mart\u00ednez-Prieto<\/u>, L. Rakers, A. M. L\u00f3pez-Vinasco, K. Philippot, P. W. N. M. van Leeuwen, B. Chaudret,* F. Glorius* <em>Chem. Commun.<\/em> <strong>2018<\/strong>, <em>54<\/em>, 7070.<em> Highlighted in <\/em><em>ChemistryViews<\/em>.<\/p>\n<p>&#8211; Ruthenium-Catalyzed Hydrogen Isotope Exchange of C(sp3)-H Bonds Directed by a Sulfur Atom. L. Gao, S. Perato, S. Garcia-Argote, C. Taglang, <u>L. M. Mart\u00ednez-Prieto<\/u><sup> <\/sup>, C. Chollet, D.-A. Buisson, V. Dauvois, P. Lesot, B. Chaudret, B. Rousseau, S. Feuillastre, G. Pieters* <em>Chem. Commun.<\/em> <strong>2018<\/strong>, <em>54<\/em>, 2986.<\/p>\n<p>&#8211; Organometallic Ru Nanoparticles: Synthesis, Surface Chemistry and Insights into Ligand Coordination. <u>L. M. Mart\u00ednez-Prieto<\/u>, B. Chaudret* <em>Acc. Chem. Res. <\/em><strong>2018<\/strong>, <em>51<\/em>, 376-384.<\/p>\n<p>&#8211; An Iridium\u2013SPO Complex as Bifunctional Catalyst for the Highly Selective Hydrogenation of Aldehydes. I. Cano,* <u>L. M. Mart\u00ednez-Prieto<\/u>, L. Vendier, P. W. N. M. van Leeuwen* <em>Catal. <\/em><em>Sci. &amp; Tech. <\/em><strong>2018<\/strong>, <em>8<\/em>, 221.<\/p>\n<p>&#8211; Nickel Pincer Complexes with Frequent Aliphatic Alkoxo Ligands [(<sup>iPr<\/sup>PCP)Ni-OR] (R = Et, <em>n<\/em>-Bu, <em>i<\/em>-Pr, 2-hydroxyethyl).\u00a0 An Assessment of the Hydrolytic Stability of Nickel and Palladium Alkoxides. <u>L. M. Mart\u00ednez-Prieto<\/u>, P. Palma, E. Alvarez, J. C\u00e1mpora* <em>Inor. <\/em><em>Chem. <\/em><strong>2017<\/strong>, <em>56<\/em><em>, <\/em>13086.<\/p>\n<p>&#8211; Characterization of Secondary Phosphine Oxide Ligands on the Surface of Iridium Nanoparticles. I. Cano,* <u>L. M. Mart\u00ednez-Prieto<\/u>, P. F. Fazzini, Y. Coppel, B. Chaudret, P. W. N. M. van Leeuwen*, <em>PCCP<\/em> <strong>2017<\/strong>, <em>19,<\/em> 21655.<\/p>\n<p>&#8211; Soluble Platinum Nanoparticles ligated by Long-Chain N-Heterocyclic Carbenes as Catalysts. <u>L. M. Mart\u00ednez-Prieto<\/u>, L. Rakers, A. M. L\u00f3pez-Vinasco, I. Cano,<sup> <\/sup>Y. Coppel,<sup> <\/sup>K. Philippot,<sup> <\/sup>F. Glorius,* B. Chaudret,* P. W. N. M. van Leeuwen, <em>Chem. -A Eur. J. <\/em><strong>2017<\/strong>, <em>23<\/em>, 12779. <em>Accepted as hot paper (front cover picture)<\/em>.<\/p>\n<p>&#8211; Monitoring Nanoparticle Reactivity in Solution: Interaction of L-lysine and Ru Nanoparticles Probed by Chemical Shift Perturbation parallels regioselective H\/D exchange. <u>L. M. Mart\u00ednez-Prieto,<\/u>* E. A. Baquero, G. Pieters, J. C. Flores, E. de Jes\u00fas, C. Nayral, F. Delpech, P. W. N. M. van Leeuwen, G. Lippens,* B. Chaudret*, <em>Chem. <\/em><em>Commun.<\/em> <strong>2017<\/strong>, <em>53<\/em>, 5850.<\/p>\n<p>&#8211; Zwitterionic amidinates as effective ligands for platinum nanoparticle hydrogenation catalysts. <u>L. M. Mart\u00ednez-Prieto,<\/u>* I. Cano, A. M\u00e1rquez, E. A. Baquero, S. Tricard, L. Cusinato, I. del Rosal, R. Poteau, Y. Coppel, K. Philippot, B. Chaudret, J. C\u00e1mpora, P. W. N. M van Leeuwen*, <em>Chem. Sci.<\/em> <strong>2017<\/strong>, <em>8<\/em>, 2931. <em>Open Access.<\/em> <em>Highlighted in Synfacts as \u201csynfact of the month\u201d; <\/em><strong><em>2017<\/em><\/strong><em>, 13(07): 0765<\/em>. <em>Highlighted as Supporting citation in Scite.\u00a0<\/em><\/p>\n<p>&#8211; Iridium vs. Iridium: Nanocluster and Monometallic Catalysts Carrying the Same Ligand Behave Differently. I. Cano, <u>L. M. Mart\u00ednez-Prieto<\/u>, B. Chaudret, P. W. N. M van Leeuwen*<em> Chem. -A Eur. J. <\/em><strong>2017<\/strong>, 23, 1.<\/p>\n<p>&#8211; Theoretical Characterization of the Surface Composition of Ruthenium Nanoparticles in Equilibrium with Syngas. L. Cusinato, <u>L. M. Mart\u00ednez-Prieto<\/u>, B. Chaudret, I. del Rosal, R. Poteau<strong>*<\/strong> <em>Nanoscale <\/em><strong>2016<\/strong>, <em>8<\/em>, 10974.<\/p>\n<p>&#8211; NHCs-stabilized Ru nanoparticles: synthesis and surface studies. P. Lara,* <u>L. M. Mart\u00ednez-Prieto<\/u>*, M. Rosell\u00f3-Merino, C. Richter, F. Glorius, S. Conejero, K. Philippot, B. Chaudret, <em>NanoSO <\/em><strong>2016<\/strong>,<em> 6<\/em>, 39.<\/p>\n<p>&#8211; Long-chain NHC-stabilized RuNPs as versatile catalysts for one-pot oxidation\/hydrogenation reactions. <u>L. M. Mart\u00ednez-Prieto<\/u>, A. Ferry, C. Richter, K. Philippot* B. Chaudret,* F. Glorius,* <em>Chem. Commun. <\/em><strong>2016<\/strong>, <em>52<\/em>, 4768. <em>Open Access. Highlighted in Synfacts; <\/em><strong><em>2016,<\/em><\/strong><em> 12(06):0651<\/em><em>.<\/em><\/p>\n<p>&#8211; Enantioselective hydrogenation of ketones by iridium nanoparticles ligated with chiral secondary phosphine oxides. I. Cano, M. J.-L. Tschan, <u>L. M. Mart\u00ednez-Prieto<\/u>, K. Philippot, B. Chaudret, P. W. N. M. van Leeuwen* <em>Catal. <\/em><em>Sci. &amp; Tech.<\/em> <strong>2016<\/strong>, <em>6<\/em>, 3758.<\/p>\n<p>&#8211; Enantiospecific C\u2012H activation using ruthenium nanocatalysts. C. Taglang, <u>L. M. Mart\u00ednez-Prieto<\/u>, I. del Rosal, L. Maron, R.\u00a0 Poteau, K. Philippot, B. Chaudret, S. Perato, C. Puente, C. Duga, B. Rousseau, G. Pieters* <em>Angew. Chem. Int. Ed. <\/em><strong>2015<\/strong><strong>,<\/strong> <em>54<\/em>, 10474<em>. Published as VIP (front cover picture). Highlighted in Synfacts <\/em><em>2015<\/em><strong><em>,<\/em><\/strong><em> 11(12): 1329.<\/em><\/p>\n<p>&#8211; New route to stabilize ruthenium nanoparticles with non-isolable chiral N-heterocyclic carbenes. <u>L. M. Mart\u00ednez-Prieto<\/u>, A. Ferry, P. Lara, C. Richter, K. Philippot,* F. Glorius,* B. Chaudret* <em>Chem. -A Eur. J.<\/em> <strong>2015<\/strong>, <em>21<\/em>, 17495.<\/p>\n<p>&#8211; \u03b2-Hydrogen elimination reactions of nickel and palladium methoxides stabilised by PCP pincer ligands. <u>L. M. Mart\u00ednez-Prieto<\/u>, E. \u00c1vila, P. Palma, E. Alvarez, J. C\u00e1mpora* <em>Chem. -A Eur. J.<\/em> <strong>2015<\/strong>, <em>21<\/em>, 9833.<\/p>\n<p>&#8211; A Betaine adduct of N-heterocyclic carbene and carbodiimide, an efficient ligand to produce ultra-small ruthenium nanoparticles. <u>L. M. Mart\u00ednez-Prieto<\/u>, C. Urbaneja, P. Palma, J. C\u00e1mpora,* K. Philippot,* B. Chaudret* <em>Chem. Commun. <\/em>\u00a0<strong>2015<\/strong>, <em>51, <\/em>464.<\/p>\n<p>&#8211; Organometallic Ruthenium Nanoparticles as Model Catalysts for CO Hydrogenation: A Nuclear Magnetic Resonance and Ambient-Pressure X-ray Photoelectron Spectroscopy Study. <u>L. M. Mart\u00ednez-Prieto<\/u>, S. Carenco, C. H. Wu, E. Bonnefille, S. Axnan-da, Z. Liu, P. F. Fazzini, K. Philippot, M. Salmeron,* B. Chaudret* <em>ACS Catalysis<\/em> <strong>2014<\/strong>, <em>4<\/em>, 3016.<\/p>\n<p>&#8211; Organometallic ruthenium nanoparticles as model of study for Fischer-Tropsch Synthesis reaction. <u>L. M. Mart\u00ednez-Prieto<\/u>, K. Philippot, B. Chaudret* <em>Nanotech 2014 (Vol 3), Nanomaterials for Catalysis, <\/em><strong>2014<\/strong><strong><em>,<\/em><\/strong><em> 4, 265.<\/em><\/p>\n<p>&#8211; Reversible reactions of Ni and Pd hydroxo pincer complexes [(<sup>iPr<\/sup>PCP)M-OH] with CO<sub>2<\/sub>: solid-state study of the decarboxylation of the monomeric bicarbonate complexes [(<sup>iPr<\/sup>PCP)M-OCOOH] (M = Ni, Pd.). <u>L. M. Mart\u00ednez-Prieto<\/u>, C. Real, E. \u00c1vila, P. Palma, J. C\u00e1mpora,* E. Alvarez <em>Eur. J. Inorg. Chem. <\/em><strong>2013<\/strong>, <em>32<\/em>, 5555.<\/p>\n<p>&#8211; Synthesis and reactivity of nickel and palladium fluoride complexes with PCP pincer ligands. NMR-based assessment of electron-donating properties of fluoride and other monoanionic ligands<strong>.<\/strong> <u>L. M. Mart\u00ednez-Prieto<\/u>, C. Melero, D. del Rio, P. Palma, J. C\u00e1mpora,* E. Alvarez <em>Organometallics<\/em> <strong>2012<\/strong>, <em>31<\/em>, 1425.<\/p>\n<p>&#8211; Selective reduction of a Pd pincer PCP complex to well-defined Pd(0) Species. C. Melero, <u>L. M. Mart\u00ednez-Prieto<\/u>, P. Palma, D. del Rio, E. \u00a0Alvarez, J. C\u00e1mpora* <em>Chem. Commun.<\/em> <strong>2010<\/strong>, <em>46<\/em>, 8851.<\/p>\n<p>&#8211; Palladium(II) carboxylates and palladium(I) carbonyl carboxylate complexes as catalysts for olefin cyclopropanation with ethyl diazoacetate. O. Shishilov, T. A. Stromnova, J.\u00a0 C\u00e1mpora,* P. Palma, M. A. Cartes, <u>L. M. Mart\u00ednez-Prieto<\/u> <em>Dalton Trans.<\/em> <strong>2009<\/strong>, 6626.<\/p>\n<p>&#8211; A study of the non-electrostatic interaction micelle\/charged ligand: a comparison of the results obtained by two different methods. R. Jim\u00e9nez,* D. Villegas, <u>L. M. Mart\u00ednez-Prieto<\/u>, H. K. St\u00fcrckow, F. Ler\u00eda, J. Morales, <em>Chem. <\/em><em>Phys. Lett.<\/em> <strong>2006<\/strong>, <em>417<\/em>, 509.<\/p>\n<p>[\/et_pb_text][\/et_pb_column][\/et_pb_row][\/et_pb_section]<\/p>\n","protected":false},"excerpt":{"rendered":"<p>PublicationsInicio\u00a0 Publications- Structural transformation of carbon-encapsulated core-shell CoNi nanoparticles during magnetically induced CO2 reduction into CO.\u00a0 C. Cerezo-Navarrete, I. Mustieles Marin, C. Marini, B. Chaudret,* \u00a0Luis M. Mart\u00ednez-Prieto*\u00a0Appl. Catal. B Envirom. Energ. 2024, 347, 123780. &#8211; A High Pressure Operando Spectroscopy Examination of Bimetal Interactions in \u2018Metal Efficient\u2019 Palladium\/In2O3\/Al2O3 Catalysts for CO2 Hydrogenation. M. E. [&hellip;]<\/p>\n","protected":false},"author":1,"featured_media":0,"parent":0,"menu_order":0,"comment_status":"closed","ping_status":"closed","template":"","meta":{"_et_pb_use_builder":"on","_et_pb_old_content":"<!-- wp:divi\/placeholder \/-->","_et_gb_content_width":"","footnotes":""},"class_list":["post-17","page","type-page","status-publish","hentry"],"_links":{"self":[{"href":"https:\/\/grupo.us.es\/catana\/index.php\/wp-json\/wp\/v2\/pages\/17","targetHints":{"allow":["GET"]}}],"collection":[{"href":"https:\/\/grupo.us.es\/catana\/index.php\/wp-json\/wp\/v2\/pages"}],"about":[{"href":"https:\/\/grupo.us.es\/catana\/index.php\/wp-json\/wp\/v2\/types\/page"}],"author":[{"embeddable":true,"href":"https:\/\/grupo.us.es\/catana\/index.php\/wp-json\/wp\/v2\/users\/1"}],"replies":[{"embeddable":true,"href":"https:\/\/grupo.us.es\/catana\/index.php\/wp-json\/wp\/v2\/comments?post=17"}],"version-history":[{"count":11,"href":"https:\/\/grupo.us.es\/catana\/index.php\/wp-json\/wp\/v2\/pages\/17\/revisions"}],"predecessor-version":[{"id":2467,"href":"https:\/\/grupo.us.es\/catana\/index.php\/wp-json\/wp\/v2\/pages\/17\/revisions\/2467"}],"wp:attachment":[{"href":"https:\/\/grupo.us.es\/catana\/index.php\/wp-json\/wp\/v2\/media?parent=17"}],"curies":[{"name":"wp","href":"https:\/\/api.w.org\/{rel}","templated":true}]}}