{"id":11,"date":"2023-06-09T11:21:39","date_gmt":"2023-06-09T11:21:39","guid":{"rendered":"https:\/\/grupo.us.es\/catana\/\/?page_id=11"},"modified":"2023-10-11T08:01:17","modified_gmt":"2023-10-11T08:01:17","slug":"home","status":"publish","type":"page","link":"https:\/\/grupo.us.es\/catana\/","title":{"rendered":"HOME"},"content":{"rendered":"<p>[et_pb_section fb_built=\u00bb1&#8243; use_custom_gutter=\u00bbon\u00bb gutter_width=\u00bb1&#8243; specialty=\u00bbon\u00bb _builder_version=\u00bb4.21.0&#8243; _module_preset=\u00bbdefault\u00bb background_image=\u00bbhttps:\/\/grupo.us.es\/catana\/\/wp-content\/uploads\/2023\/07\/Foto_de_Grupo_nb.png\u00bb parallax=\u00bbon\u00bb inner_width=\u00bb100%\u00bb inner_max_width=\u00bb100%\u00bb height=\u00bb100%\u00bb custom_padding=\u00bb40vh||20vh||false|false\u00bb background_last_edited=\u00bbon|phone\u00bb parallax_phone=\u00bboff\u00bb global_colors_info=\u00bb{}\u00bb][et_pb_column type=\u00bb2_3&#8243; specialty_columns=\u00bb2&#8243; _builder_version=\u00bb4.16&#8243; global_colors_info=\u00bb{}\u00bb custom_padding__hover=\u00bb|||\u00bb][\/et_pb_column][et_pb_column type=\u00bb1_3&#8243; _builder_version=\u00bb4.16&#8243; global_colors_info=\u00bb{}\u00bb custom_padding__hover=\u00bb|||\u00bb][et_pb_text content_tablet=\u00bb<\/p>\n<p>CATANA<\/p>\n<p>Metal Nanoparticle Catalysis<\/p>\n<p>\u00bb content_phone=\u00bb<\/p>\n<p>CATANA<\/p>\n<p>Metal Nanoparticle Catalysis<\/p>\n<p>\u00bb content_last_edited=\u00bbon|phone\u00bb _builder_version=\u00bb4.21.0&#8243; _module_preset=\u00bbdefault\u00bb text_font=\u00bb|||||on|||\u00bb text_text_color=\u00bb#FFFFFF\u00bb text_font_size=\u00bb22px\u00bb text_letter_spacing=\u00bb3px\u00bb text_line_height=\u00bb1.5em\u00bb background_color=\u00bb#3C3C3C\u00bb height=\u00bb100%\u00bb custom_margin=\u00bb|0px||50px|false|false\u00bb custom_margin_tablet=\u00bb|0px||200px|false|false\u00bb custom_margin_phone=\u00bb100px|||120px|false|false\u00bb custom_margin_last_edited=\u00bbon|phone\u00bb custom_padding=\u00bb20px|10px|20px|20px|true|false\u00bb custom_padding_tablet=\u00bb|70px||20px|true|false\u00bb custom_padding_phone=\u00bb|35px|||true|false\u00bb custom_padding_last_edited=\u00bbon|tablet\u00bb text_font_size_tablet=\u00bb20px\u00bb text_font_size_phone=\u00bb18px\u00bb text_font_size_last_edited=\u00bbon|tablet\u00bb text_line_height_phone=\u00bb1.5em\u00bb text_line_height_last_edited=\u00bboff|phone\u00bb custom_css_main_element=\u00bbdisplay: flex;||flex-wrap: wrap;||align-content: center;||||font-family: %22Good bye lullaby%22;\u00bb text_text_shadow_style=\u00bbpreset2&#8243; text_text_shadow_horizontal_length=\u00bb0.12em\u00bb text_text_shadow_vertical_length=\u00bb0.12em\u00bb text_text_shadow_blur_strength=\u00bb0.03em\u00bb global_colors_info=\u00bb{}\u00bb]<\/p>\n<p><span style=\"font-size: xx-large;\">CataNa<\/span><\/p>\n<p>Catalysis with Nanoparticles<\/p>\n<p>[\/et_pb_text][\/et_pb_column][\/et_pb_section][et_pb_section fb_built=\u00bb1&#8243; _builder_version=\u00bb4.16&#8243; _module_preset=\u00bbdefault\u00bb min_height=\u00bb610px\u00bb global_colors_info=\u00bb{}\u00bb][et_pb_row _builder_version=\u00bb4.16&#8243; _module_preset=\u00bbdefault\u00bb global_colors_info=\u00bb{}\u00bb][et_pb_column type=\u00bb4_4&#8243; _builder_version=\u00bb4.16&#8243; _module_preset=\u00bbdefault\u00bb global_colors_info=\u00bb{}\u00bb][et_pb_text _builder_version=\u00bb4.21.0&#8243; _module_preset=\u00bbdefault\u00bb text_font=\u00bb|700||||on|||\u00bb text_text_color=\u00bb#3C3C3C\u00bb text_font_size=\u00bb30px\u00bb text_line_height=\u00bb1.1em\u00bb text_orientation=\u00bbcenter\u00bb module_alignment=\u00bbcenter\u00bb custom_margin=\u00bb-30px||||false|false\u00bb custom_css_main_element=\u00bbfont-family: %22Good bye lullaby%22;\u00bb global_colors_info=\u00bb{}\u00bb]<\/p>\n<p>Funding<\/p>\n<p>[\/et_pb_text][et_pb_divider color=\u00bb#3C3C3C\u00bb divider_weight=\u00bb2px\u00bb _builder_version=\u00bb4.21.0&#8243; _module_preset=\u00bbdefault\u00bb width=\u00bb10%\u00bb module_alignment=\u00bbcenter\u00bb custom_margin=\u00bb-5px||||false|false\u00bb global_colors_info=\u00bb{}\u00bb][\/et_pb_divider][et_pb_text _builder_version=\u00bb4.21.0&#8243; _module_preset=\u00bbdefault\u00bb text_font=\u00bb||||||||\u00bb text_orientation=\u00bbcenter\u00bb custom_margin=\u00bb45px||-10px||false|false\u00bb global_colors_info=\u00bb{}\u00bb]<\/p>\n<p><span>ATRACCI\u00d3N DE TALENTO DE LA UNIVERSIDAD DE SEVILLA &#8211; INVESTIGADORES CON ALTO POTENCIAL. (IV.2) (Ref. 2022\/00000400)<\/span><\/p>\n<p>[\/et_pb_text][\/et_pb_column][\/et_pb_row][et_pb_row _builder_version=\u00bb4.21.0&#8243; _module_preset=\u00bbdefault\u00bb custom_margin=\u00bb70px||||false|false\u00bb global_colors_info=\u00bb{}\u00bb][et_pb_column type=\u00bb4_4&#8243; _builder_version=\u00bb4.16&#8243; _module_preset=\u00bbdefault\u00bb global_colors_info=\u00bb{}\u00bb][et_pb_text _builder_version=\u00bb4.21.0&#8243; _module_preset=\u00bbdefault\u00bb text_font=\u00bb|700||||on|||\u00bb text_text_color=\u00bb#3C3C3C\u00bb text_font_size=\u00bb30px\u00bb text_line_height=\u00bb1.1em\u00bb text_orientation=\u00bbcenter\u00bb module_alignment=\u00bbcenter\u00bb custom_margin=\u00bb-30px||||false|false\u00bb custom_css_main_element=\u00bbfont-family: %22Good bye lullaby%22;\u00bb global_colors_info=\u00bb{}\u00bb]<\/p>\n<p>Other projects<\/p>\n<p>[\/et_pb_text][et_pb_divider color=\u00bb#3C3C3C\u00bb divider_weight=\u00bb2px\u00bb _builder_version=\u00bb4.21.0&#8243; _module_preset=\u00bbdefault\u00bb width=\u00bb10%\u00bb module_alignment=\u00bbcenter\u00bb custom_margin=\u00bb-5px||||false|false\u00bb global_colors_info=\u00bb{}\u00bb][\/et_pb_divider][et_pb_text _builder_version=\u00bb4.21.0&#8243; _module_preset=\u00bbdefault\u00bb text_font=\u00bb||||||||\u00bb text_orientation=\u00bbcenter\u00bb custom_margin=\u00bb45px||-10px||false|false\u00bb global_colors_info=\u00bb{}\u00bb]<\/p>\n<div><span>Programa Ram\u00f3n y Cajal (<i><span lang=\"en-GB\">RYC2020-030031<\/span><\/i>)<\/span><\/div>\n<div><span>Generaci\u00f3n de Conocimiento (PID2021-126080OA-I00)<\/span><\/div>\n<div><span>Transici\u00f3n Ecol\u00f3gica (TED2021-132087A-I00)<\/span><\/div>\n<div><span>Proyectos de Investigaci\u00f3n de Excelencia de la Junta de Andaluc\u00eda (PROYEXCEL_00706)<\/span><\/div>\n<p>[\/et_pb_text][\/et_pb_column][\/et_pb_row][\/et_pb_section]<\/p>\n","protected":false},"excerpt":{"rendered":"<p>CataNa Catalysis with NanoparticlesFundingATRACCI\u00d3N DE TALENTO DE LA UNIVERSIDAD DE SEVILLA &#8211; INVESTIGADORES CON ALTO POTENCIAL. (IV.2) (Ref. 2022\/00000400)Other projectsPrograma Ram\u00f3n y Cajal (RYC2020-030031) Generaci\u00f3n de Conocimiento (PID2021-126080OA-I00) Transici\u00f3n Ecol\u00f3gica (TED2021-132087A-I00) Proyectos de Investigaci\u00f3n de Excelencia de la Junta de Andaluc\u00eda (PROYEXCEL_00706)<\/p>\n","protected":false},"author":1,"featured_media":0,"parent":0,"menu_order":0,"comment_status":"closed","ping_status":"closed","template":"","meta":{"_et_pb_use_builder":"on","_et_pb_old_content":"<!-- wp:divi\/placeholder \/-->","_et_gb_content_width":"","footnotes":""},"class_list":["post-11","page","type-page","status-publish","hentry"],"_links":{"self":[{"href":"https:\/\/grupo.us.es\/catana\/index.php\/wp-json\/wp\/v2\/pages\/11","targetHints":{"allow":["GET"]}}],"collection":[{"href":"https:\/\/grupo.us.es\/catana\/index.php\/wp-json\/wp\/v2\/pages"}],"about":[{"href":"https:\/\/grupo.us.es\/catana\/index.php\/wp-json\/wp\/v2\/types\/page"}],"author":[{"embeddable":true,"href":"https:\/\/grupo.us.es\/catana\/index.php\/wp-json\/wp\/v2\/users\/1"}],"replies":[{"embeddable":true,"href":"https:\/\/grupo.us.es\/catana\/index.php\/wp-json\/wp\/v2\/comments?post=11"}],"version-history":[{"count":20,"href":"https:\/\/grupo.us.es\/catana\/index.php\/wp-json\/wp\/v2\/pages\/11\/revisions"}],"predecessor-version":[{"id":2434,"href":"https:\/\/grupo.us.es\/catana\/index.php\/wp-json\/wp\/v2\/pages\/11\/revisions\/2434"}],"wp:attachment":[{"href":"https:\/\/grupo.us.es\/catana\/index.php\/wp-json\/wp\/v2\/media?parent=11"}],"curies":[{"name":"wp","href":"https:\/\/api.w.org\/{rel}","templated":true}]}}