{"id":5736,"date":"2025-06-25T15:29:24","date_gmt":"2025-06-25T15:29:24","guid":{"rendered":"https:\/\/grupo.us.es\/newbioenergia\/?page_id=5736"},"modified":"2025-08-05T13:04:12","modified_gmt":"2025-08-05T13:04:12","slug":"lineas-de-investigacion","status":"publish","type":"page","link":"https:\/\/grupo.us.es\/bioenergia\/lineas-de-investigacion\/","title":{"rendered":"L\u00edneas de investigaci\u00f3n"},"content":{"rendered":"\n<div class=\"wp-block-uagb-container uagb-block-0aeb9908 alignfull uagb-is-root-container\"><div class=\"uagb-container-inner-blocks-wrap\">\n<p><a href=\"#conversion-termoquimica\">Conversi\u00f3n Termoqu\u00edmica<\/a> \/ <a href=\"#biocombustibles-bioquimicos\">S\u00edntesis biocombustibles<\/a> \/ <a href=\"#hidrogeno-procesos\">Hidr\u00f3geno renovable<\/a><\/p>\n<\/div><\/div>\n\n\n\n<div id=\"conversion-termoquimica\" class=\"wp-block-uagb-container uagb-block-5fce8900 alignfull uagb-is-root-container\"><div class=\"uagb-container-inner-blocks-wrap\">\n<div class=\"wp-block-uagb-container uagb-block-d70bdf94\">\n<h2 class=\"wp-block-heading max500 has-ast-global-color-0-color has-text-color has-link-color wp-elements-c943112b853dd259c39c626822698ab4\">Conversi\u00f3n Termoqu\u00edmica de Biomasa y residuos<\/h2>\n\n\n\n<p>Esta l\u00ednea de investigaci\u00f3n se centra en el estudio te\u00f3rico y experimental de los procesos de gasificaci\u00f3n y pir\u00f3lisis en lecho fluidizado, utilizando principalmente biomasas y residuos urbanos e industriales como combustibles. El grupo investigador no solo analiza estos procesos, sino que tambi\u00e9n dise\u00f1a los equipos necesarios para su estudio, abarcando desde gasificadores de laboratorio (~10 kWth) hasta plantas de demostraci\u00f3n (&gt;1 MWth), incluyendo sistemas auxiliares para la limpieza del gas de s\u00edntesis generado.<\/p>\n\n\n\n<p>En el \u00e1mbito de los procesos termoqu\u00edmicos, el grupo ha desarrollado m\u00faltiples estudios sobre la formaci\u00f3n y conversi\u00f3n de alquitranes, la gasificaci\u00f3n de carbonizados bajo diversas condiciones (vapor, CO\u2082, mezclas de diferentes agentes gasificantes, oxicombusti\u00f3n, etc.), la formaci\u00f3n y eliminaci\u00f3n de contaminantes inorg\u00e1nicos y el comportamiento fluidodin\u00e1mico en lechos fluidos. Adem\u00e1s, el grupo ha abordado el dise\u00f1o de nuevos sistemas de gasificaci\u00f3n (staged-gasifiers, sorption enhanced gasifiers,\u2026), el dise\u00f1o de procesos h\u00edbridos que integran gasificadores con sistemas de energ\u00eda solar de concentraci\u00f3n y el estudio de la valorizaci\u00f3n de residuos complejos como lodos, pl\u00e1sticos, residuos agroindustriales o harinas c\u00e1rnicas.<\/p>\n\n\n\n<p>Gracias a estos trabajos desarrollados en las \u00faltimas dos d\u00e9cadas, el grupo ha adquirido capacidades para modelar detalladamente procesos de conversi\u00f3n termoqu\u00edmica en lecho fluidizado, lo que resulta clave para escalar los resultados a nivel industrial, optimizar condiciones operativas y dise\u00f1ar nuevos equipos. El grupo ha construido y operado gasificadores de diferentes escalas, desde plantas de laboratorio (5\u201320 kWth) hasta plantas piloto (75\u2013125 kWth). Tambi\u00e9n han participado en el dise\u00f1o y operaci\u00f3n de una planta demostraci\u00f3n que cuenta con un gasificador de 3 MWth y un sistema de limpieza de alquitranes.<\/p>\n\n\n\n<p>Estas actividades se han financiado mediante proyectos p\u00fablicos y colaboraciones con empresas como Inerco, Total Petrochemical, Abengoa y Canal de Isabel II entre otras.<\/p>\n\n\n\n<figure class=\"wp-block-image size-full\"><img loading=\"lazy\" decoding=\"async\" width=\"963\" height=\"500\" src=\"http:\/\/grupo.us.es\/bioenergia\/wp-content\/uploads\/2025\/07\/Collage_Reactor20kWth-lineas.jpg\" alt=\"collage reactor20kwth lineas\" class=\"wp-image-6197\" srcset=\"https:\/\/grupo.us.es\/bioenergia\/wp-content\/uploads\/2025\/07\/Collage_Reactor20kWth-lineas.jpg 963w, https:\/\/grupo.us.es\/bioenergia\/wp-content\/uploads\/2025\/07\/Collage_Reactor20kWth-lineas-300x156.jpg 300w, https:\/\/grupo.us.es\/bioenergia\/wp-content\/uploads\/2025\/07\/Collage_Reactor20kWth-lineas-768x399.jpg 768w\" sizes=\"auto, (max-width: 963px) 100vw, 963px\" \/><\/figure>\n<\/div>\n\n\n\n<div class=\"wp-block-uagb-container uagb-block-1c2de895\">\n<h3 class=\"wp-block-heading has-ast-global-color-0-color has-text-color has-link-color wp-elements-9cb08595ca924162a87a8f6eace9a862\" style=\"margin-top:0;margin-bottom:0\">Proyectos relacionados<\/h3>\n\n\n\n\t\t\t<div class=\"wp-block-uagb-post-grid uagb-post-grid  uagb-post__image-position-top uagb-post__image-disabled uagb-block-4d63deb0     uagb-post__items uagb-post__columns-1 is-grid uagb-post__columns-tablet-3 uagb-post__columns-mobile-1 uagb-post__equal-height\" data-total=\"7\" style=\"\">\n\n\t\t\t\t\t\t\t\t\t\t\t\t<article class=\"uagb-post__inner-wrap\">\t\t\t\t\t\t\t\t<h4 class=\"uagb-post__title uagb-post__text\">\n\t\t\t\t<a href=\"https:\/\/grupo.us.es\/bioenergia\/produccion-de-hidrogeno-con-captura-de-co2-mediante-termo-conversion-solar-de-biomasa-utilizando-transportadores-en-lecho-fluidizado-ciclico\/\" target=\"_self\" rel=\"bookmark noopener noreferrer\">Producci\u00f3n de hidr\u00f3geno con captura de CO2 mediante termo-conversi\u00f3n solar de biomasa utilizando transportadores en lecho fluidizado c\u00edclico<\/a>\n\t\t\t<\/h4>\n\t\t\t\t\t\t<div class='uagb-post__text uagb-post-grid-byline'>\n\t\t\t\t\t\t\t<\/div>\n\t\t\t\t\t\t\t<div class='uagb-post__text uagb-post__excerpt'>\n\t\t\t\t\t2021-2025 | Ministerio de Ciencia e Innovaci\u00f3n de Espa\u00f1a\t\t\t\t<\/div>\n\t\t\t\n\t\t\t\t\t\t\t\t\t<\/article>\n\t\t\t\t\t\t\t\t\t\t\t\t\t\t\t\t<article class=\"uagb-post__inner-wrap\">\t\t\t\t\t\t\t\t<h4 class=\"uagb-post__title uagb-post__text\">\n\t\t\t\t<a href=\"https:\/\/grupo.us.es\/bioenergia\/calcium-looping-gasification-of-biomass-assisted-by-solar-energy-calgasol\/\" target=\"_self\" rel=\"bookmark noopener noreferrer\">Calcium looping gasification of biomass assisted by solar energy\u00a0(CALGASOL)<\/a>\n\t\t\t<\/h4>\n\t\t\t\t\t\t<div class='uagb-post__text uagb-post-grid-byline'>\n\t\t\t\t\t\t\t<\/div>\n\t\t\t\t\t\t\t<div class='uagb-post__text uagb-post__excerpt'>\n\t\t\t\t\t2020-2023 | Junta de Andaluc\u00eda (Consejer\u00eda de Econom\u00eda y Conocimiento)\t\t\t\t<\/div>\n\t\t\t\n\t\t\t\t\t\t\t\t\t<\/article>\n\t\t\t\t\t\t\t\t\t\t\t\t\t\t\t\t<article class=\"uagb-post__inner-wrap\">\t\t\t\t\t\t\t\t<h4 class=\"uagb-post__title uagb-post__text\">\n\t\t\t\t<a href=\"https:\/\/grupo.us.es\/bioenergia\/biosyncar\/\" target=\"_self\" rel=\"bookmark noopener noreferrer\">BIOSYNCAR<\/a>\n\t\t\t<\/h4>\n\t\t\t\t\t\t<div class='uagb-post__text uagb-post-grid-byline'>\n\t\t\t\t\t\t\t<\/div>\n\t\t\t\t\t\t\t<div class='uagb-post__text uagb-post__excerpt'>\n\t\t\t\t\t2020 | CARBOLIVA SLU\t\t\t\t<\/div>\n\t\t\t\n\t\t\t\t\t\t\t\t\t<\/article>\n\t\t\t\t\t\t\t\t\t\t\t<\/div>\n\t\t\t\n\n\n<p style=\"margin-top:var(--wp--preset--spacing--80)\"><a href=\"https:\/\/grupo.us.es\/bioenergia\/proyectos\/#conversion-termoquimica\">M\u00e1s proyectos<\/a><\/p>\n<\/div>\n<\/div><\/div>\n\n\n\n<div id=\"biocombustibles-bioquimicos\" class=\"wp-block-uagb-container uagb-block-e2e11381 alignfull uagb-is-root-container\"><div class=\"uagb-container-inner-blocks-wrap\">\n<div class=\"wp-block-uagb-container uagb-block-ff861d2e\">\n<h3 class=\"wp-block-heading has-ast-global-color-0-color has-text-color has-link-color wp-elements-9cb08595ca924162a87a8f6eace9a862\" style=\"margin-top:0;margin-bottom:0\">Proyectos relacionados<\/h3>\n\n\n\n\t\t\t<div class=\"wp-block-uagb-post-grid uagb-post-grid  uagb-post__image-position-top uagb-post__image-disabled uagb-block-c464354b     uagb-post__items uagb-post__columns-1 is-grid uagb-post__columns-tablet-3 uagb-post__columns-mobile-1 uagb-post__equal-height\" data-total=\"4\" style=\"\">\n\n\t\t\t\t\t\t\t\t\t\t\t\t<article class=\"uagb-post__inner-wrap\">\t\t\t\t\t\t\t\t<h4 class=\"uagb-post__title uagb-post__text\">\n\t\t\t\t<a href=\"https:\/\/grupo.us.es\/bioenergia\/biomasa-y-residuos-como-precursores-de-la-produccion-acoplada-de-hidrogeno-y-metano-en-el-nuevo-escenario-de-transicion-energetica-industrial-all-to-gas-plec2022-009349-equipo-de-investigacion\/\" target=\"_self\" rel=\"bookmark noopener noreferrer\">Biomasa y residuos como precursores de la producci\u00f3n acoplada de hidr\u00f3geno y metano en el nuevo escenario de transici\u00f3n energ\u00e9tica industrial (ALL-TO-GAS) (PLEC2022-009349 &#8211; Equipo de Investigaci\u00f3n<\/a>\n\t\t\t<\/h4>\n\t\t\t\t\t\t<div class='uagb-post__text uagb-post-grid-byline'>\n\t\t\t\t\t\t\t<\/div>\n\t\t\t\t\t\t\t<div class='uagb-post__text uagb-post__excerpt'>\n\t\t\t\t\t2022-2025 | Ministerio de Ciencia e Innovaci\u00f3n\t\t\t\t<\/div>\n\t\t\t\n\t\t\t\t\t\t\t\t\t<\/article>\n\t\t\t\t\t\t\t\t\t\t\t\t\t\t\t\t<article class=\"uagb-post__inner-wrap\">\t\t\t\t\t\t\t\t<h4 class=\"uagb-post__title uagb-post__text\">\n\t\t\t\t<a href=\"https:\/\/grupo.us.es\/bioenergia\/demostracion-industrial-de-nueva-ruta-catalitica-para-biobutanol-y-otros-bioproductos-ibudem\/\" target=\"_self\" rel=\"bookmark noopener noreferrer\">Demostraci\u00f3n Industrial de Nueva Ruta Catal\u00edtica para Biobutanol y otros Bioproductos (IbuDem)<\/a>\n\t\t\t<\/h4>\n\t\t\t\t\t\t<div class='uagb-post__text uagb-post-grid-byline'>\n\t\t\t\t\t\t\t<\/div>\n\t\t\t\t\t\t\t<div class='uagb-post__text uagb-post__excerpt'>\n\t\t\t\t\t2020-2022 | CDTI, Catalyxx Procesos Catal\u00edticos S.L.\t\t\t\t<\/div>\n\t\t\t\n\t\t\t\t\t\t\t\t\t<\/article>\n\t\t\t\t\t\t\t\t\t\t\t\t\t\t\t\t<article class=\"uagb-post__inner-wrap\">\t\t\t\t\t\t\t\t<h4 class=\"uagb-post__title uagb-post__text\">\n\t\t\t\t<a href=\"https:\/\/grupo.us.es\/bioenergia\/produccion-de-biobutadieno-a-partir-de-bioetanol-biodiene\/\" target=\"_self\" rel=\"bookmark noopener noreferrer\">Producci\u00f3n de biobutadieno a partir de bioetanol (BIODIENE)<\/a>\n\t\t\t<\/h4>\n\t\t\t\t\t\t<div class='uagb-post__text uagb-post-grid-byline'>\n\t\t\t\t\t\t\t<\/div>\n\t\t\t\t\t\t\t<div class='uagb-post__text uagb-post__excerpt'>\n\t\t\t\t\t2016-2018 | Ministerio de Econom\u00eda y Competitividad, Uni\u00f3n Europea (FEDER)\t\t\t\t<\/div>\n\t\t\t\n\t\t\t\t\t\t\t\t\t<\/article>\n\t\t\t\t\t\t\t\t\t\t\t<\/div>\n\t\t\t\n\n\n<p style=\"margin-top:var(--wp--preset--spacing--80)\"><a href=\"https:\/\/grupo.us.es\/bioenergia\/proyectos\/#biocombustibles-bioquimicos\">M\u00e1s proyectos<\/a><\/p>\n<\/div>\n\n\n\n<div class=\"wp-block-uagb-container uagb-block-4dc2cd74\">\n<h2 class=\"wp-block-heading max600 has-ast-global-color-0-color has-text-color has-link-color wp-elements-3d7932026688f04a54288f7d361266f1\">L\u00ednea s\u00edntesis de biocombustibles y bioqu\u00edmicos<\/h2>\n\n\n\n<p>Esta l\u00ednea de investigaci\u00f3n estudia procesos para la obtenci\u00f3n de combustibles y\/o productos qu\u00edmicos de origen renovable a partir de la conversi\u00f3n termoqu\u00edmica de biomasa o residuos (gasificaci\u00f3n o pirolisis). Para este fin, el grupo hace uso de dos enfoques complementarios, como son el an\u00e1lisis de procesos mediante computador y la evaluaci\u00f3n de catalizadores de s\u00edntesis en un laboratorio propio. Los datos de laboratorio permiten caracterizar los catalizadores de s\u00edntesis para retroalimentar las simulaciones y optimizar el proceso.<\/p>\n\n\n\n<p>La mayor parte de esta l\u00ednea de investigaci\u00f3n se ha centrado en la producci\u00f3n de bioetanol para automoci\u00f3n mediante s\u00edntesis directa, en la que el grupo ha trabajado desde 2004 en numerosos proyectos y contratos de investigaci\u00f3n. Adem\u00e1s de la ruta termoqu\u00edmica, tambi\u00e9n se ha estudiado la producci\u00f3n de etanol a partir de la hidrogenaci\u00f3n de di\u00f3xido de carbono procedente de fermentadores de plantas convencionales de etanol. La producci\u00f3n de etanol se ha seguido estudiando mediante rutas alternativas, como la hidrocarbonilaci\u00f3n de DME, la hidrogenaci\u00f3n de \u00e1cido ac\u00e9tico, as\u00ed como la fermentaci\u00f3n de gas de s\u00edntesis.<\/p>\n\n\n\n<p>En posteriores proyectos&nbsp;se&nbsp;ampli\u00f3 el estudio a la producci\u00f3n de otros biocombustibles y\/o bioqu\u00edmicos como metanol, DME, SNG, diesel-FT as\u00ed como bio-olefinas y bio-gasolina mediante rutas MTO y MTG, respectivamente.&nbsp;<\/p>\n\n\n\n<p>Por \u00faltimo,&nbsp;los proyectos&nbsp;m\u00e1s recientes&nbsp;se han centrado en investigar procesos catal\u00edticos para la conversi\u00f3n de etanol en productos de alto valor a\u00f1adido, como biobutanol y 1,3-butadieno.<\/p>\n\n\n\n<figure class=\"wp-block-image size-large\"><img loading=\"lazy\" decoding=\"async\" width=\"1024\" height=\"595\" src=\"http:\/\/grupo.us.es\/bioenergia\/wp-content\/uploads\/2025\/06\/Collage-lab-microrreactores-1024x595.jpg\" alt=\"collage lab microrreactores\" class=\"wp-image-5890\" srcset=\"https:\/\/grupo.us.es\/bioenergia\/wp-content\/uploads\/2025\/06\/Collage-lab-microrreactores-1024x595.jpg 1024w, https:\/\/grupo.us.es\/bioenergia\/wp-content\/uploads\/2025\/06\/Collage-lab-microrreactores-300x174.jpg 300w, https:\/\/grupo.us.es\/bioenergia\/wp-content\/uploads\/2025\/06\/Collage-lab-microrreactores-768x446.jpg 768w, https:\/\/grupo.us.es\/bioenergia\/wp-content\/uploads\/2025\/06\/Collage-lab-microrreactores.jpg 1187w\" sizes=\"auto, (max-width: 1024px) 100vw, 1024px\" \/><\/figure>\n\n\n\n<div style=\"height:40px\" aria-hidden=\"true\" class=\"wp-block-spacer\"><\/div>\n\n\n\n<p><a href=\"https:\/\/grupo.us.es\/bioenergia\/instalaciones\/\">Ver instalaciones<\/a><\/p>\n<\/div>\n<\/div><\/div>\n\n\n\n<div id=\"hidrogeno-procesos\" class=\"wp-block-uagb-container uagb-block-348ee655 alignfull uagb-is-root-container\"><div class=\"uagb-container-inner-blocks-wrap\">\n<div class=\"wp-block-uagb-container uagb-block-d0178f65\">\n<h2 class=\"wp-block-heading max650 has-ast-global-color-0-color has-text-color has-link-color wp-elements-3066c76f59b73de9335ca01ed3106820\">Integraci\u00f3n de hidr\u00f3geno bajo en carbono en procesos sostenibles<\/h2>\n\n\n\n<p>Esta l\u00ednea de investigaci\u00f3n se centra en el dise\u00f1o, modelado y an\u00e1lisis de sistemas energ\u00e9ticos donde el hidr\u00f3geno desempe\u00f1a un papel crucial. La perspectiva cl\u00e1sica de la ingenier\u00eda de sistemas de procesos se combina con la evaluaci\u00f3n de la sostenibilidad, dando lugar a un nuevo enfoque que gu\u00eda la selecci\u00f3n de alternativas en el dise\u00f1o de los sistemas.<\/p>\n\n\n\n<p>Esta l\u00ednea se inici\u00f3 en nuestro grupo a principios de la d\u00e9cada de los 2010, cuando la industria necesit\u00f3 evaluaciones rigurosas de los nuevos sistemas basados en hidr\u00f3geno para usos energ\u00e9ticos. La mayor\u00eda de los proyectos han sido contratos de investigaci\u00f3n privados. Sin embargo, recientemente, se han adjudicado varios proyectos p\u00fablicos competitivos en las \u00e1reas de producci\u00f3n, integraci\u00f3n y almacenamiento de hidr\u00f3geno.<\/p>\n\n\n\n<figure class=\"wp-block-image size-full\"><img loading=\"lazy\" decoding=\"async\" width=\"1000\" height=\"729\" src=\"http:\/\/grupo.us.es\/bioenergia\/wp-content\/uploads\/2025\/07\/Linea-Hidrogeno.jpg\" alt=\"linea hidrogeno\" class=\"wp-image-6199\" srcset=\"https:\/\/grupo.us.es\/bioenergia\/wp-content\/uploads\/2025\/07\/Linea-Hidrogeno.jpg 1000w, https:\/\/grupo.us.es\/bioenergia\/wp-content\/uploads\/2025\/07\/Linea-Hidrogeno-300x219.jpg 300w, https:\/\/grupo.us.es\/bioenergia\/wp-content\/uploads\/2025\/07\/Linea-Hidrogeno-768x560.jpg 768w\" sizes=\"auto, (max-width: 1000px) 100vw, 1000px\" \/><\/figure>\n<\/div>\n\n\n\n<div class=\"wp-block-uagb-container uagb-block-008445bf\">\n<h3 class=\"wp-block-heading has-ast-global-color-0-color has-text-color has-link-color wp-elements-9cb08595ca924162a87a8f6eace9a862\" style=\"margin-top:0;margin-bottom:0\">Proyectos relacionados<\/h3>\n\n\n\n\t\t\t<div class=\"wp-block-uagb-post-grid uagb-post-grid  uagb-post__image-position-top uagb-post__image-disabled uagb-block-2af38609     uagb-post__items uagb-post__columns-1 is-grid uagb-post__columns-tablet-3 uagb-post__columns-mobile-1 uagb-post__equal-height\" data-total=\"1\" style=\"\">\n\n\t\t\t\t\t\t\t\t\t\t\t\t<article class=\"uagb-post__inner-wrap\">\t\t\t\t\t\t\t\t<h4 class=\"uagb-post__title uagb-post__text\">\n\t\t\t\t<a href=\"https:\/\/grupo.us.es\/bioenergia\/refinerias-como-incubadoras-de-tecnologias-de-hidrogeno-verde-gh2t\/\" target=\"_self\" rel=\"bookmark noopener noreferrer\">Refiner\u00edas como Incubadoras de Tecnolog\u00edas de Hidr\u00f3geno Verde (GH2T)<\/a>\n\t\t\t<\/h4>\n\t\t\t\t\t\t<div class='uagb-post__text uagb-post-grid-byline'>\n\t\t\t\t\t\t\t<\/div>\n\t\t\t\t\t\t\t<div class='uagb-post__text uagb-post__excerpt'>\n\t\t\t\t\t2021-2025 | Ministerio de Ciencia e Innovaci\u00f3n\t\t\t\t<\/div>\n\t\t\t\n\t\t\t\t\t\t\t\t\t<\/article>\n\t\t\t\t\t\t\t\t\t\t\t\t\t\t\t\t<article class=\"uagb-post__inner-wrap\">\t\t\t\t\t\t\t\t<h4 class=\"uagb-post__title uagb-post__text\">\n\t\t\t\t<a href=\"https:\/\/grupo.us.es\/bioenergia\/diseno-y-gestion-optima-de-sistema-modular-de-almacenamiento-hibrido-basado-en-baterias-y-h2-renovable-para-dotar-de-flexibilidad-a-comunidades-energeticas\/\" target=\"_self\" rel=\"bookmark noopener noreferrer\">Dise\u00f1o y gesti\u00f3n \u00f3ptima de sistema modular de almacenamiento h\u00edbrido basado en bater\u00edas y H2 renovable para dotar de flexibilidad a comunidades energ\u00e9ticas<\/a>\n\t\t\t<\/h4>\n\t\t\t\t\t\t<div class='uagb-post__text uagb-post-grid-byline'>\n\t\t\t\t\t\t\t<\/div>\n\t\t\t\t\t\t\t<div class='uagb-post__text uagb-post__excerpt'>\n\t\t\t\t\t2021-2025 | Ministerio de Ciencia e Innovaci\u00f3n\t\t\t\t<\/div>\n\t\t\t\n\t\t\t\t\t\t\t\t\t<\/article>\n\t\t\t\t\t\t\t\t\t\t\t\t\t\t\t\t<article class=\"uagb-post__inner-wrap\">\t\t\t\t\t\t\t\t<h4 class=\"uagb-post__title uagb-post__text\">\n\t\t\t\t<a href=\"https:\/\/grupo.us.es\/bioenergia\/desafios-y-oportunidades-del-hidrogeno-verde-ante-el-cambio-de-modelo-energetico-aplicaciones-en-su-almacenamiento-y-distribucion\/\" target=\"_self\" rel=\"bookmark noopener noreferrer\">Desaf\u00edos y oportunidades del hidr\u00f3geno verde ante el cambio de modelo energ\u00e9tico: aplicaciones en su almacenamiento y distribuci\u00f3n<\/a>\n\t\t\t<\/h4>\n\t\t\t\t\t\t<div class='uagb-post__text uagb-post-grid-byline'>\n\t\t\t\t\t\t\t<\/div>\n\t\t\t\t\t\t\t<div class='uagb-post__text uagb-post__excerpt'>\n\t\t\t\t\t2021-2025 | Junta de Andaluc\u00eda\t\t\t\t<\/div>\n\t\t\t\n\t\t\t\t\t\t\t\t\t<\/article>\n\t\t\t\t\t\t\t\t\t\t\t<\/div>\n\t\t\t\n\n\n<p style=\"margin-top:var(--wp--preset--spacing--80)\"><a href=\"https:\/\/grupo.us.es\/bioenergia\/proyectos\/#hidrogeno-procesos\">M\u00e1s proyectos<\/a><\/p>\n<\/div>\n<\/div><\/div>\n","protected":false},"excerpt":{"rendered":"<p>Conversi\u00f3n Termoqu\u00edmica \/ S\u00edntesis biocombustibles \/ Hidr\u00f3geno renovable Conversi\u00f3n Termoqu\u00edmica de Biomasa y residuos Esta l\u00ednea de investigaci\u00f3n se centra en el estudio te\u00f3rico y experimental de los procesos de gasificaci\u00f3n y pir\u00f3lisis en lecho fluidizado, utilizando principalmente biomasas y residuos urbanos e industriales como combustibles. El grupo investigador no solo analiza estos procesos, sino [&hellip;]<\/p>\n","protected":false},"author":1,"featured_media":6009,"parent":0,"menu_order":0,"comment_status":"closed","ping_status":"closed","template":"","meta":{"_seopress_robots_primary_cat":"","_seopress_titles_title":"L\u00edneas de Investigaci\u00f3n - Grupo Bioenerg\u00eda","_seopress_titles_desc":"L\u00edneas de investigaci\u00f3n del Grupo Bioenerg\u00eda de la Universidad de Sevilla.","_seopress_robots_index":"","_uag_custom_page_level_css":"","site-sidebar-layout":"default","site-content-layout":"","ast-site-content-layout":"default","site-content-style":"default","site-sidebar-style":"default","ast-global-header-display":"","ast-banner-title-visibility":"","ast-main-header-display":"","ast-hfb-above-header-display":"","ast-hfb-below-header-display":"","ast-hfb-mobile-header-display":"","site-post-title":"","ast-breadcrumbs-content":"","ast-featured-img":"","footer-sml-layout":"","theme-transparent-header-meta":"","adv-header-id-meta":"5626","stick-header-meta":"","header-above-stick-meta":"","header-main-stick-meta":"","header-below-stick-meta":"","astra-migrate-meta-layouts":"set","ast-page-background-enabled":"default","ast-page-background-meta":{"desktop":{"background-color":"","background-image":"","background-repeat":"repeat","background-position":"center center","background-size":"auto","background-attachment":"scroll","background-type":"","background-media":"","overlay-type":"","overlay-color":"","overlay-opacity":"","overlay-gradient":""},"tablet":{"background-color":"","background-image":"","background-repeat":"repeat","background-position":"center center","background-size":"auto","background-attachment":"scroll","background-type":"","background-media":"","overlay-type":"","overlay-color":"","overlay-opacity":"","overlay-gradient":""},"mobile":{"background-color":"","background-image":"","background-repeat":"repeat","background-position":"center center","background-size":"auto","background-attachment":"scroll","background-type":"","background-media":"","overlay-type":"","overlay-color":"","overlay-opacity":"","overlay-gradient":""}},"ast-content-background-meta":{"desktop":{"background-color":"var(--ast-global-color-5)","background-image":"","background-repeat":"repeat","background-position":"center center","background-size":"auto","background-attachment":"scroll","background-type":"","background-media":"","overlay-type":"","overlay-color":"","overlay-opacity":"","overlay-gradient":""},"tablet":{"background-color":"var(--ast-global-color-5)","background-image":"","background-repeat":"repeat","background-position":"center center","background-size":"auto","background-attachment":"scroll","background-type":"","background-media":"","overlay-type":"","overlay-color":"","overlay-opacity":"","overlay-gradient":""},"mobile":{"background-color":"var(--ast-global-color-5)","background-image":"","background-repeat":"repeat","background-position":"center center","background-size":"auto","background-attachment":"scroll","background-type":"","background-media":"","overlay-type":"","overlay-color":"","overlay-opacity":"","overlay-gradient":""}},"footnotes":""},"class_list":["post-5736","page","type-page","status-publish","has-post-thumbnail","hentry"],"uagb_featured_image_src":{"full":["https:\/\/grupo.us.es\/bioenergia\/wp-content\/uploads\/2025\/07\/portada-lineas-de-investigacion2.jpg",1440,385,false],"thumbnail":["https:\/\/grupo.us.es\/bioenergia\/wp-content\/uploads\/2025\/07\/portada-lineas-de-investigacion2-150x150.jpg",150,150,true],"medium":["https:\/\/grupo.us.es\/bioenergia\/wp-content\/uploads\/2025\/07\/portada-lineas-de-investigacion2-300x80.jpg",300,80,true],"medium_large":["https:\/\/grupo.us.es\/bioenergia\/wp-content\/uploads\/2025\/07\/portada-lineas-de-investigacion2-768x205.jpg",768,205,true],"large":["https:\/\/grupo.us.es\/bioenergia\/wp-content\/uploads\/2025\/07\/portada-lineas-de-investigacion2-1024x274.jpg",1024,274,true],"1536x1536":["https:\/\/grupo.us.es\/bioenergia\/wp-content\/uploads\/2025\/07\/portada-lineas-de-investigacion2.jpg",1440,385,false],"2048x2048":["https:\/\/grupo.us.es\/bioenergia\/wp-content\/uploads\/2025\/07\/portada-lineas-de-investigacion2.jpg",1440,385,false]},"uagb_author_info":{"display_name":"Master","author_link":"https:\/\/grupo.us.es\/bioenergia\/author\/plantill\/"},"uagb_comment_info":0,"uagb_excerpt":"Conversi\u00f3n Termoqu\u00edmica \/ S\u00edntesis biocombustibles \/ Hidr\u00f3geno renovable Conversi\u00f3n Termoqu\u00edmica de Biomasa y residuos Esta l\u00ednea de investigaci\u00f3n se centra en el estudio te\u00f3rico y experimental de los procesos de gasificaci\u00f3n y pir\u00f3lisis en lecho fluidizado, utilizando principalmente biomasas y residuos urbanos e industriales como combustibles. El grupo investigador no solo analiza estos procesos, sino&hellip;","_links":{"self":[{"href":"https:\/\/grupo.us.es\/bioenergia\/wp-json\/wp\/v2\/pages\/5736","targetHints":{"allow":["GET"]}}],"collection":[{"href":"https:\/\/grupo.us.es\/bioenergia\/wp-json\/wp\/v2\/pages"}],"about":[{"href":"https:\/\/grupo.us.es\/bioenergia\/wp-json\/wp\/v2\/types\/page"}],"author":[{"embeddable":true,"href":"https:\/\/grupo.us.es\/bioenergia\/wp-json\/wp\/v2\/users\/1"}],"replies":[{"embeddable":true,"href":"https:\/\/grupo.us.es\/bioenergia\/wp-json\/wp\/v2\/comments?post=5736"}],"version-history":[{"count":70,"href":"https:\/\/grupo.us.es\/bioenergia\/wp-json\/wp\/v2\/pages\/5736\/revisions"}],"predecessor-version":[{"id":6503,"href":"https:\/\/grupo.us.es\/bioenergia\/wp-json\/wp\/v2\/pages\/5736\/revisions\/6503"}],"wp:featuredmedia":[{"embeddable":true,"href":"https:\/\/grupo.us.es\/bioenergia\/wp-json\/wp\/v2\/media\/6009"}],"wp:attachment":[{"href":"https:\/\/grupo.us.es\/bioenergia\/wp-json\/wp\/v2\/media?parent=5736"}],"curies":[{"name":"wp","href":"https:\/\/api.w.org\/{rel}","templated":true}]}}