{"id":5648,"date":"2025-06-25T11:21:54","date_gmt":"2025-06-25T11:21:54","guid":{"rendered":"https:\/\/grupo.us.es\/newbioenergia\/?page_id=5648"},"modified":"2025-07-16T13:17:02","modified_gmt":"2025-07-16T13:17:02","slug":"contactar","status":"publish","type":"page","link":"https:\/\/grupo.us.es\/bioenergia\/contactar\/","title":{"rendered":"Contactar"},"content":{"rendered":"\n<div class=\"wp-block-uagb-container uagb-block-a74f2b39 alignfull uagb-is-root-container\"><div class=\"uagb-container-inner-blocks-wrap\">\n<div class=\"wp-block-uagb-container uagb-block-671a56c0\">\n<p>Para cuestiones generales sobre el Grupo de Bioenerg\u00eda contactar con el <strong>Dr. Fernando Vidal Barrero<\/strong> a trav\u00e9s del siguiente <a href=\"#formulario\">formulario de contacto<\/a><\/p>\n\n\n\n<p><strong>Departamento de Ingenier\u00eda Qu\u00edmica y Ambiental.<\/strong> Escuela T\u00e9cnica Superior de Ingenier\u00eda<\/p>\n\n\n\n<div class=\"wp-block-uagb-icon-list uagb-block-84f4f7cf\"><div class=\"uagb-icon-list__wrap\">\n<div class=\"wp-block-uagb-icon-list-child uagb-block-c3327ec9\"><span class=\"uagb-icon-list__source-wrap\"><svg xmlns=\"https:\/\/www.w3.org\/2000\/svg\" viewBox=\"0 0 384 512\"><path d=\"M168.3 499.2C116.1 435 0 279.4 0 192C0 85.96 85.96 0 192 0C298 0 384 85.96 384 192C384 279.4 267 435 215.7 499.2C203.4 514.5 180.6 514.5 168.3 499.2H168.3zM192 256C227.3 256 256 227.3 256 192C256 156.7 227.3 128 192 128C156.7 128 128 156.7 128 192C128 227.3 156.7 256 192 256z\"><\/path><\/svg><\/span><span class=\"uagb-icon-list__label\">Camino de los Descubrimientos s\/n, 41092, Sevilla, Espa\u00f1a<\/span><\/div>\n<\/div><\/div>\n\n\n\n<p>Si desea contactar con alg\u00fan investigador en particular del Grupo de Bioenerg\u00eda, aqu\u00ed puede encontrar su <a href=\"http:\/\/grupo.us.es\/bioenergia\/miembros\/\">informaci\u00f3n de contacto<\/a><\/p>\n<\/div>\n\n\n\n<div class=\"wp-block-uagb-container uagb-block-59240825\">\n<iframe src=\"https:\/\/www.google.com\/maps\/embed?pb=!1m18!1m12!1m3!1d3169.131421193795!2d-6.001275572179136!3d37.41036848113868!2m3!1f0!2f0!3f0!3m2!1i1024!2i768!4f13.1!3m3!1m2!1s0xd126b60eeaa078f%3A0x75484b48a0cbe5a7!2sETSI%20(Escuela%20T%C3%A9cnica%20Superior%20de%20Ingenier%C3%ADa)!5e0!3m2!1ses!2ses!4v1752671347340!5m2!1ses!2ses\" width=\"600\" height=\"450\" style=\"border:0;\" allowfullscreen=\"\" loading=\"lazy\" referrerpolicy=\"no-referrer-when-downgrade\"><\/iframe>\n<\/div>\n<\/div><\/div>\n\n\n\n<div id=\"formulario\" class=\"wp-block-uagb-container uagb-block-0efad370 alignfull uagb-is-root-container\"><div class=\"uagb-container-inner-blocks-wrap\">\n<div class=\"wp-block-uagb-container uagb-block-684c10a8\">\n<h2 class=\"wp-block-heading\" style=\"padding-right:10px;padding-left:10px\">Formulario de contacto<\/h2>\n\n\n\n<p style=\"padding-right:10px;padding-left:10px\">Nos pondremos en contacto contigo lo antes posible, muchas gracias.<\/p>\n\n\n\n<div class=\"wp-block-contact-form-7-contact-form-selector\"><p class=\"wpcf7-contact-form-not-found\"><strong>Error:<\/strong> Formulario de contacto no encontrado.<\/p><\/div>\n<\/div>\n\n\n\n<div class=\"wp-block-uagb-container uagb-block-1e0ec604\">\n<figure class=\"wp-block-image alignright size-full is-resized\"><img loading=\"lazy\" decoding=\"async\" width=\"100\" height=\"100\" src=\"http:\/\/grupo.us.es\/bioenergia\/wp-content\/uploads\/2025\/06\/fav.png\" alt=\"fav\" class=\"wp-image-5680\" style=\"width:50px\"\/><\/figure>\n<\/div>\n<\/div><\/div>\n","protected":false},"excerpt":{"rendered":"<p>Para cuestiones generales sobre el Grupo de Bioenerg\u00eda contactar con el Dr. Fernando Vidal Barrero a trav\u00e9s del siguiente formulario de contacto Departamento de Ingenier\u00eda Qu\u00edmica y Ambiental. Escuela T\u00e9cnica Superior de Ingenier\u00eda Si desea contactar con alg\u00fan investigador en particular del Grupo de Bioenerg\u00eda, aqu\u00ed puede encontrar su informaci\u00f3n de contacto Formulario de contacto [&hellip;]<\/p>\n","protected":false},"author":1,"featured_media":6308,"parent":0,"menu_order":0,"comment_status":"closed","ping_status":"closed","template":"","meta":{"_seopress_robots_primary_cat":"","_seopress_titles_title":"","_seopress_titles_desc":"","_seopress_robots_index":"","_uag_custom_page_level_css":"","site-sidebar-layout":"default","site-content-layout":"","ast-site-content-layout":"default","site-content-style":"default","site-sidebar-style":"default","ast-global-header-display":"","ast-banner-title-visibility":"","ast-main-header-display":"","ast-hfb-above-header-display":"","ast-hfb-below-header-display":"","ast-hfb-mobile-header-display":"","site-post-title":"","ast-breadcrumbs-content":"","ast-featured-img":"","footer-sml-layout":"","theme-transparent-header-meta":"","adv-header-id-meta":"5626","stick-header-meta":"","header-above-stick-meta":"","header-main-stick-meta":"","header-below-stick-meta":"","astra-migrate-meta-layouts":"set","ast-page-background-enabled":"default","ast-page-background-meta":{"desktop":{"background-color":"","background-image":"","background-repeat":"repeat","background-position":"center center","background-size":"auto","background-attachment":"scroll","background-type":"","background-media":"","overlay-type":"","overlay-color":"","overlay-opacity":"","overlay-gradient":""},"tablet":{"background-color":"","background-image":"","background-repeat":"repeat","background-position":"center center","background-size":"auto","background-attachment":"scroll","background-type":"","background-media":"","overlay-type":"","overlay-color":"","overlay-opacity":"","overlay-gradient":""},"mobile":{"background-color":"","background-image":"","background-repeat":"repeat","background-position":"center center","background-size":"auto","background-attachment":"scroll","background-type":"","background-media":"","overlay-type":"","overlay-color":"","overlay-opacity":"","overlay-gradient":""}},"ast-content-background-meta":{"desktop":{"background-color":"var(--ast-global-color-5)","background-image":"","background-repeat":"repeat","background-position":"center center","background-size":"auto","background-attachment":"scroll","background-type":"","background-media":"","overlay-type":"","overlay-color":"","overlay-opacity":"","overlay-gradient":""},"tablet":{"background-color":"var(--ast-global-color-5)","background-image":"","background-repeat":"repeat","background-position":"center center","background-size":"auto","background-attachment":"scroll","background-type":"","background-media":"","overlay-type":"","overlay-color":"","overlay-opacity":"","overlay-gradient":""},"mobile":{"background-color":"var(--ast-global-color-5)","background-image":"","background-repeat":"repeat","background-position":"center center","background-size":"auto","background-attachment":"scroll","background-type":"","background-media":"","overlay-type":"","overlay-color":"","overlay-opacity":"","overlay-gradient":""}},"footnotes":""},"class_list":["post-5648","page","type-page","status-publish","has-post-thumbnail","hentry"],"uagb_featured_image_src":{"full":["https:\/\/grupo.us.es\/bioenergia\/wp-content\/uploads\/2025\/07\/portada-contactar4.jpg",1440,385,false],"thumbnail":["https:\/\/grupo.us.es\/bioenergia\/wp-content\/uploads\/2025\/07\/portada-contactar4-150x150.jpg",150,150,true],"medium":["https:\/\/grupo.us.es\/bioenergia\/wp-content\/uploads\/2025\/07\/portada-contactar4-300x80.jpg",300,80,true],"medium_large":["https:\/\/grupo.us.es\/bioenergia\/wp-content\/uploads\/2025\/07\/portada-contactar4-768x205.jpg",768,205,true],"large":["https:\/\/grupo.us.es\/bioenergia\/wp-content\/uploads\/2025\/07\/portada-contactar4-1024x274.jpg",1024,274,true],"1536x1536":["https:\/\/grupo.us.es\/bioenergia\/wp-content\/uploads\/2025\/07\/portada-contactar4.jpg",1440,385,false],"2048x2048":["https:\/\/grupo.us.es\/bioenergia\/wp-content\/uploads\/2025\/07\/portada-contactar4.jpg",1440,385,false]},"uagb_author_info":{"display_name":"Master","author_link":"https:\/\/grupo.us.es\/bioenergia\/author\/plantill\/"},"uagb_comment_info":0,"uagb_excerpt":"Para cuestiones generales sobre el Grupo de Bioenerg\u00eda contactar con el Dr. Fernando Vidal Barrero a trav\u00e9s del siguiente formulario de contacto Departamento de Ingenier\u00eda Qu\u00edmica y Ambiental. Escuela T\u00e9cnica Superior de Ingenier\u00eda Si desea contactar con alg\u00fan investigador en particular del Grupo de Bioenerg\u00eda, aqu\u00ed puede encontrar su informaci\u00f3n de contacto Formulario de contacto&hellip;","_links":{"self":[{"href":"https:\/\/grupo.us.es\/bioenergia\/wp-json\/wp\/v2\/pages\/5648","targetHints":{"allow":["GET"]}}],"collection":[{"href":"https:\/\/grupo.us.es\/bioenergia\/wp-json\/wp\/v2\/pages"}],"about":[{"href":"https:\/\/grupo.us.es\/bioenergia\/wp-json\/wp\/v2\/types\/page"}],"author":[{"embeddable":true,"href":"https:\/\/grupo.us.es\/bioenergia\/wp-json\/wp\/v2\/users\/1"}],"replies":[{"embeddable":true,"href":"https:\/\/grupo.us.es\/bioenergia\/wp-json\/wp\/v2\/comments?post=5648"}],"version-history":[{"count":52,"href":"https:\/\/grupo.us.es\/bioenergia\/wp-json\/wp\/v2\/pages\/5648\/revisions"}],"predecessor-version":[{"id":6533,"href":"https:\/\/grupo.us.es\/bioenergia\/wp-json\/wp\/v2\/pages\/5648\/revisions\/6533"}],"wp:featuredmedia":[{"embeddable":true,"href":"https:\/\/grupo.us.es\/bioenergia\/wp-json\/wp\/v2\/media\/6308"}],"wp:attachment":[{"href":"https:\/\/grupo.us.es\/bioenergia\/wp-json\/wp\/v2\/media?parent=5648"}],"curies":[{"name":"wp","href":"https:\/\/api.w.org\/{rel}","templated":true}]}}