{"id":5604,"date":"2025-06-25T07:36:48","date_gmt":"2025-06-25T07:36:48","guid":{"rendered":"https:\/\/grupo.us.es\/newbioenergia\/?page_id=5604"},"modified":"2025-07-16T11:43:35","modified_gmt":"2025-07-16T11:43:35","slug":"servicios","status":"publish","type":"page","link":"https:\/\/grupo.us.es\/bioenergia\/servicios\/","title":{"rendered":"Servicios"},"content":{"rendered":"\n<div class=\"wp-block-uagb-container uagb-block-32fb161f alignfull uagb-is-root-container\"><div class=\"uagb-container-inner-blocks-wrap\">\n<p><strong>Los servicios ofrecidos por el Grupo de Bioenerg\u00eda incluyen:&nbsp;<\/strong><\/p>\n\n\n\n<h2 class=\"wp-block-heading\"><strong>Estudios y asesor\u00edas<\/strong><\/h2>\n\n\n\n<ul class=\"wp-block-list\">\n<li>Dise\u00f1o y simulaci\u00f3n de biorrefiner\u00edas y sistemas de producci\u00f3n de bioenerg\u00eda<\/li>\n\n\n\n<li>Simulaci\u00f3n CFD de nuevos equipos (reactores, reformadores, etc.)<\/li>\n\n\n\n<li>Modelado de procesos basado en datos (Big Data y Machine Learning)&nbsp;&nbsp;<\/li>\n\n\n\n<li>Asistencia cient\u00edfico-t\u00e9cnica a la operaci\u00f3n de plantas industriales de conversi\u00f3n termoqu\u00edmica de biomasas y residuos.<\/li>\n\n\n\n<li>Evaluaci\u00f3n t\u00e9cnico-econ\u00f3mica de sistemas de valorizaci\u00f3n de biomasa&nbsp;<\/li>\n\n\n\n<li>An\u00e1lisis de ciclo de vida y ciclo de vida de costes de bioproductos energ\u00e9ticos<\/li>\n\n\n\n<li>Desarrollo de herramientas multicriterio para la evaluaci\u00f3n de la sostenibilidad<\/li>\n\n\n\n<li>Definici\u00f3n de criterios de sostenibilidad para bioproductos y bioprocesos&nbsp;<\/li>\n<\/ul>\n\n\n\n<div style=\"height:40px\" aria-hidden=\"true\" class=\"wp-block-spacer\"><\/div>\n\n\n\n<h2 class=\"wp-block-heading\"><strong>Dise\u00f1o de instalaciones y equipos experimentales&nbsp;<\/strong><\/h2>\n\n\n\n<ul class=\"wp-block-list\">\n<li>Gasificadores de biomasa en lecho fluidizado<\/li>\n\n\n\n<li>Dise\u00f1o de sistemas de depuraci\u00f3n para instalaciones de gasificaci\u00f3n<\/li>\n\n\n\n<li>Reactores catal\u00edticos desde escala de laboratorio (0,5-5 g catalizador) hasta escala bench (100-500 g catalizador)<\/li>\n<\/ul>\n\n\n\n<div style=\"height:40px\" aria-hidden=\"true\" class=\"wp-block-spacer\"><\/div>\n\n\n\n<h2 class=\"wp-block-heading\"><strong>Ensayos en nuestros laboratorios y plantas piloto<\/strong><\/h2>\n\n\n\n<ul class=\"wp-block-list\">\n<li>Caracterizaci\u00f3n de residuos para identificar alternativas de valorizaci\u00f3n\n<ul class=\"wp-block-list\">\n<li>An\u00e1lisis elemental e inmediato<\/li>\n\n\n\n<li>An\u00e1lisis de inorg\u00e1nicos (cenizas)<\/li>\n<\/ul>\n<\/li>\n\n\n\n<li>Operaci\u00f3n de catalizadores bajo condiciones de operaci\u00f3n industrial\n<ul class=\"wp-block-list\">\n<li>Reactores de lecho fijo (microrreactores, 0,5-5 g catalizador) y reactor trif\u00e1sico (slurry, 1 litro capacidad)<\/li>\n\n\n\n<li>Ensayos de larga duraci\u00f3n para evaluaci\u00f3n de la actividad catal\u00edtica<\/li>\n\n\n\n<li>Determinaci\u00f3n de cin\u00e9ticas de reacci\u00f3n<\/li>\n\n\n\n<li>Estudio efecto impurezas en reactivos y ciclos de operaci\u00f3n-regeneraci\u00f3n del catalizador<\/li>\n<\/ul>\n<\/li>\n\n\n\n<li>Test de viabilidad de gasificaci\u00f3n y pir\u00f3lisis de nuevas biomasas en lecho fluidizado\n<ul class=\"wp-block-list\">\n<li>Operaci\u00f3n en continuo a escala laboratorio (3 kWth) y piloto (20 kWth)<\/li>\n\n\n\n<li>An\u00e1lisis detallado de la corriente gaseosa (gases permanentes, alquitranes, contaminantes inorg\u00e1nicos) y de las cenizas<\/li>\n\n\n\n<li>Cumplimiento con requisitos ambientales de los efluentes<\/li>\n<\/ul>\n<\/li>\n\n\n\n<li>Soluciones anal\u00edticas en cuantificaci\u00f3n de gases\n<ul class=\"wp-block-list\">\n<li>Determinaci\u00f3n de la composici\u00f3n del syngas mediante toma de muestras en planta o mediante equipos port\u00e1tiles de an\u00e1lisis.<\/li>\n<\/ul>\n<\/li>\n<\/ul>\n\n\n\n<p class=\"uag-hide-desktop uag-hide-tab uag-hide-mob\">Abengoa Bioenerg\u00eda Nuevas Tecnolog\u00edas, Abengoa Solar, Aborgase, Aimplas, Atlantic Copper, Carboliva, Catalyxx, Climate Bond Initiative, Ductolux, Edifesa, Enersur, Hynergreen, Inerco, Intermalta, Total Petrochemicals,\u00a0\u00a0Tragsa.<\/p>\n\n\n\n<div class=\"wp-block-buttons is-layout-flex wp-block-buttons-is-layout-flex\">\n<div class=\"wp-block-button\"><a class=\"wp-block-button__link wp-element-button\" href=\"http:\/\/grupo.us.es\/bioenergia\/contactar\/\">Contactar<\/a><\/div>\n<\/div>\n<\/div><\/div>\n\n\n\n<div class=\"wp-block-uagb-container uagb-block-d5002776 alignfull uagb-is-root-container\"><div class=\"uagb-container-inner-blocks-wrap\">\n<h2 class=\"wp-block-heading has-text-align-center\" style=\"margin-bottom:0\"><strong>Clientes<\/strong><\/h2>\n\n\n\n<div class=\"wp-block-uagb-container uagb-block-d67043db\">\n<div class=\"wp-block-group is-nowrap is-layout-flex wp-container-core-group-is-layout-f0acb57f wp-block-group-is-layout-flex\" style=\"padding-right:0;padding-left:0\">\n<figure class=\"wp-block-gallery has-nested-images columns-5 is-cropped galerialogos wp-block-gallery-1 wp-container-content-9cfa9a5a is-layout-flex wp-block-gallery-is-layout-flex\">\n<figure class=\"wp-block-image size-large\"><img loading=\"lazy\" decoding=\"async\" width=\"239\" height=\"159\" data-id=\"5609\" src=\"http:\/\/grupo.us.es\/bioenergia\/wp-content\/uploads\/2025\/06\/logotipos_01.jpg\" alt=\"logotipos 01\" class=\"wp-image-5609\"\/><\/figure>\n\n\n\n<figure class=\"wp-block-image size-large\"><img loading=\"lazy\" decoding=\"async\" width=\"239\" height=\"159\" data-id=\"5623\" src=\"http:\/\/grupo.us.es\/bioenergia\/wp-content\/uploads\/2025\/06\/logotipos_02-1.jpg\" alt=\"logotipos 02\" class=\"wp-image-5623\"\/><\/figure>\n\n\n\n<figure class=\"wp-block-image size-large\"><img loading=\"lazy\" decoding=\"async\" width=\"239\" height=\"159\" data-id=\"5611\" src=\"http:\/\/grupo.us.es\/bioenergia\/wp-content\/uploads\/2025\/06\/logotipos_03.jpg\" alt=\"logotipos 03\" class=\"wp-image-5611\"\/><\/figure>\n\n\n\n<figure class=\"wp-block-image size-large\"><img loading=\"lazy\" decoding=\"async\" width=\"241\" height=\"159\" data-id=\"5613\" src=\"http:\/\/grupo.us.es\/bioenergia\/wp-content\/uploads\/2025\/06\/logotipos_04.jpg\" alt=\"logotipos 04\" class=\"wp-image-5613\"\/><\/figure>\n\n\n\n<figure class=\"wp-block-image size-large\"><img loading=\"lazy\" decoding=\"async\" width=\"237\" height=\"159\" data-id=\"5612\" src=\"http:\/\/grupo.us.es\/bioenergia\/wp-content\/uploads\/2025\/06\/logotipos_05.jpg\" alt=\"logotipos 05\" class=\"wp-image-5612\"\/><\/figure>\n\n\n\n<figure class=\"wp-block-image size-large\"><img loading=\"lazy\" decoding=\"async\" width=\"239\" height=\"164\" data-id=\"5615\" src=\"http:\/\/grupo.us.es\/bioenergia\/wp-content\/uploads\/2025\/06\/logotipos_07.jpg\" alt=\"logotipos 07\" class=\"wp-image-5615\"\/><\/figure>\n\n\n\n<figure class=\"wp-block-image size-large\"><img loading=\"lazy\" decoding=\"async\" width=\"239\" height=\"164\" data-id=\"5619\" src=\"http:\/\/grupo.us.es\/bioenergia\/wp-content\/uploads\/2025\/06\/logotipos_08.jpg\" alt=\"logotipos 08\" class=\"wp-image-5619\"\/><\/figure>\n\n\n\n<figure class=\"wp-block-image size-large\"><img loading=\"lazy\" decoding=\"async\" width=\"239\" height=\"164\" data-id=\"5617\" src=\"http:\/\/grupo.us.es\/bioenergia\/wp-content\/uploads\/2025\/06\/logotipos_09.jpg\" alt=\"logotipos 09\" class=\"wp-image-5617\"\/><\/figure>\n\n\n\n<figure class=\"wp-block-image size-large\"><img loading=\"lazy\" decoding=\"async\" width=\"239\" height=\"164\" data-id=\"5621\" src=\"http:\/\/grupo.us.es\/bioenergia\/wp-content\/uploads\/2025\/06\/logotipos_10.jpg\" alt=\"logotipos 10\" class=\"wp-image-5621\"\/><\/figure>\n\n\n\n<figure class=\"wp-block-image size-large\"><img loading=\"lazy\" decoding=\"async\" width=\"237\" height=\"164\" data-id=\"5618\" src=\"http:\/\/grupo.us.es\/bioenergia\/wp-content\/uploads\/2025\/06\/logotipos_12.jpg\" alt=\"logotipos 12\" class=\"wp-image-5618\"\/><\/figure>\n\n\n\n<figure class=\"wp-block-image size-large\"><img loading=\"lazy\" decoding=\"async\" width=\"239\" height=\"164\" data-id=\"5616\" src=\"http:\/\/grupo.us.es\/bioenergia\/wp-content\/uploads\/2025\/06\/logotipos_13.jpg\" alt=\"logotipos 13\" class=\"wp-image-5616\"\/><\/figure>\n\n\n\n<figure class=\"wp-block-image size-large\"><img loading=\"lazy\" decoding=\"async\" width=\"239\" height=\"164\" data-id=\"5622\" src=\"http:\/\/grupo.us.es\/bioenergia\/wp-content\/uploads\/2025\/06\/logotipos_14.jpg\" alt=\"logotipos 14\" class=\"wp-image-5622\"\/><\/figure>\n\n\n\n<figure class=\"wp-block-image size-large\"><img loading=\"lazy\" decoding=\"async\" width=\"239\" height=\"164\" data-id=\"5614\" src=\"http:\/\/grupo.us.es\/bioenergia\/wp-content\/uploads\/2025\/06\/logotipos_15.jpg\" alt=\"logotipos 15\" class=\"wp-image-5614\"\/><\/figure>\n\n\n\n<figure class=\"wp-block-image size-large\"><img loading=\"lazy\" decoding=\"async\" width=\"239\" height=\"164\" data-id=\"5620\" src=\"http:\/\/grupo.us.es\/bioenergia\/wp-content\/uploads\/2025\/06\/logotipos_16.jpg\" alt=\"logotipos 16\" class=\"wp-image-5620\"\/><\/figure>\n<\/figure>\n<\/div>\n<\/div>\n<\/div><\/div>\n","protected":false},"excerpt":{"rendered":"<p>Los servicios ofrecidos por el Grupo de Bioenerg\u00eda incluyen:&nbsp; Estudios y asesor\u00edas Dise\u00f1o de instalaciones y equipos experimentales&nbsp; Ensayos en nuestros laboratorios y plantas piloto Abengoa Bioenerg\u00eda Nuevas Tecnolog\u00edas, Abengoa Solar, Aborgase, Aimplas, Atlantic Copper, Carboliva, Catalyxx, Climate Bond Initiative, Ductolux, Edifesa, Enersur, Hynergreen, Inerco, Intermalta, Total Petrochemicals,\u00a0\u00a0Tragsa. Clientes<\/p>\n","protected":false},"author":1,"featured_media":5983,"parent":0,"menu_order":0,"comment_status":"closed","ping_status":"closed","template":"","meta":{"_seopress_robots_primary_cat":"","_seopress_titles_title":"","_seopress_titles_desc":"","_seopress_robots_index":"","_uag_custom_page_level_css":"","site-sidebar-layout":"default","site-content-layout":"","ast-site-content-layout":"default","site-content-style":"default","site-sidebar-style":"default","ast-global-header-display":"","ast-banner-title-visibility":"","ast-main-header-display":"","ast-hfb-above-header-display":"","ast-hfb-below-header-display":"","ast-hfb-mobile-header-display":"","site-post-title":"","ast-breadcrumbs-content":"","ast-featured-img":"","footer-sml-layout":"","theme-transparent-header-meta":"","adv-header-id-meta":"5626","stick-header-meta":"","header-above-stick-meta":"","header-main-stick-meta":"","header-below-stick-meta":"","astra-migrate-meta-layouts":"set","ast-page-background-enabled":"default","ast-page-background-meta":{"desktop":{"background-color":"","background-image":"","background-repeat":"repeat","background-position":"center center","background-size":"auto","background-attachment":"scroll","background-type":"","background-media":"","overlay-type":"","overlay-color":"","overlay-opacity":"","overlay-gradient":""},"tablet":{"background-color":"","background-image":"","background-repeat":"repeat","background-position":"center center","background-size":"auto","background-attachment":"scroll","background-type":"","background-media":"","overlay-type":"","overlay-color":"","overlay-opacity":"","overlay-gradient":""},"mobile":{"background-color":"","background-image":"","background-repeat":"repeat","background-position":"center center","background-size":"auto","background-attachment":"scroll","background-type":"","background-media":"","overlay-type":"","overlay-color":"","overlay-opacity":"","overlay-gradient":""}},"ast-content-background-meta":{"desktop":{"background-color":"var(--ast-global-color-5)","background-image":"","background-repeat":"repeat","background-position":"center center","background-size":"auto","background-attachment":"scroll","background-type":"","background-media":"","overlay-type":"","overlay-color":"","overlay-opacity":"","overlay-gradient":""},"tablet":{"background-color":"var(--ast-global-color-5)","background-image":"","background-repeat":"repeat","background-position":"center center","background-size":"auto","background-attachment":"scroll","background-type":"","background-media":"","overlay-type":"","overlay-color":"","overlay-opacity":"","overlay-gradient":""},"mobile":{"background-color":"var(--ast-global-color-5)","background-image":"","background-repeat":"repeat","background-position":"center center","background-size":"auto","background-attachment":"scroll","background-type":"","background-media":"","overlay-type":"","overlay-color":"","overlay-opacity":"","overlay-gradient":""}},"footnotes":""},"class_list":["post-5604","page","type-page","status-publish","has-post-thumbnail","hentry"],"uagb_featured_image_src":{"full":["https:\/\/grupo.us.es\/bioenergia\/wp-content\/uploads\/2025\/07\/portada-servicios.jpg",1440,385,false],"thumbnail":["https:\/\/grupo.us.es\/bioenergia\/wp-content\/uploads\/2025\/07\/portada-servicios-150x150.jpg",150,150,true],"medium":["https:\/\/grupo.us.es\/bioenergia\/wp-content\/uploads\/2025\/07\/portada-servicios-300x80.jpg",300,80,true],"medium_large":["https:\/\/grupo.us.es\/bioenergia\/wp-content\/uploads\/2025\/07\/portada-servicios-768x205.jpg",768,205,true],"large":["https:\/\/grupo.us.es\/bioenergia\/wp-content\/uploads\/2025\/07\/portada-servicios-1024x274.jpg",1024,274,true],"1536x1536":["https:\/\/grupo.us.es\/bioenergia\/wp-content\/uploads\/2025\/07\/portada-servicios.jpg",1440,385,false],"2048x2048":["https:\/\/grupo.us.es\/bioenergia\/wp-content\/uploads\/2025\/07\/portada-servicios.jpg",1440,385,false]},"uagb_author_info":{"display_name":"Master","author_link":"https:\/\/grupo.us.es\/bioenergia\/author\/plantill\/"},"uagb_comment_info":0,"uagb_excerpt":"Los servicios ofrecidos por el Grupo de Bioenerg\u00eda incluyen:&nbsp; Estudios y asesor\u00edas Dise\u00f1o de instalaciones y equipos experimentales&nbsp; Ensayos en nuestros laboratorios y plantas piloto Abengoa Bioenerg\u00eda Nuevas Tecnolog\u00edas, Abengoa Solar, Aborgase, Aimplas, Atlantic Copper, Carboliva, Catalyxx, Climate Bond Initiative, Ductolux, Edifesa, Enersur, Hynergreen, Inerco, Intermalta, Total Petrochemicals,\u00a0\u00a0Tragsa. Clientes","_links":{"self":[{"href":"https:\/\/grupo.us.es\/bioenergia\/wp-json\/wp\/v2\/pages\/5604","targetHints":{"allow":["GET"]}}],"collection":[{"href":"https:\/\/grupo.us.es\/bioenergia\/wp-json\/wp\/v2\/pages"}],"about":[{"href":"https:\/\/grupo.us.es\/bioenergia\/wp-json\/wp\/v2\/types\/page"}],"author":[{"embeddable":true,"href":"https:\/\/grupo.us.es\/bioenergia\/wp-json\/wp\/v2\/users\/1"}],"replies":[{"embeddable":true,"href":"https:\/\/grupo.us.es\/bioenergia\/wp-json\/wp\/v2\/comments?post=5604"}],"version-history":[{"count":23,"href":"https:\/\/grupo.us.es\/bioenergia\/wp-json\/wp\/v2\/pages\/5604\/revisions"}],"predecessor-version":[{"id":6277,"href":"https:\/\/grupo.us.es\/bioenergia\/wp-json\/wp\/v2\/pages\/5604\/revisions\/6277"}],"wp:featuredmedia":[{"embeddable":true,"href":"https:\/\/grupo.us.es\/bioenergia\/wp-json\/wp\/v2\/media\/5983"}],"wp:attachment":[{"href":"https:\/\/grupo.us.es\/bioenergia\/wp-json\/wp\/v2\/media?parent=5604"}],"curies":[{"name":"wp","href":"https:\/\/api.w.org\/{rel}","templated":true}]}}