{"id":6175,"date":"2025-06-24T15:38:20","date_gmt":"2025-06-24T15:38:20","guid":{"rendered":"https:\/\/grupo.us.es\/newbioenergia\/thesis\/"},"modified":"2025-07-18T06:08:30","modified_gmt":"2025-07-18T06:08:30","slug":"thesis","status":"publish","type":"page","link":"https:\/\/grupo.us.es\/bioenergia\/en\/thesis\/","title":{"rendered":"Thesis"},"content":{"rendered":"\n<div class=\"wp-block-uagb-container uagb-block-38bd0338 alignfull uagb-is-root-container\"><div class=\"uagb-container-inner-blocks-wrap\">\n<h2 class=\"wp-block-heading\">2023<\/h2>\n\n\n\n<ul class=\"wp-block-list\">\n<li style=\"margin-bottom:var(--wp--preset--spacing--40)\">Vanessa Ferreira de Almeida. <strong>Gasificaci\u00f3n de residuos urbanos en lecho fluidizado: distribuci\u00f3n de compuestos inorg\u00e1nicos y traza.<\/strong><em> Department of Chemical and Environmental Engineering.<\/em> Universidad de Sevilla. Junio 2023. <a href=\"https:\/\/idus.us.es\/items\/f82b0bed-463c-4e6c-ab98-20609877ea35\" target=\"_blank\" rel=\"noreferrer noopener\"><strong>Access Document<\/strong><\/a><\/li>\n\n\n\n<li style=\"margin-bottom:var(--wp--preset--spacing--40)\">Karla Bel\u00e9n Guerra Huilca. <strong>Flexibility and stability constraints in the future power system with a high share of variable renewable energy: the role of new generation and storage technologies (hydrogen)<\/strong> <em>Department of Chemical and Enviromental Engineering. <\/em>University of Seville. May 2023. <a href=\"https:\/\/idus.us.es\/items\/4e2e54d0-d341-4d2f-8c07-527d1942c286\" target=\"_blank\" rel=\"noreferrer noopener\"><strong>Access Document<\/strong><\/a><\/li>\n<\/ul>\n\n\n\n<h2 class=\"wp-block-heading\">2022<\/h2>\n\n\n\n<ul class=\"wp-block-list\">\n<li style=\"margin-bottom:var(--wp--preset--spacing--40)\">Montserrat Su\u00e1rez Almeida. <strong>Solar gasification in dual fluidized bed using solids as heat carrier.<\/strong> <em>Department of Chemical and Enviromental Engineering.<\/em> University of Seville. July 2022. <a href=\"https:\/\/idus.us.es\/items\/da72d6de-4ba8-4c04-941c-c29c66575c14\" target=\"_blank\" rel=\"noreferrer noopener\"><strong>Access Document<\/strong><\/a><\/li>\n\n\n\n<li style=\"margin-bottom:var(--wp--preset--spacing--40)\">Ra\u00fal Ernesto Guti\u00e9rrez-\u00c1lvarez. <strong>Electricity, fuels, and chemicals from near-commercial concentrated solar-biomass hybrid solutions: a techno-economic assessment.<\/strong> <em>Department of Chemical and Enviromental Engineering.<\/em> University of Seville. July 2022. <a href=\"https:\/\/idus.us.es\/items\/f54268a3-787f-4e62-97e1-77cb9592ce6c\" target=\"_blank\" rel=\"noreferrer noopener\"><strong>Access Document<\/strong><\/a><\/li>\n<\/ul>\n\n\n\n<h2 class=\"wp-block-heading\">2020<\/h2>\n\n\n\n<ul class=\"wp-block-list\">\n<li style=\"margin-bottom:var(--wp--preset--spacing--40)\">Camilo Ernesto Cabrera Camacho. <strong>Estudio tecno-econ\u00f3mico y an\u00e1lisis de ciclo de vida de la producci\u00f3n de biobutadieno a partir de bioetanol.<\/strong> <em>Department of Chemical and Environmental Engineering.<\/em> Universidad de Sevilla. Septiembre 2020. <a href=\"https:\/\/idus.us.es\/items\/a3e0155b-a12c-47f1-9c4a-b4c8e5ef3e57\" target=\"_blank\" rel=\"noreferrer noopener\"><strong>Access Document<\/strong><\/a><\/li>\n\n\n\n<li style=\"margin-bottom:var(--wp--preset--spacing--40)\">Gracia Mar\u00eda Cabello Gonz\u00e1lez. <strong>Experimental study and reaction kinetics of 1,3-butadiene synthesis from bioethanol over a Hf-Zn\/SiO2 catalyst.<\/strong> <em>Department of Chemical and Enviromental Engineering.<\/em> University of Seville. July 2020. <a href=\"https:\/\/idus.us.es\/items\/d9658fda-7046-48bd-bd45-148211fcbdf5\" target=\"_blank\" rel=\"noreferrer noopener\"><strong>Access Document<\/strong><\/a><\/li>\n\n\n\n<li style=\"margin-bottom:var(--wp--preset--spacing--40)\">Miguel \u00c1ngel V\u00e1zquez Dom\u00ednguez. <strong>Contribuci\u00f3n al desarrollo de biorrefiner\u00edas termoqu\u00edmicas basadas en la hidrocarbonilaci\u00f3n de DME.<\/strong> <em>Department of Chemical and Environmental Engineering. <\/em>Universidad de Sevilla. Enero 2020. <a href=\"https:\/\/idus.us.es\/items\/68cbf468-ecf8-49aa-ad6c-85c16e956fc4\" target=\"_blank\" rel=\"noreferrer noopener\"><strong>Access Document<\/strong><\/a><\/li>\n<\/ul>\n\n\n\n<h2 class=\"wp-block-heading\">2019<\/h2>\n\n\n\n<ul class=\"wp-block-list\">\n<li style=\"margin-bottom:var(--wp--preset--spacing--40)\">Ana Cornejo Fern\u00e1ndez-Gao. <strong>Obtenci\u00f3n de aditivos oxigenados para combustibles a partir de glicerina.<\/strong> <em>Department of Chemical and Environmental Engineering.<\/em> Universidad de Sevilla. Mayo 2019. <a href=\"https:\/\/dialnet.unirioja.es\/servlet\/tesis?codigo=221819\" target=\"_blank\" rel=\"noreferrer noopener\"><strong>Access Document<\/strong><\/a><\/li>\n<\/ul>\n\n\n\n<h2 class=\"wp-block-heading\">2018<\/h2>\n\n\n\n<ul class=\"wp-block-list\">\n<li>Jes\u00fas Salinero Gonz\u00e1lez. <strong>Medida de la temperatura superficial de combusti\u00f3n de carbonizado mediante pirometr\u00eda con c\u00e1mara digital para estudiar el efecto del CO2 en su oxi-conversi\u00f3n en reactores de lecho fluido.<\/strong> <em>Department of Chemical and Environmental Engineering.<\/em> Universidad de Sevilla. Febrero 2018. <a href=\"https:\/\/idus.us.es\/items\/dd0bba17-f48b-4e2b-a850-8ff6c50f3f91\" target=\"_blank\" rel=\"noreferrer noopener\"><strong>Access Document<\/strong><\/a><\/li>\n<\/ul>\n\n\n\n<h2 class=\"wp-block-heading\">2017<\/h2>\n\n\n\n<ul class=\"wp-block-list\">\n<li style=\"margin-bottom:var(--wp--preset--spacing--40)\">Cristina L\u00f3pez Aracil. <strong>Time-integrated GHG emissions in advanced waste-to-energy plants producing fuels, chemicals and electricity from MSW refuse.<\/strong> <em>Department of Chemical and Enviromental Engineering.<\/em> University of Seville. July 2017. <a href=\"http:\/\/hdl.handle.net\/11441\/63970\" target=\"_blank\" rel=\"noreferrer noopener\"><strong>Access Document<\/strong><\/a><\/li>\n\n\n\n<li>Mar\u00eda de los \u00c1ngeles Portillo Crespo. <strong>Estudio experimental y modelado de la cin\u00e9tica de catalizadores basados en sulfuro de molibdeno para la s\u00edntesis de etanol.<\/strong> <em>Department of Chemical and Enviromental Engineering.<\/em> University of Seville. March 2017. <a href=\"http:\/\/hdl.handle.net\/11441\/59489\" target=\"_blank\" rel=\"noreferrer noopener\"><strong>Access Document<\/strong><\/a><\/li>\n<\/ul>\n\n\n\n<h2 class=\"wp-block-heading\">2015<\/h2>\n\n\n\n<ul class=\"wp-block-list\">\n<li style=\"margin-bottom:var(--wp--preset--spacing--40)\">Carmen M\u00aa. Reyes Valle. <strong>Estudio t\u00e9cnico-econ\u00f3mico y an\u00e1lisis de ciclo de vida de la producci\u00f3n de etanol a partir de biomasa lignocelul\u00f3sica por la v\u00eda termoqu\u00edmica.<\/strong> <em>Department of Chemical and Enviromental Engineering.<\/em> University of Seville. July 2015. <a href=\"http:\/\/hdl.handle.net\/11441\/31210\" target=\"_blank\" rel=\"noreferrer noopener\"><strong>Access Document<\/strong><\/a><\/li>\n\n\n\n<li style=\"margin-bottom:var(--wp--preset--spacing--40)\">Sebasti\u00e1n Mart\u00ednez Galera. <strong>Estudio de la conversi\u00f3n termoqu\u00edmica de glicerina a hidr\u00f3geno y electricidad mediante reformado con agua supercr\u00edtica. Evaluaci\u00f3n tecno-econ\u00f3mica y an\u00e1lisis de ciclo de vida. <\/strong> <em>Department of Chemical and Enviromental Engineering.<\/em> University of Seville. July 2015. <a href=\"http:\/\/hdl.handle.net\/11441\/27154\" target=\"_blank\" rel=\"noreferrer noopener\"><strong>Access Document<\/strong><\/a><\/li>\n<\/ul>\n\n\n\n<h2 class=\"wp-block-heading\">2014<\/h2>\n\n\n\n<ul class=\"wp-block-list\">\n<li style=\"margin-bottom:var(--wp--preset--spacing--40)\">Ana M\u00aa Serrera Cobos. <strong>Estudio de la conversi\u00f3n termoqu\u00edmica de glicerina a gas de s\u00edntesis mediante reformado con agua supercr\u00edtica. Evaluaci\u00f3n de las aplicaciones del gas de s\u00edntesis. <\/strong> <em>Department of Chemical and Enviromental Engineering.<\/em> University of Seville. July 2014. <\/li>\n<\/ul>\n\n\n\n<h2 class=\"wp-block-heading\">2013<\/h2>\n\n\n\n<ul class=\"wp-block-list\">\n<li style=\"margin-bottom:var(--wp--preset--spacing--40)\">Pedro G. Haro. <strong>Thermochemical Biorefineries based on DME as platform chemical: conceptual design and technoeconomic assessment<\/strong> <em>Department of Chemical and Enviromental Engineering. <\/em>University of Seville. June 2013. <a href=\"http:\/\/hdl.handle.net\/11441\/24290\" target=\"_blank\" rel=\"noreferrer noopener\"><strong>Access Document<\/strong><\/a><\/li>\n\n\n\n<li style=\"margin-bottom:var(--wp--preset--spacing--40)\">Diego J. Fuentes Cano. <strong>Studies on tar formation and conversion for the development of a three-stage gasifier.<\/strong> <em>Department of Chemical and Enviromental Engineering. <\/em>University of Seville. April 2013. <a href=\"http:\/\/hdl.handle.net\/11441\/56598\" target=\"_blank\" rel=\"noreferrer noopener\"><strong>Access Document<\/strong><\/a><\/li>\n<\/ul>\n\n\n\n<h2 class=\"wp-block-heading\">2012<\/h2>\n\n\n\n<ul class=\"wp-block-list\">\n<li style=\"margin-bottom:var(--wp--preset--spacing--40)\">Susanna Louise Nilsson. <strong>Modeling and simulation of a three-stage gasification technology for waste and biomass.<\/strong> <em>Department of Chemical and Enviromental Engineering. <\/em>University of Seville. June 2012. <br><\/li>\n<\/ul>\n\n\n\n<h2 class=\"wp-block-heading\">2009<\/h2>\n\n\n\n<ul class=\"wp-block-list\">\n<li style=\"margin-bottom:var(--wp--preset--spacing--40)\">Manuel Campoy Naranjo. <strong>Biomass and waste gasification in fluidised bed: pilot plant studies. <\/strong><em>Department of Chemical and Enviromental Engineering<\/em>. University of Seville. May 2009  <br><\/li>\n<\/ul>\n\n\n\n<h2 class=\"wp-block-heading\">2006<\/h2>\n\n\n\n<ul class=\"wp-block-list\">\n<li style=\"margin-bottom:var(--wp--preset--spacing--40)\">Alberto G\u00f3mez Barea. <strong>Modelling of diffusional effects during gasification of biomass char particles in fluidised bed. <\/strong><em>Department of Chemical and Enviromental Engineering. <\/em>University of Seville. May 2006 <br><\/li>\n<\/ul>\n<\/div><\/div>\n","protected":false},"excerpt":{"rendered":"<p>2023 2022 2020 2019 2018 2017 2015 2014 2013 2012 2009 2006<\/p>\n","protected":false},"author":1,"featured_media":6163,"parent":0,"menu_order":0,"comment_status":"closed","ping_status":"closed","template":"","meta":{"_seopress_robots_primary_cat":"","_seopress_titles_title":"","_seopress_titles_desc":"","_seopress_robots_index":"","_uag_custom_page_level_css":"","site-sidebar-layout":"default","site-content-layout":"","ast-site-content-layout":"default","site-content-style":"default","site-sidebar-style":"default","ast-global-header-display":"","ast-banner-title-visibility":"","ast-main-header-display":"","ast-hfb-above-header-display":"","ast-hfb-below-header-display":"","ast-hfb-mobile-header-display":"","site-post-title":"","ast-breadcrumbs-content":"","ast-featured-img":"","footer-sml-layout":"","theme-transparent-header-meta":"","adv-header-id-meta":"5626","stick-header-meta":"","header-above-stick-meta":"","header-main-stick-meta":"","header-below-stick-meta":"","astra-migrate-meta-layouts":"set","ast-page-background-enabled":"default","ast-page-background-meta":{"desktop":{"background-color":"","background-image":"","background-repeat":"repeat","background-position":"center center","background-size":"auto","background-attachment":"scroll","background-type":"","background-media":"","overlay-type":"","overlay-color":"","overlay-opacity":"","overlay-gradient":""},"tablet":{"background-color":"","background-image":"","background-repeat":"repeat","background-position":"center center","background-size":"auto","background-attachment":"scroll","background-type":"","background-media":"","overlay-type":"","overlay-color":"","overlay-opacity":"","overlay-gradient":""},"mobile":{"background-color":"","background-image":"","background-repeat":"repeat","background-position":"center center","background-size":"auto","background-attachment":"scroll","background-type":"","background-media":"","overlay-type":"","overlay-color":"","overlay-opacity":"","overlay-gradient":""}},"ast-content-background-meta":{"desktop":{"background-color":"var(--ast-global-color-5)","background-image":"","background-repeat":"repeat","background-position":"center center","background-size":"auto","background-attachment":"scroll","background-type":"","background-media":"","overlay-type":"","overlay-color":"","overlay-opacity":"","overlay-gradient":""},"tablet":{"background-color":"var(--ast-global-color-5)","background-image":"","background-repeat":"repeat","background-position":"center center","background-size":"auto","background-attachment":"scroll","background-type":"","background-media":"","overlay-type":"","overlay-color":"","overlay-opacity":"","overlay-gradient":""},"mobile":{"background-color":"var(--ast-global-color-5)","background-image":"","background-repeat":"repeat","background-position":"center center","background-size":"auto","background-attachment":"scroll","background-type":"","background-media":"","overlay-type":"","overlay-color":"","overlay-opacity":"","overlay-gradient":""}},"footnotes":""},"class_list":["post-6175","page","type-page","status-publish","has-post-thumbnail","hentry"],"uagb_featured_image_src":{"full":["https:\/\/grupo.us.es\/bioenergia\/wp-content\/uploads\/2025\/07\/portada-tesis.jpg",1440,385,false],"thumbnail":["https:\/\/grupo.us.es\/bioenergia\/wp-content\/uploads\/2025\/07\/portada-tesis-150x150.jpg",150,150,true],"medium":["https:\/\/grupo.us.es\/bioenergia\/wp-content\/uploads\/2025\/07\/portada-tesis-300x80.jpg",300,80,true],"medium_large":["https:\/\/grupo.us.es\/bioenergia\/wp-content\/uploads\/2025\/07\/portada-tesis-768x205.jpg",768,205,true],"large":["https:\/\/grupo.us.es\/bioenergia\/wp-content\/uploads\/2025\/07\/portada-tesis-1024x274.jpg",1024,274,true],"1536x1536":["https:\/\/grupo.us.es\/bioenergia\/wp-content\/uploads\/2025\/07\/portada-tesis.jpg",1440,385,false],"2048x2048":["https:\/\/grupo.us.es\/bioenergia\/wp-content\/uploads\/2025\/07\/portada-tesis.jpg",1440,385,false]},"uagb_author_info":{"display_name":"Master","author_link":"https:\/\/grupo.us.es\/bioenergia\/en\/author\/plantill\/"},"uagb_comment_info":0,"uagb_excerpt":"2023 2022 2020 2019 2018 2017 2015 2014 2013 2012 2009 2006","_links":{"self":[{"href":"https:\/\/grupo.us.es\/bioenergia\/en\/wp-json\/wp\/v2\/pages\/6175","targetHints":{"allow":["GET"]}}],"collection":[{"href":"https:\/\/grupo.us.es\/bioenergia\/en\/wp-json\/wp\/v2\/pages"}],"about":[{"href":"https:\/\/grupo.us.es\/bioenergia\/en\/wp-json\/wp\/v2\/types\/page"}],"author":[{"embeddable":true,"href":"https:\/\/grupo.us.es\/bioenergia\/en\/wp-json\/wp\/v2\/users\/1"}],"replies":[{"embeddable":true,"href":"https:\/\/grupo.us.es\/bioenergia\/en\/wp-json\/wp\/v2\/comments?post=6175"}],"version-history":[{"count":2,"href":"https:\/\/grupo.us.es\/bioenergia\/en\/wp-json\/wp\/v2\/pages\/6175\/revisions"}],"predecessor-version":[{"id":6359,"href":"https:\/\/grupo.us.es\/bioenergia\/en\/wp-json\/wp\/v2\/pages\/6175\/revisions\/6359"}],"wp:featuredmedia":[{"embeddable":true,"href":"https:\/\/grupo.us.es\/bioenergia\/en\/wp-json\/wp\/v2\/media\/6163"}],"wp:attachment":[{"href":"https:\/\/grupo.us.es\/bioenergia\/en\/wp-json\/wp\/v2\/media?parent=6175"}],"curies":[{"name":"wp","href":"https:\/\/api.w.org\/{rel}","templated":true}]}}