{"id":957,"date":"2013-05-16T12:05:18","date_gmt":"2013-05-16T12:05:18","guid":{"rendered":"http:\/\/grupo.us.es\/atlas\/?page_id=957"},"modified":"2026-01-23T11:44:33","modified_gmt":"2026-01-23T10:44:33","slug":"francisco-jose-sanchez-diaz","status":"publish","type":"page","link":"https:\/\/grupo.us.es\/atlas\/index.php\/descripcion\/integrantes\/francisco-jose-sanchez-diaz\/","title":{"rendered":"Francisco Jos\u00e9 S\u00e1nchez D\u00edaz"},"content":{"rendered":"\n<figure class=\"wp-block-image size-full\"><img loading=\"lazy\" decoding=\"async\" width=\"179\" height=\"184\" src=\"https:\/\/grupo.us.es\/atlas\/wp-content\/uploads\/2026\/01\/Kiko2025.jpg\" alt=\"\" class=\"wp-image-5629\"\/><\/figure>\n\n\n\n<p>Biograf\u00eda<\/p>\n\n\n\n<p>Francisco S\u00e1nchez D\u00edaz (Minas de Riotinto, Huelva, Espa\u00f1a, 1961) es doctor en Historia. Licenciado en Geograf\u00eda e Historia por la Universidad de Sevilla (1979-1984) y Doctor en Prehistoria por la Universidad de Sevilla (2025). En su experiencia profesional como ge\u00f3grafo ha trabajado en proyectos de planificaci\u00f3n de infraestructuras en la Diputaci\u00f3n de Sevilla y en la Consejer\u00eda de Obras P\u00fablicas y Transportes, en la redacci\u00f3n de planeamiento urban\u00edstico y en planes de ordenaci\u00f3n del territorio. En el Instituto de Cartograf\u00eda de Andaluc\u00eda ha sido coordinador de los sistemas de informaci\u00f3n geogr\u00e1fica de la Junta de Andaluc\u00eda, director del Atlas de Andaluc\u00eda y administrador de la Infraestructura de Datos Espaciales de Andaluc\u00eda. Su especializaci\u00f3n en los SIG le ha llevado a desempe\u00f1ar labores de secretar\u00eda en la Comisi\u00f3n de Cartograf\u00eda de Andaluc\u00eda y en el Consejo Superior Geogr\u00e1fico. Igualmente ha realizado funciones de documentaci\u00f3n cartogr\u00e1fica en el Instituto Andaluz de Patrimonio Hist\u00f3rico. Actualmente forma parte del Observatorio de la Desigualdad de Andaluc\u00eda y del Grupo de Investigaci\u00f3n Atlas: Territorios y Paisajes en la Prehistoria Reciente de Andaluc\u00eda (HUM-694).<\/p>\n\n\n\n<p>L\u00edneas de investigaci\u00f3n<\/p>\n\n\n\n<p>Como profesional libre e investigador ha desarrollado varias l\u00edneas de trabajo en torno al poblamiento prehist\u00f3rico, la evoluci\u00f3n del paisaje, la arqueolog\u00eda industrial y las desigualdades sociales en el territorio.<\/p>\n\n\n\n<p>Dedicaci\u00f3n actual<\/p>\n\n\n\n<p>Jefe del \u00c1rea de Planificaci\u00f3n. Inspecci\u00f3n de Ordenaci\u00f3n del Territorio y Urbanismo. Junta de Andaluc\u00eda.<\/p>\n\n\n\n<p>Publicaciones m\u00e1s relevantes<\/p>\n\n\n\n<ol class=\"wp-block-list\">\n<li>1\u201cGu\u00eda de recursos culturales de la Provincia de Sevilla\u201d. Fundaci\u00f3n Lu\u00eds Cernuda. 1988.<\/li>\n\n\n\n<li> \u201cInforme Diagn\u00f3stico del Conjunto Hist\u00f3rico de Minas de la Reuni\u00f3n\u201d. Junta de Andaluc\u00eda. 1990.<\/li>\n\n\n\n<li> \u201cDesarrollo de la base de datos geogr\u00e1fica de conjuntos hist\u00f3ricos y patrimonio arquitect\u00f3nico\u201d. Bolet\u00edn del IAPH n\u00ba 22, marzo 1998, pags. 102 \u2013 105.<\/li>\n\n\n\n<li> \u201cMudun Medinas: un producto de la cooperaci\u00f3n para la difusi\u00f3n de un patrimonio cultural com\u00fan\u201d. Bolet\u00edn del IAPH n\u00ba 37, diciembre 2001, pags. 230-236.<\/li>\n\n\n\n<li>.\u201cGeograf\u00eda de un paisaje herido\u201d. La cuenca minera: historia, voz y paisaje. ADR Cuenca Minera de Riotinto. 2008.<\/li>\n\n\n\n<li>\u201cMapa de fosas de las v\u00edctimas de la guerra civil y la posguerra en Andaluc\u00eda\u201d. Junta de Andaluc\u00eda. 2010<\/li>\n\n\n\n<li> \u201cAplicaci\u00f3n de las tecnolog\u00edas de la informaci\u00f3n geogr\u00e1fica a la gesti\u00f3n del patrimonio cultural.\u201d PH n\u00ba 77, febrero 2011, pags: 94-100.<\/li>\n\n\n\n<li>\u201cExperiencias de cartograf\u00eda colaborativa en la web 2.0\u2033. Mapping n\u00ba 148, julio 2011, pags. 100-104.<\/li>\n\n\n\n<li>\u201cNetwork monitoring: tracking Inspire in Europe\u201d. International Conference of GIS users. Universit\u00e9 du Fez, mayo 2012, pag. 32.<\/li>\n\n\n\n<li> \u201cLas desigualdades sociales en el territorio: pueblos, ciudades y barrios\u201d. II Informe del Observatorio de Desigualdad de Andaluc\u00eda. Junio 2018, pp 141-163.<\/li>\n\n\n\n<li>\u201cThe \u201cMegalithisation\u201d of Iberia: A Spatio-Temporal Model\u201d. L&#8217;Anthropologie, 2022, Volumen 126, N\u00fam. 5.<\/li>\n\n\n\n<li>\u201cHipsometr\u00eda mediante LiDAR del territorio calcol\u00edtico de La Zarcita\u201d. XI Encontro de Arqueologia do Sudoeste Peninsular, Loul\u00e9, 2021.<\/li>\n\n\n\n<li>\u201cPotential and limitations of LiDAR altimetry in archaeological survey: Copper Age and Bronze Age settlements in southern Iberia\u201d. Archaeological Prospection, 2022, Volumen 29, N\u00fam. 4.<\/li>\n\n\n\n<li>\u201cDesigualdades sociales urbanas y sobremortalidad en las ciudades andaluzas\u201d. XVII Coloquio de Geograf\u00eda Urbana, Burgos, 2024.<\/li>\n\n\n\n<li> \u201cPrime time. La temporalidad de las pr\u00e1cticas funerarias en el megasitio de la Edad del Cobre de Valencina (c. 2900-2650 a. C.)\u201d. Trabajos de Prehistoria, 2024, Volumen 81, N\u00fam. 2.<\/li>\n\n\n\n<li> \u201cNuevos datos sobre el yacimiento El Pe\u00f1\u00f3n de Pe\u00f1arroya-Pueblonuevo\u201d. Cuadernos de Prehistoria y Arqueolog\u00eda de la Universidad Aut\u00f3noma de Madrid, 2025, Volumen 51, N\u00fam. 1.<\/li>\n\n\n\n<li>\u201cThe decline of Iberian megasites and the 4.2 event\u201d. 19th Conference of Environmental Archaeology, Nitra, 2025.<\/li>\n\n\n\n<li>\u201cTime, Sustainability, and \u2018Collapse\u2019 in the Iberian Copper Age Mega-Sites\u201d. Journal of Urban Archaeology, 2025, N\u00fam. 11.<\/li>\n\n\n\n<li>\u201cModelos espacio-temporales en Arqueolog\u00eda: las formas de asentamiento en la Prehistoria Reciente\u201d. Tesis Doctoral, Universidad de Sevilla, 2025.<\/li>\n\n\n\n<li>\u201cC\u00f3mo Identificar los cambios, crisis y colapsos\u201d. TAG ib\u00e9rico, \u00c9vora, 2026.<\/li>\n<\/ol>\n\n\n\n<p><\/p>\n","protected":false},"excerpt":{"rendered":"<p>Biograf\u00eda Francisco S\u00e1nchez D\u00edaz (Minas de Riotinto, Huelva, Espa\u00f1a, 1961) es doctor en Historia. Licenciado en Geograf\u00eda e Historia por [&hellip;]<\/p>\n","protected":false},"author":0,"featured_media":0,"parent":790,"menu_order":0,"comment_status":"closed","ping_status":"open","template":"","meta":{"_uag_custom_page_level_css":"","site-sidebar-layout":"default","site-content-layout":"","ast-site-content-layout":"default","site-content-style":"default","site-sidebar-style":"default","ast-global-header-display":"","ast-banner-title-visibility":"","ast-main-header-display":"","ast-hfb-above-header-display":"","ast-hfb-below-header-display":"","ast-hfb-mobile-header-display":"","site-post-title":"","ast-breadcrumbs-content":"","ast-featured-img":"","footer-sml-layout":"","theme-transparent-header-meta":"","adv-header-id-meta":"","stick-header-meta":"","header-above-stick-meta":"","header-main-stick-meta":"","header-below-stick-meta":"","astra-migrate-meta-layouts":"default","ast-page-background-enabled":"default","ast-page-background-meta":{"desktop":{"background-color":"var(--ast-global-color-5)","background-image":"","background-repeat":"repeat","background-position":"center center","background-size":"auto","background-attachment":"scroll","background-type":"","background-media":"","overlay-type":"","overlay-color":"","overlay-opacity":"","overlay-gradient":""},"tablet":{"background-color":"","background-image":"","background-repeat":"repeat","background-position":"center center","background-size":"auto","background-attachment":"scroll","background-type":"","background-media":"","overlay-type":"","overlay-color":"","overlay-opacity":"","overlay-gradient":""},"mobile":{"background-color":"","background-image":"","background-repeat":"repeat","background-position":"center center","background-size":"auto","background-attachment":"scroll","background-type":"","background-media":"","overlay-type":"","overlay-color":"","overlay-opacity":"","overlay-gradient":""}},"ast-content-background-meta":{"desktop":{"background-color":"var(--ast-global-color-4)","background-image":"","background-repeat":"repeat","background-position":"center center","background-size":"auto","background-attachment":"scroll","background-type":"","background-media":"","overlay-type":"","overlay-color":"","overlay-opacity":"","overlay-gradient":""},"tablet":{"background-color":"var(--ast-global-color-4)","background-image":"","background-repeat":"repeat","background-position":"center center","background-size":"auto","background-attachment":"scroll","background-type":"","background-media":"","overlay-type":"","overlay-color":"","overlay-opacity":"","overlay-gradient":""},"mobile":{"background-color":"var(--ast-global-color-4)","background-image":"","background-repeat":"repeat","background-position":"center center","background-size":"auto","background-attachment":"scroll","background-type":"","background-media":"","overlay-type":"","overlay-color":"","overlay-opacity":"","overlay-gradient":""}},"footnotes":""},"class_list":["post-957","page","type-page","status-publish","hentry"],"uagb_featured_image_src":{"full":false,"thumbnail":false,"medium":false,"medium_large":false,"large":false,"1536x1536":false,"2048x2048":false},"uagb_author_info":{"display_name":"","author_link":"https:\/\/grupo.us.es\/atlas\/index.php\/author\/"},"uagb_comment_info":0,"uagb_excerpt":"Biograf\u00eda Francisco S\u00e1nchez D\u00edaz (Minas de Riotinto, Huelva, Espa\u00f1a, 1961) es doctor en Historia. Licenciado en Geograf\u00eda e Historia por [&hellip;]","_links":{"self":[{"href":"https:\/\/grupo.us.es\/atlas\/index.php\/wp-json\/wp\/v2\/pages\/957","targetHints":{"allow":["GET"]}}],"collection":[{"href":"https:\/\/grupo.us.es\/atlas\/index.php\/wp-json\/wp\/v2\/pages"}],"about":[{"href":"https:\/\/grupo.us.es\/atlas\/index.php\/wp-json\/wp\/v2\/types\/page"}],"replies":[{"embeddable":true,"href":"https:\/\/grupo.us.es\/atlas\/index.php\/wp-json\/wp\/v2\/comments?post=957"}],"version-history":[{"count":4,"href":"https:\/\/grupo.us.es\/atlas\/index.php\/wp-json\/wp\/v2\/pages\/957\/revisions"}],"predecessor-version":[{"id":5634,"href":"https:\/\/grupo.us.es\/atlas\/index.php\/wp-json\/wp\/v2\/pages\/957\/revisions\/5634"}],"up":[{"embeddable":true,"href":"https:\/\/grupo.us.es\/atlas\/index.php\/wp-json\/wp\/v2\/pages\/790"}],"wp:attachment":[{"href":"https:\/\/grupo.us.es\/atlas\/index.php\/wp-json\/wp\/v2\/media?parent=957"}],"curies":[{"name":"wp","href":"https:\/\/api.w.org\/{rel}","templated":true}]}}