{"id":947,"date":"2013-05-16T11:46:28","date_gmt":"2013-05-16T11:46:28","guid":{"rendered":"http:\/\/grupo.us.es\/atlas\/?page_id=947"},"modified":"2025-08-26T13:23:51","modified_gmt":"2025-08-26T11:23:51","slug":"victor-hurtado-perez","status":"publish","type":"page","link":"https:\/\/grupo.us.es\/atlas\/index.php\/descripcion\/integrantes\/victor-hurtado-perez\/","title":{"rendered":"V\u00edctor Hurtado P\u00e9rez"},"content":{"rendered":"\n<figure class=\"wp-block-image size-full is-resized\"><img loading=\"lazy\" decoding=\"async\" width=\"191\" height=\"229\" src=\"https:\/\/grupo.us.es\/atlas\/wp-content\/uploads\/2013\/08\/Hurtado.jpg\" alt=\"V\u00edctor Hurtado P\u00e9rez\" class=\"wp-image-1229\" style=\"width:150px\"\/><\/figure>\n\n\n\n<p>Titulaci\u00f3n<\/p>\n\n\n\n<p>Doctor en Historia, Universidad de Sevilla.<\/p>\n\n\n\n<p>Biograf\u00eda<\/p>\n\n\n\n<p>V\u00edctor M. Hurtado P\u00e9rez se licenci\u00f3 en Filosof\u00eda y Letras, secci\u00f3n Arte, por la Universidad de Sevilla. En 1976 comenz\u00f3 a impartir clases en esta misma Universidad ocupando diversas categor\u00edas docentes hasta conseguir la plaza de Profesor Titular de Prehistoria&nbsp; en la que se ha mantenido hasta su jubilaci\u00f3n en 2011. La mayor parte de su docencia se bas\u00f3 en la Metodolog\u00eda Arqueol\u00f3gica y m\u00e1s concretamente en los an\u00e1lisis de territorio y t\u00e9cnicas de prospecci\u00f3n, dirigiendo varias tesis doctorales y memorias de licenciaturas sobre estudios territoriales.<\/p>\n\n\n\n<p>L\u00edneas de investigaci\u00f3n<\/p>\n\n\n\n<p>Sus investigaciones estuvieron dirigidas hacia la Prehistoria Reciente del Suroeste peninsular especialmente en Extremadura y Andaluc\u00eda occidental. Entre los temas que desarroll\u00f3, fueron las pr\u00e1cticas funerarias, las creencias religiosas, los patrones de asentamiento, la captaci\u00f3n y procesamiento de recursos abi\u00f3ticos y la complejidad social. Las principales&nbsp; excavaciones&nbsp; las realiz\u00f3 en los asentamientos&nbsp; calcol\u00edticos de La Pijotilla (Badajoz), y San Blas (Cheles, Badajoz) y asentamientos de la Edad del Bronce como El Trastej\u00f3n (Zufre, Huelva) y La Pap\u00faa (Arroyomolinos de Le\u00f3n, Huelva). Los estudios de territorio se centraron fundamentalmente en la Cuenca Media del Guadiana y en la Sierra de Huelva. Como actividades m\u00e1s recientes ha sido responsable de los proyectos de investigaci\u00f3n interdisciplinar \u201c<a href=\"https:\/\/www.institucional.us.es\/abioticos\/abioticos.htm\" target=\"_blank\" rel=\"noreferrer noopener\">Tecnolog\u00eda de Materiales de Recursos Abi\u00f3ticos en la Prehistoria Reciente (III-II milenios cal ANE) en el Suroeste de Espa\u00f1a<\/a>\u201d financiado por la Direcci\u00f3n General de Investigaci\u00f3n del Ministerio de Educaci\u00f3n y Ciencia (2005-2008), as\u00ed como del Proyecto de Excelencia \u201cEl Patrimonio Hist\u00f3rico Minero de Andaluc\u00eda\u201d (2007-2010) financiado por la Consejer\u00eda de Innovaci\u00f3n, Ciencia y Empresa de la Junta de Andaluc\u00eda.<\/p>\n\n\n\n<p>Dedicaci\u00f3n actual<\/p>\n\n\n\n<p>Publicaciones m\u00e1s relevantes<\/p>\n\n\n\n<ol class=\"wp-block-list\">\n<li>Garc\u00eda Sanju\u00e1n, L.; Vargas Jim\u00e9nez, J. M.; Hurtado P\u00e9rez, V.; Ruiz Moreno, T. y Cruz-Au\u00f1\u00f3n Briones, R. (Eds.) (2013):\u00a0<em>El Asentamiento Prehist\u00f3rico de Valencina de la Concepci\u00f3n (Sevilla): Investigaci\u00f3n y Tutela en el 150 Aniversario del Descubrimiento de La Pastora<\/em>.<\/li>\n\n\n\n<li>Hurtado P\u00e9rez, V.; Garc\u00eda Sanju\u00e1n, L. y Hunt Ortiz, M. A. (eds.) (2011):\u00a0<em>El Asentamiento de El Trastej\u00f3n (Huelva). Investigaciones en el Marco de los Procesos Sociales y Culturales en la Edad del Bronce en el Suroeste de la Pen\u00ednsula Ib\u00e9rica<\/em>. Junta de Andaluc\u00eda.<\/li>\n\n\n\n<li>Odriozola Lloret, C.; Linares Catela, J. A. y Hurtado P\u00e9rez, V. (2010): \u201cVariscite source and source analysis: testing assumptions at Pico Centeno (Encinasola, Spain)\u201d,\u00a0<em>Journal of Archaeological Science<\/em>\u00a038, 3146-3157.<\/li>\n\n\n\n<li>Hurtado P\u00e9rez, V. (2010): \u201cThe ditched enclosures of the Middle Guadiana basin\u201d, En Oosterbeek, L. (ed.):\u00a0<em>The Idea of Enclosure in Recent Iberian Prehistory.<\/em>\u00a0XV World Congres UISPP. BAR International Series 2124, Archaeopress,\u00a0109-122.<\/li>\n\n\n\n<li>Hurtado P\u00e9rez, V (2010) \u201cRepresentaciones simb\u00f3licas, sitios, contextos e identidades territoriales en el Suroeste peninsular\u201d, en R. Maicas; C. Cacho; E.Gal\u00e1n. y J.A, Martos\u00a0 (coord.):\u00a0<em>Los Ojos que Nunca se Cierran: \u00cddolos en las Primeras Sociedades Campesinas<\/em>. Ministerio de Cultura. Museo Arqueol\u00f3gico Nacional, 137-198.<\/li>\n\n\n\n<li>Hurtado, V. \u00a0y\u00a0 Odriozola, C. (2009): \u201cLandscape, Identity and Material Culture in \u201cTierra de Barros\u201d (Badajoz, Spain) during the 3 rd Millennium BC\u201d, en R.\u00a0 Salisbury (ed.):\u00a0<em>Regional Analysis of Spatial and Social Dynamic<\/em>. CSP. University of Bufalo (NY). USA, 266-290.<\/li>\n\n\n\n<li>Hurtado P\u00e9rez, V. y Mond\u00e9jar Fern\u00e1ndez de Quincoces, P. (2009): \u201cProspecciones en Tierra de Barros (Badajoz). Los asentamientos del III milenio ANE\u201d, en Cruz-Au\u00f1\u00f3n Briones, R. y Ferrer Albelda, E. (eds.):\u00a0<em>Estudios de Prehistoria y Arqueolog\u00eda en Homenaje a Pilar Acosta<\/em>. Universidad de Sevilla,\u00a0187-206.<\/li>\n\n\n\n<li>Odriozola Lloret, C. y Hurtado P\u00e9rez, V. (2007): \u201cThe manufacturing process of 3rd millennium BC bone based incrusted pottery decoration from the Middle Guadiana River Basin (Badajoz, Spain)\u201d,\u00a0<em>Journal of Archaeological Science<\/em>\u00a034, 1794-1803.<\/li>\n\n\n\n<li>Kohring,S.; Odriozola Lloret,C. y Hurtado P\u00e9rez,V. (2007): \u201cMaterialising \u2018complex\u2019 social relationships: technology, production and consumption in a Copper Age community\u201d, en Kohring, S. y Wynne-Jones, S. (eds.):\u00a0<em>Socialising Complexity. Structure, Interaction and Power in Archaeological Discourse<\/em>. Oxbow,\u00a0100-117.<\/li>\n\n\n\n<li>Polvorinos Del R\u00edo, A.; Garc\u00eda Sanju\u00e1n, L.; Hurtado P\u00e9rez, V. y Hern\u00e1ndez Arnedo, M. J. (2005): \u201cBronze Age ceramics in south-west Spain: an exploratory archaeometric study of technology and function\u201d,\u00a0<em>Geoarchaeology. An International Journal<\/em>\u00a020 (3), 263-284.<\/li>\n<\/ol>\n\n\n\n<p>Otros perfiles<\/p>\n\n\n\n<p><a href=\"https:\/\/us.academia.edu\/V%C3%ADctorManuelHurtadoP%C3%A9rez\" target=\"_blank\" rel=\"noreferrer noopener\">&nbsp;Perfil en Academia.edu<\/a><\/p>\n","protected":false},"excerpt":{"rendered":"<p>Titulaci\u00f3n Doctor en Historia, Universidad de Sevilla. Biograf\u00eda V\u00edctor M. Hurtado P\u00e9rez se licenci\u00f3 en Filosof\u00eda y Letras, secci\u00f3n Arte, [&hellip;]<\/p>\n","protected":false},"author":0,"featured_media":0,"parent":790,"menu_order":0,"comment_status":"closed","ping_status":"open","template":"","meta":{"_uag_custom_page_level_css":"","site-sidebar-layout":"default","site-content-layout":"","ast-site-content-layout":"default","site-content-style":"default","site-sidebar-style":"default","ast-global-header-display":"","ast-banner-title-visibility":"","ast-main-header-display":"","ast-hfb-above-header-display":"","ast-hfb-below-header-display":"","ast-hfb-mobile-header-display":"","site-post-title":"","ast-breadcrumbs-content":"","ast-featured-img":"","footer-sml-layout":"","theme-transparent-header-meta":"","adv-header-id-meta":"","stick-header-meta":"","header-above-stick-meta":"","header-main-stick-meta":"","header-below-stick-meta":"","astra-migrate-meta-layouts":"default","ast-page-background-enabled":"default","ast-page-background-meta":{"desktop":{"background-color":"var(--ast-global-color-5)","background-image":"","background-repeat":"repeat","background-position":"center center","background-size":"auto","background-attachment":"scroll","background-type":"","background-media":"","overlay-type":"","overlay-color":"","overlay-opacity":"","overlay-gradient":""},"tablet":{"background-color":"","background-image":"","background-repeat":"repeat","background-position":"center center","background-size":"auto","background-attachment":"scroll","background-type":"","background-media":"","overlay-type":"","overlay-color":"","overlay-opacity":"","overlay-gradient":""},"mobile":{"background-color":"","background-image":"","background-repeat":"repeat","background-position":"center center","background-size":"auto","background-attachment":"scroll","background-type":"","background-media":"","overlay-type":"","overlay-color":"","overlay-opacity":"","overlay-gradient":""}},"ast-content-background-meta":{"desktop":{"background-color":"var(--ast-global-color-4)","background-image":"","background-repeat":"repeat","background-position":"center center","background-size":"auto","background-attachment":"scroll","background-type":"","background-media":"","overlay-type":"","overlay-color":"","overlay-opacity":"","overlay-gradient":""},"tablet":{"background-color":"var(--ast-global-color-4)","background-image":"","background-repeat":"repeat","background-position":"center center","background-size":"auto","background-attachment":"scroll","background-type":"","background-media":"","overlay-type":"","overlay-color":"","overlay-opacity":"","overlay-gradient":""},"mobile":{"background-color":"var(--ast-global-color-4)","background-image":"","background-repeat":"repeat","background-position":"center center","background-size":"auto","background-attachment":"scroll","background-type":"","background-media":"","overlay-type":"","overlay-color":"","overlay-opacity":"","overlay-gradient":""}},"footnotes":""},"class_list":["post-947","page","type-page","status-publish","hentry"],"uagb_featured_image_src":{"full":false,"thumbnail":false,"medium":false,"medium_large":false,"large":false,"1536x1536":false,"2048x2048":false},"uagb_author_info":{"display_name":"","author_link":"https:\/\/grupo.us.es\/atlas\/index.php\/author\/"},"uagb_comment_info":0,"uagb_excerpt":"Titulaci\u00f3n Doctor en Historia, Universidad de Sevilla. Biograf\u00eda V\u00edctor M. Hurtado P\u00e9rez se licenci\u00f3 en Filosof\u00eda y Letras, secci\u00f3n Arte, [&hellip;]","_links":{"self":[{"href":"https:\/\/grupo.us.es\/atlas\/index.php\/wp-json\/wp\/v2\/pages\/947","targetHints":{"allow":["GET"]}}],"collection":[{"href":"https:\/\/grupo.us.es\/atlas\/index.php\/wp-json\/wp\/v2\/pages"}],"about":[{"href":"https:\/\/grupo.us.es\/atlas\/index.php\/wp-json\/wp\/v2\/types\/page"}],"replies":[{"embeddable":true,"href":"https:\/\/grupo.us.es\/atlas\/index.php\/wp-json\/wp\/v2\/comments?post=947"}],"version-history":[{"count":2,"href":"https:\/\/grupo.us.es\/atlas\/index.php\/wp-json\/wp\/v2\/pages\/947\/revisions"}],"predecessor-version":[{"id":5432,"href":"https:\/\/grupo.us.es\/atlas\/index.php\/wp-json\/wp\/v2\/pages\/947\/revisions\/5432"}],"up":[{"embeddable":true,"href":"https:\/\/grupo.us.es\/atlas\/index.php\/wp-json\/wp\/v2\/pages\/790"}],"wp:attachment":[{"href":"https:\/\/grupo.us.es\/atlas\/index.php\/wp-json\/wp\/v2\/media?parent=947"}],"curies":[{"name":"wp","href":"https:\/\/api.w.org\/{rel}","templated":true}]}}