{"id":942,"date":"2013-05-16T11:36:49","date_gmt":"2013-05-16T11:36:49","guid":{"rendered":"http:\/\/grupo.us.es\/atlas\/?page_id=942"},"modified":"2025-08-26T13:20:32","modified_gmt":"2025-08-26T11:20:32","slug":"mark-hunt-ortiz","status":"publish","type":"page","link":"https:\/\/grupo.us.es\/atlas\/index.php\/descripcion\/integrantes\/mark-hunt-ortiz\/","title":{"rendered":"Mark Hunt Ortiz"},"content":{"rendered":"\n<figure class=\"wp-block-image size-full\"><img loading=\"lazy\" decoding=\"async\" width=\"150\" height=\"150\" src=\"https:\/\/grupo.us.es\/atlas\/wp-content\/uploads\/2013\/09\/mark-hunt.jpg\" alt=\"\" class=\"wp-image-1469\"\/><\/figure>\n\n\n\n<p>Titulaci\u00f3n<\/p>\n\n\n\n<p>M.Sc. (Archaeometallurgy), University of London.&nbsp;Doctor en Historia, Universidad de Sevilla.<\/p>\n\n\n\n<p>Biograf\u00eda<\/p>\n\n\n\n<p>Mark A. Hunt Ortiz obtuvo su Licenciatura en Geograf\u00eda e Historia por la Universidad de Sevilla en 1986. En 1987 alcanz\u00f3 el grado de Master of Science (Archaeometallurgy) en el Institute of Archaeology (UniversityCollege, University of London\/British Museum). Entre 1991 y 1994 fue Becario de Formaci\u00f3n en Patrimonio Hist\u00f3rico de la Consejer\u00eda de Cultura de la Junta de Andaluc\u00eda en las universidades de Oxford (Isotrace Laboratory, Department of Nuclear Physics) y Sevilla (Departamento de Prehistoria y Arqueolog\u00eda). En 1998 obtuvo el Doctorado en Historia, con Acreditaci\u00f3n de Doctorado Europeo, por la Universidad de Sevilla con la Tesis&nbsp;<em>Miner\u00eda y Metalurgia Prehist\u00f3ricas en Andaluc\u00eda Occidental<\/em>, obteniendo el Premio Extraordinario de Doctorado de la Universidad de Sevilla en 1999. En el periodo 2003-2004 trabaj\u00f3 como Investigador Doctor contratado en el Instituto de Prehistoria del Consejo Superior de Investigaciones Cient\u00edficas (Madrid) y como Profesor Asociado en el Departamento de Prehistoria y Arqueolog\u00eda de la Universidad de Sevilla. Durante el periodo 2005-2008 es Investigador Contratado a tiempo completo con cargo al Proyecto I+D \u201cTecnolog\u00eda de Materiales de Recursos Abi\u00f3ticos en la Prehistoria Reciente (III-II milenios cal ANE) en el Suroeste de Espa\u00f1a\u201d. Desde el a\u00f1o 2008 al 2012 desarroll\u00f3 su actividad profesional de Asesor\u00eda y Asistencia T\u00e9cnica en la Direcci\u00f3n General de Bienes Culturales, Consejer\u00eda de Cultura, Junta de Andaluc\u00eda. El Dr. Hunt ha realizado, adem\u00e1s, estancias de investigaci\u00f3n en la Smithsonian Institution de Washington (EE.UU.), en la Universidad de Hamburgo (Alemania) y en el Centro Universitario Europeo per i Beni Culturali, Ravello (Italia). Profesionalmente, ha dirigido diversas intervenciones arqueol\u00f3gicas, entre las que se pueden destacar las del Monasterio de Nuestra Se\u00f1ora del Buen Suceso (Aznalc\u00f3llar, Sevilla), Castillo de Luna (Aznalc\u00f3llar), Castillo de San Jorge (Sevilla), Estaci\u00f3n Puerta de Jerez, Linea 1 Metro de Sevilla (C\/ San Fernando, Sevilla), Metro Centro (Sevilla), Jard\u00edn de Al\u00e1 (Salteras, Sevilla), Cobre las Cruces (Gerena-Salteras-Guillena, Sevilla), Mina de Isla de Colom (Menorca), Mina de La Turquesa (Tarragona) y Cerro de San Crist\u00f3bal (Logros\u00e1n, C\u00e1ceres).<\/p>\n\n\n\n<p>L\u00edneas de investigaci\u00f3n<\/p>\n\n\n\n<p>Su principal campo de investigaci\u00f3n es la&nbsp;<a href=\"https:\/\/grupo.us.es\/atlas\/temas2\/arqueometria-de-materiales-metalicos-arqueometalurgia\/\" target=\"_blank\" rel=\"noreferrer noopener\">arqueometr\u00eda de metales<\/a>, fundamentalmente orientada al estudio de los procesos de explotaci\u00f3n minera, metal\u00fargicos extractivos y t\u00e9cnicas de manipulaci\u00f3n y tratamiento de minerales metal\u00edcos entre el III y I milenios cal ANE (edades del Cobre, Bronce y Hierro) en la Pen\u00ednsula Ib\u00e9rica, aunque tambi\u00e9n ha realizado numerosos estudios relativos a metalurgia romana, medieval y moderna.<\/p>\n\n\n\n<p>Dedicaci\u00f3n actual<\/p>\n\n\n\n<p>Actualmente es Profesor Contratado Doctor en el Departamento de Prehistoria y Arqueolog\u00eda en la universidad de Sevilla.<\/p>\n\n\n\n<p>Publicaciones m\u00e1s relevantes<\/p>\n\n\n\n<ol class=\"wp-block-list\">\n<li>Hunt Ortiz, M.A. (2012):\u00a0<em>Intervenciones arqueol\u00f3gicas en el \u00c1rea del Proyecto Minero Cobre Las Cruces (1996-2011): De la Prehistoria a la \u00c9poca Contempor\u00e1nea<\/em>.Fundaci\u00f3n Cobre Las Cruces. Sevilla.<\/li>\n\n\n\n<li>Hunt Ortiz, M.A.; Mart\u00ednez Navarrete M. I.; Hurtado P\u00e9rez, V. y Montero-Ruiz, I. (2012): \u201cProcedencia de las puntas de jabalina del \u201cDolmen de la Pastora\u201d (Valencina de la Concepci\u00f3n, Sevilla)\u201d,\u00a0<em>Trabajos de Prehistoria<\/em>, 69 (2), 357-374.<\/li>\n\n\n\n<li>Hunt Ortiz, M. A. (2012): \u201cLa caracterizaci\u00f3n de los Paisajes Mineros del pasado por medio de la investigaci\u00f3n arqueom\u00e9trica\u201d, en Zarzalejos Prieto, M.; Hevia G\u00f3mez, P. y Mansilla Plaza, L. (Eds.):\u00a0<em>Paisajes Mineros antiguos en la\u00a0Pen\u00ednsula Ib\u00e9rica. Investigaciones recientes y nuevas L\u00edneas de Trabajo. Homenaje a\u00a0Claude Domergue<\/em><em>. Universidad Nacional de Educaci\u00f3n a Distancia. Madrid.\u00a0199-201<\/em><\/li>\n\n\n\n<li>Hunt Ortiz M. A., Consuegra Rodr\u00edguez,S.; D\u00edaz Del R\u00edo Espa\u00f1ol, P.; Hurtado-P\u00e9rez, V. y Montero-Ruiz, I. (2011): \u201cNeolithic and Chalcolithic -VI to III millennia BC- use of cinnabar (HgS) in the Iberian Peninsula: analytical identification and lead isotope data for an early mineral exploitation of the Almad\u00e9n (Ciudad Real, Spain) mining district\u201d, en Ortiz, J.E.; Puche, O.; R\u00e1bano, I. y Mazadiego, L.F. (eds.):\u00a0<em>History of Research in Mineral Resources<\/em>.\u00a0Cuadernos del Museo Geominero. Instituto Geol\u00f3gico y Minero de Espa\u00f1a. Madrid.\u00a013, 3-14<\/li>\n\n\n\n<li>Hunt Ortiz, M. A.; Contreras Cort\u00e9s, F. y Arboledas Mart\u00ednez, L. (2011): \u201cLa Procedencia de los Recursos Minerales Met\u00e1licos en el poblado de la Edad de Bronce de Pe\u00f1alosa (Barros de la Encina, Ja\u00e9n)\u201d, en Mata-Perell\u00f3, J.M; Torr\u00ed I Abat, L.; Fuentes Prieto, M.N.; Neira Campo, A. y Puche Riart, O. (eds.)\u00a0<em>Actas del Quinto Congreso Internacional sobre Miner\u00eda y Metalurgia Hist\u00f3ricas en el Suroeste Europeo<\/em>\u00a0(Le\u00f3n-2008).\u00a0<em>Libro en Homenaje a Claude Domergue,<\/em>\u00a0195-206.<\/li>\n\n\n\n<li>Hunt Ortiz, M.A.; Montero Ruiz, I.; Rovira Llorens, S.; Fern\u00e1ndez Flores, A. y Rodr\u00edguez Azogue, A. (2010): \u201cEstudio arqueom\u00e9trico del registro de car\u00e1cter met\u00e1lico y metal\u00fargico de las campa\u00f1as 2002-2005 en el yacimiento de El Carambolo (Camas, Sevilla)\u201d, en De La Bandera Romero, M\u00aa. L. y Ferrer Albelda E. (Coords.)\u00a0<em>El Carambolo. 50 A\u00f1os de un Tesoro<\/em>. Universidad de Sevilla,\u00a0271-295.<\/li>\n\n\n\n<li>Hunt Ortiz, M.A. y Hurtado P\u00e9rez, V. (2010):\u201cPigmentos de sulfuro de mercurio -cinabrio- en contextos funerarios de \u00e9poca calcol\u00edtica en el Sur de la Pen\u00ednsula Ib\u00e9rica: investigaciones sobre el uso, dep\u00f3sitos minerales explotados y redes de distribuci\u00f3n a trav\u00e9s de la caracterizaci\u00f3n composicional e isot\u00f3pica\u201d, en Saiz Carrasco, M.E.; L\u00f3pez Romero, R.; Cano D\u00edaz-Tendero, M\u00aa.A. y Calvo Garc\u00eda, J.C. (eds.):\u00a0<em>Actas VIII Congreso Ib\u00e9rico de Arqueometr\u00eda.<\/em>\u00a0Seminario de Arqueolog\u00eda y Etnolog\u00eda Turolense,\u00a0123-132.<\/li>\n\n\n\n<li><em>Hunt Ortiz, M.A.; Hurtado P\u00e9rez, V.; Montero Ruiz, I.; Rovira Llorens, S. y Santos Zalduegui, J.F (2009):\u201cChalcolithic metal production and provenance in the site of San Blas (Cheles, Badajoz, Spain)\u201d.\u00a0Selected Papers of the 2nd.\u00a0<\/em><em>Internacional Conference Archaeometallurgy in Europe<\/em><em>. Associazione Italiana di Metallurgia. Mil\u00e1n,\u00a081-92.<\/em><\/li>\n\n\n\n<li>Hunt Ortiz, M. A. (2005): \u201cPlata de Tartessos: producci\u00f3n y dispersi\u00f3n\u201d, en Celestino P\u00e9rez, S. y Jim\u00e9nez \u00c1vila, J. (Eds.):\u00a0<em>El Periodo Orientalizante. Actas del III Simposio Internacional de Arqueolog\u00eda de M\u00e9rida. Protohistoria del Mediterr\u00e1neo Occidental\u00a0<\/em>(M\u00e9rida, 5-8 de Mayo de 2003). M\u00e9rida. CSIC,\u00a01241-1248.<\/li>\n\n\n\n<li>Hunt Ortiz, M. (2003):\u00a0<em>Prehistoric Mining and Metallurgy in South West Iberian Peninsula<\/em>. British Archaeological Reports, International Series 1188. Archaeopress. Oxford.<\/li>\n<\/ol>\n\n\n\n<p>Otros perfiles<\/p>\n\n\n\n<p><a href=\"https:\/\/independent.academia.edu\/markHuntOrtiz\" target=\"_blank\" rel=\"noreferrer noopener\"><\/a>&nbsp;<a href=\"https:\/\/independent.academia.edu\/markHuntOrtiz\">Perfil en Academia.edu<\/a><\/p>\n\n\n\n<p><a href=\"https:\/\/investigacion.us.es\/sisius\/sis_showpub.php?idpers=7888\" target=\"_blank\" rel=\"noreferrer noopener\"><\/a>&nbsp;<a href=\"https:\/\/investigacion.us.es\/sisius\/sis_showpub.php?idpers=7888\" target=\"_blank\" rel=\"noreferrer noopener\">Perfil en SISIUS<\/a><\/p>\n","protected":false},"excerpt":{"rendered":"<p>Titulaci\u00f3n M.Sc. (Archaeometallurgy), University of London.&nbsp;Doctor en Historia, Universidad de Sevilla. Biograf\u00eda Mark A. Hunt Ortiz obtuvo su Licenciatura en [&hellip;]<\/p>\n","protected":false},"author":0,"featured_media":0,"parent":790,"menu_order":0,"comment_status":"closed","ping_status":"open","template":"","meta":{"_uag_custom_page_level_css":"","site-sidebar-layout":"default","site-content-layout":"","ast-site-content-layout":"default","site-content-style":"default","site-sidebar-style":"default","ast-global-header-display":"","ast-banner-title-visibility":"","ast-main-header-display":"","ast-hfb-above-header-display":"","ast-hfb-below-header-display":"","ast-hfb-mobile-header-display":"","site-post-title":"","ast-breadcrumbs-content":"","ast-featured-img":"","footer-sml-layout":"","theme-transparent-header-meta":"","adv-header-id-meta":"","stick-header-meta":"","header-above-stick-meta":"","header-main-stick-meta":"","header-below-stick-meta":"","astra-migrate-meta-layouts":"default","ast-page-background-enabled":"default","ast-page-background-meta":{"desktop":{"background-color":"var(--ast-global-color-5)","background-image":"","background-repeat":"repeat","background-position":"center center","background-size":"auto","background-attachment":"scroll","background-type":"","background-media":"","overlay-type":"","overlay-color":"","overlay-opacity":"","overlay-gradient":""},"tablet":{"background-color":"","background-image":"","background-repeat":"repeat","background-position":"center center","background-size":"auto","background-attachment":"scroll","background-type":"","background-media":"","overlay-type":"","overlay-color":"","overlay-opacity":"","overlay-gradient":""},"mobile":{"background-color":"","background-image":"","background-repeat":"repeat","background-position":"center center","background-size":"auto","background-attachment":"scroll","background-type":"","background-media":"","overlay-type":"","overlay-color":"","overlay-opacity":"","overlay-gradient":""}},"ast-content-background-meta":{"desktop":{"background-color":"var(--ast-global-color-4)","background-image":"","background-repeat":"repeat","background-position":"center center","background-size":"auto","background-attachment":"scroll","background-type":"","background-media":"","overlay-type":"","overlay-color":"","overlay-opacity":"","overlay-gradient":""},"tablet":{"background-color":"var(--ast-global-color-4)","background-image":"","background-repeat":"repeat","background-position":"center center","background-size":"auto","background-attachment":"scroll","background-type":"","background-media":"","overlay-type":"","overlay-color":"","overlay-opacity":"","overlay-gradient":""},"mobile":{"background-color":"var(--ast-global-color-4)","background-image":"","background-repeat":"repeat","background-position":"center center","background-size":"auto","background-attachment":"scroll","background-type":"","background-media":"","overlay-type":"","overlay-color":"","overlay-opacity":"","overlay-gradient":""}},"footnotes":""},"class_list":["post-942","page","type-page","status-publish","hentry"],"uagb_featured_image_src":{"full":false,"thumbnail":false,"medium":false,"medium_large":false,"large":false,"1536x1536":false,"2048x2048":false},"uagb_author_info":{"display_name":"","author_link":"https:\/\/grupo.us.es\/atlas\/index.php\/author\/"},"uagb_comment_info":0,"uagb_excerpt":"Titulaci\u00f3n M.Sc. (Archaeometallurgy), University of London.&nbsp;Doctor en Historia, Universidad de Sevilla. Biograf\u00eda Mark A. Hunt Ortiz obtuvo su Licenciatura en [&hellip;]","_links":{"self":[{"href":"https:\/\/grupo.us.es\/atlas\/index.php\/wp-json\/wp\/v2\/pages\/942","targetHints":{"allow":["GET"]}}],"collection":[{"href":"https:\/\/grupo.us.es\/atlas\/index.php\/wp-json\/wp\/v2\/pages"}],"about":[{"href":"https:\/\/grupo.us.es\/atlas\/index.php\/wp-json\/wp\/v2\/types\/page"}],"replies":[{"embeddable":true,"href":"https:\/\/grupo.us.es\/atlas\/index.php\/wp-json\/wp\/v2\/comments?post=942"}],"version-history":[{"count":2,"href":"https:\/\/grupo.us.es\/atlas\/index.php\/wp-json\/wp\/v2\/pages\/942\/revisions"}],"predecessor-version":[{"id":5429,"href":"https:\/\/grupo.us.es\/atlas\/index.php\/wp-json\/wp\/v2\/pages\/942\/revisions\/5429"}],"up":[{"embeddable":true,"href":"https:\/\/grupo.us.es\/atlas\/index.php\/wp-json\/wp\/v2\/pages\/790"}],"wp:attachment":[{"href":"https:\/\/grupo.us.es\/atlas\/index.php\/wp-json\/wp\/v2\/media?parent=942"}],"curies":[{"name":"wp","href":"https:\/\/api.w.org\/{rel}","templated":true}]}}