{"id":930,"date":"2013-05-16T10:50:49","date_gmt":"2013-05-16T10:50:49","guid":{"rendered":"http:\/\/grupo.us.es\/atlas\/?page_id=930"},"modified":"2025-08-26T13:15:39","modified_gmt":"2025-08-26T11:15:39","slug":"leonardo-garcia-sanjuan","status":"publish","type":"page","link":"https:\/\/grupo.us.es\/atlas\/index.php\/descripcion\/integrantes\/leonardo-garcia-sanjuan\/","title":{"rendered":"Leonardo Garc\u00eda Sanju\u00e1n"},"content":{"rendered":"\n<figure class=\"wp-block-image size-full is-resized\"><img loading=\"lazy\" decoding=\"async\" width=\"175\" height=\"182\" src=\"https:\/\/grupo.us.es\/atlas\/wp-content\/uploads\/2013\/08\/Garcia-Sanjuan.jpg\" alt=\"Leonardo Garc\u00eda Sanju\u00e1n\" class=\"wp-image-1228\" style=\"width:150px\"\/><\/figure>\n\n\n\n<p>Titulaci\u00f3n<\/p>\n\n\n\n<p>Doctor en Historia, Universidad de Sevilla.<\/p>\n\n\n\n<p>Biograf\u00eda<\/p>\n\n\n\n<p>Leonardo Garc\u00eda Sanju\u00e1n comenz\u00f3 su carrera como investigador pre-doctoral (1991-1996) en la Universidad de Sevilla. Despu\u00e9s de presentar su Tesis Doctoral, entre 1997 y 1998 trabaj\u00f3 como investigador post-doctoral del Programa Marie Curie de la Comisi\u00f3n Europea en la Universidad de Southampton (Reino Unido) y posteriormente (1999-2000) como Profesor de Arqueolog\u00eda en la Universidad de Bradford (Reino Unido). A partir de 2000 comenz\u00f3 a trabajar como Profesor Asociado a Tiempo Completo en la Universidad de Sevilla, donde ocupa una plaza de Profesor Titular desde 2004. Ha realizado estancias de investigaci\u00f3n cortas, como parte de las cuales ha impartido conferencias y cursos, en las Universidades de Lisboa (Portugal), Aarhus (Dinamarca), Iowa (EEUU), Londres, Southampton y Cambridge (Reino Unido) as\u00ed como La Plata y Rosario (Argentina). Desde 2001 es responsable del Grupo de Investigaci\u00f3n Atlas (HUM-694), que actualmente integra 8 doctores y 2 investigadoras predoctorales.<\/p>\n\n\n\n<p>L\u00edneas de investigaci\u00f3n<\/p>\n\n\n\n<p>La investigaci\u00f3n del profesor Garc\u00eda Sanju\u00e1n se centra en varios temas, incluyendo la desigualdad, la complejidad social, las pr\u00e1cticas funerarias as\u00ed como los monumentos y paisajes megal\u00edticos entre las sociedades de la Prehistoria Reciente de la pen\u00ednsula ib\u00e9rica. Tambi\u00e9n ha realizado trabajos relativos a la aplicaci\u00f3n de las tecnolog\u00edas de la informaci\u00f3n a la prospecci\u00f3n y an\u00e1lisis espacial en Arqueolog\u00eda. Sobre estos temas ha desarrollado trabajos de campo de las provincias espa\u00f1olas de Badajoz, C\u00f3rdoba, Huelva, Sevilla y M\u00e1laga, y publicado una docena de libros y un centenar de art\u00edculos cient\u00edficos y colaboraciones en actas de congresos o libros colectivos.<\/p>\n\n\n\n<p>En colaboraci\u00f3n con colegas de otras universidades, especialmente el profesor David Wheatley de la Universidad de Southampton, actualmente coordina trabajos de investigaci\u00f3n sobre los sitios y paisajes megal\u00edticos de Antequera (M\u00e1laga) y sobre el gran asentamiento de la Edad del Cobre de Valencina de la Concepci\u00f3n (Sevilla). Igualmente, en a\u00f1os recientes ha realizado, en colaboraci\u00f3n con los\/as integrantes del grupo de Investigaci\u00f3n Atlas, distintas investigaciones centradas en temas como la cronolog\u00eda radiocarb\u00f3nica, las rocas raras y substancias ex\u00f3ticas o las estelas prehist\u00f3ricas.<\/p>\n\n\n\n<p>Dedicaci\u00f3n actual<\/p>\n\n\n\n<p>Desde 2017 es Catedr\u00e1tico del Dpto. de Prehistoria y Arqueolog\u00eda de la Universidad de Sevilla y, director y fundador del grupo de investigaci\u00f3n&nbsp;<strong>ATLAS<\/strong>,Territorios y paisajes en la Prehistoria Reciente de Andaluc\u00eda (HUM-694) desde 2001.<\/p>\n\n\n\n<p>Publicaciones m\u00e1s relevantes<\/p>\n\n\n\n<ol class=\"wp-block-list\">\n<li>Cintas-Pe\u00f1a, M. y Garc\u00eda Sanju\u00e1n, L. (2019): \u201cGender inequalities in Neolithic Iberia: a multi-proxy approach.\u201d European Journal of Archaeology<\/li>\n\n\n\n<li>Emslie, S.; Alderman, A.; McKenzie, A.; Brasso, R.; Taylor, A.; Molina Moreno, M.; Cambra, O. Gonz\u00e1lez, A.; Silva, A. M.; Valera, A.; Garcia Sanjuan, L. y Vijande Vila, E. (2019): \u201cMercury in archaeological human bone: biogenic or diagenetic?.\u201d Journal of Archaeological Science 108<\/li>\n\n\n\n<li>Garc\u00eda Sanju\u00e1n, L.; Lucia\u00f1ez Trivi\u00f1o, M. y Cintas-Pe\u00f1a, M. (2018): \u201cIvory, elites and lineages in Copper Age iberia: exploring the wider significance of the Montelirio tomb.\u201d Madrider Mitteilungen 59, 23-65.<\/li>\n\n\n\n<li>Rogerio-Candelera, M. \u00c1.; Bueno Ram\u00edrez, P.; De Balb\u00edn Behrmann, R.; Dias, M. I.; Garc\u00eda Sanju\u00e1n, L.; Coutinho, M. L.; Lozano Rodr\u00edguez, J. A.; Miller, A.Z.; Pike, A. W.; Standish, C. D.;\u00a0 Prud\u00eancio, M. I.; Rodrigues, A. L.; De la Rosa Arranz, J. M. y Gaspar, D. (2018): \u201cLandmark of the past in the Antequera megalithic landscape: a multi-disciplinary approach to the Matacabras rock art shelter.\u201d Journal of Archaeological Science 95, 76-93.<\/li>\n\n\n\n<li>Garc\u00eda Sanju\u00e1n, L.; C\u00e1ceres Puro, L.; Costa Caram\u00e9, M. E.; D\u00edaz-Guardamino-Uribe, M.; D\u00edaz-Zorita Bonilla, M.; Fern\u00e1ndez Flores, \u00c1.; Hurtado P\u00e9rez, V.; L\u00f3pez Aldana, P. M.;\u00a0 M\u00e9ndez Izquierdo, E.; Pajuelo Pando, A.; Rodr\u00edguez Vidal, J.; Vargas Jim\u00e9nez, J. M.; Wheatley, D.; Delgado-Huertas, A.; Dunbar, E.; Mora Gonz\u00e1lez, A.; Bronk Ramsey, C.; Bayliss, A.; Beavan, N.; Hamilton, D. y Whittle, A. (2018): \u201cAssembling the dead, gathering the living: radiocarbon dating and Bayesian modeling for Copper Age Valencina de la Concepci\u00f3n (Sevilla, Spain).\u201d Journal of World Prehistory 31 (2), 179\u2013313.<\/li>\n\n\n\n<li>Athanassas, C. D.; Garc\u00eda Sanju\u00e1n, L.; Stamoulis, K.; Lineros Romero, R.; Carinou, E. y\u00a0 Anglada Curado, R. (2017): \u201cOptically stimulated luminescence 1 (OSL) dating of an enigmatic, megalithic-like, subterranean structure in Carmona (Seville, Spain).\u201d Journal of Archaeological Sciences Reports 16, 240-247.<\/li>\n\n\n\n<li>Cruz Berrocal, M.; Garc\u00eda Sanju\u00e1n, L. and Gilman, A. (Eds.) (2013):\u00a0<em>The Prehistory of Iberia: Debating Early Social Stratification and the State.\u00a0<\/em>Routledge.<\/li>\n\n\n\n<li>Garc\u00eda Sanju\u00e1n, L.; Vargas Jim\u00e9nez, J. M.; Hurtado P\u00e9rez, V.; Ruiz Moreno, T. y Cruz-Au\u00f1\u00f3n Briones, R. (Eds.) (2013):\u00a0<em>El Asentamiento Prehist\u00f3rico de Valencina de la Concepci\u00f3n (Sevilla): Investigaci\u00f3n y Tutela en el 150 Aniversario del Descubrimiento de La Pastora<\/em>.<\/li>\n\n\n\n<li>Rogerio-Candelera, M. A.; Herrera, L. K.; Miller, A. Z.; Garc\u00eda Sanju\u00e1n, L.; Mora Molina, C.; Wheatley, D. W.; Justo, A. y Saiz-Jimenez, C. (2013): \u201cAllochthonous red pigments used in burial practices at the Copper Age site of Valencina de la Concepci\u00f3n (Sevilla, Spain): characterisation and social dimensi\u00f3n\u201d,\u00a0<em>Journal of Archaeological Science<\/em>\u00a040, 279-290.<\/li>\n\n\n\n<li>Wheatley, D.; Strutt, K.; Garc\u00eda Sanju\u00e1n, L.; Mora Molina, C. and Peinado Cucarella, J. (2012): \u201cNew evidence on the spatial organisation of the Valencina de la Concepci\u00f3n Copper Age settlement: the geophysics between La Pastora and Montelirio\u201d,\u00a0<em>Trabajos de Prehistoria<\/em>\u00a069 (1), 65-79.<\/li>\n\n\n\n<li>Hurtado P\u00e9rez, V.; Garc\u00eda Sanju\u00e1n, L. y Hunt Ortiz, M. A. (eds.) (2011):\u00a0<em>El Asentamiento de El Trastej\u00f3n (Huelva). Investigaciones en el Marco de los Procesos Sociales y Culturales en la Edad del Bronce en el Suroeste de la Pen\u00ednsula Ib\u00e9rica<\/em>. Junta de Andaluc\u00eda.<\/li>\n\n\n\n<li>Garc\u00eda Sanju\u00e1n, L.; Scarre, C. and Wheatley, D. W. (Editors) (2011):\u00a0<em>Exploring Time and Matter in Prehistoric Monuments: Absolute Chronology and Rare Rocks in European Megaliths.\u00a0<\/em><em>Proceedings of the 2nd European Megalithic Studies Group Meeting (Seville, Spain, November 2008).\u00a0<\/em><em>Menga: Revista de Prehistoria de Andaluc\u00eda\u00a0<\/em>Monograf\u00eda n\u00ba 1. Junta de Andaluc\u00eda.<\/li>\n\n\n\n<li>Garc\u00eda Sanju\u00e1n, L. (2011): \u201cThe warrior stelae of the Iberian South-west: Symbols of power in ancestral landscapes.\u201d In Moore, T. and Armada Pita, L. (Editors):\u00a0<em>Atlantic Europe in the First Millennium BC: Crossing the Divide<\/em>, 534-557. Oxford University Press<\/li>\n\n\n\n<li>Wheatley, D.; Garc\u00eda Sanju\u00e1n, L.; Murrieta Flores, P. and M\u00e1rquez P\u00e9rez, J. (2010): \u201cThe megalithic phenomenon in Southern Spain: approaching the landscape dimension\u201d,\u00a0<em>Oxford Journal of Archaeology<\/em>\u00a029 (4), 387-405.<\/li>\n\n\n\n<li>Costa Caram\u00e9, M. E.; D\u00edaz-Zorita Bonilla, M.; Garc\u00eda Sanju\u00e1n, L. and Wheatley, D. (2010): \u201cThe Copper Age settlement of Valencina de la Concepci\u00f3n (Seville, Spain): Demography, metallurgy and spatial organization\u201d,\u00a0<em>Trabajos de Prehistoria<\/em>\u00a067 (1), 87-118.<\/li>\n<\/ol>\n\n\n\n<p>Otros perfiles<\/p>\n\n\n\n<p><a href=\"https:\/\/us.academia.edu\/LeonardoGarc%C3%ADaSanju%C3%A1n\" target=\"_blank\" rel=\"noreferrer noopener\"><\/a>&nbsp;<a href=\"https:\/\/us.academia.edu\/LeonardoGarc%C3%ADaSanju%C3%A1n\">Perfil en Academia.edu<\/a><\/p>\n\n\n\n<p><a href=\"https:\/\/investigacion.us.es\/sisius\/sis_showpub.php?idpers=2395\" target=\"_blank\" rel=\"noreferrer noopener\"><\/a>&nbsp;<a href=\"https:\/\/investigacion.us.es\/sisius\/sis_showpub.php?idpers=2395\" target=\"_blank\" rel=\"noreferrer noopener\">Perfil en SISIUS<\/a><\/p>\n","protected":false},"excerpt":{"rendered":"<p>Titulaci\u00f3n Doctor en Historia, Universidad de Sevilla. Biograf\u00eda Leonardo Garc\u00eda Sanju\u00e1n comenz\u00f3 su carrera como investigador pre-doctoral (1991-1996) en la [&hellip;]<\/p>\n","protected":false},"author":0,"featured_media":0,"parent":790,"menu_order":0,"comment_status":"closed","ping_status":"open","template":"","meta":{"_uag_custom_page_level_css":"","site-sidebar-layout":"default","site-content-layout":"","ast-site-content-layout":"default","site-content-style":"default","site-sidebar-style":"default","ast-global-header-display":"","ast-banner-title-visibility":"","ast-main-header-display":"","ast-hfb-above-header-display":"","ast-hfb-below-header-display":"","ast-hfb-mobile-header-display":"","site-post-title":"","ast-breadcrumbs-content":"","ast-featured-img":"","footer-sml-layout":"","theme-transparent-header-meta":"","adv-header-id-meta":"","stick-header-meta":"","header-above-stick-meta":"","header-main-stick-meta":"","header-below-stick-meta":"","astra-migrate-meta-layouts":"default","ast-page-background-enabled":"default","ast-page-background-meta":{"desktop":{"background-color":"var(--ast-global-color-5)","background-image":"","background-repeat":"repeat","background-position":"center center","background-size":"auto","background-attachment":"scroll","background-type":"","background-media":"","overlay-type":"","overlay-color":"","overlay-opacity":"","overlay-gradient":""},"tablet":{"background-color":"","background-image":"","background-repeat":"repeat","background-position":"center center","background-size":"auto","background-attachment":"scroll","background-type":"","background-media":"","overlay-type":"","overlay-color":"","overlay-opacity":"","overlay-gradient":""},"mobile":{"background-color":"","background-image":"","background-repeat":"repeat","background-position":"center center","background-size":"auto","background-attachment":"scroll","background-type":"","background-media":"","overlay-type":"","overlay-color":"","overlay-opacity":"","overlay-gradient":""}},"ast-content-background-meta":{"desktop":{"background-color":"var(--ast-global-color-4)","background-image":"","background-repeat":"repeat","background-position":"center center","background-size":"auto","background-attachment":"scroll","background-type":"","background-media":"","overlay-type":"","overlay-color":"","overlay-opacity":"","overlay-gradient":""},"tablet":{"background-color":"var(--ast-global-color-4)","background-image":"","background-repeat":"repeat","background-position":"center center","background-size":"auto","background-attachment":"scroll","background-type":"","background-media":"","overlay-type":"","overlay-color":"","overlay-opacity":"","overlay-gradient":""},"mobile":{"background-color":"var(--ast-global-color-4)","background-image":"","background-repeat":"repeat","background-position":"center center","background-size":"auto","background-attachment":"scroll","background-type":"","background-media":"","overlay-type":"","overlay-color":"","overlay-opacity":"","overlay-gradient":""}},"footnotes":""},"class_list":["post-930","page","type-page","status-publish","hentry"],"uagb_featured_image_src":{"full":false,"thumbnail":false,"medium":false,"medium_large":false,"large":false,"1536x1536":false,"2048x2048":false},"uagb_author_info":{"display_name":"","author_link":"https:\/\/grupo.us.es\/atlas\/index.php\/author\/"},"uagb_comment_info":0,"uagb_excerpt":"Titulaci\u00f3n Doctor en Historia, Universidad de Sevilla. Biograf\u00eda Leonardo Garc\u00eda Sanju\u00e1n comenz\u00f3 su carrera como investigador pre-doctoral (1991-1996) en la [&hellip;]","_links":{"self":[{"href":"https:\/\/grupo.us.es\/atlas\/index.php\/wp-json\/wp\/v2\/pages\/930","targetHints":{"allow":["GET"]}}],"collection":[{"href":"https:\/\/grupo.us.es\/atlas\/index.php\/wp-json\/wp\/v2\/pages"}],"about":[{"href":"https:\/\/grupo.us.es\/atlas\/index.php\/wp-json\/wp\/v2\/types\/page"}],"replies":[{"embeddable":true,"href":"https:\/\/grupo.us.es\/atlas\/index.php\/wp-json\/wp\/v2\/comments?post=930"}],"version-history":[{"count":2,"href":"https:\/\/grupo.us.es\/atlas\/index.php\/wp-json\/wp\/v2\/pages\/930\/revisions"}],"predecessor-version":[{"id":5423,"href":"https:\/\/grupo.us.es\/atlas\/index.php\/wp-json\/wp\/v2\/pages\/930\/revisions\/5423"}],"up":[{"embeddable":true,"href":"https:\/\/grupo.us.es\/atlas\/index.php\/wp-json\/wp\/v2\/pages\/790"}],"wp:attachment":[{"href":"https:\/\/grupo.us.es\/atlas\/index.php\/wp-json\/wp\/v2\/media?parent=930"}],"curies":[{"name":"wp","href":"https:\/\/api.w.org\/{rel}","templated":true}]}}