{"id":829,"date":"2013-05-09T17:09:31","date_gmt":"2013-05-09T17:09:31","guid":{"rendered":"http:\/\/grupo.us.es\/atlas\/?page_id=829"},"modified":"2025-08-26T13:03:17","modified_gmt":"2025-08-26T11:03:17","slug":"manuel-eleazar-costa-carame","status":"publish","type":"page","link":"https:\/\/grupo.us.es\/atlas\/index.php\/descripcion\/integrantes\/manuel-eleazar-costa-carame\/","title":{"rendered":"Manuel Eleazar Costa Caram\u00e9"},"content":{"rendered":"\n<figure class=\"wp-block-image size-full\"><img loading=\"lazy\" decoding=\"async\" width=\"150\" height=\"150\" src=\"https:\/\/grupo.us.es\/atlas\/wp-content\/uploads\/2013\/09\/manuel-costa-carame.jpg\" alt=\"\" class=\"wp-image-1727\"\/><\/figure>\n\n\n\n<p>Titulaci\u00f3n<\/p>\n\n\n\n<p>Doctor Europeo en Historia, Especialidad Prehistoria y Arqueolog\u00eda, Universidad de Sevilla (2011).<\/p>\n\n\n\n<p>Biograf\u00eda<\/p>\n\n\n\n<p>Manuel E. Costa Caram\u00e9 es licenciado en Historia, especialidad de Prehistoria y Arqueolog\u00eda, en la Universidad de Sevilla (2005), por la que recibe el Premio Extraordinario Fin de Carrera de la Universidad de Sevilla al mejor expediente acad\u00e9mico de la Facultad de Geograf\u00eda e Historia de la Universidad de Sevilla del a\u00f1o acad\u00e9mico 2004-2005. Curs\u00f3 estudios de doctorado y present\u00f3 su trabajo de investigaci\u00f3n (DEA) titulado&nbsp;<em>Las Producciones Met\u00e1licas del III y II milenio cal ANE en el Suroeste de Espa\u00f1a<\/em>&nbsp;(2008) en la Universidad de Sevilla, donde curs\u00f3 estudios de doctorado. Entre 2006 y 2011 desarrolla su labor investigadora y docente en la Universidad de Sevilla como becario FPU del MICIN. En 2011 completa su doctorado con la tesis titulada&nbsp;<em>La Metalurgia y sus Repercusiones Econ\u00f3micas, Sociales e Ideol\u00f3gicas en las Comunidades del III y II Milenio Cal ANE en el Suroeste de la Pen\u00ednsula Ib\u00e9rica<\/em>. Durante su doctorado ha realizado estancias de investigaci\u00f3n en el en el University College of London (2010) y en el Museo Arqueol\u00f3gico Nacional de Portugal (2009). Recientemente ha finalizado sus estudios en la Licenciatura de&nbsp;Administraci\u00f3n de Empresas, as\u00ed como en el M\u00e1ster en Direcci\u00f3n Financiera.<\/p>\n\n\n\n<p>L\u00edneas de investigaci\u00f3n<\/p>\n\n\n\n<p>Su principal l\u00ednea de investigaci\u00f3n se centra en la arqueometalurgia, la arqueolog\u00eda espacial y la Prehistoria Reciente en general, si bien en los \u00faltimos tiempos su investigaci\u00f3n se ha centrado m\u00e1s en el&nbsp;an\u00e1lisis financiero y empresarial del sector de la arqueolog\u00eda.<\/p>\n\n\n\n<p>Dedicaci\u00f3n actual<\/p>\n\n\n\n<p>Desde 2011 ejerce como Director Comercial en ATLAS Arqueolog\u00eda y Patrimonio.<\/p>\n\n\n\n<p>Publicaciones m\u00e1s relevantes<\/p>\n\n\n\n<ol class=\"wp-block-list\">\n<li>Garc\u00eda Sanju\u00e1n, L.; Vargas-Jim\u00e9nez, J. M.; C\u00e1ceres Puro, L. M.; Costa Caram\u00e9, M. E. ; D\u00edaz-Guardamino Uribe, M.; D\u00edaz-Zorita Bonilla, M.; Fern\u00e1ndez Flores, \u00c1.; Hurtado P\u00e9rez, V. M.; L\u00f3pez Aldana, P. M.; M\u00e9ndez Izquierdo E.; Pajuelo Pando, A.; Rodr\u00edguez Vidal, J.; Wheatley, D.; Bronk-Ramsey, Ch.; Delgado Huertas, A. ; Dunbar, E.; Mora Gonz\u00e1lez, A.; Bayliss, A.; Beavan, N.; Hamilton, D.; Whittle, A. (2018): \u201cAssembling the dead, gathering the living: radiocarbon dating and Bayesian modelling for Copper Age Valencina de la Concepci\u00f3n (Sevilla, Spain)\u201d.\u00a0<em>Journal of World Prehistory.<\/em>\u00a031, pp. 179 \u2013 313.<\/li>\n\n\n\n<li>Costa Caram\u00e9, Manuel Eleazar (2016):\u00a0An\u00e1lisis financiero del sector empresarial de la arqueolog\u00eda en Andaluc\u00eda, Universidad de Sevilla, Sevilla.<\/li>\n\n\n\n<li>Murillo-Barroso, M.; Costa Caram\u00e9, M. E.; D\u00edaz-Guardamino Uribe, M.; Garc\u00eda Sanju\u00e1n, L. (2015): \u201cA Reappraisal of Iberian Copper Age Goldwork: Craftmanship, Symbolism and Art in a Non-funerary Gold Sheet from Valencina de la Concepci\u00f3n\u201d.\u00a0<em>Cambridge Archaeological Journal<\/em>. Volume 25 \u2013 3, pp. 565 \u2013 596.<\/li>\n\n\n\n<li>Costa Caram\u00e9, M. E. (2013): \u201cLas estelas del suroeste en el valle del Guadalquivir y Sierra Morena: distribuci\u00f3n espacial y nuevas perspectivas de estudio\u201d,\u00a0<em>Trabajos de Prehistoria<\/em>, 70 (1), 76-94.<\/li>\n\n\n\n<li>D\u00edaz-Zorita Bonilla, M.; Costa Caram\u00e9, M. y Garcia Sanju\u00e1n, L. (2012): \u201cFunerary practices from the Mesolithic to the Copper Age in Southern Spain\u201d, en Gibaja Bao, J.; Carvalho, A. F. and Chambon, P. (Coord.):\u00a0<em>Funerary practices in the Iberian Peninsula from the Mesolithic to the Chalcolithic<\/em>, BAR, International Series, Oxford, Archaeopress.<\/li>\n\n\n\n<li>Costa Caram\u00e9, M. E. (2011):\u00a0<em>La Metalurgia y sus Repercusiones Econ\u00f3micas, Sociales e Ideol\u00f3gicas en las Comunidades del III y II Milenio CAL ANE en el Suroeste de la Pen\u00ednsula Ib\u00e9rica<\/em>.<\/li>\n\n\n\n<li>Costa Caram\u00e9, M. E.; Garc\u00eda Sanju\u00e1n, L.; Murillo-Barroso, M. M.; Parrilla Gir\u00e1ldez, R. y Wheatley, D. (2011): \u201cArtefactos elaborados en rocas raras en los contextos funerarios del IV-II milenios cal ANE en el sur de Espa\u00f1a: una revisi\u00f3n\u201d, en\u00a0<em>Explorando el Tiempo y la Materia en los Monumentos Prehist\u00f3ricos: Cronolog\u00eda Absoluta y Rocas Raras en los Megalitos Europeos<\/em>.\u00a0<em>Menga Revista de Prehistoria de Andaluc\u00eda<\/em>, Monograf\u00edas, 1, Junta de Andaluc\u00eda, 253-293.<\/li>\n\n\n\n<li>Garc\u00eda Sanju\u00e1n, L.; Wheatley, D. W. y Costa Carame, M. E. (2011): \u201cLa cronolog\u00eda num\u00e9rica del fen\u00f3meno megal\u00edtico en el sur de Espa\u00f1a: avances y problemas\u201d, en\u00a0<em>Explorando el Tiempo y la Materia en los Monumentos Prehist\u00f3ricos: Cronolog\u00eda Absoluta y Rocas Raras en los Megalitos Europeos<\/em>.\u00a0<em>Menga Revista de Prehistoria de Andaluc\u00eda<\/em>, Monograf\u00edas, 1, Junta de Andaluc\u00eda, 121-157.<\/li>\n\n\n\n<li>Costa Caram\u00e9, M. E. (2010):\u00a0<em>Las producciones met\u00e1licas del Suroeste del III y II Milenio Cal ANE en el Suroeste de la Pen\u00ednsula Ib\u00e9rica<\/em>, BAR, International Reports, 2106, Archaeopress.<\/li>\n\n\n\n<li>Costa Caram\u00e9, M. E.; D\u00edaz Zorita Bonilla, M.; Garc\u00eda Sanju\u00e1n, L. y Wheatley, D. W. (2010): \u201cThe Copper Age Settlement of Valencina de la Concepci\u00f3n (Seville, Spain): Demography, Metallurgy and Spatial Organization\u201d,\u00a0<em>Trabajos de Prehistoria<\/em>, 67 (1), 85-117.<\/li>\n<\/ol>\n\n\n\n<p>Otros perfiles<\/p>\n\n\n\n<p><a href=\"https:\/\/independent.academia.edu\/ManuelEleazar\" target=\"_blank\" rel=\"noreferrer noopener\">Perfil en Academia.edu<\/a><\/p>\n","protected":false},"excerpt":{"rendered":"<p>Titulaci\u00f3n Doctor Europeo en Historia, Especialidad Prehistoria y Arqueolog\u00eda, Universidad de Sevilla (2011). Biograf\u00eda Manuel E. Costa Caram\u00e9 es licenciado [&hellip;]<\/p>\n","protected":false},"author":0,"featured_media":0,"parent":790,"menu_order":0,"comment_status":"open","ping_status":"open","template":"","meta":{"_uag_custom_page_level_css":"","site-sidebar-layout":"default","site-content-layout":"","ast-site-content-layout":"default","site-content-style":"default","site-sidebar-style":"default","ast-global-header-display":"","ast-banner-title-visibility":"","ast-main-header-display":"","ast-hfb-above-header-display":"","ast-hfb-below-header-display":"","ast-hfb-mobile-header-display":"","site-post-title":"","ast-breadcrumbs-content":"","ast-featured-img":"","footer-sml-layout":"","theme-transparent-header-meta":"","adv-header-id-meta":"","stick-header-meta":"","header-above-stick-meta":"","header-main-stick-meta":"","header-below-stick-meta":"","astra-migrate-meta-layouts":"default","ast-page-background-enabled":"default","ast-page-background-meta":{"desktop":{"background-color":"var(--ast-global-color-5)","background-image":"","background-repeat":"repeat","background-position":"center center","background-size":"auto","background-attachment":"scroll","background-type":"","background-media":"","overlay-type":"","overlay-color":"","overlay-opacity":"","overlay-gradient":""},"tablet":{"background-color":"","background-image":"","background-repeat":"repeat","background-position":"center center","background-size":"auto","background-attachment":"scroll","background-type":"","background-media":"","overlay-type":"","overlay-color":"","overlay-opacity":"","overlay-gradient":""},"mobile":{"background-color":"","background-image":"","background-repeat":"repeat","background-position":"center center","background-size":"auto","background-attachment":"scroll","background-type":"","background-media":"","overlay-type":"","overlay-color":"","overlay-opacity":"","overlay-gradient":""}},"ast-content-background-meta":{"desktop":{"background-color":"var(--ast-global-color-4)","background-image":"","background-repeat":"repeat","background-position":"center center","background-size":"auto","background-attachment":"scroll","background-type":"","background-media":"","overlay-type":"","overlay-color":"","overlay-opacity":"","overlay-gradient":""},"tablet":{"background-color":"var(--ast-global-color-4)","background-image":"","background-repeat":"repeat","background-position":"center center","background-size":"auto","background-attachment":"scroll","background-type":"","background-media":"","overlay-type":"","overlay-color":"","overlay-opacity":"","overlay-gradient":""},"mobile":{"background-color":"var(--ast-global-color-4)","background-image":"","background-repeat":"repeat","background-position":"center center","background-size":"auto","background-attachment":"scroll","background-type":"","background-media":"","overlay-type":"","overlay-color":"","overlay-opacity":"","overlay-gradient":""}},"footnotes":""},"class_list":["post-829","page","type-page","status-publish","hentry"],"uagb_featured_image_src":{"full":false,"thumbnail":false,"medium":false,"medium_large":false,"large":false,"1536x1536":false,"2048x2048":false},"uagb_author_info":{"display_name":"","author_link":"https:\/\/grupo.us.es\/atlas\/index.php\/author\/"},"uagb_comment_info":0,"uagb_excerpt":"Titulaci\u00f3n Doctor Europeo en Historia, Especialidad Prehistoria y Arqueolog\u00eda, Universidad de Sevilla (2011). Biograf\u00eda Manuel E. Costa Caram\u00e9 es licenciado [&hellip;]","_links":{"self":[{"href":"https:\/\/grupo.us.es\/atlas\/index.php\/wp-json\/wp\/v2\/pages\/829","targetHints":{"allow":["GET"]}}],"collection":[{"href":"https:\/\/grupo.us.es\/atlas\/index.php\/wp-json\/wp\/v2\/pages"}],"about":[{"href":"https:\/\/grupo.us.es\/atlas\/index.php\/wp-json\/wp\/v2\/types\/page"}],"replies":[{"embeddable":true,"href":"https:\/\/grupo.us.es\/atlas\/index.php\/wp-json\/wp\/v2\/comments?post=829"}],"version-history":[{"count":3,"href":"https:\/\/grupo.us.es\/atlas\/index.php\/wp-json\/wp\/v2\/pages\/829\/revisions"}],"predecessor-version":[{"id":5414,"href":"https:\/\/grupo.us.es\/atlas\/index.php\/wp-json\/wp\/v2\/pages\/829\/revisions\/5414"}],"up":[{"embeddable":true,"href":"https:\/\/grupo.us.es\/atlas\/index.php\/wp-json\/wp\/v2\/pages\/790"}],"wp:attachment":[{"href":"https:\/\/grupo.us.es\/atlas\/index.php\/wp-json\/wp\/v2\/media?parent=829"}],"curies":[{"name":"wp","href":"https:\/\/api.w.org\/{rel}","templated":true}]}}