{"id":793,"date":"2013-05-09T12:47:17","date_gmt":"2013-05-09T12:47:17","guid":{"rendered":"http:\/\/grupo.us.es\/atlas\/?page_id=793"},"modified":"2025-07-16T14:54:38","modified_gmt":"2025-07-16T12:54:38","slug":"financiacion","status":"publish","type":"page","link":"https:\/\/grupo.us.es\/atlas\/index.php\/descripcion\/financiacion\/","title":{"rendered":"Financiaci\u00f3n"},"content":{"rendered":"<p style=\"text-align: justify;\">Se especifican aqu\u00ed los Proyectos y Ayudas obtenidos por el Grupo de Investigaci\u00f3n para el periodo 2000-2022. Se tienen \u00fanicamente en consideraci\u00f3n los fondos gestionados a trav\u00e9s del Vicerrectorado de Investigaci\u00f3n (anteriormente SIOGI y OGICYT) de la Universidad de Sevilla o fuera de este procedimiento, pero por parte de los miembros del Grupo adscritos a la Universidad de Sevilla.<\/p>\n<table border=\"1\" cellpadding=\"0\" align=\"left\">\n<tbody>\n<tr>\n<td>FUENTE<\/td>\n<td>CONCEPTO ESPEC\u00cdFICO<\/td>\n<td>\n<p align=\"center\">IMPORTE \u20ac<\/p>\n<\/td>\n<\/tr>\n<tr>\n<td>Vicerrectorado de Investigaci\u00f3n. Universidad de Sevilla<\/td>\n<td>The sense of water: A journey from prehistoric times (2022)<\/p>\n<p>&nbsp;<\/td>\n<td>\n<p align=\"center\">3.000<\/p>\n<\/td>\n<\/tr>\n<tr>\n<td>Horizonte 2020 Comisi\u00f3n Europea<\/p>\n<p>&nbsp;<\/td>\n<td>Women, Men and Mobility: Understanding Gender Inequality in Prehistory. (WOMAM) (H2020-891776 &#8211; 2020-2022)<\/td>\n<td>\n<p align=\"center\">175.000<\/p>\n<p align=\"center\">\n<\/td>\n<\/tr>\n<tr>\n<td>Universidad Nacional Educaci\u00f3n a Distancia.<\/td>\n<td>Interpretaci\u00f3n de resultados de an\u00e1lisis de is\u00f3topos Pb, Hg y S en pinturas arqueol\u00f3gicas (2021-2022)<\/td>\n<td>\n<p align=\"center\">743,00<\/p>\n<\/td>\n<\/tr>\n<tr>\n<td>Minera Los Frailes SL.<\/td>\n<td>Asesoramiento para la ejecuci\u00f3n de los trabajos de campo y redacci\u00f3n de informes arqueol\u00f3gicos del Proyecto Intervenci\u00f3n Arqueol\u00f3gica Preventiva, Prospecci\u00f3n Arqueol\u00f3gica Superficial con Sondeos. Conducci\u00f3n de Vertido Proyecto Los Frailes (2021)<\/td>\n<td>\n<p align=\"center\">13.365<\/p>\n<\/td>\n<\/tr>\n<tr>\n<td>Universidad de Gotemburgo (Suecia)<\/td>\n<td>Archaeometric Research on Las Minillas 1 Mining and Metallurgical Site: Prehistoric Copper Production and Distribution Through Long-Distance Exchange Networks (2020-2021)<\/td>\n<td>\n<p align=\"center\">5.000<\/p>\n<\/td>\n<\/tr>\n<tr>\n<td>Fundaci\u00f3n Palarq<\/p>\n<p>&nbsp;<\/td>\n<td>Estudio Cient\u00edfico de las Indumentarias Suntuarias en Cuentas Perforadas del Tholos de Montelirio: An\u00e1lisis de Caracterizaci\u00f3n Petrogr\u00e1fica, Huellas de Uso y Dataci\u00f3n Radiocarb\u00f3nica (2019-2021)<\/td>\n<td>\n<p align=\"center\">5.000<\/p>\n<p align=\"center\">\n<\/td>\n<\/tr>\n<tr>\n<td>Gobierno de Dubai<\/p>\n<p>&nbsp;<\/td>\n<td>Estudio Metal\u00fargico (2019)<\/td>\n<td>\n<p align=\"center\">3.801<\/p>\n<\/td>\n<\/tr>\n<tr>\n<td>Minera Los Frailes SL<\/td>\n<td>Redacci\u00f3n de Proyecto de Estudio Arqueol\u00f3gico del Trazado Alternativo Infraestructuras (2019)<\/td>\n<td>\n<p align=\"center\">6.700<\/p>\n<\/td>\n<\/tr>\n<tr>\n<td>Minera Los Frailes SL<\/td>\n<td>Informe sobre requerimiento actuaci\u00f3n en los yacimientos arqueol\u00f3gicos denominados 22,27, 43 y 59 del Plan Especial de Actuaci\u00f3n Minera Los Frailes, T\u00e9rmino Municipal de Aznalc\u00f3llar (Sevilla) (2019)<\/td>\n<td>\n<p align=\"center\">1.200<\/p>\n<\/td>\n<\/tr>\n<tr>\n<td>Proyectos de I+D+i del Programa Operativo FEDER Andaluc\u00eda 2014-2020<\/td>\n<td>Temporalidad, Paisaje y Complejidad Social en los Grandes Sitios\u00a0Megal\u00edticos de Andaluc\u00eda: Antequera y Valencina (2018-2020)<\/td>\n<td>\n<p align=\"center\">55.000<\/p>\n<p align=\"center\">\n<\/td>\n<\/tr>\n<tr>\n<td>Direcci\u00f3n General de Investigaci\u00f3n. Ministerio de Econom\u00eda y Competitividad, Secretar\u00eda General de Investigaci\u00f3n. Plan Nacional I+D<\/td>\n<td>Biograf\u00edas Megal\u00edticas: El Paisaje Monumental de Antequera en su Contexto Temporal y Espacial (HAR2017-87481-P. \u00a02018-2021)<\/td>\n<td>\n<p align=\"center\">103.000<\/p>\n<p align=\"center\">\n<\/td>\n<\/tr>\n<tr>\n<td>Hermanos Campano SL<\/td>\n<td>Estudio Arqueom\u00e9trico de muestras procedentes de la Intervenci\u00f3n Arqueol\u00f3gica en la Real F\u00e1brica de Artiller\u00eda de Sevilla (2018)<\/td>\n<td>\n<p align=\"center\">1.950<\/p>\n<\/td>\n<\/tr>\n<tr>\n<td>Universidad Nacional Educaci\u00f3n a Distancia<\/td>\n<td>Interpretaci\u00f3n de resultados de an\u00e1lisis de is\u00f3topos de plomo en muestras de cinabrio procedentes de varios yacimientos peninsulares (2018)<\/td>\n<td>\n<p align=\"center\">526,00<\/p>\n<\/td>\n<\/tr>\n<tr>\n<td>Minera Los Frailes SL<\/td>\n<td>Prospecci\u00f3n Arqueol\u00f3gica Superficial Preventiva con Sondeos Mec\u00e1nicos en el \u00e1mbito del Proyecto Mina Los Frailes, en el T\u00e9rmino Municipal de Aznalc\u00f3llar (Sevilla) (2017-2018)<\/td>\n<td>\n<p align=\"center\">24.400<\/p>\n<\/td>\n<\/tr>\n<tr>\n<td>Plan Nacional I+D<\/td>\n<td>Beca predoctoral\u00a0Coronada Mora Molina (2015-2018)<\/td>\n<td>\n<p align=\"center\">108.000,00<\/p>\n<p align=\"center\">\n<\/td>\n<\/tr>\n<tr>\n<td>Campus de Excelencia Internacional, Universidad de Ja\u00e9n<\/td>\n<td>Bioarqueolog\u00eda de las Sociedades de las Edades del Cobre y Bronce en el Sur de la Pen\u00ednsula Ib\u00e9rica (2015)<\/td>\n<td>\n<p align=\"center\">9.000,00<\/p>\n<\/td>\n<\/tr>\n<tr>\n<td>Universidad de T\u00fcbingen (Alemania)<\/td>\n<td>Socio-Cultural Change and the Use of Resources during the Late SW Iberian Prehistory (2015)<\/td>\n<td>\n<p align=\"center\">39.000,00<\/p>\n<\/td>\n<\/tr>\n<tr>\n<td>Ministerio de Econom\u00eda y Competitividad<\/td>\n<td>Naturaleza, Sociedad y Monumentalidad: Investigaciones Arqueol\u00f3gicas de Alta Resoluci\u00f3n del Paisaje Megal\u00edtico de Antequera (HAR2013-45149-P\u20132015)<\/td>\n<td>\n<p align=\"center\">108.000,00<\/p>\n<\/td>\n<\/tr>\n<tr>\n<td>Plan Propio Universidad de Sevilla<\/td>\n<td>Beca predoctoral\u00a0Marta Cintas Pe\u00f1a\u00a0(2014-2017)<\/td>\n<td>\n<p align=\"center\">108.000,00<\/p>\n<\/td>\n<\/tr>\n<tr>\n<td>Gobierno Vasco<\/td>\n<td>Beca predoctoral Miriam Lucia\u00f1ez Trivi\u00f1o (2014-2017)<\/td>\n<td>\n<p align=\"center\">108.000,00<\/p>\n<\/td>\n<\/tr>\n<tr>\n<td>Ministerio de Econom\u00eda y Competitividad<\/td>\n<td>Proyecto I+D de investigaci\u00f3n fundamental no orientada: \u00abNuevas Tecnolog\u00edas Aplicadas al Estudio de la Movilidad e Intercambio: Cuentas Verdes y Cer\u00e1mica Decorada con Rellenos Blancos del VI al II Milenio Ane en la Pen\u00ednsula Ib\u00e9rica desde una Perspectiva Multidisciplinar\u00bb (<a href=\"https:\/\/investigacion.us.es\/sisius\/sis_proyecto.php?idproy=21569\" target=\"_blank\" rel=\"noopener\">HAR2012-34620<\/a>\u00a0\u2013 2013\/2015)<\/td>\n<td>\n<p align=\"center\">50.000,00<\/p>\n<\/td>\n<\/tr>\n<tr>\n<td>Ministerio de Econom\u00eda y Competitividad<\/td>\n<td>Contrato Juan de la Cierva de Carlos Odriozola Lloret (2011-2015)<\/td>\n<td>\n<p align=\"center\">120.000<\/p>\n<\/td>\n<\/tr>\n<tr>\n<td>Universidad de Alcal\u00e1 de Henares<\/td>\n<td>Contratos Arts. 68\/83 LOU\u00a0<a href=\"https:\/\/investigacion.us.es\/sisius\/sis_proyecto.php?idproy=22294\" target=\"_blank\" rel=\"noopener\">1592\/0590<\/a>. Estudio anal\u00edtico de los campaniformes de Las Vegas, Huecas, Toledo (2012\/2013)<\/td>\n<td>\n<p align=\"center\">2.000,00<\/p>\n<\/td>\n<\/tr>\n<tr>\n<td>Universidad de Valladolid<\/td>\n<td>Contratos Arts. 68\/83 LOU\u00a0<a href=\"https:\/\/investigacion.us.es\/sisius\/sis_proyecto.php?idproy=22667\" target=\"_blank\" rel=\"noopener\">1633\/0590<\/a>. Arqueometr\u00eda campaniforme (2200-1800 AC): el t\u00famulo prehist\u00f3rico de Tablada de Rudr\u00f3n (2013)<\/td>\n<td>\n<p align=\"center\">826,45<\/p>\n<\/td>\n<\/tr>\n<tr>\n<td>Arqueas. Gesti\u00f3n Integral del patrimonio<\/td>\n<td>Contratos Arts. 68\/83 LOU\u00a0<a href=\"https:\/\/investigacion.us.es\/sisius\/sis_proyecto.php?idproy=22675\" target=\"_blank\" rel=\"noopener\">1659\/0590<\/a>. An\u00e1lisis cronoestratigr\u00e1fico de un yacimiento Alto Imperial de Malpartida de C\u00e1ceres (2013)<\/td>\n<td>\n<p align=\"center\">347,60<\/p>\n<\/td>\n<\/tr>\n<tr>\n<td>Vicerrectorado de Investigaci\u00f3n, Universidad de Sevilla<\/td>\n<td>Desarrollo y Renovaci\u00f3n P\u00e1gina Web Grupo HUM-694 (2013)<\/td>\n<td>\n<p align=\"center\">1.000,00<\/p>\n<\/td>\n<\/tr>\n<tr>\n<td>Vicerrectorado de Investigaci\u00f3n, Universidad de Sevilla<\/td>\n<td>Estancia de Investigadores Visitantes Extranjeros en la Universidad de Sevilla (2012)<\/td>\n<td>\n<p align=\"center\">3.480,00<\/p>\n<\/td>\n<\/tr>\n<tr>\n<td>Convocatoria FPU<\/td>\n<td>Beca predoctoral Pablo Garrido Gonz\u00e1lez (2008-2012)<\/td>\n<td>\n<p align=\"center\">108.000,00<\/p>\n<p align=\"center\">\n<\/td>\n<\/tr>\n<tr>\n<td>Junta de Castilla y Le\u00f3n. Direcci\u00f3n General de Patrimonio Cultural. Servicio de Planificaci\u00f3n y estudios<\/td>\n<td>Contrato puntual. Proyecto \u00abEstudio de los sistemas t\u00e9cnicos de producci\u00f3n cer\u00e1mica asociados a la producci\u00f3n de sal durante la Prehistoria Reciente en el entorno de la Laguna de Villaf\u00e1fila\u00bb\u00a0 (2011)<\/td>\n<td>\n<p align=\"center\">9.083,42<\/p>\n<\/td>\n<\/tr>\n<tr>\n<td>Vicerrectorado de Investigaci\u00f3n, Universidad de Sevilla<\/td>\n<td>Estancia de Investigaci\u00f3n y docencia en las universidades de Rosario y La Plata (Argentina) (2011)<\/td>\n<td>\n<p align=\"center\">2.100,00<\/p>\n<\/td>\n<\/tr>\n<tr>\n<td>Convocatoria FPU<\/td>\n<td>Beca predoctoral Manuel Eleazar Costa Caram\u00e9 (2007-2011)<\/p>\n<p>&nbsp;<\/td>\n<td>\n<p align=\"center\">108.000,00<\/p>\n<\/td>\n<\/tr>\n<tr>\n<td>Consejer\u00eda de Innovaci\u00f3n, Ciencia y Empresa de la Junta de Andaluc\u00eda<\/td>\n<td>Actividad Interanual (2010)<\/td>\n<td>\n<p align=\"center\">962,00<\/p>\n<\/td>\n<\/tr>\n<tr>\n<td>Consejer\u00eda de Innovaci\u00f3n, Ciencia y Empresa de la Junta de Andaluc\u00eda<\/td>\n<td>Organizaci\u00f3n del Congreso \u201cValencina Prehist\u00f3rica\u201d (2010)<\/td>\n<td>\n<p align=\"center\">5.500,00<\/p>\n<\/td>\n<\/tr>\n<tr>\n<td>Vicerrectorado de Investigaci\u00f3n, Universidad de Sevilla<\/td>\n<td>Estancia de Investigaci\u00f3n en el Instituto Mac Donald de la Universidad de Cambridge (Reino Unido) (2010)<\/td>\n<td>\n<p align=\"center\">1.800,00<\/p>\n<\/td>\n<\/tr>\n<tr>\n<td>Direcci\u00f3n General de Bienes Culturales de la Consejer\u00eda de Cultura de la Junta de Andaluc\u00eda<\/td>\n<td>Proyecto de Caracterizaci\u00f3n y Consolidaci\u00f3n de los Marfiles Prehist\u00f3ricos del Sector pp4-Montelirio de la Zona Arqueol\u00f3gica de Valencina de la Concepci\u00f3n-Castilleja de Guzm\u00e1n (Sevilla) (2010)<\/td>\n<td>\n<p align=\"center\">7.000,00<\/p>\n<\/td>\n<\/tr>\n<tr>\n<td>Universidad de Sevilla. Plan Propio de Investigaci\u00f3n (2008-2011)<\/td>\n<td>Ayuda Estancia Investigadores Extranjeros en la Universidad de Sevilla (2009)<\/td>\n<td>\n<p align=\"center\">5.000,00<\/p>\n<\/td>\n<\/tr>\n<tr>\n<td>Universidad de Sevilla. Plan Propio de Investigaci\u00f3n (2008-2011)<\/td>\n<td>Ayuda Estancia Investigadores en Centros Extranjeros (2009)<\/td>\n<td>\n<p align=\"center\">4.000,00<\/p>\n<\/td>\n<\/tr>\n<tr>\n<td><a href=\"https:\/\/www.mineco.gob.es\/\" target=\"_blank\" rel=\"noopener\">Ministerio de Educaci\u00f3n y Ciencia. Direcci\u00f3n General de Investigaci\u00f3n<\/a><\/td>\n<td>Proyecto \u00abAn\u00e1lisis Comparativo de las Din\u00e1micas Socioecon\u00f3micas de la Prehistoria Reciente en el Centro-Sur de la Pen\u00ednsula Ib\u00e9rica (VI-II milenios AC)\u00bb (2009-2012)<\/td>\n<td>\n<p align=\"center\">75.000,00<\/p>\n<\/td>\n<\/tr>\n<tr>\n<td><a href=\"https:\/\/www.juntadeandalucia.es\/organismos\/economiainnovacioncienciayempleo.html\" target=\"_blank\" rel=\"noopener\">Consejer\u00eda Innovaci\u00f3n, Ciencia y Empresa de la Junta de Andaluc\u00eda<\/a><\/td>\n<td>Actividad Interanual (2008)<\/td>\n<td>\n<p align=\"center\">2.096,93<\/p>\n<\/td>\n<\/tr>\n<tr>\n<td>Diputaci\u00f3n Provincial de Sevilla<\/td>\n<td>Proyecto de Intervenci\u00f3n Arqueol\u00f3gica de Urgencia en Marinaleda (Sevilla) (2008)<\/td>\n<td>\n<p align=\"center\">58.318,20<\/p>\n<\/td>\n<\/tr>\n<tr>\n<td>Universidad de Sevilla. Plan Propio de Investigaci\u00f3n (2008-2011)<\/td>\n<td>Organizaci\u00f3n \u00abWorkshop del Grupo Europeo de Estudios de Megalitismo, Sevilla, Noviembre 2008\u00bb (2008)<\/td>\n<td>\n<p align=\"center\">1.974,56<\/p>\n<\/td>\n<\/tr>\n<tr>\n<td><a href=\"https:\/\/www.juntadeandalucia.es\/organismos\/economiainnovacioncienciayempleo.html\" target=\"_blank\" rel=\"noopener\">Consejer\u00eda Innovaci\u00f3n, Ciencia y Empresa de la Junta de Andaluc\u00eda<\/a><\/td>\n<td>Actividad Interanual (2007)<\/td>\n<td>\n<p align=\"center\">2.586,47<\/p>\n<\/td>\n<\/tr>\n<tr>\n<td><a href=\"https:\/\/www.juntadeandalucia.es\/organismos\/economiainnovacioncienciayempleo.html\" target=\"_blank\" rel=\"noopener\">Consejer\u00eda Innovaci\u00f3n, Ciencia y Empresa de la Junta de Andaluc\u00eda<\/a><\/td>\n<td>Actividad Interanual (2006)<\/td>\n<td>\n<p align=\"center\">4.306,63<\/p>\n<\/td>\n<\/tr>\n<tr>\n<td><a href=\"https:\/\/www.juntadeandalucia.es\/organismos\/economiainnovacioncienciayempleo.html\" target=\"_blank\" rel=\"noopener\">Consejer\u00eda Innovaci\u00f3n, Ciencia y Empresa de la Junta de Andaluc\u00eda<\/a><\/td>\n<td>Proyecto de Excelencia \u00abEl Patrimonio Hist\u00f3rico Minero de Andaluc\u00eda.\u00bb (2006-2009)<\/td>\n<td>\n<p align=\"center\">152.500,00<\/p>\n<\/td>\n<\/tr>\n<tr>\n<td><a href=\"https:\/\/www.iaph.es\/\" target=\"_blank\" rel=\"noopener\">Instituto Andaluz del Patrimonio Hist\u00f3rico. Consejer\u00eda de Cultura de la Junta de Andaluc\u00eda<\/a><\/td>\n<td>Dictamen \u00abPatrones de Asentamiento durante la Edad del Cobre y la Edad del Bronce en Andaluc\u00eda\u00bb (2005-2006)<\/td>\n<td>\n<p align=\"center\">3.000,00<\/p>\n<\/td>\n<\/tr>\n<tr>\n<td><a href=\"https:\/\/www.juntadeandalucia.es\/organismos\/economiainnovacioncienciayempleo.html\" target=\"_blank\" rel=\"noopener\">Consejer\u00eda Innovaci\u00f3n, Ciencia y Empresa de la Junta de Andaluc\u00eda<\/a><\/td>\n<td>Actividad Interanual (2005)<\/td>\n<td>\n<p align=\"center\">4.274,89<\/p>\n<\/td>\n<\/tr>\n<tr>\n<td><a href=\"https:\/\/www.idi.mineco.gob.es\/\" target=\"_blank\" rel=\"noopener\">Ministerio de Educaci\u00f3n y Ciencia. Direcci\u00f3n General de Investigaci\u00f3n<\/a><\/td>\n<td>Proyecto \u00abTecnolog\u00eda de Materiales de Recursos Abi\u00f3ticos en la Prehistoria Reciente (III-II milenios cal ANE) en el Suroeste de Espa\u00f1a: Tierra de Barros y Sierra Morena occidental\u00bb (2005-2008)<\/td>\n<td>\n<p align=\"center\">121.000,00<\/p>\n<\/td>\n<\/tr>\n<tr>\n<td>Empresa P\u00fablica de Gesti\u00f3n de Programas Culturales<\/td>\n<td>Proyecto \u00ab<a title=\"Sociedades, Territorios y Paisajes en la Prehistoria de Antequera\" href=\"https:\/\/grupo.us.es\/atlas\/proyectos\/sociedades-territorios-y-paisajes-en-la-prehistoria-de-antequera\/\" target=\"_blank\" rel=\"noopener\">Sociedades, Territorios y Paisajes en la Prehistoria de Antequera (M\u00e1laga)<\/a>\u00bb (2007-2012)<\/td>\n<td>\n<p align=\"center\">44.125,48<\/p>\n<\/td>\n<\/tr>\n<tr>\n<td><a href=\"https:\/\/www.juntadeandalucia.es\/organismos\/economiainnovacioncienciayempleo.html\" target=\"_blank\" rel=\"noopener\">Consejer\u00eda Innovaci\u00f3n, Ciencia y Empresa de la Junta de Andaluc\u00eda<\/a><\/td>\n<td>Actividad Interanual (2004)<\/td>\n<td>\n<p align=\"center\">3.442,27<\/p>\n<\/td>\n<\/tr>\n<tr>\n<td><a href=\"https:\/\/www.juntadeandalucia.es\/organismos\/economiainnovacioncienciayempleo.html\" target=\"_blank\" rel=\"noopener\">Consejer\u00eda Innovaci\u00f3n, Ciencia y Empresa de la Junta de Andaluc\u00eda<\/a><\/td>\n<td>Ayudas a la Investigaci\u00f3n para Organizaci\u00f3n de Congresos (2004)<\/td>\n<td>\n<p align=\"center\">2.250,00<\/p>\n<\/td>\n<\/tr>\n<tr>\n<td>Consejer\u00eda Educaci\u00f3n y Ciencia de la Junta de Andaluc\u00eda<\/td>\n<td>Actividad Interanual (2003)<\/td>\n<td>\n<p align=\"center\">2.702,05<\/p>\n<\/td>\n<\/tr>\n<tr>\n<td>Consejer\u00eda Educaci\u00f3n y Ciencia de la Junta de Andaluc\u00eda<\/td>\n<td>Ayudas a la Investigaci\u00f3n para Asistencia a Congresos y Estancias en el Extranjero (2002 y 2003)<\/td>\n<td>\n<p align=\"center\">3.300,00<\/p>\n<\/td>\n<\/tr>\n<tr>\n<td><a href=\"https:\/\/www.juntadeandalucia.es\/organismos\/economiainnovacioncienciayempleo.html\" target=\"_blank\" rel=\"noopener\">Consejer\u00eda Innovaci\u00f3n, Ciencia y Empresa de la Junta de Andaluc\u00eda<\/a><\/td>\n<td>Actividad Interanual (2002)<\/td>\n<td>\n<p align=\"center\">2.492,00<\/p>\n<\/td>\n<\/tr>\n<tr>\n<td><a href=\"https:\/\/www.juntadeandalucia.es\/culturaydeporte\/web\/jsp\/areas\/bienes\/index.jsp?idA=5\" target=\"_blank\" rel=\"noopener\">Consejer\u00eda de Cultura de la Junta de Andaluc\u00eda<\/a><\/td>\n<td>Proyecto \u00abProspecci\u00f3n Arqueol\u00f3gica Superficial y Delimitaci\u00f3n de Elementos de Car\u00e1cter Patrimonial en la Zona de Afecci\u00f3n del Embalse de Los Melonares (Sevilla)\u00bb (2002)<\/td>\n<td>\n<p align=\"center\">25.242,50<\/p>\n<\/td>\n<\/tr>\n<tr>\n<td>Consejer\u00eda Educaci\u00f3n y Ciencia de la Junta de Andaluc\u00eda<\/td>\n<td>Actividad Interanual, Infraestructura y Ayuda Complementaria (2002)<\/td>\n<td>\n<p align=\"center\">22.853,00<\/p>\n<\/td>\n<\/tr>\n<tr>\n<td>Consejer\u00eda Educaci\u00f3n y Ciencia de la Junta de Andaluc\u00eda<\/td>\n<td>Ayuda Consolidaci\u00f3n (2001)<\/td>\n<td>\n<p align=\"center\">4.193,91<\/p>\n<\/td>\n<\/tr>\n<tr>\n<td>Consejer\u00eda Educaci\u00f3n y Ciencia de la Junta de Andaluc\u00eda<\/td>\n<td>\u00ab<a href=\"https:\/\/www.aloj.us.es\/rnm185\/\" target=\"_blank\" rel=\"noopener\">Archeometra<\/a>\u00ab. Acci\u00f3n Coordinada Grupo RNM-185 (2001)<\/td>\n<td>\n<p align=\"center\">18.590,36<\/p>\n<\/td>\n<\/tr>\n<tr>\n<td>Comisi\u00f3n Europea. Plan Leader<\/td>\n<td>Proyecto \u00abEl Paisaje de las Grandes Piedras. Comunidades Constructores de Megalitos en Sierra Morena Occidental\u00bb (2000)<\/td>\n<td>\n<p align=\"center\">19.232,38<\/p>\n<\/td>\n<\/tr>\n<tr>\n<td>Varios Contratos LOU 68-83 (anteriormente LRU 11-45)<\/td>\n<td>Proyectos de Prospecci\u00f3n y Excavaci\u00f3n Arqueol\u00f3gica en las provincias de Sevilla y Badajoz (2000-2003)<\/td>\n<td>\n<p align=\"center\">71.836,39<\/p>\n<\/td>\n<\/tr>\n<tr>\n<td colspan=\"2\"><b>TOTAL (Periodo 2000-2022)<\/b><\/td>\n<td>\n<p align=\"center\">2.061.692,00<\/p>\n<\/td>\n<\/tr>\n<\/tbody>\n<\/table>\n<h4 style=\"text-align: justify;\"><\/h4>\n<h4 style=\"text-align: justify;\"><\/h4>\n<p>&nbsp;<\/p>\n","protected":false},"excerpt":{"rendered":"<p>Se especifican aqu\u00ed los Proyectos y Ayudas obtenidos por el Grupo de Investigaci\u00f3n para el periodo 2000-2022. Se tienen \u00fanicamente [&hellip;]<\/p>\n","protected":false},"author":1,"featured_media":0,"parent":373,"menu_order":0,"comment_status":"closed","ping_status":"open","template":"","meta":{"_uag_custom_page_level_css":"","site-sidebar-layout":"default","site-content-layout":"","ast-site-content-layout":"default","site-content-style":"default","site-sidebar-style":"default","ast-global-header-display":"","ast-banner-title-visibility":"","ast-main-header-display":"","ast-hfb-above-header-display":"","ast-hfb-below-header-display":"","ast-hfb-mobile-header-display":"","site-post-title":"","ast-breadcrumbs-content":"","ast-featured-img":"","footer-sml-layout":"","theme-transparent-header-meta":"default","adv-header-id-meta":"","stick-header-meta":"","header-above-stick-meta":"","header-main-stick-meta":"","header-below-stick-meta":"","astra-migrate-meta-layouts":"set","ast-page-background-enabled":"default","ast-page-background-meta":{"desktop":{"background-color":"var(--ast-global-color-5)","background-image":"","background-repeat":"repeat","background-position":"center center","background-size":"auto","background-attachment":"scroll","background-type":"","background-media":"","overlay-type":"","overlay-color":"","overlay-opacity":"","overlay-gradient":""},"tablet":{"background-color":"","background-image":"","background-repeat":"repeat","background-position":"center center","background-size":"auto","background-attachment":"scroll","background-type":"","background-media":"","overlay-type":"","overlay-color":"","overlay-opacity":"","overlay-gradient":""},"mobile":{"background-color":"","background-image":"","background-repeat":"repeat","background-position":"center center","background-size":"auto","background-attachment":"scroll","background-type":"","background-media":"","overlay-type":"","overlay-color":"","overlay-opacity":"","overlay-gradient":""}},"ast-content-background-meta":{"desktop":{"background-color":"var(--ast-global-color-4)","background-image":"","background-repeat":"repeat","background-position":"center center","background-size":"auto","background-attachment":"scroll","background-type":"","background-media":"","overlay-type":"","overlay-color":"","overlay-opacity":"","overlay-gradient":""},"tablet":{"background-color":"var(--ast-global-color-4)","background-image":"","background-repeat":"repeat","background-position":"center center","background-size":"auto","background-attachment":"scroll","background-type":"","background-media":"","overlay-type":"","overlay-color":"","overlay-opacity":"","overlay-gradient":""},"mobile":{"background-color":"var(--ast-global-color-4)","background-image":"","background-repeat":"repeat","background-position":"center center","background-size":"auto","background-attachment":"scroll","background-type":"","background-media":"","overlay-type":"","overlay-color":"","overlay-opacity":"","overlay-gradient":""}},"footnotes":""},"class_list":["post-793","page","type-page","status-publish","hentry"],"uagb_featured_image_src":{"full":false,"thumbnail":false,"medium":false,"medium_large":false,"large":false,"1536x1536":false,"2048x2048":false},"uagb_author_info":{"display_name":"adminATLAS","author_link":"https:\/\/grupo.us.es\/atlas\/index.php\/author\/adminatlas\/"},"uagb_comment_info":0,"uagb_excerpt":"Se especifican aqu\u00ed los Proyectos y Ayudas obtenidos por el Grupo de Investigaci\u00f3n para el periodo 2000-2022. Se tienen \u00fanicamente [&hellip;]","_links":{"self":[{"href":"https:\/\/grupo.us.es\/atlas\/index.php\/wp-json\/wp\/v2\/pages\/793","targetHints":{"allow":["GET"]}}],"collection":[{"href":"https:\/\/grupo.us.es\/atlas\/index.php\/wp-json\/wp\/v2\/pages"}],"about":[{"href":"https:\/\/grupo.us.es\/atlas\/index.php\/wp-json\/wp\/v2\/types\/page"}],"author":[{"embeddable":true,"href":"https:\/\/grupo.us.es\/atlas\/index.php\/wp-json\/wp\/v2\/users\/1"}],"replies":[{"embeddable":true,"href":"https:\/\/grupo.us.es\/atlas\/index.php\/wp-json\/wp\/v2\/comments?post=793"}],"version-history":[{"count":2,"href":"https:\/\/grupo.us.es\/atlas\/index.php\/wp-json\/wp\/v2\/pages\/793\/revisions"}],"predecessor-version":[{"id":4959,"href":"https:\/\/grupo.us.es\/atlas\/index.php\/wp-json\/wp\/v2\/pages\/793\/revisions\/4959"}],"up":[{"embeddable":true,"href":"https:\/\/grupo.us.es\/atlas\/index.php\/wp-json\/wp\/v2\/pages\/373"}],"wp:attachment":[{"href":"https:\/\/grupo.us.es\/atlas\/index.php\/wp-json\/wp\/v2\/media?parent=793"}],"curies":[{"name":"wp","href":"https:\/\/api.w.org\/{rel}","templated":true}]}}