{"id":792,"date":"2013-05-09T12:46:53","date_gmt":"2013-05-09T12:46:53","guid":{"rendered":"http:\/\/grupo.us.es\/atlas\/?page_id=792"},"modified":"2025-07-31T21:13:39","modified_gmt":"2025-07-31T19:13:39","slug":"perfil-epistemologico","status":"publish","type":"page","link":"https:\/\/grupo.us.es\/atlas\/index.php\/descripcion\/perfil-epistemologico\/","title":{"rendered":"Perfil epistemol\u00f3gico"},"content":{"rendered":"\n<div class=\"wp-block-cover alignfull has-custom-content-position is-position-top-left\" style=\"margin-top:0;padding-top:5vw;padding-right:5vw;padding-bottom:5vw;padding-left:5vw;min-height:50vh;aspect-ratio:unset;\"><img loading=\"lazy\" decoding=\"async\" width=\"348\" height=\"255\" class=\"wp-block-cover__image-background wp-image-3807 size-full\" alt=\"\" src=\"https:\/\/grupo.us.es\/atlas\/wp-content\/uploads\/2023\/07\/Captura-de-Pantalla-2023-07-28-a-las-12.47.27.png\" data-object-fit=\"cover\"\/><span aria-hidden=\"true\" class=\"wp-block-cover__background has-background-dim\" style=\"background-color:#141414\"><\/span><div class=\"wp-block-cover__inner-container is-layout-flow wp-block-cover-is-layout-flow\">\n<div class=\"wp-block-group wp-container-content-9cfa9a5a is-vertical is-nowrap is-layout-flex wp-container-core-group-is-layout-2890af74 wp-block-group-is-layout-flex\">\n<p><\/p>\n\n\n\n<div class=\"wp-block-group is-nowrap is-layout-flex wp-container-core-group-is-layout-6c531013 wp-block-group-is-layout-flex\">\n<p><\/p>\n\n\n\n<div style=\"height:100px;width:0px\" aria-hidden=\"true\" class=\"wp-block-spacer wp-container-content-6388d5dc\"><\/div>\n<\/div>\n\n\n\n<p class=\"has-text-align-left has-ast-global-color-4-color has-text-color has-source-serif-pro-font-family\" style=\"font-size:50px;font-style:italic;font-weight:900;letter-spacing:1px;line-height:1.2;text-transform:none\">Perfil <\/p>\n\n\n\n<p class=\"has-text-align-left has-ast-global-color-4-color has-text-color has-source-serif-pro-font-family\" style=\"font-size:50px;font-style:italic;font-weight:900;letter-spacing:-2px;line-height:1.4;text-transform:none\">Epistemol\u00f3gico<\/p>\n<\/div>\n<\/div><\/div>\n\n\n\n<div style=\"height:38px\" aria-hidden=\"true\" class=\"wp-block-spacer\"><\/div>\n\n\n\n<p class=\"has-text-align-center\" style=\"font-size:15px\"><strong>El Grupo de Investigaci\u00f3n <em>ATLAS. Territorios y Paisajes en la Prehistoria Reciente de Andaluc\u00eda<\/em> re\u00fane a una serie de personas (principalmente profesores\/as e investigadores\/as) interesadas en promover el avance y progreso de la investigaci\u00f3n y la gesti\u00f3n arqueol\u00f3gicas en Andaluc\u00eda. Los principios que fundamentan nuestro trabajo como equipo humano son los siguientes:<\/strong><\/p>\n\n\n\n<div class=\"wp-block-buttons has-custom-font-size is-vertical is-content-justification-center is-layout-flex wp-container-core-buttons-is-layout-99d191ce wp-block-buttons-is-layout-flex\" style=\"padding-top:var(--wp--preset--spacing--40);padding-right:var(--wp--preset--spacing--50);padding-bottom:var(--wp--preset--spacing--40);padding-left:var(--wp--preset--spacing--50);font-size:13px\">\n<div class=\"wp-block-button is-style-fill\"><a class=\"wp-block-button__link has-ast-global-color-4-color has-ast-global-color-1-background-color has-text-color has-background has-link-color has-custom-font-size wp-element-button\" href=\"#PRINCIPIOS\" style=\"border-style:none;border-width:0px;padding-top:var(--wp--preset--spacing--40);padding-right:var(--wp--preset--spacing--50);padding-bottom:var(--wp--preset--spacing--40);padding-left:var(--wp--preset--spacing--50);font-size:15px\">PRINCIPIOS DEL CONOCIMIENTO<\/a><\/div>\n\n\n\n<div class=\"wp-block-button is-style-fill\"><a class=\"wp-block-button__link has-ast-global-color-4-color has-ast-global-color-1-background-color has-text-color has-background has-link-color has-custom-font-size wp-element-button\" href=\"#FORMACION\" style=\"border-style:none;border-width:0px;padding-top:var(--wp--preset--spacing--40);padding-right:var(--wp--preset--spacing--70);padding-bottom:var(--wp--preset--spacing--40);padding-left:var(--wp--preset--spacing--70);font-size:15px\">FORMACI\u00d3N E HISTORIA<\/a><\/div>\n\n\n\n<div class=\"wp-block-button\"><a class=\"wp-block-button__link has-ast-global-color-4-color has-ast-global-color-1-background-color has-text-color has-background has-link-color has-custom-font-size wp-element-button\" href=\"#AREAS\" style=\"border-style:none;border-width:0px;padding-top:var(--wp--preset--spacing--40);padding-right:var(--wp--preset--spacing--80);padding-bottom:var(--wp--preset--spacing--40);padding-left:var(--wp--preset--spacing--80);font-size:15px\">\u00c1REAS DE INTER\u00c9S<\/a><\/div>\n\n\n\n<div class=\"wp-block-button\"><a class=\"wp-block-button__link has-ast-global-color-4-color has-ast-global-color-1-background-color has-text-color has-background has-link-color has-custom-font-size wp-element-button\" href=\"#LINEAS\" style=\"border-style:none;border-width:0px;border-radius:24px;padding-top:var(--wp--preset--spacing--40);padding-right:var(--wp--preset--spacing--40);padding-bottom:var(--wp--preset--spacing--40);padding-left:var(--wp--preset--spacing--40);font-size:15px\">L\u00cdNEAS Y TEMAS DE INVESTIGACI\u00d3N<\/a><\/div>\n<\/div>\n\n\n\n<p id=\"PRINCIPIOS\">PRINCIPIOS DEL CONOCIMIENTO<\/p>\n\n\n\n<ul class=\"wp-block-list\">\n<li><strong>Promover la discusi\u00f3n y el debate entre planteamientos, escuelas y corrientes propias del pensamiento de las Ciencias Sociales contempor\u00e1neas<\/strong>, as\u00ed como de los procedimientos, m\u00e9todos y t\u00e9cnicas en los que las mismas se basan. La libre expresi\u00f3n y confrontaci\u00f3n constructiva de las ideas y las teor\u00edas es una condici\u00f3n para la libertad humana, y en ello la ciencia emp\u00edrica tiene una responsabilidad directa. La Universidad (especialmente, aunque tambi\u00e9n otras instituciones) tiene en este sentido la oportunidad y el deber de promover eventos para el intercambio de ideas que mejoren nuestro conocimiento del Pasado y que por tanto mejoren la calidad y efectividad de las pol\u00edticas con las que gestionamos y tratamos los vestigios materiales de ese Pasado. En los \u00faltimos a\u00f1os hemos organizado directamente (o participado en la organizaci\u00f3n) de una docena de reuniones de trabajo, seminarios, cursos y encuentros que han tratado de temas en torno a los cuales hemos percibido un d\u00e9ficit de atenci\u00f3n o inter\u00e9s.<\/li>\n<\/ul>\n\n\n\n<ul class=\"wp-block-list\">\n<li><strong>Promover la internacionalizaci\u00f3n de la pr\u00e1ctica arqueol\u00f3gica (de investigaci\u00f3n y de gesti\u00f3n) que se realiza en la Comunidad Aut\u00f3noma Andaluza.<\/strong>La investigaci\u00f3n cient\u00edfica arqueol\u00f3gica contempor\u00e1nea tiene un acusado car\u00e1cter internacional que estimula y fomenta la circulaci\u00f3n de tradiciones y escuelas epistemol\u00f3gicas, teor\u00edas y t\u00e9cnicas, por lo cual restringirla al marco de la pr\u00e1ctica de la \u201cerudici\u00f3n\u201d local limita las posibilidades y alcance del conocimiento que buscamos desarrollar. Los\/as integrantes del Grupo de Investigaci\u00f3n ATLAS tratan de proyectar los resultados de sus investigaciones y estudios a una audiencia internacional mediante la publicaci\u00f3n en ingl\u00e9s, la lengua franca de la comunidad cientifica actual, de las monograf\u00edas y obras colectivas que producen, (Garc\u00eda Sanju\u00e1n y Wheatley, 2002; <a href=\"https:\/\/grupo.us.es\/atlas\/temas\/arqueometria-de-materiales-metalicos-arqueometalurgia\/prehistoric-mining-and-metallurgy-in-south-west-iberian-peninsula\/\" target=\"_blank\" rel=\"noreferrer noopener\">Hunt Ortiz, 2003<\/a>; D\u00edaz del R\u00edo y Garc\u00eda Sanju\u00e1n, 2006). Igualmente tenemos el compromiso de alcanzar la difusi\u00f3n que garantizan las m\u00e1s exigentes publicaciones peri\u00f3dicas cient\u00edficas de difusi\u00f3n internacional, lo cual hemos llevado a la pr\u00e1ctica en los \u00faltimos a\u00f1os publicando distintos trabajos en revistas como <a href=\"https:\/\/antiquity.ac.uk\/\" target=\"_blank\" rel=\"noreferrer noopener\">Antiquity<\/a>, <a href=\"https:\/\/www.elsevier.com\/wps\/find\/journaldescription.cws_home\/622854\/description#description\" target=\"_blank\" rel=\"noreferrer noopener\">Journal of Archaeological Science<\/a>, <a href=\"https:\/\/eu.wiley.com\/WileyCDA\/WileyTitle\/productCd-GEA.html\" target=\"_blank\" rel=\"noreferrer noopener\">Geoarchaeology<\/a>, <a href=\"https:\/\/www.e-a-a.org\/journal.htm\" target=\"_blank\" rel=\"noreferrer noopener\">European Journal of Archaeology<\/a>, <a href=\"https:\/\/soi.cnr.it\/~archcalc\/\" target=\"_blank\" rel=\"noreferrer noopener\">Archeologia e Calcolatori<\/a>, o, dentro de la arqueolog\u00eda espa\u00f1ola y portuguesa, Trabajos de Prehistoria, Journal of Iberian Archaeology y otras.<\/li>\n<\/ul>\n\n\n\n<ul class=\"wp-block-list\">\n<li><strong>Promover la renovaci\u00f3n disciplinar de la Arqueolog\u00eda<\/strong>.Finalmente, un principio fundamental de nuestra labor es el de estimular y facilitar la renovaci\u00f3n de la disciplina arqueol\u00f3gica en todos los planos y dimensiones de su actividad, desde el epsitemol\u00f3gico y te\u00f3rico hasta el t\u00e9cnico y procedimental. La Arqueolog\u00eda de nuestro pa\u00eds (y especialmente en Andaluc\u00eda) todav\u00eda tiene un largo camino que recorrer para superar sus raices \u201canticuaristas\u201d y convertirse en una aut\u00e9ntica disciplina cient\u00edfica capaz de presentarse ante la sociedad actual como productora de un conocimiento emp\u00edricamente fundamentado que sirva de base para un mejor an\u00e1lisis de los problemas de la sociedad actual. Por ello entendemos que es de la mayor importancia estimular a los\/as estudiantes y j\u00f3venes investigadores\/as a explorar y abrir nuevos caminos en la producci\u00f3n de dicho conocimiento, superando las inercias acad\u00e9micas que limitan la creatividad e iniciativa intelectuales en la universidad espa\u00f1ola y cuya mera existencia ya constituye en s\u00ed misma un s\u00edntoma del limitado desarrollo que la Ciencia Social padece en nuestro pa\u00eds.<\/li>\n<\/ul>\n\n\n\n<p id=\"FORMACION\"><strong>FORMACI\u00d3N E HISTORIA<\/strong><\/p>\n\n\n\n<p>El Grupo de Investigaci\u00f3n <em>ATLAS <\/em>emerge de la experiencia ganada dentro del Grupo <em>Sistemas de Informaci\u00f3n Geogr\u00e1fica y Patrimonio Arqueol\u00f3gico (SIGPAR)<\/em> (RNM-228 entre 1995 y 1997 y HUM-546 entre 1998 y 2000) por un equipo de profesor e investigadores de la Universidad de Sevilla.<\/p>\n\n\n\n<p>El Grupo SIGPAR fue formado en 1995 y hasta su disoluci\u00f3n en 2001 ha tenido el objetivo b\u00e1sico de introducir los Sistemas de Informaci\u00f3n Geogr\u00e1fica en la gesti\u00f3n de datos arqueol\u00f3gicos espacialmente referenciados, dentro de los dos \u00e1mbitos principales del an\u00e1lisis espacial arqueol\u00f3gico: el urbano y el territorial. Este Grupo dio unos resultados altamente positivos, realizando una larga serie de colaboraciones y proyectos con instituciones regionales, nacionales y europeas que culminaron en Junio de 2000 con la realizaci\u00f3n de una <em>Workshop<\/em> Internacional sobre el tema de los Sistemas de Informaci\u00f3n Geogr\u00e1fica en la Gesti\u00f3n de Inventarios Arqueol\u00f3gicos bajo los auspicios de la Comisi\u00f3n Europea y con la concurrencia de representantes de pr\u00e1cticamente todos los pa\u00edses europeos. A partir de 2001, el Grupo ATLAS busca profundizar en algunos de los aspectos tratados por algunos de los miembros de SIGPAR, dando mayor desarrollo a algunas de sus coordenadas espec\u00edficas (Prehistoria, Territorio, Paisajes). Al mismo tiempo, el Grupo ATLAS persigue interrogarse sobre nuevos planteamientos, problemas y conceptos relativos a la investigaci\u00f3n arqueol\u00f3gica actual, espec\u00edficamente en el \u00e1mbito del an\u00e1lisis territorial y paisaj\u00edstico.<\/p>\n\n\n\n<p id=\"AREAS\"><strong>AREAS DE INTER\u00c9S<\/strong><\/p>\n\n\n\n<p>El Grupo <em>ATLAS<\/em> se constituye como un equipo de investigaci\u00f3n pluridisciplinar que se interesa por cuatro <a href=\"https:\/\/grupo.us.es\/atlas\/temas\/\" target=\"_blank\" rel=\"noreferrer noopener\">temas principales de trabajo<\/a> (representadas dentro del grupo por los diferentes miembros integrantes), que son:<\/p>\n\n\n\n<ul class=\"wp-block-list\">\n<li>Las Sociedades de la Prehistoria Reciente del Sur de la Pen\u00ednsula Ib\u00e9rica.<\/li>\n\n\n\n<li><a href=\"https:\/\/grupo.us.es\/atlas\/temas\/arqueologia-territorial-y-del-paisaje\/\" target=\"_blank\" rel=\"noreferrer noopener\">An\u00e1lisis Territorial y Paisaj\u00edstico en Arqueolog\u00eda<\/a><\/li>\n\n\n\n<li>Sistemas de Informaci\u00f3n Geogr\u00e1fica y Cartograf\u00eda Digital aplicados a la Gesti\u00f3n Cultural<\/li>\n\n\n\n<li>Arqueometr\u00eda y Ciencia de materiales aplicadas al estudio de recursos abi\u00f3ticos en la Prehistoria<\/li>\n\n\n\n<li><a href=\"https:\/\/grupo.us.es\/atlas\/temas\/bioarqueologia\/\" target=\"_blank\" rel=\"noreferrer noopener\">Bioarqueolog\u00eda<\/a><\/li>\n\n\n\n<li>Restauraci\u00f3n y conservaci\u00f3n<\/li>\n<\/ul>\n\n\n\n<p>Ello puede expresarse en forma de una serie de l\u00edneas de trabajo.<\/p>\n\n\n\n<p id=\"LINEAS\"><strong>L\u00cdNEAS Y TEMAS DE INVESTIGACI\u00d3N<\/strong><\/p>\n\n\n\n<h4 class=\"wp-block-heading\">\u00c1mbito Metodol\u00f3gico y T\u00e9cnico<\/h4>\n\n\n\n<p>El Grupo ATLAS tiene como una de sus l\u00edneas de trabajo principales examinar innovaciones de car\u00e1cter metodol\u00f3gico y t\u00e9cnico que contribuyan a mejorar la calidad del tratamiento y an\u00e1lisis de los datos relativos a la dimensi\u00f3n territorial del Patrimonio Arqueol\u00f3gico (aunque desde un punto de vista tem\u00e1tico el Grupo tiene por su configuraci\u00f3n un cierto sesgo hacia la Arqueolog\u00eda Prehist\u00f3rica, es el registro arqueol\u00f3gico por extensi\u00f3n el objeto de su inter\u00e9s en lo que se refiere a metodolog\u00eda y aplicaciones t\u00e9cnicas). As\u00ed, ATLAS se interesa por el tema de la <a href=\"https:\/\/grupo.us.es\/atlas\/temas\/arqueometria-de-materiales-metalicos-arqueometalurgia\/prehistoric-mining-and-metallurgy-in-south-west-iberian-peninsula\/\" target=\"_blank\" rel=\"noreferrer noopener\">arqueolog\u00eda territorial y del paisaje<\/a>: espec\u00edficamente cartas arqueol\u00f3gicas, inventarios y bases de datos de yacimientos arqueol\u00f3gicos, geograf\u00eda f\u00edsica, paleogeograf\u00eda, cartograf\u00eda digital, estad\u00edstica espacial, arqueolog\u00eda espacial, Sistemas de Informaci\u00f3n Geogr\u00e1fica, cartograf\u00eda arqueol\u00f3gica, topograf\u00eda arqueol\u00f3gica, etc.<\/p>\n\n\n\n<p>Igualmente nuestro Grupo tiene un inter\u00e9s definido por la aplicaci\u00f3n de m\u00e9todos procedentes de las ciencias naturales en el an\u00e1lisis del registro arqueol\u00f3gico, con la intenci\u00f3n de obtener una visi\u00f3n relevante de la interacci\u00f3n de las personas con su entorno y la cultura material en el pasado. Especialmente en lo referido a la movilidad humana, cambios en la dieta y la salud, la explotaci\u00f3n de recursos naturales y el paisaje para la subsistencia o el intercambio, la transmisi\u00f3n del conocimiento y la tecnolog\u00eda, el desarrollo de la tecnolog\u00eda (marfil, l\u00edtico, cer\u00e1mica, metal, \u2026). ATLAS, tradicionalmente se ha centrado en la arqueometalurgia, aunque recientemente se han ampliado las l\u00edneas de investigaci\u00f3n para dar cabida a la cer\u00e1mica, rocas raras, marfil y la bioarqueolog\u00eda.<\/p>\n\n\n\n<h4 class=\"wp-block-heading\">Marcos Interpretativos<\/h4>\n\n\n\n<p>(a) <em>Espacios<\/em> (captaci\u00f3n, explotaci\u00f3n e intercambio de recursos con especial referencia a la miner\u00eda, la metalurgia y el comercio de metales, rocas raras y cer\u00e1micas), (b) <em>Territorios<\/em> (relaciones de interacci\u00f3n y territorializaci\u00f3n, con especial referencia a las relaciones de jerarquizaci\u00f3n social y pol\u00edtica) y (c) <em>Paisajes<\/em> (percepci\u00f3n y enculturaci\u00f3n de la Naturaleza, con especial referencia al arte rupestre y el megalitismo). Actualmente existe una vigorosa diversidad de enfoques epistemol\u00f3gicos (ecol\u00f3gico cultural, marxista, hermen\u00e9utica, etc.) aplicados al an\u00e1lisis de la dimensi\u00f3n territorial de las sociedades prehist\u00f3ricas. Una de las l\u00edneas de trabajo nuestro Grupo de Investigaci\u00f3n es investigar la aplicaci\u00f3n de las mismas a la Prehistoria. (d) <em>Relaciones sociales<\/em> (marcos y pautas de organizaci\u00f3n social, especialmente en clave de an\u00e1lisis de las <a href=\"https:\/\/grupo.us.es\/atlas\/temas\/arqueologia-de-la-desigualdad-social\/\" target=\"_blank\" rel=\"noreferrer noopener\">formas de desigualdad social entre las sociedades del III y II milenios cal ANE en el Sur de la Pen\u00ednsula Ib\u00e9rica<\/a>, especialmente en sus versiones m\u00e1s complejas &#8211; <em>complejidad social.<\/em><\/p>\n\n\n\n<h4 class=\"wp-block-heading\">Transferencia de los Resultados de la Investigaci\u00f3n al \u00c1mbito de la Gesti\u00f3n<\/h4>\n\n\n\n<p>Cualificaci\u00f3n de la informaci\u00f3n en t\u00e9rminos de pol\u00edticas de gesti\u00f3n del <a href=\"https:\/\/grupo.us.es\/atlas\/temas\/patrimonio-arqueologico-y-planificacion-territorial\/\" target=\"_blank\" rel=\"noreferrer noopener\">Patrimonio Arqueol\u00f3gico y Planificaci\u00f3n Territorial<\/a>. Definici\u00f3n relaciones topol\u00f3gicas entre entidades arqueol\u00f3gicas y delimitaci\u00f3n de \u00e1reas arqueol\u00f3gicas. Cartograf\u00eda tem\u00e1tica y Patrimonio Arqueol\u00f3gico. Atlas Arqueol\u00f3gico de Andaluc\u00eda: propuestas de itinerarios arqueol\u00f3gicos y difusi\u00f3n p\u00fablica de cartograf\u00eda relativa a fen\u00f3menos y procesos de la Prehistoria. El Grupo <em>ATLAS<\/em> tiene como prop\u00f3sito fomentar y desarrollar el debate de temas innovadores dentro de este campo tales como la definici\u00f3n de las metodolog\u00edas de definici\u00f3n de la <em>singularidad<\/em> e <em>importancia<\/em> de los sitios integrantes del Patrimonio Arqueol\u00f3gico, la <em>evaluaci\u00f3n del riesgo<\/em> a escala territorial o la normalizaci\u00f3n de la <em>simbolog\u00eda cartogr\u00e1fica<\/em> relativa al mismo.<\/p>\n","protected":false},"excerpt":{"rendered":"<p>El Grupo de Investigaci\u00f3n ATLAS. Territorios y Paisajes en la Prehistoria Reciente de Andaluc\u00eda re\u00fane a una serie de personas [&hellip;]<\/p>\n","protected":false},"author":1,"featured_media":0,"parent":373,"menu_order":0,"comment_status":"closed","ping_status":"open","template":"","meta":{"_uag_custom_page_level_css":"","site-sidebar-layout":"default","site-content-layout":"","ast-site-content-layout":"normal-width-container","site-content-style":"default","site-sidebar-style":"default","ast-global-header-display":"","ast-banner-title-visibility":"","ast-main-header-display":"","ast-hfb-above-header-display":"","ast-hfb-below-header-display":"","ast-hfb-mobile-header-display":"","site-post-title":"disabled","ast-breadcrumbs-content":"","ast-featured-img":"","footer-sml-layout":"","theme-transparent-header-meta":"default","adv-header-id-meta":"","stick-header-meta":"","header-above-stick-meta":"","header-main-stick-meta":"","header-below-stick-meta":"","astra-migrate-meta-layouts":"set","ast-page-background-enabled":"default","ast-page-background-meta":{"desktop":{"background-color":"var(--ast-global-color-5)","background-image":"","background-repeat":"repeat","background-position":"center center","background-size":"auto","background-attachment":"scroll","background-type":"","background-media":"","overlay-type":"","overlay-color":"","overlay-opacity":"","overlay-gradient":""},"tablet":{"background-color":"","background-image":"","background-repeat":"repeat","background-position":"center center","background-size":"auto","background-attachment":"scroll","background-type":"","background-media":"","overlay-type":"","overlay-color":"","overlay-opacity":"","overlay-gradient":""},"mobile":{"background-color":"","background-image":"","background-repeat":"repeat","background-position":"center center","background-size":"auto","background-attachment":"scroll","background-type":"","background-media":"","overlay-type":"","overlay-color":"","overlay-opacity":"","overlay-gradient":""}},"ast-content-background-meta":{"desktop":{"background-color":"var(--ast-global-color-4)","background-image":"","background-repeat":"repeat","background-position":"center center","background-size":"auto","background-attachment":"scroll","background-type":"","background-media":"","overlay-type":"","overlay-color":"","overlay-opacity":"","overlay-gradient":""},"tablet":{"background-color":"var(--ast-global-color-4)","background-image":"","background-repeat":"repeat","background-position":"center center","background-size":"auto","background-attachment":"scroll","background-type":"","background-media":"","overlay-type":"","overlay-color":"","overlay-opacity":"","overlay-gradient":""},"mobile":{"background-color":"var(--ast-global-color-4)","background-image":"","background-repeat":"repeat","background-position":"center center","background-size":"auto","background-attachment":"scroll","background-type":"","background-media":"","overlay-type":"","overlay-color":"","overlay-opacity":"","overlay-gradient":""}},"footnotes":""},"class_list":["post-792","page","type-page","status-publish","hentry"],"uagb_featured_image_src":{"full":false,"thumbnail":false,"medium":false,"medium_large":false,"large":false,"1536x1536":false,"2048x2048":false},"uagb_author_info":{"display_name":"adminATLAS","author_link":"https:\/\/grupo.us.es\/atlas\/index.php\/author\/adminatlas\/"},"uagb_comment_info":0,"uagb_excerpt":"El Grupo de Investigaci\u00f3n ATLAS. Territorios y Paisajes en la Prehistoria Reciente de Andaluc\u00eda re\u00fane a una serie de personas [&hellip;]","_links":{"self":[{"href":"https:\/\/grupo.us.es\/atlas\/index.php\/wp-json\/wp\/v2\/pages\/792","targetHints":{"allow":["GET"]}}],"collection":[{"href":"https:\/\/grupo.us.es\/atlas\/index.php\/wp-json\/wp\/v2\/pages"}],"about":[{"href":"https:\/\/grupo.us.es\/atlas\/index.php\/wp-json\/wp\/v2\/types\/page"}],"author":[{"embeddable":true,"href":"https:\/\/grupo.us.es\/atlas\/index.php\/wp-json\/wp\/v2\/users\/1"}],"replies":[{"embeddable":true,"href":"https:\/\/grupo.us.es\/atlas\/index.php\/wp-json\/wp\/v2\/comments?post=792"}],"version-history":[{"count":42,"href":"https:\/\/grupo.us.es\/atlas\/index.php\/wp-json\/wp\/v2\/pages\/792\/revisions"}],"predecessor-version":[{"id":5136,"href":"https:\/\/grupo.us.es\/atlas\/index.php\/wp-json\/wp\/v2\/pages\/792\/revisions\/5136"}],"up":[{"embeddable":true,"href":"https:\/\/grupo.us.es\/atlas\/index.php\/wp-json\/wp\/v2\/pages\/373"}],"wp:attachment":[{"href":"https:\/\/grupo.us.es\/atlas\/index.php\/wp-json\/wp\/v2\/media?parent=792"}],"curies":[{"name":"wp","href":"https:\/\/api.w.org\/{rel}","templated":true}]}}