{"id":5584,"date":"2025-11-11T18:07:24","date_gmt":"2025-11-11T17:07:24","guid":{"rendered":"https:\/\/grupo.us.es\/atlas\/?page_id=5584"},"modified":"2025-11-12T10:03:03","modified_gmt":"2025-11-12T09:03:03","slug":"daniel-barragan-mallofret","status":"publish","type":"page","link":"https:\/\/grupo.us.es\/atlas\/index.php\/daniel-barragan-mallofret\/","title":{"rendered":"Daniel Barrag\u00e1n Mallofret"},"content":{"rendered":"\n<figure class=\"wp-block-image size-large is-resized\"><img loading=\"lazy\" decoding=\"async\" width=\"1024\" height=\"768\" src=\"https:\/\/grupo.us.es\/atlas\/wp-content\/uploads\/2025\/11\/da-1024x768.jpg\" alt=\"\" class=\"wp-image-5585\" style=\"width:186px;height:auto\" srcset=\"https:\/\/grupo.us.es\/atlas\/wp-content\/uploads\/2025\/11\/da-1024x768.jpg 1024w, https:\/\/grupo.us.es\/atlas\/wp-content\/uploads\/2025\/11\/da-300x225.jpg 300w, https:\/\/grupo.us.es\/atlas\/wp-content\/uploads\/2025\/11\/da-768x576.jpg 768w, https:\/\/grupo.us.es\/atlas\/wp-content\/uploads\/2025\/11\/da-1536x1152.jpg 1536w, https:\/\/grupo.us.es\/atlas\/wp-content\/uploads\/2025\/11\/da-2048x1536.jpg 2048w\" sizes=\"auto, (max-width: 1024px) 100vw, 1024px\" \/><\/figure>\n\n\n\n<p>Titulaci\u00f3n<\/p>\n\n\n\n<p>Doctor en Geograf\u00eda e Historia, especialidad de Prehistoria y Arqueolog\u00eda. Universidad de Sevilla.<\/p>\n\n\n\n<p>Biograf\u00eda<\/p>\n\n\n\n<p>Daniel Barrag\u00e1n Mallofret se licenci\u00f3 en Geograf\u00eda e Historia, especialidad de Prehistoria y Arqueolog\u00eda, en 1998 en la Universidad de Sevilla; realiz\u00f3 los estudios de doctorado en los cursos 1998\/1999 y 1999\/2000 dentro del programa <em>Investigaciones Arqueol\u00f3gicas en el Mediod\u00eda Peninsular<\/em>, del Departamento de Prehistoria y Arqueolog\u00eda de la Universidad de Sevilla, finaliz\u00e1ndolos con la Memoria de Licenciatura <em>Investigaci\u00f3n Geoarqueol\u00f3gica en San Fernando<\/em> (2001).<\/p>\n\n\n\n<p>Entre los a\u00f1os 2000 y 2001 realiz\u00f3 una estancia de 3 meses en el <em>Geologie Institut<\/em> de la Universidad de Bremen (Alemania) para completar su formaci\u00f3n en geolog\u00eda del Holoceno.<\/p>\n\n\n\n<p>En 2001 y 2003 realiz\u00f3 dos estancias de 6 meses cada una en el laboratorio de palinolog\u00eda del <em>Institut f\u00fcr Ur- und Fr\u00fchgeschichte<\/em> (Instituto de Pre y Protohistoria) de la Universidad de Kiel (Alemania), bajo la direcci\u00f3n del Dr. Walter D\u00f6rfler. La segunda de esas estancias fue financiada por la beca de investigaci\u00f3n del Servicio Alem\u00e1n de Intercambio Acad\u00e9mico para doctorandos y j\u00f3venes investigadores.<\/p>\n\n\n\n<p>Se doctor\u00f3 en Geograf\u00eda e Historia, especialidad de Prehistoria y Arqueolog\u00eda, en la Universidad de Sevilla, con la tesis <em>La Transgresi\u00f3n Flandriense en la Vega de Sevilla. El Paleoestuario del r\u00edo Guadalquivir.<\/em> (2016).<\/p>\n\n\n\n<p>Durante su trayectoria profesional, Daniel Barrag\u00e1n ha compatibilizado la investigaci\u00f3n con el ejercicio libre de la profesi\u00f3n de arque\u00f3logo, en proyectos de arqueolog\u00eda preventiva motivados por obras p\u00fablicas y privadas, tanto en Andaluc\u00eda como en el Argarve portugu\u00e9s.<\/p>\n\n\n\n<p>Tambi\u00e9n ha participado en varios proyectos de localizaci\u00f3n y exhumaci\u00f3n de v\u00edctimas del franquismo entre 2004 y 2015.<\/p>\n\n\n\n<p>L\u00ednea de Investigaci\u00f3n<\/p>\n\n\n\n<p>Geoarqueolog\u00eda Dial\u00e9ctica. Relaciones entre los sistemas sociales y los sistemas naturales a partir de un enfoque materialista dial\u00e9ctico, aplicando la metodolog\u00eda interdisciplinar de la geoarqueolog\u00eda, enfocada al an\u00e1lisis de los procesos de transformaci\u00f3n del medio natural y su relaci\u00f3n con los modos de producci\u00f3n.<\/p>\n\n\n\n<p>Dedicaci\u00f3n actual<\/p>\n\n\n\n<p>Ejerce como profesional libre. Colabora con los proyectos de investigaci\u00f3n <em>Valencina Nord <\/em>(Instituto Arqueol\u00f3gico Alem\u00e1n de Madrid y Universidad Aut\u00f3noma de Madrid) y <em>Scales of Transformation<\/em> (Universidad de Kiel, Alemania) en el estudio de la evoluci\u00f3n del paleoestuario del Guadalquivir y del clima en el Holoceno del sur de la Pen\u00ednsula Ib\u00e9rica.<\/p>\n\n\n\n<p>Publicaciones m\u00e1s relevantes<\/p>\n\n\n\n<p>1. Barrag\u00e1n Mallofret, D. (2024): \u201cHolocene coastline evolution in the northern area of the Guadalquivir palaeoestuary\u201d. <em>Cuadernos de Prehistoria y Arqueolog\u00eda de la Universidad Aut\u00f3noma de Madrid<\/em>, 50 (2): 11-63.<\/p>\n\n\n\n<p>2. Barrag\u00e1n Mallofret, D. (2016): \u201cLa l\u00ednea de costa flandriense en el paleoestuario del r\u00edo Guadalquivir (c. 6500 BP)\u201d. <em>RAMPAS<\/em> 18: 111-138. Universidad de C\u00e1diz.<\/p>\n\n\n\n<p>3. Arteaga, O.; Barrag\u00e1n Mallofret, D.; Roos, A.-M.; Schulz, H. D. (2016a): \u201cPrimicia cartogr\u00e1fica del r\u00edo Guadalquivir hace 6500 a\u00f1os\u201d.\u00a0 <em>RAMPAS<\/em> 18: 139-161. Universidad de C\u00e1diz.<\/p>\n\n\n\n<p>4. Arteaga, O.; Barrag\u00e1n Mallofret, D.; Roos, A.-M.; Schulz, H. D. (2016b): \u201cEl Proyecto Geoarqueol\u00f3gico \u201cPuerto de It\u00e1lica\u201d.<em> RAMPAS<\/em> 18: 75-109. Universidad de C\u00e1diz.<\/p>\n\n\n\n<p>5. Arteaga, O.; Barrag\u00e1n Mallofret, D. (2010): \u201cInvestigaciones geoarqueol\u00f3gicas en la Rua da Barroca (Lagos)\u201d. En <em>Actas do 7\u00ba Encontro de Arqueologia do Algarve <\/em>(Silves 2009). <em>Xelb<\/em> 10: 87-102. C\u00e2mara Municipal de Silves (Portugal).<\/p>\n\n\n\n<p>Otros perfiles<\/p>\n\n\n\n<p>&nbsp;Academia Edu<\/p>\n","protected":false},"excerpt":{"rendered":"<p>Titulaci\u00f3n Doctor en Geograf\u00eda e Historia, especialidad de Prehistoria y Arqueolog\u00eda. Universidad de Sevilla. Biograf\u00eda Daniel Barrag\u00e1n Mallofret se licenci\u00f3 [&hellip;]<\/p>\n","protected":false},"author":1,"featured_media":0,"parent":0,"menu_order":0,"comment_status":"closed","ping_status":"closed","template":"","meta":{"_uag_custom_page_level_css":"","site-sidebar-layout":"default","site-content-layout":"","ast-site-content-layout":"default","site-content-style":"default","site-sidebar-style":"default","ast-global-header-display":"","ast-banner-title-visibility":"","ast-main-header-display":"","ast-hfb-above-header-display":"","ast-hfb-below-header-display":"","ast-hfb-mobile-header-display":"","site-post-title":"","ast-breadcrumbs-content":"","ast-featured-img":"","footer-sml-layout":"","theme-transparent-header-meta":"","adv-header-id-meta":"","stick-header-meta":"","header-above-stick-meta":"","header-main-stick-meta":"","header-below-stick-meta":"","astra-migrate-meta-layouts":"default","ast-page-background-enabled":"default","ast-page-background-meta":{"desktop":{"background-color":"var(--ast-global-color-5)","background-image":"","background-repeat":"repeat","background-position":"center center","background-size":"auto","background-attachment":"scroll","background-type":"","background-media":"","overlay-type":"","overlay-color":"","overlay-opacity":"","overlay-gradient":""},"tablet":{"background-color":"","background-image":"","background-repeat":"repeat","background-position":"center center","background-size":"auto","background-attachment":"scroll","background-type":"","background-media":"","overlay-type":"","overlay-color":"","overlay-opacity":"","overlay-gradient":""},"mobile":{"background-color":"","background-image":"","background-repeat":"repeat","background-position":"center center","background-size":"auto","background-attachment":"scroll","background-type":"","background-media":"","overlay-type":"","overlay-color":"","overlay-opacity":"","overlay-gradient":""}},"ast-content-background-meta":{"desktop":{"background-color":"var(--ast-global-color-4)","background-image":"","background-repeat":"repeat","background-position":"center center","background-size":"auto","background-attachment":"scroll","background-type":"","background-media":"","overlay-type":"","overlay-color":"","overlay-opacity":"","overlay-gradient":""},"tablet":{"background-color":"var(--ast-global-color-4)","background-image":"","background-repeat":"repeat","background-position":"center center","background-size":"auto","background-attachment":"scroll","background-type":"","background-media":"","overlay-type":"","overlay-color":"","overlay-opacity":"","overlay-gradient":""},"mobile":{"background-color":"var(--ast-global-color-4)","background-image":"","background-repeat":"repeat","background-position":"center center","background-size":"auto","background-attachment":"scroll","background-type":"","background-media":"","overlay-type":"","overlay-color":"","overlay-opacity":"","overlay-gradient":""}},"footnotes":""},"class_list":["post-5584","page","type-page","status-publish","hentry"],"uagb_featured_image_src":{"full":false,"thumbnail":false,"medium":false,"medium_large":false,"large":false,"1536x1536":false,"2048x2048":false},"uagb_author_info":{"display_name":"adminATLAS","author_link":"https:\/\/grupo.us.es\/atlas\/index.php\/author\/adminatlas\/"},"uagb_comment_info":0,"uagb_excerpt":"Titulaci\u00f3n Doctor en Geograf\u00eda e Historia, especialidad de Prehistoria y Arqueolog\u00eda. Universidad de Sevilla. Biograf\u00eda Daniel Barrag\u00e1n Mallofret se licenci\u00f3 [&hellip;]","_links":{"self":[{"href":"https:\/\/grupo.us.es\/atlas\/index.php\/wp-json\/wp\/v2\/pages\/5584","targetHints":{"allow":["GET"]}}],"collection":[{"href":"https:\/\/grupo.us.es\/atlas\/index.php\/wp-json\/wp\/v2\/pages"}],"about":[{"href":"https:\/\/grupo.us.es\/atlas\/index.php\/wp-json\/wp\/v2\/types\/page"}],"author":[{"embeddable":true,"href":"https:\/\/grupo.us.es\/atlas\/index.php\/wp-json\/wp\/v2\/users\/1"}],"replies":[{"embeddable":true,"href":"https:\/\/grupo.us.es\/atlas\/index.php\/wp-json\/wp\/v2\/comments?post=5584"}],"version-history":[{"count":2,"href":"https:\/\/grupo.us.es\/atlas\/index.php\/wp-json\/wp\/v2\/pages\/5584\/revisions"}],"predecessor-version":[{"id":5589,"href":"https:\/\/grupo.us.es\/atlas\/index.php\/wp-json\/wp\/v2\/pages\/5584\/revisions\/5589"}],"wp:attachment":[{"href":"https:\/\/grupo.us.es\/atlas\/index.php\/wp-json\/wp\/v2\/media?parent=5584"}],"curies":[{"name":"wp","href":"https:\/\/api.w.org\/{rel}","templated":true}]}}