{"id":5521,"date":"2025-09-19T18:05:52","date_gmt":"2025-09-19T16:05:52","guid":{"rendered":"https:\/\/grupo.us.es\/newatlas\/?page_id=5521"},"modified":"2025-09-19T18:20:48","modified_gmt":"2025-09-19T16:20:48","slug":"manuela-espi-morales","status":"publish","type":"page","link":"https:\/\/grupo.us.es\/atlas\/index.php\/manuela-espi-morales\/","title":{"rendered":"Manuela Esp\u00ed Morales"},"content":{"rendered":"\n<figure class=\"wp-block-image size-large is-resized\"><img loading=\"lazy\" decoding=\"async\" width=\"954\" height=\"1024\" src=\"https:\/\/grupo.us.es\/atlas\/wp-content\/uploads\/2025\/09\/foto_manuela1-954x1024.jpg\" alt=\"\" class=\"wp-image-5522\" style=\"width:147px;height:auto\" srcset=\"https:\/\/grupo.us.es\/atlas\/wp-content\/uploads\/2025\/09\/foto_manuela1-954x1024.jpg 954w, https:\/\/grupo.us.es\/atlas\/wp-content\/uploads\/2025\/09\/foto_manuela1-279x300.jpg 279w, https:\/\/grupo.us.es\/atlas\/wp-content\/uploads\/2025\/09\/foto_manuela1-768x825.jpg 768w, https:\/\/grupo.us.es\/atlas\/wp-content\/uploads\/2025\/09\/foto_manuela1-1430x1536.jpg 1430w, https:\/\/grupo.us.es\/atlas\/wp-content\/uploads\/2025\/09\/foto_manuela1-1907x2048.jpg 1907w\" sizes=\"auto, (max-width: 954px) 100vw, 954px\" \/><\/figure>\n\n\n\n<p><strong>Titulaci\u00f3n<\/strong><\/p>\n\n\n\n<p> Graduada en Historia por la Universidad de C\u00f3rdoba y M\u00e1ster en Arqueolog\u00eda por la Universidad de Sevilla y la Universidad de Granada.<\/p>\n\n\n\n<p><strong>Biograf\u00eda <\/strong><\/p>\n\n\n\n<p>Manuela Esp\u00ed Morales se gradu\u00f3 en Historia en 2023 por la Universidad de C\u00f3rdoba y al a\u00f1o siguiente complet\u00f3 el m\u00e1ster en Arqueolog\u00eda por la Universidad de Sevilla y la Universidad de Granada. Ha desarrollado experiencia como voluntaria y t\u00e9cnica en diversas excavaciones y prospecciones, cubriendo un amplio espectro cronol\u00f3gico desde la Prehistoria Reciente hasta \u00e9poca medieval en la pen\u00ednsula ib\u00e9rica, con ejemplos destacados como el enclave arqueol\u00f3gico de Los Millares o la Vega Baja de Toledo. Complementariamente es \u00abExperto profesional en Tecnolog\u00edas Aplicadas al Patrimonio Cultural\u00bb, con una dedicaci\u00f3n espec\u00edfica a las Tecnolog\u00edas de la Informaci\u00f3n Geogr\u00e1fica (TIG).<\/p>\n\n\n\n<p><strong>L\u00ednea de Investigaci\u00f3n<\/strong> <\/p>\n\n\n\n<p>Su l\u00ednea de investigaci\u00f3n se adscribe al \u00e1mbito arqueometal\u00fargico, focaliz\u00e1ndose en la miner\u00eda y metalurgia de la Prehistoria Reciente peninsular hasta \u00e9poca romana. Para sus estudios, realiza an\u00e1lisis arqueom\u00e9tricos como la Difracci\u00f3n de Rayos X (DRX), Fluorescencia de Rayos X (FRX), Microscop\u00eda Electr\u00f3nica de Barrido (MEB) o Tomograf\u00eda Computarizada (TC) y utiliza los Sistemas de Informaci\u00f3n Geogr\u00e1fica (SIG) para analizar el paisaje y las din\u00e1micas de intercambio comercial relacionadas con los metales.<\/p>\n\n\n\n<p><strong>Dedicaci\u00f3n Actual <\/strong><\/p>\n\n\n\n<p>Actualmente, es doctoranda en Historia por la Universidad de Sevilla. Contratada como Personal Investigador Predoctoral en Formaci\u00f3n, adscrita al Proyecto de I+D: \u00abNuevas investigaciones sobre la producci\u00f3n y circulaci\u00f3n de bienes en el cuadrante suroccidental de la meseta entre la Protohistoria y el fin del Mundo Antiguo, (PROCIR 2)\u00bb (PID2023-146940OB-I00). Los Investigadores Principales de este proyecto son la Dra. Mar Zarzalejos Prieto (UNED) y el Dr. Marcos Andr\u00e9s Hunt Ortiz (Universidad de Sevilla).<\/p>\n\n\n\n<p><strong>Perfil<\/strong><\/p>\n\n\n\n<p><a href=\"https:\/\/orcid.org\/0009-0004-3708-4671\" target=\"_blank\" rel=\"noreferrer noopener\">ORCID<\/a><\/p>\n","protected":false},"excerpt":{"rendered":"<p>Titulaci\u00f3n Graduada en Historia por la Universidad de C\u00f3rdoba y M\u00e1ster en Arqueolog\u00eda por la Universidad de Sevilla y la [&hellip;]<\/p>\n","protected":false},"author":1,"featured_media":0,"parent":0,"menu_order":0,"comment_status":"closed","ping_status":"closed","template":"","meta":{"_uag_custom_page_level_css":"","site-sidebar-layout":"default","site-content-layout":"","ast-site-content-layout":"default","site-content-style":"default","site-sidebar-style":"default","ast-global-header-display":"","ast-banner-title-visibility":"","ast-main-header-display":"","ast-hfb-above-header-display":"","ast-hfb-below-header-display":"","ast-hfb-mobile-header-display":"","site-post-title":"","ast-breadcrumbs-content":"","ast-featured-img":"","footer-sml-layout":"","theme-transparent-header-meta":"","adv-header-id-meta":"","stick-header-meta":"","header-above-stick-meta":"","header-main-stick-meta":"","header-below-stick-meta":"","astra-migrate-meta-layouts":"default","ast-page-background-enabled":"default","ast-page-background-meta":{"desktop":{"background-color":"var(--ast-global-color-5)","background-image":"","background-repeat":"repeat","background-position":"center center","background-size":"auto","background-attachment":"scroll","background-type":"","background-media":"","overlay-type":"","overlay-color":"","overlay-opacity":"","overlay-gradient":""},"tablet":{"background-color":"","background-image":"","background-repeat":"repeat","background-position":"center center","background-size":"auto","background-attachment":"scroll","background-type":"","background-media":"","overlay-type":"","overlay-color":"","overlay-opacity":"","overlay-gradient":""},"mobile":{"background-color":"","background-image":"","background-repeat":"repeat","background-position":"center center","background-size":"auto","background-attachment":"scroll","background-type":"","background-media":"","overlay-type":"","overlay-color":"","overlay-opacity":"","overlay-gradient":""}},"ast-content-background-meta":{"desktop":{"background-color":"var(--ast-global-color-4)","background-image":"","background-repeat":"repeat","background-position":"center center","background-size":"auto","background-attachment":"scroll","background-type":"","background-media":"","overlay-type":"","overlay-color":"","overlay-opacity":"","overlay-gradient":""},"tablet":{"background-color":"var(--ast-global-color-4)","background-image":"","background-repeat":"repeat","background-position":"center center","background-size":"auto","background-attachment":"scroll","background-type":"","background-media":"","overlay-type":"","overlay-color":"","overlay-opacity":"","overlay-gradient":""},"mobile":{"background-color":"var(--ast-global-color-4)","background-image":"","background-repeat":"repeat","background-position":"center center","background-size":"auto","background-attachment":"scroll","background-type":"","background-media":"","overlay-type":"","overlay-color":"","overlay-opacity":"","overlay-gradient":""}},"footnotes":""},"class_list":["post-5521","page","type-page","status-publish","hentry"],"uagb_featured_image_src":{"full":false,"thumbnail":false,"medium":false,"medium_large":false,"large":false,"1536x1536":false,"2048x2048":false},"uagb_author_info":{"display_name":"adminATLAS","author_link":"https:\/\/grupo.us.es\/atlas\/index.php\/author\/adminatlas\/"},"uagb_comment_info":0,"uagb_excerpt":"Titulaci\u00f3n Graduada en Historia por la Universidad de C\u00f3rdoba y M\u00e1ster en Arqueolog\u00eda por la Universidad de Sevilla y la [&hellip;]","_links":{"self":[{"href":"https:\/\/grupo.us.es\/atlas\/index.php\/wp-json\/wp\/v2\/pages\/5521","targetHints":{"allow":["GET"]}}],"collection":[{"href":"https:\/\/grupo.us.es\/atlas\/index.php\/wp-json\/wp\/v2\/pages"}],"about":[{"href":"https:\/\/grupo.us.es\/atlas\/index.php\/wp-json\/wp\/v2\/types\/page"}],"author":[{"embeddable":true,"href":"https:\/\/grupo.us.es\/atlas\/index.php\/wp-json\/wp\/v2\/users\/1"}],"replies":[{"embeddable":true,"href":"https:\/\/grupo.us.es\/atlas\/index.php\/wp-json\/wp\/v2\/comments?post=5521"}],"version-history":[{"count":2,"href":"https:\/\/grupo.us.es\/atlas\/index.php\/wp-json\/wp\/v2\/pages\/5521\/revisions"}],"predecessor-version":[{"id":5526,"href":"https:\/\/grupo.us.es\/atlas\/index.php\/wp-json\/wp\/v2\/pages\/5521\/revisions\/5526"}],"wp:attachment":[{"href":"https:\/\/grupo.us.es\/atlas\/index.php\/wp-json\/wp\/v2\/media?parent=5521"}],"curies":[{"name":"wp","href":"https:\/\/api.w.org\/{rel}","templated":true}]}}