{"id":5507,"date":"2025-09-19T17:41:12","date_gmt":"2025-09-19T15:41:12","guid":{"rendered":"https:\/\/grupo.us.es\/newatlas\/?page_id=5507"},"modified":"2025-09-19T18:21:41","modified_gmt":"2025-09-19T16:21:41","slug":"5507-2","status":"publish","type":"page","link":"https:\/\/grupo.us.es\/atlas\/index.php\/5507-2\/","title":{"rendered":""},"content":{"rendered":"\n<figure class=\"wp-block-image size-large is-resized\"><img loading=\"lazy\" decoding=\"async\" width=\"768\" height=\"1024\" src=\"https:\/\/grupo.us.es\/atlas\/wp-content\/uploads\/2025\/09\/1757848118571-768x1024.jpg\" alt=\"\" class=\"wp-image-5508\" style=\"width:158px;height:auto\" srcset=\"https:\/\/grupo.us.es\/atlas\/wp-content\/uploads\/2025\/09\/1757848118571-768x1024.jpg 768w, https:\/\/grupo.us.es\/atlas\/wp-content\/uploads\/2025\/09\/1757848118571-225x300.jpg 225w, https:\/\/grupo.us.es\/atlas\/wp-content\/uploads\/2025\/09\/1757848118571-1152x1536.jpg 1152w, https:\/\/grupo.us.es\/atlas\/wp-content\/uploads\/2025\/09\/1757848118571.jpg 1530w\" sizes=\"auto, (max-width: 768px) 100vw, 768px\" \/><\/figure>\n\n\n\n<p><strong>Titulaci\u00f3n<\/strong><\/p>\n\n\n\n<p>Graduada en Arqueolog\u00eda por la Universidad de Sevilla, Granada y Ja\u00e9n.<\/p>\n\n\n\n<p>M\u00e1ster en Arqueolog\u00eda por la Universidad de Granada y Sevilla.<\/p>\n\n\n\n<p><strong>Biograf\u00eda<\/strong><\/p>\n\n\n\n<p>Judit Praena Garc\u00eda ha sido estudiante en el grado de Arqueolog\u00eda en la Universidad de Sevilla entre los cursos de 2020-2024. En el curso 2023-2024 fue beneficiaria de las Becas de Colaboraci\u00f3n en Departamentos Universitarios por el Ministerio de Universidades bajo la direcci\u00f3n del Profesor Leonardo Garc\u00eda Sanju\u00e1n y la Profesora Aline Lara Galicia. Con esta beca pudo formarse en t\u00e9cnicas de modelizaci\u00f3n 3D realizadas en materiales de diversa naturaleza de la Prehistoria Reciente. Se gradu\u00f3 en 2024 con el Trabajo Fin de Grado \u201cEl Cerro de Santa Br\u00edgida: Un estudio integral de su Historia, Culto y Paisaje\u201d, que fue tutorizado por los profesores Leonardo Garc\u00eda Sanju\u00e1n y Aline Lara Galicia.<\/p>\n\n\n\n<p>Ha realizado el M\u00e1ster de Arqueolog\u00eda en la Universidad de Granada en el curso 2024-2025, en donde ha sido beneficiaria de una Beca de Iniciaci\u00f3n a la Investigaci\u00f3n bajo la direcci\u00f3n del Profesor Bilal Sarr Marroco. Esta beca le ha servido para formarse en el estudio de la vida o biograf\u00eda de los monumentos megal\u00edticos, estudio que ha desarrollado con su Trabajo Final de M\u00e1ster \u201cPersistencia de lugares prehist\u00f3ricos de car\u00e1cter sacro en las sociedades medievales del sur peninsular\u201d, dirigido por los profesores Bilal Sarr Marroco y Leonardo Garc\u00eda Sanju\u00e1n. <\/p>\n\n\n\n<p>A nivel profesional, ha realizado estudios de materiales, prospecciones y excavaciones de distintos yacimientos de la Pen\u00ednsula Ib\u00e9rica de diferentes \u00e9pocas (Perdig\u00f5es, Las Capellan\u00edas, Los Millares, la necr\u00f3polis de Carmona, It\u00e1lica, Moj\u00e1car y la Ermita de Nossa Senhora das Neves-Cercas das Alcarias).<\/p>\n\n\n\n<p><strong>L\u00edneas de investigaci\u00f3n<\/strong><\/p>\n\n\n\n<p>Su l\u00ednea de investigaci\u00f3n tiene una doble vertiente basada, en primer lugar, en el estudio de fen\u00f3meno transversales que relacionan y\/o diferencian las pr\u00e1cticas rituales de diferentes comunidades en un mismo territorio, como puede ser la utilizaci\u00f3n de los monumentos megal\u00edticos durante largos periodos de tiempo. En segundo lugar, se centra tambi\u00e9n en el estudio de los lugares centrales monumentalizados de la Edad del Cobre y la Complejidad Social Temprana, sobre todo en relaci\u00f3n con el yacimiento de Valencina de la Concepci\u00f3n-Castilleja de Guzm\u00e1n.<\/p>\n\n\n\n<p><strong>Dedicaci\u00f3n actual<\/strong><\/p>\n\n\n\n<p>En 2025 he sido beneficiaria de la Beca de Formaci\u00f3n de Profesorado Universitario por el Ministerio de Ciencia, Innovaci\u00f3n y Universidades para hace la Tesis Doctoral \u201cLugares Centrales Monumentalizados y Complejidad Social Temprana: El Mega-Sitio de Valencina de la Concepci\u00f3n-Castilleja de Guzm\u00e1n en el Contexto de la Edad del Cobre Ib\u00e9rica\u201d.<\/p>\n\n\n\n<p><strong>Publicaciones m\u00e1s relevantes<\/strong><\/p>\n\n\n\n<p>Mart\u00edn Ru\u00edz, M. T., Praena Garc\u00eda, J. &amp; Duarte Gonz\u00e1lez, I. M. (29 de septiembre, 2023). El pigmento azul en la Historia de la Humanidad [P\u00f3ster]. En Aline Lara Galicia (Coord.), Noche Europea de los Investigadores (Sevilla): M\u00e1s all\u00e1 del color: los pigmentos en la Prehistoria [Comunicaci\u00f3n en Congreso]. https:\/\/doi.org\/10.13140\/RG.2.2.32148.27522<\/p>\n\n\n\n<p>Praena Garc\u00eda, J., Duarte Gonz\u00e1lez, I. M. &amp; Mart\u00edn Ru\u00edz, M. T. (29 de septiembre, 2023). El pigmento azul en la Am\u00e9rica Prehisp\u00e1nica [P\u00f3ster]. En Aline Lara Galicia (Coord.), Noche Europea de los Investigadores (Sevilla): M\u00e1s all\u00e1 del color: los pigmentos en la Prehistoria [Comunicaci\u00f3n en Congreso]. https:\/\/doi.org\/10.13140\/RG.2.2.32148.27522<\/p>\n\n\n\n<p>Praena Garc\u00eda, J. y Mart\u00edn Ru\u00edz, M. T. (2025). La pintura rupestre del M\u00e9xico Prehisp\u00e1nico: expresiones de la relaci\u00f3n del ser humano con el medioambiente. En R. Moreno Cabanillas y P. O. Svriz Wucherer (Eds.), Globalidades, individuos y resistencias en la Historia de Am\u00e9rica (pp. 16-31). Dykinson.<\/p>\n\n\n\n<p><strong>Otros perfiles<\/strong><\/p>\n\n\n\n<p><a href=\"https:\/\/independent.academia.edu\/MoiraSotelo\" target=\"_blank\" rel=\"noreferrer noopener\">Perfil en Academia.edu<\/a><\/p>\n","protected":false},"excerpt":{"rendered":"<p>Titulaci\u00f3n Graduada en Arqueolog\u00eda por la Universidad de Sevilla, Granada y Ja\u00e9n. M\u00e1ster en Arqueolog\u00eda por la Universidad de Granada [&hellip;]<\/p>\n","protected":false},"author":1,"featured_media":0,"parent":0,"menu_order":0,"comment_status":"closed","ping_status":"closed","template":"","meta":{"_uag_custom_page_level_css":"","site-sidebar-layout":"default","site-content-layout":"","ast-site-content-layout":"default","site-content-style":"default","site-sidebar-style":"default","ast-global-header-display":"","ast-banner-title-visibility":"","ast-main-header-display":"","ast-hfb-above-header-display":"","ast-hfb-below-header-display":"","ast-hfb-mobile-header-display":"","site-post-title":"","ast-breadcrumbs-content":"","ast-featured-img":"","footer-sml-layout":"","theme-transparent-header-meta":"","adv-header-id-meta":"","stick-header-meta":"","header-above-stick-meta":"","header-main-stick-meta":"","header-below-stick-meta":"","astra-migrate-meta-layouts":"default","ast-page-background-enabled":"default","ast-page-background-meta":{"desktop":{"background-color":"var(--ast-global-color-5)","background-image":"","background-repeat":"repeat","background-position":"center center","background-size":"auto","background-attachment":"scroll","background-type":"","background-media":"","overlay-type":"","overlay-color":"","overlay-opacity":"","overlay-gradient":""},"tablet":{"background-color":"","background-image":"","background-repeat":"repeat","background-position":"center center","background-size":"auto","background-attachment":"scroll","background-type":"","background-media":"","overlay-type":"","overlay-color":"","overlay-opacity":"","overlay-gradient":""},"mobile":{"background-color":"","background-image":"","background-repeat":"repeat","background-position":"center center","background-size":"auto","background-attachment":"scroll","background-type":"","background-media":"","overlay-type":"","overlay-color":"","overlay-opacity":"","overlay-gradient":""}},"ast-content-background-meta":{"desktop":{"background-color":"var(--ast-global-color-4)","background-image":"","background-repeat":"repeat","background-position":"center center","background-size":"auto","background-attachment":"scroll","background-type":"","background-media":"","overlay-type":"","overlay-color":"","overlay-opacity":"","overlay-gradient":""},"tablet":{"background-color":"var(--ast-global-color-4)","background-image":"","background-repeat":"repeat","background-position":"center center","background-size":"auto","background-attachment":"scroll","background-type":"","background-media":"","overlay-type":"","overlay-color":"","overlay-opacity":"","overlay-gradient":""},"mobile":{"background-color":"var(--ast-global-color-4)","background-image":"","background-repeat":"repeat","background-position":"center center","background-size":"auto","background-attachment":"scroll","background-type":"","background-media":"","overlay-type":"","overlay-color":"","overlay-opacity":"","overlay-gradient":""}},"footnotes":""},"class_list":["post-5507","page","type-page","status-publish","hentry"],"uagb_featured_image_src":{"full":false,"thumbnail":false,"medium":false,"medium_large":false,"large":false,"1536x1536":false,"2048x2048":false},"uagb_author_info":{"display_name":"adminATLAS","author_link":"https:\/\/grupo.us.es\/atlas\/index.php\/author\/adminatlas\/"},"uagb_comment_info":0,"uagb_excerpt":"Titulaci\u00f3n Graduada en Arqueolog\u00eda por la Universidad de Sevilla, Granada y Ja\u00e9n. M\u00e1ster en Arqueolog\u00eda por la Universidad de Granada [&hellip;]","_links":{"self":[{"href":"https:\/\/grupo.us.es\/atlas\/index.php\/wp-json\/wp\/v2\/pages\/5507","targetHints":{"allow":["GET"]}}],"collection":[{"href":"https:\/\/grupo.us.es\/atlas\/index.php\/wp-json\/wp\/v2\/pages"}],"about":[{"href":"https:\/\/grupo.us.es\/atlas\/index.php\/wp-json\/wp\/v2\/types\/page"}],"author":[{"embeddable":true,"href":"https:\/\/grupo.us.es\/atlas\/index.php\/wp-json\/wp\/v2\/users\/1"}],"replies":[{"embeddable":true,"href":"https:\/\/grupo.us.es\/atlas\/index.php\/wp-json\/wp\/v2\/comments?post=5507"}],"version-history":[{"count":4,"href":"https:\/\/grupo.us.es\/atlas\/index.php\/wp-json\/wp\/v2\/pages\/5507\/revisions"}],"predecessor-version":[{"id":5527,"href":"https:\/\/grupo.us.es\/atlas\/index.php\/wp-json\/wp\/v2\/pages\/5507\/revisions\/5527"}],"wp:attachment":[{"href":"https:\/\/grupo.us.es\/atlas\/index.php\/wp-json\/wp\/v2\/media?parent=5507"}],"curies":[{"name":"wp","href":"https:\/\/api.w.org\/{rel}","templated":true}]}}