{"id":53,"date":"2013-04-18T07:42:04","date_gmt":"2013-04-18T07:42:04","guid":{"rendered":"http:\/\/grupo.us.es\/atlas\/?page_id=53"},"modified":"2025-07-16T14:28:36","modified_gmt":"2025-07-16T12:28:36","slug":"enlaces","status":"publish","type":"page","link":"https:\/\/grupo.us.es\/atlas\/index.php\/enlaces\/","title":{"rendered":"Enlaces"},"content":{"rendered":"\n<h3 class=\"wp-block-heading\">Organismos Oficiales<\/h3>\n\n\n\n<p><a href=\"https:\/\/www.usgs.gov\/\" target=\"_blank\" rel=\"noreferrer noopener\">ESTADOS UNIDOS. Geological Survey<\/a><\/p>\n\n\n\n<p><a href=\"https:\/\/www.ign.fr\/\" target=\"_blank\" rel=\"noreferrer noopener\">FRANCIA. INSTITUTE GEOGRAPHIQUE NATIONAL<\/a><\/p>\n\n\n\n<p><a href=\"https:\/\/www.geo.ign.es\/\" target=\"_blank\" rel=\"noreferrer noopener\">ESPA\u00d1A. IGN (Instituto Geogr\u00e1fico Nacional)<\/a><\/p>\n\n\n\n<p><a href=\"https:\/\/www.ordsvy.gov.uk\/home\/index.html\" target=\"_blank\" rel=\"noreferrer noopener\">REINO UNIDO. ORDNANCE SURVEY<\/a><\/p>\n\n\n\n<h3 class=\"wp-block-heading\">Proyectos SIG<\/h3>\n\n\n\n<p><a href=\"https:\/\/allserv.rug.ac.be\/~kverhoef\/\" target=\"_blank\" rel=\"noreferrer noopener\">BELGICA. Proyecto <em>Land of Sumer and Akkad<\/em><\/a><\/p>\n\n\n\n<p><a href=\"https:\/\/www.mnhs.org\/preserve\/shpo\/pmncr\/mnmodel\/mnmodel.html\" target=\"_blank\" rel=\"noreferrer noopener\">EEUU. MODELO PREDICTIVO DE LA Minnesota Historical Society<\/a><\/p>\n\n\n\n<p><a href=\"https:\/\/www.informatics.org\/france\/france.html\" target=\"_blank\" rel=\"noreferrer noopener\">FRANCIA. <em>GIS and Remote Sensing for Archaeology in Burgundy (France)<\/em><\/a><\/p>\n\n\n\n<p><a href=\"https:\/\/www.arch.soton.ac.uk\/Research\/Avebury\/\" target=\"_blank\" rel=\"noreferrer noopener\">REINO UNIDO. Proyecto <em>Negotiating Avebury<\/em> Universidad de Southampton<\/a><\/p>\n\n\n\n<p><a href=\"https:\/\/www.arch.soton.ac.uk\/Research\/Seville\/\" target=\"_blank\" rel=\"noreferrer noopener\">REINO UNIDO. Proyecto <em>Ciudades Romanas del Sur de Espa\u00f1a<\/em>. Universidad de Southampton<\/a><\/p>\n\n\n\n<h3 class=\"wp-block-heading\">Debate<\/h3>\n\n\n\n<p><a href=\"https:\/\/www.cica.es\/aliens\/mapping\" target=\"_blank\" rel=\"noreferrer noopener\">ESPA\u00d1A. Reuni\u00f3n de trabajo <em>Mapping the Future of the Past<\/em>. Universidad de Sevilla<\/a><\/p>\n\n\n\n<h3 class=\"wp-block-heading\">Fuentes de Datos<\/h3>\n\n\n\n<p><a href=\"https:\/\/www.gisdatadepot.com\/\" target=\"_blank\" rel=\"noreferrer noopener\">ALMACEN DE DATOS SIG<\/a><\/p>\n\n\n\n<p><a href=\"https:\/\/www.home.ch\/~spaw1241\/atlas.htm\" target=\"_blank\" rel=\"noreferrer noopener\">ATLAS HISTORICO<\/a><\/p>\n\n\n\n<p><a href=\"https:\/\/www.cast.uark.edu\/nadag\/\" target=\"_blank\" rel=\"noreferrer noopener\">EEUU. Universidad de Arkansas. Base de Datos geof\u00edsica<\/a><\/p>\n\n\n\n<p><a href=\"https:\/\/www.gisportal.com\/\" target=\"_blank\" rel=\"noreferrer noopener\">PORTAL SIG A INTERNET<\/a><\/p>\n\n\n\n<p><a href=\"https:\/\/www.geo.ed.ac.uk\/root\/agidict\/html\/welcome.html\" target=\"_blank\" rel=\"noreferrer noopener\">REINO UNIDO. DICCIONARIO DE SIG, Universidad de Edimburgo<\/a><\/p>\n\n\n\n<p><a href=\"https:\/\/www.usj.edu.lb\/poidebard\" target=\"_blank\" rel=\"noreferrer noopener\">ANTOINE POIDEBARD, PIONNIER DE LA ARCH\u00c9OLOGIE A\u00c9RIENNE<\/a><\/p>\n\n\n\n<p><a href=\"https:\/\/www.archeologie-aerienne.culture.gouv.fr\/\" target=\"_blank\" rel=\"noreferrer noopener\">LA ARCH\u00c9OLOGIE A\u00c9RIENNE DANS LA FRANCE DU NORD<\/a><\/p>\n\n\n\n<p><a href=\"https:\/\/ww.nzarchaeology.org\/aerial\/opacs.html\" target=\"_blank\" rel=\"noreferrer noopener\">NEW ZEALAND ARCHAEOLOGY. THE AERIAL VIEW<\/a><\/p>\n\n\n\n<p><a href=\"https:\/\/www-oi.uchicago.edu\/OI\/MUS\/PA\/IRAN\/PAAI\/PAAI.html\" target=\"_blank\" rel=\"noreferrer noopener\">ORIENTAL INSTITUTE PHOTOGRAPHIC ARCHIVES. CATALOG OF EXPEDITION PHOTOGRAPHS (UNIVERSITY OF CHICAGO)<\/a><\/p>\n\n\n\n<p><a href=\"https:\/\/www.informatics.org\/france\/france.html\" target=\"_blank\" rel=\"noreferrer noopener\">&nbsp;GIS AND REMOTE SENSING FOR ARCHAEOLOGY: BURGUNDY, FRANCE<\/a><\/p>\n\n\n\n<p><a href=\"https:\/\/www.ghcc.msfc.nasa.gov\/archeology\" target=\"_blank\" rel=\"noreferrer noopener\">REMOTE SENSING AND ARCHAEOLOGICAL RESEARCH AT NASA<\/a><\/p>\n\n\n\n<p><a href=\"https:\/\/www.interscience.wiley.com\/jpages\/1075-2196\" target=\"_blank\" rel=\"noreferrer noopener\">ARCHAEOLOGICAL PROSPECTION. Journal<\/a><\/p>\n\n\n\n<p><a href=\"https:\/\/www.brad.ac.uk\/acad\/archsci\/subject\/archpros.html\" target=\"_blank\" rel=\"noreferrer noopener\">ARCHAEOLOGICAL PROSPECTION RESOURCES. BRADFORD UNIVERSITY<\/a><\/p>\n\n\n\n<p><a href=\"https:\/\/www.archaeophysica.co.uk\/\" target=\"_blank\" rel=\"noreferrer noopener\">ARCHAEOPHYSICAL. RECONNAISSANCE AND GEOPHYSICS FOR ARCHAEOLOGY<\/a><\/p>\n\n\n\n<p><a href=\"https:\/\/www.planetinternet.it\/archaeosurvey\" target=\"_blank\" rel=\"noreferrer noopener\">ARCHAEOSURVEY. By Sandro Veronese<\/a><\/p>\n\n\n\n<p><a href=\"https:\/\/www.geoscan-research.co.uk\/\" target=\"_blank\" rel=\"noreferrer noopener\">GEOSCAN RESEARCH<\/a><\/p>\n\n\n\n<p><a href=\"https:\/\/www.du.edu\/~lconyer\" target=\"_blank\" rel=\"noreferrer noopener\">GROUND PENETRATING RADAR IN ARCHAEOLOGY. Por L. Conyers<\/a><\/p>\n\n\n\n<p><a href=\"https:\/\/www.cast.uark.edu\/nadag\" target=\"_blank\" rel=\"noreferrer noopener\">NORTH AMERICAN DATABASE OF ARCHAEOLOGICAL GEOPHYSICS<\/a><\/p>\n\n\n\n<p><a href=\"https:\/\/www.tc.umn.edu\/~terre011\/Resistivity.html\" target=\"_blank\" rel=\"noreferrer noopener\">RESISTIVITY SURVEY OF THE NEVIS JEWISH CEMETERY. Por M. Terrell<\/a><\/p>\n\n\n\n<h3 class=\"wp-block-heading\">Inventarios Europeos<\/h3>\n\n\n\n<p><a href=\"https:\/\/www.austria.gv.at\/e\/\" target=\"_blank\" rel=\"noreferrer noopener\">AUSTRIA. MINISTERIO DE CULTURA<\/a><\/p>\n\n\n\n<p><a href=\"https:\/\/www.heritage.org.cy\/index.html\" target=\"_blank\" rel=\"noreferrer noopener\">CHIPRE. CENTRO PARA EL PATRIMONIO CULTURAL<\/a><\/p>\n\n\n\n<p><a href=\"https:\/\/culture.coe.fr\/skills\/eng\/EpatfempHerein.html\" target=\"_blank\" rel=\"noreferrer noopener\">COMISION EUROPEA. PROYECTO HEREIN (European Heritage Network)<\/a><\/p>\n\n\n\n<p><a href=\"https:\/\/culture.coe.fr\/Infocentre\/book\/eng\/epubpat.1a.html\" target=\"_blank\" rel=\"noreferrer noopener\">COMISION EUROPEA. GLOSARIO MULTILINGUE DE MONUMENTOS DE LA EDAD DEL BRONCE<\/a><\/p>\n\n\n\n<p><a href=\"https:\/\/www.kum.dk\/\" target=\"_blank\" rel=\"noreferrer noopener\">DINAMARCA. MINISTERIO DE CULTURA<\/a><\/p>\n\n\n\n<p><a href=\"https:\/\/www.natmus.dk\/ixgb.htm\" target=\"_blank\" rel=\"noreferrer noopener\">DINAMARCA. MUSEO NACIONAL DE COPENAGUE<\/a><\/p>\n\n\n\n<p><a href=\"https:\/\/www.culture.fr\/\" target=\"_blank\" rel=\"noreferrer noopener\">FRANCIA. MINISTERIO DE CULTURA<\/a><\/p>\n\n\n\n<p><a href=\"https:\/\/www.culture.gouv.fr\/documentation\/merimee\/accueil.htm\" target=\"_blank\" rel=\"noreferrer noopener\">FRANCIA. BASE DE DATOS M\u00c9RIM\u00c9E<\/a><\/p>\n\n\n\n<p><a href=\"https:\/\/www.culture.gouv.fr\/documentation\/thesarch\/pres.htm\" target=\"_blank\" rel=\"noreferrer noopener\">FRANCIA. TESAURO DE ARQUITECTURA<\/a><\/p>\n\n\n\n<p><a href=\"https:\/\/www.culture.gr\/\" target=\"_blank\" rel=\"noreferrer noopener\">GRECIA. MINISTERIO DE CULTURA<\/a><\/p>\n\n\n\n<p><a href=\"https:\/\/www.beniculturali.it\/index.asp\" target=\"_blank\" rel=\"noreferrer noopener\">ITALIA. MINISTERIO DE CULTURA<\/a><\/p>\n\n\n\n<p><a href=\"https:\/\/www.heritageireland.ie\/\" target=\"_blank\" rel=\"noreferrer noopener\">IRLANDA. PATRIMONIO HISTORICO<\/a><\/p>\n\n\n\n<p><a href=\"https:\/\/www.dokpro.uio.no\/engelsk\/index.html\" target=\"_blank\" rel=\"noreferrer noopener\">NORUEGA. PROYECTO DE DOCUMENTACION DE PATRIMONIO<\/a><\/p>\n\n\n\n<p><a href=\"https:\/\/www.ipa.min-cultura.pt\/\" target=\"_blank\" rel=\"noreferrer noopener\">PORTUGAL. INSTITUTO PORTUGUES DE ARQUEOLOGIA<\/a><\/p>\n\n\n\n<p><a href=\"https:\/\/www.english-heritage.org.uk\/\" target=\"_blank\" rel=\"noreferrer noopener\">REINO UNIDO. ENGLISH HERITAGE<\/a><\/p>\n\n\n\n<p><a href=\"https:\/\/www.rcahms.gov.uk\/\" target=\"_blank\" rel=\"noreferrer noopener\">REINO UNIDO. ROYAL COMMISSION ON THE ANCIENT AND HISTORICAL MONUMENTS OF SCOTLAND<\/a><\/p>\n\n\n\n<p><a href=\"https:\/\/www.rcahmw.org.uk\/\" target=\"_blank\" rel=\"noreferrer noopener\">REINO UNIDO. WELSH ROYAL COMMISSION ON THE ANCIENT AND HISTORICAL MONUMENTS<\/a><\/p>\n\n\n\n<p><a href=\"https:\/\/ads.ahds.ac.uk\/\" target=\"_blank\" rel=\"noreferrer noopener\">REINO UNIDO. THE ARCHAEOLOGY DATA SERVICE REINO UNIDO. RCHME MIDAS data standard for SMRs (1998)<\/a><\/p>\n\n\n\n<p><a href=\"https:\/\/archweb.cimec.ro\/\" target=\"_blank\" rel=\"noreferrer noopener\">RUMAN\u00cdA. INSTITUTO CENTRAL DE LA MEMORIA CULTURAL<\/a><\/p>\n\n\n\n<p><a href=\"https:\/\/www.raa.se\/\" target=\"_blank\" rel=\"noreferrer noopener\">SUECIA. DEPARTAMENTO CENTRAL DE ANTIGUEDADES<\/a><\/p>\n\n\n\n<h3 class=\"wp-block-heading\">Inventarios No Europeos<\/h3>\n\n\n\n<p><a href=\"https:\/\/www.chin.gc.ca\/\" target=\"_blank\" rel=\"noreferrer noopener\">CANADA. Canadian Heritage Information Network (CHIN)<\/a><\/p>\n\n\n\n<p><a href=\"https:\/\/www.chin.gc.ca\/Artefacts\/RULA\/e_hp_rula.html\" target=\"_blank\" rel=\"noreferrer noopener\">CANADA. CHIN. DICCIONARIO DE DATOS DE SITIOS ARQUEOLOGICOS<\/a><\/p>\n\n\n\n<p><a href=\"https:\/\/www.perseus.tufts.edu\/art&amp;arch.html\" target=\"_blank\" rel=\"noreferrer noopener\">EEUU. Tufts University Perseus Art &amp; Archaeology Project database of objects, sites, and buildings of interest for archaeology and art history<\/a><\/p>\n\n\n\n<p><a href=\"https:\/\/www.unesco.org\/culture\/\" target=\"_blank\" rel=\"noreferrer noopener\">UNESCO. Patrimonio Cultural<\/a><\/p>\n\n\n\n<p><a href=\"https:\/\/www.unesco.org\/whc\/nwhc\/pages\/home\/pages\/homepage.htm\" target=\"_blank\" rel=\"noreferrer noopener\">UNESCO, CENTRO DEL PATRIMONIO MUNDIAL<\/a><\/p>\n\n\n\n<p><a href=\"https:\/\/www.unesco.org\/whc\/nwhc\/pages\/doc\/mainf3.htm\" target=\"_blank\" rel=\"noreferrer noopener\">UNESCO. BASE DE DATOS DE SITIOS PATRIMONIO DE LA HUMANIDAD<\/a><\/p>\n\n\n\n<p><a href=\"https:\/\/www.unesco.org\/whc\/opgutoc.htm#debut\" target=\"_blank\" rel=\"noreferrer noopener\">UNESCO Operational Guidelines for the Implementation of the World Heritage Convention<\/a><\/p>\n\n\n\n<p><a href=\"https:\/\/www.ipc.gov.ve\/\" target=\"_blank\" rel=\"noreferrer noopener\">VENEZUELA. Instituto de Patrimonio Cultural<\/a><\/p>\n\n\n\n<h3 class=\"wp-block-heading\">Legislaci\u00f3n de Patrimonio Arqueol\u00f3gico<\/h3>\n\n\n\n<p><a href=\"https:\/\/www.e-a-a.org\/Codeprac.htm\" target=\"_blank\" rel=\"noreferrer noopener\">ASOCIACION EUROPEA DE ARQUEOLOGOS. C\u00f3digo de Conducta (1997)<\/a><\/p>\n\n\n\n<p><a href=\"https:\/\/www.international.icomos.org\/under_e.htm\" target=\"_blank\" rel=\"noreferrer noopener\">CONSEJO DE EUROPA. CONVENCION CULTURAL EUROPEA (1954)<\/a><\/p>\n\n\n\n<p><a href=\"https:\/\/www.coe.fr\/eng\/legaltxt\/143e.htm\" target=\"_blank\" rel=\"noreferrer noopener\">CONSEJO DE EUROPA. Convenci\u00f3n para la Protecci\u00f3n del Patrimonio Arqueol\u00f3gico (1969, revisado en 1992)<\/a><\/p>\n\n\n\n<p><a href=\"https:\/\/www.coe.fr\/eng\/legaltxt\/121e.htm\" target=\"_blank\" rel=\"noreferrer noopener\">CONSEJO DE EUROPA. Convenci\u00f3n para la Protecci\u00f3n del Patrimonio Arquitect\u00f3nico de Europa (1985)<\/a><\/p>\n\n\n\n<p><a href=\"https:\/\/www.unesco.org\/culture\/laws\/archaeological\/html_eng\/page1.htm\" target=\"_blank\" rel=\"noreferrer noopener\">UNESCO. Principios Internacionales Aplicables a las Excavaciones Arqueol\u00f3gicas (1956)<\/a><\/p>\n\n\n\n<p><a href=\"https:\/\/www.unesco.org\/whc\/world_he.htm#debut\" target=\"_blank\" rel=\"noreferrer noopener\">UNESCO. Convenci\u00f3n para la Protecci\u00f3n del Patrimonio Cultural y Natural Mundial (1972)<\/a><\/p>\n\n\n\n<p><a href=\"https:\/\/www.international.icomos.org\/e_archae.htm\" target=\"_blank\" rel=\"noreferrer noopener\">UNESCO. ICOMOS Carta de Protecci\u00f3n y Gesti\u00f3n del Patrimonio Arqueol\u00f3gico (1990)<\/a><\/p>\n\n\n\n<p><a href=\"https:\/\/www.international.icomos.org\/under_e.htm\" target=\"_blank\" rel=\"noreferrer noopener\">UNESCO. ICOMOS Carta para la Protecci\u00f3n y Gesti\u00f3n del Patrimonio Cultural Subacu\u00e1tico (1996)<\/a><\/p>\n\n\n\n<p>[\/vc_toggle] [vc_toggle title=\u00bbBioarqueolog\u00eda\u00bb open=\u00bbfalse\u00bb el_position=\u00bblast\u00bb]<\/p>\n\n\n\n<p><a href=\"https:\/\/www.ucm.es\/info\/aep\/\" target=\"_blank\" rel=\"noreferrer noopener\">Sociedad Espa\u00f1ola de Paleopatolog\u00eda<\/a><\/p>\n\n\n\n<p><a href=\"https:\/\/www.seaf.net\" target=\"_blank\" rel=\"noreferrer noopener\">Sociedad Espa\u00f1ola de Antropolog\u00eda F\u00edsica<\/a><\/p>\n\n\n\n<p><a href=\"https:\/\/www.bioarqueologia.es\" target=\"_blank\" rel=\"noreferrer noopener\">Asociaci\u00f3n Profesional de Bioarqueolog\u00eda<\/a><\/p>\n\n\n\n<p><a href=\"https:\/\/www.physanth.org\" target=\"_blank\" rel=\"noreferrer noopener\">American Association of Physical Anthropology<\/a><\/p>\n\n\n\n<p><a href=\"https:\/\/www.babao.org.uk\" target=\"_blank\" rel=\"noreferrer noopener\">British Association of Biological Anthropology and Osteoarchaeology<\/a><\/p>\n\n\n\n<p><a href=\"https:\/\/www.paleopathology.org\" target=\"_blank\" rel=\"noreferrer noopener\">Paleopathology Association<\/a><\/p>\n\n\n\n<p><a href=\"https:\/\/www.aranzadi-sciences.org\" target=\"_blank\" rel=\"noreferrer noopener\">Sociedad de Ciencias Aranzadi<\/a><\/p>\n\n\n\n<p><a href=\"https:\/\/onlinelibrary.wiley.com\/journal\/10.1002\/%28ISSN%291096-8644\" target=\"_blank\" rel=\"noreferrer noopener\">American Journal of Physical Anthropology<\/a><\/p>\n\n\n\n<p><a href=\"https:\/\/onlinelibrary.wiley.com\/journal\/10.1002\/%28ISSN%291099-1212\" target=\"_blank\" rel=\"noreferrer noopener\">International Journal of Osteoarchaeology<\/a><\/p>\n\n\n\n<p><a href=\"https:\/\/www.journals.elsevier.com\/international-journal-of-paleopathology\/\" target=\"_blank\" rel=\"noreferrer noopener\">International Journal of Paleopathology<\/a><\/p>\n\n\n\n<p><a href=\"https:\/\/www.seaf.net\/reaf\/\" target=\"_blank\" rel=\"noreferrer noopener\">Revista Espa\u00f1ola de Antropolog\u00eda F\u00edsica<\/a><\/p>\n\n\n\n<p><a href=\"https:\/\/www.journals.elsevier.com\/journal-of-human-evolution\/\" target=\"_blank\" rel=\"noreferrer noopener\">Journal of Human Evolution<\/a><\/p>\n\n\n\n<p><a href=\"https:\/\/www.pnas.org\/\" target=\"_blank\" rel=\"noreferrer noopener\">Proceeding of the NationalAcademy of Sciences<\/a><\/p>\n\n\n\n<p><a href=\"https:\/\/issuu.com\/joponline\" target=\"_blank\" rel=\"noreferrer noopener\">Journal of Paleopathology<\/a><\/p>\n\n\n\n<p><a href=\"https:\/\/www.springer.com\/life+sciences\/evolutionary+%26+developmental+biology\/journal\/13219\" target=\"_blank\" rel=\"noreferrer noopener\">Bulletins et m\u00e9moires de la Soci\u00e9t\u00e9 d&#8217;anthropologie de Paris<\/a><\/p>\n\n\n\n<p><a href=\"https:\/\/onlinelibrary.wiley.com\/journal\/10.1111\/%28ISSN%291556-4029\" target=\"_blank\" rel=\"noreferrer noopener\">Journal of Forensic Sciences<\/a><\/p>\n\n\n\n<p><a href=\"https:\/\/www.nature.com\/nature\/index.html\" target=\"_blank\" rel=\"noreferrer noopener\">Nature<\/a><\/p>\n\n\n\n<p><a href=\"https:\/\/www.ucm.es\/info\/aep\/contenido.htm\" target=\"_blank\" rel=\"noreferrer noopener\">Paleopatolog\u00eda<\/a><\/p>\n\n\n\n<p><a href=\"https:\/\/informahealthcare.com\/journal\/ahb\" target=\"_blank\" rel=\"noreferrer noopener\">Annals of Human Biology<\/a><\/p>\n","protected":false},"excerpt":{"rendered":"<p>Organismos Oficiales ESTADOS UNIDOS. Geological Survey FRANCIA. INSTITUTE GEOGRAPHIQUE NATIONAL ESPA\u00d1A. IGN (Instituto Geogr\u00e1fico Nacional) REINO UNIDO. ORDNANCE SURVEY Proyectos [&hellip;]<\/p>\n","protected":false},"author":0,"featured_media":0,"parent":0,"menu_order":0,"comment_status":"open","ping_status":"open","template":"","meta":{"_uag_custom_page_level_css":"","site-sidebar-layout":"default","site-content-layout":"","ast-site-content-layout":"default","site-content-style":"default","site-sidebar-style":"default","ast-global-header-display":"","ast-banner-title-visibility":"","ast-main-header-display":"","ast-hfb-above-header-display":"","ast-hfb-below-header-display":"","ast-hfb-mobile-header-display":"","site-post-title":"","ast-breadcrumbs-content":"","ast-featured-img":"","footer-sml-layout":"","theme-transparent-header-meta":"","adv-header-id-meta":"","stick-header-meta":"","header-above-stick-meta":"","header-main-stick-meta":"","header-below-stick-meta":"","astra-migrate-meta-layouts":"default","ast-page-background-enabled":"default","ast-page-background-meta":{"desktop":{"background-color":"var(--ast-global-color-5)","background-image":"","background-repeat":"repeat","background-position":"center center","background-size":"auto","background-attachment":"scroll","background-type":"","background-media":"","overlay-type":"","overlay-color":"","overlay-opacity":"","overlay-gradient":""},"tablet":{"background-color":"","background-image":"","background-repeat":"repeat","background-position":"center center","background-size":"auto","background-attachment":"scroll","background-type":"","background-media":"","overlay-type":"","overlay-color":"","overlay-opacity":"","overlay-gradient":""},"mobile":{"background-color":"","background-image":"","background-repeat":"repeat","background-position":"center center","background-size":"auto","background-attachment":"scroll","background-type":"","background-media":"","overlay-type":"","overlay-color":"","overlay-opacity":"","overlay-gradient":""}},"ast-content-background-meta":{"desktop":{"background-color":"var(--ast-global-color-4)","background-image":"","background-repeat":"repeat","background-position":"center center","background-size":"auto","background-attachment":"scroll","background-type":"","background-media":"","overlay-type":"","overlay-color":"","overlay-opacity":"","overlay-gradient":""},"tablet":{"background-color":"var(--ast-global-color-4)","background-image":"","background-repeat":"repeat","background-position":"center center","background-size":"auto","background-attachment":"scroll","background-type":"","background-media":"","overlay-type":"","overlay-color":"","overlay-opacity":"","overlay-gradient":""},"mobile":{"background-color":"var(--ast-global-color-4)","background-image":"","background-repeat":"repeat","background-position":"center center","background-size":"auto","background-attachment":"scroll","background-type":"","background-media":"","overlay-type":"","overlay-color":"","overlay-opacity":"","overlay-gradient":""}},"footnotes":""},"class_list":["post-53","page","type-page","status-publish","hentry"],"uagb_featured_image_src":{"full":false,"thumbnail":false,"medium":false,"medium_large":false,"large":false,"1536x1536":false,"2048x2048":false},"uagb_author_info":{"display_name":"","author_link":"https:\/\/grupo.us.es\/atlas\/index.php\/author\/"},"uagb_comment_info":0,"uagb_excerpt":"Organismos Oficiales ESTADOS UNIDOS. Geological Survey FRANCIA. INSTITUTE GEOGRAPHIQUE NATIONAL ESPA\u00d1A. IGN (Instituto Geogr\u00e1fico Nacional) REINO UNIDO. ORDNANCE SURVEY Proyectos [&hellip;]","_links":{"self":[{"href":"https:\/\/grupo.us.es\/atlas\/index.php\/wp-json\/wp\/v2\/pages\/53","targetHints":{"allow":["GET"]}}],"collection":[{"href":"https:\/\/grupo.us.es\/atlas\/index.php\/wp-json\/wp\/v2\/pages"}],"about":[{"href":"https:\/\/grupo.us.es\/atlas\/index.php\/wp-json\/wp\/v2\/types\/page"}],"replies":[{"embeddable":true,"href":"https:\/\/grupo.us.es\/atlas\/index.php\/wp-json\/wp\/v2\/comments?post=53"}],"version-history":[{"count":2,"href":"https:\/\/grupo.us.es\/atlas\/index.php\/wp-json\/wp\/v2\/pages\/53\/revisions"}],"predecessor-version":[{"id":4950,"href":"https:\/\/grupo.us.es\/atlas\/index.php\/wp-json\/wp\/v2\/pages\/53\/revisions\/4950"}],"wp:attachment":[{"href":"https:\/\/grupo.us.es\/atlas\/index.php\/wp-json\/wp\/v2\/media?parent=53"}],"curies":[{"name":"wp","href":"https:\/\/api.w.org\/{rel}","templated":true}]}}