{"id":50,"date":"2013-04-18T07:39:58","date_gmt":"2013-04-18T07:39:58","guid":{"rendered":"http:\/\/grupo.us.es\/atlas\/?page_id=50"},"modified":"2025-07-16T14:27:52","modified_gmt":"2025-07-16T12:27:52","slug":"recursos-e","status":"publish","type":"page","link":"https:\/\/grupo.us.es\/atlas\/index.php\/recursos-e\/","title":{"rendered":"Recursos-e"},"content":{"rendered":"\n<h2 class=\"wp-block-heading\"><a href=\"https:\/\/institucional.us.es\/arca\/\" target=\"_blank\" rel=\"noreferrer noopener\"><\/a> <a href=\"https:\/\/institucional.us.es\/arca\/\" target=\"_blank\" rel=\"noreferrer noopener\">Base de datos ARCA<\/a><\/h2>\n\n\n\n<p>La Base de Datos <em>ARCA<\/em> (<strong>Ar<\/strong>chivo de <strong>C<\/strong>ontextos <strong>A<\/strong>rqueol\u00f3gicos) es un recurso en l\u00ednea inaugurado en 2012 que permite acceder, consultar y editar un banco de datos con informaci\u00f3n concerniente a m\u00e1s de 2000 yacimientos arqueol\u00f3gicos ubicados en las regiones del sur de Espa\u00f1a en las que el Grupo de Investigaci\u00f3n ATLAS ha realizado investigaciones de campo, especialmente prospecciones y excavaciones, incluyendo Sierra Morena Occidental, Bajo Valle del Guadalquivir, Cuenca Media del Guadiana, Tierras de Antequera, etc.<\/p>\n\n\n\n<h2 class=\"wp-block-heading\"><a href=\"https:\/\/grupo.us.es\/atlas\/wp-content\/uploads\/2013\/12\/Dibujo.jpg\"><\/a><a href=\"https:\/\/acrg.soton.ac.uk\/people\/marta-diaz-guardamino-uribe\/#posts\" target=\"_blank\" rel=\"noreferrer noopener\">Blog de Marta D\u00edaz-Guardamino Uribe&nbsp;en el ARCG<\/a><\/h2>\n\n\n\n<p>Nuestra compa\u00f1era Marta D\u00edaz-Guardamino Uribe participa en el blog del <a href=\"https:\/\/acrg.soton.ac.uk\/\" target=\"_blank\" rel=\"noreferrer noopener\">Archaeological Computing Research Group<\/a> con diversas entradas relativas al estudio de la Prehistoria Reciente como \u00ab<a href=\"https:\/\/acrg.soton.ac.uk\/blog\/2887\/\" target=\"_blank\" rel=\"noreferrer noopener\">Late Bronze Age Stelae, Craftspeople and Digital Technologies: Some Recent Explorations<\/a>\u00bb o&nbsp;<a href=\"https:\/\/acrg.soton.ac.uk\/blog\/2005\/\" target=\"_blank\" rel=\"noreferrer noopener\">\u00abRTI &amp; a prehistoric pottery sherd from Mirasiviene.\u00bb<\/a>&nbsp;<\/p>\n\n\n\n<h2 class=\"wp-block-heading\"><a href=\"https:\/\/grupo.us.es\/atlas\/wp-content\/uploads\/2013\/12\/Sin-titulo.jpg\"><\/a><a href=\"https:\/\/us.academia.edu\/Departments\/Research_group_ATLAS_territories_and_landscapes_in_the_Late_Prehistory_of_Andalusia\" target=\"_blank\" rel=\"noreferrer noopener\">Perfil del Grupo de Investigaci\u00f3n Atlas en Academia.edu<\/a><\/h2>\n\n\n\n<p>Creamos un perfil para el Grupo Atlas en Academia.edu,&nbsp;el popular sitio de difusi\u00f3n e intercambio de trabajos cient\u00edficos que est\u00e1 experimentando un notable crecimiento. En este perfil, que esperamos ir completando y ampliando en los pr\u00f3ximos meses, es ya posible encontrar y descargar una gran cantidad de separatas electr\u00f3nicas de publicaciones de nuestro grupo de investigaci\u00f3n.<\/p>\n\n\n\n<h2 class=\"wp-block-heading\"><a href=\"http:\/\/grupo.us.es\/phmandalucia\/\" target=\"_blank\" rel=\"noreferrer noopener\">Web Patrimonio Hist\u00f3rico Minero de Andaluc\u00eda<\/a><\/h2>\n\n\n\n<p>El sitio web <em>Patrimonio Hist\u00f3rico Minero de Andaluc\u00eda<\/em> resulta de un Proyecto de Excelencia de la Consejer\u00eda de Innovaci\u00f3n, Ciencia y Empresa de la Junta de Andaluc\u00eda realizado en el periodo 2006-2009 e integra el repositorio de minas \u201cMetallum\u201d con datos sobre sitios mineros y metal\u00fargicos de Andaluc\u00eda.<\/p>\n\n\n\n<h2 class=\"wp-block-heading\"><a href=\"https:\/\/www.aloj.us.es\/rnm185\/\" target=\"_blank\" rel=\"noreferrer noopener\"><\/a><a href=\"https:\/\/www.aloj.us.es\/rnm185\/\" target=\"_blank\" rel=\"noreferrer noopener\">Web Archaeometra<\/a><\/h2>\n\n\n\n<p>El sitio <em>Archaeometra<\/em> resulta del Proyecto Coordinado <em>Desarrollo e Incorporaci\u00f3n en Internet de una Base de DatosArqueom\u00e9tricos de Andaluc\u00eda<\/em> financiado por la Consejer\u00eda de Educaci\u00f3n y Ciencia de la Junta de Andaluc\u00eda en el periodo 2002-2003 con el objetivo de Sistematizar y normalizar toda la informaci\u00f3n publicada hasta la fecha sobre la Arqueometr\u00eda de las cer\u00e1micas arqueol\u00f3gicas en la Comunidad Andaluza, y ponerla a disposici\u00f3n de los investigadores. La recopilaci\u00f3n de informaci\u00f3n realizada permiti\u00f3 realizar un an\u00e1lisis bibliom\u00e9trico de la investigaci\u00f3n en el campo de arqueometr\u00eda cer\u00e1mica dentro de la comunidad aut\u00f3noma andaluza [Cordero Ruiz, T.; Garc\u00eda Sanju\u00e1n, L.; Hurtado P\u00e9rez, V.; Mart\u00edn Ram\u00edrez, J. M.; Polvorinos del R\u00edo, A. y Taylor, R. (2006): \u201c<em>La arqueometr\u00eda de materiales cer\u00e1micos: Una evaluaci\u00f3n de la experiencia andaluza<\/em>.\u201d <em>Trabajos de Prehistoria<\/em> 63 (1), 9-35.]<\/p>\n\n\n\n<h2 class=\"wp-block-heading\"><a href=\"https:\/\/www.valencinaprehistorica.es\" target=\"_blank\" rel=\"noreferrer noopener\"><\/a><a href=\"https:\/\/www.valencinaprehistorica.es\" target=\"_blank\" rel=\"noreferrer noopener\">Web Valencina Prehist\u00f3rica<\/a><\/h2>\n\n\n\n<p>La web Valencina Prehist\u00f3rica fue inaugurada en septiembre de 2010 como colaboraci\u00f3n entre el Grupo de Investigaci\u00f3n ATLAS, el <a href=\"https:\/\/departamento.us.es\/dpreyarq\/web\/\" target=\"_blank\" rel=\"noreferrer noopener\">Departamento de Prehistoria y Arqueolog\u00eda de la Universidad de Sevilla<\/a> y el <a href=\"https:\/\/www.valencinadelaconcepcion.es\/opencms\/opencms\/valencina\" target=\"_blank\" rel=\"noreferrer noopener\">Ayuntamiento de Valencina de la Concepci\u00f3n<\/a> dentro del esfuerzo de colaboraci\u00f3n que, con el apoyo de la <a href=\"https:\/\/www.juntadeandalucia.es\/culturaydeporte\/web\" target=\"_blank\" rel=\"noreferrer noopener\">Consejer\u00eda de Cultura de la Junta de Andaluc\u00eda<\/a>, permiti\u00f3 la realizaci\u00f3n del Congreso Conmemorativo del descubrimiento de La Pastora (1850-2010), entre los d\u00edas 9 y 12 de noviembre de 2010. El Grupo de Investigaci\u00f3n ATLAS tuvo igualmente un importante papel en la edici\u00f3n posterior de las actas de este congreso [Garc\u00eda Sanju\u00e1n, L.; Vargas Jim\u00e9nez, J. M.; Hurtado P\u00e9rez, V.; Ruiz Moreno, T. y Cruz-Au\u00f1\u00f3n Briones, R. (Editores) (2013): <em><a href=\"https:\/\/grupo.us.es\/atlas\/documentos\/recursos-e\/valencina-prehistorica.pdf\" target=\"_blank\" rel=\"noreferrer noopener\">El Asentamiento Prehist\u00f3rico de Valencina de la Concepci\u00f3n (Sevilla): Investigaci\u00f3n y Tutela en el 150 Aniversario del Descubrimiento de La Pastora<\/a>. <\/em>Sevilla, Universidad de Sevilla. ISBN: 978-84-472-1465-5. 589 p\u00e1ginas]<\/p>\n\n\n\n<h2 class=\"wp-block-heading\"><a href=\"https:\/\/huespedes.cica.es\/huespedes\/mapping\/\" target=\"_blank\" rel=\"noreferrer noopener\"><\/a><a href=\"https:\/\/huespedes.cica.es\/huespedes\/mapping\/\" target=\"_blank\" rel=\"noreferrer noopener\">Web Mapping the Future of the Past<\/a><\/h2>\n\n\n\n<p>La web <em>Mapping the Future of the Past<\/em> fue inaugurada en Mayo de 2000 como parte de la reuni\u00f3n internacional del mismo nombre, celebrada en Sevilla (Espa\u00f1a) entre los d\u00edas 27 y 30 de junio de 2000 bajo patrocinio del Programa Raphael (Theme 7<em>, Updating the Practice of Heritage&nbsp; Management<\/em>, Acci\u00f3n 2.2.B, Seminario Internacional) de la Direcci\u00f3n General X de la Comisi\u00f3n Europea. Esta reuni\u00f3n fue organizada por el Grupo de Investigaci\u00f3n ATLAS en colaboraci\u00f3n con el <a href=\"https:\/\/www.iaph.es\/web\/\">Instituto Andaluz del Patrimonio Hist\u00f3rico (IAPH)<\/a> y la <a href=\"https:\/\/www.southampton.ac.uk\/archaeology\">Universidad de Southampton<\/a> (Reino Unido). Los resultados de esta reuni\u00f3n fueron publicados en la obra [Garc\u00eda Sanju\u00e1n, L. y Wheatley, D. (Editores) (2002): <a href=\"mapping-the-future-of-the-past-managing-the-spatial-dimension-of-the-european-archaeological-resource\/\" target=\"_blank\" rel=\"noreferrer noopener\"><em>Mapping the Future of the Past: Managing the Spatial Dimension of the European Archaeological Resource<\/em><\/a>. Sevilla. Universidades de Sevilla y Southampton, Instituto Andaluz del Patrimonio Hist\u00f3rico. ISBN: 84-472-0731-5. 200 p\u00e1ginas.]<\/p>\n\n\n\n<h2 class=\"wp-block-heading\"><a href=\"https:\/\/www.juntadeandalucia.es\/cultura\/worldheritagemegaliths\/\" target=\"_blank\" rel=\"noreferrer noopener\"><\/a><a href=\"https:\/\/www.juntadeandalucia.es\/cultura\/worldheritagemegaliths\/\" target=\"_blank\" rel=\"noreferrer noopener\">Web Megalithic Sites and the World Heritage Convention<\/a><\/h2>\n\n\n\n<p>La web <em>Megalithic Sites and the World Heritage Convention<\/em> fue inaugurada en Julio de 2011 como parte de la reuni\u00f3n de igual nombre que se celebr\u00f3 entre los d\u00edas 20 y 24 de septiembre de 2011 en M\u00e1laga y Antequera (Espa\u00f1a) bajo patrocinio de <a href=\"https:\/\/www.juntadeandalucia.es\/culturaydeporte\/web\" target=\"_blank\" rel=\"noreferrer noopener\">Consejer\u00eda de Cultura de la Junta de Andaluc\u00eda<\/a> y del <a href=\"https:\/\/whc.unesco.org\/\" target=\"_blank\" rel=\"noreferrer noopener\">Centro de Patrimonio Mundial de UNESCO<\/a>. El Grupo de Investigaci\u00f3n ATLAS llev\u00f3 a cabo la coordinaci\u00f3n cient\u00edfica del evento.<\/p>\n\n\n\n<h2 class=\"wp-block-heading\"><a href=\"https:\/\/www.atlasarqueologia.es\/\" target=\"_blank\" rel=\"noreferrer noopener\">ATLAS Arqueolog\u00eda y Patrimonio<\/a><\/h2>\n\n\n\n<p>Atlas Arqueolog\u00eda es una empresa creada por miembros del grupo de investigaci\u00f3n ATLAS, que actualmente ejercen como profesionales libres.<\/p>\n\n\n\n<h2 class=\"wp-block-heading\"><a href=\"https:\/\/grupo.us.es\/atlas\/wp-content\/uploads\/2022\/07\/Captura-de-Pantalla-2022-07-04-a-las-17.58.54.png\"><\/a>&nbsp;<a href=\"https:\/\/redrupestreiberoam.wixsite.com\/reiimar\">Red Iberoamericana de Investigaci\u00f3n Rupestre<\/a><\/h2>\n\n\n\n<p>Nuestra compa\u00f1era Aline Lara dirige la Red Iberoamericana de Investigaci\u00f3n en Manifestaciones Rupestres en Am\u00e9rica Latina.<\/p>\n","protected":false},"excerpt":{"rendered":"<p>Base de datos ARCA La Base de Datos ARCA (Archivo de Contextos Arqueol\u00f3gicos) es un recurso en l\u00ednea inaugurado en [&hellip;]<\/p>\n","protected":false},"author":0,"featured_media":0,"parent":0,"menu_order":0,"comment_status":"open","ping_status":"open","template":"","meta":{"_uag_custom_page_level_css":"","site-sidebar-layout":"default","site-content-layout":"","ast-site-content-layout":"default","site-content-style":"default","site-sidebar-style":"default","ast-global-header-display":"","ast-banner-title-visibility":"","ast-main-header-display":"","ast-hfb-above-header-display":"","ast-hfb-below-header-display":"","ast-hfb-mobile-header-display":"","site-post-title":"","ast-breadcrumbs-content":"","ast-featured-img":"","footer-sml-layout":"","theme-transparent-header-meta":"","adv-header-id-meta":"","stick-header-meta":"","header-above-stick-meta":"","header-main-stick-meta":"","header-below-stick-meta":"","astra-migrate-meta-layouts":"default","ast-page-background-enabled":"default","ast-page-background-meta":{"desktop":{"background-color":"var(--ast-global-color-5)","background-image":"","background-repeat":"repeat","background-position":"center center","background-size":"auto","background-attachment":"scroll","background-type":"","background-media":"","overlay-type":"","overlay-color":"","overlay-opacity":"","overlay-gradient":""},"tablet":{"background-color":"","background-image":"","background-repeat":"repeat","background-position":"center center","background-size":"auto","background-attachment":"scroll","background-type":"","background-media":"","overlay-type":"","overlay-color":"","overlay-opacity":"","overlay-gradient":""},"mobile":{"background-color":"","background-image":"","background-repeat":"repeat","background-position":"center center","background-size":"auto","background-attachment":"scroll","background-type":"","background-media":"","overlay-type":"","overlay-color":"","overlay-opacity":"","overlay-gradient":""}},"ast-content-background-meta":{"desktop":{"background-color":"var(--ast-global-color-4)","background-image":"","background-repeat":"repeat","background-position":"center center","background-size":"auto","background-attachment":"scroll","background-type":"","background-media":"","overlay-type":"","overlay-color":"","overlay-opacity":"","overlay-gradient":""},"tablet":{"background-color":"var(--ast-global-color-4)","background-image":"","background-repeat":"repeat","background-position":"center center","background-size":"auto","background-attachment":"scroll","background-type":"","background-media":"","overlay-type":"","overlay-color":"","overlay-opacity":"","overlay-gradient":""},"mobile":{"background-color":"var(--ast-global-color-4)","background-image":"","background-repeat":"repeat","background-position":"center center","background-size":"auto","background-attachment":"scroll","background-type":"","background-media":"","overlay-type":"","overlay-color":"","overlay-opacity":"","overlay-gradient":""}},"footnotes":""},"class_list":["post-50","page","type-page","status-publish","hentry"],"uagb_featured_image_src":{"full":false,"thumbnail":false,"medium":false,"medium_large":false,"large":false,"1536x1536":false,"2048x2048":false},"uagb_author_info":{"display_name":"","author_link":"https:\/\/grupo.us.es\/atlas\/index.php\/author\/"},"uagb_comment_info":0,"uagb_excerpt":"Base de datos ARCA La Base de Datos ARCA (Archivo de Contextos Arqueol\u00f3gicos) es un recurso en l\u00ednea inaugurado en [&hellip;]","_links":{"self":[{"href":"https:\/\/grupo.us.es\/atlas\/index.php\/wp-json\/wp\/v2\/pages\/50","targetHints":{"allow":["GET"]}}],"collection":[{"href":"https:\/\/grupo.us.es\/atlas\/index.php\/wp-json\/wp\/v2\/pages"}],"about":[{"href":"https:\/\/grupo.us.es\/atlas\/index.php\/wp-json\/wp\/v2\/types\/page"}],"replies":[{"embeddable":true,"href":"https:\/\/grupo.us.es\/atlas\/index.php\/wp-json\/wp\/v2\/comments?post=50"}],"version-history":[{"count":2,"href":"https:\/\/grupo.us.es\/atlas\/index.php\/wp-json\/wp\/v2\/pages\/50\/revisions"}],"predecessor-version":[{"id":4948,"href":"https:\/\/grupo.us.es\/atlas\/index.php\/wp-json\/wp\/v2\/pages\/50\/revisions\/4948"}],"wp:attachment":[{"href":"https:\/\/grupo.us.es\/atlas\/index.php\/wp-json\/wp\/v2\/media?parent=50"}],"curies":[{"name":"wp","href":"https:\/\/api.w.org\/{rel}","templated":true}]}}