{"id":4185,"date":"2013-04-16T14:40:59","date_gmt":"2013-04-16T14:40:59","guid":{"rendered":"http:\/\/grupo.us.es\/atlas\/wordpress\/?page_id=2"},"modified":"2025-08-21T13:30:25","modified_gmt":"2025-08-21T11:30:25","slug":"proyectos","status":"publish","type":"page","link":"https:\/\/grupo.us.es\/atlas\/index.php\/proyectos\/","title":{"rendered":"Proyectos"},"content":{"rendered":"\n<div class=\"wp-block-uagb-container uagb-block-2e4d0ea4 alignfull uagb-is-root-container\"><div class=\"uagb-container-inner-blocks-wrap\">\n<div class=\"wp-block-cover\" style=\"min-height:322px;aspect-ratio:unset;\"><img loading=\"lazy\" decoding=\"async\" width=\"2040\" height=\"462\" class=\"wp-block-cover__image-background wp-image-4087 size-full\" alt=\"\" src=\"https:\/\/grupo.us.es\/atlas\/wp-content\/uploads\/2024\/09\/deposito-ria-huelva.jpg\" data-object-fit=\"cover\"\/><span aria-hidden=\"true\" class=\"wp-block-cover__background has-background-dim\" style=\"background-color:#83755e\"><\/span><div class=\"wp-block-cover__inner-container is-layout-flow wp-block-cover-is-layout-flow\">\n<p class=\"has-text-align-center has-ast-global-color-4-color has-text-color has-link-color has-large-font-size wp-elements-772118108b0dc24f0403677dd3f4dd80\">PROYECTOS<\/p>\n<\/div><\/div>\n<\/div><\/div>\n\n\n<p>&nbsp;<\/p>\n<p><img loading=\"lazy\" decoding=\"async\" class=\"wp-image-2953  alignleft\" src=\"https:\/\/grupo.us.es\/atlas\/wp-content\/uploads\/2020\/07\/Marie-Curie-Actions.jpg\" alt=\"\" width=\"130\" height=\"128\" \/><strong><a href=\"https:\/\/projectwomam.com\/es\/inicio-es\/\" target=\"_blank\" rel=\"noopener\">\u00a0<\/a><\/strong><\/p>\n<p><strong><a href=\"https:\/\/projectwomam.com\/es\/\">WOMAM:<\/a><\/strong><a href=\"https:\/\/projectwomam.com\/es\/\">\u00a0<b>Wo<\/b>men,\u00a0<b>M<\/b>en\u00a0<b>a<\/b>nd\u00a0<b>M<\/b>obility: Understanding Gender Inequality in Prehistory<\/a><\/p>\n<p>Entidad financiadora:\u00a0\u00a0<a href=\"https:\/\/ec.europa.eu\/research\/mariecurieactions\/\" target=\"_blank\" rel=\"noopener\">Marie Sk\u0142odowska-Curie Actions<\/a>, Comisi\u00f3n Europea (2020-2022)<\/p>\n<div id=\"gtx-trans\" style=\"position: absolute; left: 665px; top: 28px;\"><\/div>\n<p>&nbsp;<\/p>\n<p style=\"text-align: justify;\"><img loading=\"lazy\" decoding=\"async\" class=\"alignleft size-full wp-image-1852\" src=\"https:\/\/grupo.us.es\/atlas\/wp-content\/uploads\/2013\/10\/Proyectos-Analisis-comparativo.jpg\" alt=\"An\u00e1lisis comparativo de las din\u00e1micas socioecon\u00f3micas en la prehistoria reciente peninsular (VI-II Milenios AC): el suroeste (HAR2009-14360-C03-03)\" width=\"150\" height=\"100\" \/><a title=\"An\u00e1lisis comparativo de las din\u00e1micas socioecon\u00f3micas en la prehistoria reciente peninsular (VI-II Milenios AC): el suroeste (HAR2009-14360-C03-03)\" href=\"https:\/\/grupo.us.es\/atlas\/proyectos\/analisis-comparativo-de-las-dinamicas-socioeconomicas-en-la-prehistoria-reciente-peninsular-vi-ii-milenios-ac-el-suroeste-har2009-14360-c03-03\/\" target=\"_blank\" rel=\"noopener\">An\u00e1lisis comparativo de las din\u00e1micas socioecon\u00f3micas en la prehistoria reciente peninsular (VI-II Milenios AC): el suroeste (HAR2009-14360-C03-03).<\/a><\/p>\n<p style=\"text-align: justify;\">Entidad Patrocinadora:\u00a0Direcci\u00f3n General de Investigaci\u00f3n del\u00a0<a href=\"https:\/\/www.mec.es\/\" target=\"_blank\" rel=\"noopener\">Ministerio de Educaci\u00f3n y Ciencia<\/a>. (2010-2013).<\/p>\n<p>&nbsp;<\/p>\n<p style=\"text-align: justify;\"><img loading=\"lazy\" decoding=\"async\" class=\"alignnone size-full wp-image-224\" style=\"margin-left: 0px; margin-right: 10px; float: left;\" src=\"https:\/\/grupo.us.es\/atlas\/wp-content\/uploads\/2013\/04\/proyecmin06.jpg\" alt=\"proyecmin06\" width=\"150\" height=\"100\" \/><a title=\"Sociedades, Territorios y Paisajes en la Prehistoria de Antequera\" href=\"https:\/\/grupo.us.es\/atlas\/proyectos\/sociedades-territorios-y-paisajes-en-la-prehistoria-de-antequera\/\" target=\"_blank\" rel=\"noopener\">Sociedades, Territorios y Paisajes en la Prehistoria de Antequera.<\/a><\/p>\n<p style=\"text-align: justify;\">Entidad Patrocinadora:\u00a0Empresa P\u00fablica de Gesti\u00f3n de Programas Culturales\u00a0de la Consejer\u00eda de Cultura de la Junta de Andaluc\u00eda (2007-2012).<\/p>\n<p>&nbsp;<\/p>\n<p style=\"text-align: justify;\"><img loading=\"lazy\" decoding=\"async\" class=\"alignnone size-full wp-image-293\" style=\"margin-left: 0px; margin-right: 10px; float: left;\" src=\"https:\/\/grupo.us.es\/atlas\/wp-content\/uploads\/2013\/04\/proyecmin07.jpg\" alt=\"proyecmin07\" width=\"148\" height=\"100\" \/><a href=\"interacciones-socioeconomicas-en-andalucia-occidental-durante-la-edad-del-hierro-y-epoca-romana-el-conventus-hispalensis-y-el-eje-de-conectividad-onubense\" target=\"_blank\" rel=\"noopener\">Interacciones socioecon\u00f3micas en Andaluc\u00eda occidental durante la Edad del Hierro y \u00c9poca Romana: El\u00a0<i>Conventus Hispalensis<\/i>\u00a0y el Eje de Conectividad Onubense<\/a><\/p>\n<p style=\"text-align: justify;\">Entidad Patrocinadora:\u00a0<a href=\"https:\/\/www.mec.es\/\" target=\"_blank\" rel=\"noopener\">Ministerio de Educaci\u00f3n y Ciencia<\/a>\u00a0(2006-2010).<\/p>\n<p>&nbsp;<\/p>\n<p style=\"text-align: justify;\"><img loading=\"lazy\" decoding=\"async\" class=\"alignleft size-full wp-image-1673\" style=\"margin-top: -3px; margin-bottom: -3px;\" src=\"https:\/\/grupo.us.es\/atlas\/wp-content\/uploads\/2013\/09\/proyecto-patrimonio-historico-minero-andalucia.png\" alt=\"Proyecto patrimonio hist\u00f3rico minero Andaluc\u00eda\" width=\"150\" height=\"100\" \/><a href=\"http:\/\/grupo.us.es\/phmandalucia\/\" target=\"_blank\" rel=\"noopener\">Patrimonio hist\u00f3rico minero de Andaluc\u00eda (P06-HUM-2159)<\/a><\/p>\n<p style=\"text-align: justify;\">Entidad Patrocinadora: Junta de Andaluc\u00eda\u00a0(2006-2010).<\/p>\n<p>&nbsp;<\/p>\n<p>&nbsp;<\/p>\n<p style=\"text-align: justify;\"><img loading=\"lazy\" decoding=\"async\" class=\"alignnone size-full wp-image-271\" style=\"margin-left: 0px; margin-right: 10px; float: left;\" src=\"https:\/\/grupo.us.es\/atlas\/wp-content\/uploads\/2013\/04\/proyecmin05.jpg\" alt=\"proyecmin05\" width=\"150\" height=\"100\" \/><a title=\"Tecnolog\u00eda de Materiales de Recursos Abi\u00f3ticos en la Prehistoria Reciente (III-II milenios cal ANE) en el Suroeste de Espa\u00f1a\" href=\"https:\/\/grupo.us.es\/atlas\/proyectos\/tecnologia-de-materiales-de-recursos-abioticos-en-la-prehistoria-reciente-iii-ii-milenios-cal-ane-en-el-suroeste-de-espana\/\" target=\"_blank\" rel=\"noopener\">Tecnolog\u00eda de Materiales de Recursos Abi\u00f3ticos en la Prehistoria Reciente (III-II milenios cal ANE) en el Suroeste de Espa\u00f1a.<\/a><\/p>\n<p style=\"text-align: justify;\">Entidad Patrocinadora: Direcci\u00f3n General de Investigaci\u00f3n del\u00a0<a href=\"https:\/\/www.mec.es\/\" target=\"_blank\" rel=\"noopener\">Ministerio de Educaci\u00f3n y Ciencia<\/a>\u00a0(2005-2008).<\/p>\n<p>&nbsp;<\/p>\n<p style=\"text-align: justify;\"><img loading=\"lazy\" decoding=\"async\" class=\"alignnone size-full wp-image-292\" style=\"margin-left: 0px; margin-right: 10px; float: left;\" src=\"https:\/\/grupo.us.es\/atlas\/wp-content\/uploads\/2013\/04\/proyecmin04.jpg\" alt=\"proyecmin04\" width=\"150\" height=\"100\" \/>El Paisaje de las Grandes Piedras. Comunidades Constructoras de Megalitos en Sierra Morena Occidental.<\/p>\n<p style=\"text-align: justify;\">Entidades Patrocinadoras: Comisi\u00f3n Europea, Programa LEADER para el Desarrollo de \u00c1reas Rurales y Universidades de Sevilla, Bradford y Southampton (2000-2002).<\/p>\n<p>&nbsp;<\/p>\n<p style=\"text-align: justify;\"><img loading=\"lazy\" decoding=\"async\" class=\"alignnone size-full wp-image-291\" style=\"margin-left: 0px; margin-right: 10px; float: left;\" src=\"https:\/\/grupo.us.es\/atlas\/wp-content\/uploads\/2013\/04\/proyecmin03.jpg\" alt=\"proyecmin03\" width=\"150\" height=\"100\" \/><a title=\"An\u00e1lisis de la Din\u00e1mica de Ocupaci\u00f3n de la Comarca de Tierra de Barros (Extremadura) entre el IV y el II milenio a.C.\" href=\"https:\/\/grupo.us.es\/atlas\/proyectos\/analisis-de-la-dinamica-de-ocupacion-de-la-comarca-de-tierra-de-barros-extremadura-entre-el-iv-y-el-ii-milenio-a-c\/\" target=\"_blank\" rel=\"noopener\">An\u00e1lisis de la Din\u00e1mica de Ocupaci\u00f3n de la Comarca\u00a0de Tierra de Barros (Extremadura) entre el IV y el II milenio a.C.<\/a><\/p>\n<p style=\"text-align: justify;\">Entidad Patrocinadora: Consejer\u00eda de Cultura de la Junta de Extremadura (2001-2003).<\/p>\n<p>&nbsp;<\/p>\n<p style=\"text-align: justify;\"><img loading=\"lazy\" decoding=\"async\" class=\"alignnone size-full wp-image-290\" style=\"margin-left: 0px; margin-right: 10px; float: left;\" src=\"https:\/\/grupo.us.es\/atlas\/wp-content\/uploads\/2013\/04\/proyecmin02.jpg\" alt=\"proyecmin02\" width=\"150\" height=\"100\" \/><a href=\"https:\/\/www.aloj.us.es\/rnm185\/\" target=\"_blank\" rel=\"noopener\"><i>Archeometra<\/i>. Base de Datos de Resultados de Arqueometr\u00eda de Materiales Cer\u00e1micos en Andaluc\u00eda<\/a>.<\/p>\n<p style=\"text-align: justify;\">Entidad Patrocinadora: Consejer\u00eda de Educaci\u00f3n y Ciencia de la Junta de Andaluc\u00eda. Acci\u00f3n Coordinada Grupos HUM-694 y RNM-185 (2002-2003).<\/p>\n<p>&nbsp;<\/p>\n<p style=\"text-align: justify;\"><img loading=\"lazy\" decoding=\"async\" class=\"alignnone size-full wp-image-289\" style=\"margin-left: 0px; margin-right: 10px; float: left;\" src=\"https:\/\/grupo.us.es\/atlas\/wp-content\/uploads\/2013\/04\/proyecmin01.jpg\" alt=\"proyecmin01\" width=\"150\" height=\"100\" \/>Reuni\u00f3n de Trabajo Europea.\u00a0<a href=\"https:\/\/www.cica.es\/aliens\/mapping\" target=\"_blank\" rel=\"noopener\">Mapping the Future of the Past<\/a>\u00a0(Sevilla, 27-30 de Junio 2000).<\/p>\n<p style=\"text-align: justify;\">Entidad Patrocinadora: Comisi\u00f3n Europea, Direcci\u00f3n General X (Raphael Programme 1999, Theme 7:\u00a0<i>Updating the Practice of Heritage Management<\/i>. Acci\u00f3n 2.2.B, Seminario Internacional).<\/p>\n<p>&nbsp;<\/p>\n\n\n<div class=\"wp-block-uagb-container uagb-block-776f5b4c alignfull uagb-is-root-container\"><div class=\"uagb-container-inner-blocks-wrap\"><\/div><\/div>\n\n\n\n<p><\/p>\n","protected":false},"excerpt":{"rendered":"<p>&nbsp; \u00a0 WOMAM:\u00a0Women,\u00a0Men\u00a0and\u00a0Mobility: Understanding Gender Inequality in Prehistory Entidad financiadora:\u00a0\u00a0Marie Sk\u0142odowska-Curie Actions, Comisi\u00f3n Europea (2020-2022) &nbsp; An\u00e1lisis comparativo de las [&hellip;]<\/p>\n","protected":false},"author":1,"featured_media":0,"parent":0,"menu_order":0,"comment_status":"closed","ping_status":"open","template":"","meta":{"_uag_custom_page_level_css":"","site-sidebar-layout":"default","site-content-layout":"","ast-site-content-layout":"default","site-content-style":"default","site-sidebar-style":"default","ast-global-header-display":"","ast-banner-title-visibility":"","ast-main-header-display":"","ast-hfb-above-header-display":"","ast-hfb-below-header-display":"","ast-hfb-mobile-header-display":"","site-post-title":"disabled","ast-breadcrumbs-content":"","ast-featured-img":"","footer-sml-layout":"","theme-transparent-header-meta":"default","adv-header-id-meta":"","stick-header-meta":"","header-above-stick-meta":"","header-main-stick-meta":"","header-below-stick-meta":"","astra-migrate-meta-layouts":"set","ast-page-background-enabled":"default","ast-page-background-meta":{"desktop":{"background-color":"var(--ast-global-color-5)","background-image":"","background-repeat":"repeat","background-position":"center center","background-size":"auto","background-attachment":"scroll","background-type":"","background-media":"","overlay-type":"","overlay-color":"","overlay-opacity":"","overlay-gradient":""},"tablet":{"background-color":"","background-image":"","background-repeat":"repeat","background-position":"center center","background-size":"auto","background-attachment":"scroll","background-type":"","background-media":"","overlay-type":"","overlay-color":"","overlay-opacity":"","overlay-gradient":""},"mobile":{"background-color":"","background-image":"","background-repeat":"repeat","background-position":"center center","background-size":"auto","background-attachment":"scroll","background-type":"","background-media":"","overlay-type":"","overlay-color":"","overlay-opacity":"","overlay-gradient":""}},"ast-content-background-meta":{"desktop":{"background-color":"var(--ast-global-color-4)","background-image":"","background-repeat":"repeat","background-position":"center center","background-size":"auto","background-attachment":"scroll","background-type":"","background-media":"","overlay-type":"","overlay-color":"","overlay-opacity":"","overlay-gradient":""},"tablet":{"background-color":"var(--ast-global-color-4)","background-image":"","background-repeat":"repeat","background-position":"center center","background-size":"auto","background-attachment":"scroll","background-type":"","background-media":"","overlay-type":"","overlay-color":"","overlay-opacity":"","overlay-gradient":""},"mobile":{"background-color":"var(--ast-global-color-4)","background-image":"","background-repeat":"repeat","background-position":"center center","background-size":"auto","background-attachment":"scroll","background-type":"","background-media":"","overlay-type":"","overlay-color":"","overlay-opacity":"","overlay-gradient":""}},"footnotes":""},"class_list":["post-4185","page","type-page","status-publish","hentry"],"uagb_featured_image_src":{"full":false,"thumbnail":false,"medium":false,"medium_large":false,"large":false,"1536x1536":false,"2048x2048":false},"uagb_author_info":{"display_name":"adminATLAS","author_link":"https:\/\/grupo.us.es\/atlas\/index.php\/author\/adminatlas\/"},"uagb_comment_info":0,"uagb_excerpt":"&nbsp; \u00a0 WOMAM:\u00a0Women,\u00a0Men\u00a0and\u00a0Mobility: Understanding Gender Inequality in Prehistory Entidad financiadora:\u00a0\u00a0Marie Sk\u0142odowska-Curie Actions, Comisi\u00f3n Europea (2020-2022) &nbsp; An\u00e1lisis comparativo de las [&hellip;]","_links":{"self":[{"href":"https:\/\/grupo.us.es\/atlas\/index.php\/wp-json\/wp\/v2\/pages\/4185","targetHints":{"allow":["GET"]}}],"collection":[{"href":"https:\/\/grupo.us.es\/atlas\/index.php\/wp-json\/wp\/v2\/pages"}],"about":[{"href":"https:\/\/grupo.us.es\/atlas\/index.php\/wp-json\/wp\/v2\/types\/page"}],"author":[{"embeddable":true,"href":"https:\/\/grupo.us.es\/atlas\/index.php\/wp-json\/wp\/v2\/users\/1"}],"replies":[{"embeddable":true,"href":"https:\/\/grupo.us.es\/atlas\/index.php\/wp-json\/wp\/v2\/comments?post=4185"}],"version-history":[{"count":9,"href":"https:\/\/grupo.us.es\/atlas\/index.php\/wp-json\/wp\/v2\/pages\/4185\/revisions"}],"predecessor-version":[{"id":5250,"href":"https:\/\/grupo.us.es\/atlas\/index.php\/wp-json\/wp\/v2\/pages\/4185\/revisions\/5250"}],"wp:attachment":[{"href":"https:\/\/grupo.us.es\/atlas\/index.php\/wp-json\/wp\/v2\/media?parent=4185"}],"curies":[{"name":"wp","href":"https:\/\/api.w.org\/{rel}","templated":true}]}}