{"id":4118,"date":"2025-08-26T13:49:29","date_gmt":"2025-08-26T11:49:29","guid":{"rendered":"https:\/\/grupo.us.es\/atlas\/?page_id=4118"},"modified":"2025-08-26T13:49:29","modified_gmt":"2025-08-26T11:49:29","slug":"juan-manuel-vargas-jimenez","status":"publish","type":"page","link":"https:\/\/grupo.us.es\/atlas\/index.php\/juan-manuel-vargas-jimenez\/","title":{"rendered":"Juan Manuel Vargas Jim\u00e9nez"},"content":{"rendered":"\n<figure class=\"wp-block-image size-full\"><img loading=\"lazy\" decoding=\"async\" width=\"150\" height=\"150\" src=\"https:\/\/grupo.us.es\/atlas\/wp-content\/uploads\/2025\/08\/juan-vargas.jpg\" alt=\"\" class=\"wp-image-5282\"\/><\/figure>\n\n\n\n<p>Titulaci\u00f3n<\/p>\n\n\n\n<p>Doctor en Historia, Universidad de Sevilla.<\/p>\n\n\n\n<p>Biograf\u00eda<\/p>\n\n\n\n<p>Juan Manuel Vargas Jim\u00e9nez es doctor en Historia con menci\u00f3n de doctorado industrial por la Universidad de Sevilla. Postgrado en Comunicaci\u00f3n y Educaci\u00f3n en Museos en la Universidad de Granada. Ha dirigido m\u00e1s de una treintena de excavaciones arqueol\u00f3gicas y trabajado en diferentes planes de protecci\u00f3n de distintos yacimientos. Desde el a\u00f1o 2001 se encuentra vinculado al yacimiento prehist\u00f3rico de Valencina no solo desde el \u00e1mbito de la gesti\u00f3n patrimonial sino tambi\u00e9n de la investigaci\u00f3n.<\/p>\n\n\n\n<p>L\u00edneas de investigaci\u00f3n<\/p>\n\n\n\n<p>Sus l\u00edneas de investigaci\u00f3n principales se centran en la conservaci\u00f3n, protecci\u00f3n y difusi\u00f3n del patrimonio arqueol\u00f3gico, la prehistoria reciente y la geoarqueolog\u00eda.<\/p>\n\n\n\n<p>Dedicaci\u00f3n actual<\/p>\n\n\n\n<p>Arque\u00f3logo municipal de Valencina de la Concepci\u00f3n y director conservador del museo municipal.<\/p>\n\n\n\n<p>Publicaciones m\u00e1s relevantes<\/p>\n\n\n\n<ol class=\"wp-block-list\">\n<li>Mu\u00f1iz Guinea, F., C\u00e1ceres Puro, L., D\u00edaz-Zorita Bonilla, M., Vargas Jim\u00e9nez, J.M., Bocherens, H., Nebelsick, J.H., Donaire Romero, T. and Rodr\u00edguez Vidal, J. (2022): \u201cEnvironmental Implications and Chalcolithic Ornamental Use of Marine Barnacle Shells Present in the Tholos of \u2018La Pastora\u2019 (Valencina de la Concepci\u00f3n, Sevilla, Spain)\u201d, Environmental Archaeology, 27:5, 496-507, DOI: 10.1080\/14614103.2021.1891813.<\/li>\n\n\n\n<li>Vargas Jim\u00e9nez, J.M. (2021): \u201cEl patrimonio prehist\u00f3rico de Valencina desde la perspectiva de la acci\u00f3n municipal\u201d, XIV Jornadas de patrimonio hist\u00f3rico y cultural de la provincia de Sevilla. Patrimonio arqueol\u00f3gico y activaci\u00f3n local. Sevilla, pp. 173 \u2013 200.<\/li>\n\n\n\n<li>Vargas Jim\u00e9nez, J.M. (2021): El Tholos de La Pastora, un monumento megal\u00edtico singular del yacimiento prehist\u00f3rico de Valencina. Arquitectura, geoarqueolog\u00eda y contexto. Sevilla. Museo de Valencina. Diputaci\u00f3n de Sevilla.<\/li>\n\n\n\n<li>C\u00e1ceres, L. M., J. M. Vargas, F. Mu\u00f1iz, T. Donaire, L. Garc\u00eda-Sanju\u00e1n, C. Odriozola, and J. Rodr\u00edguez-Vidal (2019): \u201cNatural Megalithic Art at Valencina (Seville): A Geoarchaeological Approach to Stone, Architecture, and Cultural Choice in Copper Age Iberia.\u201dEnvironmental archaeology 505. Archaeological and Anthropological Sciences 11 (9): 4621\u2013 4641. doi:10.1007\/s12520-019-00870-z.<\/li>\n\n\n\n<li>Garc\u00eda Sanju\u00e1n, L., J. M. Vargas Jim\u00e9nez, L. M. C\u00e1ceres Puro, M. E. Costa Caram\u00e9, M. D\u00edaz-Guardamino, M. D\u00edaz-Zorita Bonilla et al. (2018): \u201cAssembling the Dead, Gathering the Living: Radiocarbon Dating and Bayesian Modeling for Copper Age Valencina de la Concepci\u00f3n (Sevilla, Spain).\u201d Journal of World Prehistory 31: 179\u2013313. DOI:10.1007\/s10963-018-9114-2gado A.; Lozano. A. (2015): \u201cLong-distance contacts in Northwestern Iberia during the III Millennium B.C.\u201d In Prieto Martinez, P.; Salanova, L. (Editors):\u00a0<em>From Atlantic to Ural: mobility and local evolution during the 3rd millennium BC in Europe<\/em>, 127 \u2013 139.<\/li>\n<\/ol>\n\n\n\n<p>Otros perfiles<\/p>\n\n\n\n<p><a href=\"https:\/\/xn--valencinadelaconcepcin-ggc.academia.edu\/JuanManuelVargasJim%C3%A9nez\">Perfil en Academia.edu<\/a><\/p>\n","protected":false},"excerpt":{"rendered":"<p>Titulaci\u00f3n Doctor en Historia, Universidad de Sevilla. Biograf\u00eda Juan Manuel Vargas Jim\u00e9nez es doctor en Historia con menci\u00f3n de doctorado [&hellip;]<\/p>\n","protected":false},"author":0,"featured_media":0,"parent":0,"menu_order":0,"comment_status":"closed","ping_status":"closed","template":"","meta":{"_uag_custom_page_level_css":"","site-sidebar-layout":"default","site-content-layout":"","ast-site-content-layout":"default","site-content-style":"default","site-sidebar-style":"default","ast-global-header-display":"","ast-banner-title-visibility":"","ast-main-header-display":"","ast-hfb-above-header-display":"","ast-hfb-below-header-display":"","ast-hfb-mobile-header-display":"","site-post-title":"","ast-breadcrumbs-content":"","ast-featured-img":"","footer-sml-layout":"","theme-transparent-header-meta":"","adv-header-id-meta":"","stick-header-meta":"","header-above-stick-meta":"","header-main-stick-meta":"","header-below-stick-meta":"","astra-migrate-meta-layouts":"default","ast-page-background-enabled":"default","ast-page-background-meta":{"desktop":{"background-color":"var(--ast-global-color-5)","background-image":"","background-repeat":"repeat","background-position":"center center","background-size":"auto","background-attachment":"scroll","background-type":"","background-media":"","overlay-type":"","overlay-color":"","overlay-opacity":"","overlay-gradient":""},"tablet":{"background-color":"","background-image":"","background-repeat":"repeat","background-position":"center center","background-size":"auto","background-attachment":"scroll","background-type":"","background-media":"","overlay-type":"","overlay-color":"","overlay-opacity":"","overlay-gradient":""},"mobile":{"background-color":"","background-image":"","background-repeat":"repeat","background-position":"center center","background-size":"auto","background-attachment":"scroll","background-type":"","background-media":"","overlay-type":"","overlay-color":"","overlay-opacity":"","overlay-gradient":""}},"ast-content-background-meta":{"desktop":{"background-color":"var(--ast-global-color-4)","background-image":"","background-repeat":"repeat","background-position":"center center","background-size":"auto","background-attachment":"scroll","background-type":"","background-media":"","overlay-type":"","overlay-color":"","overlay-opacity":"","overlay-gradient":""},"tablet":{"background-color":"var(--ast-global-color-4)","background-image":"","background-repeat":"repeat","background-position":"center center","background-size":"auto","background-attachment":"scroll","background-type":"","background-media":"","overlay-type":"","overlay-color":"","overlay-opacity":"","overlay-gradient":""},"mobile":{"background-color":"var(--ast-global-color-4)","background-image":"","background-repeat":"repeat","background-position":"center center","background-size":"auto","background-attachment":"scroll","background-type":"","background-media":"","overlay-type":"","overlay-color":"","overlay-opacity":"","overlay-gradient":""}},"footnotes":""},"class_list":["post-4118","page","type-page","status-publish","hentry"],"uagb_featured_image_src":{"full":false,"thumbnail":false,"medium":false,"medium_large":false,"large":false,"1536x1536":false,"2048x2048":false},"uagb_author_info":{"display_name":"","author_link":"https:\/\/grupo.us.es\/atlas\/index.php\/author\/"},"uagb_comment_info":0,"uagb_excerpt":"Titulaci\u00f3n Doctor en Historia, Universidad de Sevilla. Biograf\u00eda Juan Manuel Vargas Jim\u00e9nez es doctor en Historia con menci\u00f3n de doctorado [&hellip;]","_links":{"self":[{"href":"https:\/\/grupo.us.es\/atlas\/index.php\/wp-json\/wp\/v2\/pages\/4118","targetHints":{"allow":["GET"]}}],"collection":[{"href":"https:\/\/grupo.us.es\/atlas\/index.php\/wp-json\/wp\/v2\/pages"}],"about":[{"href":"https:\/\/grupo.us.es\/atlas\/index.php\/wp-json\/wp\/v2\/types\/page"}],"replies":[{"embeddable":true,"href":"https:\/\/grupo.us.es\/atlas\/index.php\/wp-json\/wp\/v2\/comments?post=4118"}],"version-history":[{"count":1,"href":"https:\/\/grupo.us.es\/atlas\/index.php\/wp-json\/wp\/v2\/pages\/4118\/revisions"}],"predecessor-version":[{"id":5456,"href":"https:\/\/grupo.us.es\/atlas\/index.php\/wp-json\/wp\/v2\/pages\/4118\/revisions\/5456"}],"wp:attachment":[{"href":"https:\/\/grupo.us.es\/atlas\/index.php\/wp-json\/wp\/v2\/media?parent=4118"}],"curies":[{"name":"wp","href":"https:\/\/api.w.org\/{rel}","templated":true}]}}