{"id":373,"date":"2013-04-25T15:53:34","date_gmt":"2013-04-25T15:53:34","guid":{"rendered":"http:\/\/grupo.us.es\/atlas\/?page_id=373"},"modified":"2025-08-21T13:33:58","modified_gmt":"2025-08-21T11:33:58","slug":"descripcion","status":"publish","type":"page","link":"https:\/\/grupo.us.es\/atlas\/index.php\/descripcion\/","title":{"rendered":"Descripci\u00f3n"},"content":{"rendered":"\n<div class=\"wp-block-uagb-container uagb-block-c5bee7b9 alignfull uagb-is-root-container\"><div class=\"uagb-container-inner-blocks-wrap\">\n<div class=\"wp-block-cover\" style=\"min-height:349px;aspect-ratio:unset;\"><img loading=\"lazy\" decoding=\"async\" width=\"1024\" height=\"555\" class=\"wp-block-cover__image-background wp-image-4751 size-large\" alt=\"\" src=\"https:\/\/grupo.us.es\/atlas\/wp-content\/uploads\/2025\/07\/IMAGEN-INICIO-1.7-2-1024x555.png\" data-object-fit=\"cover\" srcset=\"https:\/\/grupo.us.es\/atlas\/wp-content\/uploads\/2025\/07\/IMAGEN-INICIO-1.7-2-1024x555.png 1024w, https:\/\/grupo.us.es\/atlas\/wp-content\/uploads\/2025\/07\/IMAGEN-INICIO-1.7-2-300x163.png 300w, https:\/\/grupo.us.es\/atlas\/wp-content\/uploads\/2025\/07\/IMAGEN-INICIO-1.7-2-768x416.png 768w, https:\/\/grupo.us.es\/atlas\/wp-content\/uploads\/2025\/07\/IMAGEN-INICIO-1.7-2.png 1200w\" sizes=\"auto, (max-width: 1024px) 100vw, 1024px\" \/><span aria-hidden=\"true\" class=\"wp-block-cover__background has-background-dim\"><\/span><div class=\"wp-block-cover__inner-container is-layout-flow wp-block-cover-is-layout-flow\">\n<p class=\"has-text-align-center has-ast-global-color-4-color has-text-color has-link-color has-large-font-size wp-elements-6d2f0141415a40236e9a67e301561c70\">DESCRIPCI\u00d3N<\/p>\n<\/div><\/div>\n<\/div><\/div>\n\n\n\n<div class=\"wp-block-buttons is-vertical is-content-justification-center is-layout-flex wp-container-core-buttons-is-layout-ce155fab wp-block-buttons-is-layout-flex\">\n<div class=\"wp-block-button\"><a class=\"wp-block-button__link has-ast-global-color-4-color has-ast-global-color-1-background-color has-text-color has-background has-link-color wp-element-button\" href=\"https:\/\/grupo.us.es\/atlas\/index.php\/descripcion\/integrantes\/\" style=\"border-style:none;border-width:0px\">INTEGRANTES<\/a><\/div>\n<\/div>\n\n\n\n<p class=\"has-text-align-center\">Relaci\u00f3n de miembros del Grupo de Investigaci\u00f3n.<\/p>\n\n\n\n<div class=\"wp-block-buttons is-vertical is-content-justification-center is-layout-flex wp-container-core-buttons-is-layout-ce155fab wp-block-buttons-is-layout-flex\">\n<div class=\"wp-block-button\"><a class=\"wp-block-button__link has-ast-global-color-4-color has-ast-global-color-1-background-color has-text-color has-background has-link-color wp-element-button\" href=\"https:\/\/grupo.us.es\/atlas\/index.php\/descripcion\/perfil-epistemologico\/\" style=\"border-style:none;border-width:0px\">Perfil epistemol\u00f3gico<\/a><\/div>\n<\/div>\n\n\n\n<p class=\"has-text-align-center\">Orientaci\u00f3n epistemol\u00f3gico del Grupo, \u00e1reas de inter\u00e9s cient\u00edfico y l\u00edneas de trabajo.<\/p>\n\n\n\n<div class=\"wp-block-buttons is-vertical is-content-justification-center is-layout-flex wp-container-core-buttons-is-layout-ce155fab wp-block-buttons-is-layout-flex\">\n<div class=\"wp-block-button\"><a class=\"wp-block-button__link has-ast-global-color-4-color has-ast-global-color-1-background-color has-text-color has-background has-link-color wp-element-button\" href=\"https:\/\/grupo.us.es\/atlas\/index.php\/descripcion\/financiacion\/\" style=\"border-style:none;border-width:0px\">Financiaci\u00f3n<\/a><\/div>\n<\/div>\n\n\n\n<p class=\"has-text-align-center\">Fuentes e importes de los contratos, ayudas y subvenciones obtenidos por el Grupo.<\/p>\n\n\n\n<p><\/p>\n","protected":false},"excerpt":{"rendered":"<p>Relaci\u00f3n de miembros del Grupo de Investigaci\u00f3n. Orientaci\u00f3n epistemol\u00f3gico del Grupo, \u00e1reas de inter\u00e9s cient\u00edfico y l\u00edneas de trabajo. Fuentes [&hellip;]<\/p>\n","protected":false},"author":1,"featured_media":0,"parent":0,"menu_order":0,"comment_status":"closed","ping_status":"open","template":"","meta":{"_uag_custom_page_level_css":"","site-sidebar-layout":"default","site-content-layout":"","ast-site-content-layout":"default","site-content-style":"default","site-sidebar-style":"default","ast-global-header-display":"","ast-banner-title-visibility":"","ast-main-header-display":"","ast-hfb-above-header-display":"","ast-hfb-below-header-display":"","ast-hfb-mobile-header-display":"","site-post-title":"disabled","ast-breadcrumbs-content":"","ast-featured-img":"","footer-sml-layout":"","theme-transparent-header-meta":"default","adv-header-id-meta":"","stick-header-meta":"","header-above-stick-meta":"","header-main-stick-meta":"","header-below-stick-meta":"","astra-migrate-meta-layouts":"set","ast-page-background-enabled":"default","ast-page-background-meta":{"desktop":{"background-color":"var(--ast-global-color-5)","background-image":"","background-repeat":"repeat","background-position":"center center","background-size":"auto","background-attachment":"scroll","background-type":"","background-media":"","overlay-type":"","overlay-color":"","overlay-opacity":"","overlay-gradient":""},"tablet":{"background-color":"","background-image":"","background-repeat":"repeat","background-position":"center center","background-size":"auto","background-attachment":"scroll","background-type":"","background-media":"","overlay-type":"","overlay-color":"","overlay-opacity":"","overlay-gradient":""},"mobile":{"background-color":"","background-image":"","background-repeat":"repeat","background-position":"center center","background-size":"auto","background-attachment":"scroll","background-type":"","background-media":"","overlay-type":"","overlay-color":"","overlay-opacity":"","overlay-gradient":""}},"ast-content-background-meta":{"desktop":{"background-color":"var(--ast-global-color-4)","background-image":"","background-repeat":"repeat","background-position":"center center","background-size":"auto","background-attachment":"scroll","background-type":"","background-media":"","overlay-type":"","overlay-color":"","overlay-opacity":"","overlay-gradient":""},"tablet":{"background-color":"var(--ast-global-color-4)","background-image":"","background-repeat":"repeat","background-position":"center center","background-size":"auto","background-attachment":"scroll","background-type":"","background-media":"","overlay-type":"","overlay-color":"","overlay-opacity":"","overlay-gradient":""},"mobile":{"background-color":"var(--ast-global-color-4)","background-image":"","background-repeat":"repeat","background-position":"center center","background-size":"auto","background-attachment":"scroll","background-type":"","background-media":"","overlay-type":"","overlay-color":"","overlay-opacity":"","overlay-gradient":""}},"footnotes":""},"class_list":["post-373","page","type-page","status-publish","hentry"],"uagb_featured_image_src":{"full":false,"thumbnail":false,"medium":false,"medium_large":false,"large":false,"1536x1536":false,"2048x2048":false},"uagb_author_info":{"display_name":"adminATLAS","author_link":"https:\/\/grupo.us.es\/atlas\/index.php\/author\/adminatlas\/"},"uagb_comment_info":0,"uagb_excerpt":"Relaci\u00f3n de miembros del Grupo de Investigaci\u00f3n. Orientaci\u00f3n epistemol\u00f3gico del Grupo, \u00e1reas de inter\u00e9s cient\u00edfico y l\u00edneas de trabajo. Fuentes [&hellip;]","_links":{"self":[{"href":"https:\/\/grupo.us.es\/atlas\/index.php\/wp-json\/wp\/v2\/pages\/373","targetHints":{"allow":["GET"]}}],"collection":[{"href":"https:\/\/grupo.us.es\/atlas\/index.php\/wp-json\/wp\/v2\/pages"}],"about":[{"href":"https:\/\/grupo.us.es\/atlas\/index.php\/wp-json\/wp\/v2\/types\/page"}],"author":[{"embeddable":true,"href":"https:\/\/grupo.us.es\/atlas\/index.php\/wp-json\/wp\/v2\/users\/1"}],"replies":[{"embeddable":true,"href":"https:\/\/grupo.us.es\/atlas\/index.php\/wp-json\/wp\/v2\/comments?post=373"}],"version-history":[{"count":38,"href":"https:\/\/grupo.us.es\/atlas\/index.php\/wp-json\/wp\/v2\/pages\/373\/revisions"}],"predecessor-version":[{"id":5253,"href":"https:\/\/grupo.us.es\/atlas\/index.php\/wp-json\/wp\/v2\/pages\/373\/revisions\/5253"}],"wp:attachment":[{"href":"https:\/\/grupo.us.es\/atlas\/index.php\/wp-json\/wp\/v2\/media?parent=373"}],"curies":[{"name":"wp","href":"https:\/\/api.w.org\/{rel}","templated":true}]}}